{"id":119448,"date":"2024-01-17T09:45:49","date_gmt":"2024-01-17T08:45:49","guid":{"rendered":"https:\/\/la-perla.net\/health-and-beauty\/medical-consultation-and-services\/"},"modified":"2025-11-14T11:50:39","modified_gmt":"2025-11-14T10:50:39","slug":"medical-consultation-and-services","status":"publish","type":"page","link":"https:\/\/la-perla.net\/en\/health-and-beauty\/medical-consultation-and-services\/","title":{"rendered":"Medical Service"},"content":{"rendered":"<div class=\"wp-block-columns is-layout-flex wp-container-core-columns-is-layout-1 wp-block-columns-is-layout-flex\"><div class=\"wp-block-column is-layout-flow wp-block-column-is-layout-flow\"><\/div>\n\n<div class=\"wp-block-column is-layout-flow wp-block-column-is-layout-flow\"><\/div><\/div><div style=\"height:20px\" aria-hidden=\"true\" class=\"wp-block-spacer\"><\/div><div class=\"wp-block-columns is-layout-flex wp-container-core-columns-is-layout-2 wp-block-columns-is-layout-flex\"><div class=\"wp-block-column is-layout-flow wp-block-column-is-layout-flow\" style=\"flex-basis:66.66%\"><figure class=\"wp-block-image size-full is-resized\"><img loading=\"lazy\" decoding=\"async\" width=\"610\" height=\"431\" src=\"https:\/\/la-perla.net\/wp-content\/uploads\/2020\/04\/2025_servicio-medico-La-Perla.jpg\" alt=\"\" class=\"wp-image-142736\" style=\"width:735px;height:433px\" srcset=\"https:\/\/la-perla.net\/wp-content\/uploads\/2020\/04\/2025_servicio-medico-La-Perla.jpg 610w, https:\/\/la-perla.net\/wp-content\/uploads\/2020\/04\/2025_servicio-medico-La-Perla-300x212.jpg 300w, https:\/\/la-perla.net\/wp-content\/uploads\/2020\/04\/2025_servicio-medico-La-Perla-540x382.jpg 540w, https:\/\/la-perla.net\/wp-content\/uploads\/2020\/04\/2025_servicio-medico-La-Perla-408x288.jpg 408w, https:\/\/la-perla.net\/wp-content\/uploads\/2020\/04\/2025_servicio-medico-La-Perla-255x180.jpg 255w, https:\/\/la-perla.net\/wp-content\/uploads\/2020\/04\/2025_servicio-medico-La-Perla-555x392.jpg 555w, https:\/\/la-perla.net\/wp-content\/uploads\/2020\/04\/2025_servicio-medico-La-Perla-360x254.jpg 360w, https:\/\/la-perla.net\/wp-content\/uploads\/2020\/04\/2025_servicio-medico-La-Perla-262x185.jpg 262w, https:\/\/la-perla.net\/wp-content\/uploads\/2020\/04\/2025_servicio-medico-La-Perla-600x424.jpg 600w\" sizes=\"(max-width: 610px) 100vw, 610px\" \/><\/figure><\/div>\n\n<div class=\"wp-block-column is-layout-flow wp-block-column-is-layout-flow\" style=\"flex-basis:33.33%\"><h2 class=\"wp-block-heading\">Medical Service<\/h2>\n\n<p>Clinical assessment, diagnosis and\/or treatment of muscular, tendon and joint injuries.<\/p><\/div><\/div><style>.kt-tabs-id119448_da6b59-54 > .kt-tabs-content-wrap > .wp-block-kadence-tab{border-top:4px solid #eeeeee;border-right:4px solid #eeeeee;border-bottom:4px solid #eeeeee;border-left:4px solid #eeeeee;border-top-left-radius:0px;border-top-right-radius:0px;border-bottom-right-radius:0px;border-bottom-left-radius:0px;padding-top:20px;padding-right:20px;padding-bottom:20px;padding-left:20px;min-height:596px;background:#ffffff;}.wp-block-kadence-tabs .kt-tabs-id119448_da6b59-54 > .kt-tabs-title-list li{margin-top:0px;margin-right:-4px;margin-bottom:10px;margin-left:0px;}.wp-block-kadence-tabs .kt-tabs-id119448_da6b59-54 > .kt-tabs-title-list li .kt-tab-title, .wp-block-kadence-tabs .kt-tabs-id119448_da6b59-54 > .kt-tabs-content-wrap > .kt-tabs-accordion-title .kt-tab-title{line-height:1.4em;font-weight:regular;font-style:normal;border-top-width:4px;border-right-width:0px;border-bottom-width:4px;border-left-width:4px;border-top-left-radius:10px;border-top-right-radius:0px;border-bottom-right-radius:0px;border-bottom-left-radius:10px;padding-top:12px;padding-right:8px;padding-bottom:12px;padding-left:20px;border-color:#eeeeee;color:#444444;background:#eeeeee;}.wp-block-kadence-tabs .kt-tabs-id119448_da6b59-54 > .kt-tabs-content-wrap > .kt-tabs-accordion-title .kt-tab-title{margin-top:0px;margin-right:-4px;margin-bottom:10px;margin-left:0px;}.wp-block-kadence-tabs .kt-tabs-id119448_da6b59-54 > .kt-tabs-title-list li .kt-tab-title:hover, .wp-block-kadence-tabs .kt-tabs-id119448_da6b59-54 > .kt-tabs-content-wrap > .kt-tabs-accordion-title .kt-tab-title:hover{border-color:#e9e9e9;color:#444444;background:#e9e9e9;}.wp-block-kadence-tabs .kt-tabs-id119448_da6b59-54 > .kt-tabs-title-list li.kt-tab-title-active .kt-tab-title, .wp-block-kadence-tabs .kt-tabs-id119448_da6b59-54 > .kt-tabs-content-wrap > .kt-tabs-accordion-title.kt-tab-title-active .kt-tab-title{border-color:#eeeeee;color:#444444;background:#ffffff;}@media all and (min-width: 1025px){.wp-block-kadence-tabs .kt-tabs-id119448_da6b59-54{display:flex;}.wp-block-kadence-tabs .kt-tabs-id119448_da6b59-54 > .kt-tabs-title-list{float:none;width:30%;}.wp-block-kadence-tabs .kt-tabs-id119448_da6b59-54 > .kt-tabs-content-wrap{float:none;width:auto;-webkit-flex:1;flex:1;}}@media all and (max-width: 1024px){.kt-tabs-id119448_da6b59-54 > .kt-tabs-content-wrap > .wp-block-kadence-tab{border-top:4px solid #eeeeee;border-right:4px solid #eeeeee;border-bottom:4px solid #eeeeee;border-left:4px solid #eeeeee;}}@media all and (min-width: 768px) and (max-width: 1024px){.wp-block-kadence-tabs .kt-tabs-id119448_da6b59-54{display:flex;}.wp-block-kadence-tabs .kt-tabs-id119448_da6b59-54 > .kt-tabs-title-list{float:none;width:30%;}.wp-block-kadence-tabs .kt-tabs-id119448_da6b59-54 > .kt-tabs-content-wrap{float:none;width:auto;-webkit-flex:1;flex:1;}}@media all and (max-width: 767px){.kt-tabs-id119448_da6b59-54 > .kt-tabs-content-wrap > .wp-block-kadence-tab{border-top:4px solid #eeeeee;border-right:4px solid #eeeeee;border-bottom:4px solid #eeeeee;border-left:4px solid #eeeeee;}}<\/style>\n<div class=\"wp-block-kadence-tabs alignnone\"><div class=\"kt-tabs-wrap kt-tabs-id119448_da6b59-54 kt-tabs-has-2-tabs kt-active-tab-1 kt-tabs-layout-vtabs kt-tabs-tablet-layout-inherit kt-tabs-mobile-layout-accordion kt-tab-alignment-left kt-create-accordion\"><ul class=\"kt-tabs-title-list\"><li id=\"tab-medicalconsultation\" class=\"kt-title-item kt-title-item-1 kt-tabs-svg-show-always kt-tabs-icon-side-right kt-tab-title-active\"><a href=\"#tab-medicalconsultation\" data-tab=\"1\" class=\"kt-tab-title kt-tab-title-1 \"><span class=\"kt-title-text\">Medical Consultation<\/span><\/a><\/li><li id=\"tab-integrativemedicine\" class=\"kt-title-item kt-title-item-2 kt-tabs-svg-show-always kt-tabs-icon-side-right kt-tab-title-inactive\"><a href=\"#tab-integrativemedicine\" data-tab=\"2\" class=\"kt-tab-title kt-tab-title-2 \"><span class=\"kt-title-text\">Integrative Medicine<\/span><\/a><\/li><\/ul><div class=\"kt-tabs-content-wrap\"><div class=\"wp-block-kadence-tab kt-tab-inner-content kt-inner-tab-1 kt-inner-tabff1312-79\"><div class=\"kt-tab-inner-content-inner\"><h3 class=\"wp-block-heading\">Medical consultation<\/h3>\n\n<p>Clinical assessment and diagnosis to advise on the most beneficial health techniques.<\/p>\n\n<p><\/p>\n\n<p class=\"has-text-align-center\" style=\"font-size:30px\"><strong><a href=\"https:\/\/la-perla.net\/en\/san-sebastian\/medical-consultation-2\/\">75,00\u20ac<\/a><\/strong><\/p>\n\n<style>.wp-block-kadence-icon.kt-svg-icons119448_cdfea0-a1{justify-content:center;}<\/style>\n<div class=\"wp-block-kadence-icon kt-svg-icons kt-svg-icons119448_cdfea0-a1 alignnone\"><style>.kt-svg-item-119448_00f928-d5 .kb-svg-icon-wrap, .kt-svg-style-stacked.kt-svg-item-119448_00f928-d5 .kb-svg-icon-wrap{color:#444444;font-size:30px;}<\/style>\n<div class=\"wp-block-kadence-single-icon kt-svg-style-default kt-svg-icon-wrap kt-svg-item-119448_00f928-d5\"><a href=\"https:\/\/la-perla.net\/en\/san-sebastian\/medical-consultation-2\/\" class=\"kt-svg-icon-link\" aria-label=\"Medical Consultation\"><span class=\"kb-svg-icon-wrap kb-svg-icon-fe_shoppingCart\"><svg viewBox=\"0 0 24 24\"  fill=\"none\" stroke=\"currentColor\" stroke-width=\"2\" stroke-linecap=\"round\" stroke-linejoin=\"round\" xmlns=\"http:\/\/www.w3.org\/2000\/svg\"  aria-hidden=\"true\"><circle cx=\"9\" cy=\"21\" r=\"1\"\/><circle cx=\"20\" cy=\"21\" r=\"1\"\/><path d=\"M1 1h4l2.68 13.39a2 2 0 0 0 2 1.61h9.72a2 2 0 0 0 2-1.61L23 6H6\"\/><\/svg><\/span><\/a><\/div><\/div>\n\n<p class=\"has-text-align-center\"><a href=\"https:\/\/la-perla.net\/en\/san-sebastian\/medical-consultation-2\/\">BUY<\/a><\/p><\/div><\/div>\n\n<div class=\"wp-block-kadence-tab kt-tab-inner-content kt-inner-tab-2 kt-inner-tab6b136f-cf\"><div class=\"kt-tab-inner-content-inner\"><h2 class=\"wp-block-heading\">Integrative Medicine<\/h2>\n\n<p><\/p>\n\n<ul class=\"wp-block-list\"><li>Acute and chronic pain<\/li>\n\n<li>Musculoskeletal disorders (low back pain, sciatica, osteoarthritis, tendinitis\u2026)<\/li>\n\n<li>Neurological and emotional conditions (migraine, anxiety, stress\u2026)<\/li>\n\n<li>Side effects of cancer treatments (fatigue, insomnia, peripheral neuropathy\u2026)<\/li>\n\n<li>Digestive and endocrine disorders (poor digestion, overweight\u2026)<\/li>\n\n<li>Women\u2019s health (dysmenorrhea, infertility, endometriosis, menopause\u2026)<\/li><\/ul>\n\n<p><\/p>\n\n<figure class=\"wp-block-table is-style-stripes\"><table><tbody><tr><td>Initial consultation<\/td><td class=\"has-text-align-right\" data-align=\"right\">125,00 \u20ac<\/td><\/tr><tr><td>Follow-up consultation:<\/td><td class=\"has-text-align-right\" data-align=\"right\">90,00 \u20ac<\/td><\/tr><\/tbody><\/table><\/figure>\n\n<p class=\"has-text-align-center\" style=\"font-size:30px\"><strong><a href=\"https:\/\/la-perla.net\/en\/san-sebastian\/integrative-medicine\/\">125,00\u20ac<\/a><\/strong><\/p>\n\n<style>.wp-block-kadence-icon.kt-svg-icons119448_f9e19d-61{justify-content:center;}<\/style>\n<div class=\"wp-block-kadence-icon kt-svg-icons kt-svg-icons119448_f9e19d-61 alignnone\"><style>.kt-svg-item-119448_725359-82 .kb-svg-icon-wrap, .kt-svg-style-stacked.kt-svg-item-119448_725359-82 .kb-svg-icon-wrap{color:#444444;font-size:30px;}<\/style>\n<div class=\"wp-block-kadence-single-icon kt-svg-style-default kt-svg-icon-wrap kt-svg-item-119448_725359-82\"><a href=\"https:\/\/la-perla.net\/en\/san-sebastian\/integrative-medicine\/\" class=\"kt-svg-icon-link\" aria-label=\"Integrative Medicine\"><span class=\"kb-svg-icon-wrap kb-svg-icon-fe_shoppingCart\"><svg viewBox=\"0 0 24 24\"  fill=\"none\" stroke=\"currentColor\" stroke-width=\"2\" stroke-linecap=\"round\" stroke-linejoin=\"round\" xmlns=\"http:\/\/www.w3.org\/2000\/svg\"  aria-hidden=\"true\"><circle cx=\"9\" cy=\"21\" r=\"1\"\/><circle cx=\"20\" cy=\"21\" r=\"1\"\/><path d=\"M1 1h4l2.68 13.39a2 2 0 0 0 2 1.61h9.72a2 2 0 0 0 2-1.61L23 6H6\"\/><\/svg><\/span><\/a><\/div><\/div>\n\n<p class=\"has-text-align-center\"><a href=\"https:\/\/la-perla.net\/en\/san-sebastian\/integrative-medicine\/\">BUY<\/a><\/p><\/div><\/div><\/div><\/div><\/div><p><\/p>","protected":false},"excerpt":{"rendered":"<p>Medical Service Clinical assessment, diagnosis and\/or treatment of muscular, tendon and joint injuries.<\/p>\n","protected":false},"author":251,"featured_media":0,"parent":73875,"menu_order":147,"comment_status":"closed","ping_status":"closed","template":"","meta":{"_genesis_hide_title":false,"_genesis_hide_breadcrumbs":false,"_genesis_hide_singular_image":false,"_genesis_hide_footer_widgets":false,"_genesis_custom_body_class":"","_genesis_custom_post_class":"","_genesis_layout":"","footnotes":""},"class_list":{"0":"post-119448","1":"page","2":"type-page","3":"status-publish","5":"entry","6":"has-post-thumbnail"},"yoast_head":"<!-- This site is optimized with the Yoast SEO plugin v25.6 - https:\/\/yoast.com\/wordpress\/plugins\/seo\/ -->\n<title>Dietician Nutritionist La Perla \u2022 Donostia - San Sebasti\u00e1n<\/title>\n<meta name=\"description\" content=\"Consulta a tu Dietista Nutricionista La Perla: p\u00e9rdidas de peso, estudio antropom\u00e9trico, nutricionista deportivo, nutrici\u00f3n infantil\u2026\" \/>\n<meta name=\"robots\" content=\"index, follow, max-snippet:-1, max-image-preview:large, max-video-preview:-1\" \/>\n<link rel=\"canonical\" href=\"https:\/\/la-perla.net\/en\/health-and-beauty\/medical-consultation-and-services\/\" \/>\n<meta property=\"og:locale\" content=\"en_US\" \/>\n<meta property=\"og:type\" content=\"article\" \/>\n<meta property=\"og:title\" content=\"Dietician Nutritionist La Perla \u2022 Donostia - San Sebasti\u00e1n\" \/>\n<meta property=\"og:description\" content=\"Consulta a tu Dietista Nutricionista La Perla: p\u00e9rdidas de peso, estudio antropom\u00e9trico, nutricionista deportivo, nutrici\u00f3n infantil\u2026\" \/>\n<meta property=\"og:url\" content=\"https:\/\/la-perla.net\/en\/health-and-beauty\/medical-consultation-and-services\/\" \/>\n<meta property=\"og:site_name\" content=\"Talasoterapia La Perla \u2022 San Sebasti\u00e1n - Donostia\" \/>\n<meta property=\"article:publisher\" content=\"https:\/\/www.facebook.com\/laperladonosti\/\" \/>\n<meta property=\"article:modified_time\" content=\"2025-11-14T10:50:39+00:00\" \/>\n<meta property=\"og:image\" content=\"https:\/\/la-perla.net\/wp-content\/uploads\/2020\/04\/2025_servicio-medico-La-Perla.jpg\" \/>\n\t<meta property=\"og:image:width\" content=\"610\" \/>\n\t<meta property=\"og:image:height\" content=\"431\" \/>\n\t<meta property=\"og:image:type\" content=\"image\/jpeg\" \/>\n<meta name=\"twitter:card\" content=\"summary_large_image\" \/>\n<meta name=\"twitter:site\" content=\"@LaPerlaDonosti\" \/>\n<meta name=\"twitter:label1\" content=\"Est. reading time\" \/>\n\t<meta name=\"twitter:data1\" content=\"1 minute\" \/>\n<script type=\"application\/ld+json\" class=\"yoast-schema-graph\">{\"@context\":\"https:\/\/schema.org\",\"@graph\":[{\"@type\":\"WebPage\",\"@id\":\"https:\/\/la-perla.net\/en\/health-and-beauty\/medical-consultation-and-services\/\",\"url\":\"https:\/\/la-perla.net\/en\/health-and-beauty\/medical-consultation-and-services\/\",\"name\":\"Dietician Nutritionist La Perla \u2022 Donostia - San Sebasti\u00e1n\",\"isPartOf\":{\"@id\":\"https:\/\/la-perla.net\/#website\"},\"primaryImageOfPage\":{\"@id\":\"https:\/\/la-perla.net\/en\/health-and-beauty\/medical-consultation-and-services\/#primaryimage\"},\"image\":{\"@id\":\"https:\/\/la-perla.net\/en\/health-and-beauty\/medical-consultation-and-services\/#primaryimage\"},\"thumbnailUrl\":\"https:\/\/la-perla.net\/wp-content\/uploads\/2020\/04\/2025_servicio-medico-La-Perla.jpg\",\"datePublished\":\"2024-01-17T08:45:49+00:00\",\"dateModified\":\"2025-11-14T10:50:39+00:00\",\"description\":\"Consulta a tu Dietista Nutricionista La Perla: p\u00e9rdidas de peso, estudio antropom\u00e9trico, nutricionista deportivo, nutrici\u00f3n infantil\u2026\",\"breadcrumb\":{\"@id\":\"https:\/\/la-perla.net\/en\/health-and-beauty\/medical-consultation-and-services\/#breadcrumb\"},\"inLanguage\":\"en-US\",\"potentialAction\":[{\"@type\":\"ReadAction\",\"target\":[\"https:\/\/la-perla.net\/en\/health-and-beauty\/medical-consultation-and-services\/\"]}]},{\"@type\":\"ImageObject\",\"inLanguage\":\"en-US\",\"@id\":\"https:\/\/la-perla.net\/en\/health-and-beauty\/medical-consultation-and-services\/#primaryimage\",\"url\":\"https:\/\/la-perla.net\/wp-content\/uploads\/2020\/04\/2025_servicio-medico-La-Perla.jpg\",\"contentUrl\":\"https:\/\/la-perla.net\/wp-content\/uploads\/2020\/04\/2025_servicio-medico-La-Perla.jpg\"},{\"@type\":\"BreadcrumbList\",\"@id\":\"https:\/\/la-perla.net\/en\/health-and-beauty\/medical-consultation-and-services\/#breadcrumb\",\"itemListElement\":[{\"@type\":\"ListItem\",\"position\":1,\"name\":\"Portada\",\"item\":\"https:\/\/la-perla.net\/en\/\"},{\"@type\":\"ListItem\",\"position\":2,\"name\":\"Health and Beauty\",\"item\":\"https:\/\/la-perla.net\/en\/health-and-beauty\/\"},{\"@type\":\"ListItem\",\"position\":3,\"name\":\"Medical Service\"}]},{\"@type\":\"WebSite\",\"@id\":\"https:\/\/la-perla.net\/#website\",\"url\":\"https:\/\/la-perla.net\/\",\"name\":\"Talasoterapia La Perla \u2022 San Sebasti\u00e1n - Donostia\",\"description\":\"Talasoterapia en Guipuzcoa - Centro de salud, belleza y deporte\",\"publisher\":{\"@id\":\"https:\/\/la-perla.net\/#organization\"},\"potentialAction\":[{\"@type\":\"SearchAction\",\"target\":{\"@type\":\"EntryPoint\",\"urlTemplate\":\"https:\/\/la-perla.net\/?s={search_term_string}\"},\"query-input\":{\"@type\":\"PropertyValueSpecification\",\"valueRequired\":true,\"valueName\":\"search_term_string\"}}],\"inLanguage\":\"en-US\"},{\"@type\":\"Organization\",\"@id\":\"https:\/\/la-perla.net\/#organization\",\"name\":\"La Perla\",\"url\":\"https:\/\/la-perla.net\/\",\"logo\":{\"@type\":\"ImageObject\",\"inLanguage\":\"en-US\",\"@id\":\"https:\/\/la-perla.net\/#\/schema\/logo\/image\/\",\"url\":\"https:\/\/la-perla.net\/wp-content\/uploads\/2020\/09\/talasoterapia-la-perla.png\",\"contentUrl\":\"https:\/\/la-perla.net\/wp-content\/uploads\/2020\/09\/talasoterapia-la-perla.png\",\"width\":191,\"height\":51,\"caption\":\"La Perla\"},\"image\":{\"@id\":\"https:\/\/la-perla.net\/#\/schema\/logo\/image\/\"},\"sameAs\":[\"https:\/\/www.facebook.com\/laperladonosti\/\",\"https:\/\/x.com\/LaPerlaDonosti\",\"https:\/\/www.instagram.com\/laperladonosti\/?hl=es\",\"https:\/\/www.youtube.com\/channel\/UChQhp12N7Lg6ZrOcmAJAy4g\"]}]}<\/script>\n<!-- \/ Yoast SEO plugin. -->","yoast_head_json":{"title":"Dietician Nutritionist La Perla \u2022 Donostia - San Sebasti\u00e1n","description":"Consulta a tu Dietista Nutricionista La Perla: p\u00e9rdidas de peso, estudio antropom\u00e9trico, nutricionista deportivo, nutrici\u00f3n infantil\u2026","robots":{"index":"index","follow":"follow","max-snippet":"max-snippet:-1","max-image-preview":"max-image-preview:large","max-video-preview":"max-video-preview:-1"},"canonical":"https:\/\/la-perla.net\/en\/health-and-beauty\/medical-consultation-and-services\/","og_locale":"en_US","og_type":"article","og_title":"Dietician Nutritionist La Perla \u2022 Donostia - San Sebasti\u00e1n","og_description":"Consulta a tu Dietista Nutricionista La Perla: p\u00e9rdidas de peso, estudio antropom\u00e9trico, nutricionista deportivo, nutrici\u00f3n infantil\u2026","og_url":"https:\/\/la-perla.net\/en\/health-and-beauty\/medical-consultation-and-services\/","og_site_name":"Talasoterapia La Perla \u2022 San Sebasti\u00e1n - Donostia","article_publisher":"https:\/\/www.facebook.com\/laperladonosti\/","article_modified_time":"2025-11-14T10:50:39+00:00","og_image":[{"width":610,"height":431,"url":"https:\/\/la-perla.net\/wp-content\/uploads\/2020\/04\/2025_servicio-medico-La-Perla.jpg","type":"image\/jpeg"}],"twitter_card":"summary_large_image","twitter_site":"@LaPerlaDonosti","twitter_misc":{"Est. reading time":"1 minute"},"schema":{"@context":"https:\/\/schema.org","@graph":[{"@type":"WebPage","@id":"https:\/\/la-perla.net\/en\/health-and-beauty\/medical-consultation-and-services\/","url":"https:\/\/la-perla.net\/en\/health-and-beauty\/medical-consultation-and-services\/","name":"Dietician Nutritionist La Perla \u2022 Donostia - San Sebasti\u00e1n","isPartOf":{"@id":"https:\/\/la-perla.net\/#website"},"primaryImageOfPage":{"@id":"https:\/\/la-perla.net\/en\/health-and-beauty\/medical-consultation-and-services\/#primaryimage"},"image":{"@id":"https:\/\/la-perla.net\/en\/health-and-beauty\/medical-consultation-and-services\/#primaryimage"},"thumbnailUrl":"https:\/\/la-perla.net\/wp-content\/uploads\/2020\/04\/2025_servicio-medico-La-Perla.jpg","datePublished":"2024-01-17T08:45:49+00:00","dateModified":"2025-11-14T10:50:39+00:00","description":"Consulta a tu Dietista Nutricionista La Perla: p\u00e9rdidas de peso, estudio antropom\u00e9trico, nutricionista deportivo, nutrici\u00f3n infantil\u2026","breadcrumb":{"@id":"https:\/\/la-perla.net\/en\/health-and-beauty\/medical-consultation-and-services\/#breadcrumb"},"inLanguage":"en-US","potentialAction":[{"@type":"ReadAction","target":["https:\/\/la-perla.net\/en\/health-and-beauty\/medical-consultation-and-services\/"]}]},{"@type":"ImageObject","inLanguage":"en-US","@id":"https:\/\/la-perla.net\/en\/health-and-beauty\/medical-consultation-and-services\/#primaryimage","url":"https:\/\/la-perla.net\/wp-content\/uploads\/2020\/04\/2025_servicio-medico-La-Perla.jpg","contentUrl":"https:\/\/la-perla.net\/wp-content\/uploads\/2020\/04\/2025_servicio-medico-La-Perla.jpg"},{"@type":"BreadcrumbList","@id":"https:\/\/la-perla.net\/en\/health-and-beauty\/medical-consultation-and-services\/#breadcrumb","itemListElement":[{"@type":"ListItem","position":1,"name":"Portada","item":"https:\/\/la-perla.net\/en\/"},{"@type":"ListItem","position":2,"name":"Health and Beauty","item":"https:\/\/la-perla.net\/en\/health-and-beauty\/"},{"@type":"ListItem","position":3,"name":"Medical Service"}]},{"@type":"WebSite","@id":"https:\/\/la-perla.net\/#website","url":"https:\/\/la-perla.net\/","name":"Talasoterapia La Perla \u2022 San Sebasti\u00e1n - Donostia","description":"Talasoterapia en Guipuzcoa - Centro de salud, belleza y deporte","publisher":{"@id":"https:\/\/la-perla.net\/#organization"},"potentialAction":[{"@type":"SearchAction","target":{"@type":"EntryPoint","urlTemplate":"https:\/\/la-perla.net\/?s={search_term_string}"},"query-input":{"@type":"PropertyValueSpecification","valueRequired":true,"valueName":"search_term_string"}}],"inLanguage":"en-US"},{"@type":"Organization","@id":"https:\/\/la-perla.net\/#organization","name":"La Perla","url":"https:\/\/la-perla.net\/","logo":{"@type":"ImageObject","inLanguage":"en-US","@id":"https:\/\/la-perla.net\/#\/schema\/logo\/image\/","url":"https:\/\/la-perla.net\/wp-content\/uploads\/2020\/09\/talasoterapia-la-perla.png","contentUrl":"https:\/\/la-perla.net\/wp-content\/uploads\/2020\/09\/talasoterapia-la-perla.png","width":191,"height":51,"caption":"La Perla"},"image":{"@id":"https:\/\/la-perla.net\/#\/schema\/logo\/image\/"},"sameAs":["https:\/\/www.facebook.com\/laperladonosti\/","https:\/\/x.com\/LaPerlaDonosti","https:\/\/www.instagram.com\/laperladonosti\/?hl=es","https:\/\/www.youtube.com\/channel\/UChQhp12N7Lg6ZrOcmAJAy4g"]}]}},"_links":{"self":[{"href":"https:\/\/la-perla.net\/en\/wp-json\/wp\/v2\/pages\/119448"}],"collection":[{"href":"https:\/\/la-perla.net\/en\/wp-json\/wp\/v2\/pages"}],"about":[{"href":"https:\/\/la-perla.net\/en\/wp-json\/wp\/v2\/types\/page"}],"author":[{"embeddable":true,"href":"https:\/\/la-perla.net\/en\/wp-json\/wp\/v2\/users\/251"}],"replies":[{"embeddable":true,"href":"https:\/\/la-perla.net\/en\/wp-json\/wp\/v2\/comments?post=119448"}],"version-history":[{"count":0,"href":"https:\/\/la-perla.net\/en\/wp-json\/wp\/v2\/pages\/119448\/revisions"}],"up":[{"embeddable":true,"href":"https:\/\/la-perla.net\/en\/wp-json\/wp\/v2\/pages\/73875"}],"wp:attachment":[{"href":"https:\/\/la-perla.net\/en\/wp-json\/wp\/v2\/media?parent=119448"}],"curies":[{"name":"wp","href":"https:\/\/api.w.org\/{rel}","templated":true}]}}