{"id":60163,"date":"2019-11-28T17:09:45","date_gmt":"2019-11-28T16:09:45","guid":{"rendered":"https:\/\/laperla21.wpengine.com\/oferta-gastronomica-san-sebastian\/"},"modified":"2025-11-17T11:33:56","modified_gmt":"2025-11-17T10:33:56","slug":"la-perla-restaurant","status":"publish","type":"page","link":"https:\/\/la-perla.net\/en\/la-perla-restaurant\/","title":{"rendered":"LA PERLA RESTAURANT"},"content":{"rendered":"<p>Our main gastronomic proposal is based on a cuisine steeped in Basque roots and traditional recipes using produce as the unquestionable star of the show.<br>Incorporating avant-garde techniques to round off the culinary experience in our stunning scenic dining room overlooking the bay of La Concha.<\/p><p>La Perla\u2019s restaurant is supplemented by the bar and cafeteria with a typical San Sebastian tapas bar, a landmark place to eat in the heart of the bay as well as the La Concha beach promenade.<\/p><h2 class=\"wp-block-heading\">Opening hours<\/h2><p><\/p><ul class=\"wp-block-list\"><li>Opening hours from 12:30h to 15:30h every day and diners from 20:00h to 22:30h in Wednesday to Saturday<\/li>\n\n<li>Closed on December 25 and January 1<\/li><\/ul><h2 class=\"wp-block-heading\">Choose from our different suggestions <\/h2><style>.kt-tabs-id60163_0f93aa-ec > .kt-tabs-content-wrap > .wp-block-kadence-tab{border-top:4px solid #eeeeee;border-right:4px solid #eeeeee;border-bottom:4px solid #eeeeee;border-left:4px solid #eeeeee;border-top-left-radius:0px;border-top-right-radius:0px;border-bottom-right-radius:0px;border-bottom-left-radius:0px;padding-top:20px;padding-right:20px;padding-bottom:20px;padding-left:20px;min-height:400px;background:#ffffff;}.wp-block-kadence-tabs .kt-tabs-id60163_0f93aa-ec > .kt-tabs-title-list li{margin-top:0px;margin-right:-4px;margin-bottom:10px;margin-left:0px;}.wp-block-kadence-tabs .kt-tabs-id60163_0f93aa-ec > .kt-tabs-title-list li .kt-tab-title, .wp-block-kadence-tabs .kt-tabs-id60163_0f93aa-ec > .kt-tabs-content-wrap > .kt-tabs-accordion-title .kt-tab-title{line-height:1.4em;font-weight:regular;font-style:normal;border-top-width:4px;border-right-width:0px;border-bottom-width:4px;border-left-width:4px;border-top-left-radius:10px;border-top-right-radius:0px;border-bottom-right-radius:0px;border-bottom-left-radius:10px;padding-top:12px;padding-right:8px;padding-bottom:12px;padding-left:20px;border-color:#eeeeee;color:#444444;background:#eeeeee;}.wp-block-kadence-tabs .kt-tabs-id60163_0f93aa-ec > .kt-tabs-content-wrap > .kt-tabs-accordion-title .kt-tab-title{margin-top:0px;margin-right:-4px;margin-bottom:10px;margin-left:0px;}.wp-block-kadence-tabs .kt-tabs-id60163_0f93aa-ec > .kt-tabs-title-list li .kt-tab-title:hover, .wp-block-kadence-tabs .kt-tabs-id60163_0f93aa-ec > .kt-tabs-content-wrap > .kt-tabs-accordion-title .kt-tab-title:hover{border-color:#e9e9e9;color:#444444;background:#e9e9e9;}.wp-block-kadence-tabs .kt-tabs-id60163_0f93aa-ec > .kt-tabs-title-list li.kt-tab-title-active .kt-tab-title, .wp-block-kadence-tabs .kt-tabs-id60163_0f93aa-ec > .kt-tabs-content-wrap > .kt-tabs-accordion-title.kt-tab-title-active .kt-tab-title{border-color:#eeeeee;color:#444444;background:#ffffff;}@media all and (min-width: 1025px){.wp-block-kadence-tabs .kt-tabs-id60163_0f93aa-ec{display:flex;}.wp-block-kadence-tabs .kt-tabs-id60163_0f93aa-ec > .kt-tabs-title-list{float:none;width:30%;}.wp-block-kadence-tabs .kt-tabs-id60163_0f93aa-ec > .kt-tabs-content-wrap{float:none;width:auto;-webkit-flex:1;flex:1;}}@media all and (max-width: 1024px){.kt-tabs-id60163_0f93aa-ec > .kt-tabs-content-wrap > .wp-block-kadence-tab{border-top:4px solid #eeeeee;border-right:4px solid #eeeeee;border-bottom:4px solid #eeeeee;border-left:4px solid #eeeeee;}}@media all and (min-width: 768px) and (max-width: 1024px){.wp-block-kadence-tabs .kt-tabs-id60163_0f93aa-ec{display:flex;}.wp-block-kadence-tabs .kt-tabs-id60163_0f93aa-ec > .kt-tabs-title-list{float:none;width:30%;}.wp-block-kadence-tabs .kt-tabs-id60163_0f93aa-ec > .kt-tabs-content-wrap{float:none;width:auto;-webkit-flex:1;flex:1;}}@media all and (max-width: 767px){.kt-tabs-id60163_0f93aa-ec > .kt-tabs-content-wrap > .wp-block-kadence-tab{border-top:4px solid #eeeeee;border-right:4px solid #eeeeee;border-bottom:4px solid #eeeeee;border-left:4px solid #eeeeee;}}<\/style>\n<div class=\"wp-block-kadence-tabs alignnone\"><div class=\"kt-tabs-wrap kt-tabs-id60163_0f93aa-ec kt-tabs-has-3-tabs kt-active-tab-1 kt-tabs-layout-vtabs kt-tabs-tablet-layout-inherit kt-tabs-mobile-layout-accordion kt-tab-alignment-left kt-create-accordion\"><ul class=\"kt-tabs-title-list\"><li id=\"tab-tastingmenu\" class=\"kt-title-item kt-title-item-1 kt-tabs-svg-show-always kt-tabs-icon-side-right kt-tab-title-active\"><a href=\"#tab-tastingmenu\" data-tab=\"1\" class=\"kt-tab-title kt-tab-title-1 \"><span class=\"kt-title-text\">Tasting Menu<\/span><\/a><\/li><li id=\"tab-seasonalmenu\" class=\"kt-title-item kt-title-item-2 kt-tabs-svg-show-always kt-tabs-icon-side-right kt-tab-title-inactive\"><a href=\"#tab-seasonalmenu\" data-tab=\"2\" class=\"kt-tab-title kt-tab-title-2 \"><span class=\"kt-title-text\">Seasonal Menu<\/span><\/a><\/li><li id=\"tab-carta\" class=\"kt-title-item kt-title-item-3 kt-tabs-svg-show-always kt-tabs-icon-side-right kt-tab-title-inactive\"><a href=\"#tab-carta\" data-tab=\"3\" class=\"kt-tab-title kt-tab-title-3 \"><span class=\"kt-title-text\">Carta<\/span><\/a><\/li><\/ul><div class=\"kt-tabs-content-wrap\"><div class=\"wp-block-kadence-tab kt-tab-inner-content kt-inner-tab-1 kt-inner-tab87c82e-64\"><div class=\"kt-tab-inner-content-inner\"><p class=\"has-text-align-center has-large-font-size\"><strong>Tasting Menu<\/strong><\/p>\n\n<p class=\"has-text-align-center\">House appetizer<br>\u2026..<br>Jerusalem artichoke cream with mushroom and ham filling<br>\u2026..<br>Low-temperature truffled egg with mushroom cream and horn of plenty mushrooms<br>\u2026..<br>Hake topped wih fennel beurre blanc with miso and mushrooms<br>\u2026..<br>Venison loin served with parsnip pur\u00e9e and marinated lettuce hearts<br>\u2026..<\/p>\n\n<p class=\"has-text-align-center\">Chilled passion fruit soup<br>\u2026..<\/p>\n\n<p class=\"has-text-align-center\">Chocolate cream with \u2018dulce de leche\u2019 ice cream<\/p>\n\n<p class=\"has-text-align-center\">\u2026..<\/p>\n\n<p class=\"has-text-align-center\">DRINK<\/p>\n\n<p class=\"has-text-align-center\">Water and coffee included<\/p>\n\n<p><\/p>\n\n<p class=\"has-text-align-center\" style=\"font-size:28px\"><strong>65,00\u20ac<\/strong><\/p>\n\n<p class=\"has-text-align-center\"><br><\/p>\n\n<p class=\"has-text-align-center\">Vintage red wine, Rueda white wine, ros\u00e9 wine from Navarre, water and coffee included<\/p>\n\n<p class=\"has-text-align-center\" style=\"font-size:28px\"><strong>71,00 \u20ac<\/strong><\/p>\n\n<p><\/p>\n\n<p class=\"has-text-align-center has-extra-small-font-size\"> (10% IVA incluido) <\/p>\n\n<p class=\"has-text-align-center\"><a href=\"https:\/\/la-perla.net\/en\/san-sebastian\/tasting-menu-at-la-perla-restaurant\/\"><img loading=\"lazy\" decoding=\"async\" width=\"43\" height=\"38\" class=\"wp-image-61891\" style=\"width: 43px;\" src=\"https:\/\/la-perla.net\/wp-content\/uploads\/2020\/09\/carrito.jpg\" alt=\"carrito\">BUY<\/a><\/p>\n\n<p>* Tasting menus vary according to season.<br>* Served in the panoramic restaurant (dining room).<\/p>\n\n<p><\/p><\/div><\/div>\n\n<div class=\"wp-block-kadence-tab kt-tab-inner-content kt-inner-tab-2 kt-inner-tab174901-27\"><div class=\"kt-tab-inner-content-inner\"><p class=\"has-text-align-center has-large-font-size\"><strong>Seasonal Menu<\/strong><\/p>\n\n<p><\/p>\n\n<p class=\"has-text-align-center\"><strong>APPETIZER<\/strong><\/p>\n\n<p class=\"has-text-align-center\">Tempered tomato cream served with pan-fried artichokes and parmesan foam<\/p>\n\n<p class=\"has-text-align-center\">Pumpkin salad served with burrata and white wine caramelised pears<\/p>\n\n<p class=\"has-text-align-center\">Fish and seafood soup<\/p>\n\n<p class=\"has-text-align-center\">Jerusalem artichoke cream with mushroom and ham filling<\/p>\n\n<p><br><\/p>\n\n<p class=\"has-text-align-center\"><strong>MAIN MENU<\/strong><\/p>\n\n<p class=\"has-text-align-center\">Hake topped with fennel beurre blanc with miso and mushrooms<\/p>\n\n<p class=\"has-text-align-center\">Monkfish cooked in parsely sauce served with sauteed potato slices<\/p>\n\n<p class=\"has-text-align-center\">Lean \u201cib\u00e9rico\u201d pork filet served with \u201ca la carbonara\u201d pods and hazelnuts<\/p>\n\n<p class=\"has-text-align-center\">Slow-cooked beef cheeks in red wine on a bed of creamy potatoes<\/p>\n\n<p class=\"has-text-align-center\"><br><\/p>\n\n<p class=\"has-text-align-center\"><strong>DESSERTS<\/strong><\/p>\n\n<p class=\"has-text-align-center\">Moist textured orange cake and coffee ice cream<\/p>\n\n<p class=\"has-text-align-center\">Chocolate cream with \u201cdulce de leche\u201d ice cream<\/p>\n\n<p class=\"has-text-align-center\">Chilled passion fruit soup<\/p>\n\n<p class=\"has-text-align-center\">Cheesecake served with red berries and hibiscus and rasperry sorbet<\/p>\n\n<p><br><\/p>\n\n<p class=\"has-text-align-center\"><strong>DRINKS<\/strong><\/p>\n\n<p class=\"has-text-align-center\">Water and house wine included<\/p>\n\n<p class=\"has-text-align-center\" style=\"font-size:28px\"><strong>40,00 \u20ac<\/strong><\/p>\n\n<p><\/p>\n\n<p><\/p>\n\n<p class=\"has-text-align-center\">Drinks included (crianza \u2018aged\u2019 red wine, white wine, ros\u00e9, water and coffee)<\/p>\n\n<p class=\"has-text-align-center\" style=\"font-size:28px\"><strong>46,00 \u20ac<\/strong><\/p>\n\n<p><\/p>\n\n<p class=\"has-text-align-center\"> (10% VAT included) <\/p>\n\n<p class=\"has-text-align-center\"><a href=\"https:\/\/la-perla.net\/producto\/menu-de-verano\/\"><img loading=\"lazy\" decoding=\"async\" width=\"43\" height=\"38\" class=\"wp-image-61891\" style=\"width: 43px;\" src=\"https:\/\/la-perla.net\/wp-content\/uploads\/2020\/09\/carrito.jpg\" alt=\"carrito\">BUY<\/a><\/p>\n\n<p>* Monday to Friday, excluding public holidays and Big Week<br>* It is served in the panoramic restaurant (dining room)<\/p><\/div><\/div>\n\n<div class=\"wp-block-kadence-tab kt-tab-inner-content kt-inner-tab-3 kt-inner-tabb0cfc3-1e\"><div class=\"kt-tab-inner-content-inner\"><p class=\"has-text-align-center has-large-font-size\"><strong>Carta<\/strong><\/p>\n\n<figure class=\"wp-block-table is-style-stripes\"><table><thead><tr><th>STARTERS<\/th><th class=\"has-text-align-right\" data-align=\"right\"><\/th><\/tr><\/thead><tbody><tr><td>Los Pedroches Designation of Origin iberian ham<\/td><td class=\"has-text-align-right\" data-align=\"right\">28,00 \u20ac<\/td><\/tr><tr><td>Micuit foie terrine with apple compote, caramelized pistachio and red berries<\/td><td class=\"has-text-align-right\" data-align=\"right\">25,00 \u20ac<\/td><\/tr><tr><td>Pumpkin salad served with burrata and white wine caramelised pears<\/td><td class=\"has-text-align-right\" data-align=\"right\">22,00 \u20ac<\/td><\/tr><tr><td>Jerusalem artichoke cream with mushroom and ham filling<\/td><td class=\"has-text-align-right\" data-align=\"right\">17,00 \u20ac<\/td><\/tr><tr><td>\u2019Almadraba\u2019 tuna served with nikkei gravy and avocado<\/td><td class=\"has-text-align-right\" data-align=\"right\">25,00 \u20ac<\/td><\/tr><tr><td>Low-temperature truffled egg with mushroom cream and horn of plenty mushrooms<\/td><td class=\"has-text-align-right\" data-align=\"right\">17,00 \u20ac<\/td><\/tr><tr><td>Fish and seafood soup<\/td><td class=\"has-text-align-right\" data-align=\"right\">17,00 \u20ac<\/td><\/tr><tr><td>Iberian ham croquettes with cured pork jowl veil (7 units)<\/td><td class=\"has-text-align-right\" data-align=\"right\">18,00 \u20ac<\/td><\/tr><\/tbody><\/table><\/figure>\n\n<figure class=\"wp-block-table is-style-stripes\"><table><thead><tr><th>MAIN DISHES<\/th><th class=\"has-text-align-right\" data-align=\"right\"><\/th><\/tr><\/thead><tbody><tr><td>Hake topped wih fennel beurre blanc with miso and mushrooms<\/td><td class=\"has-text-align-right\" data-align=\"right\">28,00 \u20ac<\/td><\/tr><tr><td>\u2018Pil pil\u2019 cod \u2018kokotxas\u2019, leek and mushrooms with romesco<\/td><td class=\"has-text-align-right\" data-align=\"right\">30,00 \u20ac<\/td><\/tr><tr><td>Monkfish with cockles cooked in parsely sauce<\/td><td class=\"has-text-align-right\" data-align=\"right\">29,00 \u20ac<\/td><\/tr><tr><td>Rice with clams<\/td><td class=\"has-text-align-right\" data-align=\"right\">26,00 \u20ac<\/td><\/tr><tr><td>Octopus on paprika pur\u00e9e with seasonal vegetables<\/td><td class=\"has-text-align-right\" data-align=\"right\">30,00 \u20ac<\/td><\/tr><tr><td>Sirloin served with foie sauce, creamy potato and mushroom duxelle<\/td><td class=\"has-text-align-right\" data-align=\"right\">28,00 \u20ac<\/td><\/tr><tr><td>Slow-cooked beef cheeks in red wine on a bed of creamy potatoes<\/td><td class=\"has-text-align-right\" data-align=\"right\">28,00 \u20ac<\/td><\/tr><tr><td>Venison loin served with parsnip pur\u00e9e and marinated lettuce hearts<\/td><td class=\"has-text-align-right\" data-align=\"right\">30,00 \u20ac<\/td><\/tr><\/tbody><\/table><\/figure>\n\n<figure class=\"wp-block-table is-style-stripes\"><table><thead><tr><th>DESSERTS\t<\/th><th class=\"has-text-align-right\" data-align=\"right\"><\/th><\/tr><\/thead><tbody><tr><td>Caramelised toasted bread served with bulgarian yoghurt ice cream\t<\/td><td class=\"has-text-align-right\" data-align=\"right\">10,00 \u20ac<\/td><\/tr><tr><td>Moist textured orange cake and coffee ice cream<\/td><td class=\"has-text-align-right\" data-align=\"right\">10,00 \u20ac<\/td><\/tr><tr><td>Chocolate cream with \u2018dulce de leche\u2019 ice cream<\/td><td class=\"has-text-align-right\" data-align=\"right\">10,00 \u20ac<\/td><\/tr><tr><td>Mini choux puffs and pumpkin served with spice-based tea and mascarpone quenelle<\/td><td class=\"has-text-align-right\" data-align=\"right\">10,00 \u20ac<\/td><\/tr><tr><td>Chilled passion fruit soup<\/td><td class=\"has-text-align-right\" data-align=\"right\">8,00 \u20ac<\/td><\/tr><tr><td>Cheese selection\t<\/td><td class=\"has-text-align-right\" data-align=\"right\">16,00 \u20ac<\/td><\/tr><\/tbody><\/table><\/figure>\n\n<figure class=\"wp-block-table is-style-stripes\"><table><thead><tr><th>SELECTION OF SIDE DISHES TO CHOOSE FROM\t<\/th><th class=\"has-text-align-right\" data-align=\"right\"><\/th><\/tr><\/thead><tbody><tr><td>Grilled vegetables\t<\/td><td class=\"has-text-align-right\" data-align=\"right\">9,00 \u20ac<\/td><\/tr><tr><td>Green Salad\t<\/td><td class=\"has-text-align-right\" data-align=\"right\">5,00 \u20ac<\/td><\/tr><\/tbody><\/table><\/figure><\/div><\/div><\/div><\/div><\/div><figure class=\"wp-block-table tabla-rss\"><table><tbody><tr><td><img loading=\"lazy\" decoding=\"async\" width=\"60\" height=\"57\" class=\"wp-image-61817\" style=\"width: 60px;\" src=\"https:\/\/la-perla.net\/wp-content\/uploads\/2020\/09\/info.jpg\" alt=\"info\"><\/td><td><strong><strong><strong><strong><strong>CARTA DE AL\u00c9RGENOS<\/strong><\/strong><\/strong><\/strong><\/strong><br>Tenemos disponible para su consulta, la informaci\u00f3n relativa a la presencia de al\u00e9rgenos en nuestros platos.<\/td><\/tr><\/tbody><\/table><\/figure>","protected":false},"excerpt":{"rendered":"<p>Our main gastronomic proposal is based on a cuisine steeped in Basque roots and traditional recipes using produce as the unquestionable star of the show.Incorporating avant-garde techniques to round off the culinary experience in our stunning scenic dining room overlooking the bay of La Concha. La Perla\u2019s restaurant is supplemented by the bar and cafeteria&hellip; <\/p>\n<div><a class=\"more-link\" href=\"https:\/\/la-perla.net\/en\/la-perla-restaurant\/\">Leer m\u00e1s \u2192<\/a><\/div>\n","protected":false},"author":3,"featured_media":0,"parent":0,"menu_order":163,"comment_status":"closed","ping_status":"closed","template":"","meta":{"_genesis_hide_title":false,"_genesis_hide_breadcrumbs":false,"_genesis_hide_singular_image":false,"_genesis_hide_footer_widgets":false,"_genesis_custom_body_class":"","_genesis_custom_post_class":"","_genesis_layout":"","footnotes":""},"class_list":{"0":"post-60163","1":"page","2":"type-page","3":"status-publish","5":"entry"},"yoast_head":"<!-- This site is optimized with the Yoast SEO plugin v25.6 - https:\/\/yoast.com\/wordpress\/plugins\/seo\/ -->\n<title>Restaurante La Perla, descubre nuestra carta. Comer en Donostia men\u00fas<\/title>\n<meta name=\"description\" content=\"Para comer en San Sebasti\u00e1n - Donostia, en el restaurante La Perla descubrir\u00e1s los mejores platos disfrutando de la bah\u00eda de La Concha\" \/>\n<meta name=\"robots\" content=\"index, follow, max-snippet:-1, max-image-preview:large, max-video-preview:-1\" \/>\n<link rel=\"canonical\" href=\"https:\/\/la-perla.net\/en\/la-perla-restaurant\/\" \/>\n<meta property=\"og:locale\" content=\"en_US\" \/>\n<meta property=\"og:type\" content=\"article\" \/>\n<meta property=\"og:title\" content=\"Restaurante La Perla, descubre nuestra carta. Comer en Donostia men\u00fas\" \/>\n<meta property=\"og:description\" content=\"Para comer en San Sebasti\u00e1n - Donostia, en el restaurante La Perla descubrir\u00e1s los mejores platos disfrutando de la bah\u00eda de La Concha\" \/>\n<meta property=\"og:url\" content=\"https:\/\/la-perla.net\/en\/la-perla-restaurant\/\" \/>\n<meta property=\"og:site_name\" content=\"Talasoterapia La Perla \u2022 San Sebasti\u00e1n - Donostia\" \/>\n<meta property=\"article:publisher\" content=\"https:\/\/www.facebook.com\/laperladonosti\/\" \/>\n<meta property=\"article:modified_time\" content=\"2025-11-17T10:33:56+00:00\" \/>\n<meta property=\"og:image\" content=\"https:\/\/la-perla.net\/wp-content\/uploads\/2020\/09\/carrito.jpg\" \/>\n\t<meta property=\"og:image:width\" content=\"43\" \/>\n\t<meta property=\"og:image:height\" content=\"38\" \/>\n\t<meta property=\"og:image:type\" content=\"image\/jpeg\" \/>\n<meta name=\"twitter:card\" content=\"summary_large_image\" \/>\n<meta name=\"twitter:site\" content=\"@LaPerlaDonosti\" \/>\n<meta name=\"twitter:label1\" content=\"Est. reading time\" \/>\n\t<meta name=\"twitter:data1\" content=\"4 minutes\" \/>\n<script type=\"application\/ld+json\" class=\"yoast-schema-graph\">{\"@context\":\"https:\/\/schema.org\",\"@graph\":[{\"@type\":\"WebPage\",\"@id\":\"https:\/\/la-perla.net\/en\/la-perla-restaurant\/\",\"url\":\"https:\/\/la-perla.net\/en\/la-perla-restaurant\/\",\"name\":\"Restaurante La Perla, descubre nuestra carta. Comer en Donostia men\u00fas\",\"isPartOf\":{\"@id\":\"https:\/\/la-perla.net\/#website\"},\"primaryImageOfPage\":{\"@id\":\"https:\/\/la-perla.net\/en\/la-perla-restaurant\/#primaryimage\"},\"image\":{\"@id\":\"https:\/\/la-perla.net\/en\/la-perla-restaurant\/#primaryimage\"},\"thumbnailUrl\":\"https:\/\/la-perla.net\/wp-content\/uploads\/2020\/09\/carrito.jpg\",\"datePublished\":\"2019-11-28T16:09:45+00:00\",\"dateModified\":\"2025-11-17T10:33:56+00:00\",\"description\":\"Para comer en San Sebasti\u00e1n - Donostia, en el restaurante La Perla descubrir\u00e1s los mejores platos disfrutando de la bah\u00eda de La Concha\",\"breadcrumb\":{\"@id\":\"https:\/\/la-perla.net\/en\/la-perla-restaurant\/#breadcrumb\"},\"inLanguage\":\"en-US\",\"potentialAction\":[{\"@type\":\"ReadAction\",\"target\":[\"https:\/\/la-perla.net\/en\/la-perla-restaurant\/\"]}]},{\"@type\":\"ImageObject\",\"inLanguage\":\"en-US\",\"@id\":\"https:\/\/la-perla.net\/en\/la-perla-restaurant\/#primaryimage\",\"url\":\"https:\/\/la-perla.net\/wp-content\/uploads\/2020\/09\/carrito.jpg\",\"contentUrl\":\"https:\/\/la-perla.net\/wp-content\/uploads\/2020\/09\/carrito.jpg\"},{\"@type\":\"BreadcrumbList\",\"@id\":\"https:\/\/la-perla.net\/en\/la-perla-restaurant\/#breadcrumb\",\"itemListElement\":[{\"@type\":\"ListItem\",\"position\":1,\"name\":\"Portada\",\"item\":\"https:\/\/la-perla.net\/en\/\"},{\"@type\":\"ListItem\",\"position\":2,\"name\":\"LA PERLA RESTAURANT\"}]},{\"@type\":\"WebSite\",\"@id\":\"https:\/\/la-perla.net\/#website\",\"url\":\"https:\/\/la-perla.net\/\",\"name\":\"Talasoterapia La Perla \u2022 San Sebasti\u00e1n - Donostia\",\"description\":\"Talasoterapia en Guipuzcoa - Centro de salud, belleza y deporte\",\"publisher\":{\"@id\":\"https:\/\/la-perla.net\/#organization\"},\"potentialAction\":[{\"@type\":\"SearchAction\",\"target\":{\"@type\":\"EntryPoint\",\"urlTemplate\":\"https:\/\/la-perla.net\/?s={search_term_string}\"},\"query-input\":{\"@type\":\"PropertyValueSpecification\",\"valueRequired\":true,\"valueName\":\"search_term_string\"}}],\"inLanguage\":\"en-US\"},{\"@type\":\"Organization\",\"@id\":\"https:\/\/la-perla.net\/#organization\",\"name\":\"La Perla\",\"url\":\"https:\/\/la-perla.net\/\",\"logo\":{\"@type\":\"ImageObject\",\"inLanguage\":\"en-US\",\"@id\":\"https:\/\/la-perla.net\/#\/schema\/logo\/image\/\",\"url\":\"https:\/\/la-perla.net\/wp-content\/uploads\/2020\/09\/talasoterapia-la-perla.png\",\"contentUrl\":\"https:\/\/la-perla.net\/wp-content\/uploads\/2020\/09\/talasoterapia-la-perla.png\",\"width\":191,\"height\":51,\"caption\":\"La Perla\"},\"image\":{\"@id\":\"https:\/\/la-perla.net\/#\/schema\/logo\/image\/\"},\"sameAs\":[\"https:\/\/www.facebook.com\/laperladonosti\/\",\"https:\/\/x.com\/LaPerlaDonosti\",\"https:\/\/www.instagram.com\/laperladonosti\/?hl=es\",\"https:\/\/www.youtube.com\/channel\/UChQhp12N7Lg6ZrOcmAJAy4g\"]}]}<\/script>\n<!-- \/ Yoast SEO plugin. -->","yoast_head_json":{"title":"Restaurante La Perla, descubre nuestra carta. Comer en Donostia men\u00fas","description":"Para comer en San Sebasti\u00e1n - Donostia, en el restaurante La Perla descubrir\u00e1s los mejores platos disfrutando de la bah\u00eda de La Concha","robots":{"index":"index","follow":"follow","max-snippet":"max-snippet:-1","max-image-preview":"max-image-preview:large","max-video-preview":"max-video-preview:-1"},"canonical":"https:\/\/la-perla.net\/en\/la-perla-restaurant\/","og_locale":"en_US","og_type":"article","og_title":"Restaurante La Perla, descubre nuestra carta. Comer en Donostia men\u00fas","og_description":"Para comer en San Sebasti\u00e1n - Donostia, en el restaurante La Perla descubrir\u00e1s los mejores platos disfrutando de la bah\u00eda de La Concha","og_url":"https:\/\/la-perla.net\/en\/la-perla-restaurant\/","og_site_name":"Talasoterapia La Perla \u2022 San Sebasti\u00e1n - Donostia","article_publisher":"https:\/\/www.facebook.com\/laperladonosti\/","article_modified_time":"2025-11-17T10:33:56+00:00","og_image":[{"width":43,"height":38,"url":"https:\/\/la-perla.net\/wp-content\/uploads\/2020\/09\/carrito.jpg","type":"image\/jpeg"}],"twitter_card":"summary_large_image","twitter_site":"@LaPerlaDonosti","twitter_misc":{"Est. reading time":"4 minutes"},"schema":{"@context":"https:\/\/schema.org","@graph":[{"@type":"WebPage","@id":"https:\/\/la-perla.net\/en\/la-perla-restaurant\/","url":"https:\/\/la-perla.net\/en\/la-perla-restaurant\/","name":"Restaurante La Perla, descubre nuestra carta. Comer en Donostia men\u00fas","isPartOf":{"@id":"https:\/\/la-perla.net\/#website"},"primaryImageOfPage":{"@id":"https:\/\/la-perla.net\/en\/la-perla-restaurant\/#primaryimage"},"image":{"@id":"https:\/\/la-perla.net\/en\/la-perla-restaurant\/#primaryimage"},"thumbnailUrl":"https:\/\/la-perla.net\/wp-content\/uploads\/2020\/09\/carrito.jpg","datePublished":"2019-11-28T16:09:45+00:00","dateModified":"2025-11-17T10:33:56+00:00","description":"Para comer en San Sebasti\u00e1n - Donostia, en el restaurante La Perla descubrir\u00e1s los mejores platos disfrutando de la bah\u00eda de La Concha","breadcrumb":{"@id":"https:\/\/la-perla.net\/en\/la-perla-restaurant\/#breadcrumb"},"inLanguage":"en-US","potentialAction":[{"@type":"ReadAction","target":["https:\/\/la-perla.net\/en\/la-perla-restaurant\/"]}]},{"@type":"ImageObject","inLanguage":"en-US","@id":"https:\/\/la-perla.net\/en\/la-perla-restaurant\/#primaryimage","url":"https:\/\/la-perla.net\/wp-content\/uploads\/2020\/09\/carrito.jpg","contentUrl":"https:\/\/la-perla.net\/wp-content\/uploads\/2020\/09\/carrito.jpg"},{"@type":"BreadcrumbList","@id":"https:\/\/la-perla.net\/en\/la-perla-restaurant\/#breadcrumb","itemListElement":[{"@type":"ListItem","position":1,"name":"Portada","item":"https:\/\/la-perla.net\/en\/"},{"@type":"ListItem","position":2,"name":"LA PERLA RESTAURANT"}]},{"@type":"WebSite","@id":"https:\/\/la-perla.net\/#website","url":"https:\/\/la-perla.net\/","name":"Talasoterapia La Perla \u2022 San Sebasti\u00e1n - Donostia","description":"Talasoterapia en Guipuzcoa - Centro de salud, belleza y deporte","publisher":{"@id":"https:\/\/la-perla.net\/#organization"},"potentialAction":[{"@type":"SearchAction","target":{"@type":"EntryPoint","urlTemplate":"https:\/\/la-perla.net\/?s={search_term_string}"},"query-input":{"@type":"PropertyValueSpecification","valueRequired":true,"valueName":"search_term_string"}}],"inLanguage":"en-US"},{"@type":"Organization","@id":"https:\/\/la-perla.net\/#organization","name":"La Perla","url":"https:\/\/la-perla.net\/","logo":{"@type":"ImageObject","inLanguage":"en-US","@id":"https:\/\/la-perla.net\/#\/schema\/logo\/image\/","url":"https:\/\/la-perla.net\/wp-content\/uploads\/2020\/09\/talasoterapia-la-perla.png","contentUrl":"https:\/\/la-perla.net\/wp-content\/uploads\/2020\/09\/talasoterapia-la-perla.png","width":191,"height":51,"caption":"La Perla"},"image":{"@id":"https:\/\/la-perla.net\/#\/schema\/logo\/image\/"},"sameAs":["https:\/\/www.facebook.com\/laperladonosti\/","https:\/\/x.com\/LaPerlaDonosti","https:\/\/www.instagram.com\/laperladonosti\/?hl=es","https:\/\/www.youtube.com\/channel\/UChQhp12N7Lg6ZrOcmAJAy4g"]}]}},"_links":{"self":[{"href":"https:\/\/la-perla.net\/en\/wp-json\/wp\/v2\/pages\/60163"}],"collection":[{"href":"https:\/\/la-perla.net\/en\/wp-json\/wp\/v2\/pages"}],"about":[{"href":"https:\/\/la-perla.net\/en\/wp-json\/wp\/v2\/types\/page"}],"author":[{"embeddable":true,"href":"https:\/\/la-perla.net\/en\/wp-json\/wp\/v2\/users\/3"}],"replies":[{"embeddable":true,"href":"https:\/\/la-perla.net\/en\/wp-json\/wp\/v2\/comments?post=60163"}],"version-history":[{"count":0,"href":"https:\/\/la-perla.net\/en\/wp-json\/wp\/v2\/pages\/60163\/revisions"}],"wp:attachment":[{"href":"https:\/\/la-perla.net\/en\/wp-json\/wp\/v2\/media?parent=60163"}],"curies":[{"name":"wp","href":"https:\/\/api.w.org\/{rel}","templated":true}]}}