{"id":74676,"date":"2020-10-26T15:53:58","date_gmt":"2020-10-26T14:53:58","guid":{"rendered":"https:\/\/la-perla.net\/san-sebastian\/anti-stretch-mark-firming-balm-for-breasts\/"},"modified":"2025-12-01T23:00:12","modified_gmt":"2025-12-01T22:00:12","slug":"anti-stretch-mark-firming-balm-for-breasts","status":"publish","type":"product","link":"https:\/\/la-perla.net\/en\/san-sebastian\/anti-stretch-mark-firming-balm-for-breasts\/","title":{"rendered":"Anti-stretch mark firming balm for breasts"},"content":{"rendered":"<p>The connection and communication with your baby is something unique and extraordinary that is enhanced by bathing, massaging and breastfeeding. But breastfeeding is a very personal decision. Whether you choose to do so or not, you can count on our anti-stretch mark balm to help keep your breasts firm, deflated and crack-free, during and after pregnancy, as it is safe for you and your baby, even if you breastfeed. Because the greatest bond between you will always be invisible.<\/p>\n<p>At Me and Me we are particularly sensitive to breast cancer. For this reason, we allocate a percentage of the profits from the sale of our balm to the fight against this type of cancer through the Spanish Association Against Breast Cancer (AECC).<\/p>\n<ul>\n<li>Highly effective as a preventive and repairer of stretch marks.<\/li>\n<li>Increases the smoothness and firmness of the skin by more than 36%.<\/li>\n<li>Increases collagen synthesis by more than 30% *<\/li>\n<li>Decreases swelling.<\/li>\n<li>Healing and crack repairing effect.<\/li>\n<li>Highly moisturising.<\/li>\n<li>Indicated especially during and after pregnancy.<\/li>\n<li>Compatible with breastfeeding.<\/li>\n<li>With neurocosmetic ingredients that help decrease stress, cortisol levels and increase your happiness.<\/li>\n<li>Includes prebiotics that maintain skin health by restoring microbiological balance.<\/li>\n<\/ul>\n<p>* Results Clinical tests of active ingredients.<\/p>\n<p><strong>Instructions for use<\/strong><\/p>\n<p>Take a small amount of balm and apply it between your hands to gently apply it to the chest and d\u00e9collet\u00e9. You can also use it on the nipples as it is totally safe even during breastfeeding. The minimum use is once a day, do not hesitate to use as many times as you want if you notice that the breast is very tight, swollen and needs relief<\/p>\n<p><strong>Does not contain:<\/strong><\/p>\n<ul>\n<li>Parabens<\/li>\n<li>Petrochemicals<\/li>\n<li>Synthetic Perfumes<\/li>\n<li>Substances likely to be harmful<\/li>\n<\/ul>\n","protected":false},"excerpt":{"rendered":"<p>The connection and communication with your baby is something unique and extraordinary that is enhanced by bathing, massaging and breastfeeding. But breastfeeding is a very personal decision. Whether you choose to do so or not, you can count on our anti-stretch mark balm to help keep your breasts firm, deflated and crack-free, during and after&hellip; <\/p>\n<div><a class=\"more-link\" href=\"https:\/\/la-perla.net\/en\/san-sebastian\/anti-stretch-mark-firming-balm-for-breasts\/\">Leer m\u00e1s \u2192<\/a><\/div>\n","protected":false},"featured_media":54264,"template":"","meta":{"_genesis_hide_title":false,"_genesis_hide_breadcrumbs":false,"_genesis_hide_singular_image":false,"_genesis_hide_footer_widgets":false,"_genesis_custom_body_class":"","_genesis_custom_post_class":"","_genesis_layout":""},"product_brand":[],"product_cat":[1104],"product_tag":[],"class_list":{"0":"post-74676","1":"product","2":"type-product","3":"status-publish","4":"has-post-thumbnail","6":"product_cat-me-and-me","7":"entry","9":"first","10":"instock","11":"shipping-taxable","12":"purchasable","13":"product-type-simple"},"yoast_head":"<!-- This site is optimized with the Yoast SEO plugin v25.6 - https:\/\/yoast.com\/wordpress\/plugins\/seo\/ -->\n<title>Anti-stretch mark firming balm for breasts - Talasoterapia La Perla \u2022 San Sebasti\u00e1n - Donostia<\/title>\n<meta name=\"robots\" content=\"index, follow, max-snippet:-1, max-image-preview:large, max-video-preview:-1\" \/>\n<link rel=\"canonical\" href=\"https:\/\/la-perla.net\/producto\/balsamo-antiestrias-reafirmante-de-pecho\/\" \/>\n<meta property=\"og:locale\" content=\"en_US\" \/>\n<meta property=\"og:type\" content=\"article\" \/>\n<meta property=\"og:title\" content=\"Anti-stretch mark firming balm for breasts - Talasoterapia La Perla \u2022 San Sebasti\u00e1n - Donostia\" \/>\n<meta property=\"og:description\" content=\"The connection and communication with your baby is something unique and extraordinary that is enhanced by bathing, massaging and breastfeeding. But breastfeeding is a very personal decision. Whether you choose to do so or not, you can count on our anti-stretch mark balm to help keep your breasts firm, deflated and crack-free, during and after&hellip; Leer m\u00e1s \u2192\" \/>\n<meta property=\"og:url\" content=\"https:\/\/la-perla.net\/producto\/balsamo-antiestrias-reafirmante-de-pecho\/\" \/>\n<meta property=\"og:site_name\" content=\"Talasoterapia La Perla \u2022 San Sebasti\u00e1n - Donostia\" \/>\n<meta property=\"article:publisher\" content=\"https:\/\/www.facebook.com\/laperladonosti\/\" \/>\n<meta property=\"article:modified_time\" content=\"2025-12-01T22:00:12+00:00\" \/>\n<meta property=\"og:image\" content=\"https:\/\/la-perla.net\/wp-content\/uploads\/2019\/11\/ME-AND-ME_b\u00e1lsamo-antiestr\u00edas-reafirmante-pecho-fondo-blanco-scaled.jpg\" \/>\n\t<meta property=\"og:image:width\" content=\"2560\" \/>\n\t<meta property=\"og:image:height\" content=\"1907\" \/>\n\t<meta property=\"og:image:type\" content=\"image\/jpeg\" \/>\n<meta name=\"twitter:card\" content=\"summary_large_image\" \/>\n<meta name=\"twitter:site\" content=\"@LaPerlaDonosti\" \/>\n<meta name=\"twitter:label1\" content=\"Est. reading time\" \/>\n\t<meta name=\"twitter:data1\" content=\"1 minute\" \/>\n<script type=\"application\/ld+json\" class=\"yoast-schema-graph\">{\"@context\":\"https:\/\/schema.org\",\"@graph\":[{\"@type\":\"WebPage\",\"@id\":\"https:\/\/la-perla.net\/producto\/balsamo-antiestrias-reafirmante-de-pecho\/\",\"url\":\"https:\/\/la-perla.net\/producto\/balsamo-antiestrias-reafirmante-de-pecho\/\",\"name\":\"Anti-stretch mark firming balm for breasts - Talasoterapia La Perla \u2022 San Sebasti\u00e1n - Donostia\",\"isPartOf\":{\"@id\":\"https:\/\/la-perla.net\/#website\"},\"primaryImageOfPage\":{\"@id\":\"https:\/\/la-perla.net\/producto\/balsamo-antiestrias-reafirmante-de-pecho\/#primaryimage\"},\"image\":{\"@id\":\"https:\/\/la-perla.net\/producto\/balsamo-antiestrias-reafirmante-de-pecho\/#primaryimage\"},\"thumbnailUrl\":\"https:\/\/la-perla.net\/wp-content\/uploads\/2019\/11\/ME-AND-ME_b\u00e1lsamo-antiestr\u00edas-reafirmante-pecho-fondo-blanco-scaled.jpg\",\"datePublished\":\"2020-10-26T14:53:58+00:00\",\"dateModified\":\"2025-12-01T22:00:12+00:00\",\"breadcrumb\":{\"@id\":\"https:\/\/la-perla.net\/producto\/balsamo-antiestrias-reafirmante-de-pecho\/#breadcrumb\"},\"inLanguage\":\"en-US\",\"potentialAction\":[{\"@type\":\"ReadAction\",\"target\":[\"https:\/\/la-perla.net\/producto\/balsamo-antiestrias-reafirmante-de-pecho\/\"]}]},{\"@type\":\"ImageObject\",\"inLanguage\":\"en-US\",\"@id\":\"https:\/\/la-perla.net\/producto\/balsamo-antiestrias-reafirmante-de-pecho\/#primaryimage\",\"url\":\"https:\/\/la-perla.net\/wp-content\/uploads\/2019\/11\/ME-AND-ME_b\u00e1lsamo-antiestr\u00edas-reafirmante-pecho-fondo-blanco-scaled.jpg\",\"contentUrl\":\"https:\/\/la-perla.net\/wp-content\/uploads\/2019\/11\/ME-AND-ME_b\u00e1lsamo-antiestr\u00edas-reafirmante-pecho-fondo-blanco-scaled.jpg\",\"width\":2560,\"height\":1907,\"caption\":\"B\u00e1lsamo antiestr\u00edas reafirmante de pecho\"},{\"@type\":\"BreadcrumbList\",\"@id\":\"https:\/\/la-perla.net\/producto\/balsamo-antiestrias-reafirmante-de-pecho\/#breadcrumb\",\"itemListElement\":[{\"@type\":\"ListItem\",\"position\":1,\"name\":\"Portada\",\"item\":\"https:\/\/la-perla.net\/en\/\"},{\"@type\":\"ListItem\",\"position\":2,\"name\":\"Shop\",\"item\":\"https:\/\/la-perla.net\/en\/shop\/\"},{\"@type\":\"ListItem\",\"position\":3,\"name\":\"Anti-stretch mark firming balm for breasts\"}]},{\"@type\":\"WebSite\",\"@id\":\"https:\/\/la-perla.net\/#website\",\"url\":\"https:\/\/la-perla.net\/\",\"name\":\"Talasoterapia La Perla \u2022 San Sebasti\u00e1n - Donostia\",\"description\":\"Talasoterapia en Guipuzcoa - Centro de salud, belleza y deporte\",\"publisher\":{\"@id\":\"https:\/\/la-perla.net\/#organization\"},\"potentialAction\":[{\"@type\":\"SearchAction\",\"target\":{\"@type\":\"EntryPoint\",\"urlTemplate\":\"https:\/\/la-perla.net\/?s={search_term_string}\"},\"query-input\":{\"@type\":\"PropertyValueSpecification\",\"valueRequired\":true,\"valueName\":\"search_term_string\"}}],\"inLanguage\":\"en-US\"},{\"@type\":\"Organization\",\"@id\":\"https:\/\/la-perla.net\/#organization\",\"name\":\"La Perla\",\"url\":\"https:\/\/la-perla.net\/\",\"logo\":{\"@type\":\"ImageObject\",\"inLanguage\":\"en-US\",\"@id\":\"https:\/\/la-perla.net\/#\/schema\/logo\/image\/\",\"url\":\"https:\/\/la-perla.net\/wp-content\/uploads\/2020\/09\/talasoterapia-la-perla.png\",\"contentUrl\":\"https:\/\/la-perla.net\/wp-content\/uploads\/2020\/09\/talasoterapia-la-perla.png\",\"width\":191,\"height\":51,\"caption\":\"La Perla\"},\"image\":{\"@id\":\"https:\/\/la-perla.net\/#\/schema\/logo\/image\/\"},\"sameAs\":[\"https:\/\/www.facebook.com\/laperladonosti\/\",\"https:\/\/x.com\/LaPerlaDonosti\",\"https:\/\/www.instagram.com\/laperladonosti\/?hl=es\",\"https:\/\/www.youtube.com\/channel\/UChQhp12N7Lg6ZrOcmAJAy4g\"]}]}<\/script>\n<!-- \/ Yoast SEO plugin. -->","yoast_head_json":{"title":"Anti-stretch mark firming balm for breasts - Talasoterapia La Perla \u2022 San Sebasti\u00e1n - Donostia","robots":{"index":"index","follow":"follow","max-snippet":"max-snippet:-1","max-image-preview":"max-image-preview:large","max-video-preview":"max-video-preview:-1"},"canonical":"https:\/\/la-perla.net\/producto\/balsamo-antiestrias-reafirmante-de-pecho\/","og_locale":"en_US","og_type":"article","og_title":"Anti-stretch mark firming balm for breasts - Talasoterapia La Perla \u2022 San Sebasti\u00e1n - Donostia","og_description":"The connection and communication with your baby is something unique and extraordinary that is enhanced by bathing, massaging and breastfeeding. But breastfeeding is a very personal decision. Whether you choose to do so or not, you can count on our anti-stretch mark balm to help keep your breasts firm, deflated and crack-free, during and after&hellip; Leer m\u00e1s \u2192","og_url":"https:\/\/la-perla.net\/producto\/balsamo-antiestrias-reafirmante-de-pecho\/","og_site_name":"Talasoterapia La Perla \u2022 San Sebasti\u00e1n - Donostia","article_publisher":"https:\/\/www.facebook.com\/laperladonosti\/","article_modified_time":"2025-12-01T22:00:12+00:00","og_image":[{"width":2560,"height":1907,"url":"https:\/\/la-perla.net\/wp-content\/uploads\/2019\/11\/ME-AND-ME_b\u00e1lsamo-antiestr\u00edas-reafirmante-pecho-fondo-blanco-scaled.jpg","type":"image\/jpeg"}],"twitter_card":"summary_large_image","twitter_site":"@LaPerlaDonosti","twitter_misc":{"Est. reading time":"1 minute"},"schema":{"@context":"https:\/\/schema.org","@graph":[{"@type":"WebPage","@id":"https:\/\/la-perla.net\/producto\/balsamo-antiestrias-reafirmante-de-pecho\/","url":"https:\/\/la-perla.net\/producto\/balsamo-antiestrias-reafirmante-de-pecho\/","name":"Anti-stretch mark firming balm for breasts - Talasoterapia La Perla \u2022 San Sebasti\u00e1n - Donostia","isPartOf":{"@id":"https:\/\/la-perla.net\/#website"},"primaryImageOfPage":{"@id":"https:\/\/la-perla.net\/producto\/balsamo-antiestrias-reafirmante-de-pecho\/#primaryimage"},"image":{"@id":"https:\/\/la-perla.net\/producto\/balsamo-antiestrias-reafirmante-de-pecho\/#primaryimage"},"thumbnailUrl":"https:\/\/la-perla.net\/wp-content\/uploads\/2019\/11\/ME-AND-ME_b\u00e1lsamo-antiestr\u00edas-reafirmante-pecho-fondo-blanco-scaled.jpg","datePublished":"2020-10-26T14:53:58+00:00","dateModified":"2025-12-01T22:00:12+00:00","breadcrumb":{"@id":"https:\/\/la-perla.net\/producto\/balsamo-antiestrias-reafirmante-de-pecho\/#breadcrumb"},"inLanguage":"en-US","potentialAction":[{"@type":"ReadAction","target":["https:\/\/la-perla.net\/producto\/balsamo-antiestrias-reafirmante-de-pecho\/"]}]},{"@type":"ImageObject","inLanguage":"en-US","@id":"https:\/\/la-perla.net\/producto\/balsamo-antiestrias-reafirmante-de-pecho\/#primaryimage","url":"https:\/\/la-perla.net\/wp-content\/uploads\/2019\/11\/ME-AND-ME_b\u00e1lsamo-antiestr\u00edas-reafirmante-pecho-fondo-blanco-scaled.jpg","contentUrl":"https:\/\/la-perla.net\/wp-content\/uploads\/2019\/11\/ME-AND-ME_b\u00e1lsamo-antiestr\u00edas-reafirmante-pecho-fondo-blanco-scaled.jpg","width":2560,"height":1907,"caption":"B\u00e1lsamo antiestr\u00edas reafirmante de pecho"},{"@type":"BreadcrumbList","@id":"https:\/\/la-perla.net\/producto\/balsamo-antiestrias-reafirmante-de-pecho\/#breadcrumb","itemListElement":[{"@type":"ListItem","position":1,"name":"Portada","item":"https:\/\/la-perla.net\/en\/"},{"@type":"ListItem","position":2,"name":"Shop","item":"https:\/\/la-perla.net\/en\/shop\/"},{"@type":"ListItem","position":3,"name":"Anti-stretch mark firming balm for breasts"}]},{"@type":"WebSite","@id":"https:\/\/la-perla.net\/#website","url":"https:\/\/la-perla.net\/","name":"Talasoterapia La Perla \u2022 San Sebasti\u00e1n - Donostia","description":"Talasoterapia en Guipuzcoa - Centro de salud, belleza y deporte","publisher":{"@id":"https:\/\/la-perla.net\/#organization"},"potentialAction":[{"@type":"SearchAction","target":{"@type":"EntryPoint","urlTemplate":"https:\/\/la-perla.net\/?s={search_term_string}"},"query-input":{"@type":"PropertyValueSpecification","valueRequired":true,"valueName":"search_term_string"}}],"inLanguage":"en-US"},{"@type":"Organization","@id":"https:\/\/la-perla.net\/#organization","name":"La Perla","url":"https:\/\/la-perla.net\/","logo":{"@type":"ImageObject","inLanguage":"en-US","@id":"https:\/\/la-perla.net\/#\/schema\/logo\/image\/","url":"https:\/\/la-perla.net\/wp-content\/uploads\/2020\/09\/talasoterapia-la-perla.png","contentUrl":"https:\/\/la-perla.net\/wp-content\/uploads\/2020\/09\/talasoterapia-la-perla.png","width":191,"height":51,"caption":"La Perla"},"image":{"@id":"https:\/\/la-perla.net\/#\/schema\/logo\/image\/"},"sameAs":["https:\/\/www.facebook.com\/laperladonosti\/","https:\/\/x.com\/LaPerlaDonosti","https:\/\/www.instagram.com\/laperladonosti\/?hl=es","https:\/\/www.youtube.com\/channel\/UChQhp12N7Lg6ZrOcmAJAy4g"]}]}},"_links":{"self":[{"href":"https:\/\/la-perla.net\/en\/wp-json\/wp\/v2\/product\/74676"}],"collection":[{"href":"https:\/\/la-perla.net\/en\/wp-json\/wp\/v2\/product"}],"about":[{"href":"https:\/\/la-perla.net\/en\/wp-json\/wp\/v2\/types\/product"}],"wp:featuredmedia":[{"embeddable":true,"href":"https:\/\/la-perla.net\/en\/wp-json\/wp\/v2\/media\/54264"}],"wp:attachment":[{"href":"https:\/\/la-perla.net\/en\/wp-json\/wp\/v2\/media?parent=74676"}],"wp:term":[{"taxonomy":"product_brand","embeddable":true,"href":"https:\/\/la-perla.net\/en\/wp-json\/wp\/v2\/product_brand?post=74676"},{"taxonomy":"product_cat","embeddable":true,"href":"https:\/\/la-perla.net\/en\/wp-json\/wp\/v2\/product_cat?post=74676"},{"taxonomy":"product_tag","embeddable":true,"href":"https:\/\/la-perla.net\/en\/wp-json\/wp\/v2\/product_tag?post=74676"}],"curies":[{"name":"wp","href":"https:\/\/api.w.org\/{rel}","templated":true}]}}