{"id":75113,"date":"2020-11-09T19:09:50","date_gmt":"2021-08-11T09:19:32","guid":{"rendered":"https:\/\/la-perla.net\/san-sebastian\/cold-cream-marine-gift-box\/"},"modified":"2024-06-06T13:54:31","modified_gmt":"2024-06-06T11:54:31","slug":"cold-cream-marine-gift-box","status":"publish","type":"product","link":"https:\/\/la-perla.net\/en\/san-sebastian\/cold-cream-marine-gift-box\/","title":{"rendered":"Cold Cream Marine Gift Box"},"content":{"rendered":"<p><strong>Expert advice<\/strong>:<\/p>\n<p><strong>Cr\u00e8me Nutri-Apaisante<\/strong>,<br \/>\nApply Cr\u00e8me Nutri-Apaisante morning and\/or evening to a perfectly cleansed face and neck.<br \/>\n<span style=\u201dcolour: #999999;\">50 ml<\/span><\/p>\n<p><strong>Masque SOS Apaisant<\/strong>,<br \/>\nApply on face and neck twice a week. Allow it to react for 10 minutes. Remove the excess with a cotton pad soaked in lotion. Avoid the eye contour area.<br \/>\n<span style=\u201dcolour: #999999;\">50 ml<\/span><\/p>\n<p><strong>Huile G\u00e9lifi\u00e9e D\u00e9maquillante<\/strong>,<br \/>\nApply morning and evening, dry, to the face, neck and eyes, using gentle circular movements to dissolve make-up. When massaged in, the gel texture transforms into oil. Then emulsify with water to transform the oil into a light milky solution. Rinse with plenty of water.<br \/>\n<span style=\u201dcolour: #999999;\">50 ml<\/span><\/p>\n","protected":false},"excerpt":{"rendered":"<p><strong>Contains:<\/strong><\/p>\n<p><strong>Cr\u00e8me Nutri-Apaisante<\/strong><br \/>\nThis buttery treatment, enriched with Cold Cream Marine, offers 24-hour comfort and nourishment, nourishes, repairs and soothes the feeling of discomfort and localised redness.<br \/>\n<span style=\u201dcolour: #999999;\">50 ml<\/span><\/p>\n<p><strong>Masque SOS Apaisant<\/strong><br \/>\nTo reduce hypersensitive conditions in 10 minutes, this fresh mask concentrates a double soothing effect: on the surface, the alliance &#8216;Aloe will see and protective sugar&#8217;, helps to reduce the feeling of discomfort and tightness. At the root of the skin, an extract of Sichuan berry improves skin tolerance to effectively reduce the feeling of itchiness and warmth.<br \/>\n<span style=\u201dcolour: #999999;\">50 ml<\/span><\/p>\n<p><strong>Huile G\u00e9lifi\u00e9e D\u00e9maquillante<\/strong><br \/>\nSensorial make-up remover oil, gently cleanses normal to dry skin, removing all types of make-up, even long-lasting and waterproof make-up (face &#038; eyes), does not dry out. Non-greasy finish.<br \/>\n<span style=\u201dcolour: #999999;\">50 ml<\/span><\/p>\n","protected":false},"featured_media":64406,"template":"","meta":{"_genesis_hide_title":false,"_genesis_hide_breadcrumbs":false,"_genesis_hide_singular_image":false,"_genesis_hide_footer_widgets":false,"_genesis_custom_body_class":"","_genesis_custom_post_class":"","_genesis_layout":""},"product_brand":[],"product_cat":[935],"product_tag":[],"class_list":{"0":"post-75113","1":"product","2":"type-product","3":"status-publish","4":"has-post-thumbnail","6":"product_cat-sea-water-therapies","7":"entry","9":"first","10":"instock","11":"shipping-taxable","12":"purchasable","13":"product-type-simple"},"yoast_head":"<!-- This site is optimized with the Yoast SEO plugin v25.6 - https:\/\/yoast.com\/wordpress\/plugins\/seo\/ -->\n<title>Cold Cream Marine Gift Box - Talasoterapia La Perla \u2022 San Sebasti\u00e1n - Donostia<\/title>\n<meta name=\"robots\" content=\"index, follow, max-snippet:-1, max-image-preview:large, max-video-preview:-1\" \/>\n<link rel=\"canonical\" href=\"https:\/\/la-perla.net\/en\/san-sebastian\/cold-cream-marine-gift-box\/\" \/>\n<meta property=\"og:locale\" content=\"en_US\" \/>\n<meta property=\"og:type\" content=\"article\" \/>\n<meta property=\"og:title\" content=\"Cold Cream Marine Gift Box - Talasoterapia La Perla \u2022 San Sebasti\u00e1n - Donostia\" \/>\n<meta property=\"og:description\" content=\"Contains: Cr\u00e8me Nutri-Apaisante This buttery treatment, enriched with Cold Cream Marine, offers 24-hour comfort and nourishment, nourishes, repairs and soothes the feeling of discomfort and localised redness. 50 ml Huile G\u00e9lifi\u00e9e D\u00e9maquillante Sensorial make-up remover oil, gently cleanses normal to dry skin, removing all types of make-up, even long-lasting and waterproof make-up (face &amp; eyes), does not dry out. Non-greasy finish.\" \/>\n<meta property=\"og:url\" content=\"https:\/\/la-perla.net\/en\/san-sebastian\/cold-cream-marine-gift-box\/\" \/>\n<meta property=\"og:site_name\" content=\"Talasoterapia La Perla \u2022 San Sebasti\u00e1n - Donostia\" \/>\n<meta property=\"article:publisher\" content=\"https:\/\/www.facebook.com\/laperladonosti\/\" \/>\n<meta property=\"article:modified_time\" content=\"2024-06-06T11:54:31+00:00\" \/>\n<meta property=\"og:image\" content=\"https:\/\/la-perla.net\/wp-content\/uploads\/2020\/11\/Cofre-COLD-CREAM-MARINE-1024x853.jpg\" \/>\n\t<meta property=\"og:image:width\" content=\"1024\" \/>\n\t<meta property=\"og:image:height\" content=\"853\" \/>\n\t<meta property=\"og:image:type\" content=\"image\/jpeg\" \/>\n<meta name=\"twitter:card\" content=\"summary_large_image\" \/>\n<meta name=\"twitter:site\" content=\"@LaPerlaDonosti\" \/>\n<script type=\"application\/ld+json\" class=\"yoast-schema-graph\">{\"@context\":\"https:\/\/schema.org\",\"@graph\":[{\"@type\":\"WebPage\",\"@id\":\"https:\/\/la-perla.net\/en\/san-sebastian\/cold-cream-marine-gift-box\/\",\"url\":\"https:\/\/la-perla.net\/en\/san-sebastian\/cold-cream-marine-gift-box\/\",\"name\":\"Cold Cream Marine Gift Box - Talasoterapia La Perla \u2022 San Sebasti\u00e1n - Donostia\",\"isPartOf\":{\"@id\":\"https:\/\/la-perla.net\/#website\"},\"primaryImageOfPage\":{\"@id\":\"https:\/\/la-perla.net\/en\/san-sebastian\/cold-cream-marine-gift-box\/#primaryimage\"},\"image\":{\"@id\":\"https:\/\/la-perla.net\/en\/san-sebastian\/cold-cream-marine-gift-box\/#primaryimage\"},\"thumbnailUrl\":\"https:\/\/la-perla.net\/wp-content\/uploads\/2020\/11\/Cofre-COLD-CREAM-MARINE.jpg\",\"datePublished\":\"2021-08-11T09:19:32+00:00\",\"dateModified\":\"2024-06-06T11:54:31+00:00\",\"breadcrumb\":{\"@id\":\"https:\/\/la-perla.net\/en\/san-sebastian\/cold-cream-marine-gift-box\/#breadcrumb\"},\"inLanguage\":\"en-US\",\"potentialAction\":[{\"@type\":\"ReadAction\",\"target\":[\"https:\/\/la-perla.net\/en\/san-sebastian\/cold-cream-marine-gift-box\/\"]}]},{\"@type\":\"ImageObject\",\"inLanguage\":\"en-US\",\"@id\":\"https:\/\/la-perla.net\/en\/san-sebastian\/cold-cream-marine-gift-box\/#primaryimage\",\"url\":\"https:\/\/la-perla.net\/wp-content\/uploads\/2020\/11\/Cofre-COLD-CREAM-MARINE.jpg\",\"contentUrl\":\"https:\/\/la-perla.net\/wp-content\/uploads\/2020\/11\/Cofre-COLD-CREAM-MARINE.jpg\",\"width\":2560,\"height\":2133},{\"@type\":\"BreadcrumbList\",\"@id\":\"https:\/\/la-perla.net\/en\/san-sebastian\/cold-cream-marine-gift-box\/#breadcrumb\",\"itemListElement\":[{\"@type\":\"ListItem\",\"position\":1,\"name\":\"Portada\",\"item\":\"https:\/\/la-perla.net\/en\/\"},{\"@type\":\"ListItem\",\"position\":2,\"name\":\"Shop\",\"item\":\"https:\/\/la-perla.net\/en\/shop\/\"},{\"@type\":\"ListItem\",\"position\":3,\"name\":\"Cold Cream Marine Gift Box\"}]},{\"@type\":\"WebSite\",\"@id\":\"https:\/\/la-perla.net\/#website\",\"url\":\"https:\/\/la-perla.net\/\",\"name\":\"Talasoterapia La Perla \u2022 San Sebasti\u00e1n - Donostia\",\"description\":\"Talasoterapia en Guipuzcoa - Centro de salud, belleza y deporte\",\"publisher\":{\"@id\":\"https:\/\/la-perla.net\/#organization\"},\"potentialAction\":[{\"@type\":\"SearchAction\",\"target\":{\"@type\":\"EntryPoint\",\"urlTemplate\":\"https:\/\/la-perla.net\/?s={search_term_string}\"},\"query-input\":{\"@type\":\"PropertyValueSpecification\",\"valueRequired\":true,\"valueName\":\"search_term_string\"}}],\"inLanguage\":\"en-US\"},{\"@type\":\"Organization\",\"@id\":\"https:\/\/la-perla.net\/#organization\",\"name\":\"La Perla\",\"url\":\"https:\/\/la-perla.net\/\",\"logo\":{\"@type\":\"ImageObject\",\"inLanguage\":\"en-US\",\"@id\":\"https:\/\/la-perla.net\/#\/schema\/logo\/image\/\",\"url\":\"https:\/\/la-perla.net\/wp-content\/uploads\/2020\/09\/talasoterapia-la-perla.png\",\"contentUrl\":\"https:\/\/la-perla.net\/wp-content\/uploads\/2020\/09\/talasoterapia-la-perla.png\",\"width\":191,\"height\":51,\"caption\":\"La Perla\"},\"image\":{\"@id\":\"https:\/\/la-perla.net\/#\/schema\/logo\/image\/\"},\"sameAs\":[\"https:\/\/www.facebook.com\/laperladonosti\/\",\"https:\/\/x.com\/LaPerlaDonosti\",\"https:\/\/www.instagram.com\/laperladonosti\/?hl=es\",\"https:\/\/www.youtube.com\/channel\/UChQhp12N7Lg6ZrOcmAJAy4g\"]}]}<\/script>\n<!-- \/ Yoast SEO plugin. -->","yoast_head_json":{"title":"Cold Cream Marine Gift Box - Talasoterapia La Perla \u2022 San Sebasti\u00e1n - Donostia","robots":{"index":"index","follow":"follow","max-snippet":"max-snippet:-1","max-image-preview":"max-image-preview:large","max-video-preview":"max-video-preview:-1"},"canonical":"https:\/\/la-perla.net\/en\/san-sebastian\/cold-cream-marine-gift-box\/","og_locale":"en_US","og_type":"article","og_title":"Cold Cream Marine Gift Box - Talasoterapia La Perla \u2022 San Sebasti\u00e1n - Donostia","og_description":"Contains: Cr\u00e8me Nutri-Apaisante This buttery treatment, enriched with Cold Cream Marine, offers 24-hour comfort and nourishment, nourishes, repairs and soothes the feeling of discomfort and localised redness. 50 ml Huile G\u00e9lifi\u00e9e D\u00e9maquillante Sensorial make-up remover oil, gently cleanses normal to dry skin, removing all types of make-up, even long-lasting and waterproof make-up (face & eyes), does not dry out. Non-greasy finish.","og_url":"https:\/\/la-perla.net\/en\/san-sebastian\/cold-cream-marine-gift-box\/","og_site_name":"Talasoterapia La Perla \u2022 San Sebasti\u00e1n - Donostia","article_publisher":"https:\/\/www.facebook.com\/laperladonosti\/","article_modified_time":"2024-06-06T11:54:31+00:00","og_image":[{"width":1024,"height":853,"url":"https:\/\/la-perla.net\/wp-content\/uploads\/2020\/11\/Cofre-COLD-CREAM-MARINE-1024x853.jpg","type":"image\/jpeg"}],"twitter_card":"summary_large_image","twitter_site":"@LaPerlaDonosti","schema":{"@context":"https:\/\/schema.org","@graph":[{"@type":"WebPage","@id":"https:\/\/la-perla.net\/en\/san-sebastian\/cold-cream-marine-gift-box\/","url":"https:\/\/la-perla.net\/en\/san-sebastian\/cold-cream-marine-gift-box\/","name":"Cold Cream Marine Gift Box - Talasoterapia La Perla \u2022 San Sebasti\u00e1n - Donostia","isPartOf":{"@id":"https:\/\/la-perla.net\/#website"},"primaryImageOfPage":{"@id":"https:\/\/la-perla.net\/en\/san-sebastian\/cold-cream-marine-gift-box\/#primaryimage"},"image":{"@id":"https:\/\/la-perla.net\/en\/san-sebastian\/cold-cream-marine-gift-box\/#primaryimage"},"thumbnailUrl":"https:\/\/la-perla.net\/wp-content\/uploads\/2020\/11\/Cofre-COLD-CREAM-MARINE.jpg","datePublished":"2021-08-11T09:19:32+00:00","dateModified":"2024-06-06T11:54:31+00:00","breadcrumb":{"@id":"https:\/\/la-perla.net\/en\/san-sebastian\/cold-cream-marine-gift-box\/#breadcrumb"},"inLanguage":"en-US","potentialAction":[{"@type":"ReadAction","target":["https:\/\/la-perla.net\/en\/san-sebastian\/cold-cream-marine-gift-box\/"]}]},{"@type":"ImageObject","inLanguage":"en-US","@id":"https:\/\/la-perla.net\/en\/san-sebastian\/cold-cream-marine-gift-box\/#primaryimage","url":"https:\/\/la-perla.net\/wp-content\/uploads\/2020\/11\/Cofre-COLD-CREAM-MARINE.jpg","contentUrl":"https:\/\/la-perla.net\/wp-content\/uploads\/2020\/11\/Cofre-COLD-CREAM-MARINE.jpg","width":2560,"height":2133},{"@type":"BreadcrumbList","@id":"https:\/\/la-perla.net\/en\/san-sebastian\/cold-cream-marine-gift-box\/#breadcrumb","itemListElement":[{"@type":"ListItem","position":1,"name":"Portada","item":"https:\/\/la-perla.net\/en\/"},{"@type":"ListItem","position":2,"name":"Shop","item":"https:\/\/la-perla.net\/en\/shop\/"},{"@type":"ListItem","position":3,"name":"Cold Cream Marine Gift Box"}]},{"@type":"WebSite","@id":"https:\/\/la-perla.net\/#website","url":"https:\/\/la-perla.net\/","name":"Talasoterapia La Perla \u2022 San Sebasti\u00e1n - Donostia","description":"Talasoterapia en Guipuzcoa - Centro de salud, belleza y deporte","publisher":{"@id":"https:\/\/la-perla.net\/#organization"},"potentialAction":[{"@type":"SearchAction","target":{"@type":"EntryPoint","urlTemplate":"https:\/\/la-perla.net\/?s={search_term_string}"},"query-input":{"@type":"PropertyValueSpecification","valueRequired":true,"valueName":"search_term_string"}}],"inLanguage":"en-US"},{"@type":"Organization","@id":"https:\/\/la-perla.net\/#organization","name":"La Perla","url":"https:\/\/la-perla.net\/","logo":{"@type":"ImageObject","inLanguage":"en-US","@id":"https:\/\/la-perla.net\/#\/schema\/logo\/image\/","url":"https:\/\/la-perla.net\/wp-content\/uploads\/2020\/09\/talasoterapia-la-perla.png","contentUrl":"https:\/\/la-perla.net\/wp-content\/uploads\/2020\/09\/talasoterapia-la-perla.png","width":191,"height":51,"caption":"La Perla"},"image":{"@id":"https:\/\/la-perla.net\/#\/schema\/logo\/image\/"},"sameAs":["https:\/\/www.facebook.com\/laperladonosti\/","https:\/\/x.com\/LaPerlaDonosti","https:\/\/www.instagram.com\/laperladonosti\/?hl=es","https:\/\/www.youtube.com\/channel\/UChQhp12N7Lg6ZrOcmAJAy4g"]}]}},"_links":{"self":[{"href":"https:\/\/la-perla.net\/en\/wp-json\/wp\/v2\/product\/75113"}],"collection":[{"href":"https:\/\/la-perla.net\/en\/wp-json\/wp\/v2\/product"}],"about":[{"href":"https:\/\/la-perla.net\/en\/wp-json\/wp\/v2\/types\/product"}],"wp:featuredmedia":[{"embeddable":true,"href":"https:\/\/la-perla.net\/en\/wp-json\/wp\/v2\/media\/64406"}],"wp:attachment":[{"href":"https:\/\/la-perla.net\/en\/wp-json\/wp\/v2\/media?parent=75113"}],"wp:term":[{"taxonomy":"product_brand","embeddable":true,"href":"https:\/\/la-perla.net\/en\/wp-json\/wp\/v2\/product_brand?post=75113"},{"taxonomy":"product_cat","embeddable":true,"href":"https:\/\/la-perla.net\/en\/wp-json\/wp\/v2\/product_cat?post=75113"},{"taxonomy":"product_tag","embeddable":true,"href":"https:\/\/la-perla.net\/en\/wp-json\/wp\/v2\/product_tag?post=75113"}],"curies":[{"name":"wp","href":"https:\/\/api.w.org\/{rel}","templated":true}]}}