{"id":75126,"date":"2021-08-11T10:22:52","date_gmt":"2021-08-11T08:22:52","guid":{"rendered":"https:\/\/la-perla.net\/san-sebastian\/diamond-white-glowing-mask\/"},"modified":"2025-12-01T23:00:18","modified_gmt":"2025-12-01T22:00:18","slug":"diamond-white-glowing-mask","status":"publish","type":"product","link":"https:\/\/la-perla.net\/en\/san-sebastian\/diamond-white-glowing-mask\/","title":{"rendered":"Diamond White Glowing Mask"},"content":{"rendered":"<p><strong>HOW TO USE<\/strong><\/p>\n<p>Use the mask once or twice a week, depending on the needs of your skin, after applying the toner. Apply a thick layer of product to the face, neck and d\u00e9collet\u00e9. Leave on for 10-15 minutes. Remove the product with lukewarm water or with the help of Natura Biss\u00e9 cleansing sponges.<\/p>\n<p><strong>BEAUTY TIPS<\/strong><\/p>\n<ul>\n<li>DIAMOND WHITE GLOWING MASK maintains and enhances the illuminating action of the other DIAMOND WHITE COLLECTION products.<\/li>\n<li>Combats dark spots while improving skin texture and minimizing the appearance of pores. The ideal beauty product for blemish free skin!<\/li>\n<li> Use it regularly (once a week) for long-term results.<\/li>\n<\/ul>\n","protected":false},"excerpt":{"rendered":"<p><strong>Refreshing cream mask for an even and radiant complexion<\/strong><\/p>\n<p>This product will become your favorite beauty ally, as it provides an incredible radiance, as well as a great comforting and relaxing effect. Includes pomegranate extract, a powerful antioxidant that helps to fade spots and even out skin tone. It also contains natural wheat and birch sugars that improve skin hydration. In 15 minutes it reveals smoother, more even and radiant skin.<\/p>\n","protected":false},"featured_media":64705,"template":"","meta":{"_genesis_hide_title":false,"_genesis_hide_breadcrumbs":false,"_genesis_hide_singular_image":false,"_genesis_hide_footer_widgets":false,"_genesis_custom_body_class":"","_genesis_custom_post_class":"","_genesis_layout":""},"product_brand":[],"product_cat":[849],"product_tag":[],"class_list":{"0":"post-75126","1":"product","2":"type-product","3":"status-publish","4":"has-post-thumbnail","6":"product_cat-terapias-agua-mar","7":"entry","9":"first","10":"instock","11":"purchasable","12":"product-type-simple"},"yoast_head":"<!-- This site is optimized with the Yoast SEO plugin v25.6 - https:\/\/yoast.com\/wordpress\/plugins\/seo\/ -->\n<title>Diamond White Glowing Mask - Talasoterapia La Perla \u2022 San Sebasti\u00e1n - Donostia<\/title>\n<meta name=\"robots\" content=\"index, follow, max-snippet:-1, max-image-preview:large, max-video-preview:-1\" \/>\n<link rel=\"canonical\" href=\"https:\/\/la-perla.net\/producto\/diamond-luminous-glowing-mask\/\" \/>\n<meta property=\"og:locale\" content=\"en_US\" \/>\n<meta property=\"og:type\" content=\"article\" \/>\n<meta property=\"og:title\" content=\"Diamond White Glowing Mask - Talasoterapia La Perla \u2022 San Sebasti\u00e1n - Donostia\" \/>\n<meta property=\"og:description\" content=\"Refreshing cream mask for an even and radiant complexion This product will become your favorite beauty ally, as it provides an incredible radiance, as well as a great comforting and relaxing effect. Includes pomegranate extract, a powerful antioxidant that helps to fade spots and even out skin tone. It also contains natural wheat and birch sugars that improve skin hydration. In 15 minutes it reveals smoother, more even and radiant skin.\" \/>\n<meta property=\"og:url\" content=\"https:\/\/la-perla.net\/producto\/diamond-luminous-glowing-mask\/\" \/>\n<meta property=\"og:site_name\" content=\"Talasoterapia La Perla \u2022 San Sebasti\u00e1n - Donostia\" \/>\n<meta property=\"article:publisher\" content=\"https:\/\/www.facebook.com\/laperladonosti\/\" \/>\n<meta property=\"article:modified_time\" content=\"2025-12-01T22:00:18+00:00\" \/>\n<meta property=\"og:image\" content=\"https:\/\/la-perla.net\/wp-content\/uploads\/2020\/11\/diamond-white-glowing-mask.jpg\" \/>\n\t<meta property=\"og:image:width\" content=\"1701\" \/>\n\t<meta property=\"og:image:height\" content=\"1417\" \/>\n\t<meta property=\"og:image:type\" content=\"image\/jpeg\" \/>\n<meta name=\"twitter:card\" content=\"summary_large_image\" \/>\n<meta name=\"twitter:site\" content=\"@LaPerlaDonosti\" \/>\n<meta name=\"twitter:label1\" content=\"Est. reading time\" \/>\n\t<meta name=\"twitter:data1\" content=\"1 minute\" \/>\n<script type=\"application\/ld+json\" class=\"yoast-schema-graph\">{\"@context\":\"https:\/\/schema.org\",\"@graph\":[{\"@type\":\"WebPage\",\"@id\":\"https:\/\/la-perla.net\/producto\/diamond-luminous-glowing-mask\/\",\"url\":\"https:\/\/la-perla.net\/producto\/diamond-luminous-glowing-mask\/\",\"name\":\"Diamond White Glowing Mask - Talasoterapia La Perla \u2022 San Sebasti\u00e1n - Donostia\",\"isPartOf\":{\"@id\":\"https:\/\/la-perla.net\/#website\"},\"primaryImageOfPage\":{\"@id\":\"https:\/\/la-perla.net\/producto\/diamond-luminous-glowing-mask\/#primaryimage\"},\"image\":{\"@id\":\"https:\/\/la-perla.net\/producto\/diamond-luminous-glowing-mask\/#primaryimage\"},\"thumbnailUrl\":\"https:\/\/la-perla.net\/wp-content\/uploads\/2020\/11\/diamond-white-glowing-mask.jpg\",\"datePublished\":\"2021-08-11T08:22:52+00:00\",\"dateModified\":\"2025-12-01T22:00:18+00:00\",\"breadcrumb\":{\"@id\":\"https:\/\/la-perla.net\/producto\/diamond-luminous-glowing-mask\/#breadcrumb\"},\"inLanguage\":\"en-US\",\"potentialAction\":[{\"@type\":\"ReadAction\",\"target\":[\"https:\/\/la-perla.net\/producto\/diamond-luminous-glowing-mask\/\"]}]},{\"@type\":\"ImageObject\",\"inLanguage\":\"en-US\",\"@id\":\"https:\/\/la-perla.net\/producto\/diamond-luminous-glowing-mask\/#primaryimage\",\"url\":\"https:\/\/la-perla.net\/wp-content\/uploads\/2020\/11\/diamond-white-glowing-mask.jpg\",\"contentUrl\":\"https:\/\/la-perla.net\/wp-content\/uploads\/2020\/11\/diamond-white-glowing-mask.jpg\",\"width\":1701,\"height\":1417,\"caption\":\"Diamond Luminous Glowing Mask\"},{\"@type\":\"BreadcrumbList\",\"@id\":\"https:\/\/la-perla.net\/producto\/diamond-luminous-glowing-mask\/#breadcrumb\",\"itemListElement\":[{\"@type\":\"ListItem\",\"position\":1,\"name\":\"Portada\",\"item\":\"https:\/\/la-perla.net\/en\/\"},{\"@type\":\"ListItem\",\"position\":2,\"name\":\"Shop\",\"item\":\"https:\/\/la-perla.net\/en\/shop\/\"},{\"@type\":\"ListItem\",\"position\":3,\"name\":\"Diamond White Glowing Mask\"}]},{\"@type\":\"WebSite\",\"@id\":\"https:\/\/la-perla.net\/#website\",\"url\":\"https:\/\/la-perla.net\/\",\"name\":\"Talasoterapia La Perla \u2022 San Sebasti\u00e1n - Donostia\",\"description\":\"Talasoterapia en Guipuzcoa - Centro de salud, belleza y deporte\",\"publisher\":{\"@id\":\"https:\/\/la-perla.net\/#organization\"},\"potentialAction\":[{\"@type\":\"SearchAction\",\"target\":{\"@type\":\"EntryPoint\",\"urlTemplate\":\"https:\/\/la-perla.net\/?s={search_term_string}\"},\"query-input\":{\"@type\":\"PropertyValueSpecification\",\"valueRequired\":true,\"valueName\":\"search_term_string\"}}],\"inLanguage\":\"en-US\"},{\"@type\":\"Organization\",\"@id\":\"https:\/\/la-perla.net\/#organization\",\"name\":\"La Perla\",\"url\":\"https:\/\/la-perla.net\/\",\"logo\":{\"@type\":\"ImageObject\",\"inLanguage\":\"en-US\",\"@id\":\"https:\/\/la-perla.net\/#\/schema\/logo\/image\/\",\"url\":\"https:\/\/la-perla.net\/wp-content\/uploads\/2020\/09\/talasoterapia-la-perla.png\",\"contentUrl\":\"https:\/\/la-perla.net\/wp-content\/uploads\/2020\/09\/talasoterapia-la-perla.png\",\"width\":191,\"height\":51,\"caption\":\"La Perla\"},\"image\":{\"@id\":\"https:\/\/la-perla.net\/#\/schema\/logo\/image\/\"},\"sameAs\":[\"https:\/\/www.facebook.com\/laperladonosti\/\",\"https:\/\/x.com\/LaPerlaDonosti\",\"https:\/\/www.instagram.com\/laperladonosti\/?hl=es\",\"https:\/\/www.youtube.com\/channel\/UChQhp12N7Lg6ZrOcmAJAy4g\"]}]}<\/script>\n<!-- \/ Yoast SEO plugin. -->","yoast_head_json":{"title":"Diamond White Glowing Mask - Talasoterapia La Perla \u2022 San Sebasti\u00e1n - Donostia","robots":{"index":"index","follow":"follow","max-snippet":"max-snippet:-1","max-image-preview":"max-image-preview:large","max-video-preview":"max-video-preview:-1"},"canonical":"https:\/\/la-perla.net\/producto\/diamond-luminous-glowing-mask\/","og_locale":"en_US","og_type":"article","og_title":"Diamond White Glowing Mask - Talasoterapia La Perla \u2022 San Sebasti\u00e1n - Donostia","og_description":"Refreshing cream mask for an even and radiant complexion This product will become your favorite beauty ally, as it provides an incredible radiance, as well as a great comforting and relaxing effect. Includes pomegranate extract, a powerful antioxidant that helps to fade spots and even out skin tone. It also contains natural wheat and birch sugars that improve skin hydration. In 15 minutes it reveals smoother, more even and radiant skin.","og_url":"https:\/\/la-perla.net\/producto\/diamond-luminous-glowing-mask\/","og_site_name":"Talasoterapia La Perla \u2022 San Sebasti\u00e1n - Donostia","article_publisher":"https:\/\/www.facebook.com\/laperladonosti\/","article_modified_time":"2025-12-01T22:00:18+00:00","og_image":[{"width":1701,"height":1417,"url":"https:\/\/la-perla.net\/wp-content\/uploads\/2020\/11\/diamond-white-glowing-mask.jpg","type":"image\/jpeg"}],"twitter_card":"summary_large_image","twitter_site":"@LaPerlaDonosti","twitter_misc":{"Est. reading time":"1 minute"},"schema":{"@context":"https:\/\/schema.org","@graph":[{"@type":"WebPage","@id":"https:\/\/la-perla.net\/producto\/diamond-luminous-glowing-mask\/","url":"https:\/\/la-perla.net\/producto\/diamond-luminous-glowing-mask\/","name":"Diamond White Glowing Mask - Talasoterapia La Perla \u2022 San Sebasti\u00e1n - Donostia","isPartOf":{"@id":"https:\/\/la-perla.net\/#website"},"primaryImageOfPage":{"@id":"https:\/\/la-perla.net\/producto\/diamond-luminous-glowing-mask\/#primaryimage"},"image":{"@id":"https:\/\/la-perla.net\/producto\/diamond-luminous-glowing-mask\/#primaryimage"},"thumbnailUrl":"https:\/\/la-perla.net\/wp-content\/uploads\/2020\/11\/diamond-white-glowing-mask.jpg","datePublished":"2021-08-11T08:22:52+00:00","dateModified":"2025-12-01T22:00:18+00:00","breadcrumb":{"@id":"https:\/\/la-perla.net\/producto\/diamond-luminous-glowing-mask\/#breadcrumb"},"inLanguage":"en-US","potentialAction":[{"@type":"ReadAction","target":["https:\/\/la-perla.net\/producto\/diamond-luminous-glowing-mask\/"]}]},{"@type":"ImageObject","inLanguage":"en-US","@id":"https:\/\/la-perla.net\/producto\/diamond-luminous-glowing-mask\/#primaryimage","url":"https:\/\/la-perla.net\/wp-content\/uploads\/2020\/11\/diamond-white-glowing-mask.jpg","contentUrl":"https:\/\/la-perla.net\/wp-content\/uploads\/2020\/11\/diamond-white-glowing-mask.jpg","width":1701,"height":1417,"caption":"Diamond Luminous Glowing Mask"},{"@type":"BreadcrumbList","@id":"https:\/\/la-perla.net\/producto\/diamond-luminous-glowing-mask\/#breadcrumb","itemListElement":[{"@type":"ListItem","position":1,"name":"Portada","item":"https:\/\/la-perla.net\/en\/"},{"@type":"ListItem","position":2,"name":"Shop","item":"https:\/\/la-perla.net\/en\/shop\/"},{"@type":"ListItem","position":3,"name":"Diamond White Glowing Mask"}]},{"@type":"WebSite","@id":"https:\/\/la-perla.net\/#website","url":"https:\/\/la-perla.net\/","name":"Talasoterapia La Perla \u2022 San Sebasti\u00e1n - Donostia","description":"Talasoterapia en Guipuzcoa - Centro de salud, belleza y deporte","publisher":{"@id":"https:\/\/la-perla.net\/#organization"},"potentialAction":[{"@type":"SearchAction","target":{"@type":"EntryPoint","urlTemplate":"https:\/\/la-perla.net\/?s={search_term_string}"},"query-input":{"@type":"PropertyValueSpecification","valueRequired":true,"valueName":"search_term_string"}}],"inLanguage":"en-US"},{"@type":"Organization","@id":"https:\/\/la-perla.net\/#organization","name":"La Perla","url":"https:\/\/la-perla.net\/","logo":{"@type":"ImageObject","inLanguage":"en-US","@id":"https:\/\/la-perla.net\/#\/schema\/logo\/image\/","url":"https:\/\/la-perla.net\/wp-content\/uploads\/2020\/09\/talasoterapia-la-perla.png","contentUrl":"https:\/\/la-perla.net\/wp-content\/uploads\/2020\/09\/talasoterapia-la-perla.png","width":191,"height":51,"caption":"La Perla"},"image":{"@id":"https:\/\/la-perla.net\/#\/schema\/logo\/image\/"},"sameAs":["https:\/\/www.facebook.com\/laperladonosti\/","https:\/\/x.com\/LaPerlaDonosti","https:\/\/www.instagram.com\/laperladonosti\/?hl=es","https:\/\/www.youtube.com\/channel\/UChQhp12N7Lg6ZrOcmAJAy4g"]}]}},"_links":{"self":[{"href":"https:\/\/la-perla.net\/en\/wp-json\/wp\/v2\/product\/75126"}],"collection":[{"href":"https:\/\/la-perla.net\/en\/wp-json\/wp\/v2\/product"}],"about":[{"href":"https:\/\/la-perla.net\/en\/wp-json\/wp\/v2\/types\/product"}],"wp:featuredmedia":[{"embeddable":true,"href":"https:\/\/la-perla.net\/en\/wp-json\/wp\/v2\/media\/64705"}],"wp:attachment":[{"href":"https:\/\/la-perla.net\/en\/wp-json\/wp\/v2\/media?parent=75126"}],"wp:term":[{"taxonomy":"product_brand","embeddable":true,"href":"https:\/\/la-perla.net\/en\/wp-json\/wp\/v2\/product_brand?post=75126"},{"taxonomy":"product_cat","embeddable":true,"href":"https:\/\/la-perla.net\/en\/wp-json\/wp\/v2\/product_cat?post=75126"},{"taxonomy":"product_tag","embeddable":true,"href":"https:\/\/la-perla.net\/en\/wp-json\/wp\/v2\/product_tag?post=75126"}],"curies":[{"name":"wp","href":"https:\/\/api.w.org\/{rel}","templated":true}]}}