{"id":75173,"date":"2021-08-11T10:21:49","date_gmt":"2021-08-11T08:21:49","guid":{"rendered":"https:\/\/la-perla.net\/san-sebastian\/diamon-cocoon-daily-cleanser\/"},"modified":"2025-12-01T23:00:21","modified_gmt":"2025-12-01T22:00:21","slug":"diamon-cocoon-daily-cleanser","status":"publish","type":"product","link":"https:\/\/la-perla.net\/en\/san-sebastian\/diamon-cocoon-daily-cleanser\/","title":{"rendered":"Diamon Cocoon Daily Cleanser"},"content":{"rendered":"<p><strong>HOW TO USE<\/strong><br \/>\nApply the product morning and evening to the face, neck and d\u00e9collet\u00e9 with a gentle massage. Remove with plenty of water or Natura Biss\u00e9 facial sponges moistened with lukewarm water.<\/p>\n<p><strong>BEAUTY TIPS<\/strong><\/p>\n<ul>\n<li>Once or twice a week, alternate with DIAMOND COCOON ENZYME CLEANSER deep cleansing mousse to complete your anti-pollution cleansing routine.<\/li>\n<li>On days with high pollution levels, it is recommended to replace the daily cleanser with DIAMOND COCOON ENZYME CLEANSER.<\/li>\n<\/ul>\n","protected":false},"excerpt":{"rendered":"<p><strong>Cleanser and make-up remover for effective cleansing in a single step<\/strong><\/p>\n<p>Very respectful of all skin types, even the most sensitive, this dual-action cream &#8211; cleanser and makeup remover &#8211; gently removes and eliminates in a single step any remaining contaminating particles, toxins, impurities, excess oil and makeup. Ideal for daily facial cleansing, it keeps the skin hydrated, elastic and comfortable while protecting the skin barrier.<\/p>\n<p><span style=\"colour: #808080;\">150 ml<\/span><\/p>\n","protected":false},"featured_media":64806,"template":"","meta":{"_genesis_hide_title":false,"_genesis_hide_breadcrumbs":false,"_genesis_hide_singular_image":false,"_genesis_hide_footer_widgets":false,"_genesis_custom_body_class":"","_genesis_custom_post_class":"","_genesis_layout":""},"product_brand":[],"product_cat":[849],"product_tag":[],"class_list":{"0":"post-75173","1":"product","2":"type-product","3":"status-publish","4":"has-post-thumbnail","6":"product_cat-terapias-agua-mar","7":"entry","9":"first","10":"instock","11":"purchasable","12":"product-type-simple"},"yoast_head":"<!-- This site is optimized with the Yoast SEO plugin v25.6 - https:\/\/yoast.com\/wordpress\/plugins\/seo\/ -->\n<title>Diamon Cocoon Daily Cleanser - Talasoterapia La Perla \u2022 San Sebasti\u00e1n - Donostia<\/title>\n<meta name=\"robots\" content=\"index, follow, max-snippet:-1, max-image-preview:large, max-video-preview:-1\" \/>\n<link rel=\"canonical\" href=\"https:\/\/la-perla.net\/producto\/diamon-cocoon-daily-cleanser\/\" \/>\n<meta property=\"og:locale\" content=\"en_US\" \/>\n<meta property=\"og:type\" content=\"article\" \/>\n<meta property=\"og:title\" content=\"Diamon Cocoon Daily Cleanser - Talasoterapia La Perla \u2022 San Sebasti\u00e1n - Donostia\" \/>\n<meta property=\"og:description\" content=\"Cleanser and make-up remover for effective cleansing in a single step  Very respectful of all skin types, even the most sensitive, this dual-action cream - cleanser and makeup remover - gently removes and eliminates in a single step any remaining contaminating particles, toxins, impurities, excess oil and makeup. Ideal for daily facial cleansing, it keeps the skin hydrated, elastic and comfortable while protecting the skin barrier. 150 ml\" \/>\n<meta property=\"og:url\" content=\"https:\/\/la-perla.net\/producto\/diamon-cocoon-daily-cleanser\/\" \/>\n<meta property=\"og:site_name\" content=\"Talasoterapia La Perla \u2022 San Sebasti\u00e1n - Donostia\" \/>\n<meta property=\"article:publisher\" content=\"https:\/\/www.facebook.com\/laperladonosti\/\" \/>\n<meta property=\"article:modified_time\" content=\"2025-12-01T22:00:21+00:00\" \/>\n<meta property=\"og:image\" content=\"https:\/\/la-perla.net\/wp-content\/uploads\/2020\/10\/cocoon-daily-cleanser.jpg\" \/>\n\t<meta property=\"og:image:width\" content=\"1701\" \/>\n\t<meta property=\"og:image:height\" content=\"1417\" \/>\n\t<meta property=\"og:image:type\" content=\"image\/jpeg\" \/>\n<meta name=\"twitter:card\" content=\"summary_large_image\" \/>\n<meta name=\"twitter:site\" content=\"@LaPerlaDonosti\" \/>\n<script type=\"application\/ld+json\" class=\"yoast-schema-graph\">{\"@context\":\"https:\/\/schema.org\",\"@graph\":[{\"@type\":\"WebPage\",\"@id\":\"https:\/\/la-perla.net\/producto\/diamon-cocoon-daily-cleanser\/\",\"url\":\"https:\/\/la-perla.net\/producto\/diamon-cocoon-daily-cleanser\/\",\"name\":\"Diamon Cocoon Daily Cleanser - Talasoterapia La Perla \u2022 San Sebasti\u00e1n - Donostia\",\"isPartOf\":{\"@id\":\"https:\/\/la-perla.net\/#website\"},\"primaryImageOfPage\":{\"@id\":\"https:\/\/la-perla.net\/producto\/diamon-cocoon-daily-cleanser\/#primaryimage\"},\"image\":{\"@id\":\"https:\/\/la-perla.net\/producto\/diamon-cocoon-daily-cleanser\/#primaryimage\"},\"thumbnailUrl\":\"https:\/\/la-perla.net\/wp-content\/uploads\/2020\/10\/cocoon-daily-cleanser.jpg\",\"datePublished\":\"2021-08-11T08:21:49+00:00\",\"dateModified\":\"2025-12-01T22:00:21+00:00\",\"breadcrumb\":{\"@id\":\"https:\/\/la-perla.net\/producto\/diamon-cocoon-daily-cleanser\/#breadcrumb\"},\"inLanguage\":\"en-US\",\"potentialAction\":[{\"@type\":\"ReadAction\",\"target\":[\"https:\/\/la-perla.net\/producto\/diamon-cocoon-daily-cleanser\/\"]}]},{\"@type\":\"ImageObject\",\"inLanguage\":\"en-US\",\"@id\":\"https:\/\/la-perla.net\/producto\/diamon-cocoon-daily-cleanser\/#primaryimage\",\"url\":\"https:\/\/la-perla.net\/wp-content\/uploads\/2020\/10\/cocoon-daily-cleanser.jpg\",\"contentUrl\":\"https:\/\/la-perla.net\/wp-content\/uploads\/2020\/10\/cocoon-daily-cleanser.jpg\",\"width\":1701,\"height\":1417,\"caption\":\"Diamond Cocoon Daily Cleanser\"},{\"@type\":\"BreadcrumbList\",\"@id\":\"https:\/\/la-perla.net\/producto\/diamon-cocoon-daily-cleanser\/#breadcrumb\",\"itemListElement\":[{\"@type\":\"ListItem\",\"position\":1,\"name\":\"Portada\",\"item\":\"https:\/\/la-perla.net\/en\/\"},{\"@type\":\"ListItem\",\"position\":2,\"name\":\"Shop\",\"item\":\"https:\/\/la-perla.net\/en\/shop\/\"},{\"@type\":\"ListItem\",\"position\":3,\"name\":\"Diamon Cocoon Daily Cleanser\"}]},{\"@type\":\"WebSite\",\"@id\":\"https:\/\/la-perla.net\/#website\",\"url\":\"https:\/\/la-perla.net\/\",\"name\":\"Talasoterapia La Perla \u2022 San Sebasti\u00e1n - Donostia\",\"description\":\"Talasoterapia en Guipuzcoa - Centro de salud, belleza y deporte\",\"publisher\":{\"@id\":\"https:\/\/la-perla.net\/#organization\"},\"potentialAction\":[{\"@type\":\"SearchAction\",\"target\":{\"@type\":\"EntryPoint\",\"urlTemplate\":\"https:\/\/la-perla.net\/?s={search_term_string}\"},\"query-input\":{\"@type\":\"PropertyValueSpecification\",\"valueRequired\":true,\"valueName\":\"search_term_string\"}}],\"inLanguage\":\"en-US\"},{\"@type\":\"Organization\",\"@id\":\"https:\/\/la-perla.net\/#organization\",\"name\":\"La Perla\",\"url\":\"https:\/\/la-perla.net\/\",\"logo\":{\"@type\":\"ImageObject\",\"inLanguage\":\"en-US\",\"@id\":\"https:\/\/la-perla.net\/#\/schema\/logo\/image\/\",\"url\":\"https:\/\/la-perla.net\/wp-content\/uploads\/2020\/09\/talasoterapia-la-perla.png\",\"contentUrl\":\"https:\/\/la-perla.net\/wp-content\/uploads\/2020\/09\/talasoterapia-la-perla.png\",\"width\":191,\"height\":51,\"caption\":\"La Perla\"},\"image\":{\"@id\":\"https:\/\/la-perla.net\/#\/schema\/logo\/image\/\"},\"sameAs\":[\"https:\/\/www.facebook.com\/laperladonosti\/\",\"https:\/\/x.com\/LaPerlaDonosti\",\"https:\/\/www.instagram.com\/laperladonosti\/?hl=es\",\"https:\/\/www.youtube.com\/channel\/UChQhp12N7Lg6ZrOcmAJAy4g\"]}]}<\/script>\n<!-- \/ Yoast SEO plugin. -->","yoast_head_json":{"title":"Diamon Cocoon Daily Cleanser - Talasoterapia La Perla \u2022 San Sebasti\u00e1n - Donostia","robots":{"index":"index","follow":"follow","max-snippet":"max-snippet:-1","max-image-preview":"max-image-preview:large","max-video-preview":"max-video-preview:-1"},"canonical":"https:\/\/la-perla.net\/producto\/diamon-cocoon-daily-cleanser\/","og_locale":"en_US","og_type":"article","og_title":"Diamon Cocoon Daily Cleanser - Talasoterapia La Perla \u2022 San Sebasti\u00e1n - Donostia","og_description":"Cleanser and make-up remover for effective cleansing in a single step  Very respectful of all skin types, even the most sensitive, this dual-action cream - cleanser and makeup remover - gently removes and eliminates in a single step any remaining contaminating particles, toxins, impurities, excess oil and makeup. Ideal for daily facial cleansing, it keeps the skin hydrated, elastic and comfortable while protecting the skin barrier. 150 ml","og_url":"https:\/\/la-perla.net\/producto\/diamon-cocoon-daily-cleanser\/","og_site_name":"Talasoterapia La Perla \u2022 San Sebasti\u00e1n - Donostia","article_publisher":"https:\/\/www.facebook.com\/laperladonosti\/","article_modified_time":"2025-12-01T22:00:21+00:00","og_image":[{"width":1701,"height":1417,"url":"https:\/\/la-perla.net\/wp-content\/uploads\/2020\/10\/cocoon-daily-cleanser.jpg","type":"image\/jpeg"}],"twitter_card":"summary_large_image","twitter_site":"@LaPerlaDonosti","schema":{"@context":"https:\/\/schema.org","@graph":[{"@type":"WebPage","@id":"https:\/\/la-perla.net\/producto\/diamon-cocoon-daily-cleanser\/","url":"https:\/\/la-perla.net\/producto\/diamon-cocoon-daily-cleanser\/","name":"Diamon Cocoon Daily Cleanser - Talasoterapia La Perla \u2022 San Sebasti\u00e1n - Donostia","isPartOf":{"@id":"https:\/\/la-perla.net\/#website"},"primaryImageOfPage":{"@id":"https:\/\/la-perla.net\/producto\/diamon-cocoon-daily-cleanser\/#primaryimage"},"image":{"@id":"https:\/\/la-perla.net\/producto\/diamon-cocoon-daily-cleanser\/#primaryimage"},"thumbnailUrl":"https:\/\/la-perla.net\/wp-content\/uploads\/2020\/10\/cocoon-daily-cleanser.jpg","datePublished":"2021-08-11T08:21:49+00:00","dateModified":"2025-12-01T22:00:21+00:00","breadcrumb":{"@id":"https:\/\/la-perla.net\/producto\/diamon-cocoon-daily-cleanser\/#breadcrumb"},"inLanguage":"en-US","potentialAction":[{"@type":"ReadAction","target":["https:\/\/la-perla.net\/producto\/diamon-cocoon-daily-cleanser\/"]}]},{"@type":"ImageObject","inLanguage":"en-US","@id":"https:\/\/la-perla.net\/producto\/diamon-cocoon-daily-cleanser\/#primaryimage","url":"https:\/\/la-perla.net\/wp-content\/uploads\/2020\/10\/cocoon-daily-cleanser.jpg","contentUrl":"https:\/\/la-perla.net\/wp-content\/uploads\/2020\/10\/cocoon-daily-cleanser.jpg","width":1701,"height":1417,"caption":"Diamond Cocoon Daily Cleanser"},{"@type":"BreadcrumbList","@id":"https:\/\/la-perla.net\/producto\/diamon-cocoon-daily-cleanser\/#breadcrumb","itemListElement":[{"@type":"ListItem","position":1,"name":"Portada","item":"https:\/\/la-perla.net\/en\/"},{"@type":"ListItem","position":2,"name":"Shop","item":"https:\/\/la-perla.net\/en\/shop\/"},{"@type":"ListItem","position":3,"name":"Diamon Cocoon Daily Cleanser"}]},{"@type":"WebSite","@id":"https:\/\/la-perla.net\/#website","url":"https:\/\/la-perla.net\/","name":"Talasoterapia La Perla \u2022 San Sebasti\u00e1n - Donostia","description":"Talasoterapia en Guipuzcoa - Centro de salud, belleza y deporte","publisher":{"@id":"https:\/\/la-perla.net\/#organization"},"potentialAction":[{"@type":"SearchAction","target":{"@type":"EntryPoint","urlTemplate":"https:\/\/la-perla.net\/?s={search_term_string}"},"query-input":{"@type":"PropertyValueSpecification","valueRequired":true,"valueName":"search_term_string"}}],"inLanguage":"en-US"},{"@type":"Organization","@id":"https:\/\/la-perla.net\/#organization","name":"La Perla","url":"https:\/\/la-perla.net\/","logo":{"@type":"ImageObject","inLanguage":"en-US","@id":"https:\/\/la-perla.net\/#\/schema\/logo\/image\/","url":"https:\/\/la-perla.net\/wp-content\/uploads\/2020\/09\/talasoterapia-la-perla.png","contentUrl":"https:\/\/la-perla.net\/wp-content\/uploads\/2020\/09\/talasoterapia-la-perla.png","width":191,"height":51,"caption":"La Perla"},"image":{"@id":"https:\/\/la-perla.net\/#\/schema\/logo\/image\/"},"sameAs":["https:\/\/www.facebook.com\/laperladonosti\/","https:\/\/x.com\/LaPerlaDonosti","https:\/\/www.instagram.com\/laperladonosti\/?hl=es","https:\/\/www.youtube.com\/channel\/UChQhp12N7Lg6ZrOcmAJAy4g"]}]}},"_links":{"self":[{"href":"https:\/\/la-perla.net\/en\/wp-json\/wp\/v2\/product\/75173"}],"collection":[{"href":"https:\/\/la-perla.net\/en\/wp-json\/wp\/v2\/product"}],"about":[{"href":"https:\/\/la-perla.net\/en\/wp-json\/wp\/v2\/types\/product"}],"wp:featuredmedia":[{"embeddable":true,"href":"https:\/\/la-perla.net\/en\/wp-json\/wp\/v2\/media\/64806"}],"wp:attachment":[{"href":"https:\/\/la-perla.net\/en\/wp-json\/wp\/v2\/media?parent=75173"}],"wp:term":[{"taxonomy":"product_brand","embeddable":true,"href":"https:\/\/la-perla.net\/en\/wp-json\/wp\/v2\/product_brand?post=75173"},{"taxonomy":"product_cat","embeddable":true,"href":"https:\/\/la-perla.net\/en\/wp-json\/wp\/v2\/product_cat?post=75173"},{"taxonomy":"product_tag","embeddable":true,"href":"https:\/\/la-perla.net\/en\/wp-json\/wp\/v2\/product_tag?post=75173"}],"curies":[{"name":"wp","href":"https:\/\/api.w.org\/{rel}","templated":true}]}}