{"id":104977,"date":"2023-04-17T12:48:21","date_gmt":"2023-04-17T10:48:21","guid":{"rendered":"https:\/\/la-perla.net\/talasoterapia\/igeriketa-ume-eta-haurrentzat\/"},"modified":"2024-05-21T12:53:52","modified_gmt":"2024-05-21T10:53:52","slug":"igeriketa-ume-eta-haurrentzat","status":"publish","type":"page","link":"https:\/\/la-perla.net\/eu\/talasoterapia\/igeriketa-ume-eta-haurrentzat\/","title":{"rendered":"IGERIKETA UME ETA HAURRENTZAT"},"content":{"rendered":"<div class=\"wp-block-columns is-layout-flex wp-container-core-columns-is-layout-1 wp-block-columns-is-layout-flex\"><div class=\"wp-block-column is-layout-flow wp-block-column-is-layout-flow\" style=\"flex-basis:66.66%\"><figure class=\"wp-block-image size-large\"><img loading=\"lazy\" decoding=\"async\" width=\"580\" height=\"662\" src=\"https:\/\/la-perla.net\/wp-content\/uploads\/2022\/04\/06_Natacion-para-ninos.jpg\" alt=\"\" class=\"wp-image-87147\" srcset=\"https:\/\/la-perla.net\/wp-content\/uploads\/2022\/04\/06_Natacion-para-ninos.jpg 580w, https:\/\/la-perla.net\/wp-content\/uploads\/2022\/04\/06_Natacion-para-ninos-263x300.jpg 263w, https:\/\/la-perla.net\/wp-content\/uploads\/2022\/04\/06_Natacion-para-ninos-540x616.jpg 540w, https:\/\/la-perla.net\/wp-content\/uploads\/2022\/04\/06_Natacion-para-ninos-408x466.jpg 408w, https:\/\/la-perla.net\/wp-content\/uploads\/2022\/04\/06_Natacion-para-ninos-255x291.jpg 255w, https:\/\/la-perla.net\/wp-content\/uploads\/2022\/04\/06_Natacion-para-ninos-555x633.jpg 555w, https:\/\/la-perla.net\/wp-content\/uploads\/2022\/04\/06_Natacion-para-ninos-360x411.jpg 360w, https:\/\/la-perla.net\/wp-content\/uploads\/2022\/04\/06_Natacion-para-ninos-262x299.jpg 262w\" sizes=\"(max-width: 580px) 100vw, 580px\" \/><\/figure><\/div>\n\n<div class=\"wp-block-column is-layout-flow wp-block-column-is-layout-flow\" style=\"flex-basis:33.33%\"><div style=\"height:100px\" aria-hidden=\"true\" class=\"wp-block-spacer\"><\/div>\n\n<h3 class=\"wp-block-heading\">Itsasoko uraren onurak <\/h3>\n\n<p>Itsasoko uraren flotazio mailaren ondorioz, haurra seguruago sentitzen da, gozatzen du eta azkarrago ikasten du.<br>\r\nGainera, immunitate-sistemaren propietate antibiotikoak eta estimulatzaileak eskaintzen ditu.<br>\r\nGorputza elikatu, birmineralizatu eta tonifikatzen du.<\/p>\n\n<h2 class=\"wp-block-heading\">Zergatik LA PERLAn <\/h2>\n\n<p>\u2022 Itsasoko uraren segurtasuna eta onurak.<br>\r\n\u2022 Uraren tenperatura 32 gradutara bermatuta.<br>\r\n\u2022 Giro bero eta atsegina. <\/p><\/div><\/div><div style=\"height:48px\" aria-hidden=\"true\" class=\"wp-block-spacer\"><\/div><style>.kt-tabs-id104977_879146-cf > .kt-tabs-content-wrap > .wp-block-kadence-tab{border-top:4px solid #eeeeee;border-right:4px solid #eeeeee;border-bottom:4px solid #eeeeee;border-left:4px solid #eeeeee;border-top-left-radius:0px;border-top-right-radius:0px;border-bottom-right-radius:0px;border-bottom-left-radius:0px;padding-top:var(--global-kb-spacing-sm, 1.5rem);padding-right:var(--global-kb-spacing-sm, 1.5rem);padding-bottom:var(--global-kb-spacing-sm, 1.5rem);padding-left:var(--global-kb-spacing-sm, 1.5rem);min-height:400px;background:#ffffff;}.wp-block-kadence-tabs .kt-tabs-id104977_879146-cf > .kt-tabs-title-list li{margin-top:0px;margin-right:-4px;margin-bottom:10px;margin-left:0px;}.wp-block-kadence-tabs .kt-tabs-id104977_879146-cf > .kt-tabs-title-list li .kt-tab-title, .wp-block-kadence-tabs .kt-tabs-id104977_879146-cf > .kt-tabs-content-wrap > .kt-tabs-accordion-title .kt-tab-title{line-height:1.4em;font-weight:regular;font-style:normal;border-top-width:4px;border-right-width:0px;border-bottom-width:4px;border-left-width:4px;border-top-left-radius:10px;border-top-right-radius:0px;border-bottom-right-radius:0px;border-bottom-left-radius:10px;padding-top:12px;padding-right:8px;padding-bottom:12px;padding-left:20px;border-color:#eeeeee;color:#444444;background:#eeeeee;}.wp-block-kadence-tabs .kt-tabs-id104977_879146-cf > .kt-tabs-content-wrap > .kt-tabs-accordion-title .kt-tab-title{margin-top:0px;margin-right:-4px;margin-bottom:10px;margin-left:0px;}.wp-block-kadence-tabs .kt-tabs-id104977_879146-cf > .kt-tabs-title-list li .kt-tab-title:hover, .wp-block-kadence-tabs .kt-tabs-id104977_879146-cf > .kt-tabs-content-wrap > .kt-tabs-accordion-title .kt-tab-title:hover{border-color:#e9e9e9;color:#444444;background:#e9e9e9;}.wp-block-kadence-tabs .kt-tabs-id104977_879146-cf > .kt-tabs-title-list li.kt-tab-title-active .kt-tab-title, .wp-block-kadence-tabs .kt-tabs-id104977_879146-cf > .kt-tabs-content-wrap > .kt-tabs-accordion-title.kt-tab-title-active .kt-tab-title{border-color:#eeeeee;color:#444444;background:#ffffff;}@media all and (min-width: 1025px){.wp-block-kadence-tabs .kt-tabs-id104977_879146-cf{display:flex;}.wp-block-kadence-tabs .kt-tabs-id104977_879146-cf > .kt-tabs-title-list{float:none;width:30%;}.wp-block-kadence-tabs .kt-tabs-id104977_879146-cf > .kt-tabs-content-wrap{float:none;width:auto;-webkit-flex:1;flex:1;}}@media all and (max-width: 1024px){.kt-tabs-id104977_879146-cf > .kt-tabs-content-wrap > .wp-block-kadence-tab{border-top:4px solid #eeeeee;border-right:4px solid #eeeeee;border-bottom:4px solid #eeeeee;border-left:4px solid #eeeeee;}}@media all and (min-width: 768px) and (max-width: 1024px){.wp-block-kadence-tabs .kt-tabs-id104977_879146-cf{display:flex;}.wp-block-kadence-tabs .kt-tabs-id104977_879146-cf > .kt-tabs-title-list{float:none;width:30%;}.wp-block-kadence-tabs .kt-tabs-id104977_879146-cf > .kt-tabs-content-wrap{float:none;width:auto;-webkit-flex:1;flex:1;}}@media all and (max-width: 767px){.kt-tabs-id104977_879146-cf > .kt-tabs-content-wrap > .wp-block-kadence-tab{border-top:4px solid #eeeeee;border-right:4px solid #eeeeee;border-bottom:4px solid #eeeeee;border-left:4px solid #eeeeee;}}<\/style>\n<div class=\"wp-block-kadence-tabs alignnone\"><div class=\"kt-tabs-wrap kt-tabs-id104977_879146-cf kt-tabs-has-3-tabs kt-active-tab-1 kt-tabs-layout-vtabs kt-tabs-tablet-layout-inherit kt-tabs-mobile-layout-accordion kt-tab-alignment-left kt-create-accordion\"><ul class=\"kt-tabs-title-list\"><li id=\"tab-helburuaetaonurak\" class=\"kt-title-item kt-title-item-1 kt-tabs-svg-show-always kt-tabs-icon-side-right kt-tab-title-active\"><a href=\"#tab-helburuaetaonurak\" data-tab=\"1\" class=\"kt-tab-title kt-tab-title-1 \"><span class=\"kt-title-text\">Helburua eta onurak <\/span><\/a><\/li><li id=\"tab-instalazioak\" class=\"kt-title-item kt-title-item-2 kt-tabs-svg-show-always kt-tabs-icon-side-right kt-tab-title-inactive\"><a href=\"#tab-instalazioak\" data-tab=\"2\" class=\"kt-tab-title kt-tab-title-2 \"><span class=\"kt-title-text\"> Instalazioak <\/span><\/a><\/li><li id=\"tab-adinakordutegiaketairaupena\" class=\"kt-title-item kt-title-item-3 kt-tabs-svg-show-always kt-tabs-icon-side-right kt-tab-title-inactive\"><a href=\"#tab-adinakordutegiaketairaupena\" data-tab=\"3\" class=\"kt-tab-title kt-tab-title-3 \"><span class=\"kt-title-text\">Adinak, ordutegiak eta iraupena<\/span><\/a><\/li><\/ul><div class=\"kt-tabs-content-wrap\"><div class=\"wp-block-kadence-tab kt-tab-inner-content kt-inner-tab-1 kt-inner-tab_6c213e-ba\"><div class=\"kt-tab-inner-content-inner\"><h3 class=\"wp-block-heading\">Jardueraren helburua eta onurak <\/h3>\n\n<p>Umeen eta haurren autonomia lortzeko oinarriak sortzea, estimulazio psikomotrizearen eta erlaxazio fisikoaren bidez, giltzadura eta gihar-funtzioak hobetzen hasteko. <br><br>\r\nGure metodoarekin haurrak beren burua defendatzeko eta uraz gozatzeko prestatzea lortzen dugu, etorkizunean igeriketa ikasteko oinarriak ezarriz. Gure langile kualifikatuek jardueren etengabeko jarraipena egingo dute eta txosten pertsonalizatuak egingo dituzte.  <\/p><\/div><\/div>\n\n<div class=\"wp-block-kadence-tab kt-tab-inner-content kt-inner-tab-2 kt-inner-tab_104281-09\"><div class=\"kt-tab-inner-content-inner\"><h3 class=\"wp-block-heading\">Instalazioak <\/h3>\n\n<p>Itsasoko uraren igerilekua, talasoterapia zentrotik aparteko instalazio batzuetan kokatua, Kontxako pasealekutik zuzeneko sarbidea duena. <\/p>\n\n<p>Laguntzaileek behatzeko aretoa eta gainera, giro zabal, bero eta esklusiboa. <\/p><\/div><\/div>\n\n<div class=\"wp-block-kadence-tab kt-tab-inner-content kt-inner-tab-3 kt-inner-tab_c8f5b8-05\"><div class=\"kt-tab-inner-content-inner\"><h3 class=\"wp-block-heading\">Hiruhileko ikastaroak: <\/h3>\n\n<ul class=\"wp-block-list\"><li>4 hilabetetik 7 urtera bitarte (talde txikiak, maila eta\/edo adinaren arabera). Beste adin batzuk, kontsultatu.<\/li>\n\n<li>Astelehenetik ostiralera, goizez eta arratsaldez. Larunbat eta igandeetan, goizez bakarrik. <\/li>\n\n<li>Astean behin, 30 minutuko saioetan. <\/li><\/ul>\n\n<h3 class=\"wp-block-heading\">Udako ikastaro trinkoak (Uztaila eta Abuztua) <\/h3>\n\n<ul class=\"wp-block-list\"><li>4 hilabetetik 36 hilabetera. astean 30 minutuko 4 saio. <\/li>\n\n<li>3 urtetik 7 urtera. 30 minutuko 8 saio, hamabostean behin.<\/li>\n\n<li>Astelehenetik osteguna, goizez eta arratsaldez.<\/li><\/ul>\n\n<h3 class=\"wp-block-heading\">Entrenamendu pertsonala <\/h3>\n\n<ul class=\"wp-block-list\"><li>30 minutuko 10 saioko bonua. <\/li>\n\n<li>Kontsultatu ordutegiak. <\/li><\/ul><\/div><\/div><\/div><\/div><\/div><p><\/p>","protected":false},"excerpt":{"rendered":"<p>Itsasoko uraren onurak Itsasoko uraren flotazio mailaren ondorioz, haurra seguruago sentitzen da, gozatzen du eta azkarrago ikasten du. Gainera, immunitate-sistemaren propietate antibiotikoak eta estimulatzaileak eskaintzen ditu. Gorputza elikatu, birmineralizatu eta tonifikatzen du. Zergatik LA PERLAn \u2022 Itsasoko uraren segurtasuna eta onurak. \u2022 Uraren tenperatura 32 gradutara bermatuta. \u2022 Giro bero eta atsegina.<\/p>\n","protected":false},"author":5,"featured_media":0,"parent":104608,"menu_order":10,"comment_status":"closed","ping_status":"closed","template":"","meta":{"_genesis_hide_title":false,"_genesis_hide_breadcrumbs":false,"_genesis_hide_singular_image":false,"_genesis_hide_footer_widgets":false,"_genesis_custom_body_class":"","_genesis_custom_post_class":"","_genesis_layout":"","footnotes":""},"class_list":{"0":"post-104977","1":"page","2":"type-page","3":"status-publish","5":"entry","6":"has-post-thumbnail"},"yoast_head":"<!-- This site is optimized with the Yoast SEO plugin v25.6 - https:\/\/yoast.com\/wordpress\/plugins\/seo\/ -->\n<title>Clases de Nataci\u00f3n para Beb\u00e9s y Ni\u00f1os \u2022 Talasoterapia La Perla<\/title>\n<meta name=\"description\" content=\"Clases de nataci\u00f3n para beb\u00e9s y ni\u00f1os en La Perla. Tu peque iniciar\u00e1 el contacto con el agua en un ambiente seguro con grandes beneficios.\" \/>\n<meta name=\"robots\" content=\"index, follow, max-snippet:-1, max-image-preview:large, max-video-preview:-1\" \/>\n<link rel=\"canonical\" href=\"https:\/\/la-perla.net\/eu\/talasoterapia\/igeriketa-ume-eta-haurrentzat\/\" \/>\n<meta property=\"og:locale\" content=\"eu_ES\" \/>\n<meta property=\"og:type\" content=\"article\" \/>\n<meta property=\"og:title\" content=\"Clases de Nataci\u00f3n para Beb\u00e9s y Ni\u00f1os \u2022 Talasoterapia La Perla\" \/>\n<meta property=\"og:description\" content=\"Clases de nataci\u00f3n para beb\u00e9s y ni\u00f1os en La Perla. Tu peque iniciar\u00e1 el contacto con el agua en un ambiente seguro con grandes beneficios.\" \/>\n<meta property=\"og:url\" content=\"https:\/\/la-perla.net\/eu\/talasoterapia\/igeriketa-ume-eta-haurrentzat\/\" \/>\n<meta property=\"og:site_name\" content=\"Talasoterapia La Perla \u2022 San Sebasti\u00e1n - Donostia\" \/>\n<meta property=\"article:publisher\" content=\"https:\/\/www.facebook.com\/laperladonosti\/\" \/>\n<meta property=\"article:modified_time\" content=\"2024-05-21T10:53:52+00:00\" \/>\n<meta property=\"og:image\" content=\"https:\/\/la-perla.net\/wp-content\/uploads\/2022\/04\/06_Natacion-para-ninos.jpg\" \/>\n<meta name=\"twitter:card\" content=\"summary_large_image\" \/>\n<meta name=\"twitter:site\" content=\"@LaPerlaDonosti\" \/>\n<meta name=\"twitter:label1\" content=\"Est. reading time\" \/>\n\t<meta name=\"twitter:data1\" content=\"2 minutes\" \/>\n<script type=\"application\/ld+json\" class=\"yoast-schema-graph\">{\"@context\":\"https:\/\/schema.org\",\"@graph\":[{\"@type\":\"WebPage\",\"@id\":\"https:\/\/la-perla.net\/eu\/talasoterapia\/igeriketa-ume-eta-haurrentzat\/\",\"url\":\"https:\/\/la-perla.net\/eu\/talasoterapia\/igeriketa-ume-eta-haurrentzat\/\",\"name\":\"Clases de Nataci\u00f3n para Beb\u00e9s y Ni\u00f1os \u2022 Talasoterapia La Perla\",\"isPartOf\":{\"@id\":\"https:\/\/la-perla.net\/#website\"},\"primaryImageOfPage\":{\"@id\":\"https:\/\/la-perla.net\/eu\/talasoterapia\/igeriketa-ume-eta-haurrentzat\/#primaryimage\"},\"image\":{\"@id\":\"https:\/\/la-perla.net\/eu\/talasoterapia\/igeriketa-ume-eta-haurrentzat\/#primaryimage\"},\"thumbnailUrl\":\"https:\/\/la-perla.net\/wp-content\/uploads\/2022\/04\/06_Natacion-para-ninos.jpg\",\"datePublished\":\"2023-04-17T10:48:21+00:00\",\"dateModified\":\"2024-05-21T10:53:52+00:00\",\"description\":\"Clases de nataci\u00f3n para beb\u00e9s y ni\u00f1os en La Perla. Tu peque iniciar\u00e1 el contacto con el agua en un ambiente seguro con grandes beneficios.\",\"breadcrumb\":{\"@id\":\"https:\/\/la-perla.net\/eu\/talasoterapia\/igeriketa-ume-eta-haurrentzat\/#breadcrumb\"},\"inLanguage\":\"eu-ES\",\"potentialAction\":[{\"@type\":\"ReadAction\",\"target\":[\"https:\/\/la-perla.net\/eu\/talasoterapia\/igeriketa-ume-eta-haurrentzat\/\"]}]},{\"@type\":\"ImageObject\",\"inLanguage\":\"eu-ES\",\"@id\":\"https:\/\/la-perla.net\/eu\/talasoterapia\/igeriketa-ume-eta-haurrentzat\/#primaryimage\",\"url\":\"https:\/\/la-perla.net\/wp-content\/uploads\/2022\/04\/06_Natacion-para-ninos.jpg\",\"contentUrl\":\"https:\/\/la-perla.net\/wp-content\/uploads\/2022\/04\/06_Natacion-para-ninos.jpg\"},{\"@type\":\"BreadcrumbList\",\"@id\":\"https:\/\/la-perla.net\/eu\/talasoterapia\/igeriketa-ume-eta-haurrentzat\/#breadcrumb\",\"itemListElement\":[{\"@type\":\"ListItem\",\"position\":1,\"name\":\"Portada\",\"item\":\"https:\/\/la-perla.net\/eu\/\"},{\"@type\":\"ListItem\",\"position\":2,\"name\":\"Talasoterapia\",\"item\":\"https:\/\/la-perla.net\/talasoterapia\/\"},{\"@type\":\"ListItem\",\"position\":3,\"name\":\"IGERIKETA UME ETA HAURRENTZAT\"}]},{\"@type\":\"WebSite\",\"@id\":\"https:\/\/la-perla.net\/#website\",\"url\":\"https:\/\/la-perla.net\/\",\"name\":\"Talasoterapia La Perla \u2022 San Sebasti\u00e1n - Donostia\",\"description\":\"Talasoterapia en Guipuzcoa - Centro de salud, belleza y deporte\",\"publisher\":{\"@id\":\"https:\/\/la-perla.net\/#organization\"},\"potentialAction\":[{\"@type\":\"SearchAction\",\"target\":{\"@type\":\"EntryPoint\",\"urlTemplate\":\"https:\/\/la-perla.net\/?s={search_term_string}\"},\"query-input\":{\"@type\":\"PropertyValueSpecification\",\"valueRequired\":true,\"valueName\":\"search_term_string\"}}],\"inLanguage\":\"eu-ES\"},{\"@type\":\"Organization\",\"@id\":\"https:\/\/la-perla.net\/#organization\",\"name\":\"La Perla\",\"url\":\"https:\/\/la-perla.net\/\",\"logo\":{\"@type\":\"ImageObject\",\"inLanguage\":\"eu-ES\",\"@id\":\"https:\/\/la-perla.net\/#\/schema\/logo\/image\/\",\"url\":\"https:\/\/la-perla.net\/wp-content\/uploads\/2020\/09\/talasoterapia-la-perla.png\",\"contentUrl\":\"https:\/\/la-perla.net\/wp-content\/uploads\/2020\/09\/talasoterapia-la-perla.png\",\"width\":191,\"height\":51,\"caption\":\"La Perla\"},\"image\":{\"@id\":\"https:\/\/la-perla.net\/#\/schema\/logo\/image\/\"},\"sameAs\":[\"https:\/\/www.facebook.com\/laperladonosti\/\",\"https:\/\/x.com\/LaPerlaDonosti\",\"https:\/\/www.instagram.com\/laperladonosti\/?hl=es\",\"https:\/\/www.youtube.com\/channel\/UChQhp12N7Lg6ZrOcmAJAy4g\"]}]}<\/script>\n<!-- \/ Yoast SEO plugin. -->","yoast_head_json":{"title":"Clases de Nataci\u00f3n para Beb\u00e9s y Ni\u00f1os \u2022 Talasoterapia La Perla","description":"Clases de nataci\u00f3n para beb\u00e9s y ni\u00f1os en La Perla. Tu peque iniciar\u00e1 el contacto con el agua en un ambiente seguro con grandes beneficios.","robots":{"index":"index","follow":"follow","max-snippet":"max-snippet:-1","max-image-preview":"max-image-preview:large","max-video-preview":"max-video-preview:-1"},"canonical":"https:\/\/la-perla.net\/eu\/talasoterapia\/igeriketa-ume-eta-haurrentzat\/","og_locale":"eu_ES","og_type":"article","og_title":"Clases de Nataci\u00f3n para Beb\u00e9s y Ni\u00f1os \u2022 Talasoterapia La Perla","og_description":"Clases de nataci\u00f3n para beb\u00e9s y ni\u00f1os en La Perla. Tu peque iniciar\u00e1 el contacto con el agua en un ambiente seguro con grandes beneficios.","og_url":"https:\/\/la-perla.net\/eu\/talasoterapia\/igeriketa-ume-eta-haurrentzat\/","og_site_name":"Talasoterapia La Perla \u2022 San Sebasti\u00e1n - Donostia","article_publisher":"https:\/\/www.facebook.com\/laperladonosti\/","article_modified_time":"2024-05-21T10:53:52+00:00","og_image":[{"url":"https:\/\/la-perla.net\/wp-content\/uploads\/2022\/04\/06_Natacion-para-ninos.jpg","type":"","width":"","height":""}],"twitter_card":"summary_large_image","twitter_site":"@LaPerlaDonosti","twitter_misc":{"Est. reading time":"2 minutes"},"schema":{"@context":"https:\/\/schema.org","@graph":[{"@type":"WebPage","@id":"https:\/\/la-perla.net\/eu\/talasoterapia\/igeriketa-ume-eta-haurrentzat\/","url":"https:\/\/la-perla.net\/eu\/talasoterapia\/igeriketa-ume-eta-haurrentzat\/","name":"Clases de Nataci\u00f3n para Beb\u00e9s y Ni\u00f1os \u2022 Talasoterapia La Perla","isPartOf":{"@id":"https:\/\/la-perla.net\/#website"},"primaryImageOfPage":{"@id":"https:\/\/la-perla.net\/eu\/talasoterapia\/igeriketa-ume-eta-haurrentzat\/#primaryimage"},"image":{"@id":"https:\/\/la-perla.net\/eu\/talasoterapia\/igeriketa-ume-eta-haurrentzat\/#primaryimage"},"thumbnailUrl":"https:\/\/la-perla.net\/wp-content\/uploads\/2022\/04\/06_Natacion-para-ninos.jpg","datePublished":"2023-04-17T10:48:21+00:00","dateModified":"2024-05-21T10:53:52+00:00","description":"Clases de nataci\u00f3n para beb\u00e9s y ni\u00f1os en La Perla. Tu peque iniciar\u00e1 el contacto con el agua en un ambiente seguro con grandes beneficios.","breadcrumb":{"@id":"https:\/\/la-perla.net\/eu\/talasoterapia\/igeriketa-ume-eta-haurrentzat\/#breadcrumb"},"inLanguage":"eu-ES","potentialAction":[{"@type":"ReadAction","target":["https:\/\/la-perla.net\/eu\/talasoterapia\/igeriketa-ume-eta-haurrentzat\/"]}]},{"@type":"ImageObject","inLanguage":"eu-ES","@id":"https:\/\/la-perla.net\/eu\/talasoterapia\/igeriketa-ume-eta-haurrentzat\/#primaryimage","url":"https:\/\/la-perla.net\/wp-content\/uploads\/2022\/04\/06_Natacion-para-ninos.jpg","contentUrl":"https:\/\/la-perla.net\/wp-content\/uploads\/2022\/04\/06_Natacion-para-ninos.jpg"},{"@type":"BreadcrumbList","@id":"https:\/\/la-perla.net\/eu\/talasoterapia\/igeriketa-ume-eta-haurrentzat\/#breadcrumb","itemListElement":[{"@type":"ListItem","position":1,"name":"Portada","item":"https:\/\/la-perla.net\/eu\/"},{"@type":"ListItem","position":2,"name":"Talasoterapia","item":"https:\/\/la-perla.net\/talasoterapia\/"},{"@type":"ListItem","position":3,"name":"IGERIKETA UME ETA HAURRENTZAT"}]},{"@type":"WebSite","@id":"https:\/\/la-perla.net\/#website","url":"https:\/\/la-perla.net\/","name":"Talasoterapia La Perla \u2022 San Sebasti\u00e1n - Donostia","description":"Talasoterapia en Guipuzcoa - Centro de salud, belleza y deporte","publisher":{"@id":"https:\/\/la-perla.net\/#organization"},"potentialAction":[{"@type":"SearchAction","target":{"@type":"EntryPoint","urlTemplate":"https:\/\/la-perla.net\/?s={search_term_string}"},"query-input":{"@type":"PropertyValueSpecification","valueRequired":true,"valueName":"search_term_string"}}],"inLanguage":"eu-ES"},{"@type":"Organization","@id":"https:\/\/la-perla.net\/#organization","name":"La Perla","url":"https:\/\/la-perla.net\/","logo":{"@type":"ImageObject","inLanguage":"eu-ES","@id":"https:\/\/la-perla.net\/#\/schema\/logo\/image\/","url":"https:\/\/la-perla.net\/wp-content\/uploads\/2020\/09\/talasoterapia-la-perla.png","contentUrl":"https:\/\/la-perla.net\/wp-content\/uploads\/2020\/09\/talasoterapia-la-perla.png","width":191,"height":51,"caption":"La Perla"},"image":{"@id":"https:\/\/la-perla.net\/#\/schema\/logo\/image\/"},"sameAs":["https:\/\/www.facebook.com\/laperladonosti\/","https:\/\/x.com\/LaPerlaDonosti","https:\/\/www.instagram.com\/laperladonosti\/?hl=es","https:\/\/www.youtube.com\/channel\/UChQhp12N7Lg6ZrOcmAJAy4g"]}]}},"_links":{"self":[{"href":"https:\/\/la-perla.net\/eu\/wp-json\/wp\/v2\/pages\/104977"}],"collection":[{"href":"https:\/\/la-perla.net\/eu\/wp-json\/wp\/v2\/pages"}],"about":[{"href":"https:\/\/la-perla.net\/eu\/wp-json\/wp\/v2\/types\/page"}],"author":[{"embeddable":true,"href":"https:\/\/la-perla.net\/eu\/wp-json\/wp\/v2\/users\/5"}],"replies":[{"embeddable":true,"href":"https:\/\/la-perla.net\/eu\/wp-json\/wp\/v2\/comments?post=104977"}],"version-history":[{"count":0,"href":"https:\/\/la-perla.net\/eu\/wp-json\/wp\/v2\/pages\/104977\/revisions"}],"up":[{"embeddable":true,"href":"https:\/\/la-perla.net\/eu\/wp-json\/wp\/v2\/pages\/104608"}],"wp:attachment":[{"href":"https:\/\/la-perla.net\/eu\/wp-json\/wp\/v2\/media?parent=104977"}],"curies":[{"name":"wp","href":"https:\/\/api.w.org\/{rel}","templated":true}]}}