{"id":106037,"date":"2023-05-15T16:04:53","date_gmt":"2023-05-15T14:04:53","guid":{"rendered":"https:\/\/la-perla.net\/ezeztapen-politika\/"},"modified":"2023-05-15T16:04:54","modified_gmt":"2023-05-15T14:04:54","slug":"ezeztapen-politika","status":"publish","type":"page","link":"https:\/\/la-perla.net\/eu\/ezeztapen-politika\/","title":{"rendered":"Ezeztapen-politika"},"content":{"rendered":"<p>Tratamenduen ordutegiak errespetatu egin behar dira; beraz, hitzordua baino 10 minutu lehenago joatea gomendatzen dizugu.<\/p><p>Ez etortzea edo atzerapenarekin etortzeak, egin ez diren edo denbora gutxiagoz egin diren tratamenduak osorik ordaindu beharko dira eta ezin izanen dira beste egun batera atzeratu.<\/p><p>Ezeztatuz gero, lehenbailehen jakinaraztea eskatzen dizugu.<br\/>Deuseztapena tratamendua hasi baino 12 ordu lehenago egiten bada, saioa nahitaez ordaindu beharko da eta eman diguzun banku-txartelean kargatuko da zenbatekoa.<\/p><div class=\"wp-block-columns is-layout-flex wp-container-core-columns-is-layout-1 wp-block-columns-is-layout-flex\"><div class=\"wp-block-column is-layout-flow wp-block-column-is-layout-flow\"><h3>La Perla Tour Birtuala<\/h3>\r\n<a href=\"http:\/\/tour.la-perla.net\/\" target=\"_blank\" rel=\"noopener noreferrer\" width=\"300\" height=\"150\"><img decoding=\"async\" src=\"\/wp-content\/uploads\/2020\/09\/360-imagen-grande.png\"\/><\/a><\/div>\n\n<div class=\"wp-block-column is-layout-flow wp-block-column-is-layout-flow\"><h3>Eguraldia Kontxan zuzenean<\/h3>\r\n<iframe loading=\"lazy\" class=\"webcam\" src=\"https:\/\/www.webcam-hd.fr\/laperla\/San-sebastian-la-concha.php\" width=\"100%\" height=\"300\" frameborder=\"0\"><\/iframe><\/div><\/div>","protected":false},"excerpt":{"rendered":"<p>Tratamenduen ordutegiak errespetatu egin behar dira; beraz, hitzordua baino 10 minutu lehenago joatea gomendatzen dizugu. Ez etortzea edo atzerapenarekin etortzeak, egin ez diren edo denbora gutxiagoz egin diren tratamenduak osorik ordaindu beharko dira eta ezin izanen dira beste egun batera atzeratu. Ezeztatuz gero, lehenbailehen jakinaraztea eskatzen dizugu.Deuseztapena tratamendua hasi baino 12 ordu lehenago egiten bada,&hellip; <\/p>\n<div><a class=\"more-link\" href=\"https:\/\/la-perla.net\/eu\/ezeztapen-politika\/\">Leer m\u00e1s \u2192<\/a><\/div>\n","protected":false},"author":5,"featured_media":0,"parent":0,"menu_order":64,"comment_status":"closed","ping_status":"closed","template":"","meta":{"_genesis_hide_title":false,"_genesis_hide_breadcrumbs":false,"_genesis_hide_singular_image":false,"_genesis_hide_footer_widgets":false,"_genesis_custom_body_class":"","_genesis_custom_post_class":"","_genesis_layout":"","footnotes":""},"class_list":{"0":"post-106037","1":"page","2":"type-page","3":"status-publish","5":"entry"},"yoast_head":"<!-- This site is optimized with the Yoast SEO plugin v25.6 - https:\/\/yoast.com\/wordpress\/plugins\/seo\/ -->\n<title>Pol\u00edtica de Cancelaci\u00f3n La Perla Talasoterapia \u2022 Donostia<\/title>\n<meta name=\"description\" content=\"Consulta Aqu\u00ed la Pol\u00edtica de Cancelaci\u00f3n de La Perla Talasoterapia en Donostia San Sebasti\u00e1n. Clic Aqu\u00ed para M\u00e1s informaci\u00f3n.\" \/>\n<meta name=\"robots\" content=\"index, follow, max-snippet:-1, max-image-preview:large, max-video-preview:-1\" \/>\n<link rel=\"canonical\" href=\"https:\/\/la-perla.net\/eu\/ezeztapen-politika\/\" \/>\n<meta property=\"og:locale\" content=\"eu_ES\" \/>\n<meta property=\"og:type\" content=\"article\" \/>\n<meta property=\"og:title\" content=\"Pol\u00edtica de Cancelaci\u00f3n La Perla Talasoterapia \u2022 Donostia\" \/>\n<meta property=\"og:description\" content=\"Consulta Aqu\u00ed la Pol\u00edtica de Cancelaci\u00f3n de La Perla Talasoterapia en Donostia San Sebasti\u00e1n. Clic Aqu\u00ed para M\u00e1s informaci\u00f3n.\" \/>\n<meta property=\"og:url\" content=\"https:\/\/la-perla.net\/eu\/ezeztapen-politika\/\" \/>\n<meta property=\"og:site_name\" content=\"Talasoterapia La Perla \u2022 San Sebasti\u00e1n - Donostia\" \/>\n<meta property=\"article:publisher\" content=\"https:\/\/www.facebook.com\/laperladonosti\/\" \/>\n<meta property=\"article:modified_time\" content=\"2023-05-15T14:04:54+00:00\" \/>\n<meta name=\"twitter:card\" content=\"summary_large_image\" \/>\n<meta name=\"twitter:site\" content=\"@LaPerlaDonosti\" \/>\n<script type=\"application\/ld+json\" class=\"yoast-schema-graph\">{\"@context\":\"https:\/\/schema.org\",\"@graph\":[{\"@type\":\"WebPage\",\"@id\":\"https:\/\/la-perla.net\/eu\/ezeztapen-politika\/\",\"url\":\"https:\/\/la-perla.net\/eu\/ezeztapen-politika\/\",\"name\":\"Pol\u00edtica de Cancelaci\u00f3n La Perla Talasoterapia \u2022 Donostia\",\"isPartOf\":{\"@id\":\"https:\/\/la-perla.net\/#website\"},\"datePublished\":\"2023-05-15T14:04:53+00:00\",\"dateModified\":\"2023-05-15T14:04:54+00:00\",\"description\":\"Consulta Aqu\u00ed la Pol\u00edtica de Cancelaci\u00f3n de La Perla Talasoterapia en Donostia San Sebasti\u00e1n. Clic Aqu\u00ed para M\u00e1s informaci\u00f3n.\",\"breadcrumb\":{\"@id\":\"https:\/\/la-perla.net\/eu\/ezeztapen-politika\/#breadcrumb\"},\"inLanguage\":\"eu-ES\",\"potentialAction\":[{\"@type\":\"ReadAction\",\"target\":[\"https:\/\/la-perla.net\/eu\/ezeztapen-politika\/\"]}]},{\"@type\":\"BreadcrumbList\",\"@id\":\"https:\/\/la-perla.net\/eu\/ezeztapen-politika\/#breadcrumb\",\"itemListElement\":[{\"@type\":\"ListItem\",\"position\":1,\"name\":\"Portada\",\"item\":\"https:\/\/la-perla.net\/eu\/\"},{\"@type\":\"ListItem\",\"position\":2,\"name\":\"Ezeztapen-politika\"}]},{\"@type\":\"WebSite\",\"@id\":\"https:\/\/la-perla.net\/#website\",\"url\":\"https:\/\/la-perla.net\/\",\"name\":\"Talasoterapia La Perla \u2022 San Sebasti\u00e1n - Donostia\",\"description\":\"Talasoterapia en Guipuzcoa - Centro de salud, belleza y deporte\",\"publisher\":{\"@id\":\"https:\/\/la-perla.net\/#organization\"},\"potentialAction\":[{\"@type\":\"SearchAction\",\"target\":{\"@type\":\"EntryPoint\",\"urlTemplate\":\"https:\/\/la-perla.net\/?s={search_term_string}\"},\"query-input\":{\"@type\":\"PropertyValueSpecification\",\"valueRequired\":true,\"valueName\":\"search_term_string\"}}],\"inLanguage\":\"eu-ES\"},{\"@type\":\"Organization\",\"@id\":\"https:\/\/la-perla.net\/#organization\",\"name\":\"La Perla\",\"url\":\"https:\/\/la-perla.net\/\",\"logo\":{\"@type\":\"ImageObject\",\"inLanguage\":\"eu-ES\",\"@id\":\"https:\/\/la-perla.net\/#\/schema\/logo\/image\/\",\"url\":\"https:\/\/la-perla.net\/wp-content\/uploads\/2020\/09\/talasoterapia-la-perla.png\",\"contentUrl\":\"https:\/\/la-perla.net\/wp-content\/uploads\/2020\/09\/talasoterapia-la-perla.png\",\"width\":191,\"height\":51,\"caption\":\"La Perla\"},\"image\":{\"@id\":\"https:\/\/la-perla.net\/#\/schema\/logo\/image\/\"},\"sameAs\":[\"https:\/\/www.facebook.com\/laperladonosti\/\",\"https:\/\/x.com\/LaPerlaDonosti\",\"https:\/\/www.instagram.com\/laperladonosti\/?hl=es\",\"https:\/\/www.youtube.com\/channel\/UChQhp12N7Lg6ZrOcmAJAy4g\"]}]}<\/script>\n<!-- \/ Yoast SEO plugin. -->","yoast_head_json":{"title":"Pol\u00edtica de Cancelaci\u00f3n La Perla Talasoterapia \u2022 Donostia","description":"Consulta Aqu\u00ed la Pol\u00edtica de Cancelaci\u00f3n de La Perla Talasoterapia en Donostia San Sebasti\u00e1n. Clic Aqu\u00ed para M\u00e1s informaci\u00f3n.","robots":{"index":"index","follow":"follow","max-snippet":"max-snippet:-1","max-image-preview":"max-image-preview:large","max-video-preview":"max-video-preview:-1"},"canonical":"https:\/\/la-perla.net\/eu\/ezeztapen-politika\/","og_locale":"eu_ES","og_type":"article","og_title":"Pol\u00edtica de Cancelaci\u00f3n La Perla Talasoterapia \u2022 Donostia","og_description":"Consulta Aqu\u00ed la Pol\u00edtica de Cancelaci\u00f3n de La Perla Talasoterapia en Donostia San Sebasti\u00e1n. Clic Aqu\u00ed para M\u00e1s informaci\u00f3n.","og_url":"https:\/\/la-perla.net\/eu\/ezeztapen-politika\/","og_site_name":"Talasoterapia La Perla \u2022 San Sebasti\u00e1n - Donostia","article_publisher":"https:\/\/www.facebook.com\/laperladonosti\/","article_modified_time":"2023-05-15T14:04:54+00:00","twitter_card":"summary_large_image","twitter_site":"@LaPerlaDonosti","schema":{"@context":"https:\/\/schema.org","@graph":[{"@type":"WebPage","@id":"https:\/\/la-perla.net\/eu\/ezeztapen-politika\/","url":"https:\/\/la-perla.net\/eu\/ezeztapen-politika\/","name":"Pol\u00edtica de Cancelaci\u00f3n La Perla Talasoterapia \u2022 Donostia","isPartOf":{"@id":"https:\/\/la-perla.net\/#website"},"datePublished":"2023-05-15T14:04:53+00:00","dateModified":"2023-05-15T14:04:54+00:00","description":"Consulta Aqu\u00ed la Pol\u00edtica de Cancelaci\u00f3n de La Perla Talasoterapia en Donostia San Sebasti\u00e1n. Clic Aqu\u00ed para M\u00e1s informaci\u00f3n.","breadcrumb":{"@id":"https:\/\/la-perla.net\/eu\/ezeztapen-politika\/#breadcrumb"},"inLanguage":"eu-ES","potentialAction":[{"@type":"ReadAction","target":["https:\/\/la-perla.net\/eu\/ezeztapen-politika\/"]}]},{"@type":"BreadcrumbList","@id":"https:\/\/la-perla.net\/eu\/ezeztapen-politika\/#breadcrumb","itemListElement":[{"@type":"ListItem","position":1,"name":"Portada","item":"https:\/\/la-perla.net\/eu\/"},{"@type":"ListItem","position":2,"name":"Ezeztapen-politika"}]},{"@type":"WebSite","@id":"https:\/\/la-perla.net\/#website","url":"https:\/\/la-perla.net\/","name":"Talasoterapia La Perla \u2022 San Sebasti\u00e1n - Donostia","description":"Talasoterapia en Guipuzcoa - Centro de salud, belleza y deporte","publisher":{"@id":"https:\/\/la-perla.net\/#organization"},"potentialAction":[{"@type":"SearchAction","target":{"@type":"EntryPoint","urlTemplate":"https:\/\/la-perla.net\/?s={search_term_string}"},"query-input":{"@type":"PropertyValueSpecification","valueRequired":true,"valueName":"search_term_string"}}],"inLanguage":"eu-ES"},{"@type":"Organization","@id":"https:\/\/la-perla.net\/#organization","name":"La Perla","url":"https:\/\/la-perla.net\/","logo":{"@type":"ImageObject","inLanguage":"eu-ES","@id":"https:\/\/la-perla.net\/#\/schema\/logo\/image\/","url":"https:\/\/la-perla.net\/wp-content\/uploads\/2020\/09\/talasoterapia-la-perla.png","contentUrl":"https:\/\/la-perla.net\/wp-content\/uploads\/2020\/09\/talasoterapia-la-perla.png","width":191,"height":51,"caption":"La Perla"},"image":{"@id":"https:\/\/la-perla.net\/#\/schema\/logo\/image\/"},"sameAs":["https:\/\/www.facebook.com\/laperladonosti\/","https:\/\/x.com\/LaPerlaDonosti","https:\/\/www.instagram.com\/laperladonosti\/?hl=es","https:\/\/www.youtube.com\/channel\/UChQhp12N7Lg6ZrOcmAJAy4g"]}]}},"_links":{"self":[{"href":"https:\/\/la-perla.net\/eu\/wp-json\/wp\/v2\/pages\/106037"}],"collection":[{"href":"https:\/\/la-perla.net\/eu\/wp-json\/wp\/v2\/pages"}],"about":[{"href":"https:\/\/la-perla.net\/eu\/wp-json\/wp\/v2\/types\/page"}],"author":[{"embeddable":true,"href":"https:\/\/la-perla.net\/eu\/wp-json\/wp\/v2\/users\/5"}],"replies":[{"embeddable":true,"href":"https:\/\/la-perla.net\/eu\/wp-json\/wp\/v2\/comments?post=106037"}],"version-history":[{"count":0,"href":"https:\/\/la-perla.net\/eu\/wp-json\/wp\/v2\/pages\/106037\/revisions"}],"wp:attachment":[{"href":"https:\/\/la-perla.net\/eu\/wp-json\/wp\/v2\/media?parent=106037"}],"curies":[{"name":"wp","href":"https:\/\/api.w.org\/{rel}","templated":true}]}}