{"id":119413,"date":"2024-01-16T14:02:18","date_gmt":"2024-01-16T13:02:18","guid":{"rendered":"https:\/\/la-perla.net\/kontsulta-estetikoa\/"},"modified":"2024-01-16T15:34:05","modified_gmt":"2024-01-16T14:34:05","slug":"kontsulta-estetikoa","status":"publish","type":"page","link":"https:\/\/la-perla.net\/eu\/kontsulta-estetikoa\/","title":{"rendered":"Kontsulta Estetikoa"},"content":{"rendered":"<div class=\"wp-block-columns is-layout-flex wp-container-core-columns-is-layout-1 wp-block-columns-is-layout-flex\"><div class=\"wp-block-column is-layout-flow wp-block-column-is-layout-flow\" style=\"flex-basis:66.66%\"><div class=\"wp-block-image\"><figure class=\"aligncenter size-full\"><img loading=\"lazy\" decoding=\"async\" width=\"655\" height=\"435\" src=\"https:\/\/la-perla.net\/wp-content\/uploads\/2024\/01\/consulta-estetica-opcion-2.jpg\" alt=\"\" class=\"wp-image-119115\" srcset=\"https:\/\/la-perla.net\/wp-content\/uploads\/2024\/01\/consulta-estetica-opcion-2.jpg 655w, https:\/\/la-perla.net\/wp-content\/uploads\/2024\/01\/consulta-estetica-opcion-2-300x199.jpg 300w, https:\/\/la-perla.net\/wp-content\/uploads\/2024\/01\/consulta-estetica-opcion-2-540x359.jpg 540w, https:\/\/la-perla.net\/wp-content\/uploads\/2024\/01\/consulta-estetica-opcion-2-408x271.jpg 408w, https:\/\/la-perla.net\/wp-content\/uploads\/2024\/01\/consulta-estetica-opcion-2-255x169.jpg 255w, https:\/\/la-perla.net\/wp-content\/uploads\/2024\/01\/consulta-estetica-opcion-2-555x369.jpg 555w, https:\/\/la-perla.net\/wp-content\/uploads\/2024\/01\/consulta-estetica-opcion-2-360x239.jpg 360w, https:\/\/la-perla.net\/wp-content\/uploads\/2024\/01\/consulta-estetica-opcion-2-262x174.jpg 262w, https:\/\/la-perla.net\/wp-content\/uploads\/2024\/01\/consulta-estetica-opcion-2-413x275.jpg 413w, https:\/\/la-perla.net\/wp-content\/uploads\/2024\/01\/consulta-estetica-opcion-2-400x267.jpg 400w, https:\/\/la-perla.net\/wp-content\/uploads\/2024\/01\/consulta-estetica-opcion-2-600x398.jpg 600w\" sizes=\"(max-width: 655px) 100vw, 655px\" \/><\/figure><\/div><\/div>\n\n<div class=\"wp-block-column is-layout-flow wp-block-column-is-layout-flow\" style=\"flex-basis:33.33%\"><h4 class=\"wp-block-heading\">Aurpegiko eta gorputzeko edertasuneko profesional talde aditu bat<\/h4>\n\n<p>Edertasunaren munduko erreferentziazko gunea, profesionalen esperientzia eta ezagutza azken teknologiekin eta itsas produktu kosmetikoen eta sinadura esklusiboen sorta zabalarekin konbinatzen dituena.\r\n\r\n<\/p>\n\n<p>Aldez aurretik kontsulta egin ondoren, pertsona bakoitzaren beharren arabera, azalaren azterketa egiten da, doako diagnostikoa ezartzen da eta aurpegiko tratamenduak, gorputzeko tratamenduak edo programa pertsonalizatu egokienak proposatzen dira.<\/p><\/div><\/div><div style=\"height:100px\" aria-hidden=\"true\" class=\"wp-block-spacer\"><\/div><style>.kt-tabs-id_7454c8-a9 > .kt-tabs-content-wrap > .wp-block-kadence-tab{border-top:4px solid #eeeeee;border-right:4px solid #eeeeee;border-bottom:4px solid #eeeeee;border-left:4px solid #eeeeee;border-top-left-radius:0px;border-top-right-radius:0px;border-bottom-right-radius:0px;border-bottom-left-radius:0px;padding-top:20px;padding-right:20px;padding-bottom:20px;padding-left:20px;min-height:400px;background:#ffffff;}.wp-block-kadence-tabs .kt-tabs-id_7454c8-a9 > .kt-tabs-title-list li{margin-top:0px;margin-right:-4px;margin-bottom:10px;margin-left:0px;}.wp-block-kadence-tabs .kt-tabs-id_7454c8-a9 > .kt-tabs-title-list li .kt-tab-title, .wp-block-kadence-tabs .kt-tabs-id_7454c8-a9 > .kt-tabs-content-wrap > .kt-tabs-accordion-title .kt-tab-title{line-height:1.4em;font-weight:regular;font-style:normal;border-top-width:4px;border-right-width:0px;border-bottom-width:4px;border-left-width:4px;border-top-left-radius:10px;border-top-right-radius:0px;border-bottom-right-radius:0px;border-bottom-left-radius:10px;padding-top:12px;padding-right:8px;padding-bottom:12px;padding-left:20px;border-color:#eeeeee;color:#444444;background:#eeeeee;}.wp-block-kadence-tabs .kt-tabs-id_7454c8-a9 > .kt-tabs-content-wrap > .kt-tabs-accordion-title .kt-tab-title{margin-top:0px;margin-right:-4px;margin-bottom:10px;margin-left:0px;}.wp-block-kadence-tabs .kt-tabs-id_7454c8-a9 > .kt-tabs-title-list li .kt-tab-title:hover, .wp-block-kadence-tabs .kt-tabs-id_7454c8-a9 > .kt-tabs-content-wrap > .kt-tabs-accordion-title .kt-tab-title:hover{border-color:#e9e9e9;color:#444444;background:#e9e9e9;}.wp-block-kadence-tabs .kt-tabs-id_7454c8-a9 > .kt-tabs-title-list li.kt-tab-title-active .kt-tab-title, .wp-block-kadence-tabs .kt-tabs-id_7454c8-a9 > .kt-tabs-content-wrap > .kt-tabs-accordion-title.kt-tab-title-active .kt-tab-title{border-color:#eeeeee;color:#444444;background:#ffffff;}@media all and (min-width: 1025px){.wp-block-kadence-tabs .kt-tabs-id_7454c8-a9{display:flex;}.wp-block-kadence-tabs .kt-tabs-id_7454c8-a9 > .kt-tabs-title-list{float:none;width:30%;}.wp-block-kadence-tabs .kt-tabs-id_7454c8-a9 > .kt-tabs-content-wrap{float:none;width:auto;-webkit-flex:1;flex:1;}}@media all and (max-width: 1024px){.kt-tabs-id_7454c8-a9 > .kt-tabs-content-wrap > .wp-block-kadence-tab{border-top:4px solid #eeeeee;border-right:4px solid #eeeeee;border-bottom:4px solid #eeeeee;border-left:4px solid #eeeeee;}}@media all and (min-width: 768px) and (max-width: 1024px){.wp-block-kadence-tabs .kt-tabs-id_7454c8-a9{display:flex;}.wp-block-kadence-tabs .kt-tabs-id_7454c8-a9 > .kt-tabs-title-list{float:none;width:30%;}.wp-block-kadence-tabs .kt-tabs-id_7454c8-a9 > .kt-tabs-content-wrap{float:none;width:auto;-webkit-flex:1;flex:1;}}@media all and (max-width: 767px){.kt-tabs-id_7454c8-a9 > .kt-tabs-content-wrap > .wp-block-kadence-tab{border-top:4px solid #eeeeee;border-right:4px solid #eeeeee;border-bottom:4px solid #eeeeee;border-left:4px solid #eeeeee;}}<\/style>\n<div class=\"wp-block-kadence-tabs alignnone\"><div class=\"kt-tabs-wrap kt-tabs-id_7454c8-a9 kt-tabs-has-1-tabs kt-active-tab-1 kt-tabs-layout-vtabs kt-tabs-tablet-layout-inherit kt-tabs-mobile-layout-accordion kt-tab-alignment-left kt-create-accordion\"><ul class=\"kt-tabs-title-list\"><li id=\"tab-kontsultaestetikoa\" class=\"kt-title-item kt-title-item-1 kt-tabs-svg-show-always kt-tabs-icon-side-right kt-tab-title-active\"><a href=\"#tab-kontsultaestetikoa\" data-tab=\"1\" class=\"kt-tab-title kt-tab-title-1 \"><span class=\"kt-title-text\">Kontsulta Estetikoa<\/span><\/a><\/li><\/ul><div class=\"kt-tabs-content-wrap\"><div class=\"wp-block-kadence-tab kt-tab-inner-content kt-inner-tab-1 kt-inner-tab_a5bce6-ea\"><div class=\"kt-tab-inner-content-inner\"><h3 class=\"wp-block-heading\">Kontsulta Estetikoa<\/h3>\n\n<p>Gure edertasun espezialistak diagnostiko bat egin eta pertsona bakoitzaren beharretara hobekien egokitzen diren tratamenduei buruzko aholkuak ematen ditu.<\/p>\n\n<p>ESKATU ZURE DOAKO EDERTASUN DIAGNOSTIKOA!<\/p>\n\n<div class=\"wp-block-buttons is-content-justification-center is-layout-flex wp-container-core-buttons-is-layout-1 wp-block-buttons-is-layout-flex\"><div class=\"wp-block-button is-style-fill\"><a class=\"wp-block-button__link has-text-color wp-element-button\" href=\"https:\/\/la-perla.net\/eu\/estetika-diagnostikoaren-eskaera\/\" style=\"color:#fafafa\">informazioa<\/a><\/div><\/div><\/div><\/div><\/div><\/div><\/div>","protected":false},"excerpt":{"rendered":"<p>Aurpegiko eta gorputzeko edertasuneko profesional talde aditu bat Edertasunaren munduko erreferentziazko gunea, profesionalen esperientzia eta ezagutza azken teknologiekin eta itsas produktu kosmetikoen eta sinadura esklusiboen sorta zabalarekin konbinatzen dituena. Aldez aurretik kontsulta egin ondoren, pertsona bakoitzaren beharren arabera, azalaren azterketa egiten da, doako diagnostikoa ezartzen da eta aurpegiko tratamenduak, gorputzeko tratamenduak edo programa pertsonalizatu egokienak&hellip; <\/p>\n<div><a class=\"more-link\" href=\"https:\/\/la-perla.net\/eu\/kontsulta-estetikoa\/\">Leer m\u00e1s \u2192<\/a><\/div>\n","protected":false},"author":251,"featured_media":0,"parent":0,"menu_order":79,"comment_status":"closed","ping_status":"closed","template":"","meta":{"_genesis_hide_title":false,"_genesis_hide_breadcrumbs":false,"_genesis_hide_singular_image":false,"_genesis_hide_footer_widgets":false,"_genesis_custom_body_class":"","_genesis_custom_post_class":"","_genesis_layout":"","footnotes":""},"class_list":{"0":"post-119413","1":"page","2":"type-page","3":"status-publish","5":"entry","6":"has-post-thumbnail"},"yoast_head":"<!-- This site is optimized with the Yoast SEO plugin v25.6 - https:\/\/yoast.com\/wordpress\/plugins\/seo\/ -->\n<title>Consultas Salud y Belleza \u2022 T\u00e9cnicas de Est\u00e9tica y Salud \u2022 La Perla<\/title>\n<meta name=\"description\" content=\"Consultas salud y belleza en el centro de La Perla. Descubre las t\u00e9cnicas m\u00e1s adecuadas de est\u00e9tica y salud . \u00a1Inf\u00f3rmate Ahora!\" \/>\n<meta name=\"robots\" content=\"index, follow, max-snippet:-1, max-image-preview:large, max-video-preview:-1\" \/>\n<link rel=\"canonical\" href=\"https:\/\/la-perla.net\/eu\/kontsulta-estetikoa\/\" \/>\n<meta property=\"og:locale\" content=\"eu_ES\" \/>\n<meta property=\"og:type\" content=\"article\" \/>\n<meta property=\"og:title\" content=\"Consultas Salud y Belleza \u2022 T\u00e9cnicas de Est\u00e9tica y Salud \u2022 La Perla\" \/>\n<meta property=\"og:description\" content=\"Consultas salud y belleza en el centro de La Perla. Descubre las t\u00e9cnicas m\u00e1s adecuadas de est\u00e9tica y salud . \u00a1Inf\u00f3rmate Ahora!\" \/>\n<meta property=\"og:url\" content=\"https:\/\/la-perla.net\/eu\/kontsulta-estetikoa\/\" \/>\n<meta property=\"og:site_name\" content=\"Talasoterapia La Perla \u2022 San Sebasti\u00e1n - Donostia\" \/>\n<meta property=\"article:publisher\" content=\"https:\/\/www.facebook.com\/laperladonosti\/\" \/>\n<meta property=\"article:modified_time\" content=\"2024-01-16T14:34:05+00:00\" \/>\n<meta property=\"og:image\" content=\"https:\/\/la-perla.net\/wp-content\/uploads\/2024\/01\/consulta-estetica-opcion-2.jpg\" \/>\n<meta name=\"twitter:card\" content=\"summary_large_image\" \/>\n<meta name=\"twitter:site\" content=\"@LaPerlaDonosti\" \/>\n<meta name=\"twitter:label1\" content=\"Est. reading time\" \/>\n\t<meta name=\"twitter:data1\" content=\"1 minute\" \/>\n<script type=\"application\/ld+json\" class=\"yoast-schema-graph\">{\"@context\":\"https:\/\/schema.org\",\"@graph\":[{\"@type\":\"WebPage\",\"@id\":\"https:\/\/la-perla.net\/eu\/kontsulta-estetikoa\/\",\"url\":\"https:\/\/la-perla.net\/eu\/kontsulta-estetikoa\/\",\"name\":\"Consultas Salud y Belleza \u2022 T\u00e9cnicas de Est\u00e9tica y Salud \u2022 La Perla\",\"isPartOf\":{\"@id\":\"https:\/\/la-perla.net\/#website\"},\"primaryImageOfPage\":{\"@id\":\"https:\/\/la-perla.net\/eu\/kontsulta-estetikoa\/#primaryimage\"},\"image\":{\"@id\":\"https:\/\/la-perla.net\/eu\/kontsulta-estetikoa\/#primaryimage\"},\"thumbnailUrl\":\"https:\/\/la-perla.net\/wp-content\/uploads\/2024\/01\/consulta-estetica-opcion-2.jpg\",\"datePublished\":\"2024-01-16T13:02:18+00:00\",\"dateModified\":\"2024-01-16T14:34:05+00:00\",\"description\":\"Consultas salud y belleza en el centro de La Perla. Descubre las t\u00e9cnicas m\u00e1s adecuadas de est\u00e9tica y salud . \u00a1Inf\u00f3rmate Ahora!\",\"breadcrumb\":{\"@id\":\"https:\/\/la-perla.net\/eu\/kontsulta-estetikoa\/#breadcrumb\"},\"inLanguage\":\"eu-ES\",\"potentialAction\":[{\"@type\":\"ReadAction\",\"target\":[\"https:\/\/la-perla.net\/eu\/kontsulta-estetikoa\/\"]}]},{\"@type\":\"ImageObject\",\"inLanguage\":\"eu-ES\",\"@id\":\"https:\/\/la-perla.net\/eu\/kontsulta-estetikoa\/#primaryimage\",\"url\":\"https:\/\/la-perla.net\/wp-content\/uploads\/2024\/01\/consulta-estetica-opcion-2.jpg\",\"contentUrl\":\"https:\/\/la-perla.net\/wp-content\/uploads\/2024\/01\/consulta-estetica-opcion-2.jpg\"},{\"@type\":\"BreadcrumbList\",\"@id\":\"https:\/\/la-perla.net\/eu\/kontsulta-estetikoa\/#breadcrumb\",\"itemListElement\":[{\"@type\":\"ListItem\",\"position\":1,\"name\":\"Portada\",\"item\":\"https:\/\/la-perla.net\/eu\/\"},{\"@type\":\"ListItem\",\"position\":2,\"name\":\"Kontsulta Estetikoa\"}]},{\"@type\":\"WebSite\",\"@id\":\"https:\/\/la-perla.net\/#website\",\"url\":\"https:\/\/la-perla.net\/\",\"name\":\"Talasoterapia La Perla \u2022 San Sebasti\u00e1n - Donostia\",\"description\":\"Talasoterapia en Guipuzcoa - Centro de salud, belleza y deporte\",\"publisher\":{\"@id\":\"https:\/\/la-perla.net\/#organization\"},\"potentialAction\":[{\"@type\":\"SearchAction\",\"target\":{\"@type\":\"EntryPoint\",\"urlTemplate\":\"https:\/\/la-perla.net\/?s={search_term_string}\"},\"query-input\":{\"@type\":\"PropertyValueSpecification\",\"valueRequired\":true,\"valueName\":\"search_term_string\"}}],\"inLanguage\":\"eu-ES\"},{\"@type\":\"Organization\",\"@id\":\"https:\/\/la-perla.net\/#organization\",\"name\":\"La Perla\",\"url\":\"https:\/\/la-perla.net\/\",\"logo\":{\"@type\":\"ImageObject\",\"inLanguage\":\"eu-ES\",\"@id\":\"https:\/\/la-perla.net\/#\/schema\/logo\/image\/\",\"url\":\"https:\/\/la-perla.net\/wp-content\/uploads\/2020\/09\/talasoterapia-la-perla.png\",\"contentUrl\":\"https:\/\/la-perla.net\/wp-content\/uploads\/2020\/09\/talasoterapia-la-perla.png\",\"width\":191,\"height\":51,\"caption\":\"La Perla\"},\"image\":{\"@id\":\"https:\/\/la-perla.net\/#\/schema\/logo\/image\/\"},\"sameAs\":[\"https:\/\/www.facebook.com\/laperladonosti\/\",\"https:\/\/x.com\/LaPerlaDonosti\",\"https:\/\/www.instagram.com\/laperladonosti\/?hl=es\",\"https:\/\/www.youtube.com\/channel\/UChQhp12N7Lg6ZrOcmAJAy4g\"]}]}<\/script>\n<!-- \/ Yoast SEO plugin. -->","yoast_head_json":{"title":"Consultas Salud y Belleza \u2022 T\u00e9cnicas de Est\u00e9tica y Salud \u2022 La Perla","description":"Consultas salud y belleza en el centro de La Perla. Descubre las t\u00e9cnicas m\u00e1s adecuadas de est\u00e9tica y salud . \u00a1Inf\u00f3rmate Ahora!","robots":{"index":"index","follow":"follow","max-snippet":"max-snippet:-1","max-image-preview":"max-image-preview:large","max-video-preview":"max-video-preview:-1"},"canonical":"https:\/\/la-perla.net\/eu\/kontsulta-estetikoa\/","og_locale":"eu_ES","og_type":"article","og_title":"Consultas Salud y Belleza \u2022 T\u00e9cnicas de Est\u00e9tica y Salud \u2022 La Perla","og_description":"Consultas salud y belleza en el centro de La Perla. Descubre las t\u00e9cnicas m\u00e1s adecuadas de est\u00e9tica y salud . \u00a1Inf\u00f3rmate Ahora!","og_url":"https:\/\/la-perla.net\/eu\/kontsulta-estetikoa\/","og_site_name":"Talasoterapia La Perla \u2022 San Sebasti\u00e1n - Donostia","article_publisher":"https:\/\/www.facebook.com\/laperladonosti\/","article_modified_time":"2024-01-16T14:34:05+00:00","og_image":[{"url":"https:\/\/la-perla.net\/wp-content\/uploads\/2024\/01\/consulta-estetica-opcion-2.jpg","type":"","width":"","height":""}],"twitter_card":"summary_large_image","twitter_site":"@LaPerlaDonosti","twitter_misc":{"Est. reading time":"1 minute"},"schema":{"@context":"https:\/\/schema.org","@graph":[{"@type":"WebPage","@id":"https:\/\/la-perla.net\/eu\/kontsulta-estetikoa\/","url":"https:\/\/la-perla.net\/eu\/kontsulta-estetikoa\/","name":"Consultas Salud y Belleza \u2022 T\u00e9cnicas de Est\u00e9tica y Salud \u2022 La Perla","isPartOf":{"@id":"https:\/\/la-perla.net\/#website"},"primaryImageOfPage":{"@id":"https:\/\/la-perla.net\/eu\/kontsulta-estetikoa\/#primaryimage"},"image":{"@id":"https:\/\/la-perla.net\/eu\/kontsulta-estetikoa\/#primaryimage"},"thumbnailUrl":"https:\/\/la-perla.net\/wp-content\/uploads\/2024\/01\/consulta-estetica-opcion-2.jpg","datePublished":"2024-01-16T13:02:18+00:00","dateModified":"2024-01-16T14:34:05+00:00","description":"Consultas salud y belleza en el centro de La Perla. Descubre las t\u00e9cnicas m\u00e1s adecuadas de est\u00e9tica y salud . \u00a1Inf\u00f3rmate Ahora!","breadcrumb":{"@id":"https:\/\/la-perla.net\/eu\/kontsulta-estetikoa\/#breadcrumb"},"inLanguage":"eu-ES","potentialAction":[{"@type":"ReadAction","target":["https:\/\/la-perla.net\/eu\/kontsulta-estetikoa\/"]}]},{"@type":"ImageObject","inLanguage":"eu-ES","@id":"https:\/\/la-perla.net\/eu\/kontsulta-estetikoa\/#primaryimage","url":"https:\/\/la-perla.net\/wp-content\/uploads\/2024\/01\/consulta-estetica-opcion-2.jpg","contentUrl":"https:\/\/la-perla.net\/wp-content\/uploads\/2024\/01\/consulta-estetica-opcion-2.jpg"},{"@type":"BreadcrumbList","@id":"https:\/\/la-perla.net\/eu\/kontsulta-estetikoa\/#breadcrumb","itemListElement":[{"@type":"ListItem","position":1,"name":"Portada","item":"https:\/\/la-perla.net\/eu\/"},{"@type":"ListItem","position":2,"name":"Kontsulta Estetikoa"}]},{"@type":"WebSite","@id":"https:\/\/la-perla.net\/#website","url":"https:\/\/la-perla.net\/","name":"Talasoterapia La Perla \u2022 San Sebasti\u00e1n - Donostia","description":"Talasoterapia en Guipuzcoa - Centro de salud, belleza y deporte","publisher":{"@id":"https:\/\/la-perla.net\/#organization"},"potentialAction":[{"@type":"SearchAction","target":{"@type":"EntryPoint","urlTemplate":"https:\/\/la-perla.net\/?s={search_term_string}"},"query-input":{"@type":"PropertyValueSpecification","valueRequired":true,"valueName":"search_term_string"}}],"inLanguage":"eu-ES"},{"@type":"Organization","@id":"https:\/\/la-perla.net\/#organization","name":"La Perla","url":"https:\/\/la-perla.net\/","logo":{"@type":"ImageObject","inLanguage":"eu-ES","@id":"https:\/\/la-perla.net\/#\/schema\/logo\/image\/","url":"https:\/\/la-perla.net\/wp-content\/uploads\/2020\/09\/talasoterapia-la-perla.png","contentUrl":"https:\/\/la-perla.net\/wp-content\/uploads\/2020\/09\/talasoterapia-la-perla.png","width":191,"height":51,"caption":"La Perla"},"image":{"@id":"https:\/\/la-perla.net\/#\/schema\/logo\/image\/"},"sameAs":["https:\/\/www.facebook.com\/laperladonosti\/","https:\/\/x.com\/LaPerlaDonosti","https:\/\/www.instagram.com\/laperladonosti\/?hl=es","https:\/\/www.youtube.com\/channel\/UChQhp12N7Lg6ZrOcmAJAy4g"]}]}},"_links":{"self":[{"href":"https:\/\/la-perla.net\/eu\/wp-json\/wp\/v2\/pages\/119413"}],"collection":[{"href":"https:\/\/la-perla.net\/eu\/wp-json\/wp\/v2\/pages"}],"about":[{"href":"https:\/\/la-perla.net\/eu\/wp-json\/wp\/v2\/types\/page"}],"author":[{"embeddable":true,"href":"https:\/\/la-perla.net\/eu\/wp-json\/wp\/v2\/users\/251"}],"replies":[{"embeddable":true,"href":"https:\/\/la-perla.net\/eu\/wp-json\/wp\/v2\/comments?post=119413"}],"version-history":[{"count":0,"href":"https:\/\/la-perla.net\/eu\/wp-json\/wp\/v2\/pages\/119413\/revisions"}],"wp:attachment":[{"href":"https:\/\/la-perla.net\/eu\/wp-json\/wp\/v2\/media?parent=119413"}],"curies":[{"name":"wp","href":"https:\/\/api.w.org\/{rel}","templated":true}]}}