{"id":60162,"date":"2019-11-28T17:09:45","date_gmt":"2019-11-28T16:09:45","guid":{"rendered":"https:\/\/laperla21.wpengine.com\/oferta-gastronomica-san-sebastian\/"},"modified":"2025-11-17T12:10:19","modified_gmt":"2025-11-17T11:10:19","slug":"la-perla-jatetxea","status":"publish","type":"page","link":"https:\/\/la-perla.net\/eu\/la-perla-jatetxea\/","title":{"rendered":"LA PERLA JATETXEA"},"content":{"rendered":"<p>Gure proposamen gastronomiko nagusia euskal sustraietako sukaldaritzan eta errezeta-liburu tradizionalean oinarritzen da, eta produktua da nagusi.<br><br>Abangoardiako teknikak erabiltzen ditu gure jangela panoramikoan sukaldaritzako esperientzia biribiltzeko, Kontxako badiari begira.<\/p><p>La Perla jatetxearen osagarri, taberna eta kafetegia pintxo-barra donostiar batekin osatzen da, badiaren bihotzean eta Kontxa hondartzako pasealekuan jateko leku aproposa.<\/p><h2 class=\"wp-block-heading\">Ordutegiak<\/h2><p><\/p><ul class=\"wp-block-list\"><li>Irekia, 12:30etatik 15:30etara egunero, eta afariak asteazkenetik larunbatera, 20:00etatik 22:30etara.<\/li>\n\n<li>Dastatzeko Menuaren eta Denboraldiko Menuaren zerbitzua.<br><br>Itxita Abenduaren 25a eta urtarrilaren 1a<\/li><\/ul><h2 class=\"wp-block-heading\">Aukeratu gure proposamenen artean<\/h2><style>.kt-tabs-id60162_46d18a-6c > .kt-tabs-content-wrap > .wp-block-kadence-tab{border-top:4px solid #eeeeee;border-right:4px solid #eeeeee;border-bottom:4px solid #eeeeee;border-left:4px solid #eeeeee;border-top-left-radius:0px;border-top-right-radius:0px;border-bottom-right-radius:0px;border-bottom-left-radius:0px;padding-top:20px;padding-right:20px;padding-bottom:20px;padding-left:20px;min-height:400px;background:#ffffff;}.wp-block-kadence-tabs .kt-tabs-id60162_46d18a-6c > .kt-tabs-title-list li{margin-top:0px;margin-right:-4px;margin-bottom:10px;margin-left:0px;}.wp-block-kadence-tabs .kt-tabs-id60162_46d18a-6c > .kt-tabs-title-list li .kt-tab-title, .wp-block-kadence-tabs .kt-tabs-id60162_46d18a-6c > .kt-tabs-content-wrap > .kt-tabs-accordion-title .kt-tab-title{line-height:1.4em;font-weight:regular;font-style:normal;border-top-width:4px;border-right-width:0px;border-bottom-width:4px;border-left-width:4px;border-top-left-radius:10px;border-top-right-radius:0px;border-bottom-right-radius:0px;border-bottom-left-radius:10px;padding-top:12px;padding-right:8px;padding-bottom:12px;padding-left:20px;border-color:#eeeeee;color:#444444;background:#eeeeee;}.wp-block-kadence-tabs .kt-tabs-id60162_46d18a-6c > .kt-tabs-content-wrap > .kt-tabs-accordion-title .kt-tab-title{margin-top:0px;margin-right:-4px;margin-bottom:10px;margin-left:0px;}.wp-block-kadence-tabs .kt-tabs-id60162_46d18a-6c > .kt-tabs-title-list li .kt-tab-title:hover, .wp-block-kadence-tabs .kt-tabs-id60162_46d18a-6c > .kt-tabs-content-wrap > .kt-tabs-accordion-title .kt-tab-title:hover{border-color:#e9e9e9;color:#444444;background:#e9e9e9;}.wp-block-kadence-tabs .kt-tabs-id60162_46d18a-6c > .kt-tabs-title-list li.kt-tab-title-active .kt-tab-title, .wp-block-kadence-tabs .kt-tabs-id60162_46d18a-6c > .kt-tabs-content-wrap > .kt-tabs-accordion-title.kt-tab-title-active .kt-tab-title{border-color:#eeeeee;color:#444444;background:#ffffff;}@media all and (min-width: 1025px){.wp-block-kadence-tabs .kt-tabs-id60162_46d18a-6c{display:flex;}.wp-block-kadence-tabs .kt-tabs-id60162_46d18a-6c > .kt-tabs-title-list{float:none;width:30%;}.wp-block-kadence-tabs .kt-tabs-id60162_46d18a-6c > .kt-tabs-content-wrap{float:none;width:auto;-webkit-flex:1;flex:1;}}@media all and (max-width: 1024px){.kt-tabs-id60162_46d18a-6c > .kt-tabs-content-wrap > .wp-block-kadence-tab{border-top:4px solid #eeeeee;border-right:4px solid #eeeeee;border-bottom:4px solid #eeeeee;border-left:4px solid #eeeeee;}}@media all and (min-width: 768px) and (max-width: 1024px){.wp-block-kadence-tabs .kt-tabs-id60162_46d18a-6c{display:flex;}.wp-block-kadence-tabs .kt-tabs-id60162_46d18a-6c > .kt-tabs-title-list{float:none;width:30%;}.wp-block-kadence-tabs .kt-tabs-id60162_46d18a-6c > .kt-tabs-content-wrap{float:none;width:auto;-webkit-flex:1;flex:1;}}@media all and (max-width: 767px){.kt-tabs-id60162_46d18a-6c > .kt-tabs-content-wrap > .wp-block-kadence-tab{border-top:4px solid #eeeeee;border-right:4px solid #eeeeee;border-bottom:4px solid #eeeeee;border-left:4px solid #eeeeee;}}<\/style>\n<div class=\"wp-block-kadence-tabs alignnone\"><div class=\"kt-tabs-wrap kt-tabs-id60162_46d18a-6c kt-tabs-has-3-tabs kt-active-tab-1 kt-tabs-layout-vtabs kt-tabs-tablet-layout-inherit kt-tabs-mobile-layout-accordion kt-tab-alignment-left kt-create-accordion\"><ul class=\"kt-tabs-title-list\"><li id=\"tab-dastatzekomenua\" class=\"kt-title-item kt-title-item-1 kt-tabs-svg-show-always kt-tabs-icon-side-right kt-tab-title-active\"><a href=\"#tab-dastatzekomenua\" data-tab=\"1\" class=\"kt-tab-title kt-tab-title-1 \"><span class=\"kt-title-text\">Dastatzeko menua<\/span><\/a><\/li><li id=\"tab-denboraldikomenua\" class=\"kt-title-item kt-title-item-2 kt-tabs-svg-show-always kt-tabs-icon-side-right kt-tab-title-inactive\"><a href=\"#tab-denboraldikomenua\" data-tab=\"2\" class=\"kt-tab-title kt-tab-title-2 \"><span class=\"kt-title-text\">Denboraldiko menua<\/span><\/a><\/li><li id=\"tab-karta\" class=\"kt-title-item kt-title-item-3 kt-tabs-svg-show-always kt-tabs-icon-side-right kt-tab-title-inactive\"><a href=\"#tab-karta\" data-tab=\"3\" class=\"kt-tab-title kt-tab-title-3 \"><span class=\"kt-title-text\">Karta<\/span><\/a><\/li><\/ul><div class=\"kt-tabs-content-wrap\"><div class=\"wp-block-kadence-tab kt-tab-inner-content kt-inner-tab-1 kt-inner-tab87c82e-64\"><div class=\"kt-tab-inner-content-inner\"><p class=\"has-text-align-center has-large-font-size\"><strong>Dastatzeko menua<\/strong><\/p>\n\n<p class=\"has-text-align-center\">Etxeko aperitiboa<br>\u2026..<br>Tupinambo-krema onddo fartsa eta urdaiazpikoaekin<br>\u2026..<br>Arrautza trufatua tenperatura baxuan onddo-kremarekin eta heriotzaren tronpetekin<br>\u2026..<br>Mihilu beurre blanc legatza, miso eta perretxikoekin<br>\u2026..<br>Orein-solomoa txiribia-purearekin eta kukulua eskabetxean<br>\u2026..<br>Pasio frutaren zopa hotza<br>\u2026..<br>Txokolatezko krematsua esne-gozo izozkiarekin<br>\u2026..<\/p>\n\n<p class=\"has-text-align-center\">Ura eta kafea barne<br><\/p>\n\n<p class=\"has-text-align-center\" style=\"font-size:28px\"><strong>65,00\u20ac<\/strong><\/p>\n\n<p class=\"has-text-align-center\"><\/p>\n\n<p class=\"has-text-align-center\">Ardo beltza kriantza, Rueda zuria, gorri naparra, ura eta kafea barne<\/p>\n\n<p class=\"has-text-align-center\" style=\"font-size:28px\"><strong>71,00 \u20ac<\/strong><br><\/p>\n\n<p class=\"has-text-align-center has-extra-small-font-size\">(% 10eko BEZa barne)<\/p>\n\n<p class=\"has-text-align-center\"><a href=\"https:\/\/la-perla.net\/eu\/produktu\/la-perla-dastatzeko-menua\/\"><img loading=\"lazy\" decoding=\"async\" width=\"43\" height=\"38\" class=\"wp-image-61891\" style=\"width: 43px;\" src=\"https:\/\/la-perla.net\/wp-content\/uploads\/2020\/09\/carrito.jpg\" alt=\"carrito\">Erosi<\/a><\/p>\n\n<p>* Dastatzeko Menua aldatu egiten da denboraldiaren arabera.<br>* Jatetxe panoramikoan zerbitzatzen da (jangela).<\/p>\n\n<p><\/p><\/div><\/div>\n\n<div class=\"wp-block-kadence-tab kt-tab-inner-content kt-inner-tab-2 kt-inner-tab174901-27\"><div class=\"kt-tab-inner-content-inner\"><p class=\"has-text-align-center has-large-font-size\"><strong>Denboraldiko Menua<\/strong><\/p>\n\n<p><\/p>\n\n<p class=\"has-text-align-center\"><strong>SARRERAKOAK<\/strong><\/p>\n\n<p class=\"has-text-align-center\">Tomate krema epela, orburu frijituekin eta parmesano aparrarekin kalabaza<\/p>\n\n<p class=\"has-text-align-center\">Kalabaza Entsalada eta udareak ardo zurian karamelatuak<\/p>\n\n<p class=\"has-text-align-center\">Arrain eta itsaski zopa<\/p>\n\n<p class=\"has-text-align-center\">Tupinambo-krema onddo fartsa eta urdaiazpikoarekin<\/p>\n\n<p><br><\/p>\n\n<p class=\"has-text-align-center\"><strong>PLATER NAGUSIAK<\/strong><\/p>\n\n<p class=\"has-text-align-center\">Mihilu beurre blanc legatza misoarekin eta perretxikoekin<\/p>\n\n<p class=\"has-text-align-center\">Zapoa saltsa berdean, okin patatarekin<\/p>\n\n<p class=\"has-text-align-center\">Sekretu iberikoa, lekak carbonara erara eta hurrak<\/p>\n\n<p class=\"has-text-align-center\">Txahal masailak ardo beltzean gisatuak, patata krema gainean<\/p>\n\n<p class=\"has-text-align-center\"><br><\/p>\n\n<p class=\"has-text-align-center\"><strong>POSTREAK<\/strong><\/p>\n\n<p class=\"has-text-align-center\">Bizkotxo hezea laranja testuretan eta kafe izozkia<\/p>\n\n<p class=\"has-text-align-center\">Txokolatezko krematsua esne-gozo izozkiarekin<\/p>\n\n<p class=\"has-text-align-center\">Pasio frutaren zopa hotza<\/p>\n\n<p class=\"has-text-align-center\">Gazta tarta fruitu gorri eta hibiskoekin, eta mugurdi-sorbetea<\/p>\n\n<p><br><\/p>\n\n<p class=\"has-text-align-center\"><strong>EDARIA<\/strong><\/p>\n\n<p class=\"has-text-align-center\">Ura eta kafea barne<\/p>\n\n<p class=\"has-text-align-center\" style=\"font-size:28px\"><strong>40,00 \u20ac<\/strong><\/p>\n\n<p><\/p>\n\n<p class=\"has-text-align-center\">Ardandegia, ondua, ura eta kafea barne<\/p>\n\n<p class=\"has-text-align-center\" style=\"font-size:28px\"><strong>46,00 \u20ac<\/strong><\/p>\n\n<p><\/p>\n\n<p class=\"has-text-align-center\">(% 10eko BEZa barne)<\/p>\n\n<p class=\"has-text-align-center\"><a href=\"https:\/\/la-perla.net\/eu\/produktu\/denboraldiko-menua\/\"><img loading=\"lazy\" decoding=\"async\" width=\"43\" height=\"38\" class=\"wp-image-61891\" style=\"width: 43px;\" src=\"https:\/\/la-perla.net\/wp-content\/uploads\/2020\/09\/carrito.jpg\" alt=\"carrito\">Erosi<\/a><\/p>\n\n<p>*Astelehenetik ostiralera, jaiegunetan izan ezik<br><br>* Jatetxe panoramikoan zerbitzatzen da (jantokia). Terrazan ez da zerbitzatzen.<\/p><\/div><\/div>\n\n<div class=\"wp-block-kadence-tab kt-tab-inner-content kt-inner-tab-3 kt-inner-tabb0cfc3-1e\"><div class=\"kt-tab-inner-content-inner\"><p class=\"has-text-align-center has-large-font-size\"><strong>Karta<\/strong><\/p>\n\n<figure class=\"wp-block-table is-style-stripes\"><table><thead><tr><th>SARRERAKOAK<\/th><th class=\"has-text-align-right\" data-align=\"right\"><\/th><\/tr><\/thead><tbody><tr><td>Urdaiazpiko iberikoa Pedroches J.D.<\/td><td class=\"has-text-align-right\" data-align=\"right\">28,00 \u20ac<\/td><\/tr><tr><td>Foie micuit terrina sagar konpotarekin, pistatxo garrapinatuarekin eta fruitu gorriekin<\/td><td class=\"has-text-align-right\" data-align=\"right\">25,00 \u20ac<\/td><\/tr><tr><td>Kalabaza entsalada burratarekin eta udareak ardo zurian karamelatuak<\/td><td class=\"has-text-align-right\" data-align=\"right\">22,00 \u20ac<\/td><\/tr><tr><td>Tupinambo-krema onddo fartsa eta urdaiazpikoaekin<\/td><td class=\"has-text-align-right\" data-align=\"right\">17,00 \u20ac<\/td><\/tr><tr><td>Almadrabako atuna nikkei saltsarekin eta ahuakatearekin<\/td><td class=\"has-text-align-right\" data-align=\"right\">25,00 \u20ac<\/td><\/tr><tr><td>Arrautza trufatua tenperatura baxuan onddo-kremarekin eta heriotzaren tronpetekin<\/td><td class=\"has-text-align-right\" data-align=\"right\">17,00 \u20ac<\/td><\/tr><tr><td>Arrain eta itsaski zopa<\/td><td class=\"has-text-align-right\" data-align=\"right\">17,00 \u20ac<\/td><\/tr><tr><td>Urdaiazpiko iberikoaren kroketak, urdaiazpiko onduko errezelarekin (7 unitate)<\/td><td class=\"has-text-align-right\" data-align=\"right\">18,00 \u20ac<\/td><\/tr><\/tbody><\/table><\/figure>\n\n<figure class=\"wp-block-table is-style-stripes\"><table><thead><tr><th>PLATER NAGUSIAK<\/th><th class=\"has-text-align-right\" data-align=\"right\"><\/th><\/tr><\/thead><tbody><tr><td>Mihilu beurre blanc legatza, miso eta perretxikoekin<\/td><td class=\"has-text-align-right\" data-align=\"right\">28,00 \u20ac<\/td><\/tr><tr><td>Bakailao kokotxak pil-pilean, porru, perretxiko eta romescurekin<\/td><td class=\"has-text-align-right\" data-align=\"right\">30,00 \u20ac<\/td><\/tr><tr><td>Zapoa saltsa berdean, berberetxoekin<\/td><td class=\"has-text-align-right\" data-align=\"right\">29,00 \u20ac<\/td><\/tr><tr><td>Arroza txirlekin<\/td><td class=\"has-text-align-right\" data-align=\"right\">26,00 \u20ac<\/td><\/tr><tr><td>Olagarroa piperrauts eta barazkiekin krematsu gainean<\/td><td class=\"has-text-align-right\" data-align=\"right\">30,00 \u20ac<\/td><\/tr><tr><td>Azpizuna foie saltsarekin, patata krematsuarekin eta txanpi\u00f1oi duxellearekin<\/td><td class=\"has-text-align-right\" data-align=\"right\">28,00 \u20ac<\/td><\/tr><tr><td>Txahal-masail gisatuak ardo beltzarekin, patatazko krematsuaren gainean<\/td><td class=\"has-text-align-right\" data-align=\"right\">28,00 \u20ac<\/td><\/tr><tr><td>Orein-solomoa txiribia-purearekin eta kukulua eskabetxean<\/td><td class=\"has-text-align-right\" data-align=\"right\">30,00 \u20ac<\/td><\/tr><\/tbody><\/table><\/figure>\n\n<figure class=\"wp-block-table is-style-stripes\"><table><thead><tr><th>POSTREAK<\/th><th class=\"has-text-align-right\" data-align=\"right\"><\/th><\/tr><\/thead><tbody><tr><td>Torrada karamelatua jogurt bulgariarreko izozkiarekin<\/td><td class=\"has-text-align-right\" data-align=\"right\">10,00 \u20ac<\/td><\/tr><tr><td>Bizkotxo hezea laranja testuratan eta kafe-izozkia<\/td><td class=\"has-text-align-right\" data-align=\"right\">10,00 \u20ac<\/td><\/tr><tr><td>Txokolatezko krematsua esne-gozo izozkiarekin<\/td><td class=\"has-text-align-right\" data-align=\"right\">10,00 \u20ac<\/td><\/tr><tr><td>Aire eta kalabaza frijitua espezia-infusioarekin eta mascarpone gaztaren q<\/td><td class=\"has-text-align-right\" data-align=\"right\">10,00 \u20ac<\/td><\/tr><tr><td>Pasio frutaren zopa hotza<\/td><td class=\"has-text-align-right\" data-align=\"right\">8,00 \u20ac<\/td><\/tr><tr><td>Gazta aukeraketa<\/td><td class=\"has-text-align-right\" data-align=\"right\">16,00 \u20ac<\/td><\/tr><\/tbody><\/table><\/figure>\n\n<figure class=\"wp-block-table is-style-stripes\"><table><thead><tr><th>AUKERAKO HORNIGAIAK<\/th><th class=\"has-text-align-right\" data-align=\"right\"><\/th><\/tr><\/thead><tbody><tr><td>Barazkiak plantxan<\/td><td class=\"has-text-align-right\" data-align=\"right\">9,00 \u20ac<\/td><\/tr><tr><td>Entsalada berdea<\/td><td class=\"has-text-align-right\" data-align=\"right\">5,00 \u20ac<\/td><\/tr><\/tbody><\/table><\/figure><\/div><\/div><\/div><\/div><\/div><figure class=\"wp-block-table tabla-rss\"><table><tbody><tr><td><img loading=\"lazy\" decoding=\"async\" width=\"60\" height=\"57\" class=\"wp-image-61817\" style=\"width: 60px;\" src=\"https:\/\/la-perla.net\/wp-content\/uploads\/2020\/09\/info.jpg\" alt=\"info\"><\/td><td><strong><strong><strong><strong><strong>ALERGENOEN KARTA<\/strong><\/strong><\/strong><\/strong><\/strong><br>Gure plateretan alergenoak egoteari buruzko informazioa dugu kontsultatzeko.<\/td><\/tr><\/tbody><\/table><\/figure>","protected":false},"excerpt":{"rendered":"<p>Gure proposamen gastronomiko nagusia euskal sustraietako sukaldaritzan eta errezeta-liburu tradizionalean oinarritzen da, eta produktua da nagusi. Abangoardiako teknikak erabiltzen ditu gure jangela panoramikoan sukaldaritzako esperientzia biribiltzeko, Kontxako badiari begira. La Perla jatetxearen osagarri, taberna eta kafetegia pintxo-barra donostiar batekin osatzen da, badiaren bihotzean eta Kontxa hondartzako pasealekuan jateko leku aproposa. Ordutegiak Aukeratu gure proposamenen artean&hellip; <\/p>\n<div><a class=\"more-link\" href=\"https:\/\/la-perla.net\/eu\/la-perla-jatetxea\/\">Leer m\u00e1s \u2192<\/a><\/div>\n","protected":false},"author":3,"featured_media":0,"parent":0,"menu_order":162,"comment_status":"closed","ping_status":"closed","template":"","meta":{"_genesis_hide_title":false,"_genesis_hide_breadcrumbs":false,"_genesis_hide_singular_image":false,"_genesis_hide_footer_widgets":false,"_genesis_custom_body_class":"","_genesis_custom_post_class":"","_genesis_layout":"","footnotes":""},"class_list":{"0":"post-60162","1":"page","2":"type-page","3":"status-publish","5":"entry"},"yoast_head":"<!-- This site is optimized with the Yoast SEO plugin v25.6 - https:\/\/yoast.com\/wordpress\/plugins\/seo\/ -->\n<title>Restaurante La Perla, descubre nuestra carta. Comer en Donostia men\u00fas<\/title>\n<meta name=\"description\" content=\"Para comer en San Sebasti\u00e1n - Donostia, en el restaurante La Perla descubrir\u00e1s los mejores platos disfrutando de la bah\u00eda de La Concha\" \/>\n<meta name=\"robots\" content=\"index, follow, max-snippet:-1, max-image-preview:large, max-video-preview:-1\" \/>\n<link rel=\"canonical\" href=\"https:\/\/la-perla.net\/eu\/la-perla-jatetxea\/\" \/>\n<meta property=\"og:locale\" content=\"eu_ES\" \/>\n<meta property=\"og:type\" content=\"article\" \/>\n<meta property=\"og:title\" content=\"Restaurante La Perla, descubre nuestra carta. Comer en Donostia men\u00fas\" \/>\n<meta property=\"og:description\" content=\"Para comer en San Sebasti\u00e1n - Donostia, en el restaurante La Perla descubrir\u00e1s los mejores platos disfrutando de la bah\u00eda de La Concha\" \/>\n<meta property=\"og:url\" content=\"https:\/\/la-perla.net\/eu\/la-perla-jatetxea\/\" \/>\n<meta property=\"og:site_name\" content=\"Talasoterapia La Perla \u2022 San Sebasti\u00e1n - Donostia\" \/>\n<meta property=\"article:publisher\" content=\"https:\/\/www.facebook.com\/laperladonosti\/\" \/>\n<meta property=\"article:modified_time\" content=\"2025-11-17T11:10:19+00:00\" \/>\n<meta property=\"og:image\" content=\"https:\/\/la-perla.net\/wp-content\/uploads\/2020\/09\/carrito.jpg\" \/>\n\t<meta property=\"og:image:width\" content=\"43\" \/>\n\t<meta property=\"og:image:height\" content=\"38\" \/>\n\t<meta property=\"og:image:type\" content=\"image\/jpeg\" \/>\n<meta name=\"twitter:card\" content=\"summary_large_image\" \/>\n<meta name=\"twitter:site\" content=\"@LaPerlaDonosti\" \/>\n<meta name=\"twitter:label1\" content=\"Est. reading time\" \/>\n\t<meta name=\"twitter:data1\" content=\"3 minutes\" \/>\n<script type=\"application\/ld+json\" class=\"yoast-schema-graph\">{\"@context\":\"https:\/\/schema.org\",\"@graph\":[{\"@type\":\"WebPage\",\"@id\":\"https:\/\/la-perla.net\/eu\/la-perla-jatetxea\/\",\"url\":\"https:\/\/la-perla.net\/eu\/la-perla-jatetxea\/\",\"name\":\"Restaurante La Perla, descubre nuestra carta. Comer en Donostia men\u00fas\",\"isPartOf\":{\"@id\":\"https:\/\/la-perla.net\/#website\"},\"primaryImageOfPage\":{\"@id\":\"https:\/\/la-perla.net\/eu\/la-perla-jatetxea\/#primaryimage\"},\"image\":{\"@id\":\"https:\/\/la-perla.net\/eu\/la-perla-jatetxea\/#primaryimage\"},\"thumbnailUrl\":\"https:\/\/la-perla.net\/wp-content\/uploads\/2020\/09\/carrito.jpg\",\"datePublished\":\"2019-11-28T16:09:45+00:00\",\"dateModified\":\"2025-11-17T11:10:19+00:00\",\"description\":\"Para comer en San Sebasti\u00e1n - Donostia, en el restaurante La Perla descubrir\u00e1s los mejores platos disfrutando de la bah\u00eda de La Concha\",\"breadcrumb\":{\"@id\":\"https:\/\/la-perla.net\/eu\/la-perla-jatetxea\/#breadcrumb\"},\"inLanguage\":\"eu-ES\",\"potentialAction\":[{\"@type\":\"ReadAction\",\"target\":[\"https:\/\/la-perla.net\/eu\/la-perla-jatetxea\/\"]}]},{\"@type\":\"ImageObject\",\"inLanguage\":\"eu-ES\",\"@id\":\"https:\/\/la-perla.net\/eu\/la-perla-jatetxea\/#primaryimage\",\"url\":\"https:\/\/la-perla.net\/wp-content\/uploads\/2020\/09\/carrito.jpg\",\"contentUrl\":\"https:\/\/la-perla.net\/wp-content\/uploads\/2020\/09\/carrito.jpg\"},{\"@type\":\"BreadcrumbList\",\"@id\":\"https:\/\/la-perla.net\/eu\/la-perla-jatetxea\/#breadcrumb\",\"itemListElement\":[{\"@type\":\"ListItem\",\"position\":1,\"name\":\"Portada\",\"item\":\"https:\/\/la-perla.net\/eu\/\"},{\"@type\":\"ListItem\",\"position\":2,\"name\":\"LA PERLA JATETXEA\"}]},{\"@type\":\"WebSite\",\"@id\":\"https:\/\/la-perla.net\/#website\",\"url\":\"https:\/\/la-perla.net\/\",\"name\":\"Talasoterapia La Perla \u2022 San Sebasti\u00e1n - Donostia\",\"description\":\"Talasoterapia en Guipuzcoa - Centro de salud, belleza y deporte\",\"publisher\":{\"@id\":\"https:\/\/la-perla.net\/#organization\"},\"potentialAction\":[{\"@type\":\"SearchAction\",\"target\":{\"@type\":\"EntryPoint\",\"urlTemplate\":\"https:\/\/la-perla.net\/?s={search_term_string}\"},\"query-input\":{\"@type\":\"PropertyValueSpecification\",\"valueRequired\":true,\"valueName\":\"search_term_string\"}}],\"inLanguage\":\"eu-ES\"},{\"@type\":\"Organization\",\"@id\":\"https:\/\/la-perla.net\/#organization\",\"name\":\"La Perla\",\"url\":\"https:\/\/la-perla.net\/\",\"logo\":{\"@type\":\"ImageObject\",\"inLanguage\":\"eu-ES\",\"@id\":\"https:\/\/la-perla.net\/#\/schema\/logo\/image\/\",\"url\":\"https:\/\/la-perla.net\/wp-content\/uploads\/2020\/09\/talasoterapia-la-perla.png\",\"contentUrl\":\"https:\/\/la-perla.net\/wp-content\/uploads\/2020\/09\/talasoterapia-la-perla.png\",\"width\":191,\"height\":51,\"caption\":\"La Perla\"},\"image\":{\"@id\":\"https:\/\/la-perla.net\/#\/schema\/logo\/image\/\"},\"sameAs\":[\"https:\/\/www.facebook.com\/laperladonosti\/\",\"https:\/\/x.com\/LaPerlaDonosti\",\"https:\/\/www.instagram.com\/laperladonosti\/?hl=es\",\"https:\/\/www.youtube.com\/channel\/UChQhp12N7Lg6ZrOcmAJAy4g\"]}]}<\/script>\n<!-- \/ Yoast SEO plugin. -->","yoast_head_json":{"title":"Restaurante La Perla, descubre nuestra carta. Comer en Donostia men\u00fas","description":"Para comer en San Sebasti\u00e1n - Donostia, en el restaurante La Perla descubrir\u00e1s los mejores platos disfrutando de la bah\u00eda de La Concha","robots":{"index":"index","follow":"follow","max-snippet":"max-snippet:-1","max-image-preview":"max-image-preview:large","max-video-preview":"max-video-preview:-1"},"canonical":"https:\/\/la-perla.net\/eu\/la-perla-jatetxea\/","og_locale":"eu_ES","og_type":"article","og_title":"Restaurante La Perla, descubre nuestra carta. Comer en Donostia men\u00fas","og_description":"Para comer en San Sebasti\u00e1n - Donostia, en el restaurante La Perla descubrir\u00e1s los mejores platos disfrutando de la bah\u00eda de La Concha","og_url":"https:\/\/la-perla.net\/eu\/la-perla-jatetxea\/","og_site_name":"Talasoterapia La Perla \u2022 San Sebasti\u00e1n - Donostia","article_publisher":"https:\/\/www.facebook.com\/laperladonosti\/","article_modified_time":"2025-11-17T11:10:19+00:00","og_image":[{"width":43,"height":38,"url":"https:\/\/la-perla.net\/wp-content\/uploads\/2020\/09\/carrito.jpg","type":"image\/jpeg"}],"twitter_card":"summary_large_image","twitter_site":"@LaPerlaDonosti","twitter_misc":{"Est. reading time":"3 minutes"},"schema":{"@context":"https:\/\/schema.org","@graph":[{"@type":"WebPage","@id":"https:\/\/la-perla.net\/eu\/la-perla-jatetxea\/","url":"https:\/\/la-perla.net\/eu\/la-perla-jatetxea\/","name":"Restaurante La Perla, descubre nuestra carta. Comer en Donostia men\u00fas","isPartOf":{"@id":"https:\/\/la-perla.net\/#website"},"primaryImageOfPage":{"@id":"https:\/\/la-perla.net\/eu\/la-perla-jatetxea\/#primaryimage"},"image":{"@id":"https:\/\/la-perla.net\/eu\/la-perla-jatetxea\/#primaryimage"},"thumbnailUrl":"https:\/\/la-perla.net\/wp-content\/uploads\/2020\/09\/carrito.jpg","datePublished":"2019-11-28T16:09:45+00:00","dateModified":"2025-11-17T11:10:19+00:00","description":"Para comer en San Sebasti\u00e1n - Donostia, en el restaurante La Perla descubrir\u00e1s los mejores platos disfrutando de la bah\u00eda de La Concha","breadcrumb":{"@id":"https:\/\/la-perla.net\/eu\/la-perla-jatetxea\/#breadcrumb"},"inLanguage":"eu-ES","potentialAction":[{"@type":"ReadAction","target":["https:\/\/la-perla.net\/eu\/la-perla-jatetxea\/"]}]},{"@type":"ImageObject","inLanguage":"eu-ES","@id":"https:\/\/la-perla.net\/eu\/la-perla-jatetxea\/#primaryimage","url":"https:\/\/la-perla.net\/wp-content\/uploads\/2020\/09\/carrito.jpg","contentUrl":"https:\/\/la-perla.net\/wp-content\/uploads\/2020\/09\/carrito.jpg"},{"@type":"BreadcrumbList","@id":"https:\/\/la-perla.net\/eu\/la-perla-jatetxea\/#breadcrumb","itemListElement":[{"@type":"ListItem","position":1,"name":"Portada","item":"https:\/\/la-perla.net\/eu\/"},{"@type":"ListItem","position":2,"name":"LA PERLA JATETXEA"}]},{"@type":"WebSite","@id":"https:\/\/la-perla.net\/#website","url":"https:\/\/la-perla.net\/","name":"Talasoterapia La Perla \u2022 San Sebasti\u00e1n - Donostia","description":"Talasoterapia en Guipuzcoa - Centro de salud, belleza y deporte","publisher":{"@id":"https:\/\/la-perla.net\/#organization"},"potentialAction":[{"@type":"SearchAction","target":{"@type":"EntryPoint","urlTemplate":"https:\/\/la-perla.net\/?s={search_term_string}"},"query-input":{"@type":"PropertyValueSpecification","valueRequired":true,"valueName":"search_term_string"}}],"inLanguage":"eu-ES"},{"@type":"Organization","@id":"https:\/\/la-perla.net\/#organization","name":"La Perla","url":"https:\/\/la-perla.net\/","logo":{"@type":"ImageObject","inLanguage":"eu-ES","@id":"https:\/\/la-perla.net\/#\/schema\/logo\/image\/","url":"https:\/\/la-perla.net\/wp-content\/uploads\/2020\/09\/talasoterapia-la-perla.png","contentUrl":"https:\/\/la-perla.net\/wp-content\/uploads\/2020\/09\/talasoterapia-la-perla.png","width":191,"height":51,"caption":"La Perla"},"image":{"@id":"https:\/\/la-perla.net\/#\/schema\/logo\/image\/"},"sameAs":["https:\/\/www.facebook.com\/laperladonosti\/","https:\/\/x.com\/LaPerlaDonosti","https:\/\/www.instagram.com\/laperladonosti\/?hl=es","https:\/\/www.youtube.com\/channel\/UChQhp12N7Lg6ZrOcmAJAy4g"]}]}},"_links":{"self":[{"href":"https:\/\/la-perla.net\/eu\/wp-json\/wp\/v2\/pages\/60162"}],"collection":[{"href":"https:\/\/la-perla.net\/eu\/wp-json\/wp\/v2\/pages"}],"about":[{"href":"https:\/\/la-perla.net\/eu\/wp-json\/wp\/v2\/types\/page"}],"author":[{"embeddable":true,"href":"https:\/\/la-perla.net\/eu\/wp-json\/wp\/v2\/users\/3"}],"replies":[{"embeddable":true,"href":"https:\/\/la-perla.net\/eu\/wp-json\/wp\/v2\/comments?post=60162"}],"version-history":[{"count":0,"href":"https:\/\/la-perla.net\/eu\/wp-json\/wp\/v2\/pages\/60162\/revisions"}],"wp:attachment":[{"href":"https:\/\/la-perla.net\/eu\/wp-json\/wp\/v2\/media?parent=60162"}],"curies":[{"name":"wp","href":"https:\/\/api.w.org\/{rel}","templated":true}]}}