{"id":107344,"date":"2022-11-22T14:32:27","date_gmt":"2022-11-22T13:32:27","guid":{"rendered":"https:\/\/la-perla.net\/san-sebastian\/eau-de-soin-micro-peeling\/"},"modified":"2025-12-01T23:00:25","modified_gmt":"2025-12-01T22:00:25","slug":"eau-de-soin-micro-peeling","status":"publish","type":"product","link":"https:\/\/la-perla.net\/eu\/produktu\/eau-de-soin-micro-peeling\/","title":{"rendered":"EAU DE SOIN MICRO-PEELING"},"content":{"rendered":"","protected":false},"excerpt":{"rendered":"<p style=\"text-align: justify; background: white; margin: 0cm 0cm 7.5pt 0cm;\"><span style=\"font-size: 10.5pt; font-family: 'Helvetica','sans-serif'; color: #006072;\">Agua de tratamiento fresca y ligeramente gelificada, ofrece un efecto peeling* diario para un resultado \u00ab piel nueva \u00bb progresivo.<\/span><\/p>\n<p style=\"text-align: justify; background: white; margin: 0cm 0cm 7.5pt 0cm;\"><span style=\"font-size: 10.5pt; font-family: 'Helvetica','sans-serif'; color: #006072;\">*Peeling superficial.<\/span><\/p>\n<p>&nbsp;<\/p>\n<p class=\"conseiltitre\" style=\"margin: 0cm; margin-bottom: .0001pt; text-align: justify; background: white;\"><span style=\"font-size: 10.5pt; font-family: 'Helvetica','sans-serif'; color: #006072;\">Gesto de aplicaci\u00f3n profesional<\/span><\/p>\n<p style=\"margin: 0cm; margin-bottom: .0001pt; text-align: justify; background: white;\"><span style=\"font-size: 10.5pt; font-family: 'Helvetica','sans-serif'; color: #006072;\">Aplicar\u00a0por la ma\u00f1ana con un algod\u00f3n sobre rostro y\u00a0cuello.\u00a0Para una eficacia \u00f3ptima,\u00a0aplicar el\u00a0S\u00e9rum Resurfa\u00e7ant Intensif por la noche.<\/span><\/p>\n<p style=\"margin: 0cm; margin-bottom: .0001pt; text-align: justify; background: white;\"><span style=\"font-size: 10.5pt; font-family: 'Helvetica','sans-serif'; color: #006072;\">Evitar el contacto con los ojos y las mucosas. No aplicar en pieles sensibles\u00a0o irritadas. En caso de irritaci\u00f3n, aclarar con agua, interrumpir la utilizaci\u00f3n del producto. Este producto contiene AHA,\u00a0puede\u00a0hacer que la piel se vuelva m\u00e1s sensible al sol. Utilizar una protecci\u00f3n solar durante su utilizaci\u00f3n y continuar al menos una semana despu\u00e9s de\u00a0finalizar el tratamiento.<\/span><\/p>\n","protected":false},"featured_media":95726,"template":"","meta":{"_genesis_hide_title":false,"_genesis_hide_breadcrumbs":false,"_genesis_hide_singular_image":false,"_genesis_hide_footer_widgets":false,"_genesis_custom_body_class":"","_genesis_custom_post_class":"","_genesis_layout":""},"product_brand":[],"product_cat":[1284,1445],"product_tag":[],"class_list":{"0":"post-107344","1":"product","2":"type-product","3":"status-publish","4":"has-post-thumbnail","6":"product_cat-thalgo-eu","7":"product_cat-antimanchas-eu","8":"entry","10":"first","11":"instock","12":"shipping-taxable","13":"purchasable","14":"product-type-simple"},"yoast_head":"<!-- This site is optimized with the Yoast SEO plugin v25.6 - https:\/\/yoast.com\/wordpress\/plugins\/seo\/ -->\n<title>Eau de Soin Micro Peeling: el Tratamiento Perfecto para una Piel Radiante<\/title>\n<meta name=\"description\" content=\"Obt\u00e9n una piel suave y radiante con nuestro Eau de Soin Micro Peeling. Este tratamiento de belleza es f\u00e1cil de aplicar y r\u00e1pido de ver resultados.\" \/>\n<meta name=\"robots\" content=\"index, follow, max-snippet:-1, max-image-preview:large, max-video-preview:-1\" \/>\n<link rel=\"canonical\" href=\"https:\/\/la-perla.net\/eu\/produktu\/eau-de-soin-micro-peeling\/\" \/>\n<meta property=\"og:locale\" content=\"eu_ES\" \/>\n<meta property=\"og:type\" content=\"article\" \/>\n<meta property=\"og:title\" content=\"Eau de Soin Micro Peeling: el Tratamiento Perfecto para una Piel Radiante\" \/>\n<meta property=\"og:description\" content=\"Obt\u00e9n una piel suave y radiante con nuestro Eau de Soin Micro Peeling. Este tratamiento de belleza es f\u00e1cil de aplicar y r\u00e1pido de ver resultados.\" \/>\n<meta property=\"og:url\" content=\"https:\/\/la-perla.net\/eu\/produktu\/eau-de-soin-micro-peeling\/\" \/>\n<meta property=\"og:site_name\" content=\"Talasoterapia La Perla \u2022 San Sebasti\u00e1n - Donostia\" \/>\n<meta property=\"article:publisher\" content=\"https:\/\/www.facebook.com\/laperladonosti\/\" \/>\n<meta property=\"article:modified_time\" content=\"2025-12-01T22:00:25+00:00\" \/>\n<meta property=\"og:image\" content=\"https:\/\/la-perla.net\/wp-content\/uploads\/2022\/11\/peeling-marin-eau-soin-micro-peeling-thalgo.jpg\" \/>\n\t<meta property=\"og:image:width\" content=\"452\" \/>\n\t<meta property=\"og:image:height\" content=\"452\" \/>\n\t<meta property=\"og:image:type\" content=\"image\/jpeg\" \/>\n<meta name=\"twitter:card\" content=\"summary_large_image\" \/>\n<meta name=\"twitter:site\" content=\"@LaPerlaDonosti\" \/>\n<script type=\"application\/ld+json\" class=\"yoast-schema-graph\">{\"@context\":\"https:\/\/schema.org\",\"@graph\":[{\"@type\":\"WebPage\",\"@id\":\"https:\/\/la-perla.net\/eu\/produktu\/eau-de-soin-micro-peeling\/\",\"url\":\"https:\/\/la-perla.net\/eu\/produktu\/eau-de-soin-micro-peeling\/\",\"name\":\"Eau de Soin Micro Peeling: el Tratamiento Perfecto para una Piel Radiante\",\"isPartOf\":{\"@id\":\"https:\/\/la-perla.net\/#website\"},\"primaryImageOfPage\":{\"@id\":\"https:\/\/la-perla.net\/eu\/produktu\/eau-de-soin-micro-peeling\/#primaryimage\"},\"image\":{\"@id\":\"https:\/\/la-perla.net\/eu\/produktu\/eau-de-soin-micro-peeling\/#primaryimage\"},\"thumbnailUrl\":\"https:\/\/la-perla.net\/wp-content\/uploads\/2022\/11\/peeling-marin-eau-soin-micro-peeling-thalgo.jpg\",\"datePublished\":\"2022-11-22T13:32:27+00:00\",\"dateModified\":\"2025-12-01T22:00:25+00:00\",\"description\":\"Obt\u00e9n una piel suave y radiante con nuestro Eau de Soin Micro Peeling. Este tratamiento de belleza es f\u00e1cil de aplicar y r\u00e1pido de ver resultados.\",\"breadcrumb\":{\"@id\":\"https:\/\/la-perla.net\/eu\/produktu\/eau-de-soin-micro-peeling\/#breadcrumb\"},\"inLanguage\":\"eu-ES\",\"potentialAction\":[{\"@type\":\"ReadAction\",\"target\":[\"https:\/\/la-perla.net\/eu\/produktu\/eau-de-soin-micro-peeling\/\"]}]},{\"@type\":\"ImageObject\",\"inLanguage\":\"eu-ES\",\"@id\":\"https:\/\/la-perla.net\/eu\/produktu\/eau-de-soin-micro-peeling\/#primaryimage\",\"url\":\"https:\/\/la-perla.net\/wp-content\/uploads\/2022\/11\/peeling-marin-eau-soin-micro-peeling-thalgo.jpg\",\"contentUrl\":\"https:\/\/la-perla.net\/wp-content\/uploads\/2022\/11\/peeling-marin-eau-soin-micro-peeling-thalgo.jpg\",\"width\":452,\"height\":452,\"caption\":\"Eau de Soin Micro Peeling\"},{\"@type\":\"BreadcrumbList\",\"@id\":\"https:\/\/la-perla.net\/eu\/produktu\/eau-de-soin-micro-peeling\/#breadcrumb\",\"itemListElement\":[{\"@type\":\"ListItem\",\"position\":1,\"name\":\"Portada\",\"item\":\"https:\/\/la-perla.net\/eu\/\"},{\"@type\":\"ListItem\",\"position\":2,\"name\":\"Shop\",\"item\":\"https:\/\/la-perla.net\/eu\/shop\/\"},{\"@type\":\"ListItem\",\"position\":3,\"name\":\"EAU DE SOIN MICRO-PEELING\"}]},{\"@type\":\"WebSite\",\"@id\":\"https:\/\/la-perla.net\/#website\",\"url\":\"https:\/\/la-perla.net\/\",\"name\":\"Talasoterapia La Perla \u2022 San Sebasti\u00e1n - Donostia\",\"description\":\"Talasoterapia en Guipuzcoa - Centro de salud, belleza y deporte\",\"publisher\":{\"@id\":\"https:\/\/la-perla.net\/#organization\"},\"potentialAction\":[{\"@type\":\"SearchAction\",\"target\":{\"@type\":\"EntryPoint\",\"urlTemplate\":\"https:\/\/la-perla.net\/?s={search_term_string}\"},\"query-input\":{\"@type\":\"PropertyValueSpecification\",\"valueRequired\":true,\"valueName\":\"search_term_string\"}}],\"inLanguage\":\"eu-ES\"},{\"@type\":\"Organization\",\"@id\":\"https:\/\/la-perla.net\/#organization\",\"name\":\"La Perla\",\"url\":\"https:\/\/la-perla.net\/\",\"logo\":{\"@type\":\"ImageObject\",\"inLanguage\":\"eu-ES\",\"@id\":\"https:\/\/la-perla.net\/#\/schema\/logo\/image\/\",\"url\":\"https:\/\/la-perla.net\/wp-content\/uploads\/2020\/09\/talasoterapia-la-perla.png\",\"contentUrl\":\"https:\/\/la-perla.net\/wp-content\/uploads\/2020\/09\/talasoterapia-la-perla.png\",\"width\":191,\"height\":51,\"caption\":\"La Perla\"},\"image\":{\"@id\":\"https:\/\/la-perla.net\/#\/schema\/logo\/image\/\"},\"sameAs\":[\"https:\/\/www.facebook.com\/laperladonosti\/\",\"https:\/\/x.com\/LaPerlaDonosti\",\"https:\/\/www.instagram.com\/laperladonosti\/?hl=es\",\"https:\/\/www.youtube.com\/channel\/UChQhp12N7Lg6ZrOcmAJAy4g\"]}]}<\/script>\n<!-- \/ Yoast SEO plugin. -->","yoast_head_json":{"title":"Eau de Soin Micro Peeling: el Tratamiento Perfecto para una Piel Radiante","description":"Obt\u00e9n una piel suave y radiante con nuestro Eau de Soin Micro Peeling. Este tratamiento de belleza es f\u00e1cil de aplicar y r\u00e1pido de ver resultados.","robots":{"index":"index","follow":"follow","max-snippet":"max-snippet:-1","max-image-preview":"max-image-preview:large","max-video-preview":"max-video-preview:-1"},"canonical":"https:\/\/la-perla.net\/eu\/produktu\/eau-de-soin-micro-peeling\/","og_locale":"eu_ES","og_type":"article","og_title":"Eau de Soin Micro Peeling: el Tratamiento Perfecto para una Piel Radiante","og_description":"Obt\u00e9n una piel suave y radiante con nuestro Eau de Soin Micro Peeling. Este tratamiento de belleza es f\u00e1cil de aplicar y r\u00e1pido de ver resultados.","og_url":"https:\/\/la-perla.net\/eu\/produktu\/eau-de-soin-micro-peeling\/","og_site_name":"Talasoterapia La Perla \u2022 San Sebasti\u00e1n - Donostia","article_publisher":"https:\/\/www.facebook.com\/laperladonosti\/","article_modified_time":"2025-12-01T22:00:25+00:00","og_image":[{"width":452,"height":452,"url":"https:\/\/la-perla.net\/wp-content\/uploads\/2022\/11\/peeling-marin-eau-soin-micro-peeling-thalgo.jpg","type":"image\/jpeg"}],"twitter_card":"summary_large_image","twitter_site":"@LaPerlaDonosti","schema":{"@context":"https:\/\/schema.org","@graph":[{"@type":"WebPage","@id":"https:\/\/la-perla.net\/eu\/produktu\/eau-de-soin-micro-peeling\/","url":"https:\/\/la-perla.net\/eu\/produktu\/eau-de-soin-micro-peeling\/","name":"Eau de Soin Micro Peeling: el Tratamiento Perfecto para una Piel Radiante","isPartOf":{"@id":"https:\/\/la-perla.net\/#website"},"primaryImageOfPage":{"@id":"https:\/\/la-perla.net\/eu\/produktu\/eau-de-soin-micro-peeling\/#primaryimage"},"image":{"@id":"https:\/\/la-perla.net\/eu\/produktu\/eau-de-soin-micro-peeling\/#primaryimage"},"thumbnailUrl":"https:\/\/la-perla.net\/wp-content\/uploads\/2022\/11\/peeling-marin-eau-soin-micro-peeling-thalgo.jpg","datePublished":"2022-11-22T13:32:27+00:00","dateModified":"2025-12-01T22:00:25+00:00","description":"Obt\u00e9n una piel suave y radiante con nuestro Eau de Soin Micro Peeling. Este tratamiento de belleza es f\u00e1cil de aplicar y r\u00e1pido de ver resultados.","breadcrumb":{"@id":"https:\/\/la-perla.net\/eu\/produktu\/eau-de-soin-micro-peeling\/#breadcrumb"},"inLanguage":"eu-ES","potentialAction":[{"@type":"ReadAction","target":["https:\/\/la-perla.net\/eu\/produktu\/eau-de-soin-micro-peeling\/"]}]},{"@type":"ImageObject","inLanguage":"eu-ES","@id":"https:\/\/la-perla.net\/eu\/produktu\/eau-de-soin-micro-peeling\/#primaryimage","url":"https:\/\/la-perla.net\/wp-content\/uploads\/2022\/11\/peeling-marin-eau-soin-micro-peeling-thalgo.jpg","contentUrl":"https:\/\/la-perla.net\/wp-content\/uploads\/2022\/11\/peeling-marin-eau-soin-micro-peeling-thalgo.jpg","width":452,"height":452,"caption":"Eau de Soin Micro Peeling"},{"@type":"BreadcrumbList","@id":"https:\/\/la-perla.net\/eu\/produktu\/eau-de-soin-micro-peeling\/#breadcrumb","itemListElement":[{"@type":"ListItem","position":1,"name":"Portada","item":"https:\/\/la-perla.net\/eu\/"},{"@type":"ListItem","position":2,"name":"Shop","item":"https:\/\/la-perla.net\/eu\/shop\/"},{"@type":"ListItem","position":3,"name":"EAU DE SOIN MICRO-PEELING"}]},{"@type":"WebSite","@id":"https:\/\/la-perla.net\/#website","url":"https:\/\/la-perla.net\/","name":"Talasoterapia La Perla \u2022 San Sebasti\u00e1n - Donostia","description":"Talasoterapia en Guipuzcoa - Centro de salud, belleza y deporte","publisher":{"@id":"https:\/\/la-perla.net\/#organization"},"potentialAction":[{"@type":"SearchAction","target":{"@type":"EntryPoint","urlTemplate":"https:\/\/la-perla.net\/?s={search_term_string}"},"query-input":{"@type":"PropertyValueSpecification","valueRequired":true,"valueName":"search_term_string"}}],"inLanguage":"eu-ES"},{"@type":"Organization","@id":"https:\/\/la-perla.net\/#organization","name":"La Perla","url":"https:\/\/la-perla.net\/","logo":{"@type":"ImageObject","inLanguage":"eu-ES","@id":"https:\/\/la-perla.net\/#\/schema\/logo\/image\/","url":"https:\/\/la-perla.net\/wp-content\/uploads\/2020\/09\/talasoterapia-la-perla.png","contentUrl":"https:\/\/la-perla.net\/wp-content\/uploads\/2020\/09\/talasoterapia-la-perla.png","width":191,"height":51,"caption":"La Perla"},"image":{"@id":"https:\/\/la-perla.net\/#\/schema\/logo\/image\/"},"sameAs":["https:\/\/www.facebook.com\/laperladonosti\/","https:\/\/x.com\/LaPerlaDonosti","https:\/\/www.instagram.com\/laperladonosti\/?hl=es","https:\/\/www.youtube.com\/channel\/UChQhp12N7Lg6ZrOcmAJAy4g"]}]}},"_links":{"self":[{"href":"https:\/\/la-perla.net\/eu\/wp-json\/wp\/v2\/product\/107344"}],"collection":[{"href":"https:\/\/la-perla.net\/eu\/wp-json\/wp\/v2\/product"}],"about":[{"href":"https:\/\/la-perla.net\/eu\/wp-json\/wp\/v2\/types\/product"}],"wp:featuredmedia":[{"embeddable":true,"href":"https:\/\/la-perla.net\/eu\/wp-json\/wp\/v2\/media\/95726"}],"wp:attachment":[{"href":"https:\/\/la-perla.net\/eu\/wp-json\/wp\/v2\/media?parent=107344"}],"wp:term":[{"taxonomy":"product_brand","embeddable":true,"href":"https:\/\/la-perla.net\/eu\/wp-json\/wp\/v2\/product_brand?post=107344"},{"taxonomy":"product_cat","embeddable":true,"href":"https:\/\/la-perla.net\/eu\/wp-json\/wp\/v2\/product_cat?post=107344"},{"taxonomy":"product_tag","embeddable":true,"href":"https:\/\/la-perla.net\/eu\/wp-json\/wp\/v2\/product_tag?post=107344"}],"curies":[{"name":"wp","href":"https:\/\/api.w.org\/{rel}","templated":true}]}}