{"id":107466,"date":"2020-10-26T15:53:58","date_gmt":"2020-10-26T14:53:58","guid":{"rendered":"https:\/\/la-perla.net\/san-sebastian\/balsamo-antiestrias-reafirmante-de-pecho\/"},"modified":"2025-12-01T23:00:12","modified_gmt":"2025-12-01T22:00:12","slug":"bularreko-ildasken-aurkako-baltsamo-sendogarria","status":"publish","type":"product","link":"https:\/\/la-perla.net\/eu\/produktu\/bularreko-ildasken-aurkako-baltsamo-sendogarria\/","title":{"rendered":"Bularreko ildasken aurkako baltsamo sendogarria"},"content":{"rendered":"<p>Zure haurrarekin duzun lotura eta komunikazioa gauza berezi eta apartekoa da, bainatzen, masajeak ematen eta baita bularra ematen duzunean ere potentziatzen direnak.. Baina bularra ematea oso erabaki pertsonala da. Hala egitea erabakitzen baduzu, edo ez, ildasken aurkako gure baltsamoa erabili dezakezu bularra irmo, hustuaeta pitzadurarik gabe izaten laguntzeko, haurdunaldian eta haurdunaldiaren ondoren; izan ere, segurua baita zuretzat eta zure haurrarentzat, nahiz eta bularra ematen badiozu ere. Izan ere, zuen arteko lotura handiena ikusezina izango baita beti.<\/p>\n<p>Me and Me-n bereziki sentsibilizatuta gaude bularreko minbiziarekin. Hori dela eta, gure baltsamoaren salmentaren irabazien ehuneko bata Bularreko Minbiziaren Aurkako Espainiako Elkartearen (AECC) bidez minbizi-mota horren aurkako borrokara bideratzen dugu.<\/p>\n<ul>\n<li>Eraginkortasun hund\u00eda ildaskak prebenitzeko eta konpontzeko.<\/li>\n<li>Larruazalaren tersura eta tinkotasuna %36* baino gehiago handitzen dira.<\/li>\n<li>Kolagenoaren sintesia %30* baino gehiago handitzen da.<\/li>\n<li>Hantura murrizten du.<\/li>\n<li>Efektu orbaintzailea eta konpontzaileca.<\/li>\n<li>Oso hidratatzailea.<\/li>\n<li>Haurdunaldian eta ondoren bereziki egokia.<\/li>\n<li>Edoskitzearekin bateragarria<\/li>\n<li>Neurokosmetika-osagaiekin estresa, kortisol maila murrizten laguntzen duten eta zure zoriontasuna, aldiz, haunditu.<\/li>\n<li>Azalaren osasuna mantentzen duten prebiotikoak ditu, oreka mikrobiologikoa lehengoratuz.<\/li>\n<\/ul>\n<p>*Aktiboen test klinikoen emaitzak.<\/p>\n<p><strong>Erabiltzeko modua<\/strong><\/p>\n<p>Hartu baltsamo-kantitate bat, eta landu eskuen artean, jarri leun-leun bularrean eta paparrean. Titiburuetan ere erabil dezakezu, erabat segurua baita edoskitzaroan ere. Gutxienez egunean behin erabili behar duzu. Bularra oso tiraka, puztuta eta arintzea behar duzula nabaritzen baduzu, jar ezazu nahi adina aldiz.<\/p>\n<p><strong>Ez darama:<\/strong><\/p>\n<ul>\n<li>Parabenoak<\/li>\n<li>Petrokimikoak<\/li>\n<li>Lurrin sintetikoak<\/li>\n<li>Kaltegarriak izan daitezkeen substantziak<\/li>\n<\/ul>\n","protected":false},"excerpt":{"rendered":"<p>Ildasken aurkako gure baltsamoak bularra tinko, hertua eta pitzadurarik gabe mantentzen laguntzen dizu, haurdunaldian eta haurdunaldiaren ondoren, zuretzat eta zure haurrarentzat segurua baita edoskitzaroan ere.<\/p>\n<p><span style=\"color: #808080;\">75 ml<\/span><\/p>\n","protected":false},"featured_media":54264,"template":"","meta":{"_genesis_hide_title":false,"_genesis_hide_breadcrumbs":false,"_genesis_hide_singular_image":false,"_genesis_hide_footer_widgets":false,"_genesis_custom_body_class":"","_genesis_custom_post_class":"","_genesis_layout":""},"product_brand":[],"product_cat":[1088],"product_tag":[],"class_list":{"0":"post-107466","1":"product","2":"type-product","3":"status-publish","4":"has-post-thumbnail","6":"product_cat-meandme-eu","7":"entry","9":"first","10":"instock","11":"shipping-taxable","12":"purchasable","13":"product-type-simple"},"yoast_head":"<!-- This site is optimized with the Yoast SEO plugin v25.6 - https:\/\/yoast.com\/wordpress\/plugins\/seo\/ -->\n<title>Bularreko ildasken aurkako baltsamo sendogarria - Talasoterapia La Perla \u2022 San Sebasti\u00e1n - Donostia<\/title>\n<meta name=\"robots\" content=\"index, follow, max-snippet:-1, max-image-preview:large, max-video-preview:-1\" \/>\n<link rel=\"canonical\" href=\"https:\/\/la-perla.net\/produktu\/balsamo-antiestrias-reafirmante-de-pecho\/\" \/>\n<meta property=\"og:locale\" content=\"eu_ES\" \/>\n<meta property=\"og:type\" content=\"article\" \/>\n<meta property=\"og:title\" content=\"Bularreko ildasken aurkako baltsamo sendogarria - Talasoterapia La Perla \u2022 San Sebasti\u00e1n - Donostia\" \/>\n<meta property=\"og:description\" content=\"Ildasken aurkako gure baltsamoak bularra tinko, hertua eta pitzadurarik gabe mantentzen laguntzen dizu, haurdunaldian eta haurdunaldiaren ondoren, zuretzat eta zure haurrarentzat segurua baita edoskitzaroan ere. 75 ml\" \/>\n<meta property=\"og:url\" content=\"https:\/\/la-perla.net\/produktu\/balsamo-antiestrias-reafirmante-de-pecho\/\" \/>\n<meta property=\"og:site_name\" content=\"Talasoterapia La Perla \u2022 San Sebasti\u00e1n - Donostia\" \/>\n<meta property=\"article:publisher\" content=\"https:\/\/www.facebook.com\/laperladonosti\/\" \/>\n<meta property=\"article:modified_time\" content=\"2025-12-01T22:00:12+00:00\" \/>\n<meta name=\"twitter:card\" content=\"summary_large_image\" \/>\n<meta name=\"twitter:site\" content=\"@LaPerlaDonosti\" \/>\n<meta name=\"twitter:label1\" content=\"Est. reading time\" \/>\n\t<meta name=\"twitter:data1\" content=\"1 minute\" \/>\n<script type=\"application\/ld+json\" class=\"yoast-schema-graph\">{\"@context\":\"https:\/\/schema.org\",\"@graph\":[{\"@type\":\"WebPage\",\"@id\":\"https:\/\/la-perla.net\/produktu\/balsamo-antiestrias-reafirmante-de-pecho\/\",\"url\":\"https:\/\/la-perla.net\/produktu\/balsamo-antiestrias-reafirmante-de-pecho\/\",\"name\":\"Bularreko ildasken aurkako baltsamo sendogarria - Talasoterapia La Perla \u2022 San Sebasti\u00e1n - Donostia\",\"isPartOf\":{\"@id\":\"https:\/\/la-perla.net\/#website\"},\"primaryImageOfPage\":{\"@id\":\"https:\/\/la-perla.net\/produktu\/balsamo-antiestrias-reafirmante-de-pecho\/#primaryimage\"},\"image\":{\"@id\":\"https:\/\/la-perla.net\/produktu\/balsamo-antiestrias-reafirmante-de-pecho\/#primaryimage\"},\"thumbnailUrl\":\"https:\/\/la-perla.net\/wp-content\/uploads\/2019\/11\/ME-AND-ME_b\u00e1lsamo-antiestr\u00edas-reafirmante-pecho-fondo-blanco-scaled.jpg\",\"datePublished\":\"2020-10-26T14:53:58+00:00\",\"dateModified\":\"2025-12-01T22:00:12+00:00\",\"breadcrumb\":{\"@id\":\"https:\/\/la-perla.net\/produktu\/balsamo-antiestrias-reafirmante-de-pecho\/#breadcrumb\"},\"inLanguage\":\"eu-ES\",\"potentialAction\":[{\"@type\":\"ReadAction\",\"target\":[\"https:\/\/la-perla.net\/produktu\/balsamo-antiestrias-reafirmante-de-pecho\/\"]}]},{\"@type\":\"ImageObject\",\"inLanguage\":\"eu-ES\",\"@id\":\"https:\/\/la-perla.net\/produktu\/balsamo-antiestrias-reafirmante-de-pecho\/#primaryimage\",\"url\":\"https:\/\/la-perla.net\/wp-content\/uploads\/2019\/11\/ME-AND-ME_b\u00e1lsamo-antiestr\u00edas-reafirmante-pecho-fondo-blanco-scaled.jpg\",\"contentUrl\":\"https:\/\/la-perla.net\/wp-content\/uploads\/2019\/11\/ME-AND-ME_b\u00e1lsamo-antiestr\u00edas-reafirmante-pecho-fondo-blanco-scaled.jpg\",\"width\":2560,\"height\":1907,\"caption\":\"B\u00e1lsamo antiestr\u00edas reafirmante de pecho\"},{\"@type\":\"BreadcrumbList\",\"@id\":\"https:\/\/la-perla.net\/produktu\/balsamo-antiestrias-reafirmante-de-pecho\/#breadcrumb\",\"itemListElement\":[{\"@type\":\"ListItem\",\"position\":1,\"name\":\"Portada\",\"item\":\"https:\/\/la-perla.net\/eu\/\"},{\"@type\":\"ListItem\",\"position\":2,\"name\":\"Shop\",\"item\":\"https:\/\/la-perla.net\/eu\/shop\/\"},{\"@type\":\"ListItem\",\"position\":3,\"name\":\"Bularreko ildasken aurkako baltsamo sendogarria\"}]},{\"@type\":\"WebSite\",\"@id\":\"https:\/\/la-perla.net\/#website\",\"url\":\"https:\/\/la-perla.net\/\",\"name\":\"Talasoterapia La Perla \u2022 San Sebasti\u00e1n - Donostia\",\"description\":\"Talasoterapia en Guipuzcoa - Centro de salud, belleza y deporte\",\"publisher\":{\"@id\":\"https:\/\/la-perla.net\/#organization\"},\"potentialAction\":[{\"@type\":\"SearchAction\",\"target\":{\"@type\":\"EntryPoint\",\"urlTemplate\":\"https:\/\/la-perla.net\/?s={search_term_string}\"},\"query-input\":{\"@type\":\"PropertyValueSpecification\",\"valueRequired\":true,\"valueName\":\"search_term_string\"}}],\"inLanguage\":\"eu-ES\"},{\"@type\":\"Organization\",\"@id\":\"https:\/\/la-perla.net\/#organization\",\"name\":\"La Perla\",\"url\":\"https:\/\/la-perla.net\/\",\"logo\":{\"@type\":\"ImageObject\",\"inLanguage\":\"eu-ES\",\"@id\":\"https:\/\/la-perla.net\/#\/schema\/logo\/image\/\",\"url\":\"https:\/\/la-perla.net\/wp-content\/uploads\/2020\/09\/talasoterapia-la-perla.png\",\"contentUrl\":\"https:\/\/la-perla.net\/wp-content\/uploads\/2020\/09\/talasoterapia-la-perla.png\",\"width\":191,\"height\":51,\"caption\":\"La Perla\"},\"image\":{\"@id\":\"https:\/\/la-perla.net\/#\/schema\/logo\/image\/\"},\"sameAs\":[\"https:\/\/www.facebook.com\/laperladonosti\/\",\"https:\/\/x.com\/LaPerlaDonosti\",\"https:\/\/www.instagram.com\/laperladonosti\/?hl=es\",\"https:\/\/www.youtube.com\/channel\/UChQhp12N7Lg6ZrOcmAJAy4g\"]}]}<\/script>\n<!-- \/ Yoast SEO plugin. -->","yoast_head_json":{"title":"Bularreko ildasken aurkako baltsamo sendogarria - Talasoterapia La Perla \u2022 San Sebasti\u00e1n - Donostia","robots":{"index":"index","follow":"follow","max-snippet":"max-snippet:-1","max-image-preview":"max-image-preview:large","max-video-preview":"max-video-preview:-1"},"canonical":"https:\/\/la-perla.net\/produktu\/balsamo-antiestrias-reafirmante-de-pecho\/","og_locale":"eu_ES","og_type":"article","og_title":"Bularreko ildasken aurkako baltsamo sendogarria - Talasoterapia La Perla \u2022 San Sebasti\u00e1n - Donostia","og_description":"Ildasken aurkako gure baltsamoak bularra tinko, hertua eta pitzadurarik gabe mantentzen laguntzen dizu, haurdunaldian eta haurdunaldiaren ondoren, zuretzat eta zure haurrarentzat segurua baita edoskitzaroan ere. 75 ml","og_url":"https:\/\/la-perla.net\/produktu\/balsamo-antiestrias-reafirmante-de-pecho\/","og_site_name":"Talasoterapia La Perla \u2022 San Sebasti\u00e1n - Donostia","article_publisher":"https:\/\/www.facebook.com\/laperladonosti\/","article_modified_time":"2025-12-01T22:00:12+00:00","twitter_card":"summary_large_image","twitter_site":"@LaPerlaDonosti","twitter_misc":{"Est. reading time":"1 minute"},"schema":{"@context":"https:\/\/schema.org","@graph":[{"@type":"WebPage","@id":"https:\/\/la-perla.net\/produktu\/balsamo-antiestrias-reafirmante-de-pecho\/","url":"https:\/\/la-perla.net\/produktu\/balsamo-antiestrias-reafirmante-de-pecho\/","name":"Bularreko ildasken aurkako baltsamo sendogarria - Talasoterapia La Perla \u2022 San Sebasti\u00e1n - Donostia","isPartOf":{"@id":"https:\/\/la-perla.net\/#website"},"primaryImageOfPage":{"@id":"https:\/\/la-perla.net\/produktu\/balsamo-antiestrias-reafirmante-de-pecho\/#primaryimage"},"image":{"@id":"https:\/\/la-perla.net\/produktu\/balsamo-antiestrias-reafirmante-de-pecho\/#primaryimage"},"thumbnailUrl":"https:\/\/la-perla.net\/wp-content\/uploads\/2019\/11\/ME-AND-ME_b\u00e1lsamo-antiestr\u00edas-reafirmante-pecho-fondo-blanco-scaled.jpg","datePublished":"2020-10-26T14:53:58+00:00","dateModified":"2025-12-01T22:00:12+00:00","breadcrumb":{"@id":"https:\/\/la-perla.net\/produktu\/balsamo-antiestrias-reafirmante-de-pecho\/#breadcrumb"},"inLanguage":"eu-ES","potentialAction":[{"@type":"ReadAction","target":["https:\/\/la-perla.net\/produktu\/balsamo-antiestrias-reafirmante-de-pecho\/"]}]},{"@type":"ImageObject","inLanguage":"eu-ES","@id":"https:\/\/la-perla.net\/produktu\/balsamo-antiestrias-reafirmante-de-pecho\/#primaryimage","url":"https:\/\/la-perla.net\/wp-content\/uploads\/2019\/11\/ME-AND-ME_b\u00e1lsamo-antiestr\u00edas-reafirmante-pecho-fondo-blanco-scaled.jpg","contentUrl":"https:\/\/la-perla.net\/wp-content\/uploads\/2019\/11\/ME-AND-ME_b\u00e1lsamo-antiestr\u00edas-reafirmante-pecho-fondo-blanco-scaled.jpg","width":2560,"height":1907,"caption":"B\u00e1lsamo antiestr\u00edas reafirmante de pecho"},{"@type":"BreadcrumbList","@id":"https:\/\/la-perla.net\/produktu\/balsamo-antiestrias-reafirmante-de-pecho\/#breadcrumb","itemListElement":[{"@type":"ListItem","position":1,"name":"Portada","item":"https:\/\/la-perla.net\/eu\/"},{"@type":"ListItem","position":2,"name":"Shop","item":"https:\/\/la-perla.net\/eu\/shop\/"},{"@type":"ListItem","position":3,"name":"Bularreko ildasken aurkako baltsamo sendogarria"}]},{"@type":"WebSite","@id":"https:\/\/la-perla.net\/#website","url":"https:\/\/la-perla.net\/","name":"Talasoterapia La Perla \u2022 San Sebasti\u00e1n - Donostia","description":"Talasoterapia en Guipuzcoa - Centro de salud, belleza y deporte","publisher":{"@id":"https:\/\/la-perla.net\/#organization"},"potentialAction":[{"@type":"SearchAction","target":{"@type":"EntryPoint","urlTemplate":"https:\/\/la-perla.net\/?s={search_term_string}"},"query-input":{"@type":"PropertyValueSpecification","valueRequired":true,"valueName":"search_term_string"}}],"inLanguage":"eu-ES"},{"@type":"Organization","@id":"https:\/\/la-perla.net\/#organization","name":"La Perla","url":"https:\/\/la-perla.net\/","logo":{"@type":"ImageObject","inLanguage":"eu-ES","@id":"https:\/\/la-perla.net\/#\/schema\/logo\/image\/","url":"https:\/\/la-perla.net\/wp-content\/uploads\/2020\/09\/talasoterapia-la-perla.png","contentUrl":"https:\/\/la-perla.net\/wp-content\/uploads\/2020\/09\/talasoterapia-la-perla.png","width":191,"height":51,"caption":"La Perla"},"image":{"@id":"https:\/\/la-perla.net\/#\/schema\/logo\/image\/"},"sameAs":["https:\/\/www.facebook.com\/laperladonosti\/","https:\/\/x.com\/LaPerlaDonosti","https:\/\/www.instagram.com\/laperladonosti\/?hl=es","https:\/\/www.youtube.com\/channel\/UChQhp12N7Lg6ZrOcmAJAy4g"]}]}},"_links":{"self":[{"href":"https:\/\/la-perla.net\/eu\/wp-json\/wp\/v2\/product\/107466"}],"collection":[{"href":"https:\/\/la-perla.net\/eu\/wp-json\/wp\/v2\/product"}],"about":[{"href":"https:\/\/la-perla.net\/eu\/wp-json\/wp\/v2\/types\/product"}],"wp:featuredmedia":[{"embeddable":true,"href":"https:\/\/la-perla.net\/eu\/wp-json\/wp\/v2\/media\/54264"}],"wp:attachment":[{"href":"https:\/\/la-perla.net\/eu\/wp-json\/wp\/v2\/media?parent=107466"}],"wp:term":[{"taxonomy":"product_brand","embeddable":true,"href":"https:\/\/la-perla.net\/eu\/wp-json\/wp\/v2\/product_brand?post=107466"},{"taxonomy":"product_cat","embeddable":true,"href":"https:\/\/la-perla.net\/eu\/wp-json\/wp\/v2\/product_cat?post=107466"},{"taxonomy":"product_tag","embeddable":true,"href":"https:\/\/la-perla.net\/eu\/wp-json\/wp\/v2\/product_tag?post=107466"}],"curies":[{"name":"wp","href":"https:\/\/api.w.org\/{rel}","templated":true}]}}