{"id":107513,"date":"2018-01-11T09:50:50","date_gmt":"2023-06-12T09:10:49","guid":{"rendered":"https:\/\/la-perla.net\/san-sebastian\/recuperacion-acuatica-post-competicion\/"},"modified":"2024-06-06T13:57:05","modified_gmt":"2024-06-06T11:57:05","slug":"kirol-indarberritzea-uretan","status":"publish","type":"product","link":"https:\/\/la-perla.net\/eu\/produktu\/kirol-indarberritzea-uretan\/","title":{"rendered":"Kirol indarberritzea uretan"},"content":{"rendered":"<p>AURRELEHIAKETA<br \/>\nKirol lehiaketak sortuko duen estreserako gihar eta artikulazio sistema prestatzen du.<\/p>\n<p>LEHIAKETA ONDOKOA<br \/>\nItsasoko urak ematen dituen onurak eta beste baliabide batzuk erabiltzen ditu, terapeuta aditu batek zuzenduta. Azken belaunaldiko ariketen eta teknologiaren bidez, indarberritzea errazten eta bizkortzen du.<\/p>\n","protected":false},"excerpt":{"rendered":"<p>Terapia itsas uretako igerilekuan, indarberritze-ariketak eta kirolaria berreskuratzeko luzatze dinamikoak egiten dira terapeuta batek zuzendua.<\/p>\n","protected":false},"featured_media":60989,"template":"","meta":{"_genesis_hide_title":false,"_genesis_hide_breadcrumbs":false,"_genesis_hide_singular_image":false,"_genesis_hide_footer_widgets":false,"_genesis_custom_body_class":"","_genesis_custom_post_class":"","_genesis_layout":""},"product_brand":[],"product_cat":[933],"product_tag":[],"class_list":{"0":"post-107513","1":"product","2":"type-product","3":"status-publish","4":"has-post-thumbnail","6":"product_cat-itsas-uretako-terapiak","7":"product_shipping_class-productos-eu","8":"entry","10":"first","11":"instock","12":"shipping-taxable","13":"purchasable","14":"product-type-simple"},"yoast_head":"<!-- This site is optimized with the Yoast SEO plugin v25.6 - https:\/\/yoast.com\/wordpress\/plugins\/seo\/ -->\n<title>Kirol indarberritzea uretan - Talasoterapia La Perla \u2022 San Sebasti\u00e1n - Donostia<\/title>\n<meta name=\"robots\" content=\"index, follow, max-snippet:-1, max-image-preview:large, max-video-preview:-1\" \/>\n<link rel=\"canonical\" href=\"https:\/\/la-perla.net\/eu\/produktu\/kirol-indarberritzea-uretan\/\" \/>\n<meta property=\"og:locale\" content=\"eu_ES\" \/>\n<meta property=\"og:type\" content=\"article\" \/>\n<meta property=\"og:title\" content=\"Kirol indarberritzea uretan - Talasoterapia La Perla \u2022 San Sebasti\u00e1n - Donostia\" \/>\n<meta property=\"og:description\" content=\"Terapia itsas uretako igerilekuan, indarberritze-ariketak eta kirolaria berreskuratzeko luzatze dinamikoak egiten dira terapeuta batek zuzendua.\" \/>\n<meta property=\"og:url\" content=\"https:\/\/la-perla.net\/eu\/produktu\/kirol-indarberritzea-uretan\/\" \/>\n<meta property=\"og:site_name\" content=\"Talasoterapia La Perla \u2022 San Sebasti\u00e1n - Donostia\" \/>\n<meta property=\"article:publisher\" content=\"https:\/\/www.facebook.com\/laperladonosti\/\" \/>\n<meta property=\"article:modified_time\" content=\"2024-06-06T11:57:05+00:00\" \/>\n<meta property=\"og:image\" content=\"https:\/\/la-perla.net\/wp-content\/uploads\/2018\/01\/recuperaci\u00f3n-aquatica.jpg\" \/>\n\t<meta property=\"og:image:width\" content=\"842\" \/>\n\t<meta property=\"og:image:height\" content=\"595\" \/>\n\t<meta property=\"og:image:type\" content=\"image\/jpeg\" \/>\n<meta name=\"twitter:card\" content=\"summary_large_image\" \/>\n<meta name=\"twitter:site\" content=\"@LaPerlaDonosti\" \/>\n<script type=\"application\/ld+json\" class=\"yoast-schema-graph\">{\"@context\":\"https:\/\/schema.org\",\"@graph\":[{\"@type\":\"WebPage\",\"@id\":\"https:\/\/la-perla.net\/eu\/produktu\/kirol-indarberritzea-uretan\/\",\"url\":\"https:\/\/la-perla.net\/eu\/produktu\/kirol-indarberritzea-uretan\/\",\"name\":\"Kirol indarberritzea uretan - Talasoterapia La Perla \u2022 San Sebasti\u00e1n - Donostia\",\"isPartOf\":{\"@id\":\"https:\/\/la-perla.net\/#website\"},\"primaryImageOfPage\":{\"@id\":\"https:\/\/la-perla.net\/eu\/produktu\/kirol-indarberritzea-uretan\/#primaryimage\"},\"image\":{\"@id\":\"https:\/\/la-perla.net\/eu\/produktu\/kirol-indarberritzea-uretan\/#primaryimage\"},\"thumbnailUrl\":\"https:\/\/la-perla.net\/wp-content\/uploads\/2018\/01\/recuperaci\u00f3n-aquatica.jpg\",\"datePublished\":\"2023-06-12T09:10:49+00:00\",\"dateModified\":\"2024-06-06T11:57:05+00:00\",\"breadcrumb\":{\"@id\":\"https:\/\/la-perla.net\/eu\/produktu\/kirol-indarberritzea-uretan\/#breadcrumb\"},\"inLanguage\":\"eu-ES\",\"potentialAction\":[{\"@type\":\"ReadAction\",\"target\":[\"https:\/\/la-perla.net\/eu\/produktu\/kirol-indarberritzea-uretan\/\"]}]},{\"@type\":\"ImageObject\",\"inLanguage\":\"eu-ES\",\"@id\":\"https:\/\/la-perla.net\/eu\/produktu\/kirol-indarberritzea-uretan\/#primaryimage\",\"url\":\"https:\/\/la-perla.net\/wp-content\/uploads\/2018\/01\/recuperaci\u00f3n-aquatica.jpg\",\"contentUrl\":\"https:\/\/la-perla.net\/wp-content\/uploads\/2018\/01\/recuperaci\u00f3n-aquatica.jpg\",\"width\":842,\"height\":595,\"caption\":\"Recuperaci\u00f3n Acu\u00e1tica Deportiva\"},{\"@type\":\"BreadcrumbList\",\"@id\":\"https:\/\/la-perla.net\/eu\/produktu\/kirol-indarberritzea-uretan\/#breadcrumb\",\"itemListElement\":[{\"@type\":\"ListItem\",\"position\":1,\"name\":\"Portada\",\"item\":\"https:\/\/la-perla.net\/eu\/\"},{\"@type\":\"ListItem\",\"position\":2,\"name\":\"Shop\",\"item\":\"https:\/\/la-perla.net\/eu\/shop\/\"},{\"@type\":\"ListItem\",\"position\":3,\"name\":\"Kirol indarberritzea uretan\"}]},{\"@type\":\"WebSite\",\"@id\":\"https:\/\/la-perla.net\/#website\",\"url\":\"https:\/\/la-perla.net\/\",\"name\":\"Talasoterapia La Perla \u2022 San Sebasti\u00e1n - Donostia\",\"description\":\"Talasoterapia en Guipuzcoa - Centro de salud, belleza y deporte\",\"publisher\":{\"@id\":\"https:\/\/la-perla.net\/#organization\"},\"potentialAction\":[{\"@type\":\"SearchAction\",\"target\":{\"@type\":\"EntryPoint\",\"urlTemplate\":\"https:\/\/la-perla.net\/?s={search_term_string}\"},\"query-input\":{\"@type\":\"PropertyValueSpecification\",\"valueRequired\":true,\"valueName\":\"search_term_string\"}}],\"inLanguage\":\"eu-ES\"},{\"@type\":\"Organization\",\"@id\":\"https:\/\/la-perla.net\/#organization\",\"name\":\"La Perla\",\"url\":\"https:\/\/la-perla.net\/\",\"logo\":{\"@type\":\"ImageObject\",\"inLanguage\":\"eu-ES\",\"@id\":\"https:\/\/la-perla.net\/#\/schema\/logo\/image\/\",\"url\":\"https:\/\/la-perla.net\/wp-content\/uploads\/2020\/09\/talasoterapia-la-perla.png\",\"contentUrl\":\"https:\/\/la-perla.net\/wp-content\/uploads\/2020\/09\/talasoterapia-la-perla.png\",\"width\":191,\"height\":51,\"caption\":\"La Perla\"},\"image\":{\"@id\":\"https:\/\/la-perla.net\/#\/schema\/logo\/image\/\"},\"sameAs\":[\"https:\/\/www.facebook.com\/laperladonosti\/\",\"https:\/\/x.com\/LaPerlaDonosti\",\"https:\/\/www.instagram.com\/laperladonosti\/?hl=es\",\"https:\/\/www.youtube.com\/channel\/UChQhp12N7Lg6ZrOcmAJAy4g\"]}]}<\/script>\n<!-- \/ Yoast SEO plugin. -->","yoast_head_json":{"title":"Kirol indarberritzea uretan - Talasoterapia La Perla \u2022 San Sebasti\u00e1n - Donostia","robots":{"index":"index","follow":"follow","max-snippet":"max-snippet:-1","max-image-preview":"max-image-preview:large","max-video-preview":"max-video-preview:-1"},"canonical":"https:\/\/la-perla.net\/eu\/produktu\/kirol-indarberritzea-uretan\/","og_locale":"eu_ES","og_type":"article","og_title":"Kirol indarberritzea uretan - Talasoterapia La Perla \u2022 San Sebasti\u00e1n - Donostia","og_description":"Terapia itsas uretako igerilekuan, indarberritze-ariketak eta kirolaria berreskuratzeko luzatze dinamikoak egiten dira terapeuta batek zuzendua.","og_url":"https:\/\/la-perla.net\/eu\/produktu\/kirol-indarberritzea-uretan\/","og_site_name":"Talasoterapia La Perla \u2022 San Sebasti\u00e1n - Donostia","article_publisher":"https:\/\/www.facebook.com\/laperladonosti\/","article_modified_time":"2024-06-06T11:57:05+00:00","og_image":[{"width":842,"height":595,"url":"https:\/\/la-perla.net\/wp-content\/uploads\/2018\/01\/recuperaci\u00f3n-aquatica.jpg","type":"image\/jpeg"}],"twitter_card":"summary_large_image","twitter_site":"@LaPerlaDonosti","schema":{"@context":"https:\/\/schema.org","@graph":[{"@type":"WebPage","@id":"https:\/\/la-perla.net\/eu\/produktu\/kirol-indarberritzea-uretan\/","url":"https:\/\/la-perla.net\/eu\/produktu\/kirol-indarberritzea-uretan\/","name":"Kirol indarberritzea uretan - Talasoterapia La Perla \u2022 San Sebasti\u00e1n - Donostia","isPartOf":{"@id":"https:\/\/la-perla.net\/#website"},"primaryImageOfPage":{"@id":"https:\/\/la-perla.net\/eu\/produktu\/kirol-indarberritzea-uretan\/#primaryimage"},"image":{"@id":"https:\/\/la-perla.net\/eu\/produktu\/kirol-indarberritzea-uretan\/#primaryimage"},"thumbnailUrl":"https:\/\/la-perla.net\/wp-content\/uploads\/2018\/01\/recuperaci\u00f3n-aquatica.jpg","datePublished":"2023-06-12T09:10:49+00:00","dateModified":"2024-06-06T11:57:05+00:00","breadcrumb":{"@id":"https:\/\/la-perla.net\/eu\/produktu\/kirol-indarberritzea-uretan\/#breadcrumb"},"inLanguage":"eu-ES","potentialAction":[{"@type":"ReadAction","target":["https:\/\/la-perla.net\/eu\/produktu\/kirol-indarberritzea-uretan\/"]}]},{"@type":"ImageObject","inLanguage":"eu-ES","@id":"https:\/\/la-perla.net\/eu\/produktu\/kirol-indarberritzea-uretan\/#primaryimage","url":"https:\/\/la-perla.net\/wp-content\/uploads\/2018\/01\/recuperaci\u00f3n-aquatica.jpg","contentUrl":"https:\/\/la-perla.net\/wp-content\/uploads\/2018\/01\/recuperaci\u00f3n-aquatica.jpg","width":842,"height":595,"caption":"Recuperaci\u00f3n Acu\u00e1tica Deportiva"},{"@type":"BreadcrumbList","@id":"https:\/\/la-perla.net\/eu\/produktu\/kirol-indarberritzea-uretan\/#breadcrumb","itemListElement":[{"@type":"ListItem","position":1,"name":"Portada","item":"https:\/\/la-perla.net\/eu\/"},{"@type":"ListItem","position":2,"name":"Shop","item":"https:\/\/la-perla.net\/eu\/shop\/"},{"@type":"ListItem","position":3,"name":"Kirol indarberritzea uretan"}]},{"@type":"WebSite","@id":"https:\/\/la-perla.net\/#website","url":"https:\/\/la-perla.net\/","name":"Talasoterapia La Perla \u2022 San Sebasti\u00e1n - Donostia","description":"Talasoterapia en Guipuzcoa - Centro de salud, belleza y deporte","publisher":{"@id":"https:\/\/la-perla.net\/#organization"},"potentialAction":[{"@type":"SearchAction","target":{"@type":"EntryPoint","urlTemplate":"https:\/\/la-perla.net\/?s={search_term_string}"},"query-input":{"@type":"PropertyValueSpecification","valueRequired":true,"valueName":"search_term_string"}}],"inLanguage":"eu-ES"},{"@type":"Organization","@id":"https:\/\/la-perla.net\/#organization","name":"La Perla","url":"https:\/\/la-perla.net\/","logo":{"@type":"ImageObject","inLanguage":"eu-ES","@id":"https:\/\/la-perla.net\/#\/schema\/logo\/image\/","url":"https:\/\/la-perla.net\/wp-content\/uploads\/2020\/09\/talasoterapia-la-perla.png","contentUrl":"https:\/\/la-perla.net\/wp-content\/uploads\/2020\/09\/talasoterapia-la-perla.png","width":191,"height":51,"caption":"La Perla"},"image":{"@id":"https:\/\/la-perla.net\/#\/schema\/logo\/image\/"},"sameAs":["https:\/\/www.facebook.com\/laperladonosti\/","https:\/\/x.com\/LaPerlaDonosti","https:\/\/www.instagram.com\/laperladonosti\/?hl=es","https:\/\/www.youtube.com\/channel\/UChQhp12N7Lg6ZrOcmAJAy4g"]}]}},"_links":{"self":[{"href":"https:\/\/la-perla.net\/eu\/wp-json\/wp\/v2\/product\/107513"}],"collection":[{"href":"https:\/\/la-perla.net\/eu\/wp-json\/wp\/v2\/product"}],"about":[{"href":"https:\/\/la-perla.net\/eu\/wp-json\/wp\/v2\/types\/product"}],"wp:featuredmedia":[{"embeddable":true,"href":"https:\/\/la-perla.net\/eu\/wp-json\/wp\/v2\/media\/60989"}],"wp:attachment":[{"href":"https:\/\/la-perla.net\/eu\/wp-json\/wp\/v2\/media?parent=107513"}],"wp:term":[{"taxonomy":"product_brand","embeddable":true,"href":"https:\/\/la-perla.net\/eu\/wp-json\/wp\/v2\/product_brand?post=107513"},{"taxonomy":"product_cat","embeddable":true,"href":"https:\/\/la-perla.net\/eu\/wp-json\/wp\/v2\/product_cat?post=107513"},{"taxonomy":"product_tag","embeddable":true,"href":"https:\/\/la-perla.net\/eu\/wp-json\/wp\/v2\/product_tag?post=107513"}],"curies":[{"name":"wp","href":"https:\/\/api.w.org\/{rel}","templated":true}]}}