{"id":107721,"date":"2020-01-29T13:19:05","date_gmt":"2020-01-29T12:19:05","guid":{"rendered":"https:\/\/la-perla.net\/san-sebastian\/drenaje-linfatico-2\/"},"modified":"2025-06-19T14:52:32","modified_gmt":"2025-06-19T12:52:32","slug":"drenaje-linfatico","status":"publish","type":"product","link":"https:\/\/la-perla.net\/eu\/produktu\/drenaje-linfatico\/","title":{"rendered":"Drenaje linf\u00e1tico"},"content":{"rendered":"<p>Masaje con pases especiales cuya principal funci\u00f3n es antiedemizante (tratar inflamaciones y edemas) y tiene un efecto neural, inmunol\u00f3gico y sobre la musculatura. Especialmente recomendado para postcirug\u00edas.<\/p>\n<p class=\"p1\"><span class=\"s1\">Duraci\u00f3n: 50 minutos.<\/span><\/p>\n","protected":false},"excerpt":{"rendered":"<p>Arazo linfatikoak, hanketako pisutasuna eta kirurgia osteko sekuelak tratatzeko masaje espezifikoa.<\/p>\n","protected":false},"featured_media":61291,"template":"","meta":{"_genesis_hide_title":false,"_genesis_hide_breadcrumbs":false,"_genesis_hide_singular_image":false,"_genesis_hide_footer_widgets":false,"_genesis_custom_body_class":"","_genesis_custom_post_class":"","_genesis_layout":""},"product_brand":[],"product_cat":[916,925],"product_tag":[],"class_list":{"0":"post-107721","1":"product","2":"type-product","3":"status-publish","4":"has-post-thumbnail","6":"product_cat-etorkizuneko-ama-eta-ama-berria","7":"product_cat-masajeak-osasuna","8":"product_shipping_class-bonos-y-vales-eu","9":"entry","11":"first","12":"instock","13":"shipping-taxable","14":"purchasable","15":"product-type-simple"},"yoast_head":"<!-- This site is optimized with the Yoast SEO plugin v25.6 - https:\/\/yoast.com\/wordpress\/plugins\/seo\/ -->\n<title>Drenaje Linf\u00e1tico \u2022 Talasoterapia La Perla \u2022 San Sebasti\u00e1n<\/title>\n<meta name=\"description\" content=\"El Drenaje linf\u00e1tico es un masaje espec\u00edfico para tratar problemas linf\u00e1ticos, pesadez de piernas as\u00ed como secuelas post-cirug\u00eda.\" \/>\n<meta name=\"robots\" content=\"index, follow, max-snippet:-1, max-image-preview:large, max-video-preview:-1\" \/>\n<link rel=\"canonical\" href=\"https:\/\/la-perla.net\/eu\/produktu\/drenaje-linfatico\/\" \/>\n<meta property=\"og:locale\" content=\"eu_ES\" \/>\n<meta property=\"og:type\" content=\"article\" \/>\n<meta property=\"og:title\" content=\"Drenaje Linf\u00e1tico \u2022 Talasoterapia La Perla \u2022 San Sebasti\u00e1n\" \/>\n<meta property=\"og:description\" content=\"El Drenaje linf\u00e1tico es un masaje espec\u00edfico para tratar problemas linf\u00e1ticos, pesadez de piernas as\u00ed como secuelas post-cirug\u00eda.\" \/>\n<meta property=\"og:url\" content=\"https:\/\/la-perla.net\/eu\/produktu\/drenaje-linfatico\/\" \/>\n<meta property=\"og:site_name\" content=\"Talasoterapia La Perla \u2022 San Sebasti\u00e1n - Donostia\" \/>\n<meta property=\"article:publisher\" content=\"https:\/\/www.facebook.com\/laperladonosti\/\" \/>\n<meta property=\"article:modified_time\" content=\"2025-06-19T12:52:32+00:00\" \/>\n<meta property=\"og:image\" content=\"https:\/\/la-perla.net\/wp-content\/uploads\/2020\/01\/drenaje-linfatico.jpg\" \/>\n\t<meta property=\"og:image:width\" content=\"842\" \/>\n\t<meta property=\"og:image:height\" content=\"595\" \/>\n\t<meta property=\"og:image:type\" content=\"image\/jpeg\" \/>\n<meta name=\"twitter:card\" content=\"summary_large_image\" \/>\n<meta name=\"twitter:site\" content=\"@LaPerlaDonosti\" \/>\n<meta name=\"twitter:label1\" content=\"Est. reading time\" \/>\n\t<meta name=\"twitter:data1\" content=\"1 minute\" \/>\n<script type=\"application\/ld+json\" class=\"yoast-schema-graph\">{\"@context\":\"https:\/\/schema.org\",\"@graph\":[{\"@type\":\"WebPage\",\"@id\":\"https:\/\/la-perla.net\/eu\/produktu\/drenaje-linfatico\/\",\"url\":\"https:\/\/la-perla.net\/eu\/produktu\/drenaje-linfatico\/\",\"name\":\"Drenaje Linf\u00e1tico \u2022 Talasoterapia La Perla \u2022 San Sebasti\u00e1n\",\"isPartOf\":{\"@id\":\"https:\/\/la-perla.net\/#website\"},\"primaryImageOfPage\":{\"@id\":\"https:\/\/la-perla.net\/eu\/produktu\/drenaje-linfatico\/#primaryimage\"},\"image\":{\"@id\":\"https:\/\/la-perla.net\/eu\/produktu\/drenaje-linfatico\/#primaryimage\"},\"thumbnailUrl\":\"https:\/\/la-perla.net\/wp-content\/uploads\/2020\/01\/drenaje-linfatico.jpg\",\"datePublished\":\"2020-01-29T12:19:05+00:00\",\"dateModified\":\"2025-06-19T12:52:32+00:00\",\"description\":\"El Drenaje linf\u00e1tico es un masaje espec\u00edfico para tratar problemas linf\u00e1ticos, pesadez de piernas as\u00ed como secuelas post-cirug\u00eda.\",\"breadcrumb\":{\"@id\":\"https:\/\/la-perla.net\/eu\/produktu\/drenaje-linfatico\/#breadcrumb\"},\"inLanguage\":\"eu-ES\",\"potentialAction\":[{\"@type\":\"ReadAction\",\"target\":[\"https:\/\/la-perla.net\/eu\/produktu\/drenaje-linfatico\/\"]}]},{\"@type\":\"ImageObject\",\"inLanguage\":\"eu-ES\",\"@id\":\"https:\/\/la-perla.net\/eu\/produktu\/drenaje-linfatico\/#primaryimage\",\"url\":\"https:\/\/la-perla.net\/wp-content\/uploads\/2020\/01\/drenaje-linfatico.jpg\",\"contentUrl\":\"https:\/\/la-perla.net\/wp-content\/uploads\/2020\/01\/drenaje-linfatico.jpg\",\"width\":842,\"height\":595,\"caption\":\"Drenaje linf\u00e1tico\"},{\"@type\":\"BreadcrumbList\",\"@id\":\"https:\/\/la-perla.net\/eu\/produktu\/drenaje-linfatico\/#breadcrumb\",\"itemListElement\":[{\"@type\":\"ListItem\",\"position\":1,\"name\":\"Portada\",\"item\":\"https:\/\/la-perla.net\/eu\/\"},{\"@type\":\"ListItem\",\"position\":2,\"name\":\"Shop\",\"item\":\"https:\/\/la-perla.net\/eu\/shop\/\"},{\"@type\":\"ListItem\",\"position\":3,\"name\":\"Drenaje linf\u00e1tico\"}]},{\"@type\":\"WebSite\",\"@id\":\"https:\/\/la-perla.net\/#website\",\"url\":\"https:\/\/la-perla.net\/\",\"name\":\"Talasoterapia La Perla \u2022 San Sebasti\u00e1n - Donostia\",\"description\":\"Talasoterapia en Guipuzcoa - Centro de salud, belleza y deporte\",\"publisher\":{\"@id\":\"https:\/\/la-perla.net\/#organization\"},\"potentialAction\":[{\"@type\":\"SearchAction\",\"target\":{\"@type\":\"EntryPoint\",\"urlTemplate\":\"https:\/\/la-perla.net\/?s={search_term_string}\"},\"query-input\":{\"@type\":\"PropertyValueSpecification\",\"valueRequired\":true,\"valueName\":\"search_term_string\"}}],\"inLanguage\":\"eu-ES\"},{\"@type\":\"Organization\",\"@id\":\"https:\/\/la-perla.net\/#organization\",\"name\":\"La Perla\",\"url\":\"https:\/\/la-perla.net\/\",\"logo\":{\"@type\":\"ImageObject\",\"inLanguage\":\"eu-ES\",\"@id\":\"https:\/\/la-perla.net\/#\/schema\/logo\/image\/\",\"url\":\"https:\/\/la-perla.net\/wp-content\/uploads\/2020\/09\/talasoterapia-la-perla.png\",\"contentUrl\":\"https:\/\/la-perla.net\/wp-content\/uploads\/2020\/09\/talasoterapia-la-perla.png\",\"width\":191,\"height\":51,\"caption\":\"La Perla\"},\"image\":{\"@id\":\"https:\/\/la-perla.net\/#\/schema\/logo\/image\/\"},\"sameAs\":[\"https:\/\/www.facebook.com\/laperladonosti\/\",\"https:\/\/x.com\/LaPerlaDonosti\",\"https:\/\/www.instagram.com\/laperladonosti\/?hl=es\",\"https:\/\/www.youtube.com\/channel\/UChQhp12N7Lg6ZrOcmAJAy4g\"]}]}<\/script>\n<!-- \/ Yoast SEO plugin. -->","yoast_head_json":{"title":"Drenaje Linf\u00e1tico \u2022 Talasoterapia La Perla \u2022 San Sebasti\u00e1n","description":"El Drenaje linf\u00e1tico es un masaje espec\u00edfico para tratar problemas linf\u00e1ticos, pesadez de piernas as\u00ed como secuelas post-cirug\u00eda.","robots":{"index":"index","follow":"follow","max-snippet":"max-snippet:-1","max-image-preview":"max-image-preview:large","max-video-preview":"max-video-preview:-1"},"canonical":"https:\/\/la-perla.net\/eu\/produktu\/drenaje-linfatico\/","og_locale":"eu_ES","og_type":"article","og_title":"Drenaje Linf\u00e1tico \u2022 Talasoterapia La Perla \u2022 San Sebasti\u00e1n","og_description":"El Drenaje linf\u00e1tico es un masaje espec\u00edfico para tratar problemas linf\u00e1ticos, pesadez de piernas as\u00ed como secuelas post-cirug\u00eda.","og_url":"https:\/\/la-perla.net\/eu\/produktu\/drenaje-linfatico\/","og_site_name":"Talasoterapia La Perla \u2022 San Sebasti\u00e1n - Donostia","article_publisher":"https:\/\/www.facebook.com\/laperladonosti\/","article_modified_time":"2025-06-19T12:52:32+00:00","og_image":[{"width":842,"height":595,"url":"https:\/\/la-perla.net\/wp-content\/uploads\/2020\/01\/drenaje-linfatico.jpg","type":"image\/jpeg"}],"twitter_card":"summary_large_image","twitter_site":"@LaPerlaDonosti","twitter_misc":{"Est. reading time":"1 minute"},"schema":{"@context":"https:\/\/schema.org","@graph":[{"@type":"WebPage","@id":"https:\/\/la-perla.net\/eu\/produktu\/drenaje-linfatico\/","url":"https:\/\/la-perla.net\/eu\/produktu\/drenaje-linfatico\/","name":"Drenaje Linf\u00e1tico \u2022 Talasoterapia La Perla \u2022 San Sebasti\u00e1n","isPartOf":{"@id":"https:\/\/la-perla.net\/#website"},"primaryImageOfPage":{"@id":"https:\/\/la-perla.net\/eu\/produktu\/drenaje-linfatico\/#primaryimage"},"image":{"@id":"https:\/\/la-perla.net\/eu\/produktu\/drenaje-linfatico\/#primaryimage"},"thumbnailUrl":"https:\/\/la-perla.net\/wp-content\/uploads\/2020\/01\/drenaje-linfatico.jpg","datePublished":"2020-01-29T12:19:05+00:00","dateModified":"2025-06-19T12:52:32+00:00","description":"El Drenaje linf\u00e1tico es un masaje espec\u00edfico para tratar problemas linf\u00e1ticos, pesadez de piernas as\u00ed como secuelas post-cirug\u00eda.","breadcrumb":{"@id":"https:\/\/la-perla.net\/eu\/produktu\/drenaje-linfatico\/#breadcrumb"},"inLanguage":"eu-ES","potentialAction":[{"@type":"ReadAction","target":["https:\/\/la-perla.net\/eu\/produktu\/drenaje-linfatico\/"]}]},{"@type":"ImageObject","inLanguage":"eu-ES","@id":"https:\/\/la-perla.net\/eu\/produktu\/drenaje-linfatico\/#primaryimage","url":"https:\/\/la-perla.net\/wp-content\/uploads\/2020\/01\/drenaje-linfatico.jpg","contentUrl":"https:\/\/la-perla.net\/wp-content\/uploads\/2020\/01\/drenaje-linfatico.jpg","width":842,"height":595,"caption":"Drenaje linf\u00e1tico"},{"@type":"BreadcrumbList","@id":"https:\/\/la-perla.net\/eu\/produktu\/drenaje-linfatico\/#breadcrumb","itemListElement":[{"@type":"ListItem","position":1,"name":"Portada","item":"https:\/\/la-perla.net\/eu\/"},{"@type":"ListItem","position":2,"name":"Shop","item":"https:\/\/la-perla.net\/eu\/shop\/"},{"@type":"ListItem","position":3,"name":"Drenaje linf\u00e1tico"}]},{"@type":"WebSite","@id":"https:\/\/la-perla.net\/#website","url":"https:\/\/la-perla.net\/","name":"Talasoterapia La Perla \u2022 San Sebasti\u00e1n - Donostia","description":"Talasoterapia en Guipuzcoa - Centro de salud, belleza y deporte","publisher":{"@id":"https:\/\/la-perla.net\/#organization"},"potentialAction":[{"@type":"SearchAction","target":{"@type":"EntryPoint","urlTemplate":"https:\/\/la-perla.net\/?s={search_term_string}"},"query-input":{"@type":"PropertyValueSpecification","valueRequired":true,"valueName":"search_term_string"}}],"inLanguage":"eu-ES"},{"@type":"Organization","@id":"https:\/\/la-perla.net\/#organization","name":"La Perla","url":"https:\/\/la-perla.net\/","logo":{"@type":"ImageObject","inLanguage":"eu-ES","@id":"https:\/\/la-perla.net\/#\/schema\/logo\/image\/","url":"https:\/\/la-perla.net\/wp-content\/uploads\/2020\/09\/talasoterapia-la-perla.png","contentUrl":"https:\/\/la-perla.net\/wp-content\/uploads\/2020\/09\/talasoterapia-la-perla.png","width":191,"height":51,"caption":"La Perla"},"image":{"@id":"https:\/\/la-perla.net\/#\/schema\/logo\/image\/"},"sameAs":["https:\/\/www.facebook.com\/laperladonosti\/","https:\/\/x.com\/LaPerlaDonosti","https:\/\/www.instagram.com\/laperladonosti\/?hl=es","https:\/\/www.youtube.com\/channel\/UChQhp12N7Lg6ZrOcmAJAy4g"]}]}},"_links":{"self":[{"href":"https:\/\/la-perla.net\/eu\/wp-json\/wp\/v2\/product\/107721"}],"collection":[{"href":"https:\/\/la-perla.net\/eu\/wp-json\/wp\/v2\/product"}],"about":[{"href":"https:\/\/la-perla.net\/eu\/wp-json\/wp\/v2\/types\/product"}],"wp:featuredmedia":[{"embeddable":true,"href":"https:\/\/la-perla.net\/eu\/wp-json\/wp\/v2\/media\/61291"}],"wp:attachment":[{"href":"https:\/\/la-perla.net\/eu\/wp-json\/wp\/v2\/media?parent=107721"}],"wp:term":[{"taxonomy":"product_brand","embeddable":true,"href":"https:\/\/la-perla.net\/eu\/wp-json\/wp\/v2\/product_brand?post=107721"},{"taxonomy":"product_cat","embeddable":true,"href":"https:\/\/la-perla.net\/eu\/wp-json\/wp\/v2\/product_cat?post=107721"},{"taxonomy":"product_tag","embeddable":true,"href":"https:\/\/la-perla.net\/eu\/wp-json\/wp\/v2\/product_tag?post=107721"}],"curies":[{"name":"wp","href":"https:\/\/api.w.org\/{rel}","templated":true}]}}