{"id":108535,"date":"2017-08-31T10:31:56","date_gmt":"2017-08-31T08:31:56","guid":{"rendered":"https:\/\/la-perla.net\/san-sebastian\/eguneko-sarrerak-egunero\/"},"modified":"2026-03-30T16:28:15","modified_gmt":"2026-03-30T14:28:15","slug":"eguneko-sarrerak-egunero","status":"publish","type":"product","link":"https:\/\/la-perla.net\/eu\/produktu\/eguneko-sarrerak-egunero\/","title":{"rendered":"Eguneko sarrerak egunero"},"content":{"rendered":"<p>Talasoterapia Zirkuitua erabilera eta zirkulazio libreko itsas ibilbide bat da, erlaxazio egun bat bilatzen duten pertsonentzat aproposa.<\/p>\n<p>Igerilekuak, jacuzziak edo saunak, hainbat zorrotada eta tenperaturaren bidez efektu lasaigarri eta bizkorgarriak lortzen dituztenak. Itsasoko uraren onurak eta sasoian jartzea uztartzen dituen gunea.<\/p>\n<h3>Zer sartzen da Talasoterapia Zirkuituan?<\/h3>\n<p>Goza ezazu itsas zirkuitu oso batez, gune hauekin:<\/p>\n<ul>\n<li><span class=\"s1\"><strong>Hidroterapiako igerilekua<\/strong><br \/>\n<\/span>Itsasoko ur-zorrotadei esker, tentsioak arindu eta zirkulazioa hobetzen du<\/li>\n<li><strong>Erlaxatzeko igerilekua<\/strong><br \/>\nDeskonektatu eguneroko estresetik, eta erlaxatu itsas ingurune esklusibo batean<\/li>\n<li><strong>Jacuzzi panoramikoa<\/strong><br \/>\nMurgil zaitez burbuiletan itsasoko bista ikusgarriekin<\/li>\n<li><strong>Igerileku aktiboa<\/strong><br \/>\nFitness gunea eta aquagym klaseak mugimendua eta tonifikazioa bilatzen dutenentzat<\/li>\n<li><strong>Sentsazioen labirintoa<\/strong><br \/>\nGorputza eta burua estimulatzen duten kontraste termikoen ibilbidea<\/li>\n<li><strong>Itsas lurrunezko saunak eta sauna lehorrak<\/strong><br \/>\nGarbitu azala eta erlaxatu sakonean beroa eta lurrun gazia erabiliz.<\/li>\n<li><strong>Izotz-iturria, igerilekua eta itsasoko uretako dutxa hotzak<\/strong><br \/>\nSuspertu zure gorputza, hotza eta beroa tartekatuz.<\/li>\n<li><strong>Ur-oheak, atsedenerako ohatilak eta erlaxatzeko gelak<br \/>\n<\/strong>Gune aproposak atseden hartzeko eta urtaroen artean energiak kargatzeko<\/li>\n<li><strong>Gimnasiora sartzea (5 orduko sarrera bakarrik)<\/strong><br \/>\nJarri sasoian ekipamendu modernoenarekin eta bista ezin hobeekin.<\/li>\n<\/ul>\n<p>&nbsp;<\/p>\n<p>Hondartzarako bistak eta sarbide zuzena duten instalazioak.<\/p>\n<h3>Talasoterapiaren onurak<\/h3>\n<ul>\n<li>Erabateko erlaxazioa eta estresa murriztea lehen saiotik<\/li>\n<li>Giharrak bizkortzea eta odol-zirkulazioa hobetzea<\/li>\n<li>Suspertu eta zaindu zure azala itsasoko uraren mineralei esker<\/li>\n<li>Neke muskularra arintzea eta errekuperazio fisikoa<\/li>\n<li>Deskonexioa itsasoaren aurrean ingurune pribilegiatuan<\/li>\n<\/ul>\n<h2>Nola erreserbatu zure spa talasoterapia sarrera<\/h2>\n<ol>\n<li><strong>Erosi zure sarrera:<\/strong> goiko aldean nahi duzun iraupena aukera dezakezu<\/li>\n<li><strong><a href=\"https:\/\/la-perla.net\/eu\/talasoterapia\/egin-zure-erreserba-on-line-talasoterapian\/\">Online erreserba<\/a>:<\/strong> zure plaza nahi duzun ordutegian ziurtatuko duzu<\/li>\n<li><strong>Gozatu esperientziaz:<\/strong> aurkeztu zure sarrera eta sartu zirkuituan<\/li>\n<\/ol>\n<p>Erreserba erraza, azkarra eta segurua. Zuek ongizate unea zain duzu! <a href=\"https:\/\/la-perla.net\/eu\/talasoterapia\/egin-zure-erreserba-on-line-talasoterapian\/\">Egin erreserba hemen!<\/a><\/p>\n<p>&nbsp;<\/p>\n<p><img loading=\"lazy\" decoding=\"async\" class=\" wp-image-95134 aligncenter\" src=\"https:\/\/la-perla.net\/wp-content\/uploads\/2017\/08\/servicios-de-cortesia-1-300x75.jpg\" alt=\"\" width=\"604\" height=\"151\" srcset=\"https:\/\/la-perla.net\/wp-content\/uploads\/2017\/08\/servicios-de-cortesia-1-300x75.jpg 300w, https:\/\/la-perla.net\/wp-content\/uploads\/2017\/08\/servicios-de-cortesia-1-1024x256.jpg 1024w, https:\/\/la-perla.net\/wp-content\/uploads\/2017\/08\/servicios-de-cortesia-1-768x192.jpg 768w, https:\/\/la-perla.net\/wp-content\/uploads\/2017\/08\/servicios-de-cortesia-1-1536x384.jpg 1536w, https:\/\/la-perla.net\/wp-content\/uploads\/2017\/08\/servicios-de-cortesia-1-2048x512.jpg 2048w, https:\/\/la-perla.net\/wp-content\/uploads\/2017\/08\/servicios-de-cortesia-1-540x135.jpg 540w, https:\/\/la-perla.net\/wp-content\/uploads\/2017\/08\/servicios-de-cortesia-1-408x102.jpg 408w, https:\/\/la-perla.net\/wp-content\/uploads\/2017\/08\/servicios-de-cortesia-1-255x64.jpg 255w, https:\/\/la-perla.net\/wp-content\/uploads\/2017\/08\/servicios-de-cortesia-1-555x139.jpg 555w, https:\/\/la-perla.net\/wp-content\/uploads\/2017\/08\/servicios-de-cortesia-1-360x90.jpg 360w, https:\/\/la-perla.net\/wp-content\/uploads\/2017\/08\/servicios-de-cortesia-1-262x65.jpg 262w, https:\/\/la-perla.net\/wp-content\/uploads\/2017\/08\/servicios-de-cortesia-1-600x150.jpg 600w\" sizes=\"(max-width: 604px) 100vw, 604px\" \/><\/p>\n","protected":false},"excerpt":{"rendered":"<h2>Erosi eta erreserbatu talasoterapia zirkuiturako sarrera<\/h2>\n<p>Ezagutu benetako itsas ongizatea zure spa talasoterapia sarrerarekin eta murgildu gorputza eta burua erlaxatzeko diseinatutako ibilbide batean.<\/p>\n<h2>Aukeratu zure esperientzia: 2, 3 edo 5 orduko itsas erlaxazioa<\/h2>\n<p>Hautatu zuri ongien egokitzen zaizun aukera. Sasoian jartzea eta erlaxazioa konbinatzen ditu ingurune paregabe batean. 5 orduko sarrera aukeratuz gero, Gimnasioaz gozatzeko aukera ere badago.<\/p>\n<p>Erosi talasoterapia-zirkuituko sarrera, eta aprobetxatu minutu bakoitza gure instalazioetan, eremu guztietarako sarrera librearekin.<\/p>\n<p>Baliozkotasun-data: urtebete.<\/p>\n","protected":false},"featured_media":86830,"template":"","meta":{"_genesis_hide_title":false,"_genesis_hide_breadcrumbs":false,"_genesis_hide_singular_image":false,"_genesis_hide_footer_widgets":false,"_genesis_custom_body_class":"","_genesis_custom_post_class":"","_genesis_layout":""},"product_brand":[],"product_cat":[988],"product_tag":[],"class_list":{"0":"post-108535","1":"product","2":"type-product","3":"status-publish","4":"has-post-thumbnail","6":"product_cat-eguneko-sarrerak-eta-bonuak","7":"entry","9":"first","10":"instock","11":"shipping-taxable","12":"purchasable","13":"product-type-variable","14":"has-default-attributes"},"yoast_head":"<!-- This site is optimized with the Yoast SEO plugin v25.6 - https:\/\/yoast.com\/wordpress\/plugins\/seo\/ -->\n<title>El Circuito deTalasoterapia es ideal para conseguir un d\u00eda de relajaci\u00f3n<\/title>\n<meta name=\"description\" content=\"Piscina de hidroterapia, Jacuzzi panor\u00e1mico, Camas de agua, Vapor marino, Fuente de hielo, Sauna, Camillas de infrarrojos, Zona de reposo...\" \/>\n<meta name=\"robots\" content=\"index, follow, max-snippet:-1, max-image-preview:large, max-video-preview:-1\" \/>\n<link rel=\"canonical\" href=\"https:\/\/la-perla.net\/producto\/precio-entrada-spa-talasoterapia\/\" \/>\n<meta property=\"og:locale\" content=\"eu_ES\" \/>\n<meta property=\"og:type\" content=\"article\" \/>\n<meta property=\"og:title\" content=\"El Circuito deTalasoterapia es ideal para conseguir un d\u00eda de relajaci\u00f3n\" \/>\n<meta property=\"og:description\" content=\"Piscina de hidroterapia, Jacuzzi panor\u00e1mico, Camas de agua, Vapor marino, Fuente de hielo, Sauna, Camillas de infrarrojos, Zona de reposo...\" \/>\n<meta property=\"og:url\" content=\"https:\/\/la-perla.net\/producto\/precio-entrada-spa-talasoterapia\/\" \/>\n<meta property=\"og:site_name\" content=\"Talasoterapia La Perla \u2022 San Sebasti\u00e1n - Donostia\" \/>\n<meta property=\"article:publisher\" content=\"https:\/\/www.facebook.com\/laperladonosti\/\" \/>\n<meta property=\"article:modified_time\" content=\"2026-03-30T14:28:15+00:00\" \/>\n<meta property=\"og:image\" content=\"https:\/\/la-perla.net\/wp-content\/uploads\/2017\/08\/02_Entrada-Todos-los-dias-1.jpg\" \/>\n\t<meta property=\"og:image:width\" content=\"400\" \/>\n\t<meta property=\"og:image:height\" content=\"267\" \/>\n\t<meta property=\"og:image:type\" content=\"image\/jpeg\" \/>\n<meta name=\"twitter:card\" content=\"summary_large_image\" \/>\n<meta name=\"twitter:site\" content=\"@LaPerlaDonosti\" \/>\n<meta name=\"twitter:label1\" content=\"Est. reading time\" \/>\n\t<meta name=\"twitter:data1\" content=\"2 minutes\" \/>\n<script type=\"application\/ld+json\" class=\"yoast-schema-graph\">{\"@context\":\"https:\/\/schema.org\",\"@graph\":[{\"@type\":\"WebPage\",\"@id\":\"https:\/\/la-perla.net\/producto\/precio-entrada-spa-talasoterapia\/\",\"url\":\"https:\/\/la-perla.net\/producto\/precio-entrada-spa-talasoterapia\/\",\"name\":\"El Circuito deTalasoterapia es ideal para conseguir un d\u00eda de relajaci\u00f3n\",\"isPartOf\":{\"@id\":\"https:\/\/la-perla.net\/#website\"},\"primaryImageOfPage\":{\"@id\":\"https:\/\/la-perla.net\/producto\/precio-entrada-spa-talasoterapia\/#primaryimage\"},\"image\":{\"@id\":\"https:\/\/la-perla.net\/producto\/precio-entrada-spa-talasoterapia\/#primaryimage\"},\"thumbnailUrl\":\"https:\/\/la-perla.net\/wp-content\/uploads\/2017\/08\/02_Entrada-Todos-los-dias-1.jpg\",\"datePublished\":\"2017-08-31T08:31:56+00:00\",\"dateModified\":\"2026-03-30T14:28:15+00:00\",\"description\":\"Piscina de hidroterapia, Jacuzzi panor\u00e1mico, Camas de agua, Vapor marino, Fuente de hielo, Sauna, Camillas de infrarrojos, Zona de reposo...\",\"breadcrumb\":{\"@id\":\"https:\/\/la-perla.net\/producto\/precio-entrada-spa-talasoterapia\/#breadcrumb\"},\"inLanguage\":\"eu-ES\",\"potentialAction\":[{\"@type\":\"ReadAction\",\"target\":[\"https:\/\/la-perla.net\/producto\/precio-entrada-spa-talasoterapia\/\"]}]},{\"@type\":\"ImageObject\",\"inLanguage\":\"eu-ES\",\"@id\":\"https:\/\/la-perla.net\/producto\/precio-entrada-spa-talasoterapia\/#primaryimage\",\"url\":\"https:\/\/la-perla.net\/wp-content\/uploads\/2017\/08\/02_Entrada-Todos-los-dias-1.jpg\",\"contentUrl\":\"https:\/\/la-perla.net\/wp-content\/uploads\/2017\/08\/02_Entrada-Todos-los-dias-1.jpg\",\"width\":400,\"height\":267},{\"@type\":\"BreadcrumbList\",\"@id\":\"https:\/\/la-perla.net\/producto\/precio-entrada-spa-talasoterapia\/#breadcrumb\",\"itemListElement\":[{\"@type\":\"ListItem\",\"position\":1,\"name\":\"Portada\",\"item\":\"https:\/\/la-perla.net\/eu\/\"},{\"@type\":\"ListItem\",\"position\":2,\"name\":\"Shop\",\"item\":\"https:\/\/la-perla.net\/eu\/shop\/\"},{\"@type\":\"ListItem\",\"position\":3,\"name\":\"Eguneko sarrerak egunero\"}]},{\"@type\":\"WebSite\",\"@id\":\"https:\/\/la-perla.net\/#website\",\"url\":\"https:\/\/la-perla.net\/\",\"name\":\"Talasoterapia La Perla \u2022 San Sebasti\u00e1n - Donostia\",\"description\":\"Talasoterapia en Guipuzcoa - Centro de salud, belleza y deporte\",\"publisher\":{\"@id\":\"https:\/\/la-perla.net\/#organization\"},\"potentialAction\":[{\"@type\":\"SearchAction\",\"target\":{\"@type\":\"EntryPoint\",\"urlTemplate\":\"https:\/\/la-perla.net\/?s={search_term_string}\"},\"query-input\":{\"@type\":\"PropertyValueSpecification\",\"valueRequired\":true,\"valueName\":\"search_term_string\"}}],\"inLanguage\":\"eu-ES\"},{\"@type\":\"Organization\",\"@id\":\"https:\/\/la-perla.net\/#organization\",\"name\":\"La Perla\",\"url\":\"https:\/\/la-perla.net\/\",\"logo\":{\"@type\":\"ImageObject\",\"inLanguage\":\"eu-ES\",\"@id\":\"https:\/\/la-perla.net\/#\/schema\/logo\/image\/\",\"url\":\"https:\/\/la-perla.net\/wp-content\/uploads\/2020\/09\/talasoterapia-la-perla.png\",\"contentUrl\":\"https:\/\/la-perla.net\/wp-content\/uploads\/2020\/09\/talasoterapia-la-perla.png\",\"width\":191,\"height\":51,\"caption\":\"La Perla\"},\"image\":{\"@id\":\"https:\/\/la-perla.net\/#\/schema\/logo\/image\/\"},\"sameAs\":[\"https:\/\/www.facebook.com\/laperladonosti\/\",\"https:\/\/x.com\/LaPerlaDonosti\",\"https:\/\/www.instagram.com\/laperladonosti\/?hl=es\",\"https:\/\/www.youtube.com\/channel\/UChQhp12N7Lg6ZrOcmAJAy4g\"]}]}<\/script>\n<!-- \/ Yoast SEO plugin. -->","yoast_head_json":{"title":"El Circuito deTalasoterapia es ideal para conseguir un d\u00eda de relajaci\u00f3n","description":"Piscina de hidroterapia, Jacuzzi panor\u00e1mico, Camas de agua, Vapor marino, Fuente de hielo, Sauna, Camillas de infrarrojos, Zona de reposo...","robots":{"index":"index","follow":"follow","max-snippet":"max-snippet:-1","max-image-preview":"max-image-preview:large","max-video-preview":"max-video-preview:-1"},"canonical":"https:\/\/la-perla.net\/producto\/precio-entrada-spa-talasoterapia\/","og_locale":"eu_ES","og_type":"article","og_title":"El Circuito deTalasoterapia es ideal para conseguir un d\u00eda de relajaci\u00f3n","og_description":"Piscina de hidroterapia, Jacuzzi panor\u00e1mico, Camas de agua, Vapor marino, Fuente de hielo, Sauna, Camillas de infrarrojos, Zona de reposo...","og_url":"https:\/\/la-perla.net\/producto\/precio-entrada-spa-talasoterapia\/","og_site_name":"Talasoterapia La Perla \u2022 San Sebasti\u00e1n - Donostia","article_publisher":"https:\/\/www.facebook.com\/laperladonosti\/","article_modified_time":"2026-03-30T14:28:15+00:00","og_image":[{"width":400,"height":267,"url":"https:\/\/la-perla.net\/wp-content\/uploads\/2017\/08\/02_Entrada-Todos-los-dias-1.jpg","type":"image\/jpeg"}],"twitter_card":"summary_large_image","twitter_site":"@LaPerlaDonosti","twitter_misc":{"Est. reading time":"2 minutes"},"schema":{"@context":"https:\/\/schema.org","@graph":[{"@type":"WebPage","@id":"https:\/\/la-perla.net\/producto\/precio-entrada-spa-talasoterapia\/","url":"https:\/\/la-perla.net\/producto\/precio-entrada-spa-talasoterapia\/","name":"El Circuito deTalasoterapia es ideal para conseguir un d\u00eda de relajaci\u00f3n","isPartOf":{"@id":"https:\/\/la-perla.net\/#website"},"primaryImageOfPage":{"@id":"https:\/\/la-perla.net\/producto\/precio-entrada-spa-talasoterapia\/#primaryimage"},"image":{"@id":"https:\/\/la-perla.net\/producto\/precio-entrada-spa-talasoterapia\/#primaryimage"},"thumbnailUrl":"https:\/\/la-perla.net\/wp-content\/uploads\/2017\/08\/02_Entrada-Todos-los-dias-1.jpg","datePublished":"2017-08-31T08:31:56+00:00","dateModified":"2026-03-30T14:28:15+00:00","description":"Piscina de hidroterapia, Jacuzzi panor\u00e1mico, Camas de agua, Vapor marino, Fuente de hielo, Sauna, Camillas de infrarrojos, Zona de reposo...","breadcrumb":{"@id":"https:\/\/la-perla.net\/producto\/precio-entrada-spa-talasoterapia\/#breadcrumb"},"inLanguage":"eu-ES","potentialAction":[{"@type":"ReadAction","target":["https:\/\/la-perla.net\/producto\/precio-entrada-spa-talasoterapia\/"]}]},{"@type":"ImageObject","inLanguage":"eu-ES","@id":"https:\/\/la-perla.net\/producto\/precio-entrada-spa-talasoterapia\/#primaryimage","url":"https:\/\/la-perla.net\/wp-content\/uploads\/2017\/08\/02_Entrada-Todos-los-dias-1.jpg","contentUrl":"https:\/\/la-perla.net\/wp-content\/uploads\/2017\/08\/02_Entrada-Todos-los-dias-1.jpg","width":400,"height":267},{"@type":"BreadcrumbList","@id":"https:\/\/la-perla.net\/producto\/precio-entrada-spa-talasoterapia\/#breadcrumb","itemListElement":[{"@type":"ListItem","position":1,"name":"Portada","item":"https:\/\/la-perla.net\/eu\/"},{"@type":"ListItem","position":2,"name":"Shop","item":"https:\/\/la-perla.net\/eu\/shop\/"},{"@type":"ListItem","position":3,"name":"Eguneko sarrerak egunero"}]},{"@type":"WebSite","@id":"https:\/\/la-perla.net\/#website","url":"https:\/\/la-perla.net\/","name":"Talasoterapia La Perla \u2022 San Sebasti\u00e1n - Donostia","description":"Talasoterapia en Guipuzcoa - Centro de salud, belleza y deporte","publisher":{"@id":"https:\/\/la-perla.net\/#organization"},"potentialAction":[{"@type":"SearchAction","target":{"@type":"EntryPoint","urlTemplate":"https:\/\/la-perla.net\/?s={search_term_string}"},"query-input":{"@type":"PropertyValueSpecification","valueRequired":true,"valueName":"search_term_string"}}],"inLanguage":"eu-ES"},{"@type":"Organization","@id":"https:\/\/la-perla.net\/#organization","name":"La Perla","url":"https:\/\/la-perla.net\/","logo":{"@type":"ImageObject","inLanguage":"eu-ES","@id":"https:\/\/la-perla.net\/#\/schema\/logo\/image\/","url":"https:\/\/la-perla.net\/wp-content\/uploads\/2020\/09\/talasoterapia-la-perla.png","contentUrl":"https:\/\/la-perla.net\/wp-content\/uploads\/2020\/09\/talasoterapia-la-perla.png","width":191,"height":51,"caption":"La Perla"},"image":{"@id":"https:\/\/la-perla.net\/#\/schema\/logo\/image\/"},"sameAs":["https:\/\/www.facebook.com\/laperladonosti\/","https:\/\/x.com\/LaPerlaDonosti","https:\/\/www.instagram.com\/laperladonosti\/?hl=es","https:\/\/www.youtube.com\/channel\/UChQhp12N7Lg6ZrOcmAJAy4g"]}]}},"_links":{"self":[{"href":"https:\/\/la-perla.net\/eu\/wp-json\/wp\/v2\/product\/108535"}],"collection":[{"href":"https:\/\/la-perla.net\/eu\/wp-json\/wp\/v2\/product"}],"about":[{"href":"https:\/\/la-perla.net\/eu\/wp-json\/wp\/v2\/types\/product"}],"wp:featuredmedia":[{"embeddable":true,"href":"https:\/\/la-perla.net\/eu\/wp-json\/wp\/v2\/media\/86830"}],"wp:attachment":[{"href":"https:\/\/la-perla.net\/eu\/wp-json\/wp\/v2\/media?parent=108535"}],"wp:term":[{"taxonomy":"product_brand","embeddable":true,"href":"https:\/\/la-perla.net\/eu\/wp-json\/wp\/v2\/product_brand?post=108535"},{"taxonomy":"product_cat","embeddable":true,"href":"https:\/\/la-perla.net\/eu\/wp-json\/wp\/v2\/product_cat?post=108535"},{"taxonomy":"product_tag","embeddable":true,"href":"https:\/\/la-perla.net\/eu\/wp-json\/wp\/v2\/product_tag?post=108535"}],"curies":[{"name":"wp","href":"https:\/\/api.w.org\/{rel}","templated":true}]}}