{"id":109955,"date":"2023-08-03T08:55:39","date_gmt":"2023-08-03T06:55:39","guid":{"rendered":"https:\/\/la-perla.net\/queer-destinations-committed\/"},"modified":"2023-08-03T08:55:40","modified_gmt":"2023-08-03T06:55:40","slug":"queer-destinations-committed","status":"publish","type":"page","link":"https:\/\/la-perla.net\/fr\/queer-destinations-committed\/","title":{"rendered":"Queer Destinations Committed"},"content":{"rendered":"<style>.kb-row-layout-id_fc3ae0-c9 > .kt-row-column-wrap{align-content:start;}:where(.kb-row-layout-id_fc3ae0-c9 > .kt-row-column-wrap) > .wp-block-kadence-column{justify-content:start;}.kb-row-layout-id_fc3ae0-c9 > .kt-row-column-wrap{column-gap:var(--global-kb-gap-sm, 1rem);row-gap:var(--global-kb-gap-sm, 1rem);max-width:702px;padding-top:var(--global-kb-spacing-xxl, 5rem);padding-bottom:var(--global-kb-spacing-xxl, 5rem);}.kb-row-layout-id_fc3ae0-c9 > .kt-row-column-wrap > div:not(.added-for-specificity){grid-column:initial;}.kb-row-layout-id_fc3ae0-c9 > .kt-row-column-wrap{grid-template-columns:repeat(3, minmax(0, 1fr));}.kb-row-layout-id_fc3ae0-c9{background-color:var(--global-palette9, #ffffff);}.kb-row-layout-id_fc3ae0-c9 > .kt-row-layout-overlay{opacity:0.30;}@media all and (max-width: 1024px){.kb-row-layout-id_fc3ae0-c9 > .kt-row-column-wrap > *:nth-child(3n+1 of *:not(style)){grid-column:1 \/ -1;}}@media all and (max-width: 1024px){.kb-row-layout-id_fc3ae0-c9 > .kt-row-column-wrap{grid-template-columns:repeat(2, minmax(0, 1fr));}}@media all and (max-width: 767px){.kb-row-layout-id_fc3ae0-c9 > .kt-row-column-wrap > div:not(.added-for-specificity){grid-column:initial;}.kb-row-layout-id_fc3ae0-c9 > .kt-row-column-wrap{grid-template-columns:minmax(0, 1fr);}}<\/style><div class=\"kb-row-layout-wrap kb-row-layout-id_fc3ae0-c9 alignfull has-theme-palette9-background-color kt-row-has-bg wp-block-kadence-rowlayout\"><div class=\"kt-row-column-wrap kt-has-3-columns kt-row-layout-equal kt-tab-layout-first-row kt-mobile-layout-row kt-row-valign-top kb-theme-content-width\">\n<style>.kadence-column_6edddb-88 > .kt-inside-inner-col,.kadence-column_6edddb-88 > .kt-inside-inner-col:before{border-top-left-radius:0px;border-top-right-radius:0px;border-bottom-right-radius:0px;border-bottom-left-radius:0px;}.kadence-column_6edddb-88 > .kt-inside-inner-col{column-gap:var(--global-kb-gap-sm, 1rem);}.kadence-column_6edddb-88 > .kt-inside-inner-col{flex-direction:column;}.kadence-column_6edddb-88 > .kt-inside-inner-col > .aligncenter{width:100%;}.kadence-column_6edddb-88 > .kt-inside-inner-col:before{opacity:0.3;}.kadence-column_6edddb-88{position:relative;}@media all and (max-width: 1024px){.kadence-column_6edddb-88 > .kt-inside-inner-col{flex-direction:column;justify-content:center;}}@media all and (max-width: 767px){.kadence-column_6edddb-88 > .kt-inside-inner-col{flex-direction:column;justify-content:center;}}<\/style>\n<div class=\"wp-block-kadence-column kadence-column_6edddb-88 inner-column-1\"><div class=\"kt-inside-inner-col\"><div class=\"wp-block-image\"><figure class=\"aligncenter size-full is-resized\"><img loading=\"lazy\" decoding=\"async\" src=\"https:\/\/la-perla.net\/wp-content\/uploads\/2023\/08\/corazon.png\" alt=\"\" class=\"wp-image-109907\" width=\"111\" height=\"105\"\/><\/figure><\/div>\n\n<div class=\"wp-block-group\"><div class=\"wp-block-group__inner-container is-layout-constrained wp-block-group-is-layout-constrained\"><p class=\"has-text-align-center\">C&rsquo;est un espace sans discrimination fond\u00e9e sur l&rsquo;orientation sexuelle et l&rsquo;identit\u00e9 de genre<\/p><\/div><\/div><\/div><\/div>\n\n<style>.kadence-column_da5171-d1 > .kt-inside-inner-col,.kadence-column_da5171-d1 > .kt-inside-inner-col:before{border-top-left-radius:0px;border-top-right-radius:0px;border-bottom-right-radius:0px;border-bottom-left-radius:0px;}.kadence-column_da5171-d1 > .kt-inside-inner-col{column-gap:var(--global-kb-gap-sm, 1rem);}.kadence-column_da5171-d1 > .kt-inside-inner-col{flex-direction:column;}.kadence-column_da5171-d1 > .kt-inside-inner-col > .aligncenter{width:100%;}.kadence-column_da5171-d1 > .kt-inside-inner-col:before{opacity:0.3;}.kadence-column_da5171-d1, .kadence-column_da5171-d1 h1, .kadence-column_da5171-d1 h2, .kadence-column_da5171-d1 h3, .kadence-column_da5171-d1 h4, .kadence-column_da5171-d1 h5, .kadence-column_da5171-d1 h6{color:var(--global-palette4, #2D3748);}.kadence-column_da5171-d1{position:relative;}@media all and (max-width: 1024px){.kt-row-column-wrap.kt-tab-layout-three-grid > .kadence-column_da5171-d1, .kt-row-column-wrap.kt-tab-layout-two-grid > .kadence-column_da5171-d1, .kt-row-column-wrap.kt-tab-layout-row > .kadence-column_da5171-d1{order:-1;}}@media all and (max-width: 1024px){.kadence-column_da5171-d1 > .kt-inside-inner-col{flex-direction:column;justify-content:center;}}@media all and (max-width: 767px){.kt-row-column-wrap.kt-mobile-layout-three-grid > .kadence-column_da5171-d1, .kt-row-column-wrap.kt-mobile-layout-two-grid > .kadence-column_da5171-d1, .kt-row-column-wrap.kt-mobile-layout-row > .kadence-column_da5171-d1{order:-1 !important;}.kadence-column_da5171-d1 > .kt-inside-inner-col{flex-direction:column;justify-content:center;}}<\/style>\n<div class=\"wp-block-kadence-column kadence-column_da5171-d1 inner-column-2\"><div class=\"kt-inside-inner-col\"><div class=\"wp-block-image\"><figure class=\"aligncenter size-full is-resized\"><img loading=\"lazy\" decoding=\"async\" src=\"https:\/\/la-perla.net\/wp-content\/uploads\/2023\/08\/bandera.png\" alt=\"\" class=\"wp-image-109911\" width=\"113\" height=\"107\"\/><\/figure><\/div>\n\n<div class=\"wp-block-group\"><div class=\"wp-block-group__inner-container is-layout-constrained wp-block-group-is-layout-constrained\"><p class=\"has-text-align-center\">Respecte et d\u00e9fend l&rsquo;int\u00e9grit\u00e9 des clients et des collaborateurs LGBTQ+ <\/p><\/div><\/div><\/div><\/div>\n\n<style>.kadence-column_e1de9e-68 > .kt-inside-inner-col,.kadence-column_e1de9e-68 > .kt-inside-inner-col:before{border-top-left-radius:0px;border-top-right-radius:0px;border-bottom-right-radius:0px;border-bottom-left-radius:0px;}.kadence-column_e1de9e-68 > .kt-inside-inner-col{column-gap:var(--global-kb-gap-sm, 1rem);}.kadence-column_e1de9e-68 > .kt-inside-inner-col{flex-direction:column;}.kadence-column_e1de9e-68 > .kt-inside-inner-col > .aligncenter{width:100%;}.kadence-column_e1de9e-68 > .kt-inside-inner-col:before{opacity:0.3;}.kadence-column_e1de9e-68{position:relative;}@media all and (max-width: 1024px){.kadence-column_e1de9e-68 > .kt-inside-inner-col{flex-direction:column;justify-content:center;}}@media all and (max-width: 767px){.kadence-column_e1de9e-68 > .kt-inside-inner-col{flex-direction:column;justify-content:center;}}<\/style>\n<div class=\"wp-block-kadence-column kadence-column_e1de9e-68 inner-column-3\"><div class=\"kt-inside-inner-col\"><div class=\"wp-block-image\"><figure class=\"aligncenter size-full is-resized\"><img loading=\"lazy\" decoding=\"async\" src=\"https:\/\/la-perla.net\/wp-content\/uploads\/2023\/08\/pantalla.png\" alt=\"\" class=\"wp-image-109915\" width=\"108\" height=\"103\"\/><\/figure><\/div>\n\n<div class=\"wp-block-group\"><div class=\"wp-block-group__inner-container is-layout-constrained wp-block-group-is-layout-constrained\"><p class=\"has-text-align-center\">Toute l&rsquo;\u00e9quipe a suivi le programme \u00e9ducatif \u00ab\u00a0Hospitality Meets Diversity\u00a0\u00bb<\/p><\/div><\/div><\/div><\/div>\n<\/div><\/div>","protected":false},"excerpt":{"rendered":"<p>C&rsquo;est un espace sans discrimination fond\u00e9e sur l&rsquo;orientation sexuelle et l&rsquo;identit\u00e9 de genre Respecte et d\u00e9fend l&rsquo;int\u00e9grit\u00e9 des clients et des collaborateurs LGBTQ+ Toute l&rsquo;\u00e9quipe a suivi le programme \u00e9ducatif \u00ab\u00a0Hospitality Meets Diversity\u00a0\u00bb<\/p>\n","protected":false},"author":251,"featured_media":0,"parent":0,"menu_order":12,"comment_status":"closed","ping_status":"closed","template":"","meta":{"_genesis_hide_title":false,"_genesis_hide_breadcrumbs":false,"_genesis_hide_singular_image":false,"_genesis_hide_footer_widgets":false,"_genesis_custom_body_class":"","_genesis_custom_post_class":"","_genesis_layout":"","footnotes":""},"class_list":{"0":"post-109955","1":"page","2":"type-page","3":"status-publish","5":"entry","6":"has-post-thumbnail"},"yoast_head":"<!-- This site is optimized with the Yoast SEO plugin v25.6 - https:\/\/yoast.com\/wordpress\/plugins\/seo\/ -->\n<title>Queer Destinations Committed - Talasoterapia La Perla \u2022 San Sebasti\u00e1n - Donostia<\/title>\n<meta name=\"robots\" content=\"index, follow, max-snippet:-1, max-image-preview:large, max-video-preview:-1\" \/>\n<link rel=\"canonical\" href=\"https:\/\/la-perla.net\/fr\/queer-destinations-committed\/\" \/>\n<meta property=\"og:locale\" content=\"fr_FR\" \/>\n<meta property=\"og:type\" content=\"article\" \/>\n<meta property=\"og:title\" content=\"Queer Destinations Committed - Talasoterapia La Perla \u2022 San Sebasti\u00e1n - Donostia\" \/>\n<meta property=\"og:description\" content=\"C&rsquo;est un espace sans discrimination fond\u00e9e sur l&rsquo;orientation sexuelle et l&rsquo;identit\u00e9 de genre Respecte et d\u00e9fend l&rsquo;int\u00e9grit\u00e9 des clients et des collaborateurs LGBTQ+ Toute l&rsquo;\u00e9quipe a suivi le programme \u00e9ducatif \u00ab\u00a0Hospitality Meets Diversity\u00a0\u00bb\" \/>\n<meta property=\"og:url\" content=\"https:\/\/la-perla.net\/fr\/queer-destinations-committed\/\" \/>\n<meta property=\"og:site_name\" content=\"Talasoterapia La Perla \u2022 San Sebasti\u00e1n - Donostia\" \/>\n<meta property=\"article:publisher\" content=\"https:\/\/www.facebook.com\/laperladonosti\/\" \/>\n<meta property=\"article:modified_time\" content=\"2023-08-03T06:55:40+00:00\" \/>\n<meta property=\"og:image\" content=\"https:\/\/la-perla.net\/wp-content\/uploads\/2023\/08\/corazon.png\" \/>\n<meta name=\"twitter:card\" content=\"summary_large_image\" \/>\n<meta name=\"twitter:site\" content=\"@LaPerlaDonosti\" \/>\n<script type=\"application\/ld+json\" class=\"yoast-schema-graph\">{\"@context\":\"https:\/\/schema.org\",\"@graph\":[{\"@type\":\"WebPage\",\"@id\":\"https:\/\/la-perla.net\/fr\/queer-destinations-committed\/\",\"url\":\"https:\/\/la-perla.net\/fr\/queer-destinations-committed\/\",\"name\":\"Queer Destinations Committed - Talasoterapia La Perla \u2022 San Sebasti\u00e1n - Donostia\",\"isPartOf\":{\"@id\":\"https:\/\/la-perla.net\/#website\"},\"primaryImageOfPage\":{\"@id\":\"https:\/\/la-perla.net\/fr\/queer-destinations-committed\/#primaryimage\"},\"image\":{\"@id\":\"https:\/\/la-perla.net\/fr\/queer-destinations-committed\/#primaryimage\"},\"thumbnailUrl\":\"https:\/\/la-perla.net\/wp-content\/uploads\/2023\/08\/corazon.png\",\"datePublished\":\"2023-08-03T06:55:39+00:00\",\"dateModified\":\"2023-08-03T06:55:40+00:00\",\"breadcrumb\":{\"@id\":\"https:\/\/la-perla.net\/fr\/queer-destinations-committed\/#breadcrumb\"},\"inLanguage\":\"fr-FR\",\"potentialAction\":[{\"@type\":\"ReadAction\",\"target\":[\"https:\/\/la-perla.net\/fr\/queer-destinations-committed\/\"]}]},{\"@type\":\"ImageObject\",\"inLanguage\":\"fr-FR\",\"@id\":\"https:\/\/la-perla.net\/fr\/queer-destinations-committed\/#primaryimage\",\"url\":\"https:\/\/la-perla.net\/wp-content\/uploads\/2023\/08\/corazon.png\",\"contentUrl\":\"https:\/\/la-perla.net\/wp-content\/uploads\/2023\/08\/corazon.png\"},{\"@type\":\"BreadcrumbList\",\"@id\":\"https:\/\/la-perla.net\/fr\/queer-destinations-committed\/#breadcrumb\",\"itemListElement\":[{\"@type\":\"ListItem\",\"position\":1,\"name\":\"Portada\",\"item\":\"https:\/\/la-perla.net\/fr\/\"},{\"@type\":\"ListItem\",\"position\":2,\"name\":\"Queer Destinations Committed\"}]},{\"@type\":\"WebSite\",\"@id\":\"https:\/\/la-perla.net\/#website\",\"url\":\"https:\/\/la-perla.net\/\",\"name\":\"Talasoterapia La Perla \u2022 San Sebasti\u00e1n - Donostia\",\"description\":\"Talasoterapia en Guipuzcoa - Centro de salud, belleza y deporte\",\"publisher\":{\"@id\":\"https:\/\/la-perla.net\/#organization\"},\"potentialAction\":[{\"@type\":\"SearchAction\",\"target\":{\"@type\":\"EntryPoint\",\"urlTemplate\":\"https:\/\/la-perla.net\/?s={search_term_string}\"},\"query-input\":{\"@type\":\"PropertyValueSpecification\",\"valueRequired\":true,\"valueName\":\"search_term_string\"}}],\"inLanguage\":\"fr-FR\"},{\"@type\":\"Organization\",\"@id\":\"https:\/\/la-perla.net\/#organization\",\"name\":\"La Perla\",\"url\":\"https:\/\/la-perla.net\/\",\"logo\":{\"@type\":\"ImageObject\",\"inLanguage\":\"fr-FR\",\"@id\":\"https:\/\/la-perla.net\/#\/schema\/logo\/image\/\",\"url\":\"https:\/\/la-perla.net\/wp-content\/uploads\/2020\/09\/talasoterapia-la-perla.png\",\"contentUrl\":\"https:\/\/la-perla.net\/wp-content\/uploads\/2020\/09\/talasoterapia-la-perla.png\",\"width\":191,\"height\":51,\"caption\":\"La Perla\"},\"image\":{\"@id\":\"https:\/\/la-perla.net\/#\/schema\/logo\/image\/\"},\"sameAs\":[\"https:\/\/www.facebook.com\/laperladonosti\/\",\"https:\/\/x.com\/LaPerlaDonosti\",\"https:\/\/www.instagram.com\/laperladonosti\/?hl=es\",\"https:\/\/www.youtube.com\/channel\/UChQhp12N7Lg6ZrOcmAJAy4g\"]}]}<\/script>\n<!-- \/ Yoast SEO plugin. -->","yoast_head_json":{"title":"Queer Destinations Committed - Talasoterapia La Perla \u2022 San Sebasti\u00e1n - Donostia","robots":{"index":"index","follow":"follow","max-snippet":"max-snippet:-1","max-image-preview":"max-image-preview:large","max-video-preview":"max-video-preview:-1"},"canonical":"https:\/\/la-perla.net\/fr\/queer-destinations-committed\/","og_locale":"fr_FR","og_type":"article","og_title":"Queer Destinations Committed - Talasoterapia La Perla \u2022 San Sebasti\u00e1n - Donostia","og_description":"C&rsquo;est un espace sans discrimination fond\u00e9e sur l&rsquo;orientation sexuelle et l&rsquo;identit\u00e9 de genre Respecte et d\u00e9fend l&rsquo;int\u00e9grit\u00e9 des clients et des collaborateurs LGBTQ+ Toute l&rsquo;\u00e9quipe a suivi le programme \u00e9ducatif \u00ab\u00a0Hospitality Meets Diversity\u00a0\u00bb","og_url":"https:\/\/la-perla.net\/fr\/queer-destinations-committed\/","og_site_name":"Talasoterapia La Perla \u2022 San Sebasti\u00e1n - Donostia","article_publisher":"https:\/\/www.facebook.com\/laperladonosti\/","article_modified_time":"2023-08-03T06:55:40+00:00","og_image":[{"url":"https:\/\/la-perla.net\/wp-content\/uploads\/2023\/08\/corazon.png","type":"","width":"","height":""}],"twitter_card":"summary_large_image","twitter_site":"@LaPerlaDonosti","schema":{"@context":"https:\/\/schema.org","@graph":[{"@type":"WebPage","@id":"https:\/\/la-perla.net\/fr\/queer-destinations-committed\/","url":"https:\/\/la-perla.net\/fr\/queer-destinations-committed\/","name":"Queer Destinations Committed - Talasoterapia La Perla \u2022 San Sebasti\u00e1n - Donostia","isPartOf":{"@id":"https:\/\/la-perla.net\/#website"},"primaryImageOfPage":{"@id":"https:\/\/la-perla.net\/fr\/queer-destinations-committed\/#primaryimage"},"image":{"@id":"https:\/\/la-perla.net\/fr\/queer-destinations-committed\/#primaryimage"},"thumbnailUrl":"https:\/\/la-perla.net\/wp-content\/uploads\/2023\/08\/corazon.png","datePublished":"2023-08-03T06:55:39+00:00","dateModified":"2023-08-03T06:55:40+00:00","breadcrumb":{"@id":"https:\/\/la-perla.net\/fr\/queer-destinations-committed\/#breadcrumb"},"inLanguage":"fr-FR","potentialAction":[{"@type":"ReadAction","target":["https:\/\/la-perla.net\/fr\/queer-destinations-committed\/"]}]},{"@type":"ImageObject","inLanguage":"fr-FR","@id":"https:\/\/la-perla.net\/fr\/queer-destinations-committed\/#primaryimage","url":"https:\/\/la-perla.net\/wp-content\/uploads\/2023\/08\/corazon.png","contentUrl":"https:\/\/la-perla.net\/wp-content\/uploads\/2023\/08\/corazon.png"},{"@type":"BreadcrumbList","@id":"https:\/\/la-perla.net\/fr\/queer-destinations-committed\/#breadcrumb","itemListElement":[{"@type":"ListItem","position":1,"name":"Portada","item":"https:\/\/la-perla.net\/fr\/"},{"@type":"ListItem","position":2,"name":"Queer Destinations Committed"}]},{"@type":"WebSite","@id":"https:\/\/la-perla.net\/#website","url":"https:\/\/la-perla.net\/","name":"Talasoterapia La Perla \u2022 San Sebasti\u00e1n - Donostia","description":"Talasoterapia en Guipuzcoa - Centro de salud, belleza y deporte","publisher":{"@id":"https:\/\/la-perla.net\/#organization"},"potentialAction":[{"@type":"SearchAction","target":{"@type":"EntryPoint","urlTemplate":"https:\/\/la-perla.net\/?s={search_term_string}"},"query-input":{"@type":"PropertyValueSpecification","valueRequired":true,"valueName":"search_term_string"}}],"inLanguage":"fr-FR"},{"@type":"Organization","@id":"https:\/\/la-perla.net\/#organization","name":"La Perla","url":"https:\/\/la-perla.net\/","logo":{"@type":"ImageObject","inLanguage":"fr-FR","@id":"https:\/\/la-perla.net\/#\/schema\/logo\/image\/","url":"https:\/\/la-perla.net\/wp-content\/uploads\/2020\/09\/talasoterapia-la-perla.png","contentUrl":"https:\/\/la-perla.net\/wp-content\/uploads\/2020\/09\/talasoterapia-la-perla.png","width":191,"height":51,"caption":"La Perla"},"image":{"@id":"https:\/\/la-perla.net\/#\/schema\/logo\/image\/"},"sameAs":["https:\/\/www.facebook.com\/laperladonosti\/","https:\/\/x.com\/LaPerlaDonosti","https:\/\/www.instagram.com\/laperladonosti\/?hl=es","https:\/\/www.youtube.com\/channel\/UChQhp12N7Lg6ZrOcmAJAy4g"]}]}},"_links":{"self":[{"href":"https:\/\/la-perla.net\/fr\/wp-json\/wp\/v2\/pages\/109955"}],"collection":[{"href":"https:\/\/la-perla.net\/fr\/wp-json\/wp\/v2\/pages"}],"about":[{"href":"https:\/\/la-perla.net\/fr\/wp-json\/wp\/v2\/types\/page"}],"author":[{"embeddable":true,"href":"https:\/\/la-perla.net\/fr\/wp-json\/wp\/v2\/users\/251"}],"replies":[{"embeddable":true,"href":"https:\/\/la-perla.net\/fr\/wp-json\/wp\/v2\/comments?post=109955"}],"version-history":[{"count":0,"href":"https:\/\/la-perla.net\/fr\/wp-json\/wp\/v2\/pages\/109955\/revisions"}],"wp:attachment":[{"href":"https:\/\/la-perla.net\/fr\/wp-json\/wp\/v2\/media?parent=109955"}],"curies":[{"name":"wp","href":"https:\/\/api.w.org\/{rel}","templated":true}]}}