{"id":60164,"date":"2019-11-28T17:09:45","date_gmt":"2019-11-28T16:09:45","guid":{"rendered":"https:\/\/laperla21.wpengine.com\/oferta-gastronomica-san-sebastian\/"},"modified":"2025-11-17T11:31:55","modified_gmt":"2025-11-17T10:31:55","slug":"restaurant-la-perla","status":"publish","type":"page","link":"https:\/\/la-perla.net\/fr\/gastronomie\/restaurant-la-perla\/","title":{"rendered":"Restaurant La Perla"},"content":{"rendered":"<p>Notre principale proposition gastronomique se base sur une cuisine aux racines basques et des recettes traditionnelles dont le produit est le roi.<br>\nDes techniques avant-gardistes sont utilis\u00e9es pour parachever l\u2019exp\u00e9rience culinaire dans notre salle \u00e0 manger panoramique avec vues sur la baie de La Concha.<\/p><p>Le restaurant La Perla dispose \u00e9galement d\u2019un bar et d\u2019une caf\u00e9t\u00e9ria avec un comptoir rempli de tapas de Saint S\u00e9bastien. Il s\u2019agit d\u2019un lieu de r\u00e9f\u00e9rence pour manger au c\u0153ur de la baie et de la promenade de la plage de La Concha. <\/p><h2 class=\"wp-block-heading\">Horaires<\/h2><p>Ouvert tous les jours de 12h30 \u00e0 15h30, et du mercredi au samedi de 20h \u00e0 22h30.<br><br>Ferm\u00e9 le 25 d\u00e9cembre et le 1er janvier<br><\/p><h2 class=\"wp-block-heading\">Choisissez parmi nos diff\u00e9rentes offres<\/h2><style>.kt-tabs-id60164_53badf-94 > .kt-tabs-content-wrap > .wp-block-kadence-tab{border-top:4px solid #eeeeee;border-right:4px solid #eeeeee;border-bottom:4px solid #eeeeee;border-left:4px solid #eeeeee;border-top-left-radius:0px;border-top-right-radius:0px;border-bottom-right-radius:0px;border-bottom-left-radius:0px;padding-top:20px;padding-right:20px;padding-bottom:20px;padding-left:20px;min-height:400px;background:#ffffff;}.wp-block-kadence-tabs .kt-tabs-id60164_53badf-94 > .kt-tabs-title-list li{margin-top:0px;margin-right:-4px;margin-bottom:10px;margin-left:0px;}.wp-block-kadence-tabs .kt-tabs-id60164_53badf-94 > .kt-tabs-title-list li .kt-tab-title, .wp-block-kadence-tabs .kt-tabs-id60164_53badf-94 > .kt-tabs-content-wrap > .kt-tabs-accordion-title .kt-tab-title{line-height:1.4em;font-weight:regular;font-style:normal;border-top-width:4px;border-right-width:0px;border-bottom-width:4px;border-left-width:4px;border-top-left-radius:10px;border-top-right-radius:0px;border-bottom-right-radius:0px;border-bottom-left-radius:10px;padding-top:12px;padding-right:8px;padding-bottom:12px;padding-left:20px;border-color:#eeeeee;color:#444444;background:#eeeeee;}.wp-block-kadence-tabs .kt-tabs-id60164_53badf-94 > .kt-tabs-content-wrap > .kt-tabs-accordion-title .kt-tab-title{margin-top:0px;margin-right:-4px;margin-bottom:10px;margin-left:0px;}.wp-block-kadence-tabs .kt-tabs-id60164_53badf-94 > .kt-tabs-title-list li .kt-tab-title:hover, .wp-block-kadence-tabs .kt-tabs-id60164_53badf-94 > .kt-tabs-content-wrap > .kt-tabs-accordion-title .kt-tab-title:hover{border-color:#e9e9e9;color:#444444;background:#e9e9e9;}.wp-block-kadence-tabs .kt-tabs-id60164_53badf-94 > .kt-tabs-title-list li.kt-tab-title-active .kt-tab-title, .wp-block-kadence-tabs .kt-tabs-id60164_53badf-94 > .kt-tabs-content-wrap > .kt-tabs-accordion-title.kt-tab-title-active .kt-tab-title{border-color:#eeeeee;color:#444444;background:#ffffff;}@media all and (min-width: 1025px){.wp-block-kadence-tabs .kt-tabs-id60164_53badf-94{display:flex;}.wp-block-kadence-tabs .kt-tabs-id60164_53badf-94 > .kt-tabs-title-list{float:none;width:30%;}.wp-block-kadence-tabs .kt-tabs-id60164_53badf-94 > .kt-tabs-content-wrap{float:none;width:auto;-webkit-flex:1;flex:1;}}@media all and (max-width: 1024px){.kt-tabs-id60164_53badf-94 > .kt-tabs-content-wrap > .wp-block-kadence-tab{border-top:4px solid #eeeeee;border-right:4px solid #eeeeee;border-bottom:4px solid #eeeeee;border-left:4px solid #eeeeee;}}@media all and (min-width: 768px) and (max-width: 1024px){.wp-block-kadence-tabs .kt-tabs-id60164_53badf-94{display:flex;}.wp-block-kadence-tabs .kt-tabs-id60164_53badf-94 > .kt-tabs-title-list{float:none;width:30%;}.wp-block-kadence-tabs .kt-tabs-id60164_53badf-94 > .kt-tabs-content-wrap{float:none;width:auto;-webkit-flex:1;flex:1;}}@media all and (max-width: 767px){.kt-tabs-id60164_53badf-94 > .kt-tabs-content-wrap > .wp-block-kadence-tab{border-top:4px solid #eeeeee;border-right:4px solid #eeeeee;border-bottom:4px solid #eeeeee;border-left:4px solid #eeeeee;}}<\/style>\n<div class=\"wp-block-kadence-tabs alignnone\"><div class=\"kt-tabs-wrap kt-tabs-id60164_53badf-94 kt-tabs-has-3-tabs kt-active-tab-1 kt-tabs-layout-vtabs kt-tabs-tablet-layout-inherit kt-tabs-mobile-layout-accordion kt-tab-alignment-left kt-create-accordion\"><ul class=\"kt-tabs-title-list\"><li id=\"tab-menudgustation\" class=\"kt-title-item kt-title-item-1 kt-tabs-svg-show-always kt-tabs-icon-side-right kt-tab-title-active\"><a href=\"#tab-menudgustation\" data-tab=\"1\" class=\"kt-tab-title kt-tab-title-1 \"><span class=\"kt-title-text\">Menu D\u00e9gustation<\/span><\/a><\/li><li id=\"tab-menudesaison\" class=\"kt-title-item kt-title-item-2 kt-tabs-svg-show-always kt-tabs-icon-side-right kt-tab-title-inactive\"><a href=\"#tab-menudesaison\" data-tab=\"2\" class=\"kt-tab-title kt-tab-title-2 \"><span class=\"kt-title-text\">Menu de Saison<\/span><\/a><\/li><li id=\"tab-carte\" class=\"kt-title-item kt-title-item-3 kt-tabs-svg-show-always kt-tabs-icon-side-right kt-tab-title-inactive\"><a href=\"#tab-carte\" data-tab=\"3\" class=\"kt-tab-title kt-tab-title-3 \"><span class=\"kt-title-text\">Carte<\/span><\/a><\/li><\/ul><div class=\"kt-tabs-content-wrap\"><div class=\"wp-block-kadence-tab kt-tab-inner-content kt-inner-tab-1 kt-inner-tabdeef3e-7d\"><div class=\"kt-tab-inner-content-inner\"><p class=\"has-text-align-center has-large-font-size\"><strong>Menu D\u00e9gustation<\/strong><\/p>\n\n<p class=\"has-text-align-center\">Ap\u00e9ritif de la maison<br>\u2026..<br>Cr\u00e8me de topinambours aux champignons et au jambon<br>\u2026..<br>\u0152uf truff\u00e9 basse temp\u00e9rature avec cr\u00e8me de champignons et trompettes de la mort<br>\u2026..<br>Merlu beurre blanc au fenouil avec miso et champignons<br>\u2026..<br>Filet de chevreuil avec pur\u00e9e de panais et c\u0153ur de laitue en escab\u00e8che<br>\u2026..<br>Filet de b\u0153uf, cr\u00e8me d\u2019\u00e9pinards, champignons \u00e0 la sauce de c\u00e8pes et demi-glace<br>\u2026..<br>Soupe froide au fruit de la passion<br>\u2026..<br>Fondant au chocolat avec glace \u00e0 la confiture de lait<\/p>\n\n<p class=\"has-text-align-center\">\u2026..<\/p>\n\n<p class=\"has-text-align-center\"><br>DRINK<\/p>\n\n<p class=\"has-text-align-center\">Caf\u00e9 compris<\/p>\n\n<p><\/p>\n\n<p class=\"has-text-align-center\" style=\"font-size:28px\"><strong>65\u20ac<\/strong><\/p>\n\n<p class=\"has-text-align-center\">Vin rouge Crianza, blanc Rueda, ros\u00e9 Navarre, eau et caf\u00e9 compris<\/p>\n\n<p class=\"has-text-align-center\" style=\"font-size:28px\"><strong>71\u20ac<\/strong><\/p>\n\n<p class=\"has-text-align-center\"> (10% IVA incluido) <\/p>\n\n<p class=\"has-text-align-center\"><a href=\"https:\/\/la-perla.net\/fr\/produit\/menu-degustation-la-perla\/\"><img loading=\"lazy\" decoding=\"async\" width=\"43\" height=\"38\" class=\"wp-image-61894\" style=\"width: 43px;\" src=\"https:\/\/la-perla.net\/wp-content\/uploads\/2020\/09\/carrito.jpg\" alt=\"carrito\">COMPRAR<\/a><\/p>\n\n<p>* Le menu d\u00e9gustation change chaque saison.<\/p>\n\n<p><\/p><\/div><\/div>\n\n<div class=\"wp-block-kadence-tab kt-tab-inner-content kt-inner-tab-2 kt-inner-tab8f9e48-92\"><div class=\"kt-tab-inner-content-inner\"><p class=\"has-text-align-center has-large-font-size\"><strong>Menu de Saison<\/strong><\/p>\n\n<p class=\"has-text-align-center\"><strong>ENTR\u00c9ES<\/strong><\/p>\n\n<p class=\"has-text-align-center\">Cr\u00e8me de tomates ti\u00e8de avec artichauts frits et mousse de parmesan<\/p>\n\n<p class=\"has-text-align-center\">Salade de courge avec burrata et poires caram\u00e9lis\u00e9es au vin blanc<\/p>\n\n<p class=\"has-text-align-center\">Soupe de poisson aux fruits de mer<\/p>\n\n<p class=\"has-text-align-center\">Cr\u00e8me de topinambours aux champignons et au jambon<\/p>\n\n<p><\/p>\n\n<p class=\"has-text-align-center\"><strong>PLATS DE R\u00c9SISTANCE<\/strong><\/p>\n\n<p class=\"has-text-align-center\">Merlu beurre blanc au fenouil avec miso et champignons<\/p>\n\n<p class=\"has-text-align-center\">Lotte en sauce verte avec pommes de terre boulang\u00e8res<\/p>\n\n<p class=\"has-text-align-center\">Secret ib\u00e9rique avec haricots \u00e0 la carbonara et noisettes<\/p>\n\n<p class=\"has-text-align-center\">Joues de boeuf mijot\u00e9es au vin rouge, servies sur un cr\u00e9meux de pommes de terre<\/p>\n\n<p><\/p>\n\n<p class=\"has-text-align-center\"><strong>DESSERTS<\/strong><\/p>\n\n<p class=\"has-text-align-center\">G\u00e9noise moelleuse aux textures d\u2019orange et glace au caf\u00e9<\/p>\n\n<p class=\"has-text-align-center\">Fondant au chocolat avec glace \u00e0 la confiture de lait<\/p>\n\n<p class=\"has-text-align-center\">Soupe froide au fruit de la passion<\/p>\n\n<p class=\"has-text-align-center\">Cheesecake avec fruits rouges, hibiscus et sorbet de framboise<\/p>\n\n<p class=\"has-text-align-center\"><\/p>\n\n<p class=\"has-text-align-center\"><strong>BOISSONS<\/strong><\/p>\n\n<p class=\"has-text-align-center\">Eau et caf\u00e9 compris<\/p>\n\n<p class=\"has-text-align-center\" style=\"font-size:28px\"><strong>40,00 \u20ac<\/strong><\/p>\n\n<p><\/p>\n\n<p><\/p>\n\n<p class=\"has-text-align-center\">vin rouge crianza, blanc, ros\u00e9, eau et caf\u00e9<\/p>\n\n<p class=\"has-text-align-center\" style=\"font-size:28px\"><strong>46,00\u20ac<\/strong><\/p>\n\n<p><\/p>\n\n<p class=\"has-text-align-center\">(10% T.V.A. comprise)<\/p>\n\n<p class=\"has-text-align-center\"><a href=\"https:\/\/la-perla.net\/fr\/produit\/menu-de-saison\/\"><img loading=\"lazy\" decoding=\"async\" width=\"43\" height=\"38\" class=\"wp-image-61894\" style=\"width: 43px;\" src=\"https:\/\/la-perla.net\/wp-content\/uploads\/2020\/09\/carrito.jpg\" alt=\"carrito\">ACHETER<\/a><\/p>\n\n<p>* Du lundi au vendredi, hors jours f\u00e9ri\u00e9s et Grande Semaine<br>* Les repas sont servis \u00e0 la salle \u00e0 manger du restaurant panoramique.<\/p><\/div><\/div>\n\n<div class=\"wp-block-kadence-tab kt-tab-inner-content kt-inner-tab-3 kt-inner-tab31cc77-34\"><div class=\"kt-tab-inner-content-inner\"><p class=\"has-text-align-center has-large-font-size\"><strong>Carte<\/strong><\/p>\n\n<figure class=\"wp-block-table is-style-stripes\"><table><thead><tr><th>ENTR\u00c9ES<\/th><th class=\"has-text-align-right\" data-align=\"right\"><\/th><\/tr><\/thead><tbody><tr><td>Jambon ib\u00e9rique A.O.C. Los Pedroches<\/td><td class=\"has-text-align-right\" data-align=\"right\">28,00 \u20ac<\/td><\/tr><tr><td>Terrine de foie mi-cuit, compote de pomme, pistache caram\u00e9lis\u00e9e et fruits rouges<\/td><td class=\"has-text-align-right\" data-align=\"right\">25,00 \u20ac<\/td><\/tr><tr><td>Salade de courge avec burrata et poires caram\u00e9lis\u00e9es au vin blanc<\/td><td class=\"has-text-align-right\" data-align=\"right\">22,00 \u20ac<\/td><\/tr><tr><td>Cr\u00e8me de topinambours aux champignons et au jambon<\/td><td class=\"has-text-align-right\" data-align=\"right\">17,00 \u20ac<\/td><\/tr><tr><td>Thon de madrague avec sauce nikkei et avocat<\/td><td class=\"has-text-align-right\" data-align=\"right\">25,00 \u20ac<\/td><\/tr><tr><td>\u0152uf truff\u00e9 basse temp\u00e9rature avec cr\u00e8me de champignons et trompettes de la mort<\/td><td class=\"has-text-align-right\" data-align=\"right\">17,00 \u20ac<\/td><\/tr><tr><td>Soupe de poisson et fruits de mer<\/td><td class=\"has-text-align-right\" data-align=\"right\">17,00 \u20ac<\/td><\/tr><tr><td>Croquettes de jambon ib\u00e9rique avec voile de joue de porc affin\u00e9e (7 unit\u00e9s)<\/td><td class=\"has-text-align-right\" data-align=\"right\">18,00 \u20ac<\/td><\/tr><\/tbody><\/table><\/figure>\n\n<figure class=\"wp-block-table is-style-stripes\"><table><thead><tr><th>PLATS DE R\u00c9SISTANCE<\/th><th class=\"has-text-align-right\" data-align=\"right\"><\/th><\/tr><\/thead><tbody><tr><td>Merlu beurre blanc au fenouil avec miso et champignons<\/td><td class=\"has-text-align-right\" data-align=\"right\">28,00 \u20ac<\/td><\/tr><tr><td>Joues de cabillaud sauce pil pil, poireaux et champignons et sauce romesco<\/td><td class=\"has-text-align-right\" data-align=\"right\">30,00 \u20ac<\/td><\/tr><tr><td>Lotte sauce verte aux coques<\/td><td class=\"has-text-align-right\" data-align=\"right\">29,00 \u20ac<\/td><\/tr><tr><td>Riz aux palourdes<\/td><td class=\"has-text-align-right\" data-align=\"right\">26,00 \u20ac<\/td><\/tr><tr><td>Poulpe sur cr\u00e8me au paprika et petits l\u00e9gumes<\/td><td class=\"has-text-align-right\" data-align=\"right\">30,00 \u20ac<\/td><\/tr><tr><td>Faux-filet sauce au foie gras, cr\u00e8me de pommes de terre et duxelle de champignons<\/td><td class=\"has-text-align-right\" data-align=\"right\">28,00 \u20ac<\/td><\/tr><tr><td>Joues de b\u0153uf mijot\u00e9es au vin rouge, servies sur un cr\u00e9meux de pommes de terre<\/td><td class=\"has-text-align-right\" data-align=\"right\">28,00 \u20ac<\/td><\/tr><tr><td>Filet de chevreuil avec pur\u00e9e de panais et c\u0153ur de laitue en escab\u00e8che<\/td><td class=\"has-text-align-right\" data-align=\"right\">30,00 \u20ac<\/td><\/tr><\/tbody><\/table><\/figure>\n\n<figure class=\"wp-block-table is-style-stripes\"><table><thead><tr><th>DESSERTS<\/th><th class=\"has-text-align-right\" data-align=\"right\"><\/th><\/tr><\/thead><tbody><tr><td>Pain perdu caram\u00e9lis\u00e9 avec glace au yaourt bulgare<\/td><td class=\"has-text-align-right\" data-align=\"right\">10,00 \u20ac<\/td><\/tr><tr><td>G\u00e9noise moelleuse aux textures d\u2019orange et glace au caf\u00e9<\/td><td class=\"has-text-align-right\" data-align=\"right\">10,00 \u20ac<\/td><\/tr><tr><td>Fondant au chocolat avec glace \u00e0 la confiture de lait<\/td><td class=\"has-text-align-right\" data-align=\"right\">10,00 \u20ac<\/td><\/tr><tr><td>Pet de nonne et courge avec infusion d\u2019 \u00e9pices ete quenelle de mascarpone<\/td><td class=\"has-text-align-right\" data-align=\"right\">10,00 \u20ac<\/td><\/tr><tr><td>Soupe froide au fruit de la passion<\/td><td class=\"has-text-align-right\" data-align=\"right\">8,00 \u20ac<\/td><\/tr><tr><td>S\u00e9lection de fromages<\/td><td class=\"has-text-align-right\" data-align=\"right\">16,00 \u20ac<\/td><\/tr><\/tbody><\/table><\/figure>\n\n<figure class=\"wp-block-table is-style-stripes\"><table><thead><tr><th>GARNITURES AU CHOIX<\/th><th class=\"has-text-align-right\" data-align=\"right\"><\/th><\/tr><\/thead><tbody><tr><td>L\u00e9gumes \u00e0 la plancha<\/td><td class=\"has-text-align-right\" data-align=\"right\">9,00 \u20ac<\/td><\/tr><tr><td>Salade verte<\/td><td class=\"has-text-align-right\" data-align=\"right\">5,00 \u20ac<\/td><\/tr><\/tbody><\/table><\/figure><\/div><\/div><\/div><\/div><\/div><figure class=\"wp-block-table tabla-rss\"><table><tbody><tr><td><img loading=\"lazy\" decoding=\"async\" width=\"60\" height=\"57\" class=\"wp-image-61820\" style=\"width: 60px;\" src=\"https:\/\/la-perla.net\/wp-content\/uploads\/2020\/09\/info.jpg\" alt=\"info\"><\/td><td><strong><strong><strong><strong><strong>CARTE D\u2019ALLERG\u00c8NES<\/strong><\/strong><\/strong><\/strong><\/strong>\nLes informations concernant la pr\u00e9sence d\u2019allerg\u00e8nes dans nos assiettes sont \u00e0 votre disposition. <\/td><\/tr><\/tbody><\/table><\/figure>","protected":false},"excerpt":{"rendered":"<p>Notre principale proposition gastronomique se base sur une cuisine aux racines basques et des recettes traditionnelles dont le produit est le roi. Des techniques avant-gardistes sont utilis\u00e9es pour parachever l\u2019exp\u00e9rience culinaire dans notre salle \u00e0 manger panoramique avec vues sur la baie de La Concha. Le restaurant La Perla dispose \u00e9galement d\u2019un bar et d\u2019une&hellip; <\/p>\n<div><a class=\"more-link\" href=\"https:\/\/la-perla.net\/fr\/gastronomie\/restaurant-la-perla\/\">Leer m\u00e1s \u2192<\/a><\/div>\n","protected":false},"author":3,"featured_media":0,"parent":96389,"menu_order":164,"comment_status":"closed","ping_status":"closed","template":"","meta":{"_genesis_hide_title":false,"_genesis_hide_breadcrumbs":false,"_genesis_hide_singular_image":false,"_genesis_hide_footer_widgets":false,"_genesis_custom_body_class":"","_genesis_custom_post_class":"","_genesis_layout":"","footnotes":""},"class_list":{"0":"post-60164","1":"page","2":"type-page","3":"status-publish","5":"entry"},"yoast_head":"<!-- This site is optimized with the Yoast SEO plugin v25.6 - https:\/\/yoast.com\/wordpress\/plugins\/seo\/ -->\n<title>Restaurant La Perla, d\u00e9couvrez notre cart. Manger \u00e0 Donostia menus<\/title>\n<meta name=\"description\" content=\"Pour manger \u00e0 Saint S\u00e9bastien - Donostia, au restaurant La Perla vous d\u00e9couvrez les meilleurs plats tout en profitant de la baie de La Concha\" \/>\n<meta name=\"robots\" content=\"index, follow, max-snippet:-1, max-image-preview:large, max-video-preview:-1\" \/>\n<link rel=\"canonical\" href=\"https:\/\/la-perla.net\/fr\/gastronomie\/restaurant-la-perla\/\" \/>\n<meta property=\"og:locale\" content=\"fr_FR\" \/>\n<meta property=\"og:type\" content=\"article\" \/>\n<meta property=\"og:title\" content=\"Restaurant La Perla, d\u00e9couvrez notre cart. Manger \u00e0 Donostia menus\" \/>\n<meta property=\"og:description\" content=\"Pour manger \u00e0 Saint S\u00e9bastien - Donostia, au restaurant La Perla vous d\u00e9couvrez les meilleurs plats tout en profitant de la baie de La Concha\" \/>\n<meta property=\"og:url\" content=\"https:\/\/la-perla.net\/fr\/gastronomie\/restaurant-la-perla\/\" \/>\n<meta property=\"og:site_name\" content=\"Talasoterapia La Perla \u2022 San Sebasti\u00e1n - Donostia\" \/>\n<meta property=\"article:publisher\" content=\"https:\/\/www.facebook.com\/laperladonosti\/\" \/>\n<meta property=\"article:modified_time\" content=\"2025-11-17T10:31:55+00:00\" \/>\n<meta property=\"og:image\" content=\"https:\/\/la-perla.net\/wp-content\/uploads\/2020\/09\/carrito.jpg\" \/>\n\t<meta property=\"og:image:width\" content=\"43\" \/>\n\t<meta property=\"og:image:height\" content=\"38\" \/>\n\t<meta property=\"og:image:type\" content=\"image\/jpeg\" \/>\n<meta name=\"twitter:card\" content=\"summary_large_image\" \/>\n<meta name=\"twitter:site\" content=\"@LaPerlaDonosti\" \/>\n<meta name=\"twitter:label1\" content=\"Dur\u00e9e de lecture estim\u00e9e\" \/>\n\t<meta name=\"twitter:data1\" content=\"4 minutes\" \/>\n<script type=\"application\/ld+json\" class=\"yoast-schema-graph\">{\"@context\":\"https:\/\/schema.org\",\"@graph\":[{\"@type\":\"WebPage\",\"@id\":\"https:\/\/la-perla.net\/fr\/gastronomie\/restaurant-la-perla\/\",\"url\":\"https:\/\/la-perla.net\/fr\/gastronomie\/restaurant-la-perla\/\",\"name\":\"Restaurant La Perla, d\u00e9couvrez notre cart. Manger \u00e0 Donostia menus\",\"isPartOf\":{\"@id\":\"https:\/\/la-perla.net\/#website\"},\"primaryImageOfPage\":{\"@id\":\"https:\/\/la-perla.net\/fr\/gastronomie\/restaurant-la-perla\/#primaryimage\"},\"image\":{\"@id\":\"https:\/\/la-perla.net\/fr\/gastronomie\/restaurant-la-perla\/#primaryimage\"},\"thumbnailUrl\":\"https:\/\/la-perla.net\/wp-content\/uploads\/2020\/09\/carrito.jpg\",\"datePublished\":\"2019-11-28T16:09:45+00:00\",\"dateModified\":\"2025-11-17T10:31:55+00:00\",\"description\":\"Pour manger \u00e0 Saint S\u00e9bastien - Donostia, au restaurant La Perla vous d\u00e9couvrez les meilleurs plats tout en profitant de la baie de La Concha\",\"breadcrumb\":{\"@id\":\"https:\/\/la-perla.net\/fr\/gastronomie\/restaurant-la-perla\/#breadcrumb\"},\"inLanguage\":\"fr-FR\",\"potentialAction\":[{\"@type\":\"ReadAction\",\"target\":[\"https:\/\/la-perla.net\/fr\/gastronomie\/restaurant-la-perla\/\"]}]},{\"@type\":\"ImageObject\",\"inLanguage\":\"fr-FR\",\"@id\":\"https:\/\/la-perla.net\/fr\/gastronomie\/restaurant-la-perla\/#primaryimage\",\"url\":\"https:\/\/la-perla.net\/wp-content\/uploads\/2020\/09\/carrito.jpg\",\"contentUrl\":\"https:\/\/la-perla.net\/wp-content\/uploads\/2020\/09\/carrito.jpg\"},{\"@type\":\"BreadcrumbList\",\"@id\":\"https:\/\/la-perla.net\/fr\/gastronomie\/restaurant-la-perla\/#breadcrumb\",\"itemListElement\":[{\"@type\":\"ListItem\",\"position\":1,\"name\":\"Portada\",\"item\":\"https:\/\/la-perla.net\/fr\/\"},{\"@type\":\"ListItem\",\"position\":2,\"name\":\"Gastronomie\",\"item\":\"https:\/\/la-perla.net\/fr\/gastronomie\/\"},{\"@type\":\"ListItem\",\"position\":3,\"name\":\"Restaurant La Perla\"}]},{\"@type\":\"WebSite\",\"@id\":\"https:\/\/la-perla.net\/#website\",\"url\":\"https:\/\/la-perla.net\/\",\"name\":\"Talasoterapia La Perla \u2022 San Sebasti\u00e1n - Donostia\",\"description\":\"Talasoterapia en Guipuzcoa - Centro de salud, belleza y deporte\",\"publisher\":{\"@id\":\"https:\/\/la-perla.net\/#organization\"},\"potentialAction\":[{\"@type\":\"SearchAction\",\"target\":{\"@type\":\"EntryPoint\",\"urlTemplate\":\"https:\/\/la-perla.net\/?s={search_term_string}\"},\"query-input\":{\"@type\":\"PropertyValueSpecification\",\"valueRequired\":true,\"valueName\":\"search_term_string\"}}],\"inLanguage\":\"fr-FR\"},{\"@type\":\"Organization\",\"@id\":\"https:\/\/la-perla.net\/#organization\",\"name\":\"La Perla\",\"url\":\"https:\/\/la-perla.net\/\",\"logo\":{\"@type\":\"ImageObject\",\"inLanguage\":\"fr-FR\",\"@id\":\"https:\/\/la-perla.net\/#\/schema\/logo\/image\/\",\"url\":\"https:\/\/la-perla.net\/wp-content\/uploads\/2020\/09\/talasoterapia-la-perla.png\",\"contentUrl\":\"https:\/\/la-perla.net\/wp-content\/uploads\/2020\/09\/talasoterapia-la-perla.png\",\"width\":191,\"height\":51,\"caption\":\"La Perla\"},\"image\":{\"@id\":\"https:\/\/la-perla.net\/#\/schema\/logo\/image\/\"},\"sameAs\":[\"https:\/\/www.facebook.com\/laperladonosti\/\",\"https:\/\/x.com\/LaPerlaDonosti\",\"https:\/\/www.instagram.com\/laperladonosti\/?hl=es\",\"https:\/\/www.youtube.com\/channel\/UChQhp12N7Lg6ZrOcmAJAy4g\"]}]}<\/script>\n<!-- \/ Yoast SEO plugin. -->","yoast_head_json":{"title":"Restaurant La Perla, d\u00e9couvrez notre cart. Manger \u00e0 Donostia menus","description":"Pour manger \u00e0 Saint S\u00e9bastien - Donostia, au restaurant La Perla vous d\u00e9couvrez les meilleurs plats tout en profitant de la baie de La Concha","robots":{"index":"index","follow":"follow","max-snippet":"max-snippet:-1","max-image-preview":"max-image-preview:large","max-video-preview":"max-video-preview:-1"},"canonical":"https:\/\/la-perla.net\/fr\/gastronomie\/restaurant-la-perla\/","og_locale":"fr_FR","og_type":"article","og_title":"Restaurant La Perla, d\u00e9couvrez notre cart. Manger \u00e0 Donostia menus","og_description":"Pour manger \u00e0 Saint S\u00e9bastien - Donostia, au restaurant La Perla vous d\u00e9couvrez les meilleurs plats tout en profitant de la baie de La Concha","og_url":"https:\/\/la-perla.net\/fr\/gastronomie\/restaurant-la-perla\/","og_site_name":"Talasoterapia La Perla \u2022 San Sebasti\u00e1n - Donostia","article_publisher":"https:\/\/www.facebook.com\/laperladonosti\/","article_modified_time":"2025-11-17T10:31:55+00:00","og_image":[{"width":43,"height":38,"url":"https:\/\/la-perla.net\/wp-content\/uploads\/2020\/09\/carrito.jpg","type":"image\/jpeg"}],"twitter_card":"summary_large_image","twitter_site":"@LaPerlaDonosti","twitter_misc":{"Dur\u00e9e de lecture estim\u00e9e":"4 minutes"},"schema":{"@context":"https:\/\/schema.org","@graph":[{"@type":"WebPage","@id":"https:\/\/la-perla.net\/fr\/gastronomie\/restaurant-la-perla\/","url":"https:\/\/la-perla.net\/fr\/gastronomie\/restaurant-la-perla\/","name":"Restaurant La Perla, d\u00e9couvrez notre cart. Manger \u00e0 Donostia menus","isPartOf":{"@id":"https:\/\/la-perla.net\/#website"},"primaryImageOfPage":{"@id":"https:\/\/la-perla.net\/fr\/gastronomie\/restaurant-la-perla\/#primaryimage"},"image":{"@id":"https:\/\/la-perla.net\/fr\/gastronomie\/restaurant-la-perla\/#primaryimage"},"thumbnailUrl":"https:\/\/la-perla.net\/wp-content\/uploads\/2020\/09\/carrito.jpg","datePublished":"2019-11-28T16:09:45+00:00","dateModified":"2025-11-17T10:31:55+00:00","description":"Pour manger \u00e0 Saint S\u00e9bastien - Donostia, au restaurant La Perla vous d\u00e9couvrez les meilleurs plats tout en profitant de la baie de La Concha","breadcrumb":{"@id":"https:\/\/la-perla.net\/fr\/gastronomie\/restaurant-la-perla\/#breadcrumb"},"inLanguage":"fr-FR","potentialAction":[{"@type":"ReadAction","target":["https:\/\/la-perla.net\/fr\/gastronomie\/restaurant-la-perla\/"]}]},{"@type":"ImageObject","inLanguage":"fr-FR","@id":"https:\/\/la-perla.net\/fr\/gastronomie\/restaurant-la-perla\/#primaryimage","url":"https:\/\/la-perla.net\/wp-content\/uploads\/2020\/09\/carrito.jpg","contentUrl":"https:\/\/la-perla.net\/wp-content\/uploads\/2020\/09\/carrito.jpg"},{"@type":"BreadcrumbList","@id":"https:\/\/la-perla.net\/fr\/gastronomie\/restaurant-la-perla\/#breadcrumb","itemListElement":[{"@type":"ListItem","position":1,"name":"Portada","item":"https:\/\/la-perla.net\/fr\/"},{"@type":"ListItem","position":2,"name":"Gastronomie","item":"https:\/\/la-perla.net\/fr\/gastronomie\/"},{"@type":"ListItem","position":3,"name":"Restaurant La Perla"}]},{"@type":"WebSite","@id":"https:\/\/la-perla.net\/#website","url":"https:\/\/la-perla.net\/","name":"Talasoterapia La Perla \u2022 San Sebasti\u00e1n - Donostia","description":"Talasoterapia en Guipuzcoa - Centro de salud, belleza y deporte","publisher":{"@id":"https:\/\/la-perla.net\/#organization"},"potentialAction":[{"@type":"SearchAction","target":{"@type":"EntryPoint","urlTemplate":"https:\/\/la-perla.net\/?s={search_term_string}"},"query-input":{"@type":"PropertyValueSpecification","valueRequired":true,"valueName":"search_term_string"}}],"inLanguage":"fr-FR"},{"@type":"Organization","@id":"https:\/\/la-perla.net\/#organization","name":"La Perla","url":"https:\/\/la-perla.net\/","logo":{"@type":"ImageObject","inLanguage":"fr-FR","@id":"https:\/\/la-perla.net\/#\/schema\/logo\/image\/","url":"https:\/\/la-perla.net\/wp-content\/uploads\/2020\/09\/talasoterapia-la-perla.png","contentUrl":"https:\/\/la-perla.net\/wp-content\/uploads\/2020\/09\/talasoterapia-la-perla.png","width":191,"height":51,"caption":"La Perla"},"image":{"@id":"https:\/\/la-perla.net\/#\/schema\/logo\/image\/"},"sameAs":["https:\/\/www.facebook.com\/laperladonosti\/","https:\/\/x.com\/LaPerlaDonosti","https:\/\/www.instagram.com\/laperladonosti\/?hl=es","https:\/\/www.youtube.com\/channel\/UChQhp12N7Lg6ZrOcmAJAy4g"]}]}},"_links":{"self":[{"href":"https:\/\/la-perla.net\/fr\/wp-json\/wp\/v2\/pages\/60164"}],"collection":[{"href":"https:\/\/la-perla.net\/fr\/wp-json\/wp\/v2\/pages"}],"about":[{"href":"https:\/\/la-perla.net\/fr\/wp-json\/wp\/v2\/types\/page"}],"author":[{"embeddable":true,"href":"https:\/\/la-perla.net\/fr\/wp-json\/wp\/v2\/users\/3"}],"replies":[{"embeddable":true,"href":"https:\/\/la-perla.net\/fr\/wp-json\/wp\/v2\/comments?post=60164"}],"version-history":[{"count":0,"href":"https:\/\/la-perla.net\/fr\/wp-json\/wp\/v2\/pages\/60164\/revisions"}],"up":[{"embeddable":true,"href":"https:\/\/la-perla.net\/fr\/wp-json\/wp\/v2\/pages\/96389"}],"wp:attachment":[{"href":"https:\/\/la-perla.net\/fr\/wp-json\/wp\/v2\/media?parent=60164"}],"curies":[{"name":"wp","href":"https:\/\/api.w.org\/{rel}","templated":true}]}}