{"id":60268,"date":"2020-01-07T14:12:14","date_gmt":"2020-01-07T13:12:14","guid":{"rendered":"https:\/\/laperla21.wpengine.com\/el-perlon\/"},"modified":"2025-10-20T12:59:17","modified_gmt":"2025-10-20T10:59:17","slug":"terrasse-igueldo","status":"publish","type":"page","link":"https:\/\/la-perla.net\/fr\/gastronomie\/terrasse-igueldo\/","title":{"rendered":"Terrasse Igueldo"},"content":{"rendered":"<h2 class=\"wp-block-heading\">Chill out pour les nuits d\u2019\u00e9t\u00e9<\/h2><p><strong>De la musique, des cocktails ou des boissons<\/strong> de grandes marques accompagn\u00e9s de diff\u00e9rentes mises en bouche au c\u0153ur de la baie de La Concha et <strong>face aux meilleurs couchers de soleil.<\/strong> Pour bien finir la journ\u00e9e ou commencer la soir\u00e9e. <\/p><h3 class=\"wp-block-heading\">Horaires<\/h3><p><strong>L&rsquo;ouverture juin\u00a02026<\/strong><\/p><style>.kt-tabs-id60268_e9aae7-25 > .kt-tabs-content-wrap > .wp-block-kadence-tab{border-top:4px solid #eeeeee;border-right:4px solid #eeeeee;border-bottom:4px solid #eeeeee;border-left:4px solid #eeeeee;border-top-left-radius:0px;border-top-right-radius:0px;border-bottom-right-radius:0px;border-bottom-left-radius:0px;padding-top:20px;padding-right:20px;padding-bottom:20px;padding-left:20px;min-height:400px;background:#ffffff;}.wp-block-kadence-tabs .kt-tabs-id60268_e9aae7-25 > .kt-tabs-title-list li{margin-top:0px;margin-right:-4px;margin-bottom:10px;margin-left:0px;}.wp-block-kadence-tabs .kt-tabs-id60268_e9aae7-25 > .kt-tabs-title-list li .kt-tab-title, .wp-block-kadence-tabs .kt-tabs-id60268_e9aae7-25 > .kt-tabs-content-wrap > .kt-tabs-accordion-title .kt-tab-title{line-height:1.4em;font-weight:regular;font-style:normal;border-top-width:4px;border-right-width:0px;border-bottom-width:4px;border-left-width:4px;border-top-left-radius:10px;border-top-right-radius:0px;border-bottom-right-radius:0px;border-bottom-left-radius:10px;padding-top:12px;padding-right:8px;padding-bottom:12px;padding-left:20px;border-color:#eeeeee;color:#444444;background:#eeeeee;}.wp-block-kadence-tabs .kt-tabs-id60268_e9aae7-25 > .kt-tabs-content-wrap > .kt-tabs-accordion-title .kt-tab-title{margin-top:0px;margin-right:-4px;margin-bottom:10px;margin-left:0px;}.wp-block-kadence-tabs .kt-tabs-id60268_e9aae7-25 > .kt-tabs-title-list li .kt-tab-title:hover, .wp-block-kadence-tabs .kt-tabs-id60268_e9aae7-25 > .kt-tabs-content-wrap > .kt-tabs-accordion-title .kt-tab-title:hover{border-color:#e9e9e9;color:#444444;background:#e9e9e9;}.wp-block-kadence-tabs .kt-tabs-id60268_e9aae7-25 > .kt-tabs-title-list li.kt-tab-title-active .kt-tab-title, .wp-block-kadence-tabs .kt-tabs-id60268_e9aae7-25 > .kt-tabs-content-wrap > .kt-tabs-accordion-title.kt-tab-title-active .kt-tab-title{border-color:#eeeeee;color:#444444;background:#ffffff;}@media all and (min-width: 1025px){.wp-block-kadence-tabs .kt-tabs-id60268_e9aae7-25{display:flex;}.wp-block-kadence-tabs .kt-tabs-id60268_e9aae7-25 > .kt-tabs-title-list{float:none;width:30%;}.wp-block-kadence-tabs .kt-tabs-id60268_e9aae7-25 > .kt-tabs-content-wrap{float:none;width:auto;-webkit-flex:1;flex:1;}}@media all and (max-width: 1024px){.kt-tabs-id60268_e9aae7-25 > .kt-tabs-content-wrap > .wp-block-kadence-tab{border-top:4px solid #eeeeee;border-right:4px solid #eeeeee;border-bottom:4px solid #eeeeee;border-left:4px solid #eeeeee;}}@media all and (min-width: 768px) and (max-width: 1024px){.wp-block-kadence-tabs .kt-tabs-id60268_e9aae7-25{display:flex;}.wp-block-kadence-tabs .kt-tabs-id60268_e9aae7-25 > .kt-tabs-title-list{float:none;width:30%;}.wp-block-kadence-tabs .kt-tabs-id60268_e9aae7-25 > .kt-tabs-content-wrap{float:none;width:auto;-webkit-flex:1;flex:1;}}@media all and (max-width: 767px){.kt-tabs-id60268_e9aae7-25 > .kt-tabs-content-wrap > .wp-block-kadence-tab{border-top:4px solid #eeeeee;border-right:4px solid #eeeeee;border-bottom:4px solid #eeeeee;border-left:4px solid #eeeeee;}}<\/style>\n<div class=\"wp-block-kadence-tabs alignnone\"><div class=\"kt-tabs-wrap kt-tabs-id60268_e9aae7-25 kt-tabs-has-9-tabs kt-active-tab-1 kt-tabs-layout-vtabs kt-tabs-tablet-layout-inherit kt-tabs-mobile-layout-accordion kt-tab-alignment-left kt-create-accordion\"><ul class=\"kt-tabs-title-list\"><li id=\"tab-apritifs\" class=\"kt-title-item kt-title-item-1 kt-tabs-svg-show-always kt-tabs-icon-side-right kt-tab-title-active\"><a href=\"#tab-apritifs\" data-tab=\"1\" class=\"kt-tab-title kt-tab-title-1 \"><span class=\"kt-title-text\">Ap\u00e9ritifs<\/span><\/a><\/li><li id=\"tab-cavasetchampagne\" class=\"kt-title-item kt-title-item-2 kt-tabs-svg-show-always kt-tabs-icon-side-right kt-tab-title-inactive\"><a href=\"#tab-cavasetchampagne\" data-tab=\"2\" class=\"kt-tab-title kt-tab-title-2 \"><span class=\"kt-title-text\">Cavas et Champagne <\/span><\/a><\/li><li id=\"tab-bires\" class=\"kt-title-item kt-title-item-3 kt-tabs-svg-show-always kt-tabs-icon-side-right kt-tab-title-inactive\"><a href=\"#tab-bires\" data-tab=\"3\" class=\"kt-tab-title kt-tab-title-3 \"><span class=\"kt-title-text\">Bi\u00e8res<\/span><\/a><\/li><li id=\"tab-cocktails\" class=\"kt-title-item kt-title-item-4 kt-tabs-svg-show-always kt-tabs-icon-side-right kt-tab-title-inactive\"><a href=\"#tab-cocktails\" data-tab=\"4\" class=\"kt-tab-title kt-tab-title-4 \"><span class=\"kt-title-text\">Cocktails<\/span><\/a><\/li><li id=\"tab-alcools\" class=\"kt-title-item kt-title-item-5 kt-tabs-svg-show-always kt-tabs-icon-side-right kt-tab-title-inactive\"><a href=\"#tab-alcools\" data-tab=\"5\" class=\"kt-tab-title kt-tab-title-5 \"><span class=\"kt-title-text\">Alcools<\/span><\/a><\/li><li id=\"tab-sodasetjusdefruits\" class=\"kt-title-item kt-title-item-6 kt-tabs-svg-show-always kt-tabs-icon-side-right kt-tab-title-inactive\"><a href=\"#tab-sodasetjusdefruits\" data-tab=\"6\" class=\"kt-tab-title kt-tab-title-6 \"><span class=\"kt-title-text\">Sodas et jus de fruits<\/span><\/a><\/li><li id=\"tab-sangria\" class=\"kt-title-item kt-title-item-7 kt-tabs-svg-show-always kt-tabs-icon-side-right kt-tab-title-inactive\"><a href=\"#tab-sangria\" data-tab=\"7\" class=\"kt-tab-title kt-tab-title-7 \"><span class=\"kt-title-text\">Sangria<\/span><\/a><\/li><li id=\"tab-vins\" class=\"kt-title-item kt-title-item-8 kt-tabs-svg-show-always kt-tabs-icon-side-right kt-tab-title-inactive\"><a href=\"#tab-vins\" data-tab=\"8\" class=\"kt-tab-title kt-tab-title-8 \"><span class=\"kt-title-text\">Vins<\/span><\/a><\/li><li id=\"tab-pourgrignoter\" class=\"kt-title-item kt-title-item-9 kt-tabs-svg-show-always kt-tabs-icon-side-right kt-tab-title-inactive\"><a href=\"#tab-pourgrignoter\" data-tab=\"9\" class=\"kt-tab-title kt-tab-title-9 \"><span class=\"kt-title-text\">Pour grignoter<\/span><\/a><\/li><\/ul><div class=\"kt-tabs-content-wrap\"><div class=\"wp-block-kadence-tab kt-tab-inner-content kt-inner-tab-1 kt-inner-tab60268_8163ae-c9\"><div class=\"kt-tab-inner-content-inner\"><h3 class=\"wp-block-heading\">Ap\u00e9ritifs<\/h3>\n\n<figure class=\"wp-block-table is-style-stripes\"><table><tbody><tr><td>Bitter Cinzano<\/td><td class=\"has-text-align-right\" data-align=\"right\">4,50 \u20ac<\/td><\/tr><tr><td>Campari<\/td><td class=\"has-text-align-right\" data-align=\"right\">5,00 \u20ac<\/td><\/tr><tr><td>Aperol Spritz<\/td><td class=\"has-text-align-right\" data-align=\"right\">9,50 \u20ac<\/td><\/tr><tr><td>St Germain<\/td><td class=\"has-text-align-right\" data-align=\"right\">9,50 \u20ac<\/td><\/tr><tr><td>Campari Spritz<\/td><td class=\"has-text-align-right\" data-align=\"right\">9,50 \u20ac<\/td><\/tr><\/tbody><\/table><\/figure><\/div><\/div>\n\n<div class=\"wp-block-kadence-tab kt-tab-inner-content kt-inner-tab-2 kt-inner-tab60268_462343-fd\"><div class=\"kt-tab-inner-content-inner\"><h2 class=\"wp-block-heading\">Cavas et Champagne<\/h2>\n\n<figure class=\"wp-block-table is-style-stripes\"><table><tbody><tr><td>Coupe Cava<\/td><td class=\"has-text-align-right\" data-align=\"right\">8,00 \u20ac<\/td><\/tr><tr><td>Coupe Champagne <\/td><td class=\"has-text-align-right\" data-align=\"right\">15,00 \u20ac<\/td><\/tr><\/tbody><\/table><\/figure><\/div><\/div>\n\n<div class=\"wp-block-kadence-tab kt-tab-inner-content kt-inner-tab-3 kt-inner-tab60268_838551-d3\"><div class=\"kt-tab-inner-content-inner\"><h2 class=\"wp-block-heading\">Bi\u00e8res<\/h2>\n\n<figure class=\"wp-block-table is-style-stripes\"><table><tbody><tr><td>Demi Heineken<\/td><td class=\"has-text-align-right\" data-align=\"right\">3,80 \u20ac<\/td><\/tr><tr><td>Pint Heineken<\/td><td class=\"has-text-align-right\" data-align=\"right\"> 5,50 \u20ac<\/td><\/tr><\/tbody><\/table><\/figure><\/div><\/div>\n\n<div class=\"wp-block-kadence-tab kt-tab-inner-content kt-inner-tab-4 kt-inner-tab60268_f2341d-74\"><div class=\"kt-tab-inner-content-inner\"><h3 class=\"wp-block-heading\">Cocktails<\/h3>\n\n<figure class=\"wp-block-table is-style-stripes\"><table><tbody><tr><td>Mojito sans alcool<\/td><td class=\"has-text-align-right\" data-align=\"right\">9,00 \u20ac<\/td><\/tr><tr><td>Mojito<\/td><td class=\"has-text-align-right\" data-align=\"right\">12,00 \u20ac<\/td><\/tr><tr><td>Mojito aux diff\u00e9rentes saveurs<\/td><td class=\"has-text-align-right\" data-align=\"right\">12,00 \u20ac<\/td><\/tr><tr><td>Caipirinha<\/td><td class=\"has-text-align-right\" data-align=\"right\">12,00 \u20ac<\/td><\/tr><tr><td>Espresso Martini<\/td><td class=\"has-text-align-right\" data-align=\"right\">11,00 \u20ac<\/td><\/tr><tr><td>Passion fruit Martini<\/td><td class=\"has-text-align-right\" data-align=\"right\">11,00 \u20ac<\/td><\/tr><tr><td>Bloody Mary<\/td><td class=\"has-text-align-right\" data-align=\"right\"><\/td><\/tr><\/tbody><\/table><\/figure><\/div><\/div>\n\n<div class=\"wp-block-kadence-tab kt-tab-inner-content kt-inner-tab-5 kt-inner-tab60268_ec2748-fc\"><div class=\"kt-tab-inner-content-inner\"><h3 class=\"wp-block-heading\">Alcools<\/h3>\n\n<p><strong>GIN<\/strong><\/p>\n\n<figure class=\"wp-block-table is-style-stripes\"><table><tbody><tr><td>Beefeater <\/td><td class=\"has-text-align-right\" data-align=\"right\">10,00 \u20ac<\/td><\/tr><tr><td>Gordon&rsquo;s <\/td><td class=\"has-text-align-right\" data-align=\"right\">10,00 \u20ac<\/td><\/tr><tr><td>Tanqueray <\/td><td class=\"has-text-align-right\" data-align=\"right\">10,00 \u20ac<\/td><\/tr><tr><td>Seagram&rsquo;s <\/td><td class=\"has-text-align-right\" data-align=\"right\">10,00 \u20ac<\/td><\/tr><tr><td>G\u2019vine <\/td><td class=\"has-text-align-right\" data-align=\"right\">13,00 \u20ac<\/td><\/tr><tr><td>Bulldog <\/td><td class=\"has-text-align-right\" data-align=\"right\">13,00 \u20ac<\/td><\/tr><tr><td>Tanqueray Ten <\/td><td class=\"has-text-align-right\" data-align=\"right\">13,00 \u20ac<\/td><\/tr><tr><td>Hendrick&rsquo;s<\/td><td class=\"has-text-align-right\" data-align=\"right\">13,00 \u20ac<\/td><\/tr><tr><td>Martin Miller\u2019s <\/td><td class=\"has-text-align-right\" data-align=\"right\">13,00 \u20ac<\/td><\/tr><\/tbody><\/table><\/figure>\n\n<p><strong>RHUM<\/strong><\/p>\n\n<figure class=\"wp-block-table is-style-stripes\"><table><tbody><tr><td>Barcel\u00f3 <\/td><td class=\"has-text-align-right\" data-align=\"right\">10,00 \u20ac<\/td><\/tr><tr><td>Brugal <\/td><td class=\"has-text-align-right\" data-align=\"right\">10,00 \u20ac<\/td><\/tr><tr><td>Cacique <\/td><td class=\"has-text-align-right\" data-align=\"right\">10,00 \u20ac<\/td><\/tr><tr><td>Bacardi <\/td><td class=\"has-text-align-right\" data-align=\"right\">10,00 \u20ac<\/td><\/tr><tr><td>Havana 7 <\/td><td class=\"has-text-align-right\" data-align=\"right\">13,50 \u20ac<\/td><\/tr><tr><td>Matusalem <\/td><td class=\"has-text-align-right\" data-align=\"right\">13,50 \u20ac<\/td><\/tr><tr><td>Zacapa 23<\/td><td class=\"has-text-align-right\" data-align=\"right\">18,00 \u20ac<\/td><\/tr><\/tbody><\/table><\/figure>\n\n<p><strong>VODKA<\/strong><\/p>\n\n<figure class=\"wp-block-table is-style-stripes\"><table><tbody><tr><td>Absolut <\/td><td class=\"has-text-align-right\" data-align=\"right\"> 10,00 \u20ac<\/td><\/tr><tr><td>Grey Goose <\/td><td class=\"has-text-align-right\" data-align=\"right\"> 13,50 \u20ac<\/td><\/tr><\/tbody><\/table><\/figure>\n\n<p><strong>WHISKY<\/strong><\/p>\n\n<figure class=\"wp-block-table is-style-stripes\"><table><tbody><tr><td>Ballantine&rsquo;s <\/td><td class=\"has-text-align-right\" data-align=\"right\">  10,00 \u20ac<\/td><\/tr><tr><td>J&amp;B <\/td><td class=\"has-text-align-right\" data-align=\"right\"> 10,00 \u20ac<\/td><\/tr><tr><td>Johnnie Walker Rojo<\/td><td class=\"has-text-align-right\" data-align=\"right\">10,00 \u20ac<\/td><\/tr><tr><td>Jack Daniel&rsquo;s<\/td><td class=\"has-text-align-right\" data-align=\"right\">13,50 \u20ac<\/td><\/tr><tr><td>Johnnie Walker Negro<\/td><td class=\"has-text-align-right\" data-align=\"right\">13,50 \u20ac<\/td><\/tr><\/tbody><\/table><\/figure><\/div><\/div>\n\n<div class=\"wp-block-kadence-tab kt-tab-inner-content kt-inner-tab-6 kt-inner-tab60268_a67a4d-77\"><div class=\"kt-tab-inner-content-inner\"><h3 class=\"wp-block-heading\">Sodas et jus de fruits<\/h3>\n\n<figure class=\"wp-block-table is-style-stripes\"><table><tbody><tr><td>Coca Cola <\/td><td class=\"has-text-align-right\" data-align=\"right\">3,80 \u20ac<\/td><\/tr><tr><td>Fanta <\/td><td class=\"has-text-align-right\" data-align=\"right\">3,80 \u20ac<\/td><\/tr><tr><td>Sprite<\/td><td class=\"has-text-align-right\" data-align=\"right\">3,80 \u20ac<\/td><\/tr><tr><td>Aquarius <\/td><td class=\"has-text-align-right\" data-align=\"right\">  4,00 \u20ac<\/td><\/tr><tr><td>Nestea<\/td><td class=\"has-text-align-right\" data-align=\"right\">  4,00 \u20ac<\/td><\/tr><tr><td>Jus de fruits en bouteille<\/td><td class=\"has-text-align-right\" data-align=\"right\">3,80 \u20ac<\/td><\/tr><tr><td>Milk-shake au chocolat<\/td><td class=\"has-text-align-right\" data-align=\"right\">4,00 \u20ac<\/td><\/tr><tr><td>Eau Min\u00e9rale<\/td><td class=\"has-text-align-right\" data-align=\"right\">3,00 \u20ac<\/td><\/tr><tr><td>Eau Gazeuse Min\u00e9rale<\/td><td class=\"has-text-align-right\" data-align=\"right\">3,80 \u20ac<\/td><\/tr><\/tbody><\/table><\/figure>\n\n<p><\/p><\/div><\/div>\n\n<div class=\"wp-block-kadence-tab kt-tab-inner-content kt-inner-tab-8 kt-inner-tab60268_1afb5e-5e\"><div class=\"kt-tab-inner-content-inner\"><h3 class=\"wp-block-heading\">Vins au verre<\/h3>\n\n<figure class=\"wp-block-table is-style-stripes\"><table><tbody><tr><td>Vin rouge de l\u2019ann\u00e9e<\/td><td class=\"has-text-align-right\" data-align=\"right\"> 3,00 \u20ac<\/td><\/tr><tr><td>Vin rouge Crianza <\/td><td class=\"has-text-align-right\" data-align=\"right\">4,00 \u20ac<\/td><\/tr><tr><td>Vin blanc Verdejo <\/td><td class=\"has-text-align-right\" data-align=\"right\"> 3,50 \u20ac<\/td><\/tr><tr><td>Vin blanc Chardonnay <\/td><td class=\"has-text-align-right\" data-align=\"right\"> 4,00 \u20ac<\/td><\/tr><tr><td>Txakoli <\/td><td class=\"has-text-align-right\" data-align=\"right\"> 3,50 \u20ac<\/td><\/tr><tr><td>Vin ros\u00e9 Navarra <\/td><td class=\"has-text-align-right\" data-align=\"right\"> 3,00 \u20ac<\/td><\/tr><tr><td>Cresta Rosa <\/td><td class=\"has-text-align-right\" data-align=\"right\"> 3,00 \u20ac<\/td><\/tr><tr><td>Moscato <\/td><td class=\"has-text-align-right\" data-align=\"right\"> 4,00 \u20ac<\/td><\/tr><\/tbody><\/table><\/figure>\n\n<p><\/p><\/div><\/div>\n\n<div class=\"wp-block-kadence-tab kt-tab-inner-content kt-inner-tab-7 kt-inner-tab60268_6badcb-56\"><div class=\"kt-tab-inner-content-inner\"><h3 class=\"wp-block-heading\">Sangria<\/h3>\n\n<figure class=\"wp-block-table is-style-stripes\"><table><tbody><tr><td>Coupe de sangria<\/td><td class=\"has-text-align-right\" data-align=\"right\">6,00 \u20ac<\/td><\/tr><tr><td>Pichet de sangria <\/td><td class=\"has-text-align-right\" data-align=\"right\"> 19,00 \u20ac<\/td><\/tr><\/tbody><\/table><\/figure>\n\n<p><\/p><\/div><\/div>\n\n<div class=\"wp-block-kadence-tab kt-tab-inner-content kt-inner-tab-9 kt-inner-tab60268_55caad-78\"><div class=\"kt-tab-inner-content-inner\"><h3 class=\"wp-block-heading\">Pour grignoter<\/h3>\n\n<figure class=\"wp-block-table is-style-stripes\"><table><tbody><tr><td>Gilda<\/td><td class=\"has-text-align-right\" data-align=\"right\">3,00 \u20ac<\/td><\/tr><tr><td>Olives<\/td><td class=\"has-text-align-right\" data-align=\"right\">4,00 \u20ac<\/td><\/tr><tr><td>Petit sandwich baguette au jambon ib\u00e9rique<\/td><td class=\"has-text-align-right\" data-align=\"right\"> 3,60 \u20ac<\/td><\/tr><tr><td>Petite assiette d\u2019\u00e9paule ib\u00e9rique coup\u00e9e  <\/td><td class=\"has-text-align-right\" data-align=\"right\">19,00 \u20ac<\/td><\/tr><tr><td>Petite assiette de saucisson ib\u00e9rique de bellota<\/td><td class=\"has-text-align-right\" data-align=\"right\">14,00 \u20ac<\/td><\/tr><\/tbody><\/table><\/figure><\/div><\/div><\/div><\/div><\/div><p><\/p>","protected":false},"excerpt":{"rendered":"<p>Chill out pour les nuits d\u2019\u00e9t\u00e9 De la musique, des cocktails ou des boissons de grandes marques accompagn\u00e9s de diff\u00e9rentes mises en bouche au c\u0153ur de la baie de La Concha et face aux meilleurs couchers de soleil. Pour bien finir la journ\u00e9e ou commencer la soir\u00e9e. Horaires L&rsquo;ouverture juin\u00a02026<\/p>\n","protected":false},"author":5,"featured_media":0,"parent":96389,"menu_order":92,"comment_status":"closed","ping_status":"closed","template":"","meta":{"_genesis_hide_title":false,"_genesis_hide_breadcrumbs":false,"_genesis_hide_singular_image":false,"_genesis_hide_footer_widgets":false,"_genesis_custom_body_class":"","_genesis_custom_post_class":"","_genesis_layout":"","footnotes":""},"class_list":{"0":"post-60268","1":"page","2":"type-page","3":"status-publish","5":"entry"},"yoast_head":"<!-- This site is optimized with the Yoast SEO plugin v25.6 - https:\/\/yoast.com\/wordpress\/plugins\/seo\/ -->\n<title>Plans pour nuits d&#039;\u00e9t\u00e9 \u2022 Cocktails en Donosti \u2022 La Perla San Sebasti\u00e1n<\/title>\n<meta name=\"description\" content=\"Sortez prendre un verre \u00e0 Donosti et profitez de la meilleure ambiance sur la terrasse Igueldo de La Perla avec vue sur la baie... Trouve!\" \/>\n<meta name=\"robots\" content=\"index, follow, max-snippet:-1, max-image-preview:large, max-video-preview:-1\" \/>\n<link rel=\"canonical\" href=\"https:\/\/la-perla.net\/fr\/gastronomie\/terrasse-igueldo\/\" \/>\n<meta property=\"og:locale\" content=\"fr_FR\" \/>\n<meta property=\"og:type\" content=\"article\" \/>\n<meta property=\"og:title\" content=\"Plans pour nuits d&#039;\u00e9t\u00e9 \u2022 Cocktails en Donosti \u2022 La Perla San Sebasti\u00e1n\" \/>\n<meta property=\"og:description\" content=\"Sortez prendre un verre \u00e0 Donosti et profitez de la meilleure ambiance sur la terrasse Igueldo de La Perla avec vue sur la baie... Trouve!\" \/>\n<meta property=\"og:url\" content=\"https:\/\/la-perla.net\/fr\/gastronomie\/terrasse-igueldo\/\" \/>\n<meta property=\"og:site_name\" content=\"Talasoterapia La Perla \u2022 San Sebasti\u00e1n - Donostia\" \/>\n<meta property=\"article:publisher\" content=\"https:\/\/www.facebook.com\/laperladonosti\/\" \/>\n<meta property=\"article:modified_time\" content=\"2025-10-20T10:59:17+00:00\" \/>\n<meta name=\"twitter:card\" content=\"summary_large_image\" \/>\n<meta name=\"twitter:site\" content=\"@LaPerlaDonosti\" \/>\n<meta name=\"twitter:label1\" content=\"Dur\u00e9e de lecture estim\u00e9e\" \/>\n\t<meta name=\"twitter:data1\" content=\"2 minutes\" \/>\n<script type=\"application\/ld+json\" class=\"yoast-schema-graph\">{\"@context\":\"https:\/\/schema.org\",\"@graph\":[{\"@type\":\"WebPage\",\"@id\":\"https:\/\/la-perla.net\/fr\/gastronomie\/terrasse-igueldo\/\",\"url\":\"https:\/\/la-perla.net\/fr\/gastronomie\/terrasse-igueldo\/\",\"name\":\"Plans pour nuits d'\u00e9t\u00e9 \u2022 Cocktails en Donosti \u2022 La Perla San Sebasti\u00e1n\",\"isPartOf\":{\"@id\":\"https:\/\/la-perla.net\/#website\"},\"datePublished\":\"2020-01-07T13:12:14+00:00\",\"dateModified\":\"2025-10-20T10:59:17+00:00\",\"description\":\"Sortez prendre un verre \u00e0 Donosti et profitez de la meilleure ambiance sur la terrasse Igueldo de La Perla avec vue sur la baie... Trouve!\",\"breadcrumb\":{\"@id\":\"https:\/\/la-perla.net\/fr\/gastronomie\/terrasse-igueldo\/#breadcrumb\"},\"inLanguage\":\"fr-FR\",\"potentialAction\":[{\"@type\":\"ReadAction\",\"target\":[\"https:\/\/la-perla.net\/fr\/gastronomie\/terrasse-igueldo\/\"]}]},{\"@type\":\"BreadcrumbList\",\"@id\":\"https:\/\/la-perla.net\/fr\/gastronomie\/terrasse-igueldo\/#breadcrumb\",\"itemListElement\":[{\"@type\":\"ListItem\",\"position\":1,\"name\":\"Portada\",\"item\":\"https:\/\/la-perla.net\/fr\/\"},{\"@type\":\"ListItem\",\"position\":2,\"name\":\"Gastronomie\",\"item\":\"https:\/\/la-perla.net\/fr\/gastronomie\/\"},{\"@type\":\"ListItem\",\"position\":3,\"name\":\"Terrasse Igueldo\"}]},{\"@type\":\"WebSite\",\"@id\":\"https:\/\/la-perla.net\/#website\",\"url\":\"https:\/\/la-perla.net\/\",\"name\":\"Talasoterapia La Perla \u2022 San Sebasti\u00e1n - Donostia\",\"description\":\"Talasoterapia en Guipuzcoa - Centro de salud, belleza y deporte\",\"publisher\":{\"@id\":\"https:\/\/la-perla.net\/#organization\"},\"potentialAction\":[{\"@type\":\"SearchAction\",\"target\":{\"@type\":\"EntryPoint\",\"urlTemplate\":\"https:\/\/la-perla.net\/?s={search_term_string}\"},\"query-input\":{\"@type\":\"PropertyValueSpecification\",\"valueRequired\":true,\"valueName\":\"search_term_string\"}}],\"inLanguage\":\"fr-FR\"},{\"@type\":\"Organization\",\"@id\":\"https:\/\/la-perla.net\/#organization\",\"name\":\"La Perla\",\"url\":\"https:\/\/la-perla.net\/\",\"logo\":{\"@type\":\"ImageObject\",\"inLanguage\":\"fr-FR\",\"@id\":\"https:\/\/la-perla.net\/#\/schema\/logo\/image\/\",\"url\":\"https:\/\/la-perla.net\/wp-content\/uploads\/2020\/09\/talasoterapia-la-perla.png\",\"contentUrl\":\"https:\/\/la-perla.net\/wp-content\/uploads\/2020\/09\/talasoterapia-la-perla.png\",\"width\":191,\"height\":51,\"caption\":\"La Perla\"},\"image\":{\"@id\":\"https:\/\/la-perla.net\/#\/schema\/logo\/image\/\"},\"sameAs\":[\"https:\/\/www.facebook.com\/laperladonosti\/\",\"https:\/\/x.com\/LaPerlaDonosti\",\"https:\/\/www.instagram.com\/laperladonosti\/?hl=es\",\"https:\/\/www.youtube.com\/channel\/UChQhp12N7Lg6ZrOcmAJAy4g\"]}]}<\/script>\n<!-- \/ Yoast SEO plugin. -->","yoast_head_json":{"title":"Plans pour nuits d'\u00e9t\u00e9 \u2022 Cocktails en Donosti \u2022 La Perla San Sebasti\u00e1n","description":"Sortez prendre un verre \u00e0 Donosti et profitez de la meilleure ambiance sur la terrasse Igueldo de La Perla avec vue sur la baie... Trouve!","robots":{"index":"index","follow":"follow","max-snippet":"max-snippet:-1","max-image-preview":"max-image-preview:large","max-video-preview":"max-video-preview:-1"},"canonical":"https:\/\/la-perla.net\/fr\/gastronomie\/terrasse-igueldo\/","og_locale":"fr_FR","og_type":"article","og_title":"Plans pour nuits d'\u00e9t\u00e9 \u2022 Cocktails en Donosti \u2022 La Perla San Sebasti\u00e1n","og_description":"Sortez prendre un verre \u00e0 Donosti et profitez de la meilleure ambiance sur la terrasse Igueldo de La Perla avec vue sur la baie... Trouve!","og_url":"https:\/\/la-perla.net\/fr\/gastronomie\/terrasse-igueldo\/","og_site_name":"Talasoterapia La Perla \u2022 San Sebasti\u00e1n - Donostia","article_publisher":"https:\/\/www.facebook.com\/laperladonosti\/","article_modified_time":"2025-10-20T10:59:17+00:00","twitter_card":"summary_large_image","twitter_site":"@LaPerlaDonosti","twitter_misc":{"Dur\u00e9e de lecture estim\u00e9e":"2 minutes"},"schema":{"@context":"https:\/\/schema.org","@graph":[{"@type":"WebPage","@id":"https:\/\/la-perla.net\/fr\/gastronomie\/terrasse-igueldo\/","url":"https:\/\/la-perla.net\/fr\/gastronomie\/terrasse-igueldo\/","name":"Plans pour nuits d'\u00e9t\u00e9 \u2022 Cocktails en Donosti \u2022 La Perla San Sebasti\u00e1n","isPartOf":{"@id":"https:\/\/la-perla.net\/#website"},"datePublished":"2020-01-07T13:12:14+00:00","dateModified":"2025-10-20T10:59:17+00:00","description":"Sortez prendre un verre \u00e0 Donosti et profitez de la meilleure ambiance sur la terrasse Igueldo de La Perla avec vue sur la baie... Trouve!","breadcrumb":{"@id":"https:\/\/la-perla.net\/fr\/gastronomie\/terrasse-igueldo\/#breadcrumb"},"inLanguage":"fr-FR","potentialAction":[{"@type":"ReadAction","target":["https:\/\/la-perla.net\/fr\/gastronomie\/terrasse-igueldo\/"]}]},{"@type":"BreadcrumbList","@id":"https:\/\/la-perla.net\/fr\/gastronomie\/terrasse-igueldo\/#breadcrumb","itemListElement":[{"@type":"ListItem","position":1,"name":"Portada","item":"https:\/\/la-perla.net\/fr\/"},{"@type":"ListItem","position":2,"name":"Gastronomie","item":"https:\/\/la-perla.net\/fr\/gastronomie\/"},{"@type":"ListItem","position":3,"name":"Terrasse Igueldo"}]},{"@type":"WebSite","@id":"https:\/\/la-perla.net\/#website","url":"https:\/\/la-perla.net\/","name":"Talasoterapia La Perla \u2022 San Sebasti\u00e1n - Donostia","description":"Talasoterapia en Guipuzcoa - Centro de salud, belleza y deporte","publisher":{"@id":"https:\/\/la-perla.net\/#organization"},"potentialAction":[{"@type":"SearchAction","target":{"@type":"EntryPoint","urlTemplate":"https:\/\/la-perla.net\/?s={search_term_string}"},"query-input":{"@type":"PropertyValueSpecification","valueRequired":true,"valueName":"search_term_string"}}],"inLanguage":"fr-FR"},{"@type":"Organization","@id":"https:\/\/la-perla.net\/#organization","name":"La Perla","url":"https:\/\/la-perla.net\/","logo":{"@type":"ImageObject","inLanguage":"fr-FR","@id":"https:\/\/la-perla.net\/#\/schema\/logo\/image\/","url":"https:\/\/la-perla.net\/wp-content\/uploads\/2020\/09\/talasoterapia-la-perla.png","contentUrl":"https:\/\/la-perla.net\/wp-content\/uploads\/2020\/09\/talasoterapia-la-perla.png","width":191,"height":51,"caption":"La Perla"},"image":{"@id":"https:\/\/la-perla.net\/#\/schema\/logo\/image\/"},"sameAs":["https:\/\/www.facebook.com\/laperladonosti\/","https:\/\/x.com\/LaPerlaDonosti","https:\/\/www.instagram.com\/laperladonosti\/?hl=es","https:\/\/www.youtube.com\/channel\/UChQhp12N7Lg6ZrOcmAJAy4g"]}]}},"_links":{"self":[{"href":"https:\/\/la-perla.net\/fr\/wp-json\/wp\/v2\/pages\/60268"}],"collection":[{"href":"https:\/\/la-perla.net\/fr\/wp-json\/wp\/v2\/pages"}],"about":[{"href":"https:\/\/la-perla.net\/fr\/wp-json\/wp\/v2\/types\/page"}],"author":[{"embeddable":true,"href":"https:\/\/la-perla.net\/fr\/wp-json\/wp\/v2\/users\/5"}],"replies":[{"embeddable":true,"href":"https:\/\/la-perla.net\/fr\/wp-json\/wp\/v2\/comments?post=60268"}],"version-history":[{"count":0,"href":"https:\/\/la-perla.net\/fr\/wp-json\/wp\/v2\/pages\/60268\/revisions"}],"up":[{"embeddable":true,"href":"https:\/\/la-perla.net\/fr\/wp-json\/wp\/v2\/pages\/96389"}],"wp:attachment":[{"href":"https:\/\/la-perla.net\/fr\/wp-json\/wp\/v2\/media?parent=60268"}],"curies":[{"name":"wp","href":"https:\/\/api.w.org\/{rel}","templated":true}]}}