{"id":60294,"date":"2019-12-19T15:11:02","date_gmt":"2019-12-19T14:11:02","guid":{"rendered":"https:\/\/laperla21.wpengine.com\/haz-tu-reserva-para-el-restaurante-de-la-perla\/"},"modified":"2023-08-29T08:26:11","modified_gmt":"2023-08-29T06:26:11","slug":"faites-votre-reservation-restaurant","status":"publish","type":"page","link":"https:\/\/la-perla.net\/fr\/gastronomie\/faites-votre-reservation-restaurant\/","title":{"rendered":"Faites votre r\u00e9servation"},"content":{"rendered":"<p>L\u2019emplacement privil\u00e9gi\u00e9 de La Perla au c\u0153ur d\u2019une ville c\u00e9l\u00e8bre dans le monde entier pour sa gastronomie a fa\u00e7onn\u00e9 notre philosophie culinaire.         <\/p><h4 class=\"wp-block-heading\">Nous vous attendons !<\/h4><script type=\"text\/javascript\" src=\"https:\/\/www.covermanager.com\/js\/iframeResizer.min.js\"><\/script><iframe loading=\"lazy\" id=\"restaurante-laperla\" title=\"Reservas\" src=\"https:\/\/www.covermanager.com\/reservation\/module_restaurant\/restaurante-laperla\/french\" frameborder=\"0\" height=\"550\" width=\"100%\" onload=\"iFrameResize();\"><\/iframe>","protected":false},"excerpt":{"rendered":"<p>L\u2019emplacement privil\u00e9gi\u00e9 de La Perla au c\u0153ur d\u2019une ville c\u00e9l\u00e8bre dans le monde entier pour sa gastronomie a fa\u00e7onn\u00e9 notre philosophie culinaire. Nous vous attendons !<\/p>\n","protected":false},"author":5,"featured_media":0,"parent":96389,"menu_order":136,"comment_status":"closed","ping_status":"closed","template":"","meta":{"_genesis_hide_title":false,"_genesis_hide_breadcrumbs":false,"_genesis_hide_singular_image":false,"_genesis_hide_footer_widgets":false,"_genesis_custom_body_class":"","_genesis_custom_post_class":"","_genesis_layout":"","footnotes":""},"class_list":{"0":"post-60294","1":"page","2":"type-page","3":"status-publish","5":"entry"},"yoast_head":"<!-- This site is optimized with the Yoast SEO plugin v25.6 - https:\/\/yoast.com\/wordpress\/plugins\/seo\/ -->\n<title>Reservez en Restaurant La Perla \u2022 Donostia - San Sebasti\u00e1n<\/title>\n<meta name=\"description\" content=\"Si vous voulez faites votre r\u00e9servation au Restaurant La Perla Saint S\u00e9bastien, vouz pouvez faites votre r\u00e9servation sur notre site web. Reservez maintenant!\" \/>\n<meta name=\"robots\" content=\"index, follow, max-snippet:-1, max-image-preview:large, max-video-preview:-1\" \/>\n<link rel=\"canonical\" href=\"https:\/\/la-perla.net\/fr\/gastronomie\/faites-votre-reservation-restaurant\/\" \/>\n<meta property=\"og:locale\" content=\"fr_FR\" \/>\n<meta property=\"og:type\" content=\"article\" \/>\n<meta property=\"og:title\" content=\"Reservez en Restaurant La Perla \u2022 Donostia - San Sebasti\u00e1n\" \/>\n<meta property=\"og:description\" content=\"Si vous voulez faites votre r\u00e9servation au Restaurant La Perla Saint S\u00e9bastien, vouz pouvez faites votre r\u00e9servation sur notre site web. Reservez maintenant!\" \/>\n<meta property=\"og:url\" content=\"https:\/\/la-perla.net\/fr\/gastronomie\/faites-votre-reservation-restaurant\/\" \/>\n<meta property=\"og:site_name\" content=\"Talasoterapia La Perla \u2022 San Sebasti\u00e1n - Donostia\" \/>\n<meta property=\"article:publisher\" content=\"https:\/\/www.facebook.com\/laperladonosti\/\" \/>\n<meta property=\"article:modified_time\" content=\"2023-08-29T06:26:11+00:00\" \/>\n<meta name=\"twitter:card\" content=\"summary_large_image\" \/>\n<meta name=\"twitter:site\" content=\"@LaPerlaDonosti\" \/>\n<meta name=\"twitter:label1\" content=\"Dur\u00e9e de lecture estim\u00e9e\" \/>\n\t<meta name=\"twitter:data1\" content=\"1 minute\" \/>\n<script type=\"application\/ld+json\" class=\"yoast-schema-graph\">{\"@context\":\"https:\/\/schema.org\",\"@graph\":[{\"@type\":\"WebPage\",\"@id\":\"https:\/\/la-perla.net\/fr\/gastronomie\/faites-votre-reservation-restaurant\/\",\"url\":\"https:\/\/la-perla.net\/fr\/gastronomie\/faites-votre-reservation-restaurant\/\",\"name\":\"Reservez en Restaurant La Perla \u2022 Donostia - San Sebasti\u00e1n\",\"isPartOf\":{\"@id\":\"https:\/\/la-perla.net\/#website\"},\"datePublished\":\"2019-12-19T14:11:02+00:00\",\"dateModified\":\"2023-08-29T06:26:11+00:00\",\"description\":\"Si vous voulez faites votre r\u00e9servation au Restaurant La Perla Saint S\u00e9bastien, vouz pouvez faites votre r\u00e9servation sur notre site web. Reservez maintenant!\",\"breadcrumb\":{\"@id\":\"https:\/\/la-perla.net\/fr\/gastronomie\/faites-votre-reservation-restaurant\/#breadcrumb\"},\"inLanguage\":\"fr-FR\",\"potentialAction\":[{\"@type\":\"ReadAction\",\"target\":[\"https:\/\/la-perla.net\/fr\/gastronomie\/faites-votre-reservation-restaurant\/\"]}]},{\"@type\":\"BreadcrumbList\",\"@id\":\"https:\/\/la-perla.net\/fr\/gastronomie\/faites-votre-reservation-restaurant\/#breadcrumb\",\"itemListElement\":[{\"@type\":\"ListItem\",\"position\":1,\"name\":\"Portada\",\"item\":\"https:\/\/la-perla.net\/fr\/\"},{\"@type\":\"ListItem\",\"position\":2,\"name\":\"Gastronomie\",\"item\":\"https:\/\/la-perla.net\/fr\/gastronomie\/\"},{\"@type\":\"ListItem\",\"position\":3,\"name\":\"Faites votre r\u00e9servation\"}]},{\"@type\":\"WebSite\",\"@id\":\"https:\/\/la-perla.net\/#website\",\"url\":\"https:\/\/la-perla.net\/\",\"name\":\"Talasoterapia La Perla \u2022 San Sebasti\u00e1n - Donostia\",\"description\":\"Talasoterapia en Guipuzcoa - Centro de salud, belleza y deporte\",\"publisher\":{\"@id\":\"https:\/\/la-perla.net\/#organization\"},\"potentialAction\":[{\"@type\":\"SearchAction\",\"target\":{\"@type\":\"EntryPoint\",\"urlTemplate\":\"https:\/\/la-perla.net\/?s={search_term_string}\"},\"query-input\":{\"@type\":\"PropertyValueSpecification\",\"valueRequired\":true,\"valueName\":\"search_term_string\"}}],\"inLanguage\":\"fr-FR\"},{\"@type\":\"Organization\",\"@id\":\"https:\/\/la-perla.net\/#organization\",\"name\":\"La Perla\",\"url\":\"https:\/\/la-perla.net\/\",\"logo\":{\"@type\":\"ImageObject\",\"inLanguage\":\"fr-FR\",\"@id\":\"https:\/\/la-perla.net\/#\/schema\/logo\/image\/\",\"url\":\"https:\/\/la-perla.net\/wp-content\/uploads\/2020\/09\/talasoterapia-la-perla.png\",\"contentUrl\":\"https:\/\/la-perla.net\/wp-content\/uploads\/2020\/09\/talasoterapia-la-perla.png\",\"width\":191,\"height\":51,\"caption\":\"La Perla\"},\"image\":{\"@id\":\"https:\/\/la-perla.net\/#\/schema\/logo\/image\/\"},\"sameAs\":[\"https:\/\/www.facebook.com\/laperladonosti\/\",\"https:\/\/x.com\/LaPerlaDonosti\",\"https:\/\/www.instagram.com\/laperladonosti\/?hl=es\",\"https:\/\/www.youtube.com\/channel\/UChQhp12N7Lg6ZrOcmAJAy4g\"]}]}<\/script>\n<!-- \/ Yoast SEO plugin. -->","yoast_head_json":{"title":"Reservez en Restaurant La Perla \u2022 Donostia - San Sebasti\u00e1n","description":"Si vous voulez faites votre r\u00e9servation au Restaurant La Perla Saint S\u00e9bastien, vouz pouvez faites votre r\u00e9servation sur notre site web. Reservez maintenant!","robots":{"index":"index","follow":"follow","max-snippet":"max-snippet:-1","max-image-preview":"max-image-preview:large","max-video-preview":"max-video-preview:-1"},"canonical":"https:\/\/la-perla.net\/fr\/gastronomie\/faites-votre-reservation-restaurant\/","og_locale":"fr_FR","og_type":"article","og_title":"Reservez en Restaurant La Perla \u2022 Donostia - San Sebasti\u00e1n","og_description":"Si vous voulez faites votre r\u00e9servation au Restaurant La Perla Saint S\u00e9bastien, vouz pouvez faites votre r\u00e9servation sur notre site web. Reservez maintenant!","og_url":"https:\/\/la-perla.net\/fr\/gastronomie\/faites-votre-reservation-restaurant\/","og_site_name":"Talasoterapia La Perla \u2022 San Sebasti\u00e1n - Donostia","article_publisher":"https:\/\/www.facebook.com\/laperladonosti\/","article_modified_time":"2023-08-29T06:26:11+00:00","twitter_card":"summary_large_image","twitter_site":"@LaPerlaDonosti","twitter_misc":{"Dur\u00e9e de lecture estim\u00e9e":"1 minute"},"schema":{"@context":"https:\/\/schema.org","@graph":[{"@type":"WebPage","@id":"https:\/\/la-perla.net\/fr\/gastronomie\/faites-votre-reservation-restaurant\/","url":"https:\/\/la-perla.net\/fr\/gastronomie\/faites-votre-reservation-restaurant\/","name":"Reservez en Restaurant La Perla \u2022 Donostia - San Sebasti\u00e1n","isPartOf":{"@id":"https:\/\/la-perla.net\/#website"},"datePublished":"2019-12-19T14:11:02+00:00","dateModified":"2023-08-29T06:26:11+00:00","description":"Si vous voulez faites votre r\u00e9servation au Restaurant La Perla Saint S\u00e9bastien, vouz pouvez faites votre r\u00e9servation sur notre site web. Reservez maintenant!","breadcrumb":{"@id":"https:\/\/la-perla.net\/fr\/gastronomie\/faites-votre-reservation-restaurant\/#breadcrumb"},"inLanguage":"fr-FR","potentialAction":[{"@type":"ReadAction","target":["https:\/\/la-perla.net\/fr\/gastronomie\/faites-votre-reservation-restaurant\/"]}]},{"@type":"BreadcrumbList","@id":"https:\/\/la-perla.net\/fr\/gastronomie\/faites-votre-reservation-restaurant\/#breadcrumb","itemListElement":[{"@type":"ListItem","position":1,"name":"Portada","item":"https:\/\/la-perla.net\/fr\/"},{"@type":"ListItem","position":2,"name":"Gastronomie","item":"https:\/\/la-perla.net\/fr\/gastronomie\/"},{"@type":"ListItem","position":3,"name":"Faites votre r\u00e9servation"}]},{"@type":"WebSite","@id":"https:\/\/la-perla.net\/#website","url":"https:\/\/la-perla.net\/","name":"Talasoterapia La Perla \u2022 San Sebasti\u00e1n - Donostia","description":"Talasoterapia en Guipuzcoa - Centro de salud, belleza y deporte","publisher":{"@id":"https:\/\/la-perla.net\/#organization"},"potentialAction":[{"@type":"SearchAction","target":{"@type":"EntryPoint","urlTemplate":"https:\/\/la-perla.net\/?s={search_term_string}"},"query-input":{"@type":"PropertyValueSpecification","valueRequired":true,"valueName":"search_term_string"}}],"inLanguage":"fr-FR"},{"@type":"Organization","@id":"https:\/\/la-perla.net\/#organization","name":"La Perla","url":"https:\/\/la-perla.net\/","logo":{"@type":"ImageObject","inLanguage":"fr-FR","@id":"https:\/\/la-perla.net\/#\/schema\/logo\/image\/","url":"https:\/\/la-perla.net\/wp-content\/uploads\/2020\/09\/talasoterapia-la-perla.png","contentUrl":"https:\/\/la-perla.net\/wp-content\/uploads\/2020\/09\/talasoterapia-la-perla.png","width":191,"height":51,"caption":"La Perla"},"image":{"@id":"https:\/\/la-perla.net\/#\/schema\/logo\/image\/"},"sameAs":["https:\/\/www.facebook.com\/laperladonosti\/","https:\/\/x.com\/LaPerlaDonosti","https:\/\/www.instagram.com\/laperladonosti\/?hl=es","https:\/\/www.youtube.com\/channel\/UChQhp12N7Lg6ZrOcmAJAy4g"]}]}},"_links":{"self":[{"href":"https:\/\/la-perla.net\/fr\/wp-json\/wp\/v2\/pages\/60294"}],"collection":[{"href":"https:\/\/la-perla.net\/fr\/wp-json\/wp\/v2\/pages"}],"about":[{"href":"https:\/\/la-perla.net\/fr\/wp-json\/wp\/v2\/types\/page"}],"author":[{"embeddable":true,"href":"https:\/\/la-perla.net\/fr\/wp-json\/wp\/v2\/users\/5"}],"replies":[{"embeddable":true,"href":"https:\/\/la-perla.net\/fr\/wp-json\/wp\/v2\/comments?post=60294"}],"version-history":[{"count":0,"href":"https:\/\/la-perla.net\/fr\/wp-json\/wp\/v2\/pages\/60294\/revisions"}],"up":[{"embeddable":true,"href":"https:\/\/la-perla.net\/fr\/wp-json\/wp\/v2\/pages\/96389"}],"wp:attachment":[{"href":"https:\/\/la-perla.net\/fr\/wp-json\/wp\/v2\/media?parent=60294"}],"curies":[{"name":"wp","href":"https:\/\/api.w.org\/{rel}","templated":true}]}}