{"id":60361,"date":"2020-04-14T10:44:13","date_gmt":"2020-04-14T08:44:13","guid":{"rendered":"https:\/\/laperla21.wpengine.com\/?page_id=60361"},"modified":"2023-04-17T12:20:20","modified_gmt":"2023-04-17T10:20:20","slug":"consultations-sante-et-beaute","status":"publish","type":"page","link":"https:\/\/la-perla.net\/fr\/consultations-sante-et-beaute\/","title":{"rendered":"Consultations Sant\u00e9 et Esth\u00e9tique"},"content":{"rendered":"<div class=\"wp-block-columns is-layout-flex wp-container-core-columns-is-layout-1 wp-block-columns-is-layout-flex\"><div class=\"wp-block-column is-layout-flow wp-block-column-is-layout-flow\" style=\"flex-basis:66.66%\"><figure class=\"wp-block-image size-large\"><img loading=\"lazy\" decoding=\"async\" width=\"590\" height=\"392\" src=\"https:\/\/la-perla.net\/wp-content\/uploads\/2022\/04\/01_consulta-salud-y-belleza.jpg\" alt=\"\" class=\"wp-image-87228\" srcset=\"https:\/\/la-perla.net\/wp-content\/uploads\/2022\/04\/01_consulta-salud-y-belleza.jpg 590w, https:\/\/la-perla.net\/wp-content\/uploads\/2022\/04\/01_consulta-salud-y-belleza-300x199.jpg 300w, https:\/\/la-perla.net\/wp-content\/uploads\/2022\/04\/01_consulta-salud-y-belleza-540x359.jpg 540w, https:\/\/la-perla.net\/wp-content\/uploads\/2022\/04\/01_consulta-salud-y-belleza-408x271.jpg 408w, https:\/\/la-perla.net\/wp-content\/uploads\/2022\/04\/01_consulta-salud-y-belleza-255x169.jpg 255w, https:\/\/la-perla.net\/wp-content\/uploads\/2022\/04\/01_consulta-salud-y-belleza-555x369.jpg 555w, https:\/\/la-perla.net\/wp-content\/uploads\/2022\/04\/01_consulta-salud-y-belleza-360x239.jpg 360w, https:\/\/la-perla.net\/wp-content\/uploads\/2022\/04\/01_consulta-salud-y-belleza-262x174.jpg 262w, https:\/\/la-perla.net\/wp-content\/uploads\/2022\/04\/01_consulta-salud-y-belleza-413x275.jpg 413w, https:\/\/la-perla.net\/wp-content\/uploads\/2022\/04\/01_consulta-salud-y-belleza-400x267.jpg 400w\" sizes=\"(max-width: 590px) 100vw, 590px\" \/><\/figure><\/div>\n\n<div class=\"wp-block-column is-layout-flow wp-block-column-is-layout-flow\" style=\"flex-basis:33.33%\"><h4 class=\"wp-block-heading\">Une \u00e9quipe experte de professionnels de la Sant\u00e9 et de la Beaut\u00e9<\/h4>\n\n<p>La Perla est un Centre M\u00e9dical autoris\u00e9 par le Service de la Sant\u00e9 du Gouvernement Basque, et compos\u00e9 de professionnels dipl\u00f4m\u00e9s. Il s\u2019agit d\u2019un centre interdisciplinaire qui pratique diff\u00e9rentes techniques (massages, ost\u00e9opathie, kin\u00e9sith\u00e9rapie ou r\u00e9\u00e9ducation en eau de mer) qui permettent une r\u00e9\u00e9ducation de meilleure qualit\u00e9 et plus rapide pour les programmes de sant\u00e9.<\/p>\n\n<p>Apr\u00e8s une 1ere consultation, et en fonction des besoins du client, on prescrit le soin le plus adapt\u00e9 \u00e0 chaque cas et on propose diff\u00e9rentes options de beaut\u00e9 parmi une s\u00e9lection minutieuse de soins pour le visage et le corps<\/p><\/div><\/div><div style=\"height:100px\" aria-hidden=\"true\" class=\"wp-block-spacer\"><\/div><style>.kt-tabs-id_7454c8-a9 > .kt-tabs-content-wrap > .wp-block-kadence-tab{border-top:4px solid #eeeeee;border-right:4px solid #eeeeee;border-bottom:4px solid #eeeeee;border-left:4px solid #eeeeee;border-top-left-radius:0px;border-top-right-radius:0px;border-bottom-right-radius:0px;border-bottom-left-radius:0px;padding-top:20px;padding-right:20px;padding-bottom:20px;padding-left:20px;min-height:400px;background:#ffffff;}.wp-block-kadence-tabs .kt-tabs-id_7454c8-a9 > .kt-tabs-title-list li{margin-top:0px;margin-right:-4px;margin-bottom:10px;margin-left:0px;}.wp-block-kadence-tabs .kt-tabs-id_7454c8-a9 > .kt-tabs-title-list li .kt-tab-title, .wp-block-kadence-tabs .kt-tabs-id_7454c8-a9 > .kt-tabs-content-wrap > .kt-tabs-accordion-title .kt-tab-title{line-height:1.4em;font-weight:regular;font-style:normal;border-top-width:4px;border-right-width:0px;border-bottom-width:4px;border-left-width:4px;border-top-left-radius:10px;border-top-right-radius:0px;border-bottom-right-radius:0px;border-bottom-left-radius:10px;padding-top:12px;padding-right:8px;padding-bottom:12px;padding-left:20px;border-color:#eeeeee;color:#444444;background:#eeeeee;}.wp-block-kadence-tabs .kt-tabs-id_7454c8-a9 > .kt-tabs-content-wrap > .kt-tabs-accordion-title .kt-tab-title{margin-top:0px;margin-right:-4px;margin-bottom:10px;margin-left:0px;}.wp-block-kadence-tabs .kt-tabs-id_7454c8-a9 > .kt-tabs-title-list li .kt-tab-title:hover, .wp-block-kadence-tabs .kt-tabs-id_7454c8-a9 > .kt-tabs-content-wrap > .kt-tabs-accordion-title .kt-tab-title:hover{border-color:#e9e9e9;color:#444444;background:#e9e9e9;}.wp-block-kadence-tabs .kt-tabs-id_7454c8-a9 > .kt-tabs-title-list li.kt-tab-title-active .kt-tab-title, .wp-block-kadence-tabs .kt-tabs-id_7454c8-a9 > .kt-tabs-content-wrap > .kt-tabs-accordion-title.kt-tab-title-active .kt-tab-title{border-color:#eeeeee;color:#444444;background:#ffffff;}@media all and (min-width: 1025px){.wp-block-kadence-tabs .kt-tabs-id_7454c8-a9{display:flex;}.wp-block-kadence-tabs .kt-tabs-id_7454c8-a9 > .kt-tabs-title-list{float:none;width:30%;}.wp-block-kadence-tabs .kt-tabs-id_7454c8-a9 > .kt-tabs-content-wrap{float:none;width:auto;-webkit-flex:1;flex:1;}}@media all and (max-width: 1024px){.kt-tabs-id_7454c8-a9 > .kt-tabs-content-wrap > .wp-block-kadence-tab{border-top:4px solid #eeeeee;border-right:4px solid #eeeeee;border-bottom:4px solid #eeeeee;border-left:4px solid #eeeeee;}}@media all and (min-width: 768px) and (max-width: 1024px){.wp-block-kadence-tabs .kt-tabs-id_7454c8-a9{display:flex;}.wp-block-kadence-tabs .kt-tabs-id_7454c8-a9 > .kt-tabs-title-list{float:none;width:30%;}.wp-block-kadence-tabs .kt-tabs-id_7454c8-a9 > .kt-tabs-content-wrap{float:none;width:auto;-webkit-flex:1;flex:1;}}@media all and (max-width: 767px){.kt-tabs-id_7454c8-a9 > .kt-tabs-content-wrap > .wp-block-kadence-tab{border-top:4px solid #eeeeee;border-right:4px solid #eeeeee;border-bottom:4px solid #eeeeee;border-left:4px solid #eeeeee;}}<\/style>\n<div class=\"wp-block-kadence-tabs alignnone\"><div class=\"kt-tabs-wrap kt-tabs-id_7454c8-a9 kt-tabs-has-2-tabs kt-active-tab-1 kt-tabs-layout-vtabs kt-tabs-tablet-layout-inherit kt-tabs-mobile-layout-accordion kt-tab-alignment-left kt-create-accordion\"><ul class=\"kt-tabs-title-list\"><li id=\"tab-consultationmdicale\" class=\"kt-title-item kt-title-item-1 kt-tabs-svg-show-always kt-tabs-icon-side-right kt-tab-title-active\"><a href=\"#tab-consultationmdicale\" data-tab=\"1\" class=\"kt-tab-title kt-tab-title-1 \"><span class=\"kt-title-text\">Consultation m\u00e9dicale<\/span><\/a><\/li><li id=\"tab-consultationesthtique\" class=\"kt-title-item kt-title-item-2 kt-tabs-svg-show-always kt-tabs-icon-side-right kt-tab-title-inactive\"><a href=\"#tab-consultationesthtique\" data-tab=\"2\" class=\"kt-tab-title kt-tab-title-2 \"><span class=\"kt-title-text\">Consultation esth\u00e9tique<\/span><\/a><\/li><\/ul><div class=\"kt-tabs-content-wrap\"><div class=\"wp-block-kadence-tab kt-tab-inner-content kt-inner-tab-1 kt-inner-tab_ba5259-a5\"><div class=\"kt-tab-inner-content-inner\"><h3 class=\"wp-block-heading\">Consultation m\u00e9dicale<\/h3>\n\n<p>\u00c9valuation clinique g\u00e9n\u00e9rale effectu\u00e9e par l\u2019\u00e9quipe m\u00e9dicale de La Perla afin de conseiller les techniques les plus b\u00e9n\u00e9fiques pour la sant\u00e9 et de prescrire un soin personnalis\u00e9. <\/p>\n\n<p class=\"has-text-align-center\" style=\"font-size:30px\"><strong><a href=\"https:\/\/la-perla.net\/fr\/produit\/consultation-medicale\/\">70,00\u20ac<\/a><\/strong><\/p><\/div><\/div>\n\n<div class=\"wp-block-kadence-tab kt-tab-inner-content kt-inner-tab-2 kt-inner-tab_a5bce6-ea\"><div class=\"kt-tab-inner-content-inner\"><h3 class=\"wp-block-heading\">Consultation esth\u00e9tique<\/h3>\n\n\n\n<p>La sp\u00e9cialiste en Sant\u00e9 et Beaut\u00e9 de La Perla r\u00e9alise un diagnostic et conseille sur les soins les plus adapt\u00e9s aux besoins de chaque personne.<\/p><\/div><\/div><\/div><\/div><\/div>","protected":false},"excerpt":{"rendered":"<p>Une \u00e9quipe experte de professionnels de la Sant\u00e9 et de la Beaut\u00e9 La Perla est un Centre M\u00e9dical autoris\u00e9 par le Service de la Sant\u00e9 du Gouvernement Basque, et compos\u00e9 de professionnels dipl\u00f4m\u00e9s. Il s\u2019agit d\u2019un centre interdisciplinaire qui pratique diff\u00e9rentes techniques (massages, ost\u00e9opathie, kin\u00e9sith\u00e9rapie ou r\u00e9\u00e9ducation en eau de mer) qui permettent une r\u00e9\u00e9ducation&hellip; <\/p>\n<div><a class=\"more-link\" href=\"https:\/\/la-perla.net\/fr\/consultations-sante-et-beaute\/\">Leer m\u00e1s \u2192<\/a><\/div>\n","protected":false},"author":5,"featured_media":0,"parent":0,"menu_order":81,"comment_status":"closed","ping_status":"closed","template":"","meta":{"_genesis_hide_title":false,"_genesis_hide_breadcrumbs":false,"_genesis_hide_singular_image":false,"_genesis_hide_footer_widgets":false,"_genesis_custom_body_class":"","_genesis_custom_post_class":"","_genesis_layout":"","footnotes":""},"class_list":{"0":"post-60361","1":"page","2":"type-page","3":"status-publish","5":"entry","6":"has-post-thumbnail"},"yoast_head":"<!-- This site is optimized with the Yoast SEO plugin v25.6 - https:\/\/yoast.com\/wordpress\/plugins\/seo\/ -->\n<title>Consultations Sant\u00e9 et beaut\u00e9 \u2022 Techniques d&#039;esth\u00e9tique et de sant\u00e9 \u2022 La Perla<\/title>\n<meta name=\"description\" content=\"Consultations de sant\u00e9 et de beaut\u00e9 au centre de La Perla. D\u00e9couvrez les techniques esth\u00e9tiques et sanitaires les plus appropri\u00e9es. D\u00e9couvrez maintenant!\" \/>\n<meta name=\"robots\" content=\"index, follow, max-snippet:-1, max-image-preview:large, max-video-preview:-1\" \/>\n<link rel=\"canonical\" href=\"https:\/\/la-perla.net\/fr\/consultations-sante-et-beaute\/\" \/>\n<meta property=\"og:locale\" content=\"fr_FR\" \/>\n<meta property=\"og:type\" content=\"article\" \/>\n<meta property=\"og:title\" content=\"Consultations Sant\u00e9 et beaut\u00e9 \u2022 Techniques d&#039;esth\u00e9tique et de sant\u00e9 \u2022 La Perla\" \/>\n<meta property=\"og:description\" content=\"Consultations de sant\u00e9 et de beaut\u00e9 au centre de La Perla. D\u00e9couvrez les techniques esth\u00e9tiques et sanitaires les plus appropri\u00e9es. D\u00e9couvrez maintenant!\" \/>\n<meta property=\"og:url\" content=\"https:\/\/la-perla.net\/fr\/consultations-sante-et-beaute\/\" \/>\n<meta property=\"og:site_name\" content=\"Talasoterapia La Perla \u2022 San Sebasti\u00e1n - Donostia\" \/>\n<meta property=\"article:publisher\" content=\"https:\/\/www.facebook.com\/laperladonosti\/\" \/>\n<meta property=\"article:modified_time\" content=\"2023-04-17T10:20:20+00:00\" \/>\n<meta property=\"og:image\" content=\"https:\/\/la-perla.net\/wp-content\/uploads\/2022\/04\/01_consulta-salud-y-belleza.jpg\" \/>\n<meta name=\"twitter:card\" content=\"summary_large_image\" \/>\n<meta name=\"twitter:site\" content=\"@LaPerlaDonosti\" \/>\n<meta name=\"twitter:label1\" content=\"Dur\u00e9e de lecture estim\u00e9e\" \/>\n\t<meta name=\"twitter:data1\" content=\"1 minute\" \/>\n<script type=\"application\/ld+json\" class=\"yoast-schema-graph\">{\"@context\":\"https:\/\/schema.org\",\"@graph\":[{\"@type\":\"WebPage\",\"@id\":\"https:\/\/la-perla.net\/fr\/consultations-sante-et-beaute\/\",\"url\":\"https:\/\/la-perla.net\/fr\/consultations-sante-et-beaute\/\",\"name\":\"Consultations Sant\u00e9 et beaut\u00e9 \u2022 Techniques d'esth\u00e9tique et de sant\u00e9 \u2022 La Perla\",\"isPartOf\":{\"@id\":\"https:\/\/la-perla.net\/#website\"},\"primaryImageOfPage\":{\"@id\":\"https:\/\/la-perla.net\/fr\/consultations-sante-et-beaute\/#primaryimage\"},\"image\":{\"@id\":\"https:\/\/la-perla.net\/fr\/consultations-sante-et-beaute\/#primaryimage\"},\"thumbnailUrl\":\"https:\/\/la-perla.net\/wp-content\/uploads\/2022\/04\/01_consulta-salud-y-belleza.jpg\",\"datePublished\":\"2020-04-14T08:44:13+00:00\",\"dateModified\":\"2023-04-17T10:20:20+00:00\",\"description\":\"Consultations de sant\u00e9 et de beaut\u00e9 au centre de La Perla. D\u00e9couvrez les techniques esth\u00e9tiques et sanitaires les plus appropri\u00e9es. D\u00e9couvrez maintenant!\",\"breadcrumb\":{\"@id\":\"https:\/\/la-perla.net\/fr\/consultations-sante-et-beaute\/#breadcrumb\"},\"inLanguage\":\"fr-FR\",\"potentialAction\":[{\"@type\":\"ReadAction\",\"target\":[\"https:\/\/la-perla.net\/fr\/consultations-sante-et-beaute\/\"]}]},{\"@type\":\"ImageObject\",\"inLanguage\":\"fr-FR\",\"@id\":\"https:\/\/la-perla.net\/fr\/consultations-sante-et-beaute\/#primaryimage\",\"url\":\"https:\/\/la-perla.net\/wp-content\/uploads\/2022\/04\/01_consulta-salud-y-belleza.jpg\",\"contentUrl\":\"https:\/\/la-perla.net\/wp-content\/uploads\/2022\/04\/01_consulta-salud-y-belleza.jpg\"},{\"@type\":\"BreadcrumbList\",\"@id\":\"https:\/\/la-perla.net\/fr\/consultations-sante-et-beaute\/#breadcrumb\",\"itemListElement\":[{\"@type\":\"ListItem\",\"position\":1,\"name\":\"Portada\",\"item\":\"https:\/\/la-perla.net\/fr\/\"},{\"@type\":\"ListItem\",\"position\":2,\"name\":\"Consultations Sant\u00e9 et Esth\u00e9tique\"}]},{\"@type\":\"WebSite\",\"@id\":\"https:\/\/la-perla.net\/#website\",\"url\":\"https:\/\/la-perla.net\/\",\"name\":\"Talasoterapia La Perla \u2022 San Sebasti\u00e1n - Donostia\",\"description\":\"Talasoterapia en Guipuzcoa - Centro de salud, belleza y deporte\",\"publisher\":{\"@id\":\"https:\/\/la-perla.net\/#organization\"},\"potentialAction\":[{\"@type\":\"SearchAction\",\"target\":{\"@type\":\"EntryPoint\",\"urlTemplate\":\"https:\/\/la-perla.net\/?s={search_term_string}\"},\"query-input\":{\"@type\":\"PropertyValueSpecification\",\"valueRequired\":true,\"valueName\":\"search_term_string\"}}],\"inLanguage\":\"fr-FR\"},{\"@type\":\"Organization\",\"@id\":\"https:\/\/la-perla.net\/#organization\",\"name\":\"La Perla\",\"url\":\"https:\/\/la-perla.net\/\",\"logo\":{\"@type\":\"ImageObject\",\"inLanguage\":\"fr-FR\",\"@id\":\"https:\/\/la-perla.net\/#\/schema\/logo\/image\/\",\"url\":\"https:\/\/la-perla.net\/wp-content\/uploads\/2020\/09\/talasoterapia-la-perla.png\",\"contentUrl\":\"https:\/\/la-perla.net\/wp-content\/uploads\/2020\/09\/talasoterapia-la-perla.png\",\"width\":191,\"height\":51,\"caption\":\"La Perla\"},\"image\":{\"@id\":\"https:\/\/la-perla.net\/#\/schema\/logo\/image\/\"},\"sameAs\":[\"https:\/\/www.facebook.com\/laperladonosti\/\",\"https:\/\/x.com\/LaPerlaDonosti\",\"https:\/\/www.instagram.com\/laperladonosti\/?hl=es\",\"https:\/\/www.youtube.com\/channel\/UChQhp12N7Lg6ZrOcmAJAy4g\"]}]}<\/script>\n<!-- \/ Yoast SEO plugin. -->","yoast_head_json":{"title":"Consultations Sant\u00e9 et beaut\u00e9 \u2022 Techniques d'esth\u00e9tique et de sant\u00e9 \u2022 La Perla","description":"Consultations de sant\u00e9 et de beaut\u00e9 au centre de La Perla. D\u00e9couvrez les techniques esth\u00e9tiques et sanitaires les plus appropri\u00e9es. D\u00e9couvrez maintenant!","robots":{"index":"index","follow":"follow","max-snippet":"max-snippet:-1","max-image-preview":"max-image-preview:large","max-video-preview":"max-video-preview:-1"},"canonical":"https:\/\/la-perla.net\/fr\/consultations-sante-et-beaute\/","og_locale":"fr_FR","og_type":"article","og_title":"Consultations Sant\u00e9 et beaut\u00e9 \u2022 Techniques d'esth\u00e9tique et de sant\u00e9 \u2022 La Perla","og_description":"Consultations de sant\u00e9 et de beaut\u00e9 au centre de La Perla. D\u00e9couvrez les techniques esth\u00e9tiques et sanitaires les plus appropri\u00e9es. D\u00e9couvrez maintenant!","og_url":"https:\/\/la-perla.net\/fr\/consultations-sante-et-beaute\/","og_site_name":"Talasoterapia La Perla \u2022 San Sebasti\u00e1n - Donostia","article_publisher":"https:\/\/www.facebook.com\/laperladonosti\/","article_modified_time":"2023-04-17T10:20:20+00:00","og_image":[{"url":"https:\/\/la-perla.net\/wp-content\/uploads\/2022\/04\/01_consulta-salud-y-belleza.jpg","type":"","width":"","height":""}],"twitter_card":"summary_large_image","twitter_site":"@LaPerlaDonosti","twitter_misc":{"Dur\u00e9e de lecture estim\u00e9e":"1 minute"},"schema":{"@context":"https:\/\/schema.org","@graph":[{"@type":"WebPage","@id":"https:\/\/la-perla.net\/fr\/consultations-sante-et-beaute\/","url":"https:\/\/la-perla.net\/fr\/consultations-sante-et-beaute\/","name":"Consultations Sant\u00e9 et beaut\u00e9 \u2022 Techniques d'esth\u00e9tique et de sant\u00e9 \u2022 La Perla","isPartOf":{"@id":"https:\/\/la-perla.net\/#website"},"primaryImageOfPage":{"@id":"https:\/\/la-perla.net\/fr\/consultations-sante-et-beaute\/#primaryimage"},"image":{"@id":"https:\/\/la-perla.net\/fr\/consultations-sante-et-beaute\/#primaryimage"},"thumbnailUrl":"https:\/\/la-perla.net\/wp-content\/uploads\/2022\/04\/01_consulta-salud-y-belleza.jpg","datePublished":"2020-04-14T08:44:13+00:00","dateModified":"2023-04-17T10:20:20+00:00","description":"Consultations de sant\u00e9 et de beaut\u00e9 au centre de La Perla. D\u00e9couvrez les techniques esth\u00e9tiques et sanitaires les plus appropri\u00e9es. D\u00e9couvrez maintenant!","breadcrumb":{"@id":"https:\/\/la-perla.net\/fr\/consultations-sante-et-beaute\/#breadcrumb"},"inLanguage":"fr-FR","potentialAction":[{"@type":"ReadAction","target":["https:\/\/la-perla.net\/fr\/consultations-sante-et-beaute\/"]}]},{"@type":"ImageObject","inLanguage":"fr-FR","@id":"https:\/\/la-perla.net\/fr\/consultations-sante-et-beaute\/#primaryimage","url":"https:\/\/la-perla.net\/wp-content\/uploads\/2022\/04\/01_consulta-salud-y-belleza.jpg","contentUrl":"https:\/\/la-perla.net\/wp-content\/uploads\/2022\/04\/01_consulta-salud-y-belleza.jpg"},{"@type":"BreadcrumbList","@id":"https:\/\/la-perla.net\/fr\/consultations-sante-et-beaute\/#breadcrumb","itemListElement":[{"@type":"ListItem","position":1,"name":"Portada","item":"https:\/\/la-perla.net\/fr\/"},{"@type":"ListItem","position":2,"name":"Consultations Sant\u00e9 et Esth\u00e9tique"}]},{"@type":"WebSite","@id":"https:\/\/la-perla.net\/#website","url":"https:\/\/la-perla.net\/","name":"Talasoterapia La Perla \u2022 San Sebasti\u00e1n - Donostia","description":"Talasoterapia en Guipuzcoa - Centro de salud, belleza y deporte","publisher":{"@id":"https:\/\/la-perla.net\/#organization"},"potentialAction":[{"@type":"SearchAction","target":{"@type":"EntryPoint","urlTemplate":"https:\/\/la-perla.net\/?s={search_term_string}"},"query-input":{"@type":"PropertyValueSpecification","valueRequired":true,"valueName":"search_term_string"}}],"inLanguage":"fr-FR"},{"@type":"Organization","@id":"https:\/\/la-perla.net\/#organization","name":"La Perla","url":"https:\/\/la-perla.net\/","logo":{"@type":"ImageObject","inLanguage":"fr-FR","@id":"https:\/\/la-perla.net\/#\/schema\/logo\/image\/","url":"https:\/\/la-perla.net\/wp-content\/uploads\/2020\/09\/talasoterapia-la-perla.png","contentUrl":"https:\/\/la-perla.net\/wp-content\/uploads\/2020\/09\/talasoterapia-la-perla.png","width":191,"height":51,"caption":"La Perla"},"image":{"@id":"https:\/\/la-perla.net\/#\/schema\/logo\/image\/"},"sameAs":["https:\/\/www.facebook.com\/laperladonosti\/","https:\/\/x.com\/LaPerlaDonosti","https:\/\/www.instagram.com\/laperladonosti\/?hl=es","https:\/\/www.youtube.com\/channel\/UChQhp12N7Lg6ZrOcmAJAy4g"]}]}},"_links":{"self":[{"href":"https:\/\/la-perla.net\/fr\/wp-json\/wp\/v2\/pages\/60361"}],"collection":[{"href":"https:\/\/la-perla.net\/fr\/wp-json\/wp\/v2\/pages"}],"about":[{"href":"https:\/\/la-perla.net\/fr\/wp-json\/wp\/v2\/types\/page"}],"author":[{"embeddable":true,"href":"https:\/\/la-perla.net\/fr\/wp-json\/wp\/v2\/users\/5"}],"replies":[{"embeddable":true,"href":"https:\/\/la-perla.net\/fr\/wp-json\/wp\/v2\/comments?post=60361"}],"version-history":[{"count":0,"href":"https:\/\/la-perla.net\/fr\/wp-json\/wp\/v2\/pages\/60361\/revisions"}],"wp:attachment":[{"href":"https:\/\/la-perla.net\/fr\/wp-json\/wp\/v2\/media?parent=60361"}],"curies":[{"name":"wp","href":"https:\/\/api.w.org\/{rel}","templated":true}]}}