{"id":96139,"date":"2022-11-30T10:15:21","date_gmt":"2022-11-30T09:15:21","guid":{"rendered":"https:\/\/la-perla.net\/accueil\/"},"modified":"2026-04-01T12:56:15","modified_gmt":"2026-04-01T10:56:15","slug":"accueil","status":"publish","type":"page","link":"https:\/\/la-perla.net\/fr\/","title":{"rendered":"ACCUEIL"},"content":{"rendered":"<h2 class=\"wp-block-heading\">Experiencias inigualables en Gipuzkoa: Circuito Spa, Tratamientos de salud y est\u00e9tica, Gastronom\u00eda y el mejor gimnasio en San Sebastian &#8211; Donostia <\/h2>","protected":false},"excerpt":{"rendered":"<p>Experiencias inigualables en Gipuzkoa: Circuito Spa, Tratamientos de salud y est\u00e9tica, Gastronom\u00eda y el mejor gimnasio en San Sebastian &#8211; Donostia<\/p>\n","protected":false},"author":3,"featured_media":0,"parent":0,"menu_order":221,"comment_status":"closed","ping_status":"closed","template":"template-section.php","meta":{"_genesis_hide_title":false,"_genesis_hide_breadcrumbs":false,"_genesis_hide_singular_image":false,"_genesis_hide_footer_widgets":false,"_genesis_custom_body_class":"","_genesis_custom_post_class":"","_genesis_layout":"","footnotes":""},"class_list":{"0":"post-96139","1":"page","2":"type-page","3":"status-publish","5":"entry","6":"has-post-thumbnail"},"yoast_head":"<!-- This site is optimized with the Yoast SEO plugin v25.6 - https:\/\/yoast.com\/wordpress\/plugins\/seo\/ -->\n<title>La Perla Thalassoth\u00e9rapie \u2022 Spa, Beaut\u00e9, Sport et Sant\u00e9<\/title>\n<meta name=\"description\" content=\"La Perla, Centre de Thalassoth\u00e9rapie, Circuit Spa, soins esth\u00e9tiques, physioth\u00e9rapie, r\u00e9\u00e9ducation et gym \u00e0 Saint S\u00e9bastien, Gipuzkoa\" \/>\n<meta name=\"robots\" content=\"index, follow, max-snippet:-1, max-image-preview:large, max-video-preview:-1\" \/>\n<link rel=\"canonical\" href=\"https:\/\/la-perla.net\/fr\/\" \/>\n<meta property=\"og:locale\" content=\"fr_FR\" \/>\n<meta property=\"og:type\" content=\"article\" \/>\n<meta property=\"og:title\" content=\"La Perla Thalassoth\u00e9rapie \u2022 Spa, Beaut\u00e9, Sport et Sant\u00e9\" \/>\n<meta property=\"og:description\" content=\"La Perla, Centre de Thalassoth\u00e9rapie, Circuit Spa, soins esth\u00e9tiques, physioth\u00e9rapie, r\u00e9\u00e9ducation et gym \u00e0 Saint S\u00e9bastien, Gipuzkoa\" \/>\n<meta property=\"og:url\" content=\"https:\/\/la-perla.net\/fr\/\" \/>\n<meta property=\"og:site_name\" content=\"Talasoterapia La Perla \u2022 San Sebasti\u00e1n - Donostia\" \/>\n<meta property=\"article:publisher\" content=\"https:\/\/www.facebook.com\/laperladonosti\/\" \/>\n<meta property=\"article:modified_time\" content=\"2026-04-01T10:56:15+00:00\" \/>\n<meta name=\"twitter:card\" content=\"summary_large_image\" \/>\n<meta name=\"twitter:site\" content=\"@LaPerlaDonosti\" \/>\n<meta name=\"twitter:label1\" content=\"Dur\u00e9e de lecture estim\u00e9e\" \/>\n\t<meta name=\"twitter:data1\" content=\"1 minute\" \/>\n<script type=\"application\/ld+json\" class=\"yoast-schema-graph\">{\"@context\":\"https:\/\/schema.org\",\"@graph\":[{\"@type\":\"WebPage\",\"@id\":\"https:\/\/la-perla.net\/fr\/\",\"url\":\"https:\/\/la-perla.net\/fr\/\",\"name\":\"La Perla Thalassoth\u00e9rapie \u2022 Spa, Beaut\u00e9, Sport et Sant\u00e9\",\"isPartOf\":{\"@id\":\"https:\/\/la-perla.net\/#website\"},\"datePublished\":\"2022-11-30T09:15:21+00:00\",\"dateModified\":\"2026-04-01T10:56:15+00:00\",\"description\":\"La Perla, Centre de Thalassoth\u00e9rapie, Circuit Spa, soins esth\u00e9tiques, physioth\u00e9rapie, r\u00e9\u00e9ducation et gym \u00e0 Saint S\u00e9bastien, Gipuzkoa\",\"breadcrumb\":{\"@id\":\"https:\/\/la-perla.net\/fr\/#breadcrumb\"},\"inLanguage\":\"fr-FR\",\"potentialAction\":[{\"@type\":\"ReadAction\",\"target\":[\"https:\/\/la-perla.net\/fr\/\"]}]},{\"@type\":\"BreadcrumbList\",\"@id\":\"https:\/\/la-perla.net\/fr\/#breadcrumb\",\"itemListElement\":[{\"@type\":\"ListItem\",\"position\":1,\"name\":\"Portada\",\"item\":\"https:\/\/la-perla.net\/fr\/\"},{\"@type\":\"ListItem\",\"position\":2,\"name\":\"ACCUEIL\"}]},{\"@type\":\"WebSite\",\"@id\":\"https:\/\/la-perla.net\/#website\",\"url\":\"https:\/\/la-perla.net\/\",\"name\":\"Talasoterapia La Perla \u2022 San Sebasti\u00e1n - Donostia\",\"description\":\"Talasoterapia en Guipuzcoa - Centro de salud, belleza y deporte\",\"publisher\":{\"@id\":\"https:\/\/la-perla.net\/#organization\"},\"potentialAction\":[{\"@type\":\"SearchAction\",\"target\":{\"@type\":\"EntryPoint\",\"urlTemplate\":\"https:\/\/la-perla.net\/?s={search_term_string}\"},\"query-input\":{\"@type\":\"PropertyValueSpecification\",\"valueRequired\":true,\"valueName\":\"search_term_string\"}}],\"inLanguage\":\"fr-FR\"},{\"@type\":\"Organization\",\"@id\":\"https:\/\/la-perla.net\/#organization\",\"name\":\"La Perla\",\"url\":\"https:\/\/la-perla.net\/\",\"logo\":{\"@type\":\"ImageObject\",\"inLanguage\":\"fr-FR\",\"@id\":\"https:\/\/la-perla.net\/#\/schema\/logo\/image\/\",\"url\":\"https:\/\/la-perla.net\/wp-content\/uploads\/2020\/09\/talasoterapia-la-perla.png\",\"contentUrl\":\"https:\/\/la-perla.net\/wp-content\/uploads\/2020\/09\/talasoterapia-la-perla.png\",\"width\":191,\"height\":51,\"caption\":\"La Perla\"},\"image\":{\"@id\":\"https:\/\/la-perla.net\/#\/schema\/logo\/image\/\"},\"sameAs\":[\"https:\/\/www.facebook.com\/laperladonosti\/\",\"https:\/\/x.com\/LaPerlaDonosti\",\"https:\/\/www.instagram.com\/laperladonosti\/?hl=es\",\"https:\/\/www.youtube.com\/channel\/UChQhp12N7Lg6ZrOcmAJAy4g\"]}]}<\/script>\n<!-- \/ Yoast SEO plugin. -->","yoast_head_json":{"title":"La Perla Thalassoth\u00e9rapie \u2022 Spa, Beaut\u00e9, Sport et Sant\u00e9","description":"La Perla, Centre de Thalassoth\u00e9rapie, Circuit Spa, soins esth\u00e9tiques, physioth\u00e9rapie, r\u00e9\u00e9ducation et gym \u00e0 Saint S\u00e9bastien, Gipuzkoa","robots":{"index":"index","follow":"follow","max-snippet":"max-snippet:-1","max-image-preview":"max-image-preview:large","max-video-preview":"max-video-preview:-1"},"canonical":"https:\/\/la-perla.net\/fr\/","og_locale":"fr_FR","og_type":"article","og_title":"La Perla Thalassoth\u00e9rapie \u2022 Spa, Beaut\u00e9, Sport et Sant\u00e9","og_description":"La Perla, Centre de Thalassoth\u00e9rapie, Circuit Spa, soins esth\u00e9tiques, physioth\u00e9rapie, r\u00e9\u00e9ducation et gym \u00e0 Saint S\u00e9bastien, Gipuzkoa","og_url":"https:\/\/la-perla.net\/fr\/","og_site_name":"Talasoterapia La Perla \u2022 San Sebasti\u00e1n - Donostia","article_publisher":"https:\/\/www.facebook.com\/laperladonosti\/","article_modified_time":"2026-04-01T10:56:15+00:00","twitter_card":"summary_large_image","twitter_site":"@LaPerlaDonosti","twitter_misc":{"Dur\u00e9e de lecture estim\u00e9e":"1 minute"},"schema":{"@context":"https:\/\/schema.org","@graph":[{"@type":"WebPage","@id":"https:\/\/la-perla.net\/fr\/","url":"https:\/\/la-perla.net\/fr\/","name":"La Perla Thalassoth\u00e9rapie \u2022 Spa, Beaut\u00e9, Sport et Sant\u00e9","isPartOf":{"@id":"https:\/\/la-perla.net\/#website"},"datePublished":"2022-11-30T09:15:21+00:00","dateModified":"2026-04-01T10:56:15+00:00","description":"La Perla, Centre de Thalassoth\u00e9rapie, Circuit Spa, soins esth\u00e9tiques, physioth\u00e9rapie, r\u00e9\u00e9ducation et gym \u00e0 Saint S\u00e9bastien, Gipuzkoa","breadcrumb":{"@id":"https:\/\/la-perla.net\/fr\/#breadcrumb"},"inLanguage":"fr-FR","potentialAction":[{"@type":"ReadAction","target":["https:\/\/la-perla.net\/fr\/"]}]},{"@type":"BreadcrumbList","@id":"https:\/\/la-perla.net\/fr\/#breadcrumb","itemListElement":[{"@type":"ListItem","position":1,"name":"Portada","item":"https:\/\/la-perla.net\/fr\/"},{"@type":"ListItem","position":2,"name":"ACCUEIL"}]},{"@type":"WebSite","@id":"https:\/\/la-perla.net\/#website","url":"https:\/\/la-perla.net\/","name":"Talasoterapia La Perla \u2022 San Sebasti\u00e1n - Donostia","description":"Talasoterapia en Guipuzcoa - Centro de salud, belleza y deporte","publisher":{"@id":"https:\/\/la-perla.net\/#organization"},"potentialAction":[{"@type":"SearchAction","target":{"@type":"EntryPoint","urlTemplate":"https:\/\/la-perla.net\/?s={search_term_string}"},"query-input":{"@type":"PropertyValueSpecification","valueRequired":true,"valueName":"search_term_string"}}],"inLanguage":"fr-FR"},{"@type":"Organization","@id":"https:\/\/la-perla.net\/#organization","name":"La Perla","url":"https:\/\/la-perla.net\/","logo":{"@type":"ImageObject","inLanguage":"fr-FR","@id":"https:\/\/la-perla.net\/#\/schema\/logo\/image\/","url":"https:\/\/la-perla.net\/wp-content\/uploads\/2020\/09\/talasoterapia-la-perla.png","contentUrl":"https:\/\/la-perla.net\/wp-content\/uploads\/2020\/09\/talasoterapia-la-perla.png","width":191,"height":51,"caption":"La Perla"},"image":{"@id":"https:\/\/la-perla.net\/#\/schema\/logo\/image\/"},"sameAs":["https:\/\/www.facebook.com\/laperladonosti\/","https:\/\/x.com\/LaPerlaDonosti","https:\/\/www.instagram.com\/laperladonosti\/?hl=es","https:\/\/www.youtube.com\/channel\/UChQhp12N7Lg6ZrOcmAJAy4g"]}]}},"_links":{"self":[{"href":"https:\/\/la-perla.net\/fr\/wp-json\/wp\/v2\/pages\/96139"}],"collection":[{"href":"https:\/\/la-perla.net\/fr\/wp-json\/wp\/v2\/pages"}],"about":[{"href":"https:\/\/la-perla.net\/fr\/wp-json\/wp\/v2\/types\/page"}],"author":[{"embeddable":true,"href":"https:\/\/la-perla.net\/fr\/wp-json\/wp\/v2\/users\/3"}],"replies":[{"embeddable":true,"href":"https:\/\/la-perla.net\/fr\/wp-json\/wp\/v2\/comments?post=96139"}],"version-history":[{"count":0,"href":"https:\/\/la-perla.net\/fr\/wp-json\/wp\/v2\/pages\/96139\/revisions"}],"wp:attachment":[{"href":"https:\/\/la-perla.net\/fr\/wp-json\/wp\/v2\/media?parent=96139"}],"curies":[{"name":"wp","href":"https:\/\/api.w.org\/{rel}","templated":true}]}}