{"id":96224,"date":"2022-12-01T13:20:41","date_gmt":"2022-12-01T12:20:41","guid":{"rendered":"https:\/\/la-perla.net\/thalassotherapie\/natation-pour-bebes-et-enfants\/"},"modified":"2024-05-21T12:43:44","modified_gmt":"2024-05-21T10:43:44","slug":"natation-pour-bebes-et-enfants","status":"publish","type":"page","link":"https:\/\/la-perla.net\/fr\/thalassotherapie\/natation-pour-bebes-et-enfants\/","title":{"rendered":"Natation pour b\u00e9b\u00e9s et enfants"},"content":{"rendered":"<div class=\"wp-block-columns is-layout-flex wp-container-core-columns-is-layout-1 wp-block-columns-is-layout-flex\"><div class=\"wp-block-column is-layout-flow wp-block-column-is-layout-flow\" style=\"flex-basis:66.66%\"><figure class=\"wp-block-image size-large\"><img loading=\"lazy\" decoding=\"async\" width=\"580\" height=\"662\" src=\"https:\/\/la-perla.net\/wp-content\/uploads\/2022\/04\/06_Natacion-para-ninos.jpg\" alt=\"\" class=\"wp-image-87150\" srcset=\"https:\/\/la-perla.net\/wp-content\/uploads\/2022\/04\/06_Natacion-para-ninos.jpg 580w, https:\/\/la-perla.net\/wp-content\/uploads\/2022\/04\/06_Natacion-para-ninos-263x300.jpg 263w, https:\/\/la-perla.net\/wp-content\/uploads\/2022\/04\/06_Natacion-para-ninos-540x616.jpg 540w, https:\/\/la-perla.net\/wp-content\/uploads\/2022\/04\/06_Natacion-para-ninos-408x466.jpg 408w, https:\/\/la-perla.net\/wp-content\/uploads\/2022\/04\/06_Natacion-para-ninos-255x291.jpg 255w, https:\/\/la-perla.net\/wp-content\/uploads\/2022\/04\/06_Natacion-para-ninos-555x633.jpg 555w, https:\/\/la-perla.net\/wp-content\/uploads\/2022\/04\/06_Natacion-para-ninos-360x411.jpg 360w, https:\/\/la-perla.net\/wp-content\/uploads\/2022\/04\/06_Natacion-para-ninos-262x299.jpg 262w\" sizes=\"(max-width: 580px) 100vw, 580px\" \/><\/figure><\/div>\n\n<div class=\"wp-block-column is-layout-flow wp-block-column-is-layout-flow\" style=\"flex-basis:33.33%\"><div style=\"height:100px\" aria-hidden=\"true\" class=\"wp-block-spacer\"><\/div>\n\n<h3 class=\"wp-block-heading\">B\u00e9n\u00e9fices de l\u2019eau de mer<\/h3>\n\n<p>Le niveau de flottaison de l\u2019eau de mer fait que l\u2019enfant se sente davantage en s\u00e9curit\u00e9, s\u2019amuse et apprenne plus vite.<br>En outre, cette activit\u00e9 pr\u00e9sente des propri\u00e9t\u00e9s antibiotiques et stimulantes du syst\u00e8me immunitaire.<br>Elle nourrit, remin\u00e9ralise et tonifie le corps.<br><\/p>\n\n<h2 class=\"wp-block-heading\">Pourquoi \u00e0 LA PERLA ?<\/h2>\n\n<p>\u2022 La s\u00e9curit\u00e9 et les b\u00e9n\u00e9fices de l\u2019eau de mer.<br>\r\n\u2022 La temp\u00e9rature de l\u2019eau est \u00e0 32 degr\u00e9s.<br>\r\n\u2022 Atmosph\u00e8re chaleureuse et accueillante.\r\n<\/p><\/div><\/div><div style=\"height:48px\" aria-hidden=\"true\" class=\"wp-block-spacer\"><\/div><style>.kt-tabs-id96224_606444-df > .kt-tabs-content-wrap > .wp-block-kadence-tab{border-top:4px solid #eeeeee;border-right:4px solid #eeeeee;border-bottom:4px solid #eeeeee;border-left:4px solid #eeeeee;border-top-left-radius:0px;border-top-right-radius:0px;border-bottom-right-radius:0px;border-bottom-left-radius:0px;padding-top:var(--global-kb-spacing-sm, 1.5rem);padding-right:var(--global-kb-spacing-sm, 1.5rem);padding-bottom:var(--global-kb-spacing-sm, 1.5rem);padding-left:var(--global-kb-spacing-sm, 1.5rem);min-height:400px;background:#ffffff;}.wp-block-kadence-tabs .kt-tabs-id96224_606444-df > .kt-tabs-title-list li{margin-top:0px;margin-right:-4px;margin-bottom:10px;margin-left:0px;}.wp-block-kadence-tabs .kt-tabs-id96224_606444-df > .kt-tabs-title-list li .kt-tab-title, .wp-block-kadence-tabs .kt-tabs-id96224_606444-df > .kt-tabs-content-wrap > .kt-tabs-accordion-title .kt-tab-title{line-height:1.4em;font-weight:regular;font-style:normal;border-top-width:4px;border-right-width:0px;border-bottom-width:4px;border-left-width:4px;border-top-left-radius:10px;border-top-right-radius:0px;border-bottom-right-radius:0px;border-bottom-left-radius:10px;padding-top:12px;padding-right:8px;padding-bottom:12px;padding-left:20px;border-color:#eeeeee;color:#444444;background:#eeeeee;}.wp-block-kadence-tabs .kt-tabs-id96224_606444-df > .kt-tabs-content-wrap > .kt-tabs-accordion-title .kt-tab-title{margin-top:0px;margin-right:-4px;margin-bottom:10px;margin-left:0px;}.wp-block-kadence-tabs .kt-tabs-id96224_606444-df > .kt-tabs-title-list li .kt-tab-title:hover, .wp-block-kadence-tabs .kt-tabs-id96224_606444-df > .kt-tabs-content-wrap > .kt-tabs-accordion-title .kt-tab-title:hover{border-color:#e9e9e9;color:#444444;background:#e9e9e9;}.wp-block-kadence-tabs .kt-tabs-id96224_606444-df > .kt-tabs-title-list li.kt-tab-title-active .kt-tab-title, .wp-block-kadence-tabs .kt-tabs-id96224_606444-df > .kt-tabs-content-wrap > .kt-tabs-accordion-title.kt-tab-title-active .kt-tab-title{border-color:#eeeeee;color:#444444;background:#ffffff;}@media all and (min-width: 1025px){.wp-block-kadence-tabs .kt-tabs-id96224_606444-df{display:flex;}.wp-block-kadence-tabs .kt-tabs-id96224_606444-df > .kt-tabs-title-list{float:none;width:30%;}.wp-block-kadence-tabs .kt-tabs-id96224_606444-df > .kt-tabs-content-wrap{float:none;width:auto;-webkit-flex:1;flex:1;}}@media all and (max-width: 1024px){.kt-tabs-id96224_606444-df > .kt-tabs-content-wrap > .wp-block-kadence-tab{border-top:4px solid #eeeeee;border-right:4px solid #eeeeee;border-bottom:4px solid #eeeeee;border-left:4px solid #eeeeee;}}@media all and (min-width: 768px) and (max-width: 1024px){.wp-block-kadence-tabs .kt-tabs-id96224_606444-df{display:flex;}.wp-block-kadence-tabs .kt-tabs-id96224_606444-df > .kt-tabs-title-list{float:none;width:30%;}.wp-block-kadence-tabs .kt-tabs-id96224_606444-df > .kt-tabs-content-wrap{float:none;width:auto;-webkit-flex:1;flex:1;}}@media all and (max-width: 767px){.kt-tabs-id96224_606444-df > .kt-tabs-content-wrap > .wp-block-kadence-tab{border-top:4px solid #eeeeee;border-right:4px solid #eeeeee;border-bottom:4px solid #eeeeee;border-left:4px solid #eeeeee;}}<\/style>\n<div class=\"wp-block-kadence-tabs alignnone\"><div class=\"kt-tabs-wrap kt-tabs-id96224_606444-df kt-tabs-has-3-tabs kt-active-tab-1 kt-tabs-layout-vtabs kt-tabs-tablet-layout-inherit kt-tabs-mobile-layout-accordion kt-tab-alignment-left kt-create-accordion\"><ul class=\"kt-tabs-title-list\"><li id=\"tab-objectifetbnficesdelactivit\" class=\"kt-title-item kt-title-item-1 kt-tabs-svg-show-always kt-tabs-icon-side-right kt-tab-title-active\"><a href=\"#tab-objectifetbnficesdelactivit\" data-tab=\"1\" class=\"kt-tab-title kt-tab-title-1 \"><span class=\"kt-title-text\">Objectif et b\u00e9n\u00e9fices de l\u2019activit\u00e9<\/span><\/a><\/li><li id=\"tab-installations\" class=\"kt-title-item kt-title-item-2 kt-tabs-svg-show-always kt-tabs-icon-side-right kt-tab-title-inactive\"><a href=\"#tab-installations\" data-tab=\"2\" class=\"kt-tab-title kt-tab-title-2 \"><span class=\"kt-title-text\">Installations<\/span><\/a><\/li><li id=\"tab-geshorairesetdure\" class=\"kt-title-item kt-title-item-3 kt-tabs-svg-show-always kt-tabs-icon-side-right kt-tab-title-inactive\"><a href=\"#tab-geshorairesetdure\" data-tab=\"3\" class=\"kt-tab-title kt-tab-title-3 \"><span class=\"kt-title-text\">\u00c2ges, horaires et dur\u00e9e<\/span><\/a><\/li><\/ul><div class=\"kt-tabs-content-wrap\"><div class=\"wp-block-kadence-tab kt-tab-inner-content kt-inner-tab-1 kt-inner-tab_6c213e-ba\"><div class=\"kt-tab-inner-content-inner\"><h3 class=\"wp-block-heading\">Objectif et b\u00e9n\u00e9fices de l\u2019activit\u00e9<\/h3>\n\n<p>Cr\u00e9er les bases pour parvenir \u00e0 une autonomie des b\u00e9b\u00e9s et des enfants dans l\u2019eau gr\u00e2ce \u00e0 la stimulation psychomotrice et \u00e0 la relaxation physique, afin d\u2019am\u00e9liorer les fonctions articulaires et musculaires. \r\nAvec notre m\u00e9thode, nous souhaitons pr\u00e9parer les enfants \u00e0 se d\u00e9fendre et \u00e0 profiter de l\u2019eau, afin de conforter les bases de l\u2019apprentissage de la natation \u00e0 l\u2019avenir.<br><br>\r\nNotre \u00e9quipe qualifi\u00e9e r\u00e9alise un suivi continu des activit\u00e9s et pr\u00e9pare des rapports personnalis\u00e9s.<\/p><\/div><\/div>\n\n<div class=\"wp-block-kadence-tab kt-tab-inner-content kt-inner-tab-2 kt-inner-tab_104281-09\"><div class=\"kt-tab-inner-content-inner\"><h3 class=\"wp-block-heading\">Installations<\/h3>\n\n<p>La piscine d\u2019eau de mer se trouve \u00e0 l\u2019int\u00e9rieur d\u2019un b\u00e2timent ind\u00e9pendant du Centre de Thalassoth\u00e9rapie, qui poss\u00e8de son propre acc\u00e8s direct depuis la promenade de La Concha. <\/p>\n\n<p>Salle d\u2019observation vaste et accueillante \u00e0 usage exclusif des accompagnateurs. <\/p><\/div><\/div>\n\n<div class=\"wp-block-kadence-tab kt-tab-inner-content kt-inner-tab-3 kt-inner-tab_c8f5b8-05\"><div class=\"kt-tab-inner-content-inner\"><h3 class=\"wp-block-heading\">Cours trimestriels :<\/h3>\n\n<ul class=\"wp-block-list\"><li>De 4 mois \u00e0 7 ans (groupes r\u00e9partis par niveaux et\/ou \u00e2ge). Pour d\u2019autres \u00e2ges, veuillez nous consulter.<\/li>\n\n<li>Du lundi au vendredi, le matin et l\u2019apr\u00e8s-midi. Le samedi et le dimanche, uniquement le matin.<\/li>\n\n<li>1 jour par semaine, des s\u00e9ances de 30 minutes.<\/li><\/ul>\n\n<h3 class=\"wp-block-heading\">Cours intensifs en \u00e9t\u00e9 (Juillet et Ao\u00fbt)<\/h3>\n\n<ul class=\"wp-block-list\"><li>De 4 \u00e0 36 mois. Abonnements hebdomadaires de 4 s\u00e9ances de 30 minutes.<\/li>\n\n<li>De 3 \u00e0 7 ans. Abonnements bihebdomadaires de 8 s\u00e9ances de 30 minutes.<\/li>\n\n<li>Du lundi au jeudi, le matin et l\u2019apr\u00e8s-midi.<\/li><\/ul>\n\n<h3 class=\"wp-block-heading\">Entrainement personnel<\/h3>\n\n<ul class=\"wp-block-list\"><li>Abonnement de 10 s\u00e9ances de 30 minutes.<\/li>\n\n<li>Consulter horaires.<\/li><\/ul><\/div><\/div><\/div><\/div><\/div><p><\/p>","protected":false},"excerpt":{"rendered":"<p>B\u00e9n\u00e9fices de l\u2019eau de mer Le niveau de flottaison de l\u2019eau de mer fait que l\u2019enfant se sente davantage en s\u00e9curit\u00e9, s\u2019amuse et apprenne plus vite.En outre, cette activit\u00e9 pr\u00e9sente des propri\u00e9t\u00e9s antibiotiques et stimulantes du syst\u00e8me immunitaire.Elle nourrit, remin\u00e9ralise et tonifie le corps. Pourquoi \u00e0 LA PERLA ? \u2022 La s\u00e9curit\u00e9 et les b\u00e9n\u00e9fices&hellip; <\/p>\n<div><a class=\"more-link\" href=\"https:\/\/la-perla.net\/fr\/thalassotherapie\/natation-pour-bebes-et-enfants\/\">Leer m\u00e1s \u2192<\/a><\/div>\n","protected":false},"author":5,"featured_media":0,"parent":96217,"menu_order":41,"comment_status":"closed","ping_status":"closed","template":"","meta":{"_genesis_hide_title":false,"_genesis_hide_breadcrumbs":false,"_genesis_hide_singular_image":false,"_genesis_hide_footer_widgets":false,"_genesis_custom_body_class":"","_genesis_custom_post_class":"","_genesis_layout":"","footnotes":""},"class_list":{"0":"post-96224","1":"page","2":"type-page","3":"status-publish","5":"entry","6":"has-post-thumbnail"},"yoast_head":"<!-- This site is optimized with the Yoast SEO plugin v25.6 - https:\/\/yoast.com\/wordpress\/plugins\/seo\/ -->\n<title>Natation pour b\u00e9b\u00e9s et enfants\u2022 Thalassoth\u00e9rapie La Perla<\/title>\n<meta name=\"description\" content=\"Cours de natation pour b\u00e9b\u00e9s et enfants \u00e0 La Perla. Votre enfant initiera le contact avec l&#039;eau dans un environnement s\u00fbr avec de grands avantages.\" \/>\n<meta name=\"robots\" content=\"index, follow, max-snippet:-1, max-image-preview:large, max-video-preview:-1\" \/>\n<link rel=\"canonical\" href=\"https:\/\/la-perla.net\/fr\/thalassotherapie\/natation-pour-bebes-et-enfants\/\" \/>\n<meta property=\"og:locale\" content=\"fr_FR\" \/>\n<meta property=\"og:type\" content=\"article\" \/>\n<meta property=\"og:title\" content=\"Natation pour b\u00e9b\u00e9s et enfants\u2022 Thalassoth\u00e9rapie La Perla\" \/>\n<meta property=\"og:description\" content=\"Cours de natation pour b\u00e9b\u00e9s et enfants \u00e0 La Perla. Votre enfant initiera le contact avec l&#039;eau dans un environnement s\u00fbr avec de grands avantages.\" \/>\n<meta property=\"og:url\" content=\"https:\/\/la-perla.net\/fr\/thalassotherapie\/natation-pour-bebes-et-enfants\/\" \/>\n<meta property=\"og:site_name\" content=\"Talasoterapia La Perla \u2022 San Sebasti\u00e1n - Donostia\" \/>\n<meta property=\"article:publisher\" content=\"https:\/\/www.facebook.com\/laperladonosti\/\" \/>\n<meta property=\"article:modified_time\" content=\"2024-05-21T10:43:44+00:00\" \/>\n<meta property=\"og:image\" content=\"https:\/\/la-perla.net\/wp-content\/uploads\/2022\/04\/06_Natacion-para-ninos.jpg\" \/>\n<meta name=\"twitter:card\" content=\"summary_large_image\" \/>\n<meta name=\"twitter:site\" content=\"@LaPerlaDonosti\" \/>\n<meta name=\"twitter:label1\" content=\"Dur\u00e9e de lecture estim\u00e9e\" \/>\n\t<meta name=\"twitter:data1\" content=\"2 minutes\" \/>\n<script type=\"application\/ld+json\" class=\"yoast-schema-graph\">{\"@context\":\"https:\/\/schema.org\",\"@graph\":[{\"@type\":\"WebPage\",\"@id\":\"https:\/\/la-perla.net\/fr\/thalassotherapie\/natation-pour-bebes-et-enfants\/\",\"url\":\"https:\/\/la-perla.net\/fr\/thalassotherapie\/natation-pour-bebes-et-enfants\/\",\"name\":\"Natation pour b\u00e9b\u00e9s et enfants\u2022 Thalassoth\u00e9rapie La Perla\",\"isPartOf\":{\"@id\":\"https:\/\/la-perla.net\/#website\"},\"primaryImageOfPage\":{\"@id\":\"https:\/\/la-perla.net\/fr\/thalassotherapie\/natation-pour-bebes-et-enfants\/#primaryimage\"},\"image\":{\"@id\":\"https:\/\/la-perla.net\/fr\/thalassotherapie\/natation-pour-bebes-et-enfants\/#primaryimage\"},\"thumbnailUrl\":\"https:\/\/la-perla.net\/wp-content\/uploads\/2022\/04\/06_Natacion-para-ninos.jpg\",\"datePublished\":\"2022-12-01T12:20:41+00:00\",\"dateModified\":\"2024-05-21T10:43:44+00:00\",\"description\":\"Cours de natation pour b\u00e9b\u00e9s et enfants \u00e0 La Perla. Votre enfant initiera le contact avec l'eau dans un environnement s\u00fbr avec de grands avantages.\",\"breadcrumb\":{\"@id\":\"https:\/\/la-perla.net\/fr\/thalassotherapie\/natation-pour-bebes-et-enfants\/#breadcrumb\"},\"inLanguage\":\"fr-FR\",\"potentialAction\":[{\"@type\":\"ReadAction\",\"target\":[\"https:\/\/la-perla.net\/fr\/thalassotherapie\/natation-pour-bebes-et-enfants\/\"]}]},{\"@type\":\"ImageObject\",\"inLanguage\":\"fr-FR\",\"@id\":\"https:\/\/la-perla.net\/fr\/thalassotherapie\/natation-pour-bebes-et-enfants\/#primaryimage\",\"url\":\"https:\/\/la-perla.net\/wp-content\/uploads\/2022\/04\/06_Natacion-para-ninos.jpg\",\"contentUrl\":\"https:\/\/la-perla.net\/wp-content\/uploads\/2022\/04\/06_Natacion-para-ninos.jpg\"},{\"@type\":\"BreadcrumbList\",\"@id\":\"https:\/\/la-perla.net\/fr\/thalassotherapie\/natation-pour-bebes-et-enfants\/#breadcrumb\",\"itemListElement\":[{\"@type\":\"ListItem\",\"position\":1,\"name\":\"Portada\",\"item\":\"https:\/\/la-perla.net\/fr\/\"},{\"@type\":\"ListItem\",\"position\":2,\"name\":\"Thalassoth\u00e9rapie\",\"item\":\"https:\/\/la-perla.net\/fr\/thalassotherapie\/\"},{\"@type\":\"ListItem\",\"position\":3,\"name\":\"Natation pour b\u00e9b\u00e9s et enfants\"}]},{\"@type\":\"WebSite\",\"@id\":\"https:\/\/la-perla.net\/#website\",\"url\":\"https:\/\/la-perla.net\/\",\"name\":\"Talasoterapia La Perla \u2022 San Sebasti\u00e1n - Donostia\",\"description\":\"Talasoterapia en Guipuzcoa - Centro de salud, belleza y deporte\",\"publisher\":{\"@id\":\"https:\/\/la-perla.net\/#organization\"},\"potentialAction\":[{\"@type\":\"SearchAction\",\"target\":{\"@type\":\"EntryPoint\",\"urlTemplate\":\"https:\/\/la-perla.net\/?s={search_term_string}\"},\"query-input\":{\"@type\":\"PropertyValueSpecification\",\"valueRequired\":true,\"valueName\":\"search_term_string\"}}],\"inLanguage\":\"fr-FR\"},{\"@type\":\"Organization\",\"@id\":\"https:\/\/la-perla.net\/#organization\",\"name\":\"La Perla\",\"url\":\"https:\/\/la-perla.net\/\",\"logo\":{\"@type\":\"ImageObject\",\"inLanguage\":\"fr-FR\",\"@id\":\"https:\/\/la-perla.net\/#\/schema\/logo\/image\/\",\"url\":\"https:\/\/la-perla.net\/wp-content\/uploads\/2020\/09\/talasoterapia-la-perla.png\",\"contentUrl\":\"https:\/\/la-perla.net\/wp-content\/uploads\/2020\/09\/talasoterapia-la-perla.png\",\"width\":191,\"height\":51,\"caption\":\"La Perla\"},\"image\":{\"@id\":\"https:\/\/la-perla.net\/#\/schema\/logo\/image\/\"},\"sameAs\":[\"https:\/\/www.facebook.com\/laperladonosti\/\",\"https:\/\/x.com\/LaPerlaDonosti\",\"https:\/\/www.instagram.com\/laperladonosti\/?hl=es\",\"https:\/\/www.youtube.com\/channel\/UChQhp12N7Lg6ZrOcmAJAy4g\"]}]}<\/script>\n<!-- \/ Yoast SEO plugin. -->","yoast_head_json":{"title":"Natation pour b\u00e9b\u00e9s et enfants\u2022 Thalassoth\u00e9rapie La Perla","description":"Cours de natation pour b\u00e9b\u00e9s et enfants \u00e0 La Perla. Votre enfant initiera le contact avec l'eau dans un environnement s\u00fbr avec de grands avantages.","robots":{"index":"index","follow":"follow","max-snippet":"max-snippet:-1","max-image-preview":"max-image-preview:large","max-video-preview":"max-video-preview:-1"},"canonical":"https:\/\/la-perla.net\/fr\/thalassotherapie\/natation-pour-bebes-et-enfants\/","og_locale":"fr_FR","og_type":"article","og_title":"Natation pour b\u00e9b\u00e9s et enfants\u2022 Thalassoth\u00e9rapie La Perla","og_description":"Cours de natation pour b\u00e9b\u00e9s et enfants \u00e0 La Perla. Votre enfant initiera le contact avec l'eau dans un environnement s\u00fbr avec de grands avantages.","og_url":"https:\/\/la-perla.net\/fr\/thalassotherapie\/natation-pour-bebes-et-enfants\/","og_site_name":"Talasoterapia La Perla \u2022 San Sebasti\u00e1n - Donostia","article_publisher":"https:\/\/www.facebook.com\/laperladonosti\/","article_modified_time":"2024-05-21T10:43:44+00:00","og_image":[{"url":"https:\/\/la-perla.net\/wp-content\/uploads\/2022\/04\/06_Natacion-para-ninos.jpg","type":"","width":"","height":""}],"twitter_card":"summary_large_image","twitter_site":"@LaPerlaDonosti","twitter_misc":{"Dur\u00e9e de lecture estim\u00e9e":"2 minutes"},"schema":{"@context":"https:\/\/schema.org","@graph":[{"@type":"WebPage","@id":"https:\/\/la-perla.net\/fr\/thalassotherapie\/natation-pour-bebes-et-enfants\/","url":"https:\/\/la-perla.net\/fr\/thalassotherapie\/natation-pour-bebes-et-enfants\/","name":"Natation pour b\u00e9b\u00e9s et enfants\u2022 Thalassoth\u00e9rapie La Perla","isPartOf":{"@id":"https:\/\/la-perla.net\/#website"},"primaryImageOfPage":{"@id":"https:\/\/la-perla.net\/fr\/thalassotherapie\/natation-pour-bebes-et-enfants\/#primaryimage"},"image":{"@id":"https:\/\/la-perla.net\/fr\/thalassotherapie\/natation-pour-bebes-et-enfants\/#primaryimage"},"thumbnailUrl":"https:\/\/la-perla.net\/wp-content\/uploads\/2022\/04\/06_Natacion-para-ninos.jpg","datePublished":"2022-12-01T12:20:41+00:00","dateModified":"2024-05-21T10:43:44+00:00","description":"Cours de natation pour b\u00e9b\u00e9s et enfants \u00e0 La Perla. Votre enfant initiera le contact avec l'eau dans un environnement s\u00fbr avec de grands avantages.","breadcrumb":{"@id":"https:\/\/la-perla.net\/fr\/thalassotherapie\/natation-pour-bebes-et-enfants\/#breadcrumb"},"inLanguage":"fr-FR","potentialAction":[{"@type":"ReadAction","target":["https:\/\/la-perla.net\/fr\/thalassotherapie\/natation-pour-bebes-et-enfants\/"]}]},{"@type":"ImageObject","inLanguage":"fr-FR","@id":"https:\/\/la-perla.net\/fr\/thalassotherapie\/natation-pour-bebes-et-enfants\/#primaryimage","url":"https:\/\/la-perla.net\/wp-content\/uploads\/2022\/04\/06_Natacion-para-ninos.jpg","contentUrl":"https:\/\/la-perla.net\/wp-content\/uploads\/2022\/04\/06_Natacion-para-ninos.jpg"},{"@type":"BreadcrumbList","@id":"https:\/\/la-perla.net\/fr\/thalassotherapie\/natation-pour-bebes-et-enfants\/#breadcrumb","itemListElement":[{"@type":"ListItem","position":1,"name":"Portada","item":"https:\/\/la-perla.net\/fr\/"},{"@type":"ListItem","position":2,"name":"Thalassoth\u00e9rapie","item":"https:\/\/la-perla.net\/fr\/thalassotherapie\/"},{"@type":"ListItem","position":3,"name":"Natation pour b\u00e9b\u00e9s et enfants"}]},{"@type":"WebSite","@id":"https:\/\/la-perla.net\/#website","url":"https:\/\/la-perla.net\/","name":"Talasoterapia La Perla \u2022 San Sebasti\u00e1n - Donostia","description":"Talasoterapia en Guipuzcoa - Centro de salud, belleza y deporte","publisher":{"@id":"https:\/\/la-perla.net\/#organization"},"potentialAction":[{"@type":"SearchAction","target":{"@type":"EntryPoint","urlTemplate":"https:\/\/la-perla.net\/?s={search_term_string}"},"query-input":{"@type":"PropertyValueSpecification","valueRequired":true,"valueName":"search_term_string"}}],"inLanguage":"fr-FR"},{"@type":"Organization","@id":"https:\/\/la-perla.net\/#organization","name":"La Perla","url":"https:\/\/la-perla.net\/","logo":{"@type":"ImageObject","inLanguage":"fr-FR","@id":"https:\/\/la-perla.net\/#\/schema\/logo\/image\/","url":"https:\/\/la-perla.net\/wp-content\/uploads\/2020\/09\/talasoterapia-la-perla.png","contentUrl":"https:\/\/la-perla.net\/wp-content\/uploads\/2020\/09\/talasoterapia-la-perla.png","width":191,"height":51,"caption":"La Perla"},"image":{"@id":"https:\/\/la-perla.net\/#\/schema\/logo\/image\/"},"sameAs":["https:\/\/www.facebook.com\/laperladonosti\/","https:\/\/x.com\/LaPerlaDonosti","https:\/\/www.instagram.com\/laperladonosti\/?hl=es","https:\/\/www.youtube.com\/channel\/UChQhp12N7Lg6ZrOcmAJAy4g"]}]}},"_links":{"self":[{"href":"https:\/\/la-perla.net\/fr\/wp-json\/wp\/v2\/pages\/96224"}],"collection":[{"href":"https:\/\/la-perla.net\/fr\/wp-json\/wp\/v2\/pages"}],"about":[{"href":"https:\/\/la-perla.net\/fr\/wp-json\/wp\/v2\/types\/page"}],"author":[{"embeddable":true,"href":"https:\/\/la-perla.net\/fr\/wp-json\/wp\/v2\/users\/5"}],"replies":[{"embeddable":true,"href":"https:\/\/la-perla.net\/fr\/wp-json\/wp\/v2\/comments?post=96224"}],"version-history":[{"count":0,"href":"https:\/\/la-perla.net\/fr\/wp-json\/wp\/v2\/pages\/96224\/revisions"}],"up":[{"embeddable":true,"href":"https:\/\/la-perla.net\/fr\/wp-json\/wp\/v2\/pages\/96217"}],"wp:attachment":[{"href":"https:\/\/la-perla.net\/fr\/wp-json\/wp\/v2\/media?parent=96224"}],"curies":[{"name":"wp","href":"https:\/\/api.w.org\/{rel}","templated":true}]}}