{"id":96225,"date":"2022-12-01T13:48:17","date_gmt":"2022-12-01T12:48:17","guid":{"rendered":"https:\/\/la-perla.net\/gymnase\/"},"modified":"2022-12-22T09:47:12","modified_gmt":"2022-12-22T08:47:12","slug":"gymnase","status":"publish","type":"page","link":"https:\/\/la-perla.net\/fr\/gymnase\/","title":{"rendered":"Gymnase"},"content":{"rendered":"","protected":false},"excerpt":{"rendered":"","protected":false},"author":5,"featured_media":0,"parent":0,"menu_order":126,"comment_status":"closed","ping_status":"closed","template":"template-section.php","meta":{"_genesis_hide_title":false,"_genesis_hide_breadcrumbs":false,"_genesis_hide_singular_image":false,"_genesis_hide_footer_widgets":false,"_genesis_custom_body_class":"","_genesis_custom_post_class":"","_genesis_layout":"","footnotes":""},"class_list":{"0":"post-96225","1":"page","2":"type-page","3":"status-publish","5":"entry","6":"has-post-thumbnail"},"yoast_head":"<!-- This site is optimized with the Yoast SEO plugin v25.6 - https:\/\/yoast.com\/wordpress\/plugins\/seo\/ -->\n<title>Gymnase La Perla Donosti \u2022 Avec des vues sur la plage<\/title>\n<meta name=\"description\" content=\"Le gymnase La Perla Donosti dispose de 14 cours dirig\u00e9s et de 15 entra\u00eeneurs professionnels. 363 jours de 7h \u00e0 22h Trouver!\" \/>\n<meta name=\"robots\" content=\"index, follow, max-snippet:-1, max-image-preview:large, max-video-preview:-1\" \/>\n<link rel=\"canonical\" href=\"https:\/\/la-perla.net\/fr\/gymnase\/\" \/>\n<meta property=\"og:locale\" content=\"fr_FR\" \/>\n<meta property=\"og:type\" content=\"article\" \/>\n<meta property=\"og:title\" content=\"Gymnase La Perla Donosti \u2022 Avec des vues sur la plage\" \/>\n<meta property=\"og:description\" content=\"Le gymnase La Perla Donosti dispose de 14 cours dirig\u00e9s et de 15 entra\u00eeneurs professionnels. 363 jours de 7h \u00e0 22h Trouver!\" \/>\n<meta property=\"og:url\" content=\"https:\/\/la-perla.net\/fr\/gymnase\/\" \/>\n<meta property=\"og:site_name\" content=\"Talasoterapia La Perla \u2022 San Sebasti\u00e1n - Donostia\" \/>\n<meta property=\"article:publisher\" content=\"https:\/\/www.facebook.com\/laperladonosti\/\" \/>\n<meta property=\"article:modified_time\" content=\"2022-12-22T08:47:12+00:00\" \/>\n<meta name=\"twitter:card\" content=\"summary_large_image\" \/>\n<meta name=\"twitter:site\" content=\"@LaPerlaDonosti\" \/>\n<script type=\"application\/ld+json\" class=\"yoast-schema-graph\">{\"@context\":\"https:\/\/schema.org\",\"@graph\":[{\"@type\":\"WebPage\",\"@id\":\"https:\/\/la-perla.net\/fr\/gymnase\/\",\"url\":\"https:\/\/la-perla.net\/fr\/gymnase\/\",\"name\":\"Gymnase La Perla Donosti \u2022 Avec des vues sur la plage\",\"isPartOf\":{\"@id\":\"https:\/\/la-perla.net\/#website\"},\"datePublished\":\"2022-12-01T12:48:17+00:00\",\"dateModified\":\"2022-12-22T08:47:12+00:00\",\"description\":\"Le gymnase La Perla Donosti dispose de 14 cours dirig\u00e9s et de 15 entra\u00eeneurs professionnels. 363 jours de 7h \u00e0 22h Trouver!\",\"breadcrumb\":{\"@id\":\"https:\/\/la-perla.net\/fr\/gymnase\/#breadcrumb\"},\"inLanguage\":\"fr-FR\",\"potentialAction\":[{\"@type\":\"ReadAction\",\"target\":[\"https:\/\/la-perla.net\/fr\/gymnase\/\"]}]},{\"@type\":\"BreadcrumbList\",\"@id\":\"https:\/\/la-perla.net\/fr\/gymnase\/#breadcrumb\",\"itemListElement\":[{\"@type\":\"ListItem\",\"position\":1,\"name\":\"Portada\",\"item\":\"https:\/\/la-perla.net\/fr\/\"},{\"@type\":\"ListItem\",\"position\":2,\"name\":\"Gymnase\"}]},{\"@type\":\"WebSite\",\"@id\":\"https:\/\/la-perla.net\/#website\",\"url\":\"https:\/\/la-perla.net\/\",\"name\":\"Talasoterapia La Perla \u2022 San Sebasti\u00e1n - Donostia\",\"description\":\"Talasoterapia en Guipuzcoa - Centro de salud, belleza y deporte\",\"publisher\":{\"@id\":\"https:\/\/la-perla.net\/#organization\"},\"potentialAction\":[{\"@type\":\"SearchAction\",\"target\":{\"@type\":\"EntryPoint\",\"urlTemplate\":\"https:\/\/la-perla.net\/?s={search_term_string}\"},\"query-input\":{\"@type\":\"PropertyValueSpecification\",\"valueRequired\":true,\"valueName\":\"search_term_string\"}}],\"inLanguage\":\"fr-FR\"},{\"@type\":\"Organization\",\"@id\":\"https:\/\/la-perla.net\/#organization\",\"name\":\"La Perla\",\"url\":\"https:\/\/la-perla.net\/\",\"logo\":{\"@type\":\"ImageObject\",\"inLanguage\":\"fr-FR\",\"@id\":\"https:\/\/la-perla.net\/#\/schema\/logo\/image\/\",\"url\":\"https:\/\/la-perla.net\/wp-content\/uploads\/2020\/09\/talasoterapia-la-perla.png\",\"contentUrl\":\"https:\/\/la-perla.net\/wp-content\/uploads\/2020\/09\/talasoterapia-la-perla.png\",\"width\":191,\"height\":51,\"caption\":\"La Perla\"},\"image\":{\"@id\":\"https:\/\/la-perla.net\/#\/schema\/logo\/image\/\"},\"sameAs\":[\"https:\/\/www.facebook.com\/laperladonosti\/\",\"https:\/\/x.com\/LaPerlaDonosti\",\"https:\/\/www.instagram.com\/laperladonosti\/?hl=es\",\"https:\/\/www.youtube.com\/channel\/UChQhp12N7Lg6ZrOcmAJAy4g\"]}]}<\/script>\n<!-- \/ Yoast SEO plugin. -->","yoast_head_json":{"title":"Gymnase La Perla Donosti \u2022 Avec des vues sur la plage","description":"Le gymnase La Perla Donosti dispose de 14 cours dirig\u00e9s et de 15 entra\u00eeneurs professionnels. 363 jours de 7h \u00e0 22h Trouver!","robots":{"index":"index","follow":"follow","max-snippet":"max-snippet:-1","max-image-preview":"max-image-preview:large","max-video-preview":"max-video-preview:-1"},"canonical":"https:\/\/la-perla.net\/fr\/gymnase\/","og_locale":"fr_FR","og_type":"article","og_title":"Gymnase La Perla Donosti \u2022 Avec des vues sur la plage","og_description":"Le gymnase La Perla Donosti dispose de 14 cours dirig\u00e9s et de 15 entra\u00eeneurs professionnels. 363 jours de 7h \u00e0 22h Trouver!","og_url":"https:\/\/la-perla.net\/fr\/gymnase\/","og_site_name":"Talasoterapia La Perla \u2022 San Sebasti\u00e1n - Donostia","article_publisher":"https:\/\/www.facebook.com\/laperladonosti\/","article_modified_time":"2022-12-22T08:47:12+00:00","twitter_card":"summary_large_image","twitter_site":"@LaPerlaDonosti","schema":{"@context":"https:\/\/schema.org","@graph":[{"@type":"WebPage","@id":"https:\/\/la-perla.net\/fr\/gymnase\/","url":"https:\/\/la-perla.net\/fr\/gymnase\/","name":"Gymnase La Perla Donosti \u2022 Avec des vues sur la plage","isPartOf":{"@id":"https:\/\/la-perla.net\/#website"},"datePublished":"2022-12-01T12:48:17+00:00","dateModified":"2022-12-22T08:47:12+00:00","description":"Le gymnase La Perla Donosti dispose de 14 cours dirig\u00e9s et de 15 entra\u00eeneurs professionnels. 363 jours de 7h \u00e0 22h Trouver!","breadcrumb":{"@id":"https:\/\/la-perla.net\/fr\/gymnase\/#breadcrumb"},"inLanguage":"fr-FR","potentialAction":[{"@type":"ReadAction","target":["https:\/\/la-perla.net\/fr\/gymnase\/"]}]},{"@type":"BreadcrumbList","@id":"https:\/\/la-perla.net\/fr\/gymnase\/#breadcrumb","itemListElement":[{"@type":"ListItem","position":1,"name":"Portada","item":"https:\/\/la-perla.net\/fr\/"},{"@type":"ListItem","position":2,"name":"Gymnase"}]},{"@type":"WebSite","@id":"https:\/\/la-perla.net\/#website","url":"https:\/\/la-perla.net\/","name":"Talasoterapia La Perla \u2022 San Sebasti\u00e1n - Donostia","description":"Talasoterapia en Guipuzcoa - Centro de salud, belleza y deporte","publisher":{"@id":"https:\/\/la-perla.net\/#organization"},"potentialAction":[{"@type":"SearchAction","target":{"@type":"EntryPoint","urlTemplate":"https:\/\/la-perla.net\/?s={search_term_string}"},"query-input":{"@type":"PropertyValueSpecification","valueRequired":true,"valueName":"search_term_string"}}],"inLanguage":"fr-FR"},{"@type":"Organization","@id":"https:\/\/la-perla.net\/#organization","name":"La Perla","url":"https:\/\/la-perla.net\/","logo":{"@type":"ImageObject","inLanguage":"fr-FR","@id":"https:\/\/la-perla.net\/#\/schema\/logo\/image\/","url":"https:\/\/la-perla.net\/wp-content\/uploads\/2020\/09\/talasoterapia-la-perla.png","contentUrl":"https:\/\/la-perla.net\/wp-content\/uploads\/2020\/09\/talasoterapia-la-perla.png","width":191,"height":51,"caption":"La Perla"},"image":{"@id":"https:\/\/la-perla.net\/#\/schema\/logo\/image\/"},"sameAs":["https:\/\/www.facebook.com\/laperladonosti\/","https:\/\/x.com\/LaPerlaDonosti","https:\/\/www.instagram.com\/laperladonosti\/?hl=es","https:\/\/www.youtube.com\/channel\/UChQhp12N7Lg6ZrOcmAJAy4g"]}]}},"_links":{"self":[{"href":"https:\/\/la-perla.net\/fr\/wp-json\/wp\/v2\/pages\/96225"}],"collection":[{"href":"https:\/\/la-perla.net\/fr\/wp-json\/wp\/v2\/pages"}],"about":[{"href":"https:\/\/la-perla.net\/fr\/wp-json\/wp\/v2\/types\/page"}],"author":[{"embeddable":true,"href":"https:\/\/la-perla.net\/fr\/wp-json\/wp\/v2\/users\/5"}],"replies":[{"embeddable":true,"href":"https:\/\/la-perla.net\/fr\/wp-json\/wp\/v2\/comments?post=96225"}],"version-history":[{"count":0,"href":"https:\/\/la-perla.net\/fr\/wp-json\/wp\/v2\/pages\/96225\/revisions"}],"wp:attachment":[{"href":"https:\/\/la-perla.net\/fr\/wp-json\/wp\/v2\/media?parent=96225"}],"curies":[{"name":"wp","href":"https:\/\/api.w.org\/{rel}","templated":true}]}}