{"id":96231,"date":"2022-12-01T14:02:59","date_gmt":"2022-12-01T13:02:59","guid":{"rendered":"https:\/\/la-perla.net\/gymnase\/horaires-du-gymnase\/"},"modified":"2023-05-30T10:13:28","modified_gmt":"2023-05-30T08:13:28","slug":"horaires-du-gymnase","status":"publish","type":"page","link":"https:\/\/la-perla.net\/fr\/gymnase\/horaires-du-gymnase\/","title":{"rendered":"Horaires du gymnase"},"content":{"rendered":"<div class=\"wp-block-columns is-layout-flex wp-container-core-columns-is-layout-1 wp-block-columns-is-layout-flex\"><div class=\"wp-block-column is-layout-flow wp-block-column-is-layout-flow\" style=\"flex-basis:66.66%\"><figure class=\"wp-block-image size-large\"><img loading=\"lazy\" decoding=\"async\" width=\"708\" height=\"474\" src=\"https:\/\/la-perla.net\/wp-content\/uploads\/2022\/04\/01_Horario-del-gym.jpg\" alt=\"\" class=\"wp-image-87220\" srcset=\"https:\/\/la-perla.net\/wp-content\/uploads\/2022\/04\/01_Horario-del-gym.jpg 708w, https:\/\/la-perla.net\/wp-content\/uploads\/2022\/04\/01_Horario-del-gym-300x201.jpg 300w, https:\/\/la-perla.net\/wp-content\/uploads\/2022\/04\/01_Horario-del-gym-540x362.jpg 540w, https:\/\/la-perla.net\/wp-content\/uploads\/2022\/04\/01_Horario-del-gym-408x273.jpg 408w, https:\/\/la-perla.net\/wp-content\/uploads\/2022\/04\/01_Horario-del-gym-255x171.jpg 255w, https:\/\/la-perla.net\/wp-content\/uploads\/2022\/04\/01_Horario-del-gym-555x372.jpg 555w, https:\/\/la-perla.net\/wp-content\/uploads\/2022\/04\/01_Horario-del-gym-360x241.jpg 360w, https:\/\/la-perla.net\/wp-content\/uploads\/2022\/04\/01_Horario-del-gym-262x175.jpg 262w, https:\/\/la-perla.net\/wp-content\/uploads\/2022\/04\/01_Horario-del-gym-400x267.jpg 400w, https:\/\/la-perla.net\/wp-content\/uploads\/2022\/04\/01_Horario-del-gym-600x402.jpg 600w\" sizes=\"(max-width: 708px) 100vw, 708px\" \/><\/figure><\/div>\n\n<div class=\"wp-block-column is-layout-flow wp-block-column-is-layout-flow\" style=\"flex-basis:33.33%\"><h3 class=\"wp-block-heading call-to-action\">Remise en forme, horaires et activit\u00e9s<\/h3>\n\n<p><\/p>\n\n<ul class=\"wp-block-list\"><li><strong>Du lundi au vendredi :<\/strong> de 7h30 \u00e0 21h30<\/li>\n\n<li><strong>Samedi et jours f\u00e9ri\u00e9s<\/strong> : de 8h30 \u00e0 21h30<\/li>\n\n<li><strong>Dimanche<\/strong> : de 8h30 \u00e0 20h30<\/li>\n\n<li>L\u2019entr\u00e9e aux Cours Anim\u00e9s et aux Salles de Fitness est libre<\/li>\n\n<li>Acc\u00e8s au Circuit de Thalassoth\u00e9rapie (consultez les options)<\/li><\/ul><\/div><\/div><div style=\"height:100px\" aria-hidden=\"true\" class=\"wp-block-spacer\"><\/div><h3 class=\"wp-block-heading has-text-align-center call-to-action\">Un gymnase avec sable et mer<\/h3><p class=\"has-text-align-center\">\u00c0 mar\u00e9e base, la plage de la Concha dispose de presque deux kilom\u00e8tres de sable pour pratiquer le running, le yoga et des sports \u00e0 l\u2019air libre, ou effectuer des \u00e9tirements. Apr\u00e8s l\u2019effort vient la thalassoth\u00e9rapie.<br>Consultez les prix de nos entr\u00e9es de jour.\n<\/p><div class=\"wp-block-buttons is-content-justification-center is-layout-flex wp-container-core-buttons-is-layout-1 wp-block-buttons-is-layout-flex\"><div class=\"wp-block-button\"><a class=\"wp-block-button__link has-text-color has-background wp-element-button\" href=\"https:\/\/la-perla.net\/fr\/sante-esthetique\/gymnase-san-sebastian\/tarifs-membres\/\" style=\"color:#f0ebeb;background-color:#065779\" rel=\"\/salud-estetica\/gimnasio-san-sebastian\/socios-gimnasio-donostia\/\">DEVENEZ MEMBRE<\/a><\/div><\/div><p><\/p>","protected":false},"excerpt":{"rendered":"<p>Remise en forme, horaires et activit\u00e9s Un gymnase avec sable et mer \u00c0 mar\u00e9e base, la plage de la Concha dispose de presque deux kilom\u00e8tres de sable pour pratiquer le running, le yoga et des sports \u00e0 l\u2019air libre, ou effectuer des \u00e9tirements. Apr\u00e8s l\u2019effort vient la thalassoth\u00e9rapie.Consultez les prix de nos entr\u00e9es de jour.<\/p>\n","protected":false},"author":5,"featured_media":0,"parent":96225,"menu_order":58,"comment_status":"closed","ping_status":"closed","template":"","meta":{"_genesis_hide_title":false,"_genesis_hide_breadcrumbs":false,"_genesis_hide_singular_image":false,"_genesis_hide_footer_widgets":false,"_genesis_custom_body_class":"","_genesis_custom_post_class":"","_genesis_layout":"","footnotes":""},"class_list":{"0":"post-96231","1":"page","2":"type-page","3":"status-publish","5":"entry","6":"has-post-thumbnail"},"yoast_head":"<!-- This site is optimized with the Yoast SEO plugin v25.6 - https:\/\/yoast.com\/wordpress\/plugins\/seo\/ -->\n<title>Horaire Gymnase La Perla \u2022 Donostia - Saint S\u00e9bastien<\/title>\n<meta name=\"description\" content=\"Horaire Gymnase La Perla: lundri au samedi de 7h30 \u00e0 21h30. Dimanches et jours f\u00e9ri\u00e9s de 8h \u00e0 22h. Trouver!\" \/>\n<meta name=\"robots\" content=\"index, follow, max-snippet:-1, max-image-preview:large, max-video-preview:-1\" \/>\n<link rel=\"canonical\" href=\"https:\/\/la-perla.net\/fr\/gymnase\/horaires-du-gymnase\/\" \/>\n<meta property=\"og:locale\" content=\"fr_FR\" \/>\n<meta property=\"og:type\" content=\"article\" \/>\n<meta property=\"og:title\" content=\"Horaire Gymnase La Perla \u2022 Donostia - Saint S\u00e9bastien\" \/>\n<meta property=\"og:description\" content=\"Horaire Gymnase La Perla: lundri au samedi de 7h30 \u00e0 21h30. Dimanches et jours f\u00e9ri\u00e9s de 8h \u00e0 22h. Trouver!\" \/>\n<meta property=\"og:url\" content=\"https:\/\/la-perla.net\/fr\/gymnase\/horaires-du-gymnase\/\" \/>\n<meta property=\"og:site_name\" content=\"Talasoterapia La Perla \u2022 San Sebasti\u00e1n - Donostia\" \/>\n<meta property=\"article:publisher\" content=\"https:\/\/www.facebook.com\/laperladonosti\/\" \/>\n<meta property=\"article:modified_time\" content=\"2023-05-30T08:13:28+00:00\" \/>\n<meta property=\"og:image\" content=\"https:\/\/la-perla.net\/wp-content\/uploads\/2022\/04\/01_Horario-del-gym.jpg\" \/>\n<meta name=\"twitter:card\" content=\"summary_large_image\" \/>\n<meta name=\"twitter:site\" content=\"@LaPerlaDonosti\" \/>\n<meta name=\"twitter:label1\" content=\"Dur\u00e9e de lecture estim\u00e9e\" \/>\n\t<meta name=\"twitter:data1\" content=\"1 minute\" \/>\n<script type=\"application\/ld+json\" class=\"yoast-schema-graph\">{\"@context\":\"https:\/\/schema.org\",\"@graph\":[{\"@type\":\"WebPage\",\"@id\":\"https:\/\/la-perla.net\/fr\/gymnase\/horaires-du-gymnase\/\",\"url\":\"https:\/\/la-perla.net\/fr\/gymnase\/horaires-du-gymnase\/\",\"name\":\"Horaire Gymnase La Perla \u2022 Donostia - Saint S\u00e9bastien\",\"isPartOf\":{\"@id\":\"https:\/\/la-perla.net\/#website\"},\"primaryImageOfPage\":{\"@id\":\"https:\/\/la-perla.net\/fr\/gymnase\/horaires-du-gymnase\/#primaryimage\"},\"image\":{\"@id\":\"https:\/\/la-perla.net\/fr\/gymnase\/horaires-du-gymnase\/#primaryimage\"},\"thumbnailUrl\":\"https:\/\/la-perla.net\/wp-content\/uploads\/2022\/04\/01_Horario-del-gym.jpg\",\"datePublished\":\"2022-12-01T13:02:59+00:00\",\"dateModified\":\"2023-05-30T08:13:28+00:00\",\"description\":\"Horaire Gymnase La Perla: lundri au samedi de 7h30 \u00e0 21h30. Dimanches et jours f\u00e9ri\u00e9s de 8h \u00e0 22h. Trouver!\",\"breadcrumb\":{\"@id\":\"https:\/\/la-perla.net\/fr\/gymnase\/horaires-du-gymnase\/#breadcrumb\"},\"inLanguage\":\"fr-FR\",\"potentialAction\":[{\"@type\":\"ReadAction\",\"target\":[\"https:\/\/la-perla.net\/fr\/gymnase\/horaires-du-gymnase\/\"]}]},{\"@type\":\"ImageObject\",\"inLanguage\":\"fr-FR\",\"@id\":\"https:\/\/la-perla.net\/fr\/gymnase\/horaires-du-gymnase\/#primaryimage\",\"url\":\"https:\/\/la-perla.net\/wp-content\/uploads\/2022\/04\/01_Horario-del-gym.jpg\",\"contentUrl\":\"https:\/\/la-perla.net\/wp-content\/uploads\/2022\/04\/01_Horario-del-gym.jpg\"},{\"@type\":\"BreadcrumbList\",\"@id\":\"https:\/\/la-perla.net\/fr\/gymnase\/horaires-du-gymnase\/#breadcrumb\",\"itemListElement\":[{\"@type\":\"ListItem\",\"position\":1,\"name\":\"Portada\",\"item\":\"https:\/\/la-perla.net\/fr\/\"},{\"@type\":\"ListItem\",\"position\":2,\"name\":\"Gymnase\",\"item\":\"https:\/\/la-perla.net\/fr\/gymnase\/\"},{\"@type\":\"ListItem\",\"position\":3,\"name\":\"Horaires du gymnase\"}]},{\"@type\":\"WebSite\",\"@id\":\"https:\/\/la-perla.net\/#website\",\"url\":\"https:\/\/la-perla.net\/\",\"name\":\"Talasoterapia La Perla \u2022 San Sebasti\u00e1n - Donostia\",\"description\":\"Talasoterapia en Guipuzcoa - Centro de salud, belleza y deporte\",\"publisher\":{\"@id\":\"https:\/\/la-perla.net\/#organization\"},\"potentialAction\":[{\"@type\":\"SearchAction\",\"target\":{\"@type\":\"EntryPoint\",\"urlTemplate\":\"https:\/\/la-perla.net\/?s={search_term_string}\"},\"query-input\":{\"@type\":\"PropertyValueSpecification\",\"valueRequired\":true,\"valueName\":\"search_term_string\"}}],\"inLanguage\":\"fr-FR\"},{\"@type\":\"Organization\",\"@id\":\"https:\/\/la-perla.net\/#organization\",\"name\":\"La Perla\",\"url\":\"https:\/\/la-perla.net\/\",\"logo\":{\"@type\":\"ImageObject\",\"inLanguage\":\"fr-FR\",\"@id\":\"https:\/\/la-perla.net\/#\/schema\/logo\/image\/\",\"url\":\"https:\/\/la-perla.net\/wp-content\/uploads\/2020\/09\/talasoterapia-la-perla.png\",\"contentUrl\":\"https:\/\/la-perla.net\/wp-content\/uploads\/2020\/09\/talasoterapia-la-perla.png\",\"width\":191,\"height\":51,\"caption\":\"La Perla\"},\"image\":{\"@id\":\"https:\/\/la-perla.net\/#\/schema\/logo\/image\/\"},\"sameAs\":[\"https:\/\/www.facebook.com\/laperladonosti\/\",\"https:\/\/x.com\/LaPerlaDonosti\",\"https:\/\/www.instagram.com\/laperladonosti\/?hl=es\",\"https:\/\/www.youtube.com\/channel\/UChQhp12N7Lg6ZrOcmAJAy4g\"]}]}<\/script>\n<!-- \/ Yoast SEO plugin. -->","yoast_head_json":{"title":"Horaire Gymnase La Perla \u2022 Donostia - Saint S\u00e9bastien","description":"Horaire Gymnase La Perla: lundri au samedi de 7h30 \u00e0 21h30. Dimanches et jours f\u00e9ri\u00e9s de 8h \u00e0 22h. Trouver!","robots":{"index":"index","follow":"follow","max-snippet":"max-snippet:-1","max-image-preview":"max-image-preview:large","max-video-preview":"max-video-preview:-1"},"canonical":"https:\/\/la-perla.net\/fr\/gymnase\/horaires-du-gymnase\/","og_locale":"fr_FR","og_type":"article","og_title":"Horaire Gymnase La Perla \u2022 Donostia - Saint S\u00e9bastien","og_description":"Horaire Gymnase La Perla: lundri au samedi de 7h30 \u00e0 21h30. Dimanches et jours f\u00e9ri\u00e9s de 8h \u00e0 22h. Trouver!","og_url":"https:\/\/la-perla.net\/fr\/gymnase\/horaires-du-gymnase\/","og_site_name":"Talasoterapia La Perla \u2022 San Sebasti\u00e1n - Donostia","article_publisher":"https:\/\/www.facebook.com\/laperladonosti\/","article_modified_time":"2023-05-30T08:13:28+00:00","og_image":[{"url":"https:\/\/la-perla.net\/wp-content\/uploads\/2022\/04\/01_Horario-del-gym.jpg","type":"","width":"","height":""}],"twitter_card":"summary_large_image","twitter_site":"@LaPerlaDonosti","twitter_misc":{"Dur\u00e9e de lecture estim\u00e9e":"1 minute"},"schema":{"@context":"https:\/\/schema.org","@graph":[{"@type":"WebPage","@id":"https:\/\/la-perla.net\/fr\/gymnase\/horaires-du-gymnase\/","url":"https:\/\/la-perla.net\/fr\/gymnase\/horaires-du-gymnase\/","name":"Horaire Gymnase La Perla \u2022 Donostia - Saint S\u00e9bastien","isPartOf":{"@id":"https:\/\/la-perla.net\/#website"},"primaryImageOfPage":{"@id":"https:\/\/la-perla.net\/fr\/gymnase\/horaires-du-gymnase\/#primaryimage"},"image":{"@id":"https:\/\/la-perla.net\/fr\/gymnase\/horaires-du-gymnase\/#primaryimage"},"thumbnailUrl":"https:\/\/la-perla.net\/wp-content\/uploads\/2022\/04\/01_Horario-del-gym.jpg","datePublished":"2022-12-01T13:02:59+00:00","dateModified":"2023-05-30T08:13:28+00:00","description":"Horaire Gymnase La Perla: lundri au samedi de 7h30 \u00e0 21h30. Dimanches et jours f\u00e9ri\u00e9s de 8h \u00e0 22h. Trouver!","breadcrumb":{"@id":"https:\/\/la-perla.net\/fr\/gymnase\/horaires-du-gymnase\/#breadcrumb"},"inLanguage":"fr-FR","potentialAction":[{"@type":"ReadAction","target":["https:\/\/la-perla.net\/fr\/gymnase\/horaires-du-gymnase\/"]}]},{"@type":"ImageObject","inLanguage":"fr-FR","@id":"https:\/\/la-perla.net\/fr\/gymnase\/horaires-du-gymnase\/#primaryimage","url":"https:\/\/la-perla.net\/wp-content\/uploads\/2022\/04\/01_Horario-del-gym.jpg","contentUrl":"https:\/\/la-perla.net\/wp-content\/uploads\/2022\/04\/01_Horario-del-gym.jpg"},{"@type":"BreadcrumbList","@id":"https:\/\/la-perla.net\/fr\/gymnase\/horaires-du-gymnase\/#breadcrumb","itemListElement":[{"@type":"ListItem","position":1,"name":"Portada","item":"https:\/\/la-perla.net\/fr\/"},{"@type":"ListItem","position":2,"name":"Gymnase","item":"https:\/\/la-perla.net\/fr\/gymnase\/"},{"@type":"ListItem","position":3,"name":"Horaires du gymnase"}]},{"@type":"WebSite","@id":"https:\/\/la-perla.net\/#website","url":"https:\/\/la-perla.net\/","name":"Talasoterapia La Perla \u2022 San Sebasti\u00e1n - Donostia","description":"Talasoterapia en Guipuzcoa - Centro de salud, belleza y deporte","publisher":{"@id":"https:\/\/la-perla.net\/#organization"},"potentialAction":[{"@type":"SearchAction","target":{"@type":"EntryPoint","urlTemplate":"https:\/\/la-perla.net\/?s={search_term_string}"},"query-input":{"@type":"PropertyValueSpecification","valueRequired":true,"valueName":"search_term_string"}}],"inLanguage":"fr-FR"},{"@type":"Organization","@id":"https:\/\/la-perla.net\/#organization","name":"La Perla","url":"https:\/\/la-perla.net\/","logo":{"@type":"ImageObject","inLanguage":"fr-FR","@id":"https:\/\/la-perla.net\/#\/schema\/logo\/image\/","url":"https:\/\/la-perla.net\/wp-content\/uploads\/2020\/09\/talasoterapia-la-perla.png","contentUrl":"https:\/\/la-perla.net\/wp-content\/uploads\/2020\/09\/talasoterapia-la-perla.png","width":191,"height":51,"caption":"La Perla"},"image":{"@id":"https:\/\/la-perla.net\/#\/schema\/logo\/image\/"},"sameAs":["https:\/\/www.facebook.com\/laperladonosti\/","https:\/\/x.com\/LaPerlaDonosti","https:\/\/www.instagram.com\/laperladonosti\/?hl=es","https:\/\/www.youtube.com\/channel\/UChQhp12N7Lg6ZrOcmAJAy4g"]}]}},"_links":{"self":[{"href":"https:\/\/la-perla.net\/fr\/wp-json\/wp\/v2\/pages\/96231"}],"collection":[{"href":"https:\/\/la-perla.net\/fr\/wp-json\/wp\/v2\/pages"}],"about":[{"href":"https:\/\/la-perla.net\/fr\/wp-json\/wp\/v2\/types\/page"}],"author":[{"embeddable":true,"href":"https:\/\/la-perla.net\/fr\/wp-json\/wp\/v2\/users\/5"}],"replies":[{"embeddable":true,"href":"https:\/\/la-perla.net\/fr\/wp-json\/wp\/v2\/comments?post=96231"}],"version-history":[{"count":0,"href":"https:\/\/la-perla.net\/fr\/wp-json\/wp\/v2\/pages\/96231\/revisions"}],"up":[{"embeddable":true,"href":"https:\/\/la-perla.net\/fr\/wp-json\/wp\/v2\/pages\/96225"}],"wp:attachment":[{"href":"https:\/\/la-perla.net\/fr\/wp-json\/wp\/v2\/media?parent=96231"}],"curies":[{"name":"wp","href":"https:\/\/api.w.org\/{rel}","templated":true}]}}