{"id":96382,"date":"2022-12-05T11:59:23","date_gmt":"2022-12-05T10:59:23","guid":{"rendered":"https:\/\/la-perla.net\/sante-et-beaute-2\/"},"modified":"2023-07-24T12:30:00","modified_gmt":"2023-07-24T10:30:00","slug":"sante-et-beaute-2","status":"publish","type":"page","link":"https:\/\/la-perla.net\/fr\/sante-et-beaute-2\/","title":{"rendered":"Sant\u00e9 et Beaut\u00e9"},"content":{"rendered":"","protected":false},"excerpt":{"rendered":"","protected":false},"author":3,"featured_media":52544,"parent":0,"menu_order":231,"comment_status":"closed","ping_status":"closed","template":"template-section.php","meta":{"_genesis_hide_title":false,"_genesis_hide_breadcrumbs":false,"_genesis_hide_singular_image":false,"_genesis_hide_footer_widgets":false,"_genesis_custom_body_class":"","_genesis_custom_post_class":"","_genesis_layout":"","footnotes":""},"class_list":{"0":"post-96382","1":"page","2":"type-page","3":"status-publish","4":"has-post-thumbnail","6":"entry"},"yoast_head":"<!-- This site is optimized with the Yoast SEO plugin v25.6 - https:\/\/yoast.com\/wordpress\/plugins\/seo\/ -->\n<title>Traitements esth\u00e9tiques\u2022 Sant\u00e9 et beaut\u00e9 \u2022 La Perla Thalasso Sport<\/title>\n<meta name=\"description\" content=\"Decouvrez nous traitements esth\u00e9tiques de sant\u00e9 et beaut\u00e9 en La Perla Donostia pour obtenez une peau plus belle. Reservez!\" \/>\n<meta name=\"robots\" content=\"index, follow, max-snippet:-1, max-image-preview:large, max-video-preview:-1\" \/>\n<link rel=\"canonical\" href=\"https:\/\/la-perla.net\/fr\/sante-et-beaute-2\/\" \/>\n<meta property=\"og:locale\" content=\"fr_FR\" \/>\n<meta property=\"og:type\" content=\"article\" \/>\n<meta property=\"og:title\" content=\"Traitements esth\u00e9tiques\u2022 Sant\u00e9 et beaut\u00e9 \u2022 La Perla Thalasso Sport\" \/>\n<meta property=\"og:description\" content=\"Decouvrez nous traitements esth\u00e9tiques de sant\u00e9 et beaut\u00e9 en La Perla Donostia pour obtenez une peau plus belle. Reservez!\" \/>\n<meta property=\"og:url\" content=\"https:\/\/la-perla.net\/fr\/sante-et-beaute-2\/\" \/>\n<meta property=\"og:site_name\" content=\"Talasoterapia La Perla \u2022 San Sebasti\u00e1n - Donostia\" \/>\n<meta property=\"article:publisher\" content=\"https:\/\/www.facebook.com\/laperladonosti\/\" \/>\n<meta property=\"article:modified_time\" content=\"2023-07-24T10:30:00+00:00\" \/>\n<meta property=\"og:image\" content=\"https:\/\/la-perla.net\/wp-content\/uploads\/2018\/11\/aprendizaje-ra\u0301pido-bebe\u0301s.jpg\" \/>\n\t<meta property=\"og:image:width\" content=\"469\" \/>\n\t<meta property=\"og:image:height\" content=\"533\" \/>\n\t<meta property=\"og:image:type\" content=\"image\/jpeg\" \/>\n<meta name=\"twitter:card\" content=\"summary_large_image\" \/>\n<meta name=\"twitter:site\" content=\"@LaPerlaDonosti\" \/>\n<script type=\"application\/ld+json\" class=\"yoast-schema-graph\">{\"@context\":\"https:\/\/schema.org\",\"@graph\":[{\"@type\":\"WebPage\",\"@id\":\"https:\/\/la-perla.net\/fr\/sante-et-beaute-2\/\",\"url\":\"https:\/\/la-perla.net\/fr\/sante-et-beaute-2\/\",\"name\":\"Traitements esth\u00e9tiques\u2022 Sant\u00e9 et beaut\u00e9 \u2022 La Perla Thalasso Sport\",\"isPartOf\":{\"@id\":\"https:\/\/la-perla.net\/#website\"},\"primaryImageOfPage\":{\"@id\":\"https:\/\/la-perla.net\/fr\/sante-et-beaute-2\/#primaryimage\"},\"image\":{\"@id\":\"https:\/\/la-perla.net\/fr\/sante-et-beaute-2\/#primaryimage\"},\"thumbnailUrl\":\"https:\/\/la-perla.net\/wp-content\/uploads\/2018\/11\/aprendizaje-ra\u0301pido-bebe\u0301s.jpg\",\"datePublished\":\"2022-12-05T10:59:23+00:00\",\"dateModified\":\"2023-07-24T10:30:00+00:00\",\"description\":\"Decouvrez nous traitements esth\u00e9tiques de sant\u00e9 et beaut\u00e9 en La Perla Donostia pour obtenez une peau plus belle. Reservez!\",\"breadcrumb\":{\"@id\":\"https:\/\/la-perla.net\/fr\/sante-et-beaute-2\/#breadcrumb\"},\"inLanguage\":\"fr-FR\",\"potentialAction\":[{\"@type\":\"ReadAction\",\"target\":[\"https:\/\/la-perla.net\/fr\/sante-et-beaute-2\/\"]}]},{\"@type\":\"ImageObject\",\"inLanguage\":\"fr-FR\",\"@id\":\"https:\/\/la-perla.net\/fr\/sante-et-beaute-2\/#primaryimage\",\"url\":\"https:\/\/la-perla.net\/wp-content\/uploads\/2018\/11\/aprendizaje-ra\u0301pido-bebe\u0301s.jpg\",\"contentUrl\":\"https:\/\/la-perla.net\/wp-content\/uploads\/2018\/11\/aprendizaje-ra\u0301pido-bebe\u0301s.jpg\",\"width\":469,\"height\":533,\"caption\":\"Aesthetic Treatments\"},{\"@type\":\"BreadcrumbList\",\"@id\":\"https:\/\/la-perla.net\/fr\/sante-et-beaute-2\/#breadcrumb\",\"itemListElement\":[{\"@type\":\"ListItem\",\"position\":1,\"name\":\"Portada\",\"item\":\"https:\/\/la-perla.net\/fr\/\"},{\"@type\":\"ListItem\",\"position\":2,\"name\":\"Sant\u00e9 et Beaut\u00e9\"}]},{\"@type\":\"WebSite\",\"@id\":\"https:\/\/la-perla.net\/#website\",\"url\":\"https:\/\/la-perla.net\/\",\"name\":\"Talasoterapia La Perla \u2022 San Sebasti\u00e1n - Donostia\",\"description\":\"Talasoterapia en Guipuzcoa - Centro de salud, belleza y deporte\",\"publisher\":{\"@id\":\"https:\/\/la-perla.net\/#organization\"},\"potentialAction\":[{\"@type\":\"SearchAction\",\"target\":{\"@type\":\"EntryPoint\",\"urlTemplate\":\"https:\/\/la-perla.net\/?s={search_term_string}\"},\"query-input\":{\"@type\":\"PropertyValueSpecification\",\"valueRequired\":true,\"valueName\":\"search_term_string\"}}],\"inLanguage\":\"fr-FR\"},{\"@type\":\"Organization\",\"@id\":\"https:\/\/la-perla.net\/#organization\",\"name\":\"La Perla\",\"url\":\"https:\/\/la-perla.net\/\",\"logo\":{\"@type\":\"ImageObject\",\"inLanguage\":\"fr-FR\",\"@id\":\"https:\/\/la-perla.net\/#\/schema\/logo\/image\/\",\"url\":\"https:\/\/la-perla.net\/wp-content\/uploads\/2020\/09\/talasoterapia-la-perla.png\",\"contentUrl\":\"https:\/\/la-perla.net\/wp-content\/uploads\/2020\/09\/talasoterapia-la-perla.png\",\"width\":191,\"height\":51,\"caption\":\"La Perla\"},\"image\":{\"@id\":\"https:\/\/la-perla.net\/#\/schema\/logo\/image\/\"},\"sameAs\":[\"https:\/\/www.facebook.com\/laperladonosti\/\",\"https:\/\/x.com\/LaPerlaDonosti\",\"https:\/\/www.instagram.com\/laperladonosti\/?hl=es\",\"https:\/\/www.youtube.com\/channel\/UChQhp12N7Lg6ZrOcmAJAy4g\"]}]}<\/script>\n<!-- \/ Yoast SEO plugin. -->","yoast_head_json":{"title":"Traitements esth\u00e9tiques\u2022 Sant\u00e9 et beaut\u00e9 \u2022 La Perla Thalasso Sport","description":"Decouvrez nous traitements esth\u00e9tiques de sant\u00e9 et beaut\u00e9 en La Perla Donostia pour obtenez une peau plus belle. Reservez!","robots":{"index":"index","follow":"follow","max-snippet":"max-snippet:-1","max-image-preview":"max-image-preview:large","max-video-preview":"max-video-preview:-1"},"canonical":"https:\/\/la-perla.net\/fr\/sante-et-beaute-2\/","og_locale":"fr_FR","og_type":"article","og_title":"Traitements esth\u00e9tiques\u2022 Sant\u00e9 et beaut\u00e9 \u2022 La Perla Thalasso Sport","og_description":"Decouvrez nous traitements esth\u00e9tiques de sant\u00e9 et beaut\u00e9 en La Perla Donostia pour obtenez une peau plus belle. Reservez!","og_url":"https:\/\/la-perla.net\/fr\/sante-et-beaute-2\/","og_site_name":"Talasoterapia La Perla \u2022 San Sebasti\u00e1n - Donostia","article_publisher":"https:\/\/www.facebook.com\/laperladonosti\/","article_modified_time":"2023-07-24T10:30:00+00:00","og_image":[{"width":469,"height":533,"url":"https:\/\/la-perla.net\/wp-content\/uploads\/2018\/11\/aprendizaje-ra\u0301pido-bebe\u0301s.jpg","type":"image\/jpeg"}],"twitter_card":"summary_large_image","twitter_site":"@LaPerlaDonosti","schema":{"@context":"https:\/\/schema.org","@graph":[{"@type":"WebPage","@id":"https:\/\/la-perla.net\/fr\/sante-et-beaute-2\/","url":"https:\/\/la-perla.net\/fr\/sante-et-beaute-2\/","name":"Traitements esth\u00e9tiques\u2022 Sant\u00e9 et beaut\u00e9 \u2022 La Perla Thalasso Sport","isPartOf":{"@id":"https:\/\/la-perla.net\/#website"},"primaryImageOfPage":{"@id":"https:\/\/la-perla.net\/fr\/sante-et-beaute-2\/#primaryimage"},"image":{"@id":"https:\/\/la-perla.net\/fr\/sante-et-beaute-2\/#primaryimage"},"thumbnailUrl":"https:\/\/la-perla.net\/wp-content\/uploads\/2018\/11\/aprendizaje-ra\u0301pido-bebe\u0301s.jpg","datePublished":"2022-12-05T10:59:23+00:00","dateModified":"2023-07-24T10:30:00+00:00","description":"Decouvrez nous traitements esth\u00e9tiques de sant\u00e9 et beaut\u00e9 en La Perla Donostia pour obtenez une peau plus belle. Reservez!","breadcrumb":{"@id":"https:\/\/la-perla.net\/fr\/sante-et-beaute-2\/#breadcrumb"},"inLanguage":"fr-FR","potentialAction":[{"@type":"ReadAction","target":["https:\/\/la-perla.net\/fr\/sante-et-beaute-2\/"]}]},{"@type":"ImageObject","inLanguage":"fr-FR","@id":"https:\/\/la-perla.net\/fr\/sante-et-beaute-2\/#primaryimage","url":"https:\/\/la-perla.net\/wp-content\/uploads\/2018\/11\/aprendizaje-ra\u0301pido-bebe\u0301s.jpg","contentUrl":"https:\/\/la-perla.net\/wp-content\/uploads\/2018\/11\/aprendizaje-ra\u0301pido-bebe\u0301s.jpg","width":469,"height":533,"caption":"Aesthetic Treatments"},{"@type":"BreadcrumbList","@id":"https:\/\/la-perla.net\/fr\/sante-et-beaute-2\/#breadcrumb","itemListElement":[{"@type":"ListItem","position":1,"name":"Portada","item":"https:\/\/la-perla.net\/fr\/"},{"@type":"ListItem","position":2,"name":"Sant\u00e9 et Beaut\u00e9"}]},{"@type":"WebSite","@id":"https:\/\/la-perla.net\/#website","url":"https:\/\/la-perla.net\/","name":"Talasoterapia La Perla \u2022 San Sebasti\u00e1n - Donostia","description":"Talasoterapia en Guipuzcoa - Centro de salud, belleza y deporte","publisher":{"@id":"https:\/\/la-perla.net\/#organization"},"potentialAction":[{"@type":"SearchAction","target":{"@type":"EntryPoint","urlTemplate":"https:\/\/la-perla.net\/?s={search_term_string}"},"query-input":{"@type":"PropertyValueSpecification","valueRequired":true,"valueName":"search_term_string"}}],"inLanguage":"fr-FR"},{"@type":"Organization","@id":"https:\/\/la-perla.net\/#organization","name":"La Perla","url":"https:\/\/la-perla.net\/","logo":{"@type":"ImageObject","inLanguage":"fr-FR","@id":"https:\/\/la-perla.net\/#\/schema\/logo\/image\/","url":"https:\/\/la-perla.net\/wp-content\/uploads\/2020\/09\/talasoterapia-la-perla.png","contentUrl":"https:\/\/la-perla.net\/wp-content\/uploads\/2020\/09\/talasoterapia-la-perla.png","width":191,"height":51,"caption":"La Perla"},"image":{"@id":"https:\/\/la-perla.net\/#\/schema\/logo\/image\/"},"sameAs":["https:\/\/www.facebook.com\/laperladonosti\/","https:\/\/x.com\/LaPerlaDonosti","https:\/\/www.instagram.com\/laperladonosti\/?hl=es","https:\/\/www.youtube.com\/channel\/UChQhp12N7Lg6ZrOcmAJAy4g"]}]}},"_links":{"self":[{"href":"https:\/\/la-perla.net\/fr\/wp-json\/wp\/v2\/pages\/96382"}],"collection":[{"href":"https:\/\/la-perla.net\/fr\/wp-json\/wp\/v2\/pages"}],"about":[{"href":"https:\/\/la-perla.net\/fr\/wp-json\/wp\/v2\/types\/page"}],"author":[{"embeddable":true,"href":"https:\/\/la-perla.net\/fr\/wp-json\/wp\/v2\/users\/3"}],"replies":[{"embeddable":true,"href":"https:\/\/la-perla.net\/fr\/wp-json\/wp\/v2\/comments?post=96382"}],"version-history":[{"count":0,"href":"https:\/\/la-perla.net\/fr\/wp-json\/wp\/v2\/pages\/96382\/revisions"}],"wp:featuredmedia":[{"embeddable":true,"href":"https:\/\/la-perla.net\/fr\/wp-json\/wp\/v2\/media\/52544"}],"wp:attachment":[{"href":"https:\/\/la-perla.net\/fr\/wp-json\/wp\/v2\/media?parent=96382"}],"curies":[{"name":"wp","href":"https:\/\/api.w.org\/{rel}","templated":true}]}}