{"id":96396,"date":"2022-12-05T12:50:25","date_gmt":"2022-12-05T11:50:25","guid":{"rendered":"https:\/\/la-perla.net\/politique-dannulation\/"},"modified":"2022-12-05T12:50:25","modified_gmt":"2022-12-05T11:50:25","slug":"politique-dannulation","status":"publish","type":"page","link":"https:\/\/la-perla.net\/fr\/politique-dannulation\/","title":{"rendered":"POLITIQUE D\u2019ANNULATION"},"content":{"rendered":"<p>Les horaires des traitements doivent \u00eatre respect\u00e9s. Il est donc recommand\u00e9 de se rendre au rendez-vous 10 minutes \u00e0 l\u2019avance. <\/p><p>En cas d&rsquo;absence ou de retard du client, les soins non effectu\u00e9s ou effectu\u00e9s en moins de temps devront \u00eatre r\u00e9gl\u00e9s int\u00e9gralement, et ne pourront \u00eatre report\u00e9s \u00e0 une autre date.<\/p><p>En cas d\u2019annulation, nous vous prions de nous en informer le plus t\u00f4t possible.<br\/>&#13;\nSi l\u2019annulation est faite moins de 12 heures avant la date de d\u00e9but du traitement, le r\u00e8glement de la s\u00e9ance sera obligatoire et le montant sera cr\u00e9dit\u00e9 sur la carte bancaire que vous nous aurez fournie.<\/p><div class=\"wp-block-columns is-layout-flex wp-container-core-columns-is-layout-1 wp-block-columns-is-layout-flex\"><div class=\"wp-block-column is-layout-flow wp-block-column-is-layout-flow\"><h3>Tour Virtuel La Perla<\/h3>\r\n<a href=\"http:\/\/tour.la-perla.net\/\" target=\"_blank\" rel=\"noopener noreferrer\" width=\"300\" height=\"150\"><img decoding=\"async\" src=\"\/wp-content\/uploads\/2020\/09\/360-imagen-grande.png\"\/><\/a><\/div>\n\n<div class=\"wp-block-column is-layout-flow wp-block-column-is-layout-flow\"><h3>La m\u00e9t\u00e9o \u00e0 La Concha en direct<\/h3>\r\n<iframe loading=\"lazy\" class=\"webcam\" src=\"https:\/\/www.webcam-hd.fr\/laperla\/San-sebastian-la-concha.php\" width=\"100%\" height=\"300\" frameborder=\"0\"><\/iframe><\/div><\/div>","protected":false},"excerpt":{"rendered":"<p>Les horaires des traitements doivent \u00eatre respect\u00e9s. Il est donc recommand\u00e9 de se rendre au rendez-vous 10 minutes \u00e0 l\u2019avance. En cas d&rsquo;absence ou de retard du client, les soins non effectu\u00e9s ou effectu\u00e9s en moins de temps devront \u00eatre r\u00e9gl\u00e9s int\u00e9gralement, et ne pourront \u00eatre report\u00e9s \u00e0 une autre date. En cas d\u2019annulation, nous&hellip; <\/p>\n<div><a class=\"more-link\" href=\"https:\/\/la-perla.net\/fr\/politique-dannulation\/\">Leer m\u00e1s \u2192<\/a><\/div>\n","protected":false},"author":5,"featured_media":0,"parent":0,"menu_order":65,"comment_status":"closed","ping_status":"closed","template":"","meta":{"_genesis_hide_title":false,"_genesis_hide_breadcrumbs":false,"_genesis_hide_singular_image":false,"_genesis_hide_footer_widgets":false,"_genesis_custom_body_class":"","_genesis_custom_post_class":"","_genesis_layout":"","footnotes":""},"class_list":{"0":"post-96396","1":"page","2":"type-page","3":"status-publish","5":"entry"},"yoast_head":"<!-- This site is optimized with the Yoast SEO plugin v25.6 - https:\/\/yoast.com\/wordpress\/plugins\/seo\/ -->\n<title>Pol\u00edtica de Cancelaci\u00f3n La Perla Talasoterapia \u2022 Donostia<\/title>\n<meta name=\"description\" content=\"Consulta Aqu\u00ed la Pol\u00edtica de Cancelaci\u00f3n de La Perla Talasoterapia en Donostia San Sebasti\u00e1n. Clic Aqu\u00ed para M\u00e1s informaci\u00f3n.\" \/>\n<meta name=\"robots\" content=\"index, follow, max-snippet:-1, max-image-preview:large, max-video-preview:-1\" \/>\n<link rel=\"canonical\" href=\"https:\/\/la-perla.net\/fr\/politique-dannulation\/\" \/>\n<meta property=\"og:locale\" content=\"fr_FR\" \/>\n<meta property=\"og:type\" content=\"article\" \/>\n<meta property=\"og:title\" content=\"Pol\u00edtica de Cancelaci\u00f3n La Perla Talasoterapia \u2022 Donostia\" \/>\n<meta property=\"og:description\" content=\"Consulta Aqu\u00ed la Pol\u00edtica de Cancelaci\u00f3n de La Perla Talasoterapia en Donostia San Sebasti\u00e1n. Clic Aqu\u00ed para M\u00e1s informaci\u00f3n.\" \/>\n<meta property=\"og:url\" content=\"https:\/\/la-perla.net\/fr\/politique-dannulation\/\" \/>\n<meta property=\"og:site_name\" content=\"Talasoterapia La Perla \u2022 San Sebasti\u00e1n - Donostia\" \/>\n<meta property=\"article:publisher\" content=\"https:\/\/www.facebook.com\/laperladonosti\/\" \/>\n<meta name=\"twitter:card\" content=\"summary_large_image\" \/>\n<meta name=\"twitter:site\" content=\"@LaPerlaDonosti\" \/>\n<meta name=\"twitter:label1\" content=\"Dur\u00e9e de lecture estim\u00e9e\" \/>\n\t<meta name=\"twitter:data1\" content=\"1 minute\" \/>\n<script type=\"application\/ld+json\" class=\"yoast-schema-graph\">{\"@context\":\"https:\/\/schema.org\",\"@graph\":[{\"@type\":\"WebPage\",\"@id\":\"https:\/\/la-perla.net\/fr\/politique-dannulation\/\",\"url\":\"https:\/\/la-perla.net\/fr\/politique-dannulation\/\",\"name\":\"Pol\u00edtica de Cancelaci\u00f3n La Perla Talasoterapia \u2022 Donostia\",\"isPartOf\":{\"@id\":\"https:\/\/la-perla.net\/#website\"},\"datePublished\":\"2022-12-05T11:50:25+00:00\",\"description\":\"Consulta Aqu\u00ed la Pol\u00edtica de Cancelaci\u00f3n de La Perla Talasoterapia en Donostia San Sebasti\u00e1n. Clic Aqu\u00ed para M\u00e1s informaci\u00f3n.\",\"breadcrumb\":{\"@id\":\"https:\/\/la-perla.net\/fr\/politique-dannulation\/#breadcrumb\"},\"inLanguage\":\"fr-FR\",\"potentialAction\":[{\"@type\":\"ReadAction\",\"target\":[\"https:\/\/la-perla.net\/fr\/politique-dannulation\/\"]}]},{\"@type\":\"BreadcrumbList\",\"@id\":\"https:\/\/la-perla.net\/fr\/politique-dannulation\/#breadcrumb\",\"itemListElement\":[{\"@type\":\"ListItem\",\"position\":1,\"name\":\"Portada\",\"item\":\"https:\/\/la-perla.net\/fr\/\"},{\"@type\":\"ListItem\",\"position\":2,\"name\":\"POLITIQUE D\u2019ANNULATION\"}]},{\"@type\":\"WebSite\",\"@id\":\"https:\/\/la-perla.net\/#website\",\"url\":\"https:\/\/la-perla.net\/\",\"name\":\"Talasoterapia La Perla \u2022 San Sebasti\u00e1n - Donostia\",\"description\":\"Talasoterapia en Guipuzcoa - Centro de salud, belleza y deporte\",\"publisher\":{\"@id\":\"https:\/\/la-perla.net\/#organization\"},\"potentialAction\":[{\"@type\":\"SearchAction\",\"target\":{\"@type\":\"EntryPoint\",\"urlTemplate\":\"https:\/\/la-perla.net\/?s={search_term_string}\"},\"query-input\":{\"@type\":\"PropertyValueSpecification\",\"valueRequired\":true,\"valueName\":\"search_term_string\"}}],\"inLanguage\":\"fr-FR\"},{\"@type\":\"Organization\",\"@id\":\"https:\/\/la-perla.net\/#organization\",\"name\":\"La Perla\",\"url\":\"https:\/\/la-perla.net\/\",\"logo\":{\"@type\":\"ImageObject\",\"inLanguage\":\"fr-FR\",\"@id\":\"https:\/\/la-perla.net\/#\/schema\/logo\/image\/\",\"url\":\"https:\/\/la-perla.net\/wp-content\/uploads\/2020\/09\/talasoterapia-la-perla.png\",\"contentUrl\":\"https:\/\/la-perla.net\/wp-content\/uploads\/2020\/09\/talasoterapia-la-perla.png\",\"width\":191,\"height\":51,\"caption\":\"La Perla\"},\"image\":{\"@id\":\"https:\/\/la-perla.net\/#\/schema\/logo\/image\/\"},\"sameAs\":[\"https:\/\/www.facebook.com\/laperladonosti\/\",\"https:\/\/x.com\/LaPerlaDonosti\",\"https:\/\/www.instagram.com\/laperladonosti\/?hl=es\",\"https:\/\/www.youtube.com\/channel\/UChQhp12N7Lg6ZrOcmAJAy4g\"]}]}<\/script>\n<!-- \/ Yoast SEO plugin. -->","yoast_head_json":{"title":"Pol\u00edtica de Cancelaci\u00f3n La Perla Talasoterapia \u2022 Donostia","description":"Consulta Aqu\u00ed la Pol\u00edtica de Cancelaci\u00f3n de La Perla Talasoterapia en Donostia San Sebasti\u00e1n. Clic Aqu\u00ed para M\u00e1s informaci\u00f3n.","robots":{"index":"index","follow":"follow","max-snippet":"max-snippet:-1","max-image-preview":"max-image-preview:large","max-video-preview":"max-video-preview:-1"},"canonical":"https:\/\/la-perla.net\/fr\/politique-dannulation\/","og_locale":"fr_FR","og_type":"article","og_title":"Pol\u00edtica de Cancelaci\u00f3n La Perla Talasoterapia \u2022 Donostia","og_description":"Consulta Aqu\u00ed la Pol\u00edtica de Cancelaci\u00f3n de La Perla Talasoterapia en Donostia San Sebasti\u00e1n. Clic Aqu\u00ed para M\u00e1s informaci\u00f3n.","og_url":"https:\/\/la-perla.net\/fr\/politique-dannulation\/","og_site_name":"Talasoterapia La Perla \u2022 San Sebasti\u00e1n - Donostia","article_publisher":"https:\/\/www.facebook.com\/laperladonosti\/","twitter_card":"summary_large_image","twitter_site":"@LaPerlaDonosti","twitter_misc":{"Dur\u00e9e de lecture estim\u00e9e":"1 minute"},"schema":{"@context":"https:\/\/schema.org","@graph":[{"@type":"WebPage","@id":"https:\/\/la-perla.net\/fr\/politique-dannulation\/","url":"https:\/\/la-perla.net\/fr\/politique-dannulation\/","name":"Pol\u00edtica de Cancelaci\u00f3n La Perla Talasoterapia \u2022 Donostia","isPartOf":{"@id":"https:\/\/la-perla.net\/#website"},"datePublished":"2022-12-05T11:50:25+00:00","description":"Consulta Aqu\u00ed la Pol\u00edtica de Cancelaci\u00f3n de La Perla Talasoterapia en Donostia San Sebasti\u00e1n. Clic Aqu\u00ed para M\u00e1s informaci\u00f3n.","breadcrumb":{"@id":"https:\/\/la-perla.net\/fr\/politique-dannulation\/#breadcrumb"},"inLanguage":"fr-FR","potentialAction":[{"@type":"ReadAction","target":["https:\/\/la-perla.net\/fr\/politique-dannulation\/"]}]},{"@type":"BreadcrumbList","@id":"https:\/\/la-perla.net\/fr\/politique-dannulation\/#breadcrumb","itemListElement":[{"@type":"ListItem","position":1,"name":"Portada","item":"https:\/\/la-perla.net\/fr\/"},{"@type":"ListItem","position":2,"name":"POLITIQUE D\u2019ANNULATION"}]},{"@type":"WebSite","@id":"https:\/\/la-perla.net\/#website","url":"https:\/\/la-perla.net\/","name":"Talasoterapia La Perla \u2022 San Sebasti\u00e1n - Donostia","description":"Talasoterapia en Guipuzcoa - Centro de salud, belleza y deporte","publisher":{"@id":"https:\/\/la-perla.net\/#organization"},"potentialAction":[{"@type":"SearchAction","target":{"@type":"EntryPoint","urlTemplate":"https:\/\/la-perla.net\/?s={search_term_string}"},"query-input":{"@type":"PropertyValueSpecification","valueRequired":true,"valueName":"search_term_string"}}],"inLanguage":"fr-FR"},{"@type":"Organization","@id":"https:\/\/la-perla.net\/#organization","name":"La Perla","url":"https:\/\/la-perla.net\/","logo":{"@type":"ImageObject","inLanguage":"fr-FR","@id":"https:\/\/la-perla.net\/#\/schema\/logo\/image\/","url":"https:\/\/la-perla.net\/wp-content\/uploads\/2020\/09\/talasoterapia-la-perla.png","contentUrl":"https:\/\/la-perla.net\/wp-content\/uploads\/2020\/09\/talasoterapia-la-perla.png","width":191,"height":51,"caption":"La Perla"},"image":{"@id":"https:\/\/la-perla.net\/#\/schema\/logo\/image\/"},"sameAs":["https:\/\/www.facebook.com\/laperladonosti\/","https:\/\/x.com\/LaPerlaDonosti","https:\/\/www.instagram.com\/laperladonosti\/?hl=es","https:\/\/www.youtube.com\/channel\/UChQhp12N7Lg6ZrOcmAJAy4g"]}]}},"_links":{"self":[{"href":"https:\/\/la-perla.net\/fr\/wp-json\/wp\/v2\/pages\/96396"}],"collection":[{"href":"https:\/\/la-perla.net\/fr\/wp-json\/wp\/v2\/pages"}],"about":[{"href":"https:\/\/la-perla.net\/fr\/wp-json\/wp\/v2\/types\/page"}],"author":[{"embeddable":true,"href":"https:\/\/la-perla.net\/fr\/wp-json\/wp\/v2\/users\/5"}],"replies":[{"embeddable":true,"href":"https:\/\/la-perla.net\/fr\/wp-json\/wp\/v2\/comments?post=96396"}],"version-history":[{"count":0,"href":"https:\/\/la-perla.net\/fr\/wp-json\/wp\/v2\/pages\/96396\/revisions"}],"wp:attachment":[{"href":"https:\/\/la-perla.net\/fr\/wp-json\/wp\/v2\/media?parent=96396"}],"curies":[{"name":"wp","href":"https:\/\/api.w.org\/{rel}","templated":true}]}}