{"id":96410,"date":"2022-12-05T13:10:12","date_gmt":"2022-12-05T12:10:12","guid":{"rendered":"https:\/\/la-perla.net\/que-faire-et-voir-a-saint-sebastien\/"},"modified":"2022-12-16T08:19:29","modified_gmt":"2022-12-16T07:19:29","slug":"que-faire-et-voir-a-saint-sebastien","status":"publish","type":"page","link":"https:\/\/la-perla.net\/fr\/que-faire-et-voir-a-saint-sebastien\/","title":{"rendered":"QUE FAIRE ET VOIR \u00c0 SAINT S\u00c9BASTIEN"},"content":{"rendered":"<h1 class=\"wp-block-heading\"><strong>Que faire et voir \u00e0 Saint S\u00e9bastien<\/strong><\/h1><figure class=\"wp-block-image size-large is-resized\"><img decoding=\"async\" src=\"https:\/\/la-perla.net\/wp-content\/uploads\/2021\/12\/san-sebastian-peine-del-viento-1024x685.jpg\" alt=\"que hacer en san sebastian\" class=\"wp-image-80511\" width=\"1200\" srcset=\"https:\/\/la-perla.net\/wp-content\/uploads\/2021\/12\/san-sebastian-peine-del-viento-1024x685.jpg 1024w, https:\/\/la-perla.net\/wp-content\/uploads\/2021\/12\/san-sebastian-peine-del-viento-300x201.jpg 300w, https:\/\/la-perla.net\/wp-content\/uploads\/2021\/12\/san-sebastian-peine-del-viento-768x514.jpg 768w, https:\/\/la-perla.net\/wp-content\/uploads\/2021\/12\/san-sebastian-peine-del-viento-540x361.jpg 540w, https:\/\/la-perla.net\/wp-content\/uploads\/2021\/12\/san-sebastian-peine-del-viento-408x273.jpg 408w, https:\/\/la-perla.net\/wp-content\/uploads\/2021\/12\/san-sebastian-peine-del-viento-255x171.jpg 255w, https:\/\/la-perla.net\/wp-content\/uploads\/2021\/12\/san-sebastian-peine-del-viento-555x371.jpg 555w, https:\/\/la-perla.net\/wp-content\/uploads\/2021\/12\/san-sebastian-peine-del-viento-360x241.jpg 360w, https:\/\/la-perla.net\/wp-content\/uploads\/2021\/12\/san-sebastian-peine-del-viento-262x175.jpg 262w, https:\/\/la-perla.net\/wp-content\/uploads\/2021\/12\/san-sebastian-peine-del-viento-413x275.jpg 413w, https:\/\/la-perla.net\/wp-content\/uploads\/2021\/12\/san-sebastian-peine-del-viento-400x267.jpg 400w, https:\/\/la-perla.net\/wp-content\/uploads\/2021\/12\/san-sebastian-peine-del-viento-600x401.jpg 600w, https:\/\/la-perla.net\/wp-content\/uploads\/2021\/12\/san-sebastian-peine-del-viento.jpg 1299w\" sizes=\"(max-width: 1024px) 100vw, 1024px\" \/><\/figure><div style=\"height:25px\" aria-hidden=\"true\" class=\"wp-block-spacer\"><\/div><p>Pr\u00e9voyez-vous de vous rendre <a href=\"https:\/\/la-perla.net\/fr\/\" target=\"_blank\" rel=\"noreferrer noopener\"> \u00e0 Saint S\u00e9bastien ?<\/a> \u00c0 <em>La Perla Thalassoth\u00e9rapie<\/em> nous vous proposons diff\u00e9rents plans pour que vos vacances \u00e0 Donostia soient parfaites. <\/p><h2 class=\"wp-block-heading\"><strong>Parcourez la Plage de la Concha<\/strong><\/h2><p><strong>La plus belle plage urbaine <a href=\"https:\/\/imanesdeviaje.com\/category\/europa\/espana\/\">d&rsquo;Espagne<\/a>\u00a0et\u00a0<a href=\"https:\/\/imanesdeviaje.com\/category\/europa\/\">d&rsquo;Europe<\/a><\/strong>\u00a0 vous accueillera les bras ouverts \u00e0 n\u2019importe quelle p\u00e9riode de l\u2019ann\u00e9e.<\/p><p>Si vous y allez en \u00e9t\u00e9, prenez un <strong>bateau jusqu\u2019\u00e0 l\u2019\u00eele Sainte Claire<\/strong>, c\u2019est une promenade tr\u00e8s agr\u00e9able et vous pourrez contempler la baie de la Concha d\u2019un autre angle. <\/p><p>Si vous souhaitez vous d\u00e9tendre un peu plus lors de votre s\u00e9jour, rendez-vous au <strong>Baln\u00e9aire de La Perla<\/strong>. Vous trouverez quelques vestiges de la <em>\u00ab Belle \u00e9poque Donostiarra \u00bb<\/em> dans le b\u00e2timent o\u00f9 s\u00e9journait la Reine Marie Christine.<\/p><h2 class=\"wp-block-heading\"><strong>D\u00e9couvrez le Centre Historique<\/strong><\/h2><p>Un bon point de d\u00e9part pour d\u00e9couvrir le Centre Historique de Saint S\u00e9bastien est la <strong>Rue Mayor<\/strong> et la <strong>Basilique de Sainte Marie<\/strong>, par exemple.<\/p><p>Vous pouvez faire une halte pour <strong>prendre un verre sur la Place de la Constitution<\/strong>, o\u00f9 vous pourrez constater que les balcons de la place sont num\u00e9rot\u00e9s. Auparavant, ils \u00e9taient utilis\u00e9s comme loges pendant les corridas. <\/p><h2 class=\"wp-block-heading\"><strong>La Cath\u00e9drale du Bon Pasteur<\/strong><\/h2><p>Une cath\u00e9drale de <strong>style n\u00e9ogothique de la fin du XIXe si\u00e8cle<\/strong> qui se trouve en plein centre ville. \u00c0 visiter aussi bien \u00e0 l\u2019int\u00e9rieur qu\u2019\u00e0 l\u2019ext\u00e9rieur. <\/p><h2 class=\"wp-block-heading\"><strong>Grimpez jusqu\u2019au Mirador du Mont Igeldo<\/strong><\/h2><p>Vous \u00eates oblig\u00e9 de le visiter car <strong>la vue qui donne sur la ville est impressionnante<\/strong>. Vous pouvez y acc\u00e9der en voiture, en bus ou en funiculaire.<\/p><p>Le parc est un peu ancien, mais c\u2019est ce qui fait son charme. De plus, c\u2019est un endroit tr\u00e8s amusant pour les plus petits. <\/p><h2 class=\"wp-block-heading\"><strong>Promenez-vous jusqu\u2019au Peigne du Vent<\/strong><\/h2><p>Un autre endroit qu\u2019il faut visiter \u00e0 Saint S\u00e9bastien est son c\u00e9l\u00e8bre Peigne du Vent. <strong>Ces c\u00e9l\u00e8bres sculptures d\u2019Eduardo Chillida sont devenues une ic\u00f4ne de la ville<\/strong>. Elles se trouvent \u00e0 l\u2019extr\u00e9mit\u00e9 de la plage d\u2019Ondarreta, au pied du Mont Igeldo.<\/p><h2 class=\"wp-block-heading\"><strong>Visitez le Palais de Miramar<\/strong><\/h2><p>Le Palais de Miramar \u00e9tait<strong> la r\u00e9sidence estivale de la monarchie espagnole \u00e0 l\u2019\u00e9poque de la reine Marie Christine, \u00e0 la fin du XIXe si\u00e8cle. <\/strong>Aujourd\u2019hui c\u2019est l\u2019un des plus majestueux b\u00e2timents de Saint S\u00e9bastien. Vous pouvez vous promener dans les jardins du palais tout en profitant d\u2019une vue magnifique sur la mer.<\/p><h2 class=\"wp-block-heading\"><strong>D\u00e9couvrez l\u2019aquarium et promenez vous au port<\/strong><\/h2><p>Il se trouve juste <strong>\u00e0 c\u00f4t\u00e9 du Centre Historique<\/strong>, donc pas tr\u00e8s loin.<\/p><p>La zone du Port, l\u00e0 o\u00f9 se trouve l\u2019Aquarium, est aussi une zone agr\u00e9able pour se promener et faire la digestion des tapas que vous aurez mang\u00e9 au Centre Historique. <\/p><p><\/p><div style=\"height:25px\" aria-hidden=\"true\" class=\"wp-block-spacer\"><\/div><h2 class=\"wp-block-heading\">Ceci peut \u00e9galement vous int\u00e9resser<\/h2><p><a href=\"https:\/\/la-perla.net\/fr\/saint-sebastien-et-ses-alentours\/\" target=\"_blank\" rel=\"noreferrer noopener\">Saint S\u00e9bastien et ses alentours<\/a><\/p><p><a href=\"https:\/\/la-perla.net\/fr\/parcourez-la-plage-de-la-concha\/\" target=\"_blank\" rel=\"noreferrer noopener\">La plage de La Concha<\/a><\/p><p><a href=\"https:\/\/la-perla.net\/fr\/visitez-le-mont-igeldo\/\" target=\"_blank\" rel=\"noreferrer noopener\">Visitez le Mont Igeldo<\/a><\/p>","protected":false},"excerpt":{"rendered":"<p>Que faire et voir \u00e0 Saint S\u00e9bastien Pr\u00e9voyez-vous de vous rendre \u00e0 Saint S\u00e9bastien ? \u00c0 La Perla Thalassoth\u00e9rapie nous vous proposons diff\u00e9rents plans pour que vos vacances \u00e0 Donostia soient parfaites. Parcourez la Plage de la Concha La plus belle plage urbaine d&rsquo;Espagne\u00a0et\u00a0d&rsquo;Europe\u00a0 vous accueillera les bras ouverts \u00e0 n\u2019importe quelle p\u00e9riode de l\u2019ann\u00e9e.&hellip; <\/p>\n<div><a class=\"more-link\" href=\"https:\/\/la-perla.net\/fr\/que-faire-et-voir-a-saint-sebastien\/\">Leer m\u00e1s \u2192<\/a><\/div>\n","protected":false},"author":21579,"featured_media":80514,"parent":0,"menu_order":19,"comment_status":"closed","ping_status":"closed","template":"page_blank_template.php","meta":{"_genesis_hide_title":false,"_genesis_hide_breadcrumbs":false,"_genesis_hide_singular_image":false,"_genesis_hide_footer_widgets":false,"_genesis_custom_body_class":"","_genesis_custom_post_class":"","_genesis_layout":"","footnotes":""},"class_list":{"0":"post-96410","1":"page","2":"type-page","3":"status-publish","4":"has-post-thumbnail","6":"entry"},"yoast_head":"<!-- This site is optimized with the Yoast SEO plugin v25.6 - https:\/\/yoast.com\/wordpress\/plugins\/seo\/ -->\n<title>Que faire et voir \u00e0 Saint S\u00e9bastien | La Perla Thalassoth\u00e9rapie<\/title>\n<meta name=\"description\" content=\"Sur la liste des choses \u00e0 faire \u00e0 San Sebasti\u00e1n, ajoutez l&#039;incontournable promenade \u00e0 travers la Bah\u00eda de la Concha. La meilleure fa\u00e7on de conna\u00eetre Donosti.\" \/>\n<meta name=\"robots\" content=\"index, follow, max-snippet:-1, max-image-preview:large, max-video-preview:-1\" \/>\n<link rel=\"canonical\" href=\"https:\/\/la-perla.net\/fr\/que-faire-et-voir-a-saint-sebastien\/\" \/>\n<meta property=\"og:locale\" content=\"fr_FR\" \/>\n<meta property=\"og:type\" content=\"article\" \/>\n<meta property=\"og:title\" content=\"Que faire et voir \u00e0 Saint S\u00e9bastien | La Perla Thalassoth\u00e9rapie\" \/>\n<meta property=\"og:description\" content=\"Sur la liste des choses \u00e0 faire \u00e0 San Sebasti\u00e1n, ajoutez l&#039;incontournable promenade \u00e0 travers la Bah\u00eda de la Concha. La meilleure fa\u00e7on de conna\u00eetre Donosti.\" \/>\n<meta property=\"og:url\" content=\"https:\/\/la-perla.net\/fr\/que-faire-et-voir-a-saint-sebastien\/\" \/>\n<meta property=\"og:site_name\" content=\"Talasoterapia La Perla \u2022 San Sebasti\u00e1n - Donostia\" \/>\n<meta property=\"article:publisher\" content=\"https:\/\/www.facebook.com\/laperladonosti\/\" \/>\n<meta property=\"article:modified_time\" content=\"2022-12-16T07:19:29+00:00\" \/>\n<meta property=\"og:image\" content=\"https:\/\/la-perla.net\/wp-content\/uploads\/2021\/12\/san-sebastian-peine-del-viento.jpg\" \/>\n\t<meta property=\"og:image:width\" content=\"1299\" \/>\n\t<meta property=\"og:image:height\" content=\"869\" \/>\n\t<meta property=\"og:image:type\" content=\"image\/jpeg\" \/>\n<meta name=\"twitter:card\" content=\"summary_large_image\" \/>\n<meta name=\"twitter:site\" content=\"@LaPerlaDonosti\" \/>\n<meta name=\"twitter:label1\" content=\"Dur\u00e9e de lecture estim\u00e9e\" \/>\n\t<meta name=\"twitter:data1\" content=\"3 minutes\" \/>\n<script type=\"application\/ld+json\" class=\"yoast-schema-graph\">{\"@context\":\"https:\/\/schema.org\",\"@graph\":[{\"@type\":\"WebPage\",\"@id\":\"https:\/\/la-perla.net\/fr\/que-faire-et-voir-a-saint-sebastien\/\",\"url\":\"https:\/\/la-perla.net\/fr\/que-faire-et-voir-a-saint-sebastien\/\",\"name\":\"Que faire et voir \u00e0 Saint S\u00e9bastien | La Perla Thalassoth\u00e9rapie\",\"isPartOf\":{\"@id\":\"https:\/\/la-perla.net\/#website\"},\"primaryImageOfPage\":{\"@id\":\"https:\/\/la-perla.net\/fr\/que-faire-et-voir-a-saint-sebastien\/#primaryimage\"},\"image\":{\"@id\":\"https:\/\/la-perla.net\/fr\/que-faire-et-voir-a-saint-sebastien\/#primaryimage\"},\"thumbnailUrl\":\"https:\/\/la-perla.net\/wp-content\/uploads\/2021\/12\/san-sebastian-peine-del-viento.jpg\",\"datePublished\":\"2022-12-05T12:10:12+00:00\",\"dateModified\":\"2022-12-16T07:19:29+00:00\",\"description\":\"Sur la liste des choses \u00e0 faire \u00e0 San Sebasti\u00e1n, ajoutez l'incontournable promenade \u00e0 travers la Bah\u00eda de la Concha. La meilleure fa\u00e7on de conna\u00eetre Donosti.\",\"breadcrumb\":{\"@id\":\"https:\/\/la-perla.net\/fr\/que-faire-et-voir-a-saint-sebastien\/#breadcrumb\"},\"inLanguage\":\"fr-FR\",\"potentialAction\":[{\"@type\":\"ReadAction\",\"target\":[\"https:\/\/la-perla.net\/fr\/que-faire-et-voir-a-saint-sebastien\/\"]}]},{\"@type\":\"ImageObject\",\"inLanguage\":\"fr-FR\",\"@id\":\"https:\/\/la-perla.net\/fr\/que-faire-et-voir-a-saint-sebastien\/#primaryimage\",\"url\":\"https:\/\/la-perla.net\/wp-content\/uploads\/2021\/12\/san-sebastian-peine-del-viento.jpg\",\"contentUrl\":\"https:\/\/la-perla.net\/wp-content\/uploads\/2021\/12\/san-sebastian-peine-del-viento.jpg\",\"width\":1299,\"height\":869,\"caption\":\"Peine del viento\"},{\"@type\":\"BreadcrumbList\",\"@id\":\"https:\/\/la-perla.net\/fr\/que-faire-et-voir-a-saint-sebastien\/#breadcrumb\",\"itemListElement\":[{\"@type\":\"ListItem\",\"position\":1,\"name\":\"Portada\",\"item\":\"https:\/\/la-perla.net\/fr\/\"},{\"@type\":\"ListItem\",\"position\":2,\"name\":\"QUE FAIRE ET VOIR \u00c0 SAINT S\u00c9BASTIEN\"}]},{\"@type\":\"WebSite\",\"@id\":\"https:\/\/la-perla.net\/#website\",\"url\":\"https:\/\/la-perla.net\/\",\"name\":\"Talasoterapia La Perla \u2022 San Sebasti\u00e1n - Donostia\",\"description\":\"Talasoterapia en Guipuzcoa - Centro de salud, belleza y deporte\",\"publisher\":{\"@id\":\"https:\/\/la-perla.net\/#organization\"},\"potentialAction\":[{\"@type\":\"SearchAction\",\"target\":{\"@type\":\"EntryPoint\",\"urlTemplate\":\"https:\/\/la-perla.net\/?s={search_term_string}\"},\"query-input\":{\"@type\":\"PropertyValueSpecification\",\"valueRequired\":true,\"valueName\":\"search_term_string\"}}],\"inLanguage\":\"fr-FR\"},{\"@type\":\"Organization\",\"@id\":\"https:\/\/la-perla.net\/#organization\",\"name\":\"La Perla\",\"url\":\"https:\/\/la-perla.net\/\",\"logo\":{\"@type\":\"ImageObject\",\"inLanguage\":\"fr-FR\",\"@id\":\"https:\/\/la-perla.net\/#\/schema\/logo\/image\/\",\"url\":\"https:\/\/la-perla.net\/wp-content\/uploads\/2020\/09\/talasoterapia-la-perla.png\",\"contentUrl\":\"https:\/\/la-perla.net\/wp-content\/uploads\/2020\/09\/talasoterapia-la-perla.png\",\"width\":191,\"height\":51,\"caption\":\"La Perla\"},\"image\":{\"@id\":\"https:\/\/la-perla.net\/#\/schema\/logo\/image\/\"},\"sameAs\":[\"https:\/\/www.facebook.com\/laperladonosti\/\",\"https:\/\/x.com\/LaPerlaDonosti\",\"https:\/\/www.instagram.com\/laperladonosti\/?hl=es\",\"https:\/\/www.youtube.com\/channel\/UChQhp12N7Lg6ZrOcmAJAy4g\"]}]}<\/script>\n<!-- \/ Yoast SEO plugin. -->","yoast_head_json":{"title":"Que faire et voir \u00e0 Saint S\u00e9bastien | La Perla Thalassoth\u00e9rapie","description":"Sur la liste des choses \u00e0 faire \u00e0 San Sebasti\u00e1n, ajoutez l'incontournable promenade \u00e0 travers la Bah\u00eda de la Concha. La meilleure fa\u00e7on de conna\u00eetre Donosti.","robots":{"index":"index","follow":"follow","max-snippet":"max-snippet:-1","max-image-preview":"max-image-preview:large","max-video-preview":"max-video-preview:-1"},"canonical":"https:\/\/la-perla.net\/fr\/que-faire-et-voir-a-saint-sebastien\/","og_locale":"fr_FR","og_type":"article","og_title":"Que faire et voir \u00e0 Saint S\u00e9bastien | La Perla Thalassoth\u00e9rapie","og_description":"Sur la liste des choses \u00e0 faire \u00e0 San Sebasti\u00e1n, ajoutez l'incontournable promenade \u00e0 travers la Bah\u00eda de la Concha. La meilleure fa\u00e7on de conna\u00eetre Donosti.","og_url":"https:\/\/la-perla.net\/fr\/que-faire-et-voir-a-saint-sebastien\/","og_site_name":"Talasoterapia La Perla \u2022 San Sebasti\u00e1n - Donostia","article_publisher":"https:\/\/www.facebook.com\/laperladonosti\/","article_modified_time":"2022-12-16T07:19:29+00:00","og_image":[{"width":1299,"height":869,"url":"https:\/\/la-perla.net\/wp-content\/uploads\/2021\/12\/san-sebastian-peine-del-viento.jpg","type":"image\/jpeg"}],"twitter_card":"summary_large_image","twitter_site":"@LaPerlaDonosti","twitter_misc":{"Dur\u00e9e de lecture estim\u00e9e":"3 minutes"},"schema":{"@context":"https:\/\/schema.org","@graph":[{"@type":"WebPage","@id":"https:\/\/la-perla.net\/fr\/que-faire-et-voir-a-saint-sebastien\/","url":"https:\/\/la-perla.net\/fr\/que-faire-et-voir-a-saint-sebastien\/","name":"Que faire et voir \u00e0 Saint S\u00e9bastien | La Perla Thalassoth\u00e9rapie","isPartOf":{"@id":"https:\/\/la-perla.net\/#website"},"primaryImageOfPage":{"@id":"https:\/\/la-perla.net\/fr\/que-faire-et-voir-a-saint-sebastien\/#primaryimage"},"image":{"@id":"https:\/\/la-perla.net\/fr\/que-faire-et-voir-a-saint-sebastien\/#primaryimage"},"thumbnailUrl":"https:\/\/la-perla.net\/wp-content\/uploads\/2021\/12\/san-sebastian-peine-del-viento.jpg","datePublished":"2022-12-05T12:10:12+00:00","dateModified":"2022-12-16T07:19:29+00:00","description":"Sur la liste des choses \u00e0 faire \u00e0 San Sebasti\u00e1n, ajoutez l'incontournable promenade \u00e0 travers la Bah\u00eda de la Concha. La meilleure fa\u00e7on de conna\u00eetre Donosti.","breadcrumb":{"@id":"https:\/\/la-perla.net\/fr\/que-faire-et-voir-a-saint-sebastien\/#breadcrumb"},"inLanguage":"fr-FR","potentialAction":[{"@type":"ReadAction","target":["https:\/\/la-perla.net\/fr\/que-faire-et-voir-a-saint-sebastien\/"]}]},{"@type":"ImageObject","inLanguage":"fr-FR","@id":"https:\/\/la-perla.net\/fr\/que-faire-et-voir-a-saint-sebastien\/#primaryimage","url":"https:\/\/la-perla.net\/wp-content\/uploads\/2021\/12\/san-sebastian-peine-del-viento.jpg","contentUrl":"https:\/\/la-perla.net\/wp-content\/uploads\/2021\/12\/san-sebastian-peine-del-viento.jpg","width":1299,"height":869,"caption":"Peine del viento"},{"@type":"BreadcrumbList","@id":"https:\/\/la-perla.net\/fr\/que-faire-et-voir-a-saint-sebastien\/#breadcrumb","itemListElement":[{"@type":"ListItem","position":1,"name":"Portada","item":"https:\/\/la-perla.net\/fr\/"},{"@type":"ListItem","position":2,"name":"QUE FAIRE ET VOIR \u00c0 SAINT S\u00c9BASTIEN"}]},{"@type":"WebSite","@id":"https:\/\/la-perla.net\/#website","url":"https:\/\/la-perla.net\/","name":"Talasoterapia La Perla \u2022 San Sebasti\u00e1n - Donostia","description":"Talasoterapia en Guipuzcoa - Centro de salud, belleza y deporte","publisher":{"@id":"https:\/\/la-perla.net\/#organization"},"potentialAction":[{"@type":"SearchAction","target":{"@type":"EntryPoint","urlTemplate":"https:\/\/la-perla.net\/?s={search_term_string}"},"query-input":{"@type":"PropertyValueSpecification","valueRequired":true,"valueName":"search_term_string"}}],"inLanguage":"fr-FR"},{"@type":"Organization","@id":"https:\/\/la-perla.net\/#organization","name":"La Perla","url":"https:\/\/la-perla.net\/","logo":{"@type":"ImageObject","inLanguage":"fr-FR","@id":"https:\/\/la-perla.net\/#\/schema\/logo\/image\/","url":"https:\/\/la-perla.net\/wp-content\/uploads\/2020\/09\/talasoterapia-la-perla.png","contentUrl":"https:\/\/la-perla.net\/wp-content\/uploads\/2020\/09\/talasoterapia-la-perla.png","width":191,"height":51,"caption":"La Perla"},"image":{"@id":"https:\/\/la-perla.net\/#\/schema\/logo\/image\/"},"sameAs":["https:\/\/www.facebook.com\/laperladonosti\/","https:\/\/x.com\/LaPerlaDonosti","https:\/\/www.instagram.com\/laperladonosti\/?hl=es","https:\/\/www.youtube.com\/channel\/UChQhp12N7Lg6ZrOcmAJAy4g"]}]}},"_links":{"self":[{"href":"https:\/\/la-perla.net\/fr\/wp-json\/wp\/v2\/pages\/96410"}],"collection":[{"href":"https:\/\/la-perla.net\/fr\/wp-json\/wp\/v2\/pages"}],"about":[{"href":"https:\/\/la-perla.net\/fr\/wp-json\/wp\/v2\/types\/page"}],"author":[{"embeddable":true,"href":"https:\/\/la-perla.net\/fr\/wp-json\/wp\/v2\/users\/21579"}],"replies":[{"embeddable":true,"href":"https:\/\/la-perla.net\/fr\/wp-json\/wp\/v2\/comments?post=96410"}],"version-history":[{"count":0,"href":"https:\/\/la-perla.net\/fr\/wp-json\/wp\/v2\/pages\/96410\/revisions"}],"wp:featuredmedia":[{"embeddable":true,"href":"https:\/\/la-perla.net\/fr\/wp-json\/wp\/v2\/media\/80514"}],"wp:attachment":[{"href":"https:\/\/la-perla.net\/fr\/wp-json\/wp\/v2\/media?parent=96410"}],"curies":[{"name":"wp","href":"https:\/\/api.w.org\/{rel}","templated":true}]}}