{"id":96415,"date":"2022-12-05T13:16:26","date_gmt":"2022-12-05T12:16:26","guid":{"rendered":"https:\/\/la-perla.net\/saint-sebastien-et-ses-alentours\/"},"modified":"2022-12-16T08:23:43","modified_gmt":"2022-12-16T07:23:43","slug":"saint-sebastien-et-ses-alentours","status":"publish","type":"page","link":"https:\/\/la-perla.net\/fr\/saint-sebastien-et-ses-alentours\/","title":{"rendered":"SAINT S\u00c9BASTIEN ET SES ALENTOURS"},"content":{"rendered":"<h1 class=\"wp-block-heading\"><strong>Saint S\u00e9bastien et ses alentours<\/strong><\/h1><figure class=\"wp-block-image size-large is-resized\"><img decoding=\"async\" src=\"https:\/\/la-perla.net\/wp-content\/uploads\/2021\/12\/san-sebastian-y-alrededores-1024x460.jpg\" alt=\"Saint S&#xE9;bastien et ses alentours\" class=\"wp-image-80520\" width=\"1200\" srcset=\"https:\/\/la-perla.net\/wp-content\/uploads\/2021\/12\/san-sebastian-y-alrededores-1024x460.jpg 1024w, https:\/\/la-perla.net\/wp-content\/uploads\/2021\/12\/san-sebastian-y-alrededores-300x135.jpg 300w, https:\/\/la-perla.net\/wp-content\/uploads\/2021\/12\/san-sebastian-y-alrededores-768x345.jpg 768w, https:\/\/la-perla.net\/wp-content\/uploads\/2021\/12\/san-sebastian-y-alrededores-540x243.jpg 540w, https:\/\/la-perla.net\/wp-content\/uploads\/2021\/12\/san-sebastian-y-alrededores-408x183.jpg 408w, https:\/\/la-perla.net\/wp-content\/uploads\/2021\/12\/san-sebastian-y-alrededores-255x115.jpg 255w, https:\/\/la-perla.net\/wp-content\/uploads\/2021\/12\/san-sebastian-y-alrededores-555x250.jpg 555w, https:\/\/la-perla.net\/wp-content\/uploads\/2021\/12\/san-sebastian-y-alrededores-360x162.jpg 360w, https:\/\/la-perla.net\/wp-content\/uploads\/2021\/12\/san-sebastian-y-alrededores-262x118.jpg 262w, https:\/\/la-perla.net\/wp-content\/uploads\/2021\/12\/san-sebastian-y-alrededores-600x270.jpg 600w, https:\/\/la-perla.net\/wp-content\/uploads\/2021\/12\/san-sebastian-y-alrededores.jpg 1299w\" sizes=\"(max-width: 1024px) 100vw, 1024px\" \/><\/figure><div style=\"height:25px\" aria-hidden=\"true\" class=\"wp-block-spacer\"><\/div><p>Aussi bien la ville de Saint S\u00e9bastien que ses alentours vous permettent de profiter, pendant quelques jours, de paysages magnifiques \u00e0 l\u2019int\u00e9rieur et \u00e0 l\u2019ext\u00e9rieur de la province de Gipuzkoa. Maintenant, nous allons vous indiquer les endroits qu\u2019<strong>il ne faut pas manquer autour de Saint S\u00e9bastien<\/strong>.<\/p><h2 class=\"wp-block-heading\"><strong><strong>Le Pays Basque fran\u00e7ais<\/strong><\/strong><\/h2><p>La chance de la ville de Saint S\u00e9bastien est de permettre aux visiteurs de traverser la fronti\u00e8re rapidement et facilement pour pouvoir visiter certains villages du <strong>Pays Basque fran\u00e7ais.<\/strong> Nous vous conseillons d\u2019aller \u00e0 <strong>Hondarribia<\/strong>, situ\u00e9 \u00e0 la limite entre\u00a0<a href=\"https:\/\/interrailero.com\/viajes\/espana\/\" target=\"_blank\" rel=\"noreferrer noopener\">l&rsquo;Espagne<\/a>\u00a0et\u00a0<a href=\"https:\/\/interrailero.com\/viajes\/francia\/\">la France<\/a>, puis de visiter <strong>Hendaye<\/strong>, le premier village fran\u00e7ais, ainsi que<strong> Saint Jean de Luz, Biarritz et Bayonne. <\/strong><\/p><h2 class=\"wp-block-heading\"><strong><strong>Bilbao<\/strong><\/strong><\/h2><p>La plus grande ville du <strong>Pays Basque<\/strong> est plus \u00e0 la mode que jamais. Le Guggenheim a apport\u00e9 de nombreuses choses positives \u00e0 cette ville basque et a attir\u00e9 de nombreux profils curieux qui veulent admirer aussi bien le mus\u00e9e que la ville. Le patrimoine architectural de la ville se compose d\u2019une magnifique cath\u00e9drale, de la Place Mayor et d\u2019une rivi\u00e8re fr\u00e9quent\u00e9e et distrayante. Et que dire sur les tapas \u00e0 part que ce sont un vrai plaisir pour le palais. <\/p><h2 class=\"wp-block-heading\"><strong>La c\u00f4te de Gipuzkoa<\/strong><\/h2><p>La meilleure fa\u00e7on de d\u00e9couvrir la province de Gipuzkoa est de parcourir chaque kilom\u00e8tre de sa c\u00f4te maritime. Vous pouvez partir de <strong>Zumaia<\/strong>, village situ\u00e9 pr\u00e8s de l\u2019embouchure de la rivi\u00e8re Zuola, et longer la mer jusqu\u2019\u00e0 arriver au magnifique village de <strong>Getaria<\/strong>. Ici, vous serez s\u00e9duit par l\u2019\u00c9glise de Saint Sauveur et la c\u00e9l\u00e8bre <strong>Souris de Getaria<\/strong>. Continuez la route jusqu\u2019\u00e0 Zarauz, probablement le village le plus c\u00e9l\u00e8bre de tous, o\u00f9 vous pourrez longer la promenade maritime et m\u00eame vous baigner dans la mer, votre circulation sanguine vous remerciera.<\/p><p><\/p><div style=\"height:25px\" aria-hidden=\"true\" class=\"wp-block-spacer\"><\/div><h2 class=\"wp-block-heading\">Ceci peut \u00e9galement vous int\u00e9resser<\/h2><p><a href=\"https:\/\/la-perla.net\/fr\/que-faire-et-voir-a-saint-sebastien\/\" target=\"_blank\" rel=\"noreferrer noopener\">Que voir et faire \u00e0 Saint S\u00e9bastien<\/a><\/p><p><a href=\"https:\/\/la-perla.net\/fr\/parcourez-la-plage-de-la-concha\/\" target=\"_blank\" rel=\"noreferrer noopener\">La Plage de La Concha<\/a><\/p><p><a href=\"https:\/\/la-perla.net\/fr\/visitez-le-mont-igeldo\/\" target=\"_blank\" rel=\"noreferrer noopener\">Visitez le Mont Igeldo<\/a><\/p>","protected":false},"excerpt":{"rendered":"<p>Saint S\u00e9bastien et ses alentours Aussi bien la ville de Saint S\u00e9bastien que ses alentours vous permettent de profiter, pendant quelques jours, de paysages magnifiques \u00e0 l\u2019int\u00e9rieur et \u00e0 l\u2019ext\u00e9rieur de la province de Gipuzkoa. Maintenant, nous allons vous indiquer les endroits qu\u2019il ne faut pas manquer autour de Saint S\u00e9bastien. Le Pays Basque fran\u00e7ais&hellip; <\/p>\n<div><a class=\"more-link\" href=\"https:\/\/la-perla.net\/fr\/saint-sebastien-et-ses-alentours\/\">Leer m\u00e1s \u2192<\/a><\/div>\n","protected":false},"author":21579,"featured_media":80523,"parent":0,"menu_order":18,"comment_status":"closed","ping_status":"closed","template":"page_blank_template.php","meta":{"_genesis_hide_title":false,"_genesis_hide_breadcrumbs":false,"_genesis_hide_singular_image":false,"_genesis_hide_footer_widgets":false,"_genesis_custom_body_class":"","_genesis_custom_post_class":"","_genesis_layout":"","footnotes":""},"class_list":{"0":"post-96415","1":"page","2":"type-page","3":"status-publish","4":"has-post-thumbnail","6":"entry"},"yoast_head":"<!-- This site is optimized with the Yoast SEO plugin v25.6 - https:\/\/yoast.com\/wordpress\/plugins\/seo\/ -->\n<title>Saint S\u00e9bastien et ses alentours | La Perla Thalassoth\u00e9rapie<\/title>\n<meta name=\"description\" content=\"Venez \u00e0 San Sebasti\u00e1n et d\u00e9couvrez ses alentours. Ici, nous vous laissons une liste d&#039;endroits pr\u00e8s de Donosti \u00e0 visiter. Vaut la peine.\" \/>\n<meta name=\"robots\" content=\"index, follow, max-snippet:-1, max-image-preview:large, max-video-preview:-1\" \/>\n<link rel=\"canonical\" href=\"https:\/\/la-perla.net\/fr\/saint-sebastien-et-ses-alentours\/\" \/>\n<meta property=\"og:locale\" content=\"fr_FR\" \/>\n<meta property=\"og:type\" content=\"article\" \/>\n<meta property=\"og:title\" content=\"Saint S\u00e9bastien et ses alentours | La Perla Thalassoth\u00e9rapie\" \/>\n<meta property=\"og:description\" content=\"Venez \u00e0 San Sebasti\u00e1n et d\u00e9couvrez ses alentours. Ici, nous vous laissons une liste d&#039;endroits pr\u00e8s de Donosti \u00e0 visiter. Vaut la peine.\" \/>\n<meta property=\"og:url\" content=\"https:\/\/la-perla.net\/fr\/saint-sebastien-et-ses-alentours\/\" \/>\n<meta property=\"og:site_name\" content=\"Talasoterapia La Perla \u2022 San Sebasti\u00e1n - Donostia\" \/>\n<meta property=\"article:publisher\" content=\"https:\/\/www.facebook.com\/laperladonosti\/\" \/>\n<meta property=\"article:modified_time\" content=\"2022-12-16T07:23:43+00:00\" \/>\n<meta property=\"og:image\" content=\"https:\/\/la-perla.net\/wp-content\/uploads\/2021\/12\/san-sebastian-y-alrededores.jpg\" \/>\n\t<meta property=\"og:image:width\" content=\"1299\" \/>\n\t<meta property=\"og:image:height\" content=\"584\" \/>\n\t<meta property=\"og:image:type\" content=\"image\/jpeg\" \/>\n<meta name=\"twitter:card\" content=\"summary_large_image\" \/>\n<meta name=\"twitter:site\" content=\"@LaPerlaDonosti\" \/>\n<meta name=\"twitter:label1\" content=\"Dur\u00e9e de lecture estim\u00e9e\" \/>\n\t<meta name=\"twitter:data1\" content=\"2 minutes\" \/>\n<script type=\"application\/ld+json\" class=\"yoast-schema-graph\">{\"@context\":\"https:\/\/schema.org\",\"@graph\":[{\"@type\":\"WebPage\",\"@id\":\"https:\/\/la-perla.net\/fr\/saint-sebastien-et-ses-alentours\/\",\"url\":\"https:\/\/la-perla.net\/fr\/saint-sebastien-et-ses-alentours\/\",\"name\":\"Saint S\u00e9bastien et ses alentours | La Perla Thalassoth\u00e9rapie\",\"isPartOf\":{\"@id\":\"https:\/\/la-perla.net\/#website\"},\"primaryImageOfPage\":{\"@id\":\"https:\/\/la-perla.net\/fr\/saint-sebastien-et-ses-alentours\/#primaryimage\"},\"image\":{\"@id\":\"https:\/\/la-perla.net\/fr\/saint-sebastien-et-ses-alentours\/#primaryimage\"},\"thumbnailUrl\":\"https:\/\/la-perla.net\/wp-content\/uploads\/2021\/12\/san-sebastian-y-alrededores.jpg\",\"datePublished\":\"2022-12-05T12:16:26+00:00\",\"dateModified\":\"2022-12-16T07:23:43+00:00\",\"description\":\"Venez \u00e0 San Sebasti\u00e1n et d\u00e9couvrez ses alentours. Ici, nous vous laissons une liste d'endroits pr\u00e8s de Donosti \u00e0 visiter. Vaut la peine.\",\"breadcrumb\":{\"@id\":\"https:\/\/la-perla.net\/fr\/saint-sebastien-et-ses-alentours\/#breadcrumb\"},\"inLanguage\":\"fr-FR\",\"potentialAction\":[{\"@type\":\"ReadAction\",\"target\":[\"https:\/\/la-perla.net\/fr\/saint-sebastien-et-ses-alentours\/\"]}]},{\"@type\":\"ImageObject\",\"inLanguage\":\"fr-FR\",\"@id\":\"https:\/\/la-perla.net\/fr\/saint-sebastien-et-ses-alentours\/#primaryimage\",\"url\":\"https:\/\/la-perla.net\/wp-content\/uploads\/2021\/12\/san-sebastian-y-alrededores.jpg\",\"contentUrl\":\"https:\/\/la-perla.net\/wp-content\/uploads\/2021\/12\/san-sebastian-y-alrededores.jpg\",\"width\":1299,\"height\":584,\"caption\":\"san sebastian y sus alrededores\"},{\"@type\":\"BreadcrumbList\",\"@id\":\"https:\/\/la-perla.net\/fr\/saint-sebastien-et-ses-alentours\/#breadcrumb\",\"itemListElement\":[{\"@type\":\"ListItem\",\"position\":1,\"name\":\"Portada\",\"item\":\"https:\/\/la-perla.net\/fr\/\"},{\"@type\":\"ListItem\",\"position\":2,\"name\":\"SAINT S\u00c9BASTIEN ET SES ALENTOURS\"}]},{\"@type\":\"WebSite\",\"@id\":\"https:\/\/la-perla.net\/#website\",\"url\":\"https:\/\/la-perla.net\/\",\"name\":\"Talasoterapia La Perla \u2022 San Sebasti\u00e1n - Donostia\",\"description\":\"Talasoterapia en Guipuzcoa - Centro de salud, belleza y deporte\",\"publisher\":{\"@id\":\"https:\/\/la-perla.net\/#organization\"},\"potentialAction\":[{\"@type\":\"SearchAction\",\"target\":{\"@type\":\"EntryPoint\",\"urlTemplate\":\"https:\/\/la-perla.net\/?s={search_term_string}\"},\"query-input\":{\"@type\":\"PropertyValueSpecification\",\"valueRequired\":true,\"valueName\":\"search_term_string\"}}],\"inLanguage\":\"fr-FR\"},{\"@type\":\"Organization\",\"@id\":\"https:\/\/la-perla.net\/#organization\",\"name\":\"La Perla\",\"url\":\"https:\/\/la-perla.net\/\",\"logo\":{\"@type\":\"ImageObject\",\"inLanguage\":\"fr-FR\",\"@id\":\"https:\/\/la-perla.net\/#\/schema\/logo\/image\/\",\"url\":\"https:\/\/la-perla.net\/wp-content\/uploads\/2020\/09\/talasoterapia-la-perla.png\",\"contentUrl\":\"https:\/\/la-perla.net\/wp-content\/uploads\/2020\/09\/talasoterapia-la-perla.png\",\"width\":191,\"height\":51,\"caption\":\"La Perla\"},\"image\":{\"@id\":\"https:\/\/la-perla.net\/#\/schema\/logo\/image\/\"},\"sameAs\":[\"https:\/\/www.facebook.com\/laperladonosti\/\",\"https:\/\/x.com\/LaPerlaDonosti\",\"https:\/\/www.instagram.com\/laperladonosti\/?hl=es\",\"https:\/\/www.youtube.com\/channel\/UChQhp12N7Lg6ZrOcmAJAy4g\"]}]}<\/script>\n<!-- \/ Yoast SEO plugin. -->","yoast_head_json":{"title":"Saint S\u00e9bastien et ses alentours | La Perla Thalassoth\u00e9rapie","description":"Venez \u00e0 San Sebasti\u00e1n et d\u00e9couvrez ses alentours. Ici, nous vous laissons une liste d'endroits pr\u00e8s de Donosti \u00e0 visiter. Vaut la peine.","robots":{"index":"index","follow":"follow","max-snippet":"max-snippet:-1","max-image-preview":"max-image-preview:large","max-video-preview":"max-video-preview:-1"},"canonical":"https:\/\/la-perla.net\/fr\/saint-sebastien-et-ses-alentours\/","og_locale":"fr_FR","og_type":"article","og_title":"Saint S\u00e9bastien et ses alentours | La Perla Thalassoth\u00e9rapie","og_description":"Venez \u00e0 San Sebasti\u00e1n et d\u00e9couvrez ses alentours. Ici, nous vous laissons une liste d'endroits pr\u00e8s de Donosti \u00e0 visiter. Vaut la peine.","og_url":"https:\/\/la-perla.net\/fr\/saint-sebastien-et-ses-alentours\/","og_site_name":"Talasoterapia La Perla \u2022 San Sebasti\u00e1n - Donostia","article_publisher":"https:\/\/www.facebook.com\/laperladonosti\/","article_modified_time":"2022-12-16T07:23:43+00:00","og_image":[{"width":1299,"height":584,"url":"https:\/\/la-perla.net\/wp-content\/uploads\/2021\/12\/san-sebastian-y-alrededores.jpg","type":"image\/jpeg"}],"twitter_card":"summary_large_image","twitter_site":"@LaPerlaDonosti","twitter_misc":{"Dur\u00e9e de lecture estim\u00e9e":"2 minutes"},"schema":{"@context":"https:\/\/schema.org","@graph":[{"@type":"WebPage","@id":"https:\/\/la-perla.net\/fr\/saint-sebastien-et-ses-alentours\/","url":"https:\/\/la-perla.net\/fr\/saint-sebastien-et-ses-alentours\/","name":"Saint S\u00e9bastien et ses alentours | La Perla Thalassoth\u00e9rapie","isPartOf":{"@id":"https:\/\/la-perla.net\/#website"},"primaryImageOfPage":{"@id":"https:\/\/la-perla.net\/fr\/saint-sebastien-et-ses-alentours\/#primaryimage"},"image":{"@id":"https:\/\/la-perla.net\/fr\/saint-sebastien-et-ses-alentours\/#primaryimage"},"thumbnailUrl":"https:\/\/la-perla.net\/wp-content\/uploads\/2021\/12\/san-sebastian-y-alrededores.jpg","datePublished":"2022-12-05T12:16:26+00:00","dateModified":"2022-12-16T07:23:43+00:00","description":"Venez \u00e0 San Sebasti\u00e1n et d\u00e9couvrez ses alentours. Ici, nous vous laissons une liste d'endroits pr\u00e8s de Donosti \u00e0 visiter. Vaut la peine.","breadcrumb":{"@id":"https:\/\/la-perla.net\/fr\/saint-sebastien-et-ses-alentours\/#breadcrumb"},"inLanguage":"fr-FR","potentialAction":[{"@type":"ReadAction","target":["https:\/\/la-perla.net\/fr\/saint-sebastien-et-ses-alentours\/"]}]},{"@type":"ImageObject","inLanguage":"fr-FR","@id":"https:\/\/la-perla.net\/fr\/saint-sebastien-et-ses-alentours\/#primaryimage","url":"https:\/\/la-perla.net\/wp-content\/uploads\/2021\/12\/san-sebastian-y-alrededores.jpg","contentUrl":"https:\/\/la-perla.net\/wp-content\/uploads\/2021\/12\/san-sebastian-y-alrededores.jpg","width":1299,"height":584,"caption":"san sebastian y sus alrededores"},{"@type":"BreadcrumbList","@id":"https:\/\/la-perla.net\/fr\/saint-sebastien-et-ses-alentours\/#breadcrumb","itemListElement":[{"@type":"ListItem","position":1,"name":"Portada","item":"https:\/\/la-perla.net\/fr\/"},{"@type":"ListItem","position":2,"name":"SAINT S\u00c9BASTIEN ET SES ALENTOURS"}]},{"@type":"WebSite","@id":"https:\/\/la-perla.net\/#website","url":"https:\/\/la-perla.net\/","name":"Talasoterapia La Perla \u2022 San Sebasti\u00e1n - Donostia","description":"Talasoterapia en Guipuzcoa - Centro de salud, belleza y deporte","publisher":{"@id":"https:\/\/la-perla.net\/#organization"},"potentialAction":[{"@type":"SearchAction","target":{"@type":"EntryPoint","urlTemplate":"https:\/\/la-perla.net\/?s={search_term_string}"},"query-input":{"@type":"PropertyValueSpecification","valueRequired":true,"valueName":"search_term_string"}}],"inLanguage":"fr-FR"},{"@type":"Organization","@id":"https:\/\/la-perla.net\/#organization","name":"La Perla","url":"https:\/\/la-perla.net\/","logo":{"@type":"ImageObject","inLanguage":"fr-FR","@id":"https:\/\/la-perla.net\/#\/schema\/logo\/image\/","url":"https:\/\/la-perla.net\/wp-content\/uploads\/2020\/09\/talasoterapia-la-perla.png","contentUrl":"https:\/\/la-perla.net\/wp-content\/uploads\/2020\/09\/talasoterapia-la-perla.png","width":191,"height":51,"caption":"La Perla"},"image":{"@id":"https:\/\/la-perla.net\/#\/schema\/logo\/image\/"},"sameAs":["https:\/\/www.facebook.com\/laperladonosti\/","https:\/\/x.com\/LaPerlaDonosti","https:\/\/www.instagram.com\/laperladonosti\/?hl=es","https:\/\/www.youtube.com\/channel\/UChQhp12N7Lg6ZrOcmAJAy4g"]}]}},"_links":{"self":[{"href":"https:\/\/la-perla.net\/fr\/wp-json\/wp\/v2\/pages\/96415"}],"collection":[{"href":"https:\/\/la-perla.net\/fr\/wp-json\/wp\/v2\/pages"}],"about":[{"href":"https:\/\/la-perla.net\/fr\/wp-json\/wp\/v2\/types\/page"}],"author":[{"embeddable":true,"href":"https:\/\/la-perla.net\/fr\/wp-json\/wp\/v2\/users\/21579"}],"replies":[{"embeddable":true,"href":"https:\/\/la-perla.net\/fr\/wp-json\/wp\/v2\/comments?post=96415"}],"version-history":[{"count":0,"href":"https:\/\/la-perla.net\/fr\/wp-json\/wp\/v2\/pages\/96415\/revisions"}],"wp:featuredmedia":[{"embeddable":true,"href":"https:\/\/la-perla.net\/fr\/wp-json\/wp\/v2\/media\/80523"}],"wp:attachment":[{"href":"https:\/\/la-perla.net\/fr\/wp-json\/wp\/v2\/media?parent=96415"}],"curies":[{"name":"wp","href":"https:\/\/api.w.org\/{rel}","templated":true}]}}