{"id":96416,"date":"2022-12-05T13:20:24","date_gmt":"2022-12-05T12:20:24","guid":{"rendered":"https:\/\/la-perla.net\/parcourez-la-plage-de-la-concha\/"},"modified":"2022-12-16T08:26:04","modified_gmt":"2022-12-16T07:26:04","slug":"parcourez-la-plage-de-la-concha","status":"publish","type":"page","link":"https:\/\/la-perla.net\/fr\/parcourez-la-plage-de-la-concha\/","title":{"rendered":"PARCOUREZ LA PLAGE DE LA CONCHA"},"content":{"rendered":"<h1 class=\"wp-block-heading\"><strong>Parcourez la plage de La Concha<\/strong><\/h1><figure class=\"wp-block-image size-large is-resized\"><img decoding=\"async\" src=\"https:\/\/la-perla.net\/wp-content\/uploads\/2021\/12\/playa-de-la-concha-1024x684.jpg\" alt=\"playa de la concha barandilla\" class=\"wp-image-80528\" width=\"1200\" srcset=\"https:\/\/la-perla.net\/wp-content\/uploads\/2021\/12\/playa-de-la-concha-1024x684.jpg 1024w, https:\/\/la-perla.net\/wp-content\/uploads\/2021\/12\/playa-de-la-concha-300x200.jpg 300w, https:\/\/la-perla.net\/wp-content\/uploads\/2021\/12\/playa-de-la-concha-768x513.jpg 768w, https:\/\/la-perla.net\/wp-content\/uploads\/2021\/12\/playa-de-la-concha-786x524.jpg 786w, https:\/\/la-perla.net\/wp-content\/uploads\/2021\/12\/playa-de-la-concha-540x361.jpg 540w, https:\/\/la-perla.net\/wp-content\/uploads\/2021\/12\/playa-de-la-concha-408x273.jpg 408w, https:\/\/la-perla.net\/wp-content\/uploads\/2021\/12\/playa-de-la-concha-255x170.jpg 255w, https:\/\/la-perla.net\/wp-content\/uploads\/2021\/12\/playa-de-la-concha-555x371.jpg 555w, https:\/\/la-perla.net\/wp-content\/uploads\/2021\/12\/playa-de-la-concha-360x241.jpg 360w, https:\/\/la-perla.net\/wp-content\/uploads\/2021\/12\/playa-de-la-concha-262x175.jpg 262w, https:\/\/la-perla.net\/wp-content\/uploads\/2021\/12\/playa-de-la-concha-863x575.jpg 863w, https:\/\/la-perla.net\/wp-content\/uploads\/2021\/12\/playa-de-la-concha-413x275.jpg 413w, https:\/\/la-perla.net\/wp-content\/uploads\/2021\/12\/playa-de-la-concha-400x267.jpg 400w, https:\/\/la-perla.net\/wp-content\/uploads\/2021\/12\/playa-de-la-concha-600x401.jpg 600w, https:\/\/la-perla.net\/wp-content\/uploads\/2021\/12\/playa-de-la-concha.jpg 1299w\" sizes=\"(max-width: 1024px) 100vw, 1024px\" \/><\/figure><div style=\"height:25px\" aria-hidden=\"true\" class=\"wp-block-spacer\"><\/div><p>La Plage de la Concha est l\u2019endroit embl\u00e9matique de Saint S\u00e9bastien. Il n\u2019existe pas beaucoup d\u2019autres images aussi embl\u00e9matiques que cette plage de Saint S\u00e9bastien dans toute l\u2019Espagne. <em>La Perla Thalassoth\u00e9rapie<\/em> vous rapproche un peu plus de cette plage incroyable. <\/p><h2 class=\"wp-block-heading\"><strong>La plage la plus fr\u00e9quent\u00e9e des trois<\/strong><\/h2><p>Sur les trois plages de la ville (les deux autres sont Ondarreta et la Zurriola), la Concha est la plus fr\u00e9quent\u00e9e, et de loin, et elle est \u00e9galement <strong>un point de r\u00e9f\u00e9rence pour beaucoup de touristes<\/strong>.<\/p><h2 class=\"wp-block-heading\"><strong>La Balustrade de la Concha<\/strong><\/h2><p>La promenade de la Concha pr\u00e9sente un certain caract\u00e8re de baln\u00e9aire gr\u00e2ce \u00e0 sa <strong>magnifique balustrade<\/strong>, \u0153uvre de Mariano Arrieta, et \u00e0 ses <strong>horloges imposantes<\/strong>. Ce que vous pouvez faire de mieux est de la parcourir tranquillement afin d\u2019admirer chaque recoin.<\/p><h2 class=\"wp-block-heading\"><strong>Sable Dor\u00e9<\/strong><\/h2><p>Son sable dor\u00e9 et ses <strong>1350 m\u00e8tres de longueur<\/strong> vous donnent la possibilit\u00e9 de pratiquer de nombreuses activit\u00e9s aquatiques. Une structure avec des toboggans et des tremplins est install\u00e9e dans la mer pendant la saison estivale pour que vous puissiez profiter encore plus de votre baignade.<\/p><p>Nous recommandons de faire la promenade qui d\u00e9marre \u00e0 la mairie et qui arrive au Peigne du Vent. Vous longerez la plage de La Concha et vous arriverez \u00e0 la plage voisine d\u2019Ondarreta, apr\u00e8s \u00eatre pass\u00e9 devant le Pico del Loro. <\/p><div style=\"height:25px\" aria-hidden=\"true\" class=\"wp-block-spacer\"><\/div><h2 class=\"wp-block-heading\">Ceci peut \u00e9galement vous int\u00e9resser<\/h2><p><a href=\"https:\/\/la-perla.net\/fr\/que-faire-et-voir-a-saint-sebastien\/\" target=\"_blank\" rel=\"noreferrer noopener\">Que voir et faire \u00e0 Saint S\u00e9bastien<\/a><\/p><p><a href=\"https:\/\/la-perla.net\/fr\/saint-sebastien-et-ses-alentours\/\" target=\"_blank\" rel=\"noreferrer noopener\">Saint S\u00e9bastien et ses alentours<\/a><\/p><p><a href=\"https:\/\/la-perla.net\/fr\/visitez-le-mont-igeldo\/\" target=\"_blank\" rel=\"noreferrer noopener\">Visitez le Mont Igeldo<\/a><\/p>","protected":false},"excerpt":{"rendered":"<p>Parcourez la plage de La Concha La Plage de la Concha est l\u2019endroit embl\u00e9matique de Saint S\u00e9bastien. Il n\u2019existe pas beaucoup d\u2019autres images aussi embl\u00e9matiques que cette plage de Saint S\u00e9bastien dans toute l\u2019Espagne. La Perla Thalassoth\u00e9rapie vous rapproche un peu plus de cette plage incroyable. La plage la plus fr\u00e9quent\u00e9e des trois Sur les&hellip; <\/p>\n<div><a class=\"more-link\" href=\"https:\/\/la-perla.net\/fr\/parcourez-la-plage-de-la-concha\/\">Leer m\u00e1s \u2192<\/a><\/div>\n","protected":false},"author":21579,"featured_media":80531,"parent":0,"menu_order":17,"comment_status":"closed","ping_status":"closed","template":"page_blank_template.php","meta":{"_genesis_hide_title":false,"_genesis_hide_breadcrumbs":false,"_genesis_hide_singular_image":false,"_genesis_hide_footer_widgets":false,"_genesis_custom_body_class":"","_genesis_custom_post_class":"","_genesis_layout":"","footnotes":""},"class_list":{"0":"post-96416","1":"page","2":"type-page","3":"status-publish","4":"has-post-thumbnail","6":"entry"},"yoast_head":"<!-- This site is optimized with the Yoast SEO plugin v25.6 - https:\/\/yoast.com\/wordpress\/plugins\/seo\/ -->\n<title>Parcourez la plage de La Concha | La Perla Thalassoth\u00e9rapie<\/title>\n<meta name=\"description\" content=\"Voulez-vous en savoir plus sur la plage de La Concha ? Nous vous donnons quelques conseils pour profiter de cette plage et apprendre \u00e0 la conna\u00eetre un peu mieux.\" \/>\n<meta name=\"robots\" content=\"index, follow, max-snippet:-1, max-image-preview:large, max-video-preview:-1\" \/>\n<link rel=\"canonical\" href=\"https:\/\/la-perla.net\/fr\/parcourez-la-plage-de-la-concha\/\" \/>\n<meta property=\"og:locale\" content=\"fr_FR\" \/>\n<meta property=\"og:type\" content=\"article\" \/>\n<meta property=\"og:title\" content=\"Parcourez la plage de La Concha | La Perla Thalassoth\u00e9rapie\" \/>\n<meta property=\"og:description\" content=\"Voulez-vous en savoir plus sur la plage de La Concha ? Nous vous donnons quelques conseils pour profiter de cette plage et apprendre \u00e0 la conna\u00eetre un peu mieux.\" \/>\n<meta property=\"og:url\" content=\"https:\/\/la-perla.net\/fr\/parcourez-la-plage-de-la-concha\/\" \/>\n<meta property=\"og:site_name\" content=\"Talasoterapia La Perla \u2022 San Sebasti\u00e1n - Donostia\" \/>\n<meta property=\"article:publisher\" content=\"https:\/\/www.facebook.com\/laperladonosti\/\" \/>\n<meta property=\"article:modified_time\" content=\"2022-12-16T07:26:04+00:00\" \/>\n<meta property=\"og:image\" content=\"https:\/\/la-perla.net\/wp-content\/uploads\/2021\/12\/playa-de-la-concha.jpg\" \/>\n\t<meta property=\"og:image:width\" content=\"1299\" \/>\n\t<meta property=\"og:image:height\" content=\"868\" \/>\n\t<meta property=\"og:image:type\" content=\"image\/jpeg\" \/>\n<meta name=\"twitter:card\" content=\"summary_large_image\" \/>\n<meta name=\"twitter:site\" content=\"@LaPerlaDonosti\" \/>\n<meta name=\"twitter:label1\" content=\"Dur\u00e9e de lecture estim\u00e9e\" \/>\n\t<meta name=\"twitter:data1\" content=\"1 minute\" \/>\n<script type=\"application\/ld+json\" class=\"yoast-schema-graph\">{\"@context\":\"https:\/\/schema.org\",\"@graph\":[{\"@type\":\"WebPage\",\"@id\":\"https:\/\/la-perla.net\/fr\/parcourez-la-plage-de-la-concha\/\",\"url\":\"https:\/\/la-perla.net\/fr\/parcourez-la-plage-de-la-concha\/\",\"name\":\"Parcourez la plage de La Concha | La Perla Thalassoth\u00e9rapie\",\"isPartOf\":{\"@id\":\"https:\/\/la-perla.net\/#website\"},\"primaryImageOfPage\":{\"@id\":\"https:\/\/la-perla.net\/fr\/parcourez-la-plage-de-la-concha\/#primaryimage\"},\"image\":{\"@id\":\"https:\/\/la-perla.net\/fr\/parcourez-la-plage-de-la-concha\/#primaryimage\"},\"thumbnailUrl\":\"https:\/\/la-perla.net\/wp-content\/uploads\/2021\/12\/playa-de-la-concha.jpg\",\"datePublished\":\"2022-12-05T12:20:24+00:00\",\"dateModified\":\"2022-12-16T07:26:04+00:00\",\"description\":\"Voulez-vous en savoir plus sur la plage de La Concha ? Nous vous donnons quelques conseils pour profiter de cette plage et apprendre \u00e0 la conna\u00eetre un peu mieux.\",\"breadcrumb\":{\"@id\":\"https:\/\/la-perla.net\/fr\/parcourez-la-plage-de-la-concha\/#breadcrumb\"},\"inLanguage\":\"fr-FR\",\"potentialAction\":[{\"@type\":\"ReadAction\",\"target\":[\"https:\/\/la-perla.net\/fr\/parcourez-la-plage-de-la-concha\/\"]}]},{\"@type\":\"ImageObject\",\"inLanguage\":\"fr-FR\",\"@id\":\"https:\/\/la-perla.net\/fr\/parcourez-la-plage-de-la-concha\/#primaryimage\",\"url\":\"https:\/\/la-perla.net\/wp-content\/uploads\/2021\/12\/playa-de-la-concha.jpg\",\"contentUrl\":\"https:\/\/la-perla.net\/wp-content\/uploads\/2021\/12\/playa-de-la-concha.jpg\",\"width\":1299,\"height\":868,\"caption\":\"playa de la concha barandilla\"},{\"@type\":\"BreadcrumbList\",\"@id\":\"https:\/\/la-perla.net\/fr\/parcourez-la-plage-de-la-concha\/#breadcrumb\",\"itemListElement\":[{\"@type\":\"ListItem\",\"position\":1,\"name\":\"Portada\",\"item\":\"https:\/\/la-perla.net\/fr\/\"},{\"@type\":\"ListItem\",\"position\":2,\"name\":\"PARCOUREZ LA PLAGE DE LA CONCHA\"}]},{\"@type\":\"WebSite\",\"@id\":\"https:\/\/la-perla.net\/#website\",\"url\":\"https:\/\/la-perla.net\/\",\"name\":\"Talasoterapia La Perla \u2022 San Sebasti\u00e1n - Donostia\",\"description\":\"Talasoterapia en Guipuzcoa - Centro de salud, belleza y deporte\",\"publisher\":{\"@id\":\"https:\/\/la-perla.net\/#organization\"},\"potentialAction\":[{\"@type\":\"SearchAction\",\"target\":{\"@type\":\"EntryPoint\",\"urlTemplate\":\"https:\/\/la-perla.net\/?s={search_term_string}\"},\"query-input\":{\"@type\":\"PropertyValueSpecification\",\"valueRequired\":true,\"valueName\":\"search_term_string\"}}],\"inLanguage\":\"fr-FR\"},{\"@type\":\"Organization\",\"@id\":\"https:\/\/la-perla.net\/#organization\",\"name\":\"La Perla\",\"url\":\"https:\/\/la-perla.net\/\",\"logo\":{\"@type\":\"ImageObject\",\"inLanguage\":\"fr-FR\",\"@id\":\"https:\/\/la-perla.net\/#\/schema\/logo\/image\/\",\"url\":\"https:\/\/la-perla.net\/wp-content\/uploads\/2020\/09\/talasoterapia-la-perla.png\",\"contentUrl\":\"https:\/\/la-perla.net\/wp-content\/uploads\/2020\/09\/talasoterapia-la-perla.png\",\"width\":191,\"height\":51,\"caption\":\"La Perla\"},\"image\":{\"@id\":\"https:\/\/la-perla.net\/#\/schema\/logo\/image\/\"},\"sameAs\":[\"https:\/\/www.facebook.com\/laperladonosti\/\",\"https:\/\/x.com\/LaPerlaDonosti\",\"https:\/\/www.instagram.com\/laperladonosti\/?hl=es\",\"https:\/\/www.youtube.com\/channel\/UChQhp12N7Lg6ZrOcmAJAy4g\"]}]}<\/script>\n<!-- \/ Yoast SEO plugin. -->","yoast_head_json":{"title":"Parcourez la plage de La Concha | La Perla Thalassoth\u00e9rapie","description":"Voulez-vous en savoir plus sur la plage de La Concha ? Nous vous donnons quelques conseils pour profiter de cette plage et apprendre \u00e0 la conna\u00eetre un peu mieux.","robots":{"index":"index","follow":"follow","max-snippet":"max-snippet:-1","max-image-preview":"max-image-preview:large","max-video-preview":"max-video-preview:-1"},"canonical":"https:\/\/la-perla.net\/fr\/parcourez-la-plage-de-la-concha\/","og_locale":"fr_FR","og_type":"article","og_title":"Parcourez la plage de La Concha | La Perla Thalassoth\u00e9rapie","og_description":"Voulez-vous en savoir plus sur la plage de La Concha ? Nous vous donnons quelques conseils pour profiter de cette plage et apprendre \u00e0 la conna\u00eetre un peu mieux.","og_url":"https:\/\/la-perla.net\/fr\/parcourez-la-plage-de-la-concha\/","og_site_name":"Talasoterapia La Perla \u2022 San Sebasti\u00e1n - Donostia","article_publisher":"https:\/\/www.facebook.com\/laperladonosti\/","article_modified_time":"2022-12-16T07:26:04+00:00","og_image":[{"width":1299,"height":868,"url":"https:\/\/la-perla.net\/wp-content\/uploads\/2021\/12\/playa-de-la-concha.jpg","type":"image\/jpeg"}],"twitter_card":"summary_large_image","twitter_site":"@LaPerlaDonosti","twitter_misc":{"Dur\u00e9e de lecture estim\u00e9e":"1 minute"},"schema":{"@context":"https:\/\/schema.org","@graph":[{"@type":"WebPage","@id":"https:\/\/la-perla.net\/fr\/parcourez-la-plage-de-la-concha\/","url":"https:\/\/la-perla.net\/fr\/parcourez-la-plage-de-la-concha\/","name":"Parcourez la plage de La Concha | La Perla Thalassoth\u00e9rapie","isPartOf":{"@id":"https:\/\/la-perla.net\/#website"},"primaryImageOfPage":{"@id":"https:\/\/la-perla.net\/fr\/parcourez-la-plage-de-la-concha\/#primaryimage"},"image":{"@id":"https:\/\/la-perla.net\/fr\/parcourez-la-plage-de-la-concha\/#primaryimage"},"thumbnailUrl":"https:\/\/la-perla.net\/wp-content\/uploads\/2021\/12\/playa-de-la-concha.jpg","datePublished":"2022-12-05T12:20:24+00:00","dateModified":"2022-12-16T07:26:04+00:00","description":"Voulez-vous en savoir plus sur la plage de La Concha ? Nous vous donnons quelques conseils pour profiter de cette plage et apprendre \u00e0 la conna\u00eetre un peu mieux.","breadcrumb":{"@id":"https:\/\/la-perla.net\/fr\/parcourez-la-plage-de-la-concha\/#breadcrumb"},"inLanguage":"fr-FR","potentialAction":[{"@type":"ReadAction","target":["https:\/\/la-perla.net\/fr\/parcourez-la-plage-de-la-concha\/"]}]},{"@type":"ImageObject","inLanguage":"fr-FR","@id":"https:\/\/la-perla.net\/fr\/parcourez-la-plage-de-la-concha\/#primaryimage","url":"https:\/\/la-perla.net\/wp-content\/uploads\/2021\/12\/playa-de-la-concha.jpg","contentUrl":"https:\/\/la-perla.net\/wp-content\/uploads\/2021\/12\/playa-de-la-concha.jpg","width":1299,"height":868,"caption":"playa de la concha barandilla"},{"@type":"BreadcrumbList","@id":"https:\/\/la-perla.net\/fr\/parcourez-la-plage-de-la-concha\/#breadcrumb","itemListElement":[{"@type":"ListItem","position":1,"name":"Portada","item":"https:\/\/la-perla.net\/fr\/"},{"@type":"ListItem","position":2,"name":"PARCOUREZ LA PLAGE DE LA CONCHA"}]},{"@type":"WebSite","@id":"https:\/\/la-perla.net\/#website","url":"https:\/\/la-perla.net\/","name":"Talasoterapia La Perla \u2022 San Sebasti\u00e1n - Donostia","description":"Talasoterapia en Guipuzcoa - Centro de salud, belleza y deporte","publisher":{"@id":"https:\/\/la-perla.net\/#organization"},"potentialAction":[{"@type":"SearchAction","target":{"@type":"EntryPoint","urlTemplate":"https:\/\/la-perla.net\/?s={search_term_string}"},"query-input":{"@type":"PropertyValueSpecification","valueRequired":true,"valueName":"search_term_string"}}],"inLanguage":"fr-FR"},{"@type":"Organization","@id":"https:\/\/la-perla.net\/#organization","name":"La Perla","url":"https:\/\/la-perla.net\/","logo":{"@type":"ImageObject","inLanguage":"fr-FR","@id":"https:\/\/la-perla.net\/#\/schema\/logo\/image\/","url":"https:\/\/la-perla.net\/wp-content\/uploads\/2020\/09\/talasoterapia-la-perla.png","contentUrl":"https:\/\/la-perla.net\/wp-content\/uploads\/2020\/09\/talasoterapia-la-perla.png","width":191,"height":51,"caption":"La Perla"},"image":{"@id":"https:\/\/la-perla.net\/#\/schema\/logo\/image\/"},"sameAs":["https:\/\/www.facebook.com\/laperladonosti\/","https:\/\/x.com\/LaPerlaDonosti","https:\/\/www.instagram.com\/laperladonosti\/?hl=es","https:\/\/www.youtube.com\/channel\/UChQhp12N7Lg6ZrOcmAJAy4g"]}]}},"_links":{"self":[{"href":"https:\/\/la-perla.net\/fr\/wp-json\/wp\/v2\/pages\/96416"}],"collection":[{"href":"https:\/\/la-perla.net\/fr\/wp-json\/wp\/v2\/pages"}],"about":[{"href":"https:\/\/la-perla.net\/fr\/wp-json\/wp\/v2\/types\/page"}],"author":[{"embeddable":true,"href":"https:\/\/la-perla.net\/fr\/wp-json\/wp\/v2\/users\/21579"}],"replies":[{"embeddable":true,"href":"https:\/\/la-perla.net\/fr\/wp-json\/wp\/v2\/comments?post=96416"}],"version-history":[{"count":0,"href":"https:\/\/la-perla.net\/fr\/wp-json\/wp\/v2\/pages\/96416\/revisions"}],"wp:featuredmedia":[{"embeddable":true,"href":"https:\/\/la-perla.net\/fr\/wp-json\/wp\/v2\/media\/80531"}],"wp:attachment":[{"href":"https:\/\/la-perla.net\/fr\/wp-json\/wp\/v2\/media?parent=96416"}],"curies":[{"name":"wp","href":"https:\/\/api.w.org\/{rel}","templated":true}]}}