{"id":96417,"date":"2022-12-05T13:24:50","date_gmt":"2022-12-05T12:24:50","guid":{"rendered":"https:\/\/la-perla.net\/visitez-le-mont-igeldo\/"},"modified":"2023-08-16T12:26:17","modified_gmt":"2023-08-16T10:26:17","slug":"visitez-le-mont-igeldo","status":"publish","type":"page","link":"https:\/\/la-perla.net\/fr\/visitez-le-mont-igeldo\/","title":{"rendered":"VISITEZ LE MONT IGELDO"},"content":{"rendered":"<h1 class=\"wp-block-heading\"><strong>Visitez le Mont Igeldo<\/strong><\/h1><figure class=\"wp-block-image is-resized\"><img decoding=\"async\" src=\"https:\/\/la-perla.net\/wp-content\/uploads\/2021\/12\/monte-igeldo.jpg\" alt=\"el monte igeldo\" class=\"wp-image-80541\" width=\"1200\" srcset=\"https:\/\/la-perla.net\/wp-content\/uploads\/2021\/12\/monte-igeldo.jpg 1299w, https:\/\/la-perla.net\/wp-content\/uploads\/2021\/12\/monte-igeldo-300x200.jpg 300w, https:\/\/la-perla.net\/wp-content\/uploads\/2021\/12\/monte-igeldo-1024x683.jpg 1024w, https:\/\/la-perla.net\/wp-content\/uploads\/2021\/12\/monte-igeldo-768x512.jpg 768w, https:\/\/la-perla.net\/wp-content\/uploads\/2021\/12\/monte-igeldo-786x524.jpg 786w, https:\/\/la-perla.net\/wp-content\/uploads\/2021\/12\/monte-igeldo-540x360.jpg 540w, https:\/\/la-perla.net\/wp-content\/uploads\/2021\/12\/monte-igeldo-408x272.jpg 408w, https:\/\/la-perla.net\/wp-content\/uploads\/2021\/12\/monte-igeldo-255x170.jpg 255w, https:\/\/la-perla.net\/wp-content\/uploads\/2021\/12\/monte-igeldo-555x370.jpg 555w, https:\/\/la-perla.net\/wp-content\/uploads\/2021\/12\/monte-igeldo-360x240.jpg 360w, https:\/\/la-perla.net\/wp-content\/uploads\/2021\/12\/monte-igeldo-262x175.jpg 262w, https:\/\/la-perla.net\/wp-content\/uploads\/2021\/12\/monte-igeldo-863x575.jpg 863w, https:\/\/la-perla.net\/wp-content\/uploads\/2021\/12\/monte-igeldo-413x275.jpg 413w, https:\/\/la-perla.net\/wp-content\/uploads\/2021\/12\/monte-igeldo-400x267.jpg 400w, https:\/\/la-perla.net\/wp-content\/uploads\/2021\/12\/monte-igeldo-600x400.jpg 600w\" sizes=\"(max-width: 1299px) 100vw, 1299px\" \/><\/figure><div style=\"height:25px\" aria-hidden=\"true\" class=\"wp-block-spacer\"><\/div><p><\/p><p>Le Mont Igeldo, qui se trouve \u00e0 l\u2019extr\u00e9mit\u00e9 de <a href=\"https:\/\/www.sansebastianturismoa.eus\/es\/hacer\/que-ver-san-sebastian\/playa-de-la-concha\/la-bahia-de-la-concha\">la Baie de La Concha<\/a>, offre une belle vue sur une grande partie de la ville, ainsi que sur deux de ses trois plages. C\u2019est un endroit qui accueille un <a href=\"https:\/\/www.sansebastianturismoa.eus\/es\/hacer\/que-ver-san-sebastian\/monte-igeldo#parque_atracciones\">parc d\u2019attractions pittoresque<\/a> que vous ne verrez nulle part ailleurs. D\u00e9couvrez la plus c\u00e9l\u00e8bre montagne de la ville gr\u00e2ce \u00e0 <em>La Perla Thalassoth\u00e9rapie. <\/em><\/p><h2 class=\"wp-block-heading\"><strong>Un parc d\u2019attractions avec des vues spectaculaires<\/strong><\/h2><p>Pour acc\u00e9der au <strong>Mont Igeldo<\/strong> vous pouvez emprunter le bus, votre voiture ou le <strong>funiculaire<\/strong>. Avec ce dernier vous voyagerez dans le temps car il s\u2019agit d\u2019un funiculaire construit en 1912, et vous profiterez des vues les plus embl\u00e9matiques de la ville. Depuis le sommet vous pourrez admirer la totalit\u00e9 de la ville, en plus d\u2019une partie de la <strong>c\u00f4te gipuzkoane<\/strong> et l\u2019immense mer Cantabrique.<\/p><h2 class=\"wp-block-heading\"><strong>Montez sur le funiculaire de plus de 100 ans d\u2019anciennet\u00e9<\/strong><\/h2><p>Le funiculaire avec lequel vous pouvez monter au parc d\u2019attractions est un funiculaire \u00e0 cr\u00e9maill\u00e8re avec des <strong>wagons en bois<\/strong> qui accueille les passagers au pied de la montagne. Il s\u2019agit d\u2019un funiculaire qui <strong>conserve toujours le charme<\/strong> de l\u2019\u00e9poque de son inauguration, le 25 ao\u00fbt 1912, ce qui en fait le plus ancien du Pays Basque.<\/p><p>El trayecto empieza desde la estaci\u00f3n, que es uno de los edificios m\u00e1s bonitos de la ciudad. A medida que vas dejando la ciudad a tus pies, podr\u00e1s disfrutar de la naturaleza que atraviesas para llegar a tu destino, adem\u00e1s de ir contemplando un precioso paisaje que te regala este viaje.<\/p><h2 class=\"wp-block-heading\"><strong>Montagne Suisse<\/strong><\/h2><p>\u00c0 la fin du trajet, vous arrivez directement au <strong>parc d\u2019attractions Mont Igeldo<\/strong>, un parc o\u00f9 le charme de ses anciennes attractions comme la <strong>Montagne Suisse ou les Trampolines<\/strong> fera de cette exp\u00e9rience quelque chose d\u2019amusant et vintage.<\/p><div style=\"height:25px\" aria-hidden=\"true\" class=\"wp-block-spacer\"><\/div><h2 class=\"wp-block-heading\">Ceci peut \u00e9galement vous int\u00e9resser<\/h2><p><a href=\"https:\/\/la-perla.net\/fr\/que-faire-et-voir-a-saint-sebastien\/\" target=\"_blank\" rel=\"noreferrer noopener\">Que voir et faire \u00e0 Saint S\u00e9bastien<\/a><\/p><p><a href=\"https:\/\/la-perla.net\/fr\/saint-sebastien-et-ses-alentours\/\" target=\"_blank\" rel=\"noreferrer noopener\">Saint S\u00e9bastien et ses alentours<\/a><\/p><p><a href=\"https:\/\/la-perla.net\/fr\/parcourez-la-plage-de-la-concha\/\" target=\"_blank\" rel=\"noreferrer noopener\">Parcourez la Plage de La Concha<\/a><\/p>","protected":false},"excerpt":{"rendered":"<p>Visitez le Mont Igeldo Le Mont Igeldo, qui se trouve \u00e0 l\u2019extr\u00e9mit\u00e9 de la Baie de La Concha, offre une belle vue sur une grande partie de la ville, ainsi que sur deux de ses trois plages. C\u2019est un endroit qui accueille un parc d\u2019attractions pittoresque que vous ne verrez nulle part ailleurs. D\u00e9couvrez la&hellip; <\/p>\n<div><a class=\"more-link\" href=\"https:\/\/la-perla.net\/fr\/visitez-le-mont-igeldo\/\">Leer m\u00e1s \u2192<\/a><\/div>\n","protected":false},"author":21579,"featured_media":80541,"parent":0,"menu_order":16,"comment_status":"closed","ping_status":"closed","template":"page_blank_template.php","meta":{"_genesis_hide_title":false,"_genesis_hide_breadcrumbs":false,"_genesis_hide_singular_image":false,"_genesis_hide_footer_widgets":false,"_genesis_custom_body_class":"","_genesis_custom_post_class":"","_genesis_layout":"","footnotes":""},"class_list":{"0":"post-96417","1":"page","2":"type-page","3":"status-publish","4":"has-post-thumbnail","6":"entry"},"yoast_head":"<!-- This site is optimized with the Yoast SEO plugin v25.6 - https:\/\/yoast.com\/wordpress\/plugins\/seo\/ -->\n<title>Visitez le Mont Igeldo | La Perla Thalassoth\u00e9rapie<\/title>\n<meta name=\"description\" content=\"Montez sur le funiculaire de plus de 100 ans d\u2019anciennet\u00e9 et d\u00e9couvrez la plus c\u00e9l\u00e8bre montagne de la ville gr\u00e2ce \u00e0 La Perla Thalassoth\u00e9rapie.\" \/>\n<meta name=\"robots\" content=\"index, follow, max-snippet:-1, max-image-preview:large, max-video-preview:-1\" \/>\n<link rel=\"canonical\" href=\"https:\/\/la-perla.net\/fr\/visitez-le-mont-igeldo\/\" \/>\n<meta property=\"og:locale\" content=\"fr_FR\" \/>\n<meta property=\"og:type\" content=\"article\" \/>\n<meta property=\"og:title\" content=\"Visitez le Mont Igeldo | La Perla Thalassoth\u00e9rapie\" \/>\n<meta property=\"og:description\" content=\"Montez sur le funiculaire de plus de 100 ans d\u2019anciennet\u00e9 et d\u00e9couvrez la plus c\u00e9l\u00e8bre montagne de la ville gr\u00e2ce \u00e0 La Perla Thalassoth\u00e9rapie.\" \/>\n<meta property=\"og:url\" content=\"https:\/\/la-perla.net\/fr\/visitez-le-mont-igeldo\/\" \/>\n<meta property=\"og:site_name\" content=\"Talasoterapia La Perla \u2022 San Sebasti\u00e1n - Donostia\" \/>\n<meta property=\"article:publisher\" content=\"https:\/\/www.facebook.com\/laperladonosti\/\" \/>\n<meta property=\"article:modified_time\" content=\"2023-08-16T10:26:17+00:00\" \/>\n<meta property=\"og:image\" content=\"https:\/\/la-perla.net\/wp-content\/uploads\/2021\/12\/monte-igeldo.jpg\" \/>\n\t<meta property=\"og:image:width\" content=\"1299\" \/>\n\t<meta property=\"og:image:height\" content=\"866\" \/>\n\t<meta property=\"og:image:type\" content=\"image\/jpeg\" \/>\n<meta name=\"twitter:card\" content=\"summary_large_image\" \/>\n<meta name=\"twitter:site\" content=\"@LaPerlaDonosti\" \/>\n<meta name=\"twitter:label1\" content=\"Dur\u00e9e de lecture estim\u00e9e\" \/>\n\t<meta name=\"twitter:data1\" content=\"2 minutes\" \/>\n<script type=\"application\/ld+json\" class=\"yoast-schema-graph\">{\"@context\":\"https:\/\/schema.org\",\"@graph\":[{\"@type\":\"WebPage\",\"@id\":\"https:\/\/la-perla.net\/fr\/visitez-le-mont-igeldo\/\",\"url\":\"https:\/\/la-perla.net\/fr\/visitez-le-mont-igeldo\/\",\"name\":\"Visitez le Mont Igeldo | La Perla Thalassoth\u00e9rapie\",\"isPartOf\":{\"@id\":\"https:\/\/la-perla.net\/#website\"},\"primaryImageOfPage\":{\"@id\":\"https:\/\/la-perla.net\/fr\/visitez-le-mont-igeldo\/#primaryimage\"},\"image\":{\"@id\":\"https:\/\/la-perla.net\/fr\/visitez-le-mont-igeldo\/#primaryimage\"},\"thumbnailUrl\":\"https:\/\/la-perla.net\/wp-content\/uploads\/2021\/12\/monte-igeldo.jpg\",\"datePublished\":\"2022-12-05T12:24:50+00:00\",\"dateModified\":\"2023-08-16T10:26:17+00:00\",\"description\":\"Montez sur le funiculaire de plus de 100 ans d\u2019anciennet\u00e9 et d\u00e9couvrez la plus c\u00e9l\u00e8bre montagne de la ville gr\u00e2ce \u00e0 La Perla Thalassoth\u00e9rapie.\",\"breadcrumb\":{\"@id\":\"https:\/\/la-perla.net\/fr\/visitez-le-mont-igeldo\/#breadcrumb\"},\"inLanguage\":\"fr-FR\",\"potentialAction\":[{\"@type\":\"ReadAction\",\"target\":[\"https:\/\/la-perla.net\/fr\/visitez-le-mont-igeldo\/\"]}]},{\"@type\":\"ImageObject\",\"inLanguage\":\"fr-FR\",\"@id\":\"https:\/\/la-perla.net\/fr\/visitez-le-mont-igeldo\/#primaryimage\",\"url\":\"https:\/\/la-perla.net\/wp-content\/uploads\/2021\/12\/monte-igeldo.jpg\",\"contentUrl\":\"https:\/\/la-perla.net\/wp-content\/uploads\/2021\/12\/monte-igeldo.jpg\",\"width\":1299,\"height\":866,\"caption\":\"el monte igeldo\"},{\"@type\":\"BreadcrumbList\",\"@id\":\"https:\/\/la-perla.net\/fr\/visitez-le-mont-igeldo\/#breadcrumb\",\"itemListElement\":[{\"@type\":\"ListItem\",\"position\":1,\"name\":\"Portada\",\"item\":\"https:\/\/la-perla.net\/fr\/\"},{\"@type\":\"ListItem\",\"position\":2,\"name\":\"VISITEZ LE MONT IGELDO\"}]},{\"@type\":\"WebSite\",\"@id\":\"https:\/\/la-perla.net\/#website\",\"url\":\"https:\/\/la-perla.net\/\",\"name\":\"Talasoterapia La Perla \u2022 San Sebasti\u00e1n - Donostia\",\"description\":\"Talasoterapia en Guipuzcoa - Centro de salud, belleza y deporte\",\"publisher\":{\"@id\":\"https:\/\/la-perla.net\/#organization\"},\"potentialAction\":[{\"@type\":\"SearchAction\",\"target\":{\"@type\":\"EntryPoint\",\"urlTemplate\":\"https:\/\/la-perla.net\/?s={search_term_string}\"},\"query-input\":{\"@type\":\"PropertyValueSpecification\",\"valueRequired\":true,\"valueName\":\"search_term_string\"}}],\"inLanguage\":\"fr-FR\"},{\"@type\":\"Organization\",\"@id\":\"https:\/\/la-perla.net\/#organization\",\"name\":\"La Perla\",\"url\":\"https:\/\/la-perla.net\/\",\"logo\":{\"@type\":\"ImageObject\",\"inLanguage\":\"fr-FR\",\"@id\":\"https:\/\/la-perla.net\/#\/schema\/logo\/image\/\",\"url\":\"https:\/\/la-perla.net\/wp-content\/uploads\/2020\/09\/talasoterapia-la-perla.png\",\"contentUrl\":\"https:\/\/la-perla.net\/wp-content\/uploads\/2020\/09\/talasoterapia-la-perla.png\",\"width\":191,\"height\":51,\"caption\":\"La Perla\"},\"image\":{\"@id\":\"https:\/\/la-perla.net\/#\/schema\/logo\/image\/\"},\"sameAs\":[\"https:\/\/www.facebook.com\/laperladonosti\/\",\"https:\/\/x.com\/LaPerlaDonosti\",\"https:\/\/www.instagram.com\/laperladonosti\/?hl=es\",\"https:\/\/www.youtube.com\/channel\/UChQhp12N7Lg6ZrOcmAJAy4g\"]}]}<\/script>\n<!-- \/ Yoast SEO plugin. -->","yoast_head_json":{"title":"Visitez le Mont Igeldo | La Perla Thalassoth\u00e9rapie","description":"Montez sur le funiculaire de plus de 100 ans d\u2019anciennet\u00e9 et d\u00e9couvrez la plus c\u00e9l\u00e8bre montagne de la ville gr\u00e2ce \u00e0 La Perla Thalassoth\u00e9rapie.","robots":{"index":"index","follow":"follow","max-snippet":"max-snippet:-1","max-image-preview":"max-image-preview:large","max-video-preview":"max-video-preview:-1"},"canonical":"https:\/\/la-perla.net\/fr\/visitez-le-mont-igeldo\/","og_locale":"fr_FR","og_type":"article","og_title":"Visitez le Mont Igeldo | La Perla Thalassoth\u00e9rapie","og_description":"Montez sur le funiculaire de plus de 100 ans d\u2019anciennet\u00e9 et d\u00e9couvrez la plus c\u00e9l\u00e8bre montagne de la ville gr\u00e2ce \u00e0 La Perla Thalassoth\u00e9rapie.","og_url":"https:\/\/la-perla.net\/fr\/visitez-le-mont-igeldo\/","og_site_name":"Talasoterapia La Perla \u2022 San Sebasti\u00e1n - Donostia","article_publisher":"https:\/\/www.facebook.com\/laperladonosti\/","article_modified_time":"2023-08-16T10:26:17+00:00","og_image":[{"width":1299,"height":866,"url":"https:\/\/la-perla.net\/wp-content\/uploads\/2021\/12\/monte-igeldo.jpg","type":"image\/jpeg"}],"twitter_card":"summary_large_image","twitter_site":"@LaPerlaDonosti","twitter_misc":{"Dur\u00e9e de lecture estim\u00e9e":"2 minutes"},"schema":{"@context":"https:\/\/schema.org","@graph":[{"@type":"WebPage","@id":"https:\/\/la-perla.net\/fr\/visitez-le-mont-igeldo\/","url":"https:\/\/la-perla.net\/fr\/visitez-le-mont-igeldo\/","name":"Visitez le Mont Igeldo | La Perla Thalassoth\u00e9rapie","isPartOf":{"@id":"https:\/\/la-perla.net\/#website"},"primaryImageOfPage":{"@id":"https:\/\/la-perla.net\/fr\/visitez-le-mont-igeldo\/#primaryimage"},"image":{"@id":"https:\/\/la-perla.net\/fr\/visitez-le-mont-igeldo\/#primaryimage"},"thumbnailUrl":"https:\/\/la-perla.net\/wp-content\/uploads\/2021\/12\/monte-igeldo.jpg","datePublished":"2022-12-05T12:24:50+00:00","dateModified":"2023-08-16T10:26:17+00:00","description":"Montez sur le funiculaire de plus de 100 ans d\u2019anciennet\u00e9 et d\u00e9couvrez la plus c\u00e9l\u00e8bre montagne de la ville gr\u00e2ce \u00e0 La Perla Thalassoth\u00e9rapie.","breadcrumb":{"@id":"https:\/\/la-perla.net\/fr\/visitez-le-mont-igeldo\/#breadcrumb"},"inLanguage":"fr-FR","potentialAction":[{"@type":"ReadAction","target":["https:\/\/la-perla.net\/fr\/visitez-le-mont-igeldo\/"]}]},{"@type":"ImageObject","inLanguage":"fr-FR","@id":"https:\/\/la-perla.net\/fr\/visitez-le-mont-igeldo\/#primaryimage","url":"https:\/\/la-perla.net\/wp-content\/uploads\/2021\/12\/monte-igeldo.jpg","contentUrl":"https:\/\/la-perla.net\/wp-content\/uploads\/2021\/12\/monte-igeldo.jpg","width":1299,"height":866,"caption":"el monte igeldo"},{"@type":"BreadcrumbList","@id":"https:\/\/la-perla.net\/fr\/visitez-le-mont-igeldo\/#breadcrumb","itemListElement":[{"@type":"ListItem","position":1,"name":"Portada","item":"https:\/\/la-perla.net\/fr\/"},{"@type":"ListItem","position":2,"name":"VISITEZ LE MONT IGELDO"}]},{"@type":"WebSite","@id":"https:\/\/la-perla.net\/#website","url":"https:\/\/la-perla.net\/","name":"Talasoterapia La Perla \u2022 San Sebasti\u00e1n - Donostia","description":"Talasoterapia en Guipuzcoa - Centro de salud, belleza y deporte","publisher":{"@id":"https:\/\/la-perla.net\/#organization"},"potentialAction":[{"@type":"SearchAction","target":{"@type":"EntryPoint","urlTemplate":"https:\/\/la-perla.net\/?s={search_term_string}"},"query-input":{"@type":"PropertyValueSpecification","valueRequired":true,"valueName":"search_term_string"}}],"inLanguage":"fr-FR"},{"@type":"Organization","@id":"https:\/\/la-perla.net\/#organization","name":"La Perla","url":"https:\/\/la-perla.net\/","logo":{"@type":"ImageObject","inLanguage":"fr-FR","@id":"https:\/\/la-perla.net\/#\/schema\/logo\/image\/","url":"https:\/\/la-perla.net\/wp-content\/uploads\/2020\/09\/talasoterapia-la-perla.png","contentUrl":"https:\/\/la-perla.net\/wp-content\/uploads\/2020\/09\/talasoterapia-la-perla.png","width":191,"height":51,"caption":"La Perla"},"image":{"@id":"https:\/\/la-perla.net\/#\/schema\/logo\/image\/"},"sameAs":["https:\/\/www.facebook.com\/laperladonosti\/","https:\/\/x.com\/LaPerlaDonosti","https:\/\/www.instagram.com\/laperladonosti\/?hl=es","https:\/\/www.youtube.com\/channel\/UChQhp12N7Lg6ZrOcmAJAy4g"]}]}},"_links":{"self":[{"href":"https:\/\/la-perla.net\/fr\/wp-json\/wp\/v2\/pages\/96417"}],"collection":[{"href":"https:\/\/la-perla.net\/fr\/wp-json\/wp\/v2\/pages"}],"about":[{"href":"https:\/\/la-perla.net\/fr\/wp-json\/wp\/v2\/types\/page"}],"author":[{"embeddable":true,"href":"https:\/\/la-perla.net\/fr\/wp-json\/wp\/v2\/users\/21579"}],"replies":[{"embeddable":true,"href":"https:\/\/la-perla.net\/fr\/wp-json\/wp\/v2\/comments?post=96417"}],"version-history":[{"count":0,"href":"https:\/\/la-perla.net\/fr\/wp-json\/wp\/v2\/pages\/96417\/revisions"}],"wp:featuredmedia":[{"embeddable":true,"href":"https:\/\/la-perla.net\/fr\/wp-json\/wp\/v2\/media\/80541"}],"wp:attachment":[{"href":"https:\/\/la-perla.net\/fr\/wp-json\/wp\/v2\/media?parent=96417"}],"curies":[{"name":"wp","href":"https:\/\/api.w.org\/{rel}","templated":true}]}}