{"id":103891,"date":"2022-03-01T13:42:00","date_gmt":"2023-03-20T11:07:57","guid":{"rendered":"https:\/\/la-perla.net\/?post_type=product&#038;p=103891"},"modified":"2024-06-06T13:56:02","modified_gmt":"2024-06-06T11:56:02","slug":"foot-reflexology","status":"publish","type":"product","link":"https:\/\/la-perla.net\/fr\/produit\/foot-reflexology\/","title":{"rendered":"Foot reflexology"},"content":{"rendered":"<p>Saviez-vous que les diff\u00e9rents organes de notre corps se refl\u00e8tent sur le pied\u00a0?<\/p>\n<p>La technique de la r\u00e9flexologie se base sur le fait que les diff\u00e9rentes parties du corps se refl\u00e8tent sur la plante des pieds et que, si vous massez ces derni\u00e8res, vous massez de fa\u00e7on indirecte ou reflexe ces parties du corps, d\u2019o\u00f9 le nom de la th\u00e9rapie.<\/p>\n<p>Les b\u00e9n\u00e9fices de cette technique sont nombreux\u00a0: elle stimule les d\u00e9fenses de l\u2019organisme et favorise l\u2019\u00e9limination des r\u00e9sidus, afin de stimuler les processus de r\u00e9gulation naturels de l\u2019organisme.<\/p>\n<p>Dur\u00e9e\u00a0: 55 minutes.<\/p>\n","protected":false},"excerpt":{"rendered":"<p>La r\u00e9flexologie ou r\u00e9flexoth\u00e9rapie podale est une technique manuelle de massage qui utilise des pressions sur diff\u00e9rents points du pied.<\/p>\n","protected":false},"featured_media":85322,"template":"","meta":{"_genesis_hide_title":false,"_genesis_hide_breadcrumbs":false,"_genesis_hide_singular_image":false,"_genesis_hide_footer_widgets":false,"_genesis_custom_body_class":"","_genesis_custom_post_class":"","_genesis_layout":""},"product_brand":[],"product_cat":[926],"product_tag":[],"class_list":{"0":"post-103891","1":"product","2":"type-product","3":"status-publish","4":"has-post-thumbnail","6":"product_cat-massages-sante","7":"product_shipping_class-bonos-y-vales-fr","8":"entry","10":"first","11":"instock","12":"shipping-taxable","13":"purchasable","14":"product-type-simple"},"yoast_head":"<!-- This site is optimized with the Yoast SEO plugin v25.6 - https:\/\/yoast.com\/wordpress\/plugins\/seo\/ -->\n<title>Foot Reflexology \u2022 La Perla Thalassoth\u00e9rapie \u2022 Saint S\u00e9bastien<\/title>\n<meta name=\"description\" content=\"D\u00e9tendez vos pieds et \u00e9quilibrez votre corps gr\u00e2ce \u00e0 la r\u00e9flexologie plantaire. D\u00e9couvrez une th\u00e9rapie rajeunissante qui stimule la sant\u00e9.\" \/>\n<meta name=\"robots\" content=\"index, follow, max-snippet:-1, max-image-preview:large, max-video-preview:-1\" \/>\n<link rel=\"canonical\" href=\"https:\/\/la-perla.net\/fr\/produit\/foot-reflexology\/\" \/>\n<meta property=\"og:locale\" content=\"fr_FR\" \/>\n<meta property=\"og:type\" content=\"article\" \/>\n<meta property=\"og:title\" content=\"Foot Reflexology \u2022 La Perla Thalassoth\u00e9rapie \u2022 Saint S\u00e9bastien\" \/>\n<meta property=\"og:description\" content=\"D\u00e9tendez vos pieds et \u00e9quilibrez votre corps gr\u00e2ce \u00e0 la r\u00e9flexologie plantaire. D\u00e9couvrez une th\u00e9rapie rajeunissante qui stimule la sant\u00e9.\" \/>\n<meta property=\"og:url\" content=\"https:\/\/la-perla.net\/fr\/produit\/foot-reflexology\/\" \/>\n<meta property=\"og:site_name\" content=\"Talasoterapia La Perla \u2022 San Sebasti\u00e1n - Donostia\" \/>\n<meta property=\"article:publisher\" content=\"https:\/\/www.facebook.com\/laperladonosti\/\" \/>\n<meta property=\"article:modified_time\" content=\"2024-06-06T11:56:02+00:00\" \/>\n<meta property=\"og:image\" content=\"https:\/\/la-perla.net\/wp-content\/uploads\/2022\/03\/IMG_5712photo.jpeg\" \/>\n\t<meta property=\"og:image:width\" content=\"2228\" \/>\n\t<meta property=\"og:image:height\" content=\"1597\" \/>\n\t<meta property=\"og:image:type\" content=\"image\/jpeg\" \/>\n<meta name=\"twitter:card\" content=\"summary_large_image\" \/>\n<meta name=\"twitter:site\" content=\"@LaPerlaDonosti\" \/>\n<meta name=\"twitter:label1\" content=\"Dur\u00e9e de lecture estim\u00e9e\" \/>\n\t<meta name=\"twitter:data1\" content=\"1 minute\" \/>\n<script type=\"application\/ld+json\" class=\"yoast-schema-graph\">{\"@context\":\"https:\/\/schema.org\",\"@graph\":[{\"@type\":\"WebPage\",\"@id\":\"https:\/\/la-perla.net\/fr\/produit\/foot-reflexology\/\",\"url\":\"https:\/\/la-perla.net\/fr\/produit\/foot-reflexology\/\",\"name\":\"Foot Reflexology \u2022 La Perla Thalassoth\u00e9rapie \u2022 Saint S\u00e9bastien\",\"isPartOf\":{\"@id\":\"https:\/\/la-perla.net\/#website\"},\"primaryImageOfPage\":{\"@id\":\"https:\/\/la-perla.net\/fr\/produit\/foot-reflexology\/#primaryimage\"},\"image\":{\"@id\":\"https:\/\/la-perla.net\/fr\/produit\/foot-reflexology\/#primaryimage\"},\"thumbnailUrl\":\"https:\/\/la-perla.net\/wp-content\/uploads\/2022\/03\/IMG_5712photo.jpeg\",\"datePublished\":\"2023-03-20T11:07:57+00:00\",\"dateModified\":\"2024-06-06T11:56:02+00:00\",\"description\":\"D\u00e9tendez vos pieds et \u00e9quilibrez votre corps gr\u00e2ce \u00e0 la r\u00e9flexologie plantaire. D\u00e9couvrez une th\u00e9rapie rajeunissante qui stimule la sant\u00e9.\",\"breadcrumb\":{\"@id\":\"https:\/\/la-perla.net\/fr\/produit\/foot-reflexology\/#breadcrumb\"},\"inLanguage\":\"fr-FR\",\"potentialAction\":[{\"@type\":\"ReadAction\",\"target\":[\"https:\/\/la-perla.net\/fr\/produit\/foot-reflexology\/\"]}]},{\"@type\":\"ImageObject\",\"inLanguage\":\"fr-FR\",\"@id\":\"https:\/\/la-perla.net\/fr\/produit\/foot-reflexology\/#primaryimage\",\"url\":\"https:\/\/la-perla.net\/wp-content\/uploads\/2022\/03\/IMG_5712photo.jpeg\",\"contentUrl\":\"https:\/\/la-perla.net\/wp-content\/uploads\/2022\/03\/IMG_5712photo.jpeg\",\"width\":2228,\"height\":1597,\"caption\":\"Foot reflexology\"},{\"@type\":\"BreadcrumbList\",\"@id\":\"https:\/\/la-perla.net\/fr\/produit\/foot-reflexology\/#breadcrumb\",\"itemListElement\":[{\"@type\":\"ListItem\",\"position\":1,\"name\":\"Portada\",\"item\":\"https:\/\/la-perla.net\/fr\/\"},{\"@type\":\"ListItem\",\"position\":2,\"name\":\"Boutique\",\"item\":\"https:\/\/la-perla.net\/fr\/boutique\/\"},{\"@type\":\"ListItem\",\"position\":3,\"name\":\"Foot reflexology\"}]},{\"@type\":\"WebSite\",\"@id\":\"https:\/\/la-perla.net\/#website\",\"url\":\"https:\/\/la-perla.net\/\",\"name\":\"Talasoterapia La Perla \u2022 San Sebasti\u00e1n - Donostia\",\"description\":\"Talasoterapia en Guipuzcoa - Centro de salud, belleza y deporte\",\"publisher\":{\"@id\":\"https:\/\/la-perla.net\/#organization\"},\"potentialAction\":[{\"@type\":\"SearchAction\",\"target\":{\"@type\":\"EntryPoint\",\"urlTemplate\":\"https:\/\/la-perla.net\/?s={search_term_string}\"},\"query-input\":{\"@type\":\"PropertyValueSpecification\",\"valueRequired\":true,\"valueName\":\"search_term_string\"}}],\"inLanguage\":\"fr-FR\"},{\"@type\":\"Organization\",\"@id\":\"https:\/\/la-perla.net\/#organization\",\"name\":\"La Perla\",\"url\":\"https:\/\/la-perla.net\/\",\"logo\":{\"@type\":\"ImageObject\",\"inLanguage\":\"fr-FR\",\"@id\":\"https:\/\/la-perla.net\/#\/schema\/logo\/image\/\",\"url\":\"https:\/\/la-perla.net\/wp-content\/uploads\/2020\/09\/talasoterapia-la-perla.png\",\"contentUrl\":\"https:\/\/la-perla.net\/wp-content\/uploads\/2020\/09\/talasoterapia-la-perla.png\",\"width\":191,\"height\":51,\"caption\":\"La Perla\"},\"image\":{\"@id\":\"https:\/\/la-perla.net\/#\/schema\/logo\/image\/\"},\"sameAs\":[\"https:\/\/www.facebook.com\/laperladonosti\/\",\"https:\/\/x.com\/LaPerlaDonosti\",\"https:\/\/www.instagram.com\/laperladonosti\/?hl=es\",\"https:\/\/www.youtube.com\/channel\/UChQhp12N7Lg6ZrOcmAJAy4g\"]}]}<\/script>\n<!-- \/ Yoast SEO plugin. -->","yoast_head_json":{"title":"Foot Reflexology \u2022 La Perla Thalassoth\u00e9rapie \u2022 Saint S\u00e9bastien","description":"D\u00e9tendez vos pieds et \u00e9quilibrez votre corps gr\u00e2ce \u00e0 la r\u00e9flexologie plantaire. D\u00e9couvrez une th\u00e9rapie rajeunissante qui stimule la sant\u00e9.","robots":{"index":"index","follow":"follow","max-snippet":"max-snippet:-1","max-image-preview":"max-image-preview:large","max-video-preview":"max-video-preview:-1"},"canonical":"https:\/\/la-perla.net\/fr\/produit\/foot-reflexology\/","og_locale":"fr_FR","og_type":"article","og_title":"Foot Reflexology \u2022 La Perla Thalassoth\u00e9rapie \u2022 Saint S\u00e9bastien","og_description":"D\u00e9tendez vos pieds et \u00e9quilibrez votre corps gr\u00e2ce \u00e0 la r\u00e9flexologie plantaire. D\u00e9couvrez une th\u00e9rapie rajeunissante qui stimule la sant\u00e9.","og_url":"https:\/\/la-perla.net\/fr\/produit\/foot-reflexology\/","og_site_name":"Talasoterapia La Perla \u2022 San Sebasti\u00e1n - Donostia","article_publisher":"https:\/\/www.facebook.com\/laperladonosti\/","article_modified_time":"2024-06-06T11:56:02+00:00","og_image":[{"width":2228,"height":1597,"url":"https:\/\/la-perla.net\/wp-content\/uploads\/2022\/03\/IMG_5712photo.jpeg","type":"image\/jpeg"}],"twitter_card":"summary_large_image","twitter_site":"@LaPerlaDonosti","twitter_misc":{"Dur\u00e9e de lecture estim\u00e9e":"1 minute"},"schema":{"@context":"https:\/\/schema.org","@graph":[{"@type":"WebPage","@id":"https:\/\/la-perla.net\/fr\/produit\/foot-reflexology\/","url":"https:\/\/la-perla.net\/fr\/produit\/foot-reflexology\/","name":"Foot Reflexology \u2022 La Perla Thalassoth\u00e9rapie \u2022 Saint S\u00e9bastien","isPartOf":{"@id":"https:\/\/la-perla.net\/#website"},"primaryImageOfPage":{"@id":"https:\/\/la-perla.net\/fr\/produit\/foot-reflexology\/#primaryimage"},"image":{"@id":"https:\/\/la-perla.net\/fr\/produit\/foot-reflexology\/#primaryimage"},"thumbnailUrl":"https:\/\/la-perla.net\/wp-content\/uploads\/2022\/03\/IMG_5712photo.jpeg","datePublished":"2023-03-20T11:07:57+00:00","dateModified":"2024-06-06T11:56:02+00:00","description":"D\u00e9tendez vos pieds et \u00e9quilibrez votre corps gr\u00e2ce \u00e0 la r\u00e9flexologie plantaire. D\u00e9couvrez une th\u00e9rapie rajeunissante qui stimule la sant\u00e9.","breadcrumb":{"@id":"https:\/\/la-perla.net\/fr\/produit\/foot-reflexology\/#breadcrumb"},"inLanguage":"fr-FR","potentialAction":[{"@type":"ReadAction","target":["https:\/\/la-perla.net\/fr\/produit\/foot-reflexology\/"]}]},{"@type":"ImageObject","inLanguage":"fr-FR","@id":"https:\/\/la-perla.net\/fr\/produit\/foot-reflexology\/#primaryimage","url":"https:\/\/la-perla.net\/wp-content\/uploads\/2022\/03\/IMG_5712photo.jpeg","contentUrl":"https:\/\/la-perla.net\/wp-content\/uploads\/2022\/03\/IMG_5712photo.jpeg","width":2228,"height":1597,"caption":"Foot reflexology"},{"@type":"BreadcrumbList","@id":"https:\/\/la-perla.net\/fr\/produit\/foot-reflexology\/#breadcrumb","itemListElement":[{"@type":"ListItem","position":1,"name":"Portada","item":"https:\/\/la-perla.net\/fr\/"},{"@type":"ListItem","position":2,"name":"Boutique","item":"https:\/\/la-perla.net\/fr\/boutique\/"},{"@type":"ListItem","position":3,"name":"Foot reflexology"}]},{"@type":"WebSite","@id":"https:\/\/la-perla.net\/#website","url":"https:\/\/la-perla.net\/","name":"Talasoterapia La Perla \u2022 San Sebasti\u00e1n - Donostia","description":"Talasoterapia en Guipuzcoa - Centro de salud, belleza y deporte","publisher":{"@id":"https:\/\/la-perla.net\/#organization"},"potentialAction":[{"@type":"SearchAction","target":{"@type":"EntryPoint","urlTemplate":"https:\/\/la-perla.net\/?s={search_term_string}"},"query-input":{"@type":"PropertyValueSpecification","valueRequired":true,"valueName":"search_term_string"}}],"inLanguage":"fr-FR"},{"@type":"Organization","@id":"https:\/\/la-perla.net\/#organization","name":"La Perla","url":"https:\/\/la-perla.net\/","logo":{"@type":"ImageObject","inLanguage":"fr-FR","@id":"https:\/\/la-perla.net\/#\/schema\/logo\/image\/","url":"https:\/\/la-perla.net\/wp-content\/uploads\/2020\/09\/talasoterapia-la-perla.png","contentUrl":"https:\/\/la-perla.net\/wp-content\/uploads\/2020\/09\/talasoterapia-la-perla.png","width":191,"height":51,"caption":"La Perla"},"image":{"@id":"https:\/\/la-perla.net\/#\/schema\/logo\/image\/"},"sameAs":["https:\/\/www.facebook.com\/laperladonosti\/","https:\/\/x.com\/LaPerlaDonosti","https:\/\/www.instagram.com\/laperladonosti\/?hl=es","https:\/\/www.youtube.com\/channel\/UChQhp12N7Lg6ZrOcmAJAy4g"]}]}},"_links":{"self":[{"href":"https:\/\/la-perla.net\/fr\/wp-json\/wp\/v2\/product\/103891"}],"collection":[{"href":"https:\/\/la-perla.net\/fr\/wp-json\/wp\/v2\/product"}],"about":[{"href":"https:\/\/la-perla.net\/fr\/wp-json\/wp\/v2\/types\/product"}],"wp:featuredmedia":[{"embeddable":true,"href":"https:\/\/la-perla.net\/fr\/wp-json\/wp\/v2\/media\/85322"}],"wp:attachment":[{"href":"https:\/\/la-perla.net\/fr\/wp-json\/wp\/v2\/media?parent=103891"}],"wp:term":[{"taxonomy":"product_brand","embeddable":true,"href":"https:\/\/la-perla.net\/fr\/wp-json\/wp\/v2\/product_brand?post=103891"},{"taxonomy":"product_cat","embeddable":true,"href":"https:\/\/la-perla.net\/fr\/wp-json\/wp\/v2\/product_cat?post=103891"},{"taxonomy":"product_tag","embeddable":true,"href":"https:\/\/la-perla.net\/fr\/wp-json\/wp\/v2\/product_tag?post=103891"}],"curies":[{"name":"wp","href":"https:\/\/api.w.org\/{rel}","templated":true}]}}