{"id":113632,"date":"2023-11-15T14:32:13","date_gmt":"2023-11-15T13:32:13","guid":{"rendered":"https:\/\/la-perla.net\/san-sebastian\/darling-glowy-face-cream-spf50\/"},"modified":"2025-12-01T23:00:07","modified_gmt":"2025-12-01T22:00:07","slug":"darling-glowy-face-cream-spf50","status":"publish","type":"product","link":"https:\/\/la-perla.net\/fr\/produit\/darling-glowy-face-cream-spf50\/","title":{"rendered":"Darling Glowy Face Cream SPF50+"},"content":{"rendered":"","protected":false},"excerpt":{"rendered":"<p>Hydratant pour le visage, le cou et le d\u00e9collet\u00e9 pour tous les types de peau avec une protection \u00e0 tr\u00e8s large spectre (UVA et UVB). Filtre physique et chimique. Usage quotidien et base de maquillage.<\/p>\n<p>HYDRATANT Niacinamide | Aloe Vera<br \/>\nANTI-POLLUTION | ANTI BLUE LIGHT<br \/>\nANTI-\u00c2GE Vitamine E<br \/>\nANTIOXYDANT Vitamine E<br \/>\nANTI-TACHES Huile d\u2019abricot | Huile de jojoba<br \/>\nADOUCISSANT Allanto\u00efne | Aloe Vera<\/p>\n<p><strong>TEXTURE<\/strong> l\u00e9g\u00e8re, soyeuse, invisible sur tous les types de peau | Absorption rapide<br \/>\n<strong>PARFUM <\/strong>Mono\u00ef de Tahiti<\/p>\n<p><strong>30 ml<\/strong><\/p>\n","protected":false},"featured_media":113514,"template":"","meta":{"_genesis_hide_title":false,"_genesis_hide_breadcrumbs":false,"_genesis_hide_singular_image":false,"_genesis_hide_footer_widgets":false,"_genesis_custom_body_class":"","_genesis_custom_post_class":"","_genesis_layout":""},"product_brand":[],"product_cat":[1047],"product_tag":[],"class_list":{"0":"post-113632","1":"product","2":"type-product","3":"status-publish","4":"has-post-thumbnail","6":"product_cat-darling-fr","7":"entry","9":"first","10":"instock","11":"shipping-taxable","12":"purchasable","13":"product-type-simple"},"yoast_head":"<!-- This site is optimized with the Yoast SEO plugin v25.6 - https:\/\/yoast.com\/wordpress\/plugins\/seo\/ -->\n<title>Darling Glowy Face Cream SPF50+ - Talasoterapia La Perla \u2022 San Sebasti\u00e1n - Donostia<\/title>\n<meta name=\"robots\" content=\"index, follow, max-snippet:-1, max-image-preview:large, max-video-preview:-1\" \/>\n<link rel=\"canonical\" href=\"https:\/\/la-perla.net\/fr\/produit\/darling-glowy-face-cream-spf50\/\" \/>\n<meta property=\"og:locale\" content=\"fr_FR\" \/>\n<meta property=\"og:type\" content=\"article\" \/>\n<meta property=\"og:title\" content=\"Darling Glowy Face Cream SPF50+ - Talasoterapia La Perla \u2022 San Sebasti\u00e1n - Donostia\" \/>\n<meta property=\"og:description\" content=\"Hydratant pour le visage, le cou et le d\u00e9collet\u00e9 pour tous les types de peau avec une protection \u00e0 tr\u00e8s large spectre (UVA et UVB). Filtre physique et chimique. Usage quotidien et base de maquillage.  HYDRATANT Niacinamide | Aloe Vera ANTI-POLLUTION | ANTI BLUE LIGHT ANTI-\u00c2GE Vitamine E ANTIOXYDANT Vitamine E ANTI-TACHES Huile d\u2019abricot | Huile de jojoba ADOUCISSANT Allanto\u00efne | Aloe Vera  TEXTURE l\u00e9g\u00e8re, soyeuse, invisible sur tous les types de peau | Absorption rapide PARFUM Mono\u00ef de Tahiti  30 ml\" \/>\n<meta property=\"og:url\" content=\"https:\/\/la-perla.net\/fr\/produit\/darling-glowy-face-cream-spf50\/\" \/>\n<meta property=\"og:site_name\" content=\"Talasoterapia La Perla \u2022 San Sebasti\u00e1n - Donostia\" \/>\n<meta property=\"article:publisher\" content=\"https:\/\/www.facebook.com\/laperladonosti\/\" \/>\n<meta property=\"article:modified_time\" content=\"2025-12-01T22:00:07+00:00\" \/>\n<meta property=\"og:image\" content=\"https:\/\/la-perla.net\/wp-content\/uploads\/2023\/11\/glowy-face-cream.jpg\" \/>\n\t<meta property=\"og:image:width\" content=\"1701\" \/>\n\t<meta property=\"og:image:height\" content=\"1417\" \/>\n\t<meta property=\"og:image:type\" content=\"image\/jpeg\" \/>\n<meta name=\"twitter:card\" content=\"summary_large_image\" \/>\n<meta name=\"twitter:site\" content=\"@LaPerlaDonosti\" \/>\n<script type=\"application\/ld+json\" class=\"yoast-schema-graph\">{\"@context\":\"https:\/\/schema.org\",\"@graph\":[{\"@type\":\"WebPage\",\"@id\":\"https:\/\/la-perla.net\/fr\/produit\/darling-glowy-face-cream-spf50\/\",\"url\":\"https:\/\/la-perla.net\/fr\/produit\/darling-glowy-face-cream-spf50\/\",\"name\":\"Darling Glowy Face Cream SPF50+ - Talasoterapia La Perla \u2022 San Sebasti\u00e1n - Donostia\",\"isPartOf\":{\"@id\":\"https:\/\/la-perla.net\/#website\"},\"primaryImageOfPage\":{\"@id\":\"https:\/\/la-perla.net\/fr\/produit\/darling-glowy-face-cream-spf50\/#primaryimage\"},\"image\":{\"@id\":\"https:\/\/la-perla.net\/fr\/produit\/darling-glowy-face-cream-spf50\/#primaryimage\"},\"thumbnailUrl\":\"https:\/\/la-perla.net\/wp-content\/uploads\/2023\/11\/glowy-face-cream.jpg\",\"datePublished\":\"2023-11-15T13:32:13+00:00\",\"dateModified\":\"2025-12-01T22:00:07+00:00\",\"breadcrumb\":{\"@id\":\"https:\/\/la-perla.net\/fr\/produit\/darling-glowy-face-cream-spf50\/#breadcrumb\"},\"inLanguage\":\"fr-FR\",\"potentialAction\":[{\"@type\":\"ReadAction\",\"target\":[\"https:\/\/la-perla.net\/fr\/produit\/darling-glowy-face-cream-spf50\/\"]}]},{\"@type\":\"ImageObject\",\"inLanguage\":\"fr-FR\",\"@id\":\"https:\/\/la-perla.net\/fr\/produit\/darling-glowy-face-cream-spf50\/#primaryimage\",\"url\":\"https:\/\/la-perla.net\/wp-content\/uploads\/2023\/11\/glowy-face-cream.jpg\",\"contentUrl\":\"https:\/\/la-perla.net\/wp-content\/uploads\/2023\/11\/glowy-face-cream.jpg\",\"width\":1701,\"height\":1417},{\"@type\":\"BreadcrumbList\",\"@id\":\"https:\/\/la-perla.net\/fr\/produit\/darling-glowy-face-cream-spf50\/#breadcrumb\",\"itemListElement\":[{\"@type\":\"ListItem\",\"position\":1,\"name\":\"Portada\",\"item\":\"https:\/\/la-perla.net\/fr\/\"},{\"@type\":\"ListItem\",\"position\":2,\"name\":\"Boutique\",\"item\":\"https:\/\/la-perla.net\/fr\/boutique\/\"},{\"@type\":\"ListItem\",\"position\":3,\"name\":\"Darling Glowy Face Cream SPF50+\"}]},{\"@type\":\"WebSite\",\"@id\":\"https:\/\/la-perla.net\/#website\",\"url\":\"https:\/\/la-perla.net\/\",\"name\":\"Talasoterapia La Perla \u2022 San Sebasti\u00e1n - Donostia\",\"description\":\"Talasoterapia en Guipuzcoa - Centro de salud, belleza y deporte\",\"publisher\":{\"@id\":\"https:\/\/la-perla.net\/#organization\"},\"potentialAction\":[{\"@type\":\"SearchAction\",\"target\":{\"@type\":\"EntryPoint\",\"urlTemplate\":\"https:\/\/la-perla.net\/?s={search_term_string}\"},\"query-input\":{\"@type\":\"PropertyValueSpecification\",\"valueRequired\":true,\"valueName\":\"search_term_string\"}}],\"inLanguage\":\"fr-FR\"},{\"@type\":\"Organization\",\"@id\":\"https:\/\/la-perla.net\/#organization\",\"name\":\"La Perla\",\"url\":\"https:\/\/la-perla.net\/\",\"logo\":{\"@type\":\"ImageObject\",\"inLanguage\":\"fr-FR\",\"@id\":\"https:\/\/la-perla.net\/#\/schema\/logo\/image\/\",\"url\":\"https:\/\/la-perla.net\/wp-content\/uploads\/2020\/09\/talasoterapia-la-perla.png\",\"contentUrl\":\"https:\/\/la-perla.net\/wp-content\/uploads\/2020\/09\/talasoterapia-la-perla.png\",\"width\":191,\"height\":51,\"caption\":\"La Perla\"},\"image\":{\"@id\":\"https:\/\/la-perla.net\/#\/schema\/logo\/image\/\"},\"sameAs\":[\"https:\/\/www.facebook.com\/laperladonosti\/\",\"https:\/\/x.com\/LaPerlaDonosti\",\"https:\/\/www.instagram.com\/laperladonosti\/?hl=es\",\"https:\/\/www.youtube.com\/channel\/UChQhp12N7Lg6ZrOcmAJAy4g\"]}]}<\/script>\n<!-- \/ Yoast SEO plugin. -->","yoast_head_json":{"title":"Darling Glowy Face Cream SPF50+ - Talasoterapia La Perla \u2022 San Sebasti\u00e1n - Donostia","robots":{"index":"index","follow":"follow","max-snippet":"max-snippet:-1","max-image-preview":"max-image-preview:large","max-video-preview":"max-video-preview:-1"},"canonical":"https:\/\/la-perla.net\/fr\/produit\/darling-glowy-face-cream-spf50\/","og_locale":"fr_FR","og_type":"article","og_title":"Darling Glowy Face Cream SPF50+ - Talasoterapia La Perla \u2022 San Sebasti\u00e1n - Donostia","og_description":"Hydratant pour le visage, le cou et le d\u00e9collet\u00e9 pour tous les types de peau avec une protection \u00e0 tr\u00e8s large spectre (UVA et UVB). Filtre physique et chimique. Usage quotidien et base de maquillage.  HYDRATANT Niacinamide | Aloe Vera ANTI-POLLUTION | ANTI BLUE LIGHT ANTI-\u00c2GE Vitamine E ANTIOXYDANT Vitamine E ANTI-TACHES Huile d\u2019abricot | Huile de jojoba ADOUCISSANT Allanto\u00efne | Aloe Vera  TEXTURE l\u00e9g\u00e8re, soyeuse, invisible sur tous les types de peau | Absorption rapide PARFUM Mono\u00ef de Tahiti  30 ml","og_url":"https:\/\/la-perla.net\/fr\/produit\/darling-glowy-face-cream-spf50\/","og_site_name":"Talasoterapia La Perla \u2022 San Sebasti\u00e1n - Donostia","article_publisher":"https:\/\/www.facebook.com\/laperladonosti\/","article_modified_time":"2025-12-01T22:00:07+00:00","og_image":[{"width":1701,"height":1417,"url":"https:\/\/la-perla.net\/wp-content\/uploads\/2023\/11\/glowy-face-cream.jpg","type":"image\/jpeg"}],"twitter_card":"summary_large_image","twitter_site":"@LaPerlaDonosti","schema":{"@context":"https:\/\/schema.org","@graph":[{"@type":"WebPage","@id":"https:\/\/la-perla.net\/fr\/produit\/darling-glowy-face-cream-spf50\/","url":"https:\/\/la-perla.net\/fr\/produit\/darling-glowy-face-cream-spf50\/","name":"Darling Glowy Face Cream SPF50+ - Talasoterapia La Perla \u2022 San Sebasti\u00e1n - Donostia","isPartOf":{"@id":"https:\/\/la-perla.net\/#website"},"primaryImageOfPage":{"@id":"https:\/\/la-perla.net\/fr\/produit\/darling-glowy-face-cream-spf50\/#primaryimage"},"image":{"@id":"https:\/\/la-perla.net\/fr\/produit\/darling-glowy-face-cream-spf50\/#primaryimage"},"thumbnailUrl":"https:\/\/la-perla.net\/wp-content\/uploads\/2023\/11\/glowy-face-cream.jpg","datePublished":"2023-11-15T13:32:13+00:00","dateModified":"2025-12-01T22:00:07+00:00","breadcrumb":{"@id":"https:\/\/la-perla.net\/fr\/produit\/darling-glowy-face-cream-spf50\/#breadcrumb"},"inLanguage":"fr-FR","potentialAction":[{"@type":"ReadAction","target":["https:\/\/la-perla.net\/fr\/produit\/darling-glowy-face-cream-spf50\/"]}]},{"@type":"ImageObject","inLanguage":"fr-FR","@id":"https:\/\/la-perla.net\/fr\/produit\/darling-glowy-face-cream-spf50\/#primaryimage","url":"https:\/\/la-perla.net\/wp-content\/uploads\/2023\/11\/glowy-face-cream.jpg","contentUrl":"https:\/\/la-perla.net\/wp-content\/uploads\/2023\/11\/glowy-face-cream.jpg","width":1701,"height":1417},{"@type":"BreadcrumbList","@id":"https:\/\/la-perla.net\/fr\/produit\/darling-glowy-face-cream-spf50\/#breadcrumb","itemListElement":[{"@type":"ListItem","position":1,"name":"Portada","item":"https:\/\/la-perla.net\/fr\/"},{"@type":"ListItem","position":2,"name":"Boutique","item":"https:\/\/la-perla.net\/fr\/boutique\/"},{"@type":"ListItem","position":3,"name":"Darling Glowy Face Cream SPF50+"}]},{"@type":"WebSite","@id":"https:\/\/la-perla.net\/#website","url":"https:\/\/la-perla.net\/","name":"Talasoterapia La Perla \u2022 San Sebasti\u00e1n - Donostia","description":"Talasoterapia en Guipuzcoa - Centro de salud, belleza y deporte","publisher":{"@id":"https:\/\/la-perla.net\/#organization"},"potentialAction":[{"@type":"SearchAction","target":{"@type":"EntryPoint","urlTemplate":"https:\/\/la-perla.net\/?s={search_term_string}"},"query-input":{"@type":"PropertyValueSpecification","valueRequired":true,"valueName":"search_term_string"}}],"inLanguage":"fr-FR"},{"@type":"Organization","@id":"https:\/\/la-perla.net\/#organization","name":"La Perla","url":"https:\/\/la-perla.net\/","logo":{"@type":"ImageObject","inLanguage":"fr-FR","@id":"https:\/\/la-perla.net\/#\/schema\/logo\/image\/","url":"https:\/\/la-perla.net\/wp-content\/uploads\/2020\/09\/talasoterapia-la-perla.png","contentUrl":"https:\/\/la-perla.net\/wp-content\/uploads\/2020\/09\/talasoterapia-la-perla.png","width":191,"height":51,"caption":"La Perla"},"image":{"@id":"https:\/\/la-perla.net\/#\/schema\/logo\/image\/"},"sameAs":["https:\/\/www.facebook.com\/laperladonosti\/","https:\/\/x.com\/LaPerlaDonosti","https:\/\/www.instagram.com\/laperladonosti\/?hl=es","https:\/\/www.youtube.com\/channel\/UChQhp12N7Lg6ZrOcmAJAy4g"]}]}},"_links":{"self":[{"href":"https:\/\/la-perla.net\/fr\/wp-json\/wp\/v2\/product\/113632"}],"collection":[{"href":"https:\/\/la-perla.net\/fr\/wp-json\/wp\/v2\/product"}],"about":[{"href":"https:\/\/la-perla.net\/fr\/wp-json\/wp\/v2\/types\/product"}],"wp:featuredmedia":[{"embeddable":true,"href":"https:\/\/la-perla.net\/fr\/wp-json\/wp\/v2\/media\/113514"}],"wp:attachment":[{"href":"https:\/\/la-perla.net\/fr\/wp-json\/wp\/v2\/media?parent=113632"}],"wp:term":[{"taxonomy":"product_brand","embeddable":true,"href":"https:\/\/la-perla.net\/fr\/wp-json\/wp\/v2\/product_brand?post=113632"},{"taxonomy":"product_cat","embeddable":true,"href":"https:\/\/la-perla.net\/fr\/wp-json\/wp\/v2\/product_cat?post=113632"},{"taxonomy":"product_tag","embeddable":true,"href":"https:\/\/la-perla.net\/fr\/wp-json\/wp\/v2\/product_tag?post=113632"}],"curies":[{"name":"wp","href":"https:\/\/api.w.org\/{rel}","templated":true}]}}