{"id":145127,"date":"2025-09-11T13:59:52","date_gmt":"2025-09-11T11:59:52","guid":{"rendered":"https:\/\/la-perla.net\/san-sebastian\/the-rese-the-cure-experience-ssiff-73\/"},"modified":"2025-09-18T16:43:50","modified_gmt":"2025-09-18T14:43:50","slug":"the-rese-the-cure-experience-ssiff-73","status":"publish","type":"product","link":"https:\/\/la-perla.net\/fr\/produit\/the-rese-the-cure-experience-ssiff-73\/","title":{"rendered":"The Rese The Cure <br> Experience SSIFF 73"},"content":{"rendered":"<h3><strong>Un soin du visage unique de Natura Biss\u00e9<\/strong><\/h3>\n<p>Une exp\u00e9rience beaut\u00e9 et bien-\u00eatre pendant le Festival du Film de Saint-S\u00e9bastien. Le Reset Cure est un soin de derni\u00e8re g\u00e9n\u00e9ration qui\u00a0:<\/p>\n<ul>\n<li>Favorise le renouvellement cellulaire de la peau, offrant plus d\u2019\u00e9clat et am\u00e9liorant la fermet\u00e9 naturelle.<\/li>\n<li>\u00c9limine en douceur les cellules mortes et nettoie en profondeur, laissant la peau fra\u00eeche et exempte d&rsquo;impuret\u00e9s.<\/li>\n<li>Apporte une hydratation intense et durable, renfor\u00e7ant l&rsquo;\u00e9quilibre naturel du microbiote cutan\u00e9 pour une peau plus saine.<\/li>\n<li>R\u00e9duit les signes visibles de fatigue, de stress et de pollution, redonnant un teint uniforme et une apparence revitalis\u00e9e.<\/li>\n<\/ul>\n<h3><strong>Dans la Bulle exclusive d\u2019Air Pur.<\/strong><\/h3>\n<p>Ce soin est r\u00e9alis\u00e9 dans notre espace innovant Bulle d\u2019Ai Pur, con\u00e7u pour am\u00e9liorer les r\u00e9sultats\u00a0:<\/p>\n<ul>\n<li>Air pur \u00e0 99,95 % qui am\u00e9liore l\u2019absorption des produits et techniques Natura Biss\u00e9, maximisant les bienfaits du soin.<\/li>\n<li>D\u00e9tente absolue dans un cadre unique, avec vue privil\u00e9gi\u00e9e sur la baie de La Concha.<\/li>\n<li>Oxyg\u00e9nation cellulaire pour une peau revitalis\u00e9e et une exp\u00e9rience de bien-\u00eatre incomparable.<\/li>\n<li>Oxyg\u00e9nation cellulaire pour une peau revitalis\u00e9e.<\/li>\n<\/ul>\n<p><strong><br \/>\n<\/strong><strong>Dur\u00e9e\u00a0:<\/strong> <strong>55 min. <\/strong><br \/>\n<strong>Disponibilit\u00e9\u00a0:<\/strong> <strong>Du 15 au 30 septembre<\/strong> (uniquement pendant le Festival du Film de Saint-S\u00e9bastien SSIFF 73)<\/p>\n","protected":false},"excerpt":{"rendered":"<p>Soin du visage nouvelle g\u00e9n\u00e9ration de la marque Natura Biss\u00e9 qui stimule le renouvellement de l\u2019\u00e9piderme, \u00e9limine les cellules mortes et optimise les processus naturels de la peau, et dans la Bulle exclusive d\u2019Air Pur.<\/p>\n<p>Exp\u00e9rience exclusive pendant le Festival international du Film de Saint-S\u00e9bastien (SSIFF 73)<\/p>\n<p>Promotion valable du 15 au 30 septembre.<\/p>\n","protected":false},"featured_media":144962,"template":"","meta":{"_genesis_hide_title":false,"_genesis_hide_breadcrumbs":false,"_genesis_hide_singular_image":false,"_genesis_hide_footer_widgets":false,"_genesis_custom_body_class":"","_genesis_custom_post_class":"","_genesis_layout":""},"product_brand":[],"product_cat":[955,963,968],"product_tag":[],"class_list":{"0":"post-145127","1":"product","2":"type-product","3":"status-publish","4":"has-post-thumbnail","6":"product_cat-soins-du-visage","7":"product_cat-soins-essentiels","8":"product_cat-peeling-hygiene","9":"entry","11":"first","12":"instock","13":"shipping-taxable","14":"purchasable","15":"product-type-simple"},"yoast_head":"<!-- This site is optimized with the Yoast SEO plugin v25.6 - https:\/\/yoast.com\/wordpress\/plugins\/seo\/ -->\n<title>The Rese The Cure Experience SSIFF 73 \u2022 Talasoterapia La Perla<\/title>\n<meta name=\"description\" content=\"D\u00e9couvrez The Reset Cure de Natura Biss\u00e9 \u00e0 La Perla. Peau renouvel\u00e9e, hydrat\u00e9e et \u00e9clatante dans la Bulbe d&#039;Air Pur exclusive.\" \/>\n<meta name=\"robots\" content=\"index, follow, max-snippet:-1, max-image-preview:large, max-video-preview:-1\" \/>\n<link rel=\"canonical\" href=\"https:\/\/la-perla.net\/fr\/produit\/the-rese-the-cure-experience-ssiff-73\/\" \/>\n<meta property=\"og:locale\" content=\"fr_FR\" \/>\n<meta property=\"og:type\" content=\"article\" \/>\n<meta property=\"og:title\" content=\"The Rese The Cure Experience SSIFF 73 \u2022 Talasoterapia La Perla\" \/>\n<meta property=\"og:description\" content=\"D\u00e9couvrez The Reset Cure de Natura Biss\u00e9 \u00e0 La Perla. Peau renouvel\u00e9e, hydrat\u00e9e et \u00e9clatante dans la Bulbe d&#039;Air Pur exclusive.\" \/>\n<meta property=\"og:url\" content=\"https:\/\/la-perla.net\/fr\/produit\/the-rese-the-cure-experience-ssiff-73\/\" \/>\n<meta property=\"og:site_name\" content=\"Talasoterapia La Perla \u2022 San Sebasti\u00e1n - Donostia\" \/>\n<meta property=\"article:publisher\" content=\"https:\/\/www.facebook.com\/laperladonosti\/\" \/>\n<meta property=\"article:modified_time\" content=\"2025-09-18T14:43:50+00:00\" \/>\n<meta property=\"og:image\" content=\"https:\/\/la-perla.net\/wp-content\/uploads\/2025\/09\/The-resert-cure_La-Perla.jpg\" \/>\n\t<meta property=\"og:image:width\" content=\"400\" \/>\n\t<meta property=\"og:image:height\" content=\"267\" \/>\n\t<meta property=\"og:image:type\" content=\"image\/jpeg\" \/>\n<meta name=\"twitter:card\" content=\"summary_large_image\" \/>\n<meta name=\"twitter:site\" content=\"@LaPerlaDonosti\" \/>\n<meta name=\"twitter:label1\" content=\"Dur\u00e9e de lecture estim\u00e9e\" \/>\n\t<meta name=\"twitter:data1\" content=\"2 minutes\" \/>\n<script type=\"application\/ld+json\" class=\"yoast-schema-graph\">{\"@context\":\"https:\/\/schema.org\",\"@graph\":[{\"@type\":\"WebPage\",\"@id\":\"https:\/\/la-perla.net\/fr\/produit\/the-rese-the-cure-experience-ssiff-73\/\",\"url\":\"https:\/\/la-perla.net\/fr\/produit\/the-rese-the-cure-experience-ssiff-73\/\",\"name\":\"The Rese The Cure Experience SSIFF 73 \u2022 Talasoterapia La Perla\",\"isPartOf\":{\"@id\":\"https:\/\/la-perla.net\/#website\"},\"primaryImageOfPage\":{\"@id\":\"https:\/\/la-perla.net\/fr\/produit\/the-rese-the-cure-experience-ssiff-73\/#primaryimage\"},\"image\":{\"@id\":\"https:\/\/la-perla.net\/fr\/produit\/the-rese-the-cure-experience-ssiff-73\/#primaryimage\"},\"thumbnailUrl\":\"https:\/\/la-perla.net\/wp-content\/uploads\/2025\/09\/The-resert-cure_La-Perla.jpg\",\"datePublished\":\"2025-09-11T11:59:52+00:00\",\"dateModified\":\"2025-09-18T14:43:50+00:00\",\"description\":\"D\u00e9couvrez The Reset Cure de Natura Biss\u00e9 \u00e0 La Perla. Peau renouvel\u00e9e, hydrat\u00e9e et \u00e9clatante dans la Bulbe d'Air Pur exclusive.\",\"breadcrumb\":{\"@id\":\"https:\/\/la-perla.net\/fr\/produit\/the-rese-the-cure-experience-ssiff-73\/#breadcrumb\"},\"inLanguage\":\"fr-FR\",\"potentialAction\":[{\"@type\":\"ReadAction\",\"target\":[\"https:\/\/la-perla.net\/fr\/produit\/the-rese-the-cure-experience-ssiff-73\/\"]}]},{\"@type\":\"ImageObject\",\"inLanguage\":\"fr-FR\",\"@id\":\"https:\/\/la-perla.net\/fr\/produit\/the-rese-the-cure-experience-ssiff-73\/#primaryimage\",\"url\":\"https:\/\/la-perla.net\/wp-content\/uploads\/2025\/09\/The-resert-cure_La-Perla.jpg\",\"contentUrl\":\"https:\/\/la-perla.net\/wp-content\/uploads\/2025\/09\/The-resert-cure_La-Perla.jpg\",\"width\":400,\"height\":267},{\"@type\":\"BreadcrumbList\",\"@id\":\"https:\/\/la-perla.net\/fr\/produit\/the-rese-the-cure-experience-ssiff-73\/#breadcrumb\",\"itemListElement\":[{\"@type\":\"ListItem\",\"position\":1,\"name\":\"Portada\",\"item\":\"https:\/\/la-perla.net\/fr\/\"},{\"@type\":\"ListItem\",\"position\":2,\"name\":\"Boutique\",\"item\":\"https:\/\/la-perla.net\/fr\/boutique\/\"},{\"@type\":\"ListItem\",\"position\":3,\"name\":\"The Rese The Cure Experience SSIFF 73\"}]},{\"@type\":\"WebSite\",\"@id\":\"https:\/\/la-perla.net\/#website\",\"url\":\"https:\/\/la-perla.net\/\",\"name\":\"Talasoterapia La Perla \u2022 San Sebasti\u00e1n - Donostia\",\"description\":\"Talasoterapia en Guipuzcoa - Centro de salud, belleza y deporte\",\"publisher\":{\"@id\":\"https:\/\/la-perla.net\/#organization\"},\"potentialAction\":[{\"@type\":\"SearchAction\",\"target\":{\"@type\":\"EntryPoint\",\"urlTemplate\":\"https:\/\/la-perla.net\/?s={search_term_string}\"},\"query-input\":{\"@type\":\"PropertyValueSpecification\",\"valueRequired\":true,\"valueName\":\"search_term_string\"}}],\"inLanguage\":\"fr-FR\"},{\"@type\":\"Organization\",\"@id\":\"https:\/\/la-perla.net\/#organization\",\"name\":\"La Perla\",\"url\":\"https:\/\/la-perla.net\/\",\"logo\":{\"@type\":\"ImageObject\",\"inLanguage\":\"fr-FR\",\"@id\":\"https:\/\/la-perla.net\/#\/schema\/logo\/image\/\",\"url\":\"https:\/\/la-perla.net\/wp-content\/uploads\/2020\/09\/talasoterapia-la-perla.png\",\"contentUrl\":\"https:\/\/la-perla.net\/wp-content\/uploads\/2020\/09\/talasoterapia-la-perla.png\",\"width\":191,\"height\":51,\"caption\":\"La Perla\"},\"image\":{\"@id\":\"https:\/\/la-perla.net\/#\/schema\/logo\/image\/\"},\"sameAs\":[\"https:\/\/www.facebook.com\/laperladonosti\/\",\"https:\/\/x.com\/LaPerlaDonosti\",\"https:\/\/www.instagram.com\/laperladonosti\/?hl=es\",\"https:\/\/www.youtube.com\/channel\/UChQhp12N7Lg6ZrOcmAJAy4g\"]}]}<\/script>\n<!-- \/ Yoast SEO plugin. -->","yoast_head_json":{"title":"The Rese The Cure Experience SSIFF 73 \u2022 Talasoterapia La Perla","description":"D\u00e9couvrez The Reset Cure de Natura Biss\u00e9 \u00e0 La Perla. Peau renouvel\u00e9e, hydrat\u00e9e et \u00e9clatante dans la Bulbe d'Air Pur exclusive.","robots":{"index":"index","follow":"follow","max-snippet":"max-snippet:-1","max-image-preview":"max-image-preview:large","max-video-preview":"max-video-preview:-1"},"canonical":"https:\/\/la-perla.net\/fr\/produit\/the-rese-the-cure-experience-ssiff-73\/","og_locale":"fr_FR","og_type":"article","og_title":"The Rese The Cure Experience SSIFF 73 \u2022 Talasoterapia La Perla","og_description":"D\u00e9couvrez The Reset Cure de Natura Biss\u00e9 \u00e0 La Perla. Peau renouvel\u00e9e, hydrat\u00e9e et \u00e9clatante dans la Bulbe d'Air Pur exclusive.","og_url":"https:\/\/la-perla.net\/fr\/produit\/the-rese-the-cure-experience-ssiff-73\/","og_site_name":"Talasoterapia La Perla \u2022 San Sebasti\u00e1n - Donostia","article_publisher":"https:\/\/www.facebook.com\/laperladonosti\/","article_modified_time":"2025-09-18T14:43:50+00:00","og_image":[{"width":400,"height":267,"url":"https:\/\/la-perla.net\/wp-content\/uploads\/2025\/09\/The-resert-cure_La-Perla.jpg","type":"image\/jpeg"}],"twitter_card":"summary_large_image","twitter_site":"@LaPerlaDonosti","twitter_misc":{"Dur\u00e9e de lecture estim\u00e9e":"2 minutes"},"schema":{"@context":"https:\/\/schema.org","@graph":[{"@type":"WebPage","@id":"https:\/\/la-perla.net\/fr\/produit\/the-rese-the-cure-experience-ssiff-73\/","url":"https:\/\/la-perla.net\/fr\/produit\/the-rese-the-cure-experience-ssiff-73\/","name":"The Rese The Cure Experience SSIFF 73 \u2022 Talasoterapia La Perla","isPartOf":{"@id":"https:\/\/la-perla.net\/#website"},"primaryImageOfPage":{"@id":"https:\/\/la-perla.net\/fr\/produit\/the-rese-the-cure-experience-ssiff-73\/#primaryimage"},"image":{"@id":"https:\/\/la-perla.net\/fr\/produit\/the-rese-the-cure-experience-ssiff-73\/#primaryimage"},"thumbnailUrl":"https:\/\/la-perla.net\/wp-content\/uploads\/2025\/09\/The-resert-cure_La-Perla.jpg","datePublished":"2025-09-11T11:59:52+00:00","dateModified":"2025-09-18T14:43:50+00:00","description":"D\u00e9couvrez The Reset Cure de Natura Biss\u00e9 \u00e0 La Perla. Peau renouvel\u00e9e, hydrat\u00e9e et \u00e9clatante dans la Bulbe d'Air Pur exclusive.","breadcrumb":{"@id":"https:\/\/la-perla.net\/fr\/produit\/the-rese-the-cure-experience-ssiff-73\/#breadcrumb"},"inLanguage":"fr-FR","potentialAction":[{"@type":"ReadAction","target":["https:\/\/la-perla.net\/fr\/produit\/the-rese-the-cure-experience-ssiff-73\/"]}]},{"@type":"ImageObject","inLanguage":"fr-FR","@id":"https:\/\/la-perla.net\/fr\/produit\/the-rese-the-cure-experience-ssiff-73\/#primaryimage","url":"https:\/\/la-perla.net\/wp-content\/uploads\/2025\/09\/The-resert-cure_La-Perla.jpg","contentUrl":"https:\/\/la-perla.net\/wp-content\/uploads\/2025\/09\/The-resert-cure_La-Perla.jpg","width":400,"height":267},{"@type":"BreadcrumbList","@id":"https:\/\/la-perla.net\/fr\/produit\/the-rese-the-cure-experience-ssiff-73\/#breadcrumb","itemListElement":[{"@type":"ListItem","position":1,"name":"Portada","item":"https:\/\/la-perla.net\/fr\/"},{"@type":"ListItem","position":2,"name":"Boutique","item":"https:\/\/la-perla.net\/fr\/boutique\/"},{"@type":"ListItem","position":3,"name":"The Rese The Cure Experience SSIFF 73"}]},{"@type":"WebSite","@id":"https:\/\/la-perla.net\/#website","url":"https:\/\/la-perla.net\/","name":"Talasoterapia La Perla \u2022 San Sebasti\u00e1n - Donostia","description":"Talasoterapia en Guipuzcoa - Centro de salud, belleza y deporte","publisher":{"@id":"https:\/\/la-perla.net\/#organization"},"potentialAction":[{"@type":"SearchAction","target":{"@type":"EntryPoint","urlTemplate":"https:\/\/la-perla.net\/?s={search_term_string}"},"query-input":{"@type":"PropertyValueSpecification","valueRequired":true,"valueName":"search_term_string"}}],"inLanguage":"fr-FR"},{"@type":"Organization","@id":"https:\/\/la-perla.net\/#organization","name":"La Perla","url":"https:\/\/la-perla.net\/","logo":{"@type":"ImageObject","inLanguage":"fr-FR","@id":"https:\/\/la-perla.net\/#\/schema\/logo\/image\/","url":"https:\/\/la-perla.net\/wp-content\/uploads\/2020\/09\/talasoterapia-la-perla.png","contentUrl":"https:\/\/la-perla.net\/wp-content\/uploads\/2020\/09\/talasoterapia-la-perla.png","width":191,"height":51,"caption":"La Perla"},"image":{"@id":"https:\/\/la-perla.net\/#\/schema\/logo\/image\/"},"sameAs":["https:\/\/www.facebook.com\/laperladonosti\/","https:\/\/x.com\/LaPerlaDonosti","https:\/\/www.instagram.com\/laperladonosti\/?hl=es","https:\/\/www.youtube.com\/channel\/UChQhp12N7Lg6ZrOcmAJAy4g"]}]}},"_links":{"self":[{"href":"https:\/\/la-perla.net\/fr\/wp-json\/wp\/v2\/product\/145127"}],"collection":[{"href":"https:\/\/la-perla.net\/fr\/wp-json\/wp\/v2\/product"}],"about":[{"href":"https:\/\/la-perla.net\/fr\/wp-json\/wp\/v2\/types\/product"}],"wp:featuredmedia":[{"embeddable":true,"href":"https:\/\/la-perla.net\/fr\/wp-json\/wp\/v2\/media\/144962"}],"wp:attachment":[{"href":"https:\/\/la-perla.net\/fr\/wp-json\/wp\/v2\/media?parent=145127"}],"wp:term":[{"taxonomy":"product_brand","embeddable":true,"href":"https:\/\/la-perla.net\/fr\/wp-json\/wp\/v2\/product_brand?post=145127"},{"taxonomy":"product_cat","embeddable":true,"href":"https:\/\/la-perla.net\/fr\/wp-json\/wp\/v2\/product_cat?post=145127"},{"taxonomy":"product_tag","embeddable":true,"href":"https:\/\/la-perla.net\/fr\/wp-json\/wp\/v2\/product_tag?post=145127"}],"curies":[{"name":"wp","href":"https:\/\/api.w.org\/{rel}","templated":true}]}}