{"id":55249,"date":"2018-03-22T13:55:40","date_gmt":"2018-03-22T12:55:40","guid":{"rendered":"https:\/\/laperla21.wpengine.com\/la-perla-salud-estetica\/lpg-cellu-alliance\/"},"modified":"2024-06-06T13:56:51","modified_gmt":"2024-06-06T11:56:51","slug":"lpg-cellu-alliance","status":"publish","type":"product","link":"https:\/\/la-perla.net\/fr\/produit\/lpg-cellu-alliance\/","title":{"rendered":"LPG Cellu M6 Alliance"},"content":{"rendered":"<p>Soin bas\u00e9 sur la technologie de la machine Cellu M6 Alliance\u00ae qui repose sur la technique endermologie\u00ae de la prestigieuse LPG. Cellu M6 Alliance\u00ae permet de r\u00e9aliser, gr\u00e2ce au rouleau et au clapet motoris\u00e9, un mouvement sur le tissus corporel qui aide \u00e0 \u00e9liminer les graisses, am\u00e9liorer la qualit\u00e9 de la peau et att\u00e9nuer la cellulite, afin d\u2019obtenir d\u2019excellents r\u00e9sultats de remodelage corporel.<\/p>\n<p>Cellu M6 Alliance\u00ae exerce une triple action dans un seul soin.<\/p>\n<p>Dur\u00e9e : s\u00e9ances de 25 ou 50 minutes.<\/p>\n","protected":false},"excerpt":{"rendered":"<p>Technique endermologie\u00ae triple action simultan\u00e9e dans un seul et unique soin pour traiter les graisses localis\u00e9es et la cellulite et raffermir la peau.<\/p>\n","protected":false},"featured_media":86976,"template":"","meta":{"_genesis_hide_title":false,"_genesis_hide_breadcrumbs":false,"_genesis_hide_singular_image":false,"_genesis_hide_footer_widgets":false,"_genesis_custom_body_class":"","_genesis_custom_post_class":"","_genesis_layout":""},"product_brand":[],"product_cat":[944],"product_tag":[],"class_list":{"0":"post-55249","1":"product","2":"type-product","3":"status-publish","4":"has-post-thumbnail","6":"product_cat-reducteurs-raffermissants","7":"entry","9":"first","10":"instock","11":"shipping-taxable","12":"purchasable","13":"product-type-variable"},"yoast_head":"<!-- This site is optimized with the Yoast SEO plugin v25.6 - https:\/\/yoast.com\/wordpress\/plugins\/seo\/ -->\n<title>LPG Cellu M6 Alliance \u2022 Thalassoth\u00e9rapie La Perla \u2022 San Sebasti\u00e1n<\/title>\n<meta name=\"description\" content=\"LPG Cellu M6 Alliance est une technique d&#039;end\u00e9mologie\u00ae \u00e0 triple action simultan\u00e9e en un seul traitement pour traiter les graisses localis\u00e9es.\" \/>\n<meta name=\"robots\" content=\"index, follow, max-snippet:-1, max-image-preview:large, max-video-preview:-1\" \/>\n<link rel=\"canonical\" href=\"https:\/\/la-perla.net\/fr\/produit\/lpg-cellu-alliance\/\" \/>\n<meta property=\"og:locale\" content=\"fr_FR\" \/>\n<meta property=\"og:type\" content=\"article\" \/>\n<meta property=\"og:title\" content=\"LPG Cellu M6 Alliance \u2022 Thalassoth\u00e9rapie La Perla \u2022 San Sebasti\u00e1n\" \/>\n<meta property=\"og:description\" content=\"LPG Cellu M6 Alliance est une technique d&#039;end\u00e9mologie\u00ae \u00e0 triple action simultan\u00e9e en un seul traitement pour traiter les graisses localis\u00e9es.\" \/>\n<meta property=\"og:url\" content=\"https:\/\/la-perla.net\/fr\/produit\/lpg-cellu-alliance\/\" \/>\n<meta property=\"og:site_name\" content=\"Talasoterapia La Perla \u2022 San Sebasti\u00e1n - Donostia\" \/>\n<meta property=\"article:publisher\" content=\"https:\/\/www.facebook.com\/laperladonosti\/\" \/>\n<meta property=\"article:modified_time\" content=\"2024-06-06T11:56:51+00:00\" \/>\n<meta property=\"og:image\" content=\"https:\/\/la-perla.net\/wp-content\/uploads\/2018\/03\/01_LPG.jpg\" \/>\n\t<meta property=\"og:image:width\" content=\"600\" \/>\n\t<meta property=\"og:image:height\" content=\"424\" \/>\n\t<meta property=\"og:image:type\" content=\"image\/jpeg\" \/>\n<meta name=\"twitter:card\" content=\"summary_large_image\" \/>\n<meta name=\"twitter:site\" content=\"@LaPerlaDonosti\" \/>\n<script type=\"application\/ld+json\" class=\"yoast-schema-graph\">{\"@context\":\"https:\/\/schema.org\",\"@graph\":[{\"@type\":\"WebPage\",\"@id\":\"https:\/\/la-perla.net\/fr\/produit\/lpg-cellu-alliance\/\",\"url\":\"https:\/\/la-perla.net\/fr\/produit\/lpg-cellu-alliance\/\",\"name\":\"LPG Cellu M6 Alliance \u2022 Thalassoth\u00e9rapie La Perla \u2022 San Sebasti\u00e1n\",\"isPartOf\":{\"@id\":\"https:\/\/la-perla.net\/#website\"},\"primaryImageOfPage\":{\"@id\":\"https:\/\/la-perla.net\/fr\/produit\/lpg-cellu-alliance\/#primaryimage\"},\"image\":{\"@id\":\"https:\/\/la-perla.net\/fr\/produit\/lpg-cellu-alliance\/#primaryimage\"},\"thumbnailUrl\":\"https:\/\/la-perla.net\/wp-content\/uploads\/2018\/03\/01_LPG.jpg\",\"datePublished\":\"2018-03-22T12:55:40+00:00\",\"dateModified\":\"2024-06-06T11:56:51+00:00\",\"description\":\"LPG Cellu M6 Alliance est une technique d'end\u00e9mologie\u00ae \u00e0 triple action simultan\u00e9e en un seul traitement pour traiter les graisses localis\u00e9es.\",\"breadcrumb\":{\"@id\":\"https:\/\/la-perla.net\/fr\/produit\/lpg-cellu-alliance\/#breadcrumb\"},\"inLanguage\":\"fr-FR\",\"potentialAction\":[{\"@type\":\"ReadAction\",\"target\":[\"https:\/\/la-perla.net\/fr\/produit\/lpg-cellu-alliance\/\"]}]},{\"@type\":\"ImageObject\",\"inLanguage\":\"fr-FR\",\"@id\":\"https:\/\/la-perla.net\/fr\/produit\/lpg-cellu-alliance\/#primaryimage\",\"url\":\"https:\/\/la-perla.net\/wp-content\/uploads\/2018\/03\/01_LPG.jpg\",\"contentUrl\":\"https:\/\/la-perla.net\/wp-content\/uploads\/2018\/03\/01_LPG.jpg\",\"width\":600,\"height\":424,\"caption\":\"LPG Cellu M6 Alliance\"},{\"@type\":\"BreadcrumbList\",\"@id\":\"https:\/\/la-perla.net\/fr\/produit\/lpg-cellu-alliance\/#breadcrumb\",\"itemListElement\":[{\"@type\":\"ListItem\",\"position\":1,\"name\":\"Portada\",\"item\":\"https:\/\/la-perla.net\/fr\/\"},{\"@type\":\"ListItem\",\"position\":2,\"name\":\"Boutique\",\"item\":\"https:\/\/la-perla.net\/fr\/boutique\/\"},{\"@type\":\"ListItem\",\"position\":3,\"name\":\"LPG Cellu M6 Alliance\"}]},{\"@type\":\"WebSite\",\"@id\":\"https:\/\/la-perla.net\/#website\",\"url\":\"https:\/\/la-perla.net\/\",\"name\":\"Talasoterapia La Perla \u2022 San Sebasti\u00e1n - Donostia\",\"description\":\"Talasoterapia en Guipuzcoa - Centro de salud, belleza y deporte\",\"publisher\":{\"@id\":\"https:\/\/la-perla.net\/#organization\"},\"potentialAction\":[{\"@type\":\"SearchAction\",\"target\":{\"@type\":\"EntryPoint\",\"urlTemplate\":\"https:\/\/la-perla.net\/?s={search_term_string}\"},\"query-input\":{\"@type\":\"PropertyValueSpecification\",\"valueRequired\":true,\"valueName\":\"search_term_string\"}}],\"inLanguage\":\"fr-FR\"},{\"@type\":\"Organization\",\"@id\":\"https:\/\/la-perla.net\/#organization\",\"name\":\"La Perla\",\"url\":\"https:\/\/la-perla.net\/\",\"logo\":{\"@type\":\"ImageObject\",\"inLanguage\":\"fr-FR\",\"@id\":\"https:\/\/la-perla.net\/#\/schema\/logo\/image\/\",\"url\":\"https:\/\/la-perla.net\/wp-content\/uploads\/2020\/09\/talasoterapia-la-perla.png\",\"contentUrl\":\"https:\/\/la-perla.net\/wp-content\/uploads\/2020\/09\/talasoterapia-la-perla.png\",\"width\":191,\"height\":51,\"caption\":\"La Perla\"},\"image\":{\"@id\":\"https:\/\/la-perla.net\/#\/schema\/logo\/image\/\"},\"sameAs\":[\"https:\/\/www.facebook.com\/laperladonosti\/\",\"https:\/\/x.com\/LaPerlaDonosti\",\"https:\/\/www.instagram.com\/laperladonosti\/?hl=es\",\"https:\/\/www.youtube.com\/channel\/UChQhp12N7Lg6ZrOcmAJAy4g\"]}]}<\/script>\n<!-- \/ Yoast SEO plugin. -->","yoast_head_json":{"title":"LPG Cellu M6 Alliance \u2022 Thalassoth\u00e9rapie La Perla \u2022 San Sebasti\u00e1n","description":"LPG Cellu M6 Alliance est une technique d'end\u00e9mologie\u00ae \u00e0 triple action simultan\u00e9e en un seul traitement pour traiter les graisses localis\u00e9es.","robots":{"index":"index","follow":"follow","max-snippet":"max-snippet:-1","max-image-preview":"max-image-preview:large","max-video-preview":"max-video-preview:-1"},"canonical":"https:\/\/la-perla.net\/fr\/produit\/lpg-cellu-alliance\/","og_locale":"fr_FR","og_type":"article","og_title":"LPG Cellu M6 Alliance \u2022 Thalassoth\u00e9rapie La Perla \u2022 San Sebasti\u00e1n","og_description":"LPG Cellu M6 Alliance est une technique d'end\u00e9mologie\u00ae \u00e0 triple action simultan\u00e9e en un seul traitement pour traiter les graisses localis\u00e9es.","og_url":"https:\/\/la-perla.net\/fr\/produit\/lpg-cellu-alliance\/","og_site_name":"Talasoterapia La Perla \u2022 San Sebasti\u00e1n - Donostia","article_publisher":"https:\/\/www.facebook.com\/laperladonosti\/","article_modified_time":"2024-06-06T11:56:51+00:00","og_image":[{"width":600,"height":424,"url":"https:\/\/la-perla.net\/wp-content\/uploads\/2018\/03\/01_LPG.jpg","type":"image\/jpeg"}],"twitter_card":"summary_large_image","twitter_site":"@LaPerlaDonosti","schema":{"@context":"https:\/\/schema.org","@graph":[{"@type":"WebPage","@id":"https:\/\/la-perla.net\/fr\/produit\/lpg-cellu-alliance\/","url":"https:\/\/la-perla.net\/fr\/produit\/lpg-cellu-alliance\/","name":"LPG Cellu M6 Alliance \u2022 Thalassoth\u00e9rapie La Perla \u2022 San Sebasti\u00e1n","isPartOf":{"@id":"https:\/\/la-perla.net\/#website"},"primaryImageOfPage":{"@id":"https:\/\/la-perla.net\/fr\/produit\/lpg-cellu-alliance\/#primaryimage"},"image":{"@id":"https:\/\/la-perla.net\/fr\/produit\/lpg-cellu-alliance\/#primaryimage"},"thumbnailUrl":"https:\/\/la-perla.net\/wp-content\/uploads\/2018\/03\/01_LPG.jpg","datePublished":"2018-03-22T12:55:40+00:00","dateModified":"2024-06-06T11:56:51+00:00","description":"LPG Cellu M6 Alliance est une technique d'end\u00e9mologie\u00ae \u00e0 triple action simultan\u00e9e en un seul traitement pour traiter les graisses localis\u00e9es.","breadcrumb":{"@id":"https:\/\/la-perla.net\/fr\/produit\/lpg-cellu-alliance\/#breadcrumb"},"inLanguage":"fr-FR","potentialAction":[{"@type":"ReadAction","target":["https:\/\/la-perla.net\/fr\/produit\/lpg-cellu-alliance\/"]}]},{"@type":"ImageObject","inLanguage":"fr-FR","@id":"https:\/\/la-perla.net\/fr\/produit\/lpg-cellu-alliance\/#primaryimage","url":"https:\/\/la-perla.net\/wp-content\/uploads\/2018\/03\/01_LPG.jpg","contentUrl":"https:\/\/la-perla.net\/wp-content\/uploads\/2018\/03\/01_LPG.jpg","width":600,"height":424,"caption":"LPG Cellu M6 Alliance"},{"@type":"BreadcrumbList","@id":"https:\/\/la-perla.net\/fr\/produit\/lpg-cellu-alliance\/#breadcrumb","itemListElement":[{"@type":"ListItem","position":1,"name":"Portada","item":"https:\/\/la-perla.net\/fr\/"},{"@type":"ListItem","position":2,"name":"Boutique","item":"https:\/\/la-perla.net\/fr\/boutique\/"},{"@type":"ListItem","position":3,"name":"LPG Cellu M6 Alliance"}]},{"@type":"WebSite","@id":"https:\/\/la-perla.net\/#website","url":"https:\/\/la-perla.net\/","name":"Talasoterapia La Perla \u2022 San Sebasti\u00e1n - Donostia","description":"Talasoterapia en Guipuzcoa - Centro de salud, belleza y deporte","publisher":{"@id":"https:\/\/la-perla.net\/#organization"},"potentialAction":[{"@type":"SearchAction","target":{"@type":"EntryPoint","urlTemplate":"https:\/\/la-perla.net\/?s={search_term_string}"},"query-input":{"@type":"PropertyValueSpecification","valueRequired":true,"valueName":"search_term_string"}}],"inLanguage":"fr-FR"},{"@type":"Organization","@id":"https:\/\/la-perla.net\/#organization","name":"La Perla","url":"https:\/\/la-perla.net\/","logo":{"@type":"ImageObject","inLanguage":"fr-FR","@id":"https:\/\/la-perla.net\/#\/schema\/logo\/image\/","url":"https:\/\/la-perla.net\/wp-content\/uploads\/2020\/09\/talasoterapia-la-perla.png","contentUrl":"https:\/\/la-perla.net\/wp-content\/uploads\/2020\/09\/talasoterapia-la-perla.png","width":191,"height":51,"caption":"La Perla"},"image":{"@id":"https:\/\/la-perla.net\/#\/schema\/logo\/image\/"},"sameAs":["https:\/\/www.facebook.com\/laperladonosti\/","https:\/\/x.com\/LaPerlaDonosti","https:\/\/www.instagram.com\/laperladonosti\/?hl=es","https:\/\/www.youtube.com\/channel\/UChQhp12N7Lg6ZrOcmAJAy4g"]}]}},"_links":{"self":[{"href":"https:\/\/la-perla.net\/fr\/wp-json\/wp\/v2\/product\/55249"}],"collection":[{"href":"https:\/\/la-perla.net\/fr\/wp-json\/wp\/v2\/product"}],"about":[{"href":"https:\/\/la-perla.net\/fr\/wp-json\/wp\/v2\/types\/product"}],"wp:featuredmedia":[{"embeddable":true,"href":"https:\/\/la-perla.net\/fr\/wp-json\/wp\/v2\/media\/86976"}],"wp:attachment":[{"href":"https:\/\/la-perla.net\/fr\/wp-json\/wp\/v2\/media?parent=55249"}],"wp:term":[{"taxonomy":"product_brand","embeddable":true,"href":"https:\/\/la-perla.net\/fr\/wp-json\/wp\/v2\/product_brand?post=55249"},{"taxonomy":"product_cat","embeddable":true,"href":"https:\/\/la-perla.net\/fr\/wp-json\/wp\/v2\/product_cat?post=55249"},{"taxonomy":"product_tag","embeddable":true,"href":"https:\/\/la-perla.net\/fr\/wp-json\/wp\/v2\/product_tag?post=55249"}],"curies":[{"name":"wp","href":"https:\/\/api.w.org\/{rel}","templated":true}]}}