{"id":55255,"date":"2018-03-22T13:27:29","date_gmt":"2018-03-22T12:27:29","guid":{"rendered":"https:\/\/laperla21.wpengine.com\/la-perla-salud-estetica\/lpg-cellu-m6-alliance\/"},"modified":"2025-02-27T13:32:22","modified_gmt":"2025-02-27T12:32:22","slug":"lpg-cellu-m6-alliance-3","status":"publish","type":"product","link":"https:\/\/la-perla.net\/fr\/produit\/lpg-cellu-m6-alliance-3\/","title":{"rendered":"LPG Alliance Medical"},"content":{"rendered":"<p>Soin anti-\u00e2ge endermologie\u00ae pour combler les rides, raffermir les tissus et apporter de l\u2019\u00e9clat \u00e0 la peau<\/p>\n<p>La t\u00eate LPG r\u00e9alise une gymnastique cutan\u00e9e gr\u00e2ce \u00e0 ses clapets motoris\u00e9s qui aspirent et mobilisent la peau. Les fibroblastes stimul\u00e9s produisent un nouveau collag\u00e8ne, de l\u2019\u00e9lastine et de l\u2019acide hyaluronique endog\u00e8ne.<\/p>\n<p>Dur\u00e9e : s\u00e9ances de 25 &#8211; 50 minutes.<\/p>\n","protected":false},"excerpt":{"rendered":"<p>Soin anti-\u00e2ge endermologie\u00ae  pour combler les rides, raffermir l\u2019ovale, \u00e9claircir la peau\u2026<\/p>\n","protected":false},"featured_media":87236,"template":"","meta":{"_genesis_hide_title":false,"_genesis_hide_breadcrumbs":false,"_genesis_hide_singular_image":false,"_genesis_hide_footer_widgets":false,"_genesis_custom_body_class":"","_genesis_custom_post_class":"","_genesis_layout":""},"product_brand":[],"product_cat":[960],"product_tag":[],"class_list":{"0":"post-55255","1":"product","2":"type-product","3":"status-publish","4":"has-post-thumbnail","6":"product_cat-soins-antivieillissement","7":"entry","9":"first","10":"instock","11":"shipping-taxable","12":"purchasable","13":"product-type-variable"},"yoast_head":"<!-- This site is optimized with the Yoast SEO plugin v25.6 - https:\/\/yoast.com\/wordpress\/plugins\/seo\/ -->\n<title>LPG Cellu M6 Alliance \u2022 Thalassoth\u00e9rapie La Perle \u2022 Saint S\u00e9bastien<\/title>\n<meta name=\"description\" content=\"Technique d&#039;end\u00e9mologie\u00ae anti-\u00e2ge pour combler les rides, raffermir l&#039;ovale ou \u00e9claircir le teint. Dur\u00e9e : s\u00e9ances de 25, 50 ou 90 minutes.\" \/>\n<meta name=\"robots\" content=\"index, follow, max-snippet:-1, max-image-preview:large, max-video-preview:-1\" \/>\n<link rel=\"canonical\" href=\"https:\/\/la-perla.net\/fr\/produit\/lpg-cellu-m6-alliance-3\/\" \/>\n<meta property=\"og:locale\" content=\"fr_FR\" \/>\n<meta property=\"og:type\" content=\"article\" \/>\n<meta property=\"og:title\" content=\"LPG Cellu M6 Alliance \u2022 Thalassoth\u00e9rapie La Perle \u2022 Saint S\u00e9bastien\" \/>\n<meta property=\"og:description\" content=\"Technique d&#039;end\u00e9mologie\u00ae anti-\u00e2ge pour combler les rides, raffermir l&#039;ovale ou \u00e9claircir le teint. Dur\u00e9e : s\u00e9ances de 25, 50 ou 90 minutes.\" \/>\n<meta property=\"og:url\" content=\"https:\/\/la-perla.net\/fr\/produit\/lpg-cellu-m6-alliance-3\/\" \/>\n<meta property=\"og:site_name\" content=\"Talasoterapia La Perla \u2022 San Sebasti\u00e1n - Donostia\" \/>\n<meta property=\"article:publisher\" content=\"https:\/\/www.facebook.com\/laperladonosti\/\" \/>\n<meta property=\"article:modified_time\" content=\"2025-02-27T12:32:22+00:00\" \/>\n<meta property=\"og:image\" content=\"https:\/\/la-perla.net\/wp-content\/uploads\/2018\/03\/02_LPG.jpg\" \/>\n\t<meta property=\"og:image:width\" content=\"400\" \/>\n\t<meta property=\"og:image:height\" content=\"267\" \/>\n\t<meta property=\"og:image:type\" content=\"image\/jpeg\" \/>\n<meta name=\"twitter:card\" content=\"summary_large_image\" \/>\n<meta name=\"twitter:site\" content=\"@LaPerlaDonosti\" \/>\n<script type=\"application\/ld+json\" class=\"yoast-schema-graph\">{\"@context\":\"https:\/\/schema.org\",\"@graph\":[{\"@type\":\"WebPage\",\"@id\":\"https:\/\/la-perla.net\/fr\/produit\/lpg-cellu-m6-alliance-3\/\",\"url\":\"https:\/\/la-perla.net\/fr\/produit\/lpg-cellu-m6-alliance-3\/\",\"name\":\"LPG Cellu M6 Alliance \u2022 Thalassoth\u00e9rapie La Perle \u2022 Saint S\u00e9bastien\",\"isPartOf\":{\"@id\":\"https:\/\/la-perla.net\/#website\"},\"primaryImageOfPage\":{\"@id\":\"https:\/\/la-perla.net\/fr\/produit\/lpg-cellu-m6-alliance-3\/#primaryimage\"},\"image\":{\"@id\":\"https:\/\/la-perla.net\/fr\/produit\/lpg-cellu-m6-alliance-3\/#primaryimage\"},\"thumbnailUrl\":\"https:\/\/la-perla.net\/wp-content\/uploads\/2018\/03\/02_LPG.jpg\",\"datePublished\":\"2018-03-22T12:27:29+00:00\",\"dateModified\":\"2025-02-27T12:32:22+00:00\",\"description\":\"Technique d'end\u00e9mologie\u00ae anti-\u00e2ge pour combler les rides, raffermir l'ovale ou \u00e9claircir le teint. Dur\u00e9e : s\u00e9ances de 25, 50 ou 90 minutes.\",\"breadcrumb\":{\"@id\":\"https:\/\/la-perla.net\/fr\/produit\/lpg-cellu-m6-alliance-3\/#breadcrumb\"},\"inLanguage\":\"fr-FR\",\"potentialAction\":[{\"@type\":\"ReadAction\",\"target\":[\"https:\/\/la-perla.net\/fr\/produit\/lpg-cellu-m6-alliance-3\/\"]}]},{\"@type\":\"ImageObject\",\"inLanguage\":\"fr-FR\",\"@id\":\"https:\/\/la-perla.net\/fr\/produit\/lpg-cellu-m6-alliance-3\/#primaryimage\",\"url\":\"https:\/\/la-perla.net\/wp-content\/uploads\/2018\/03\/02_LPG.jpg\",\"contentUrl\":\"https:\/\/la-perla.net\/wp-content\/uploads\/2018\/03\/02_LPG.jpg\",\"width\":400,\"height\":267,\"caption\":\"LPG Cellu M6 Alliance\"},{\"@type\":\"BreadcrumbList\",\"@id\":\"https:\/\/la-perla.net\/fr\/produit\/lpg-cellu-m6-alliance-3\/#breadcrumb\",\"itemListElement\":[{\"@type\":\"ListItem\",\"position\":1,\"name\":\"Portada\",\"item\":\"https:\/\/la-perla.net\/fr\/\"},{\"@type\":\"ListItem\",\"position\":2,\"name\":\"Boutique\",\"item\":\"https:\/\/la-perla.net\/fr\/boutique\/\"},{\"@type\":\"ListItem\",\"position\":3,\"name\":\"LPG Alliance Medical\"}]},{\"@type\":\"WebSite\",\"@id\":\"https:\/\/la-perla.net\/#website\",\"url\":\"https:\/\/la-perla.net\/\",\"name\":\"Talasoterapia La Perla \u2022 San Sebasti\u00e1n - Donostia\",\"description\":\"Talasoterapia en Guipuzcoa - Centro de salud, belleza y deporte\",\"publisher\":{\"@id\":\"https:\/\/la-perla.net\/#organization\"},\"potentialAction\":[{\"@type\":\"SearchAction\",\"target\":{\"@type\":\"EntryPoint\",\"urlTemplate\":\"https:\/\/la-perla.net\/?s={search_term_string}\"},\"query-input\":{\"@type\":\"PropertyValueSpecification\",\"valueRequired\":true,\"valueName\":\"search_term_string\"}}],\"inLanguage\":\"fr-FR\"},{\"@type\":\"Organization\",\"@id\":\"https:\/\/la-perla.net\/#organization\",\"name\":\"La Perla\",\"url\":\"https:\/\/la-perla.net\/\",\"logo\":{\"@type\":\"ImageObject\",\"inLanguage\":\"fr-FR\",\"@id\":\"https:\/\/la-perla.net\/#\/schema\/logo\/image\/\",\"url\":\"https:\/\/la-perla.net\/wp-content\/uploads\/2020\/09\/talasoterapia-la-perla.png\",\"contentUrl\":\"https:\/\/la-perla.net\/wp-content\/uploads\/2020\/09\/talasoterapia-la-perla.png\",\"width\":191,\"height\":51,\"caption\":\"La Perla\"},\"image\":{\"@id\":\"https:\/\/la-perla.net\/#\/schema\/logo\/image\/\"},\"sameAs\":[\"https:\/\/www.facebook.com\/laperladonosti\/\",\"https:\/\/x.com\/LaPerlaDonosti\",\"https:\/\/www.instagram.com\/laperladonosti\/?hl=es\",\"https:\/\/www.youtube.com\/channel\/UChQhp12N7Lg6ZrOcmAJAy4g\"]}]}<\/script>\n<!-- \/ Yoast SEO plugin. -->","yoast_head_json":{"title":"LPG Cellu M6 Alliance \u2022 Thalassoth\u00e9rapie La Perle \u2022 Saint S\u00e9bastien","description":"Technique d'end\u00e9mologie\u00ae anti-\u00e2ge pour combler les rides, raffermir l'ovale ou \u00e9claircir le teint. Dur\u00e9e : s\u00e9ances de 25, 50 ou 90 minutes.","robots":{"index":"index","follow":"follow","max-snippet":"max-snippet:-1","max-image-preview":"max-image-preview:large","max-video-preview":"max-video-preview:-1"},"canonical":"https:\/\/la-perla.net\/fr\/produit\/lpg-cellu-m6-alliance-3\/","og_locale":"fr_FR","og_type":"article","og_title":"LPG Cellu M6 Alliance \u2022 Thalassoth\u00e9rapie La Perle \u2022 Saint S\u00e9bastien","og_description":"Technique d'end\u00e9mologie\u00ae anti-\u00e2ge pour combler les rides, raffermir l'ovale ou \u00e9claircir le teint. Dur\u00e9e : s\u00e9ances de 25, 50 ou 90 minutes.","og_url":"https:\/\/la-perla.net\/fr\/produit\/lpg-cellu-m6-alliance-3\/","og_site_name":"Talasoterapia La Perla \u2022 San Sebasti\u00e1n - Donostia","article_publisher":"https:\/\/www.facebook.com\/laperladonosti\/","article_modified_time":"2025-02-27T12:32:22+00:00","og_image":[{"width":400,"height":267,"url":"https:\/\/la-perla.net\/wp-content\/uploads\/2018\/03\/02_LPG.jpg","type":"image\/jpeg"}],"twitter_card":"summary_large_image","twitter_site":"@LaPerlaDonosti","schema":{"@context":"https:\/\/schema.org","@graph":[{"@type":"WebPage","@id":"https:\/\/la-perla.net\/fr\/produit\/lpg-cellu-m6-alliance-3\/","url":"https:\/\/la-perla.net\/fr\/produit\/lpg-cellu-m6-alliance-3\/","name":"LPG Cellu M6 Alliance \u2022 Thalassoth\u00e9rapie La Perle \u2022 Saint S\u00e9bastien","isPartOf":{"@id":"https:\/\/la-perla.net\/#website"},"primaryImageOfPage":{"@id":"https:\/\/la-perla.net\/fr\/produit\/lpg-cellu-m6-alliance-3\/#primaryimage"},"image":{"@id":"https:\/\/la-perla.net\/fr\/produit\/lpg-cellu-m6-alliance-3\/#primaryimage"},"thumbnailUrl":"https:\/\/la-perla.net\/wp-content\/uploads\/2018\/03\/02_LPG.jpg","datePublished":"2018-03-22T12:27:29+00:00","dateModified":"2025-02-27T12:32:22+00:00","description":"Technique d'end\u00e9mologie\u00ae anti-\u00e2ge pour combler les rides, raffermir l'ovale ou \u00e9claircir le teint. Dur\u00e9e : s\u00e9ances de 25, 50 ou 90 minutes.","breadcrumb":{"@id":"https:\/\/la-perla.net\/fr\/produit\/lpg-cellu-m6-alliance-3\/#breadcrumb"},"inLanguage":"fr-FR","potentialAction":[{"@type":"ReadAction","target":["https:\/\/la-perla.net\/fr\/produit\/lpg-cellu-m6-alliance-3\/"]}]},{"@type":"ImageObject","inLanguage":"fr-FR","@id":"https:\/\/la-perla.net\/fr\/produit\/lpg-cellu-m6-alliance-3\/#primaryimage","url":"https:\/\/la-perla.net\/wp-content\/uploads\/2018\/03\/02_LPG.jpg","contentUrl":"https:\/\/la-perla.net\/wp-content\/uploads\/2018\/03\/02_LPG.jpg","width":400,"height":267,"caption":"LPG Cellu M6 Alliance"},{"@type":"BreadcrumbList","@id":"https:\/\/la-perla.net\/fr\/produit\/lpg-cellu-m6-alliance-3\/#breadcrumb","itemListElement":[{"@type":"ListItem","position":1,"name":"Portada","item":"https:\/\/la-perla.net\/fr\/"},{"@type":"ListItem","position":2,"name":"Boutique","item":"https:\/\/la-perla.net\/fr\/boutique\/"},{"@type":"ListItem","position":3,"name":"LPG Alliance Medical"}]},{"@type":"WebSite","@id":"https:\/\/la-perla.net\/#website","url":"https:\/\/la-perla.net\/","name":"Talasoterapia La Perla \u2022 San Sebasti\u00e1n - Donostia","description":"Talasoterapia en Guipuzcoa - Centro de salud, belleza y deporte","publisher":{"@id":"https:\/\/la-perla.net\/#organization"},"potentialAction":[{"@type":"SearchAction","target":{"@type":"EntryPoint","urlTemplate":"https:\/\/la-perla.net\/?s={search_term_string}"},"query-input":{"@type":"PropertyValueSpecification","valueRequired":true,"valueName":"search_term_string"}}],"inLanguage":"fr-FR"},{"@type":"Organization","@id":"https:\/\/la-perla.net\/#organization","name":"La Perla","url":"https:\/\/la-perla.net\/","logo":{"@type":"ImageObject","inLanguage":"fr-FR","@id":"https:\/\/la-perla.net\/#\/schema\/logo\/image\/","url":"https:\/\/la-perla.net\/wp-content\/uploads\/2020\/09\/talasoterapia-la-perla.png","contentUrl":"https:\/\/la-perla.net\/wp-content\/uploads\/2020\/09\/talasoterapia-la-perla.png","width":191,"height":51,"caption":"La Perla"},"image":{"@id":"https:\/\/la-perla.net\/#\/schema\/logo\/image\/"},"sameAs":["https:\/\/www.facebook.com\/laperladonosti\/","https:\/\/x.com\/LaPerlaDonosti","https:\/\/www.instagram.com\/laperladonosti\/?hl=es","https:\/\/www.youtube.com\/channel\/UChQhp12N7Lg6ZrOcmAJAy4g"]}]}},"_links":{"self":[{"href":"https:\/\/la-perla.net\/fr\/wp-json\/wp\/v2\/product\/55255"}],"collection":[{"href":"https:\/\/la-perla.net\/fr\/wp-json\/wp\/v2\/product"}],"about":[{"href":"https:\/\/la-perla.net\/fr\/wp-json\/wp\/v2\/types\/product"}],"wp:featuredmedia":[{"embeddable":true,"href":"https:\/\/la-perla.net\/fr\/wp-json\/wp\/v2\/media\/87236"}],"wp:attachment":[{"href":"https:\/\/la-perla.net\/fr\/wp-json\/wp\/v2\/media?parent=55255"}],"wp:term":[{"taxonomy":"product_brand","embeddable":true,"href":"https:\/\/la-perla.net\/fr\/wp-json\/wp\/v2\/product_brand?post=55255"},{"taxonomy":"product_cat","embeddable":true,"href":"https:\/\/la-perla.net\/fr\/wp-json\/wp\/v2\/product_cat?post=55255"},{"taxonomy":"product_tag","embeddable":true,"href":"https:\/\/la-perla.net\/fr\/wp-json\/wp\/v2\/product_tag?post=55255"}],"curies":[{"name":"wp","href":"https:\/\/api.w.org\/{rel}","templated":true}]}}