{"id":55269,"date":"2021-08-11T11:22:44","date_gmt":"2021-08-11T09:22:44","guid":{"rendered":"https:\/\/laperla21.wpengine.com\/la-perla-salud-estetica\/indiba-activ\/"},"modified":"2025-02-27T15:26:35","modified_gmt":"2025-02-27T14:26:35","slug":"indiba-activ","status":"publish","type":"product","link":"https:\/\/la-perla.net\/fr\/produit\/indiba-activ\/","title":{"rendered":"Indiba Activ"},"content":{"rendered":"<p>Indiba\u00ae Activ Therapy, gr\u00e2ce au syst\u00e8me Proionic\u00ae, permet d\u2019activer le m\u00e9tabolisme cellulaire en r\u00e9tablissant son \u00e9quilibre et en augmentant la vascularisation et la temp\u00e9rature interne des tissus trait\u00e9s. Il contribue \u00e0 acc\u00e9l\u00e9rer la r\u00e9cup\u00e9ration, soulager la douleur ou r\u00e9duire l\u2019inflammation des l\u00e9sions. Il permet aussi de traiter efficacement l\u2019arthrose, la lombalgie, les entorses, les fractures, les l\u00e9sions musculaires, les tendinites et les probl\u00e8mes du plancher pelvien. Il est conseill\u00e9 par de nombreux sportifs de haut niveau pour r\u00e9cup\u00e9rer plus rapidement et pour pr\u00e9venir les blessures.<\/p>\n<p>Dur\u00e9e : S\u00e9ances de 25 ou 50 minutes.<\/p>\n","protected":false},"excerpt":{"rendered":"<p>Indiba\u00ae Activ Therapy, gr\u00e2ce au syst\u00e8me Proionic\u00ae, permet d\u2019activer le m\u00e9tabolisme cellulaire en r\u00e9tablissant son \u00e9quilibre et en augmentant la vascularisation et la temp\u00e9rature interne des tissus trait\u00e9s.<\/p>\n","protected":false},"featured_media":87121,"template":"","meta":{"_genesis_hide_title":false,"_genesis_hide_breadcrumbs":false,"_genesis_hide_singular_image":false,"_genesis_hide_footer_widgets":false,"_genesis_custom_body_class":"","_genesis_custom_post_class":"","_genesis_layout":""},"product_brand":[],"product_cat":[912],"product_tag":[],"class_list":{"0":"post-55269","1":"product","2":"type-product","3":"status-publish","4":"has-post-thumbnail","6":"product_cat-physiotherapie-et-reeducation","7":"entry","9":"first","10":"instock","11":"purchasable","12":"product-type-variable"},"yoast_head":"<!-- This site is optimized with the Yoast SEO plugin v25.6 - https:\/\/yoast.com\/wordpress\/plugins\/seo\/ -->\n<title>Indiba Activ \u2022 Thalassoth\u00e9rapie La Perla \u2022 Saint S\u00e9bastien<\/title>\n<meta name=\"description\" content=\"Indiba \u00ae Activ Therapy, gr\u00e2ce au syst\u00e8me Proionic\u00ae, active le m\u00e9tabolisme cellulaire et r\u00e9tablit son \u00e9quilibre.\" \/>\n<meta name=\"robots\" content=\"index, follow, max-snippet:-1, max-image-preview:large, max-video-preview:-1\" \/>\n<link rel=\"canonical\" href=\"https:\/\/la-perla.net\/fr\/produit\/indiba-activ\/\" \/>\n<meta property=\"og:locale\" content=\"fr_FR\" \/>\n<meta property=\"og:type\" content=\"article\" \/>\n<meta property=\"og:title\" content=\"Indiba Activ \u2022 Thalassoth\u00e9rapie La Perla \u2022 Saint S\u00e9bastien\" \/>\n<meta property=\"og:description\" content=\"Indiba \u00ae Activ Therapy, gr\u00e2ce au syst\u00e8me Proionic\u00ae, active le m\u00e9tabolisme cellulaire et r\u00e9tablit son \u00e9quilibre.\" \/>\n<meta property=\"og:url\" content=\"https:\/\/la-perla.net\/fr\/produit\/indiba-activ\/\" \/>\n<meta property=\"og:site_name\" content=\"Talasoterapia La Perla \u2022 San Sebasti\u00e1n - Donostia\" \/>\n<meta property=\"article:publisher\" content=\"https:\/\/www.facebook.com\/laperladonosti\/\" \/>\n<meta property=\"article:modified_time\" content=\"2025-02-27T14:26:35+00:00\" \/>\n<meta property=\"og:image\" content=\"https:\/\/la-perla.net\/wp-content\/uploads\/2021\/08\/02_Indiba.jpg\" \/>\n\t<meta property=\"og:image:width\" content=\"600\" \/>\n\t<meta property=\"og:image:height\" content=\"424\" \/>\n\t<meta property=\"og:image:type\" content=\"image\/jpeg\" \/>\n<meta name=\"twitter:card\" content=\"summary_large_image\" \/>\n<meta name=\"twitter:site\" content=\"@LaPerlaDonosti\" \/>\n<meta name=\"twitter:label1\" content=\"Dur\u00e9e de lecture estim\u00e9e\" \/>\n\t<meta name=\"twitter:data1\" content=\"1 minute\" \/>\n<script type=\"application\/ld+json\" class=\"yoast-schema-graph\">{\"@context\":\"https:\/\/schema.org\",\"@graph\":[{\"@type\":\"WebPage\",\"@id\":\"https:\/\/la-perla.net\/fr\/produit\/indiba-activ\/\",\"url\":\"https:\/\/la-perla.net\/fr\/produit\/indiba-activ\/\",\"name\":\"Indiba Activ \u2022 Thalassoth\u00e9rapie La Perla \u2022 Saint S\u00e9bastien\",\"isPartOf\":{\"@id\":\"https:\/\/la-perla.net\/#website\"},\"primaryImageOfPage\":{\"@id\":\"https:\/\/la-perla.net\/fr\/produit\/indiba-activ\/#primaryimage\"},\"image\":{\"@id\":\"https:\/\/la-perla.net\/fr\/produit\/indiba-activ\/#primaryimage\"},\"thumbnailUrl\":\"https:\/\/la-perla.net\/wp-content\/uploads\/2021\/08\/02_Indiba.jpg\",\"datePublished\":\"2021-08-11T09:22:44+00:00\",\"dateModified\":\"2025-02-27T14:26:35+00:00\",\"description\":\"Indiba \u00ae Activ Therapy, gr\u00e2ce au syst\u00e8me Proionic\u00ae, active le m\u00e9tabolisme cellulaire et r\u00e9tablit son \u00e9quilibre.\",\"breadcrumb\":{\"@id\":\"https:\/\/la-perla.net\/fr\/produit\/indiba-activ\/#breadcrumb\"},\"inLanguage\":\"fr-FR\",\"potentialAction\":[{\"@type\":\"ReadAction\",\"target\":[\"https:\/\/la-perla.net\/fr\/produit\/indiba-activ\/\"]}]},{\"@type\":\"ImageObject\",\"inLanguage\":\"fr-FR\",\"@id\":\"https:\/\/la-perla.net\/fr\/produit\/indiba-activ\/#primaryimage\",\"url\":\"https:\/\/la-perla.net\/wp-content\/uploads\/2021\/08\/02_Indiba.jpg\",\"contentUrl\":\"https:\/\/la-perla.net\/wp-content\/uploads\/2021\/08\/02_Indiba.jpg\",\"width\":600,\"height\":424,\"caption\":\"Indiba Activ\"},{\"@type\":\"BreadcrumbList\",\"@id\":\"https:\/\/la-perla.net\/fr\/produit\/indiba-activ\/#breadcrumb\",\"itemListElement\":[{\"@type\":\"ListItem\",\"position\":1,\"name\":\"Portada\",\"item\":\"https:\/\/la-perla.net\/fr\/\"},{\"@type\":\"ListItem\",\"position\":2,\"name\":\"Boutique\",\"item\":\"https:\/\/la-perla.net\/fr\/boutique\/\"},{\"@type\":\"ListItem\",\"position\":3,\"name\":\"Indiba Activ\"}]},{\"@type\":\"WebSite\",\"@id\":\"https:\/\/la-perla.net\/#website\",\"url\":\"https:\/\/la-perla.net\/\",\"name\":\"Talasoterapia La Perla \u2022 San Sebasti\u00e1n - Donostia\",\"description\":\"Talasoterapia en Guipuzcoa - Centro de salud, belleza y deporte\",\"publisher\":{\"@id\":\"https:\/\/la-perla.net\/#organization\"},\"potentialAction\":[{\"@type\":\"SearchAction\",\"target\":{\"@type\":\"EntryPoint\",\"urlTemplate\":\"https:\/\/la-perla.net\/?s={search_term_string}\"},\"query-input\":{\"@type\":\"PropertyValueSpecification\",\"valueRequired\":true,\"valueName\":\"search_term_string\"}}],\"inLanguage\":\"fr-FR\"},{\"@type\":\"Organization\",\"@id\":\"https:\/\/la-perla.net\/#organization\",\"name\":\"La Perla\",\"url\":\"https:\/\/la-perla.net\/\",\"logo\":{\"@type\":\"ImageObject\",\"inLanguage\":\"fr-FR\",\"@id\":\"https:\/\/la-perla.net\/#\/schema\/logo\/image\/\",\"url\":\"https:\/\/la-perla.net\/wp-content\/uploads\/2020\/09\/talasoterapia-la-perla.png\",\"contentUrl\":\"https:\/\/la-perla.net\/wp-content\/uploads\/2020\/09\/talasoterapia-la-perla.png\",\"width\":191,\"height\":51,\"caption\":\"La Perla\"},\"image\":{\"@id\":\"https:\/\/la-perla.net\/#\/schema\/logo\/image\/\"},\"sameAs\":[\"https:\/\/www.facebook.com\/laperladonosti\/\",\"https:\/\/x.com\/LaPerlaDonosti\",\"https:\/\/www.instagram.com\/laperladonosti\/?hl=es\",\"https:\/\/www.youtube.com\/channel\/UChQhp12N7Lg6ZrOcmAJAy4g\"]}]}<\/script>\n<!-- \/ Yoast SEO plugin. -->","yoast_head_json":{"title":"Indiba Activ \u2022 Thalassoth\u00e9rapie La Perla \u2022 Saint S\u00e9bastien","description":"Indiba \u00ae Activ Therapy, gr\u00e2ce au syst\u00e8me Proionic\u00ae, active le m\u00e9tabolisme cellulaire et r\u00e9tablit son \u00e9quilibre.","robots":{"index":"index","follow":"follow","max-snippet":"max-snippet:-1","max-image-preview":"max-image-preview:large","max-video-preview":"max-video-preview:-1"},"canonical":"https:\/\/la-perla.net\/fr\/produit\/indiba-activ\/","og_locale":"fr_FR","og_type":"article","og_title":"Indiba Activ \u2022 Thalassoth\u00e9rapie La Perla \u2022 Saint S\u00e9bastien","og_description":"Indiba \u00ae Activ Therapy, gr\u00e2ce au syst\u00e8me Proionic\u00ae, active le m\u00e9tabolisme cellulaire et r\u00e9tablit son \u00e9quilibre.","og_url":"https:\/\/la-perla.net\/fr\/produit\/indiba-activ\/","og_site_name":"Talasoterapia La Perla \u2022 San Sebasti\u00e1n - Donostia","article_publisher":"https:\/\/www.facebook.com\/laperladonosti\/","article_modified_time":"2025-02-27T14:26:35+00:00","og_image":[{"width":600,"height":424,"url":"https:\/\/la-perla.net\/wp-content\/uploads\/2021\/08\/02_Indiba.jpg","type":"image\/jpeg"}],"twitter_card":"summary_large_image","twitter_site":"@LaPerlaDonosti","twitter_misc":{"Dur\u00e9e de lecture estim\u00e9e":"1 minute"},"schema":{"@context":"https:\/\/schema.org","@graph":[{"@type":"WebPage","@id":"https:\/\/la-perla.net\/fr\/produit\/indiba-activ\/","url":"https:\/\/la-perla.net\/fr\/produit\/indiba-activ\/","name":"Indiba Activ \u2022 Thalassoth\u00e9rapie La Perla \u2022 Saint S\u00e9bastien","isPartOf":{"@id":"https:\/\/la-perla.net\/#website"},"primaryImageOfPage":{"@id":"https:\/\/la-perla.net\/fr\/produit\/indiba-activ\/#primaryimage"},"image":{"@id":"https:\/\/la-perla.net\/fr\/produit\/indiba-activ\/#primaryimage"},"thumbnailUrl":"https:\/\/la-perla.net\/wp-content\/uploads\/2021\/08\/02_Indiba.jpg","datePublished":"2021-08-11T09:22:44+00:00","dateModified":"2025-02-27T14:26:35+00:00","description":"Indiba \u00ae Activ Therapy, gr\u00e2ce au syst\u00e8me Proionic\u00ae, active le m\u00e9tabolisme cellulaire et r\u00e9tablit son \u00e9quilibre.","breadcrumb":{"@id":"https:\/\/la-perla.net\/fr\/produit\/indiba-activ\/#breadcrumb"},"inLanguage":"fr-FR","potentialAction":[{"@type":"ReadAction","target":["https:\/\/la-perla.net\/fr\/produit\/indiba-activ\/"]}]},{"@type":"ImageObject","inLanguage":"fr-FR","@id":"https:\/\/la-perla.net\/fr\/produit\/indiba-activ\/#primaryimage","url":"https:\/\/la-perla.net\/wp-content\/uploads\/2021\/08\/02_Indiba.jpg","contentUrl":"https:\/\/la-perla.net\/wp-content\/uploads\/2021\/08\/02_Indiba.jpg","width":600,"height":424,"caption":"Indiba Activ"},{"@type":"BreadcrumbList","@id":"https:\/\/la-perla.net\/fr\/produit\/indiba-activ\/#breadcrumb","itemListElement":[{"@type":"ListItem","position":1,"name":"Portada","item":"https:\/\/la-perla.net\/fr\/"},{"@type":"ListItem","position":2,"name":"Boutique","item":"https:\/\/la-perla.net\/fr\/boutique\/"},{"@type":"ListItem","position":3,"name":"Indiba Activ"}]},{"@type":"WebSite","@id":"https:\/\/la-perla.net\/#website","url":"https:\/\/la-perla.net\/","name":"Talasoterapia La Perla \u2022 San Sebasti\u00e1n - Donostia","description":"Talasoterapia en Guipuzcoa - Centro de salud, belleza y deporte","publisher":{"@id":"https:\/\/la-perla.net\/#organization"},"potentialAction":[{"@type":"SearchAction","target":{"@type":"EntryPoint","urlTemplate":"https:\/\/la-perla.net\/?s={search_term_string}"},"query-input":{"@type":"PropertyValueSpecification","valueRequired":true,"valueName":"search_term_string"}}],"inLanguage":"fr-FR"},{"@type":"Organization","@id":"https:\/\/la-perla.net\/#organization","name":"La Perla","url":"https:\/\/la-perla.net\/","logo":{"@type":"ImageObject","inLanguage":"fr-FR","@id":"https:\/\/la-perla.net\/#\/schema\/logo\/image\/","url":"https:\/\/la-perla.net\/wp-content\/uploads\/2020\/09\/talasoterapia-la-perla.png","contentUrl":"https:\/\/la-perla.net\/wp-content\/uploads\/2020\/09\/talasoterapia-la-perla.png","width":191,"height":51,"caption":"La Perla"},"image":{"@id":"https:\/\/la-perla.net\/#\/schema\/logo\/image\/"},"sameAs":["https:\/\/www.facebook.com\/laperladonosti\/","https:\/\/x.com\/LaPerlaDonosti","https:\/\/www.instagram.com\/laperladonosti\/?hl=es","https:\/\/www.youtube.com\/channel\/UChQhp12N7Lg6ZrOcmAJAy4g"]}]}},"_links":{"self":[{"href":"https:\/\/la-perla.net\/fr\/wp-json\/wp\/v2\/product\/55269"}],"collection":[{"href":"https:\/\/la-perla.net\/fr\/wp-json\/wp\/v2\/product"}],"about":[{"href":"https:\/\/la-perla.net\/fr\/wp-json\/wp\/v2\/types\/product"}],"wp:featuredmedia":[{"embeddable":true,"href":"https:\/\/la-perla.net\/fr\/wp-json\/wp\/v2\/media\/87121"}],"wp:attachment":[{"href":"https:\/\/la-perla.net\/fr\/wp-json\/wp\/v2\/media?parent=55269"}],"wp:term":[{"taxonomy":"product_brand","embeddable":true,"href":"https:\/\/la-perla.net\/fr\/wp-json\/wp\/v2\/product_brand?post=55269"},{"taxonomy":"product_cat","embeddable":true,"href":"https:\/\/la-perla.net\/fr\/wp-json\/wp\/v2\/product_cat?post=55269"},{"taxonomy":"product_tag","embeddable":true,"href":"https:\/\/la-perla.net\/fr\/wp-json\/wp\/v2\/product_tag?post=55269"}],"curies":[{"name":"wp","href":"https:\/\/api.w.org\/{rel}","templated":true}]}}