{"id":55282,"date":"2018-02-02T08:31:49","date_gmt":"2018-02-02T07:31:49","guid":{"rendered":"https:\/\/laperla21.wpengine.com\/la-perla-salud-estetica\/membre-gazte-thalasso\/"},"modified":"2024-06-06T13:56:59","modified_gmt":"2024-06-06T11:56:59","slug":"membre-gazte-thalasso-mensuel","status":"publish","type":"product","link":"https:\/\/la-perla.net\/fr\/produit\/membre-gazte-thalasso-mensuel\/","title":{"rendered":"Membre Gazte Thalasso du Lundi au Dimanche Mensuel"},"content":{"rendered":"<p>Membre Gazte Thalasso du Lundi au Dimanche &#8211; Mensuel<\/p>\n<p>Le Circuit Thalasso de Remise en Forme est un parcours marin, dont l\u2019acc\u00e8s et la circulation sont libres, indiqu\u00e9 pour les personnes \u00e0 la recherche d\u2019une journ\u00e9e de relax.<\/p>\n<p>Piscines, jacuzzis, saunas, bains altern\u00e9s, gymnastique dans l\u2019eau, etc\u2026 Gr\u00e2ce aux diff\u00e9rents jets et temp\u00e9ratures, vous ressentirez des effets relaxants et tonifiants. Un espace associant les bienfaits de l\u2019eau de mer \u00e0 la remise en forme.<\/p>\n<p>Les membres de Thalassoth\u00e9rapie peuvent profiter gratuitement du Gymnase une fois par semaine (du lundi au vendredi, non cumulable par semaines).<\/p>\n","protected":false},"excerpt":{"rendered":"<p>Entr\u00e9e libre au Circuit Thalasso de Remise en Forme de 8h \u00e0 21h30. Pour des jeunes entre 16 et 25 ans.<\/p>\n","protected":false},"featured_media":86856,"template":"","meta":{"_genesis_hide_title":false,"_genesis_hide_breadcrumbs":false,"_genesis_hide_singular_image":false,"_genesis_hide_footer_widgets":false,"_genesis_custom_body_class":"","_genesis_custom_post_class":"","_genesis_layout":""},"product_brand":[],"product_cat":[992],"product_tag":[],"class_list":{"0":"post-55282","1":"product","2":"type-product","3":"status-publish","4":"has-post-thumbnail","6":"product_cat-tarifs-membres-circuit-spa","7":"entry","9":"first","10":"instock","11":"shipping-taxable","12":"purchasable","13":"product-type-simple"},"yoast_head":"<!-- This site is optimized with the Yoast SEO plugin v25.6 - https:\/\/yoast.com\/wordpress\/plugins\/seo\/ -->\n<title>Membre Gazte Thalasso - tarif pour les jeunes - Thalassoth\u00e9rapie et gymnase \u00e0 Donostia<\/title>\n<meta name=\"description\" content=\"Devenez membre et profitez de la Thalasso et de la salle de sport tous les jours. Frais mensuels. \u00c9valuation physique. 14 cours dirig\u00e9s de 7h00 \u00e0 22h00.\" \/>\n<meta name=\"robots\" content=\"index, follow, max-snippet:-1, max-image-preview:large, max-video-preview:-1\" \/>\n<link rel=\"canonical\" href=\"https:\/\/la-perla.net\/fr\/produit\/membre-gazte-thalasso-mensuel\/\" \/>\n<meta property=\"og:locale\" content=\"fr_FR\" \/>\n<meta property=\"og:type\" content=\"article\" \/>\n<meta property=\"og:title\" content=\"Membre Gazte Thalasso - tarif pour les jeunes - Thalassoth\u00e9rapie et gymnase \u00e0 Donostia\" \/>\n<meta property=\"og:description\" content=\"Devenez membre et profitez de la Thalasso et de la salle de sport tous les jours. Frais mensuels. \u00c9valuation physique. 14 cours dirig\u00e9s de 7h00 \u00e0 22h00.\" \/>\n<meta property=\"og:url\" content=\"https:\/\/la-perla.net\/fr\/produit\/membre-gazte-thalasso-mensuel\/\" \/>\n<meta property=\"og:site_name\" content=\"Talasoterapia La Perla \u2022 San Sebasti\u00e1n - Donostia\" \/>\n<meta property=\"article:publisher\" content=\"https:\/\/www.facebook.com\/laperladonosti\/\" \/>\n<meta property=\"article:modified_time\" content=\"2024-06-06T11:56:59+00:00\" \/>\n<meta property=\"og:image\" content=\"https:\/\/la-perla.net\/wp-content\/uploads\/2018\/02\/04_Socio-Joven-2.jpg\" \/>\n\t<meta property=\"og:image:width\" content=\"600\" \/>\n\t<meta property=\"og:image:height\" content=\"424\" \/>\n\t<meta property=\"og:image:type\" content=\"image\/jpeg\" \/>\n<meta name=\"twitter:card\" content=\"summary_large_image\" \/>\n<meta name=\"twitter:site\" content=\"@LaPerlaDonosti\" \/>\n<meta name=\"twitter:label1\" content=\"Dur\u00e9e de lecture estim\u00e9e\" \/>\n\t<meta name=\"twitter:data1\" content=\"1 minute\" \/>\n<script type=\"application\/ld+json\" class=\"yoast-schema-graph\">{\"@context\":\"https:\/\/schema.org\",\"@graph\":[{\"@type\":\"WebPage\",\"@id\":\"https:\/\/la-perla.net\/fr\/produit\/membre-gazte-thalasso-mensuel\/\",\"url\":\"https:\/\/la-perla.net\/fr\/produit\/membre-gazte-thalasso-mensuel\/\",\"name\":\"Membre Gazte Thalasso - tarif pour les jeunes - Thalassoth\u00e9rapie et gymnase \u00e0 Donostia\",\"isPartOf\":{\"@id\":\"https:\/\/la-perla.net\/#website\"},\"primaryImageOfPage\":{\"@id\":\"https:\/\/la-perla.net\/fr\/produit\/membre-gazte-thalasso-mensuel\/#primaryimage\"},\"image\":{\"@id\":\"https:\/\/la-perla.net\/fr\/produit\/membre-gazte-thalasso-mensuel\/#primaryimage\"},\"thumbnailUrl\":\"https:\/\/la-perla.net\/wp-content\/uploads\/2018\/02\/04_Socio-Joven-2.jpg\",\"datePublished\":\"2018-02-02T07:31:49+00:00\",\"dateModified\":\"2024-06-06T11:56:59+00:00\",\"description\":\"Devenez membre et profitez de la Thalasso et de la salle de sport tous les jours. Frais mensuels. \u00c9valuation physique. 14 cours dirig\u00e9s de 7h00 \u00e0 22h00.\",\"breadcrumb\":{\"@id\":\"https:\/\/la-perla.net\/fr\/produit\/membre-gazte-thalasso-mensuel\/#breadcrumb\"},\"inLanguage\":\"fr-FR\",\"potentialAction\":[{\"@type\":\"ReadAction\",\"target\":[\"https:\/\/la-perla.net\/fr\/produit\/membre-gazte-thalasso-mensuel\/\"]}]},{\"@type\":\"ImageObject\",\"inLanguage\":\"fr-FR\",\"@id\":\"https:\/\/la-perla.net\/fr\/produit\/membre-gazte-thalasso-mensuel\/#primaryimage\",\"url\":\"https:\/\/la-perla.net\/wp-content\/uploads\/2018\/02\/04_Socio-Joven-2.jpg\",\"contentUrl\":\"https:\/\/la-perla.net\/wp-content\/uploads\/2018\/02\/04_Socio-Joven-2.jpg\",\"width\":600,\"height\":424,\"caption\":\"Membre Gazte Thalasso du Lundi au Dimanche Mensuel\"},{\"@type\":\"BreadcrumbList\",\"@id\":\"https:\/\/la-perla.net\/fr\/produit\/membre-gazte-thalasso-mensuel\/#breadcrumb\",\"itemListElement\":[{\"@type\":\"ListItem\",\"position\":1,\"name\":\"Portada\",\"item\":\"https:\/\/la-perla.net\/fr\/\"},{\"@type\":\"ListItem\",\"position\":2,\"name\":\"Boutique\",\"item\":\"https:\/\/la-perla.net\/fr\/boutique\/\"},{\"@type\":\"ListItem\",\"position\":3,\"name\":\"Membre Gazte Thalasso du Lundi au Dimanche Mensuel\"}]},{\"@type\":\"WebSite\",\"@id\":\"https:\/\/la-perla.net\/#website\",\"url\":\"https:\/\/la-perla.net\/\",\"name\":\"Talasoterapia La Perla \u2022 San Sebasti\u00e1n - Donostia\",\"description\":\"Talasoterapia en Guipuzcoa - Centro de salud, belleza y deporte\",\"publisher\":{\"@id\":\"https:\/\/la-perla.net\/#organization\"},\"potentialAction\":[{\"@type\":\"SearchAction\",\"target\":{\"@type\":\"EntryPoint\",\"urlTemplate\":\"https:\/\/la-perla.net\/?s={search_term_string}\"},\"query-input\":{\"@type\":\"PropertyValueSpecification\",\"valueRequired\":true,\"valueName\":\"search_term_string\"}}],\"inLanguage\":\"fr-FR\"},{\"@type\":\"Organization\",\"@id\":\"https:\/\/la-perla.net\/#organization\",\"name\":\"La Perla\",\"url\":\"https:\/\/la-perla.net\/\",\"logo\":{\"@type\":\"ImageObject\",\"inLanguage\":\"fr-FR\",\"@id\":\"https:\/\/la-perla.net\/#\/schema\/logo\/image\/\",\"url\":\"https:\/\/la-perla.net\/wp-content\/uploads\/2020\/09\/talasoterapia-la-perla.png\",\"contentUrl\":\"https:\/\/la-perla.net\/wp-content\/uploads\/2020\/09\/talasoterapia-la-perla.png\",\"width\":191,\"height\":51,\"caption\":\"La Perla\"},\"image\":{\"@id\":\"https:\/\/la-perla.net\/#\/schema\/logo\/image\/\"},\"sameAs\":[\"https:\/\/www.facebook.com\/laperladonosti\/\",\"https:\/\/x.com\/LaPerlaDonosti\",\"https:\/\/www.instagram.com\/laperladonosti\/?hl=es\",\"https:\/\/www.youtube.com\/channel\/UChQhp12N7Lg6ZrOcmAJAy4g\"]}]}<\/script>\n<!-- \/ Yoast SEO plugin. -->","yoast_head_json":{"title":"Membre Gazte Thalasso - tarif pour les jeunes - Thalassoth\u00e9rapie et gymnase \u00e0 Donostia","description":"Devenez membre et profitez de la Thalasso et de la salle de sport tous les jours. Frais mensuels. \u00c9valuation physique. 14 cours dirig\u00e9s de 7h00 \u00e0 22h00.","robots":{"index":"index","follow":"follow","max-snippet":"max-snippet:-1","max-image-preview":"max-image-preview:large","max-video-preview":"max-video-preview:-1"},"canonical":"https:\/\/la-perla.net\/fr\/produit\/membre-gazte-thalasso-mensuel\/","og_locale":"fr_FR","og_type":"article","og_title":"Membre Gazte Thalasso - tarif pour les jeunes - Thalassoth\u00e9rapie et gymnase \u00e0 Donostia","og_description":"Devenez membre et profitez de la Thalasso et de la salle de sport tous les jours. Frais mensuels. \u00c9valuation physique. 14 cours dirig\u00e9s de 7h00 \u00e0 22h00.","og_url":"https:\/\/la-perla.net\/fr\/produit\/membre-gazte-thalasso-mensuel\/","og_site_name":"Talasoterapia La Perla \u2022 San Sebasti\u00e1n - Donostia","article_publisher":"https:\/\/www.facebook.com\/laperladonosti\/","article_modified_time":"2024-06-06T11:56:59+00:00","og_image":[{"width":600,"height":424,"url":"https:\/\/la-perla.net\/wp-content\/uploads\/2018\/02\/04_Socio-Joven-2.jpg","type":"image\/jpeg"}],"twitter_card":"summary_large_image","twitter_site":"@LaPerlaDonosti","twitter_misc":{"Dur\u00e9e de lecture estim\u00e9e":"1 minute"},"schema":{"@context":"https:\/\/schema.org","@graph":[{"@type":"WebPage","@id":"https:\/\/la-perla.net\/fr\/produit\/membre-gazte-thalasso-mensuel\/","url":"https:\/\/la-perla.net\/fr\/produit\/membre-gazte-thalasso-mensuel\/","name":"Membre Gazte Thalasso - tarif pour les jeunes - Thalassoth\u00e9rapie et gymnase \u00e0 Donostia","isPartOf":{"@id":"https:\/\/la-perla.net\/#website"},"primaryImageOfPage":{"@id":"https:\/\/la-perla.net\/fr\/produit\/membre-gazte-thalasso-mensuel\/#primaryimage"},"image":{"@id":"https:\/\/la-perla.net\/fr\/produit\/membre-gazte-thalasso-mensuel\/#primaryimage"},"thumbnailUrl":"https:\/\/la-perla.net\/wp-content\/uploads\/2018\/02\/04_Socio-Joven-2.jpg","datePublished":"2018-02-02T07:31:49+00:00","dateModified":"2024-06-06T11:56:59+00:00","description":"Devenez membre et profitez de la Thalasso et de la salle de sport tous les jours. Frais mensuels. \u00c9valuation physique. 14 cours dirig\u00e9s de 7h00 \u00e0 22h00.","breadcrumb":{"@id":"https:\/\/la-perla.net\/fr\/produit\/membre-gazte-thalasso-mensuel\/#breadcrumb"},"inLanguage":"fr-FR","potentialAction":[{"@type":"ReadAction","target":["https:\/\/la-perla.net\/fr\/produit\/membre-gazte-thalasso-mensuel\/"]}]},{"@type":"ImageObject","inLanguage":"fr-FR","@id":"https:\/\/la-perla.net\/fr\/produit\/membre-gazte-thalasso-mensuel\/#primaryimage","url":"https:\/\/la-perla.net\/wp-content\/uploads\/2018\/02\/04_Socio-Joven-2.jpg","contentUrl":"https:\/\/la-perla.net\/wp-content\/uploads\/2018\/02\/04_Socio-Joven-2.jpg","width":600,"height":424,"caption":"Membre Gazte Thalasso du Lundi au Dimanche Mensuel"},{"@type":"BreadcrumbList","@id":"https:\/\/la-perla.net\/fr\/produit\/membre-gazte-thalasso-mensuel\/#breadcrumb","itemListElement":[{"@type":"ListItem","position":1,"name":"Portada","item":"https:\/\/la-perla.net\/fr\/"},{"@type":"ListItem","position":2,"name":"Boutique","item":"https:\/\/la-perla.net\/fr\/boutique\/"},{"@type":"ListItem","position":3,"name":"Membre Gazte Thalasso du Lundi au Dimanche Mensuel"}]},{"@type":"WebSite","@id":"https:\/\/la-perla.net\/#website","url":"https:\/\/la-perla.net\/","name":"Talasoterapia La Perla \u2022 San Sebasti\u00e1n - Donostia","description":"Talasoterapia en Guipuzcoa - Centro de salud, belleza y deporte","publisher":{"@id":"https:\/\/la-perla.net\/#organization"},"potentialAction":[{"@type":"SearchAction","target":{"@type":"EntryPoint","urlTemplate":"https:\/\/la-perla.net\/?s={search_term_string}"},"query-input":{"@type":"PropertyValueSpecification","valueRequired":true,"valueName":"search_term_string"}}],"inLanguage":"fr-FR"},{"@type":"Organization","@id":"https:\/\/la-perla.net\/#organization","name":"La Perla","url":"https:\/\/la-perla.net\/","logo":{"@type":"ImageObject","inLanguage":"fr-FR","@id":"https:\/\/la-perla.net\/#\/schema\/logo\/image\/","url":"https:\/\/la-perla.net\/wp-content\/uploads\/2020\/09\/talasoterapia-la-perla.png","contentUrl":"https:\/\/la-perla.net\/wp-content\/uploads\/2020\/09\/talasoterapia-la-perla.png","width":191,"height":51,"caption":"La Perla"},"image":{"@id":"https:\/\/la-perla.net\/#\/schema\/logo\/image\/"},"sameAs":["https:\/\/www.facebook.com\/laperladonosti\/","https:\/\/x.com\/LaPerlaDonosti","https:\/\/www.instagram.com\/laperladonosti\/?hl=es","https:\/\/www.youtube.com\/channel\/UChQhp12N7Lg6ZrOcmAJAy4g"]}]}},"_links":{"self":[{"href":"https:\/\/la-perla.net\/fr\/wp-json\/wp\/v2\/product\/55282"}],"collection":[{"href":"https:\/\/la-perla.net\/fr\/wp-json\/wp\/v2\/product"}],"about":[{"href":"https:\/\/la-perla.net\/fr\/wp-json\/wp\/v2\/types\/product"}],"wp:featuredmedia":[{"embeddable":true,"href":"https:\/\/la-perla.net\/fr\/wp-json\/wp\/v2\/media\/86856"}],"wp:attachment":[{"href":"https:\/\/la-perla.net\/fr\/wp-json\/wp\/v2\/media?parent=55282"}],"wp:term":[{"taxonomy":"product_brand","embeddable":true,"href":"https:\/\/la-perla.net\/fr\/wp-json\/wp\/v2\/product_brand?post=55282"},{"taxonomy":"product_cat","embeddable":true,"href":"https:\/\/la-perla.net\/fr\/wp-json\/wp\/v2\/product_cat?post=55282"},{"taxonomy":"product_tag","embeddable":true,"href":"https:\/\/la-perla.net\/fr\/wp-json\/wp\/v2\/product_tag?post=55282"}],"curies":[{"name":"wp","href":"https:\/\/api.w.org\/{rel}","templated":true}]}}