{"id":55286,"date":"2018-01-15T09:33:20","date_gmt":"2018-01-15T08:33:20","guid":{"rendered":"https:\/\/laperla21.wpengine.com\/la-perla-salud-estetica\/the-mindful-touch-de-natura-bisse\/"},"modified":"2025-03-13T14:15:36","modified_gmt":"2025-03-13T13:15:36","slug":"antistress-citrus-mindful-touch","status":"publish","type":"product","link":"https:\/\/la-perla.net\/fr\/produit\/antistress-citrus-mindful-touch\/","title":{"rendered":"Red carpet La Perla"},"content":{"rendered":"<p>Innovative experience that combines body and beauty treatments.<\/p>\n<p>&#8211; Anti-ageing facial ritual &#8211; radiance<br \/>\n&#8211; Anti-stress body ritual.<\/p>\n<p>Duration: 1 hour and 30 minutes.<\/p>\n","protected":false},"excerpt":{"rendered":"<p>Exp\u00e9rience de beaut\u00e9 anti-\u00e2ge et relaxante qui allie les meilleurs soins du visage \u00e0 un massage exclusif et \u00e0 une s\u00e9ance de mindfulness dans le but de trouver l\u2019\u00e9quilibre entre le corps et l\u2019esprit.<\/p>\n<p>&nbsp;<\/p>\n","protected":false},"featured_media":93265,"template":"","meta":{"_genesis_hide_title":false,"_genesis_hide_breadcrumbs":false,"_genesis_hide_singular_image":false,"_genesis_hide_footer_widgets":false,"_genesis_custom_body_class":"","_genesis_custom_post_class":"","_genesis_layout":""},"product_brand":[],"product_cat":[885],"product_tag":[],"class_list":{"0":"post-55286","1":"product","2":"type-product","3":"status-publish","4":"has-post-thumbnail","6":"product_cat-experiences-beaute-fr","7":"entry","9":"first","10":"instock","11":"shipping-taxable","12":"purchasable","13":"product-type-simple"},"yoast_head":"<!-- This site is optimized with the Yoast SEO plugin v25.6 - https:\/\/yoast.com\/wordpress\/plugins\/seo\/ -->\n<title>Rituel Facial Anti-\u00e2ge Antistress \u2022 Thalassoth\u00e9rapie La Perla \u2022 Saint S\u00e9bastien<\/title>\n<meta name=\"description\" content=\"Anti-Ageing Anti-Stress Facial Ritual : une exp\u00e9rience innovante de r\u00e9alit\u00e9 virtuelle combin\u00e9e \u00e0 un soin de beaut\u00e9 Natura Biss\u00e9.\" \/>\n<meta name=\"robots\" content=\"index, follow, max-snippet:-1, max-image-preview:large, max-video-preview:-1\" \/>\n<link rel=\"canonical\" href=\"https:\/\/la-perla.net\/fr\/produit\/antistress-citrus-mindful-touch\/\" \/>\n<meta property=\"og:locale\" content=\"fr_FR\" \/>\n<meta property=\"og:type\" content=\"article\" \/>\n<meta property=\"og:title\" content=\"Rituel Facial Anti-\u00e2ge Antistress \u2022 Thalassoth\u00e9rapie La Perla \u2022 Saint S\u00e9bastien\" \/>\n<meta property=\"og:description\" content=\"Anti-Ageing Anti-Stress Facial Ritual : une exp\u00e9rience innovante de r\u00e9alit\u00e9 virtuelle combin\u00e9e \u00e0 un soin de beaut\u00e9 Natura Biss\u00e9.\" \/>\n<meta property=\"og:url\" content=\"https:\/\/la-perla.net\/fr\/produit\/antistress-citrus-mindful-touch\/\" \/>\n<meta property=\"og:site_name\" content=\"Talasoterapia La Perla \u2022 San Sebasti\u00e1n - Donostia\" \/>\n<meta property=\"article:publisher\" content=\"https:\/\/www.facebook.com\/laperladonosti\/\" \/>\n<meta property=\"article:modified_time\" content=\"2025-03-13T13:15:36+00:00\" \/>\n<meta property=\"og:image\" content=\"https:\/\/la-perla.net\/wp-content\/uploads\/2022\/09\/red-carpet-tratamiento.jpg\" \/>\n\t<meta property=\"og:image:width\" content=\"655\" \/>\n\t<meta property=\"og:image:height\" content=\"463\" \/>\n\t<meta property=\"og:image:type\" content=\"image\/jpeg\" \/>\n<meta name=\"twitter:card\" content=\"summary_large_image\" \/>\n<meta name=\"twitter:site\" content=\"@LaPerlaDonosti\" \/>\n<meta name=\"twitter:label1\" content=\"Dur\u00e9e de lecture estim\u00e9e\" \/>\n\t<meta name=\"twitter:data1\" content=\"1 minute\" \/>\n<script type=\"application\/ld+json\" class=\"yoast-schema-graph\">{\"@context\":\"https:\/\/schema.org\",\"@graph\":[{\"@type\":\"WebPage\",\"@id\":\"https:\/\/la-perla.net\/fr\/produit\/antistress-citrus-mindful-touch\/\",\"url\":\"https:\/\/la-perla.net\/fr\/produit\/antistress-citrus-mindful-touch\/\",\"name\":\"Rituel Facial Anti-\u00e2ge Antistress \u2022 Thalassoth\u00e9rapie La Perla \u2022 Saint S\u00e9bastien\",\"isPartOf\":{\"@id\":\"https:\/\/la-perla.net\/#website\"},\"primaryImageOfPage\":{\"@id\":\"https:\/\/la-perla.net\/fr\/produit\/antistress-citrus-mindful-touch\/#primaryimage\"},\"image\":{\"@id\":\"https:\/\/la-perla.net\/fr\/produit\/antistress-citrus-mindful-touch\/#primaryimage\"},\"thumbnailUrl\":\"https:\/\/la-perla.net\/wp-content\/uploads\/2022\/09\/red-carpet-tratamiento.jpg\",\"datePublished\":\"2018-01-15T08:33:20+00:00\",\"dateModified\":\"2025-03-13T13:15:36+00:00\",\"description\":\"Anti-Ageing Anti-Stress Facial Ritual : une exp\u00e9rience innovante de r\u00e9alit\u00e9 virtuelle combin\u00e9e \u00e0 un soin de beaut\u00e9 Natura Biss\u00e9.\",\"breadcrumb\":{\"@id\":\"https:\/\/la-perla.net\/fr\/produit\/antistress-citrus-mindful-touch\/#breadcrumb\"},\"inLanguage\":\"fr-FR\",\"potentialAction\":[{\"@type\":\"ReadAction\",\"target\":[\"https:\/\/la-perla.net\/fr\/produit\/antistress-citrus-mindful-touch\/\"]}]},{\"@type\":\"ImageObject\",\"inLanguage\":\"fr-FR\",\"@id\":\"https:\/\/la-perla.net\/fr\/produit\/antistress-citrus-mindful-touch\/#primaryimage\",\"url\":\"https:\/\/la-perla.net\/wp-content\/uploads\/2022\/09\/red-carpet-tratamiento.jpg\",\"contentUrl\":\"https:\/\/la-perla.net\/wp-content\/uploads\/2022\/09\/red-carpet-tratamiento.jpg\",\"width\":655,\"height\":463},{\"@type\":\"BreadcrumbList\",\"@id\":\"https:\/\/la-perla.net\/fr\/produit\/antistress-citrus-mindful-touch\/#breadcrumb\",\"itemListElement\":[{\"@type\":\"ListItem\",\"position\":1,\"name\":\"Portada\",\"item\":\"https:\/\/la-perla.net\/fr\/\"},{\"@type\":\"ListItem\",\"position\":2,\"name\":\"Boutique\",\"item\":\"https:\/\/la-perla.net\/fr\/boutique\/\"},{\"@type\":\"ListItem\",\"position\":3,\"name\":\"Red carpet La Perla\"}]},{\"@type\":\"WebSite\",\"@id\":\"https:\/\/la-perla.net\/#website\",\"url\":\"https:\/\/la-perla.net\/\",\"name\":\"Talasoterapia La Perla \u2022 San Sebasti\u00e1n - Donostia\",\"description\":\"Talasoterapia en Guipuzcoa - Centro de salud, belleza y deporte\",\"publisher\":{\"@id\":\"https:\/\/la-perla.net\/#organization\"},\"potentialAction\":[{\"@type\":\"SearchAction\",\"target\":{\"@type\":\"EntryPoint\",\"urlTemplate\":\"https:\/\/la-perla.net\/?s={search_term_string}\"},\"query-input\":{\"@type\":\"PropertyValueSpecification\",\"valueRequired\":true,\"valueName\":\"search_term_string\"}}],\"inLanguage\":\"fr-FR\"},{\"@type\":\"Organization\",\"@id\":\"https:\/\/la-perla.net\/#organization\",\"name\":\"La Perla\",\"url\":\"https:\/\/la-perla.net\/\",\"logo\":{\"@type\":\"ImageObject\",\"inLanguage\":\"fr-FR\",\"@id\":\"https:\/\/la-perla.net\/#\/schema\/logo\/image\/\",\"url\":\"https:\/\/la-perla.net\/wp-content\/uploads\/2020\/09\/talasoterapia-la-perla.png\",\"contentUrl\":\"https:\/\/la-perla.net\/wp-content\/uploads\/2020\/09\/talasoterapia-la-perla.png\",\"width\":191,\"height\":51,\"caption\":\"La Perla\"},\"image\":{\"@id\":\"https:\/\/la-perla.net\/#\/schema\/logo\/image\/\"},\"sameAs\":[\"https:\/\/www.facebook.com\/laperladonosti\/\",\"https:\/\/x.com\/LaPerlaDonosti\",\"https:\/\/www.instagram.com\/laperladonosti\/?hl=es\",\"https:\/\/www.youtube.com\/channel\/UChQhp12N7Lg6ZrOcmAJAy4g\"]}]}<\/script>\n<!-- \/ Yoast SEO plugin. -->","yoast_head_json":{"title":"Rituel Facial Anti-\u00e2ge Antistress \u2022 Thalassoth\u00e9rapie La Perla \u2022 Saint S\u00e9bastien","description":"Anti-Ageing Anti-Stress Facial Ritual : une exp\u00e9rience innovante de r\u00e9alit\u00e9 virtuelle combin\u00e9e \u00e0 un soin de beaut\u00e9 Natura Biss\u00e9.","robots":{"index":"index","follow":"follow","max-snippet":"max-snippet:-1","max-image-preview":"max-image-preview:large","max-video-preview":"max-video-preview:-1"},"canonical":"https:\/\/la-perla.net\/fr\/produit\/antistress-citrus-mindful-touch\/","og_locale":"fr_FR","og_type":"article","og_title":"Rituel Facial Anti-\u00e2ge Antistress \u2022 Thalassoth\u00e9rapie La Perla \u2022 Saint S\u00e9bastien","og_description":"Anti-Ageing Anti-Stress Facial Ritual : une exp\u00e9rience innovante de r\u00e9alit\u00e9 virtuelle combin\u00e9e \u00e0 un soin de beaut\u00e9 Natura Biss\u00e9.","og_url":"https:\/\/la-perla.net\/fr\/produit\/antistress-citrus-mindful-touch\/","og_site_name":"Talasoterapia La Perla \u2022 San Sebasti\u00e1n - Donostia","article_publisher":"https:\/\/www.facebook.com\/laperladonosti\/","article_modified_time":"2025-03-13T13:15:36+00:00","og_image":[{"width":655,"height":463,"url":"https:\/\/la-perla.net\/wp-content\/uploads\/2022\/09\/red-carpet-tratamiento.jpg","type":"image\/jpeg"}],"twitter_card":"summary_large_image","twitter_site":"@LaPerlaDonosti","twitter_misc":{"Dur\u00e9e de lecture estim\u00e9e":"1 minute"},"schema":{"@context":"https:\/\/schema.org","@graph":[{"@type":"WebPage","@id":"https:\/\/la-perla.net\/fr\/produit\/antistress-citrus-mindful-touch\/","url":"https:\/\/la-perla.net\/fr\/produit\/antistress-citrus-mindful-touch\/","name":"Rituel Facial Anti-\u00e2ge Antistress \u2022 Thalassoth\u00e9rapie La Perla \u2022 Saint S\u00e9bastien","isPartOf":{"@id":"https:\/\/la-perla.net\/#website"},"primaryImageOfPage":{"@id":"https:\/\/la-perla.net\/fr\/produit\/antistress-citrus-mindful-touch\/#primaryimage"},"image":{"@id":"https:\/\/la-perla.net\/fr\/produit\/antistress-citrus-mindful-touch\/#primaryimage"},"thumbnailUrl":"https:\/\/la-perla.net\/wp-content\/uploads\/2022\/09\/red-carpet-tratamiento.jpg","datePublished":"2018-01-15T08:33:20+00:00","dateModified":"2025-03-13T13:15:36+00:00","description":"Anti-Ageing Anti-Stress Facial Ritual : une exp\u00e9rience innovante de r\u00e9alit\u00e9 virtuelle combin\u00e9e \u00e0 un soin de beaut\u00e9 Natura Biss\u00e9.","breadcrumb":{"@id":"https:\/\/la-perla.net\/fr\/produit\/antistress-citrus-mindful-touch\/#breadcrumb"},"inLanguage":"fr-FR","potentialAction":[{"@type":"ReadAction","target":["https:\/\/la-perla.net\/fr\/produit\/antistress-citrus-mindful-touch\/"]}]},{"@type":"ImageObject","inLanguage":"fr-FR","@id":"https:\/\/la-perla.net\/fr\/produit\/antistress-citrus-mindful-touch\/#primaryimage","url":"https:\/\/la-perla.net\/wp-content\/uploads\/2022\/09\/red-carpet-tratamiento.jpg","contentUrl":"https:\/\/la-perla.net\/wp-content\/uploads\/2022\/09\/red-carpet-tratamiento.jpg","width":655,"height":463},{"@type":"BreadcrumbList","@id":"https:\/\/la-perla.net\/fr\/produit\/antistress-citrus-mindful-touch\/#breadcrumb","itemListElement":[{"@type":"ListItem","position":1,"name":"Portada","item":"https:\/\/la-perla.net\/fr\/"},{"@type":"ListItem","position":2,"name":"Boutique","item":"https:\/\/la-perla.net\/fr\/boutique\/"},{"@type":"ListItem","position":3,"name":"Red carpet La Perla"}]},{"@type":"WebSite","@id":"https:\/\/la-perla.net\/#website","url":"https:\/\/la-perla.net\/","name":"Talasoterapia La Perla \u2022 San Sebasti\u00e1n - Donostia","description":"Talasoterapia en Guipuzcoa - Centro de salud, belleza y deporte","publisher":{"@id":"https:\/\/la-perla.net\/#organization"},"potentialAction":[{"@type":"SearchAction","target":{"@type":"EntryPoint","urlTemplate":"https:\/\/la-perla.net\/?s={search_term_string}"},"query-input":{"@type":"PropertyValueSpecification","valueRequired":true,"valueName":"search_term_string"}}],"inLanguage":"fr-FR"},{"@type":"Organization","@id":"https:\/\/la-perla.net\/#organization","name":"La Perla","url":"https:\/\/la-perla.net\/","logo":{"@type":"ImageObject","inLanguage":"fr-FR","@id":"https:\/\/la-perla.net\/#\/schema\/logo\/image\/","url":"https:\/\/la-perla.net\/wp-content\/uploads\/2020\/09\/talasoterapia-la-perla.png","contentUrl":"https:\/\/la-perla.net\/wp-content\/uploads\/2020\/09\/talasoterapia-la-perla.png","width":191,"height":51,"caption":"La Perla"},"image":{"@id":"https:\/\/la-perla.net\/#\/schema\/logo\/image\/"},"sameAs":["https:\/\/www.facebook.com\/laperladonosti\/","https:\/\/x.com\/LaPerlaDonosti","https:\/\/www.instagram.com\/laperladonosti\/?hl=es","https:\/\/www.youtube.com\/channel\/UChQhp12N7Lg6ZrOcmAJAy4g"]}]}},"_links":{"self":[{"href":"https:\/\/la-perla.net\/fr\/wp-json\/wp\/v2\/product\/55286"}],"collection":[{"href":"https:\/\/la-perla.net\/fr\/wp-json\/wp\/v2\/product"}],"about":[{"href":"https:\/\/la-perla.net\/fr\/wp-json\/wp\/v2\/types\/product"}],"wp:featuredmedia":[{"embeddable":true,"href":"https:\/\/la-perla.net\/fr\/wp-json\/wp\/v2\/media\/93265"}],"wp:attachment":[{"href":"https:\/\/la-perla.net\/fr\/wp-json\/wp\/v2\/media?parent=55286"}],"wp:term":[{"taxonomy":"product_brand","embeddable":true,"href":"https:\/\/la-perla.net\/fr\/wp-json\/wp\/v2\/product_brand?post=55286"},{"taxonomy":"product_cat","embeddable":true,"href":"https:\/\/la-perla.net\/fr\/wp-json\/wp\/v2\/product_cat?post=55286"},{"taxonomy":"product_tag","embeddable":true,"href":"https:\/\/la-perla.net\/fr\/wp-json\/wp\/v2\/product_tag?post=55286"}],"curies":[{"name":"wp","href":"https:\/\/api.w.org\/{rel}","templated":true}]}}