{"id":55304,"date":"2018-01-11T09:50:50","date_gmt":"2018-01-11T08:50:50","guid":{"rendered":"https:\/\/laperla21.wpengine.com\/la-perla-salud-estetica\/remise-en-forme-aquatique-post-competition\/"},"modified":"2024-06-06T13:57:04","modified_gmt":"2024-06-06T11:57:04","slug":"recuperation-aquatique-sportive","status":"publish","type":"product","link":"https:\/\/la-perla.net\/fr\/produit\/recuperation-aquatique-sportive\/","title":{"rendered":"R\u00e9cup\u00e9ration aquatique Sportive"},"content":{"rendered":"<p>PR\u00c9-COMP\u00c9TITION<br \/>\nCette technique pr\u00e9pare le syst\u00e8me musculaire et articulaire au stress d\u00e9coulant de la comp\u00e9tition sportive.<\/p>\n<p>POST-COMP\u00c9TITION<br \/>\nCette technique, qui utilise les bienfaits et d\u2019autres ressources de l\u2019eau de mer, est r\u00e9alis\u00e9e par un th\u00e9rapeute expert afin de favoriser et acc\u00e9l\u00e9rer la r\u00e9cup\u00e9ration, \u00e0 l\u2019aide d\u2019exercices et d\u2019une technologie de derni\u00e8re g\u00e9n\u00e9ration.<\/p>\n","protected":false},"excerpt":{"rendered":"<p>Th\u00e9rapie en piscine \u00e0 l\u2019eau de mer r\u00e9alis\u00e9e par un th\u00e9rapeute qui propose des exercices de r\u00e9cup\u00e9ration et des \u00e9tirements dynamiques pour la r\u00e9cup\u00e9ration du sportif.<\/p>\n","protected":false},"featured_media":60991,"template":"","meta":{"_genesis_hide_title":false,"_genesis_hide_breadcrumbs":false,"_genesis_hide_singular_image":false,"_genesis_hide_footer_widgets":false,"_genesis_custom_body_class":"","_genesis_custom_post_class":"","_genesis_layout":""},"product_brand":[],"product_cat":[934],"product_tag":[],"class_list":{"0":"post-55304","1":"product","2":"type-product","3":"status-publish","4":"has-post-thumbnail","6":"product_cat-therapies-eau-mer","7":"product_shipping_class-productos-fr","8":"entry","10":"first","11":"instock","12":"shipping-taxable","13":"purchasable","14":"product-type-simple"},"yoast_head":"<!-- This site is optimized with the Yoast SEO plugin v25.6 - https:\/\/yoast.com\/wordpress\/plugins\/seo\/ -->\n<title>R\u00e9cup\u00e9ration Aquatique Sportive \u2022 Thalassoth\u00e9rapie La Perla<\/title>\n<meta name=\"description\" content=\"Th\u00e9rapie en piscine d&#039;eau de mer dirig\u00e9e par un th\u00e9rapeute au cours de laquelle des exercices de r\u00e9cup\u00e9ration et des \u00e9tirements dynamiques sont effectu\u00e9s.\" \/>\n<meta name=\"robots\" content=\"index, follow, max-snippet:-1, max-image-preview:large, max-video-preview:-1\" \/>\n<link rel=\"canonical\" href=\"https:\/\/la-perla.net\/fr\/produit\/recuperation-aquatique-sportive\/\" \/>\n<meta property=\"og:locale\" content=\"fr_FR\" \/>\n<meta property=\"og:type\" content=\"article\" \/>\n<meta property=\"og:title\" content=\"R\u00e9cup\u00e9ration Aquatique Sportive \u2022 Thalassoth\u00e9rapie La Perla\" \/>\n<meta property=\"og:description\" content=\"Th\u00e9rapie en piscine d&#039;eau de mer dirig\u00e9e par un th\u00e9rapeute au cours de laquelle des exercices de r\u00e9cup\u00e9ration et des \u00e9tirements dynamiques sont effectu\u00e9s.\" \/>\n<meta property=\"og:url\" content=\"https:\/\/la-perla.net\/fr\/produit\/recuperation-aquatique-sportive\/\" \/>\n<meta property=\"og:site_name\" content=\"Talasoterapia La Perla \u2022 San Sebasti\u00e1n - Donostia\" \/>\n<meta property=\"article:publisher\" content=\"https:\/\/www.facebook.com\/laperladonosti\/\" \/>\n<meta property=\"article:modified_time\" content=\"2024-06-06T11:57:04+00:00\" \/>\n<meta property=\"og:image\" content=\"https:\/\/la-perla.net\/wp-content\/uploads\/2018\/01\/recuperaci\u00f3n-aquatica.jpg\" \/>\n\t<meta property=\"og:image:width\" content=\"842\" \/>\n\t<meta property=\"og:image:height\" content=\"595\" \/>\n\t<meta property=\"og:image:type\" content=\"image\/jpeg\" \/>\n<meta name=\"twitter:card\" content=\"summary_large_image\" \/>\n<meta name=\"twitter:site\" content=\"@LaPerlaDonosti\" \/>\n<script type=\"application\/ld+json\" class=\"yoast-schema-graph\">{\"@context\":\"https:\/\/schema.org\",\"@graph\":[{\"@type\":\"WebPage\",\"@id\":\"https:\/\/la-perla.net\/fr\/produit\/recuperation-aquatique-sportive\/\",\"url\":\"https:\/\/la-perla.net\/fr\/produit\/recuperation-aquatique-sportive\/\",\"name\":\"R\u00e9cup\u00e9ration Aquatique Sportive \u2022 Thalassoth\u00e9rapie La Perla\",\"isPartOf\":{\"@id\":\"https:\/\/la-perla.net\/#website\"},\"primaryImageOfPage\":{\"@id\":\"https:\/\/la-perla.net\/fr\/produit\/recuperation-aquatique-sportive\/#primaryimage\"},\"image\":{\"@id\":\"https:\/\/la-perla.net\/fr\/produit\/recuperation-aquatique-sportive\/#primaryimage\"},\"thumbnailUrl\":\"https:\/\/la-perla.net\/wp-content\/uploads\/2018\/01\/recuperaci\u00f3n-aquatica.jpg\",\"datePublished\":\"2018-01-11T08:50:50+00:00\",\"dateModified\":\"2024-06-06T11:57:04+00:00\",\"description\":\"Th\u00e9rapie en piscine d'eau de mer dirig\u00e9e par un th\u00e9rapeute au cours de laquelle des exercices de r\u00e9cup\u00e9ration et des \u00e9tirements dynamiques sont effectu\u00e9s.\",\"breadcrumb\":{\"@id\":\"https:\/\/la-perla.net\/fr\/produit\/recuperation-aquatique-sportive\/#breadcrumb\"},\"inLanguage\":\"fr-FR\",\"potentialAction\":[{\"@type\":\"ReadAction\",\"target\":[\"https:\/\/la-perla.net\/fr\/produit\/recuperation-aquatique-sportive\/\"]}]},{\"@type\":\"ImageObject\",\"inLanguage\":\"fr-FR\",\"@id\":\"https:\/\/la-perla.net\/fr\/produit\/recuperation-aquatique-sportive\/#primaryimage\",\"url\":\"https:\/\/la-perla.net\/wp-content\/uploads\/2018\/01\/recuperaci\u00f3n-aquatica.jpg\",\"contentUrl\":\"https:\/\/la-perla.net\/wp-content\/uploads\/2018\/01\/recuperaci\u00f3n-aquatica.jpg\",\"width\":842,\"height\":595,\"caption\":\"R\u00e9cup\u00e9ration aquatique Sportive\"},{\"@type\":\"BreadcrumbList\",\"@id\":\"https:\/\/la-perla.net\/fr\/produit\/recuperation-aquatique-sportive\/#breadcrumb\",\"itemListElement\":[{\"@type\":\"ListItem\",\"position\":1,\"name\":\"Portada\",\"item\":\"https:\/\/la-perla.net\/fr\/\"},{\"@type\":\"ListItem\",\"position\":2,\"name\":\"Boutique\",\"item\":\"https:\/\/la-perla.net\/fr\/boutique\/\"},{\"@type\":\"ListItem\",\"position\":3,\"name\":\"R\u00e9cup\u00e9ration aquatique Sportive\"}]},{\"@type\":\"WebSite\",\"@id\":\"https:\/\/la-perla.net\/#website\",\"url\":\"https:\/\/la-perla.net\/\",\"name\":\"Talasoterapia La Perla \u2022 San Sebasti\u00e1n - Donostia\",\"description\":\"Talasoterapia en Guipuzcoa - Centro de salud, belleza y deporte\",\"publisher\":{\"@id\":\"https:\/\/la-perla.net\/#organization\"},\"potentialAction\":[{\"@type\":\"SearchAction\",\"target\":{\"@type\":\"EntryPoint\",\"urlTemplate\":\"https:\/\/la-perla.net\/?s={search_term_string}\"},\"query-input\":{\"@type\":\"PropertyValueSpecification\",\"valueRequired\":true,\"valueName\":\"search_term_string\"}}],\"inLanguage\":\"fr-FR\"},{\"@type\":\"Organization\",\"@id\":\"https:\/\/la-perla.net\/#organization\",\"name\":\"La Perla\",\"url\":\"https:\/\/la-perla.net\/\",\"logo\":{\"@type\":\"ImageObject\",\"inLanguage\":\"fr-FR\",\"@id\":\"https:\/\/la-perla.net\/#\/schema\/logo\/image\/\",\"url\":\"https:\/\/la-perla.net\/wp-content\/uploads\/2020\/09\/talasoterapia-la-perla.png\",\"contentUrl\":\"https:\/\/la-perla.net\/wp-content\/uploads\/2020\/09\/talasoterapia-la-perla.png\",\"width\":191,\"height\":51,\"caption\":\"La Perla\"},\"image\":{\"@id\":\"https:\/\/la-perla.net\/#\/schema\/logo\/image\/\"},\"sameAs\":[\"https:\/\/www.facebook.com\/laperladonosti\/\",\"https:\/\/x.com\/LaPerlaDonosti\",\"https:\/\/www.instagram.com\/laperladonosti\/?hl=es\",\"https:\/\/www.youtube.com\/channel\/UChQhp12N7Lg6ZrOcmAJAy4g\"]}]}<\/script>\n<!-- \/ Yoast SEO plugin. -->","yoast_head_json":{"title":"R\u00e9cup\u00e9ration Aquatique Sportive \u2022 Thalassoth\u00e9rapie La Perla","description":"Th\u00e9rapie en piscine d'eau de mer dirig\u00e9e par un th\u00e9rapeute au cours de laquelle des exercices de r\u00e9cup\u00e9ration et des \u00e9tirements dynamiques sont effectu\u00e9s.","robots":{"index":"index","follow":"follow","max-snippet":"max-snippet:-1","max-image-preview":"max-image-preview:large","max-video-preview":"max-video-preview:-1"},"canonical":"https:\/\/la-perla.net\/fr\/produit\/recuperation-aquatique-sportive\/","og_locale":"fr_FR","og_type":"article","og_title":"R\u00e9cup\u00e9ration Aquatique Sportive \u2022 Thalassoth\u00e9rapie La Perla","og_description":"Th\u00e9rapie en piscine d'eau de mer dirig\u00e9e par un th\u00e9rapeute au cours de laquelle des exercices de r\u00e9cup\u00e9ration et des \u00e9tirements dynamiques sont effectu\u00e9s.","og_url":"https:\/\/la-perla.net\/fr\/produit\/recuperation-aquatique-sportive\/","og_site_name":"Talasoterapia La Perla \u2022 San Sebasti\u00e1n - Donostia","article_publisher":"https:\/\/www.facebook.com\/laperladonosti\/","article_modified_time":"2024-06-06T11:57:04+00:00","og_image":[{"width":842,"height":595,"url":"https:\/\/la-perla.net\/wp-content\/uploads\/2018\/01\/recuperaci\u00f3n-aquatica.jpg","type":"image\/jpeg"}],"twitter_card":"summary_large_image","twitter_site":"@LaPerlaDonosti","schema":{"@context":"https:\/\/schema.org","@graph":[{"@type":"WebPage","@id":"https:\/\/la-perla.net\/fr\/produit\/recuperation-aquatique-sportive\/","url":"https:\/\/la-perla.net\/fr\/produit\/recuperation-aquatique-sportive\/","name":"R\u00e9cup\u00e9ration Aquatique Sportive \u2022 Thalassoth\u00e9rapie La Perla","isPartOf":{"@id":"https:\/\/la-perla.net\/#website"},"primaryImageOfPage":{"@id":"https:\/\/la-perla.net\/fr\/produit\/recuperation-aquatique-sportive\/#primaryimage"},"image":{"@id":"https:\/\/la-perla.net\/fr\/produit\/recuperation-aquatique-sportive\/#primaryimage"},"thumbnailUrl":"https:\/\/la-perla.net\/wp-content\/uploads\/2018\/01\/recuperaci\u00f3n-aquatica.jpg","datePublished":"2018-01-11T08:50:50+00:00","dateModified":"2024-06-06T11:57:04+00:00","description":"Th\u00e9rapie en piscine d'eau de mer dirig\u00e9e par un th\u00e9rapeute au cours de laquelle des exercices de r\u00e9cup\u00e9ration et des \u00e9tirements dynamiques sont effectu\u00e9s.","breadcrumb":{"@id":"https:\/\/la-perla.net\/fr\/produit\/recuperation-aquatique-sportive\/#breadcrumb"},"inLanguage":"fr-FR","potentialAction":[{"@type":"ReadAction","target":["https:\/\/la-perla.net\/fr\/produit\/recuperation-aquatique-sportive\/"]}]},{"@type":"ImageObject","inLanguage":"fr-FR","@id":"https:\/\/la-perla.net\/fr\/produit\/recuperation-aquatique-sportive\/#primaryimage","url":"https:\/\/la-perla.net\/wp-content\/uploads\/2018\/01\/recuperaci\u00f3n-aquatica.jpg","contentUrl":"https:\/\/la-perla.net\/wp-content\/uploads\/2018\/01\/recuperaci\u00f3n-aquatica.jpg","width":842,"height":595,"caption":"R\u00e9cup\u00e9ration aquatique Sportive"},{"@type":"BreadcrumbList","@id":"https:\/\/la-perla.net\/fr\/produit\/recuperation-aquatique-sportive\/#breadcrumb","itemListElement":[{"@type":"ListItem","position":1,"name":"Portada","item":"https:\/\/la-perla.net\/fr\/"},{"@type":"ListItem","position":2,"name":"Boutique","item":"https:\/\/la-perla.net\/fr\/boutique\/"},{"@type":"ListItem","position":3,"name":"R\u00e9cup\u00e9ration aquatique Sportive"}]},{"@type":"WebSite","@id":"https:\/\/la-perla.net\/#website","url":"https:\/\/la-perla.net\/","name":"Talasoterapia La Perla \u2022 San Sebasti\u00e1n - Donostia","description":"Talasoterapia en Guipuzcoa - Centro de salud, belleza y deporte","publisher":{"@id":"https:\/\/la-perla.net\/#organization"},"potentialAction":[{"@type":"SearchAction","target":{"@type":"EntryPoint","urlTemplate":"https:\/\/la-perla.net\/?s={search_term_string}"},"query-input":{"@type":"PropertyValueSpecification","valueRequired":true,"valueName":"search_term_string"}}],"inLanguage":"fr-FR"},{"@type":"Organization","@id":"https:\/\/la-perla.net\/#organization","name":"La Perla","url":"https:\/\/la-perla.net\/","logo":{"@type":"ImageObject","inLanguage":"fr-FR","@id":"https:\/\/la-perla.net\/#\/schema\/logo\/image\/","url":"https:\/\/la-perla.net\/wp-content\/uploads\/2020\/09\/talasoterapia-la-perla.png","contentUrl":"https:\/\/la-perla.net\/wp-content\/uploads\/2020\/09\/talasoterapia-la-perla.png","width":191,"height":51,"caption":"La Perla"},"image":{"@id":"https:\/\/la-perla.net\/#\/schema\/logo\/image\/"},"sameAs":["https:\/\/www.facebook.com\/laperladonosti\/","https:\/\/x.com\/LaPerlaDonosti","https:\/\/www.instagram.com\/laperladonosti\/?hl=es","https:\/\/www.youtube.com\/channel\/UChQhp12N7Lg6ZrOcmAJAy4g"]}]}},"_links":{"self":[{"href":"https:\/\/la-perla.net\/fr\/wp-json\/wp\/v2\/product\/55304"}],"collection":[{"href":"https:\/\/la-perla.net\/fr\/wp-json\/wp\/v2\/product"}],"about":[{"href":"https:\/\/la-perla.net\/fr\/wp-json\/wp\/v2\/types\/product"}],"wp:featuredmedia":[{"embeddable":true,"href":"https:\/\/la-perla.net\/fr\/wp-json\/wp\/v2\/media\/60991"}],"wp:attachment":[{"href":"https:\/\/la-perla.net\/fr\/wp-json\/wp\/v2\/media?parent=55304"}],"wp:term":[{"taxonomy":"product_brand","embeddable":true,"href":"https:\/\/la-perla.net\/fr\/wp-json\/wp\/v2\/product_brand?post=55304"},{"taxonomy":"product_cat","embeddable":true,"href":"https:\/\/la-perla.net\/fr\/wp-json\/wp\/v2\/product_cat?post=55304"},{"taxonomy":"product_tag","embeddable":true,"href":"https:\/\/la-perla.net\/fr\/wp-json\/wp\/v2\/product_tag?post=55304"}],"curies":[{"name":"wp","href":"https:\/\/api.w.org\/{rel}","templated":true}]}}