{"id":55314,"date":"2017-10-16T15:27:28","date_gmt":"2017-10-16T13:27:28","guid":{"rendered":"https:\/\/laperla21.wpengine.com\/la-perla-salud-estetica\/membre-perla-mensuel\/"},"modified":"2024-06-06T13:57:11","modified_gmt":"2024-06-06T11:57:11","slug":"membre-perla-mensuel","status":"publish","type":"product","link":"https:\/\/la-perla.net\/fr\/produit\/membre-perla-mensuel\/","title":{"rendered":"Membre Perla Mensuel"},"content":{"rendered":"<p>Entr\u00e9e libre au Circuit Thalasso de Remise en Forme et au Gymnase tous les jours de 8h \u00e0 21h30.<\/p>\n<p>Le Circuit Thalasso de Remise en Forme est un parcours marin, dont l\u2019acc\u00e8s et la circulation sont libres, indiqu\u00e9 pour les personnes \u00e0 la recherche d\u2019une journ\u00e9e de relax.<\/p>\n<p>Piscines, jacuzzis, saunas, bains altern\u00e9s, gymnastique dans l\u2019eau, etc\u2026 Gr\u00e2ce aux diff\u00e9rents jets et temp\u00e9ratures, vous ressentirez des effets relaxants et tonifiants. Un espace associant les bienfaits de l\u2019eau de mer \u00e0 la remise en forme.<\/p>\n<p>\u00c9tablissement avec acc\u00e8s direct \u00e0 la plage et possibilit\u00e9 d\u2019avoir des entra\u00eenements en ext\u00e9rieur. Avec 6 zones d\u2019entra\u00eenement \u00e9quip\u00e9es de poids libres, machines cardiovasculaires TechnoGym et cours dirig\u00e9s (chor\u00e9graphie, tonification, haute intensit\u00e9, \u00e9tirements\u2026).<\/p>\n","protected":false},"excerpt":{"rendered":"<p>Entr\u00e9e libre au Circuit Thalasso de Remise en Forme et au Gymnase tous les jours de 8h \u00e0 21h30. Il associe le sport \u00e0 la relaxation dans un environnement unique.<\/p>\n<p class=\"p1\"><span class=\"s1\"> \u00c9tablissement avec vue et acc\u00e8s direct \u00e0 la plage.<\/span><\/p>\n","protected":false},"featured_media":86860,"template":"","meta":{"_genesis_hide_title":false,"_genesis_hide_breadcrumbs":false,"_genesis_hide_singular_image":false,"_genesis_hide_footer_widgets":false,"_genesis_custom_body_class":"","_genesis_custom_post_class":"","_genesis_layout":""},"product_brand":[],"product_cat":[995,903],"product_tag":[],"class_list":{"0":"post-55314","1":"product","2":"type-product","3":"status-publish","4":"has-post-thumbnail","6":"product_cat-membres-thalassotherapie-gymnase","7":"product_cat-membre-gymnase-et-thalassotherapie-la-perla","8":"entry","10":"first","11":"instock","12":"shipping-taxable","13":"purchasable","14":"product-type-simple"},"yoast_head":"<!-- This site is optimized with the Yoast SEO plugin v25.6 - https:\/\/yoast.com\/wordpress\/plugins\/seo\/ -->\n<title>Membre Circuit de Thalassoth\u00e9rapie et Gymnase | La Perla<\/title>\n<meta name=\"description\" content=\"En tant que membre mensuel de Perla, vous combinerez votre entra\u00eenement et votre r\u00e9cup\u00e9ration et relaxation avec l&#039;acc\u00e8s \u00e0 la salle de sport et au circuit.\" \/>\n<meta name=\"robots\" content=\"index, follow, max-snippet:-1, max-image-preview:large, max-video-preview:-1\" \/>\n<link rel=\"canonical\" href=\"https:\/\/la-perla.net\/fr\/produit\/membre-perla-mensuel\/\" \/>\n<meta property=\"og:locale\" content=\"fr_FR\" \/>\n<meta property=\"og:type\" content=\"article\" \/>\n<meta property=\"og:title\" content=\"Membre Circuit de Thalassoth\u00e9rapie et Gymnase | La Perla\" \/>\n<meta property=\"og:description\" content=\"En tant que membre mensuel de Perla, vous combinerez votre entra\u00eenement et votre r\u00e9cup\u00e9ration et relaxation avec l&#039;acc\u00e8s \u00e0 la salle de sport et au circuit.\" \/>\n<meta property=\"og:url\" content=\"https:\/\/la-perla.net\/fr\/produit\/membre-perla-mensuel\/\" \/>\n<meta property=\"og:site_name\" content=\"Talasoterapia La Perla \u2022 San Sebasti\u00e1n - Donostia\" \/>\n<meta property=\"article:publisher\" content=\"https:\/\/www.facebook.com\/laperladonosti\/\" \/>\n<meta property=\"article:modified_time\" content=\"2024-06-06T11:57:11+00:00\" \/>\n<meta property=\"og:image\" content=\"https:\/\/la-perla.net\/wp-content\/uploads\/2017\/10\/05_Socio-perla-mensual.jpg\" \/>\n\t<meta property=\"og:image:width\" content=\"600\" \/>\n\t<meta property=\"og:image:height\" content=\"424\" \/>\n\t<meta property=\"og:image:type\" content=\"image\/jpeg\" \/>\n<meta name=\"twitter:card\" content=\"summary_large_image\" \/>\n<meta name=\"twitter:site\" content=\"@LaPerlaDonosti\" \/>\n<meta name=\"twitter:label1\" content=\"Dur\u00e9e de lecture estim\u00e9e\" \/>\n\t<meta name=\"twitter:data1\" content=\"1 minute\" \/>\n<script type=\"application\/ld+json\" class=\"yoast-schema-graph\">{\"@context\":\"https:\/\/schema.org\",\"@graph\":[{\"@type\":\"WebPage\",\"@id\":\"https:\/\/la-perla.net\/fr\/produit\/membre-perla-mensuel\/\",\"url\":\"https:\/\/la-perla.net\/fr\/produit\/membre-perla-mensuel\/\",\"name\":\"Membre Circuit de Thalassoth\u00e9rapie et Gymnase | La Perla\",\"isPartOf\":{\"@id\":\"https:\/\/la-perla.net\/#website\"},\"primaryImageOfPage\":{\"@id\":\"https:\/\/la-perla.net\/fr\/produit\/membre-perla-mensuel\/#primaryimage\"},\"image\":{\"@id\":\"https:\/\/la-perla.net\/fr\/produit\/membre-perla-mensuel\/#primaryimage\"},\"thumbnailUrl\":\"https:\/\/la-perla.net\/wp-content\/uploads\/2017\/10\/05_Socio-perla-mensual.jpg\",\"datePublished\":\"2017-10-16T13:27:28+00:00\",\"dateModified\":\"2024-06-06T11:57:11+00:00\",\"description\":\"En tant que membre mensuel de Perla, vous combinerez votre entra\u00eenement et votre r\u00e9cup\u00e9ration et relaxation avec l'acc\u00e8s \u00e0 la salle de sport et au circuit.\",\"breadcrumb\":{\"@id\":\"https:\/\/la-perla.net\/fr\/produit\/membre-perla-mensuel\/#breadcrumb\"},\"inLanguage\":\"fr-FR\",\"potentialAction\":[{\"@type\":\"ReadAction\",\"target\":[\"https:\/\/la-perla.net\/fr\/produit\/membre-perla-mensuel\/\"]}]},{\"@type\":\"ImageObject\",\"inLanguage\":\"fr-FR\",\"@id\":\"https:\/\/la-perla.net\/fr\/produit\/membre-perla-mensuel\/#primaryimage\",\"url\":\"https:\/\/la-perla.net\/wp-content\/uploads\/2017\/10\/05_Socio-perla-mensual.jpg\",\"contentUrl\":\"https:\/\/la-perla.net\/wp-content\/uploads\/2017\/10\/05_Socio-perla-mensual.jpg\",\"width\":600,\"height\":424},{\"@type\":\"BreadcrumbList\",\"@id\":\"https:\/\/la-perla.net\/fr\/produit\/membre-perla-mensuel\/#breadcrumb\",\"itemListElement\":[{\"@type\":\"ListItem\",\"position\":1,\"name\":\"Portada\",\"item\":\"https:\/\/la-perla.net\/fr\/\"},{\"@type\":\"ListItem\",\"position\":2,\"name\":\"Boutique\",\"item\":\"https:\/\/la-perla.net\/fr\/boutique\/\"},{\"@type\":\"ListItem\",\"position\":3,\"name\":\"Membre Perla Mensuel\"}]},{\"@type\":\"WebSite\",\"@id\":\"https:\/\/la-perla.net\/#website\",\"url\":\"https:\/\/la-perla.net\/\",\"name\":\"Talasoterapia La Perla \u2022 San Sebasti\u00e1n - Donostia\",\"description\":\"Talasoterapia en Guipuzcoa - Centro de salud, belleza y deporte\",\"publisher\":{\"@id\":\"https:\/\/la-perla.net\/#organization\"},\"potentialAction\":[{\"@type\":\"SearchAction\",\"target\":{\"@type\":\"EntryPoint\",\"urlTemplate\":\"https:\/\/la-perla.net\/?s={search_term_string}\"},\"query-input\":{\"@type\":\"PropertyValueSpecification\",\"valueRequired\":true,\"valueName\":\"search_term_string\"}}],\"inLanguage\":\"fr-FR\"},{\"@type\":\"Organization\",\"@id\":\"https:\/\/la-perla.net\/#organization\",\"name\":\"La Perla\",\"url\":\"https:\/\/la-perla.net\/\",\"logo\":{\"@type\":\"ImageObject\",\"inLanguage\":\"fr-FR\",\"@id\":\"https:\/\/la-perla.net\/#\/schema\/logo\/image\/\",\"url\":\"https:\/\/la-perla.net\/wp-content\/uploads\/2020\/09\/talasoterapia-la-perla.png\",\"contentUrl\":\"https:\/\/la-perla.net\/wp-content\/uploads\/2020\/09\/talasoterapia-la-perla.png\",\"width\":191,\"height\":51,\"caption\":\"La Perla\"},\"image\":{\"@id\":\"https:\/\/la-perla.net\/#\/schema\/logo\/image\/\"},\"sameAs\":[\"https:\/\/www.facebook.com\/laperladonosti\/\",\"https:\/\/x.com\/LaPerlaDonosti\",\"https:\/\/www.instagram.com\/laperladonosti\/?hl=es\",\"https:\/\/www.youtube.com\/channel\/UChQhp12N7Lg6ZrOcmAJAy4g\"]}]}<\/script>\n<!-- \/ Yoast SEO plugin. -->","yoast_head_json":{"title":"Membre Circuit de Thalassoth\u00e9rapie et Gymnase | La Perla","description":"En tant que membre mensuel de Perla, vous combinerez votre entra\u00eenement et votre r\u00e9cup\u00e9ration et relaxation avec l'acc\u00e8s \u00e0 la salle de sport et au circuit.","robots":{"index":"index","follow":"follow","max-snippet":"max-snippet:-1","max-image-preview":"max-image-preview:large","max-video-preview":"max-video-preview:-1"},"canonical":"https:\/\/la-perla.net\/fr\/produit\/membre-perla-mensuel\/","og_locale":"fr_FR","og_type":"article","og_title":"Membre Circuit de Thalassoth\u00e9rapie et Gymnase | La Perla","og_description":"En tant que membre mensuel de Perla, vous combinerez votre entra\u00eenement et votre r\u00e9cup\u00e9ration et relaxation avec l'acc\u00e8s \u00e0 la salle de sport et au circuit.","og_url":"https:\/\/la-perla.net\/fr\/produit\/membre-perla-mensuel\/","og_site_name":"Talasoterapia La Perla \u2022 San Sebasti\u00e1n - Donostia","article_publisher":"https:\/\/www.facebook.com\/laperladonosti\/","article_modified_time":"2024-06-06T11:57:11+00:00","og_image":[{"width":600,"height":424,"url":"https:\/\/la-perla.net\/wp-content\/uploads\/2017\/10\/05_Socio-perla-mensual.jpg","type":"image\/jpeg"}],"twitter_card":"summary_large_image","twitter_site":"@LaPerlaDonosti","twitter_misc":{"Dur\u00e9e de lecture estim\u00e9e":"1 minute"},"schema":{"@context":"https:\/\/schema.org","@graph":[{"@type":"WebPage","@id":"https:\/\/la-perla.net\/fr\/produit\/membre-perla-mensuel\/","url":"https:\/\/la-perla.net\/fr\/produit\/membre-perla-mensuel\/","name":"Membre Circuit de Thalassoth\u00e9rapie et Gymnase | La Perla","isPartOf":{"@id":"https:\/\/la-perla.net\/#website"},"primaryImageOfPage":{"@id":"https:\/\/la-perla.net\/fr\/produit\/membre-perla-mensuel\/#primaryimage"},"image":{"@id":"https:\/\/la-perla.net\/fr\/produit\/membre-perla-mensuel\/#primaryimage"},"thumbnailUrl":"https:\/\/la-perla.net\/wp-content\/uploads\/2017\/10\/05_Socio-perla-mensual.jpg","datePublished":"2017-10-16T13:27:28+00:00","dateModified":"2024-06-06T11:57:11+00:00","description":"En tant que membre mensuel de Perla, vous combinerez votre entra\u00eenement et votre r\u00e9cup\u00e9ration et relaxation avec l'acc\u00e8s \u00e0 la salle de sport et au circuit.","breadcrumb":{"@id":"https:\/\/la-perla.net\/fr\/produit\/membre-perla-mensuel\/#breadcrumb"},"inLanguage":"fr-FR","potentialAction":[{"@type":"ReadAction","target":["https:\/\/la-perla.net\/fr\/produit\/membre-perla-mensuel\/"]}]},{"@type":"ImageObject","inLanguage":"fr-FR","@id":"https:\/\/la-perla.net\/fr\/produit\/membre-perla-mensuel\/#primaryimage","url":"https:\/\/la-perla.net\/wp-content\/uploads\/2017\/10\/05_Socio-perla-mensual.jpg","contentUrl":"https:\/\/la-perla.net\/wp-content\/uploads\/2017\/10\/05_Socio-perla-mensual.jpg","width":600,"height":424},{"@type":"BreadcrumbList","@id":"https:\/\/la-perla.net\/fr\/produit\/membre-perla-mensuel\/#breadcrumb","itemListElement":[{"@type":"ListItem","position":1,"name":"Portada","item":"https:\/\/la-perla.net\/fr\/"},{"@type":"ListItem","position":2,"name":"Boutique","item":"https:\/\/la-perla.net\/fr\/boutique\/"},{"@type":"ListItem","position":3,"name":"Membre Perla Mensuel"}]},{"@type":"WebSite","@id":"https:\/\/la-perla.net\/#website","url":"https:\/\/la-perla.net\/","name":"Talasoterapia La Perla \u2022 San Sebasti\u00e1n - Donostia","description":"Talasoterapia en Guipuzcoa - Centro de salud, belleza y deporte","publisher":{"@id":"https:\/\/la-perla.net\/#organization"},"potentialAction":[{"@type":"SearchAction","target":{"@type":"EntryPoint","urlTemplate":"https:\/\/la-perla.net\/?s={search_term_string}"},"query-input":{"@type":"PropertyValueSpecification","valueRequired":true,"valueName":"search_term_string"}}],"inLanguage":"fr-FR"},{"@type":"Organization","@id":"https:\/\/la-perla.net\/#organization","name":"La Perla","url":"https:\/\/la-perla.net\/","logo":{"@type":"ImageObject","inLanguage":"fr-FR","@id":"https:\/\/la-perla.net\/#\/schema\/logo\/image\/","url":"https:\/\/la-perla.net\/wp-content\/uploads\/2020\/09\/talasoterapia-la-perla.png","contentUrl":"https:\/\/la-perla.net\/wp-content\/uploads\/2020\/09\/talasoterapia-la-perla.png","width":191,"height":51,"caption":"La Perla"},"image":{"@id":"https:\/\/la-perla.net\/#\/schema\/logo\/image\/"},"sameAs":["https:\/\/www.facebook.com\/laperladonosti\/","https:\/\/x.com\/LaPerlaDonosti","https:\/\/www.instagram.com\/laperladonosti\/?hl=es","https:\/\/www.youtube.com\/channel\/UChQhp12N7Lg6ZrOcmAJAy4g"]}]}},"_links":{"self":[{"href":"https:\/\/la-perla.net\/fr\/wp-json\/wp\/v2\/product\/55314"}],"collection":[{"href":"https:\/\/la-perla.net\/fr\/wp-json\/wp\/v2\/product"}],"about":[{"href":"https:\/\/la-perla.net\/fr\/wp-json\/wp\/v2\/types\/product"}],"wp:featuredmedia":[{"embeddable":true,"href":"https:\/\/la-perla.net\/fr\/wp-json\/wp\/v2\/media\/86860"}],"wp:attachment":[{"href":"https:\/\/la-perla.net\/fr\/wp-json\/wp\/v2\/media?parent=55314"}],"wp:term":[{"taxonomy":"product_brand","embeddable":true,"href":"https:\/\/la-perla.net\/fr\/wp-json\/wp\/v2\/product_brand?post=55314"},{"taxonomy":"product_cat","embeddable":true,"href":"https:\/\/la-perla.net\/fr\/wp-json\/wp\/v2\/product_cat?post=55314"},{"taxonomy":"product_tag","embeddable":true,"href":"https:\/\/la-perla.net\/fr\/wp-json\/wp\/v2\/product_tag?post=55314"}],"curies":[{"name":"wp","href":"https:\/\/api.w.org\/{rel}","templated":true}]}}