{"id":55327,"date":"2017-09-08T10:16:13","date_gmt":"2017-09-08T08:16:13","guid":{"rendered":"https:\/\/laperla21.wpengine.com\/la-perla-salud-estetica\/bain-aux-sels-de-la-mer-morte\/"},"modified":"2024-06-06T13:57:13","modified_gmt":"2024-06-06T11:57:13","slug":"bain-hydromassage-aux-sels-de-la-mer-morte","status":"publish","type":"product","link":"https:\/\/la-perla.net\/fr\/produit\/bain-hydromassage-aux-sels-de-la-mer-morte\/","title":{"rendered":"Bain d&rsquo;hydromassage d\u00e9contracturant aux sels de la Mer Morte"},"content":{"rendered":"<p>Bain d\u2019hydromassage \u00e0 l\u2019eau de mer r\u00e9alis\u00e9 dans la Baignoire Niagara favorisant l\u2019\u00e9limination des toxines et stimulant le flux sanguin et lymphatique. Il pr\u00e9sente de nombreux effets th\u00e9rapeutiques. De m\u00eame, il provoque un effet de relaxation absolue gr\u00e2ce aux oligo\u00e9l\u00e9ments et aux sels min\u00e9raux de la Mer Morte.<\/p>\n","protected":false},"excerpt":{"rendered":"<p style=\"text-align: center;\">Bain d\u2019hydromassage \u00e0 l\u2019eau de mer et aux sels de la Mer Morte r\u00e9alis\u00e9 dans la Baignoire Niagara.<\/p>\n<p style=\"text-align: center;\">Dur\u00e9e : 20 minutes.<\/p>\n","protected":false},"featured_media":61240,"template":"","meta":{"_genesis_hide_title":false,"_genesis_hide_breadcrumbs":false,"_genesis_hide_singular_image":false,"_genesis_hide_footer_widgets":false,"_genesis_custom_body_class":"","_genesis_custom_post_class":"","_genesis_layout":""},"product_brand":[],"product_cat":[973],"product_tag":[],"class_list":{"0":"post-55327","1":"product","2":"type-product","3":"status-publish","4":"has-post-thumbnail","6":"product_cat-bains-d-hydromassage","7":"entry","9":"first","10":"instock","11":"shipping-taxable","12":"purchasable","13":"product-type-simple"},"yoast_head":"<!-- This site is optimized with the Yoast SEO plugin v25.6 - https:\/\/yoast.com\/wordpress\/plugins\/seo\/ -->\n<title>\u00c9liminez les toxines en am\u00e9liorant votre circulation dans un bain hydromassant relaxant.<\/title>\n<meta name=\"description\" content=\"Hydromassage d\u00e9contractant aux sels de la Mer Morte qui favorisera l&#039;\u00e9limination des toxines, am\u00e9liorant le flux sanguin et lymphatique.....\" \/>\n<meta name=\"robots\" content=\"index, follow, max-snippet:-1, max-image-preview:large, max-video-preview:-1\" \/>\n<link rel=\"canonical\" href=\"https:\/\/la-perla.net\/fr\/produit\/bain-hydromassage-aux-sels-de-la-mer-morte\/\" \/>\n<meta property=\"og:locale\" content=\"fr_FR\" \/>\n<meta property=\"og:type\" content=\"article\" \/>\n<meta property=\"og:title\" content=\"\u00c9liminez les toxines en am\u00e9liorant votre circulation dans un bain hydromassant relaxant.\" \/>\n<meta property=\"og:description\" content=\"Hydromassage d\u00e9contractant aux sels de la Mer Morte qui favorisera l&#039;\u00e9limination des toxines, am\u00e9liorant le flux sanguin et lymphatique.....\" \/>\n<meta property=\"og:url\" content=\"https:\/\/la-perla.net\/fr\/produit\/bain-hydromassage-aux-sels-de-la-mer-morte\/\" \/>\n<meta property=\"og:site_name\" content=\"Talasoterapia La Perla \u2022 San Sebasti\u00e1n - Donostia\" \/>\n<meta property=\"article:publisher\" content=\"https:\/\/www.facebook.com\/laperladonosti\/\" \/>\n<meta property=\"article:modified_time\" content=\"2024-06-06T11:57:13+00:00\" \/>\n<meta property=\"og:image\" content=\"https:\/\/la-perla.net\/wp-content\/uploads\/2017\/09\/descontracturante-de-sales.jpg\" \/>\n\t<meta property=\"og:image:width\" content=\"842\" \/>\n\t<meta property=\"og:image:height\" content=\"595\" \/>\n\t<meta property=\"og:image:type\" content=\"image\/jpeg\" \/>\n<meta name=\"twitter:card\" content=\"summary_large_image\" \/>\n<meta name=\"twitter:site\" content=\"@LaPerlaDonosti\" \/>\n<script type=\"application\/ld+json\" class=\"yoast-schema-graph\">{\"@context\":\"https:\/\/schema.org\",\"@graph\":[{\"@type\":\"WebPage\",\"@id\":\"https:\/\/la-perla.net\/fr\/produit\/bain-hydromassage-aux-sels-de-la-mer-morte\/\",\"url\":\"https:\/\/la-perla.net\/fr\/produit\/bain-hydromassage-aux-sels-de-la-mer-morte\/\",\"name\":\"\u00c9liminez les toxines en am\u00e9liorant votre circulation dans un bain hydromassant relaxant.\",\"isPartOf\":{\"@id\":\"https:\/\/la-perla.net\/#website\"},\"primaryImageOfPage\":{\"@id\":\"https:\/\/la-perla.net\/fr\/produit\/bain-hydromassage-aux-sels-de-la-mer-morte\/#primaryimage\"},\"image\":{\"@id\":\"https:\/\/la-perla.net\/fr\/produit\/bain-hydromassage-aux-sels-de-la-mer-morte\/#primaryimage\"},\"thumbnailUrl\":\"https:\/\/la-perla.net\/wp-content\/uploads\/2017\/09\/descontracturante-de-sales.jpg\",\"datePublished\":\"2017-09-08T08:16:13+00:00\",\"dateModified\":\"2024-06-06T11:57:13+00:00\",\"description\":\"Hydromassage d\u00e9contractant aux sels de la Mer Morte qui favorisera l'\u00e9limination des toxines, am\u00e9liorant le flux sanguin et lymphatique.....\",\"breadcrumb\":{\"@id\":\"https:\/\/la-perla.net\/fr\/produit\/bain-hydromassage-aux-sels-de-la-mer-morte\/#breadcrumb\"},\"inLanguage\":\"fr-FR\",\"potentialAction\":[{\"@type\":\"ReadAction\",\"target\":[\"https:\/\/la-perla.net\/fr\/produit\/bain-hydromassage-aux-sels-de-la-mer-morte\/\"]}]},{\"@type\":\"ImageObject\",\"inLanguage\":\"fr-FR\",\"@id\":\"https:\/\/la-perla.net\/fr\/produit\/bain-hydromassage-aux-sels-de-la-mer-morte\/#primaryimage\",\"url\":\"https:\/\/la-perla.net\/wp-content\/uploads\/2017\/09\/descontracturante-de-sales.jpg\",\"contentUrl\":\"https:\/\/la-perla.net\/wp-content\/uploads\/2017\/09\/descontracturante-de-sales.jpg\",\"width\":842,\"height\":595},{\"@type\":\"BreadcrumbList\",\"@id\":\"https:\/\/la-perla.net\/fr\/produit\/bain-hydromassage-aux-sels-de-la-mer-morte\/#breadcrumb\",\"itemListElement\":[{\"@type\":\"ListItem\",\"position\":1,\"name\":\"Portada\",\"item\":\"https:\/\/la-perla.net\/fr\/\"},{\"@type\":\"ListItem\",\"position\":2,\"name\":\"Boutique\",\"item\":\"https:\/\/la-perla.net\/fr\/boutique\/\"},{\"@type\":\"ListItem\",\"position\":3,\"name\":\"Bain d&#8217;hydromassage d\u00e9contracturant aux sels de la Mer Morte\"}]},{\"@type\":\"WebSite\",\"@id\":\"https:\/\/la-perla.net\/#website\",\"url\":\"https:\/\/la-perla.net\/\",\"name\":\"Talasoterapia La Perla \u2022 San Sebasti\u00e1n - Donostia\",\"description\":\"Talasoterapia en Guipuzcoa - Centro de salud, belleza y deporte\",\"publisher\":{\"@id\":\"https:\/\/la-perla.net\/#organization\"},\"potentialAction\":[{\"@type\":\"SearchAction\",\"target\":{\"@type\":\"EntryPoint\",\"urlTemplate\":\"https:\/\/la-perla.net\/?s={search_term_string}\"},\"query-input\":{\"@type\":\"PropertyValueSpecification\",\"valueRequired\":true,\"valueName\":\"search_term_string\"}}],\"inLanguage\":\"fr-FR\"},{\"@type\":\"Organization\",\"@id\":\"https:\/\/la-perla.net\/#organization\",\"name\":\"La Perla\",\"url\":\"https:\/\/la-perla.net\/\",\"logo\":{\"@type\":\"ImageObject\",\"inLanguage\":\"fr-FR\",\"@id\":\"https:\/\/la-perla.net\/#\/schema\/logo\/image\/\",\"url\":\"https:\/\/la-perla.net\/wp-content\/uploads\/2020\/09\/talasoterapia-la-perla.png\",\"contentUrl\":\"https:\/\/la-perla.net\/wp-content\/uploads\/2020\/09\/talasoterapia-la-perla.png\",\"width\":191,\"height\":51,\"caption\":\"La Perla\"},\"image\":{\"@id\":\"https:\/\/la-perla.net\/#\/schema\/logo\/image\/\"},\"sameAs\":[\"https:\/\/www.facebook.com\/laperladonosti\/\",\"https:\/\/x.com\/LaPerlaDonosti\",\"https:\/\/www.instagram.com\/laperladonosti\/?hl=es\",\"https:\/\/www.youtube.com\/channel\/UChQhp12N7Lg6ZrOcmAJAy4g\"]}]}<\/script>\n<!-- \/ Yoast SEO plugin. -->","yoast_head_json":{"title":"\u00c9liminez les toxines en am\u00e9liorant votre circulation dans un bain hydromassant relaxant.","description":"Hydromassage d\u00e9contractant aux sels de la Mer Morte qui favorisera l'\u00e9limination des toxines, am\u00e9liorant le flux sanguin et lymphatique.....","robots":{"index":"index","follow":"follow","max-snippet":"max-snippet:-1","max-image-preview":"max-image-preview:large","max-video-preview":"max-video-preview:-1"},"canonical":"https:\/\/la-perla.net\/fr\/produit\/bain-hydromassage-aux-sels-de-la-mer-morte\/","og_locale":"fr_FR","og_type":"article","og_title":"\u00c9liminez les toxines en am\u00e9liorant votre circulation dans un bain hydromassant relaxant.","og_description":"Hydromassage d\u00e9contractant aux sels de la Mer Morte qui favorisera l'\u00e9limination des toxines, am\u00e9liorant le flux sanguin et lymphatique.....","og_url":"https:\/\/la-perla.net\/fr\/produit\/bain-hydromassage-aux-sels-de-la-mer-morte\/","og_site_name":"Talasoterapia La Perla \u2022 San Sebasti\u00e1n - Donostia","article_publisher":"https:\/\/www.facebook.com\/laperladonosti\/","article_modified_time":"2024-06-06T11:57:13+00:00","og_image":[{"width":842,"height":595,"url":"https:\/\/la-perla.net\/wp-content\/uploads\/2017\/09\/descontracturante-de-sales.jpg","type":"image\/jpeg"}],"twitter_card":"summary_large_image","twitter_site":"@LaPerlaDonosti","schema":{"@context":"https:\/\/schema.org","@graph":[{"@type":"WebPage","@id":"https:\/\/la-perla.net\/fr\/produit\/bain-hydromassage-aux-sels-de-la-mer-morte\/","url":"https:\/\/la-perla.net\/fr\/produit\/bain-hydromassage-aux-sels-de-la-mer-morte\/","name":"\u00c9liminez les toxines en am\u00e9liorant votre circulation dans un bain hydromassant relaxant.","isPartOf":{"@id":"https:\/\/la-perla.net\/#website"},"primaryImageOfPage":{"@id":"https:\/\/la-perla.net\/fr\/produit\/bain-hydromassage-aux-sels-de-la-mer-morte\/#primaryimage"},"image":{"@id":"https:\/\/la-perla.net\/fr\/produit\/bain-hydromassage-aux-sels-de-la-mer-morte\/#primaryimage"},"thumbnailUrl":"https:\/\/la-perla.net\/wp-content\/uploads\/2017\/09\/descontracturante-de-sales.jpg","datePublished":"2017-09-08T08:16:13+00:00","dateModified":"2024-06-06T11:57:13+00:00","description":"Hydromassage d\u00e9contractant aux sels de la Mer Morte qui favorisera l'\u00e9limination des toxines, am\u00e9liorant le flux sanguin et lymphatique.....","breadcrumb":{"@id":"https:\/\/la-perla.net\/fr\/produit\/bain-hydromassage-aux-sels-de-la-mer-morte\/#breadcrumb"},"inLanguage":"fr-FR","potentialAction":[{"@type":"ReadAction","target":["https:\/\/la-perla.net\/fr\/produit\/bain-hydromassage-aux-sels-de-la-mer-morte\/"]}]},{"@type":"ImageObject","inLanguage":"fr-FR","@id":"https:\/\/la-perla.net\/fr\/produit\/bain-hydromassage-aux-sels-de-la-mer-morte\/#primaryimage","url":"https:\/\/la-perla.net\/wp-content\/uploads\/2017\/09\/descontracturante-de-sales.jpg","contentUrl":"https:\/\/la-perla.net\/wp-content\/uploads\/2017\/09\/descontracturante-de-sales.jpg","width":842,"height":595},{"@type":"BreadcrumbList","@id":"https:\/\/la-perla.net\/fr\/produit\/bain-hydromassage-aux-sels-de-la-mer-morte\/#breadcrumb","itemListElement":[{"@type":"ListItem","position":1,"name":"Portada","item":"https:\/\/la-perla.net\/fr\/"},{"@type":"ListItem","position":2,"name":"Boutique","item":"https:\/\/la-perla.net\/fr\/boutique\/"},{"@type":"ListItem","position":3,"name":"Bain d&#8217;hydromassage d\u00e9contracturant aux sels de la Mer Morte"}]},{"@type":"WebSite","@id":"https:\/\/la-perla.net\/#website","url":"https:\/\/la-perla.net\/","name":"Talasoterapia La Perla \u2022 San Sebasti\u00e1n - Donostia","description":"Talasoterapia en Guipuzcoa - Centro de salud, belleza y deporte","publisher":{"@id":"https:\/\/la-perla.net\/#organization"},"potentialAction":[{"@type":"SearchAction","target":{"@type":"EntryPoint","urlTemplate":"https:\/\/la-perla.net\/?s={search_term_string}"},"query-input":{"@type":"PropertyValueSpecification","valueRequired":true,"valueName":"search_term_string"}}],"inLanguage":"fr-FR"},{"@type":"Organization","@id":"https:\/\/la-perla.net\/#organization","name":"La Perla","url":"https:\/\/la-perla.net\/","logo":{"@type":"ImageObject","inLanguage":"fr-FR","@id":"https:\/\/la-perla.net\/#\/schema\/logo\/image\/","url":"https:\/\/la-perla.net\/wp-content\/uploads\/2020\/09\/talasoterapia-la-perla.png","contentUrl":"https:\/\/la-perla.net\/wp-content\/uploads\/2020\/09\/talasoterapia-la-perla.png","width":191,"height":51,"caption":"La Perla"},"image":{"@id":"https:\/\/la-perla.net\/#\/schema\/logo\/image\/"},"sameAs":["https:\/\/www.facebook.com\/laperladonosti\/","https:\/\/x.com\/LaPerlaDonosti","https:\/\/www.instagram.com\/laperladonosti\/?hl=es","https:\/\/www.youtube.com\/channel\/UChQhp12N7Lg6ZrOcmAJAy4g"]}]}},"_links":{"self":[{"href":"https:\/\/la-perla.net\/fr\/wp-json\/wp\/v2\/product\/55327"}],"collection":[{"href":"https:\/\/la-perla.net\/fr\/wp-json\/wp\/v2\/product"}],"about":[{"href":"https:\/\/la-perla.net\/fr\/wp-json\/wp\/v2\/types\/product"}],"wp:featuredmedia":[{"embeddable":true,"href":"https:\/\/la-perla.net\/fr\/wp-json\/wp\/v2\/media\/61240"}],"wp:attachment":[{"href":"https:\/\/la-perla.net\/fr\/wp-json\/wp\/v2\/media?parent=55327"}],"wp:term":[{"taxonomy":"product_brand","embeddable":true,"href":"https:\/\/la-perla.net\/fr\/wp-json\/wp\/v2\/product_brand?post=55327"},{"taxonomy":"product_cat","embeddable":true,"href":"https:\/\/la-perla.net\/fr\/wp-json\/wp\/v2\/product_cat?post=55327"},{"taxonomy":"product_tag","embeddable":true,"href":"https:\/\/la-perla.net\/fr\/wp-json\/wp\/v2\/product_tag?post=55327"}],"curies":[{"name":"wp","href":"https:\/\/api.w.org\/{rel}","templated":true}]}}