{"id":55333,"date":"2017-09-08T09:21:36","date_gmt":"2017-09-08T07:21:36","guid":{"rendered":"https:\/\/laperla21.wpengine.com\/la-perla-salud-estetica\/bons-pour-10-seances-de-gymnase\/"},"modified":"2024-06-06T13:57:22","modified_gmt":"2024-06-06T11:57:22","slug":"bons-de-10-seances-gymnase","status":"publish","type":"product","link":"https:\/\/la-perla.net\/fr\/produit\/bons-de-10-seances-gymnase\/","title":{"rendered":"Abonnements de 10 s\u00e9ances Gymnase Tous les jours"},"content":{"rendered":"<p class=\"p1\"><span class=\"s1\">Le<\/span> <span class=\"s1\"> Gymnase dispose d\u2019un acc\u00e8s direct \u00e0 la plage et la possibilit\u00e9 d\u2019avoir des entra\u00eenements en ext\u00e9rieur.<\/span><span class=\"s2\"> Entraineurs dipl\u00f4m\u00e9s avec leur propre m\u00e9thode de travail, de planification et de suivi.<\/span><\/p>\n<p class=\"p1\"><span class=\"s2\"> L\u2019\u00e9tablissement dispose de 6 zones d\u2019entra\u00eenement \u00e9quip\u00e9es de poids libres, machines cardiovasculaires TechnoGym et 15 cours dirig\u00e9s (chor\u00e9graphie, tonification, haute intensit\u00e9, \u00e9tirements\u2026).<\/span><\/p>\n<p class=\"p2\"><span class=\"s2\">Dur\u00e9e : 2h\/3h<\/span><\/p>\n<p class=\"p2\"><span class=\"s2\">* Les abonnements sont transf\u00e9rables et peuvent \u00eatre utilis\u00e9s par plusieurs personnes \u00e0 la fois.<\/span><\/p>\n<p class=\"p2\"><span class=\"s2\">*Expiration : Tous les abonnements expirent au bout de 1 an\u00e9e.<\/span><\/p>\n","protected":false},"excerpt":{"rendered":"<p class=\"p1\" style=\"text-align: left;\"><span class=\"s1\"> Gymnase situ\u00e9 dans un environnement unique associant le sport \u00e0 l\u2019eau de mer et \u00e0 la relaxation. \u00c9tablissement avec 6 zones <\/span><span class=\"s2\">d\u2019entra\u00eenement \u00e9quip\u00e9es de<\/span><span class=\"s1\"> poids libres, machines cardiovasculaires TechnoGym et <\/span><span class=\"s1\">cours dirig\u00e9s.<\/span><\/p>\n","protected":false},"featured_media":86903,"template":"","meta":{"_genesis_hide_title":false,"_genesis_hide_breadcrumbs":false,"_genesis_hide_singular_image":false,"_genesis_hide_footer_widgets":false,"_genesis_custom_body_class":"","_genesis_custom_post_class":"","_genesis_layout":""},"product_brand":[],"product_cat":[899],"product_tag":[],"class_list":{"0":"post-55333","1":"product","2":"type-product","3":"status-publish","4":"has-post-thumbnail","6":"product_cat-entrees-et-bons","7":"entry","9":"first","10":"instock","11":"shipping-taxable","12":"purchasable","13":"product-type-variable"},"yoast_head":"<!-- This site is optimized with the Yoast SEO plugin v25.6 - https:\/\/yoast.com\/wordpress\/plugins\/seo\/ -->\n<title>Abonnements de 10 s\u00e9ances Gymnase \u00e0 La Perla | D\u00e9couvrez les r\u00e9ductions<\/title>\n<meta name=\"description\" content=\"Avec le bon de 10 s\u00e9ances, vous avez acc\u00e8s aux 6 zones d&#039;entra\u00eenement et \u00e0 tous les cours guid\u00e9s. Ils peuvent \u00eatre utilis\u00e9s par plusieurs personnes...\" \/>\n<meta name=\"robots\" content=\"index, follow, max-snippet:-1, max-image-preview:large, max-video-preview:-1\" \/>\n<link rel=\"canonical\" href=\"https:\/\/la-perla.net\/fr\/produit\/bons-de-10-seances-gymnase\/\" \/>\n<meta property=\"og:locale\" content=\"fr_FR\" \/>\n<meta property=\"og:type\" content=\"article\" \/>\n<meta property=\"og:title\" content=\"Abonnements de 10 s\u00e9ances Gymnase \u00e0 La Perla | D\u00e9couvrez les r\u00e9ductions\" \/>\n<meta property=\"og:description\" content=\"Avec le bon de 10 s\u00e9ances, vous avez acc\u00e8s aux 6 zones d&#039;entra\u00eenement et \u00e0 tous les cours guid\u00e9s. Ils peuvent \u00eatre utilis\u00e9s par plusieurs personnes...\" \/>\n<meta property=\"og:url\" content=\"https:\/\/la-perla.net\/fr\/produit\/bons-de-10-seances-gymnase\/\" \/>\n<meta property=\"og:site_name\" content=\"Talasoterapia La Perla \u2022 San Sebasti\u00e1n - Donostia\" \/>\n<meta property=\"article:publisher\" content=\"https:\/\/www.facebook.com\/laperladonosti\/\" \/>\n<meta property=\"article:modified_time\" content=\"2024-06-06T11:57:22+00:00\" \/>\n<meta property=\"og:image\" content=\"https:\/\/la-perla.net\/wp-content\/uploads\/2017\/09\/05_Bono-10.jpg\" \/>\n\t<meta property=\"og:image:width\" content=\"600\" \/>\n\t<meta property=\"og:image:height\" content=\"424\" \/>\n\t<meta property=\"og:image:type\" content=\"image\/jpeg\" \/>\n<meta name=\"twitter:card\" content=\"summary_large_image\" \/>\n<meta name=\"twitter:site\" content=\"@LaPerlaDonosti\" \/>\n<meta name=\"twitter:label1\" content=\"Dur\u00e9e de lecture estim\u00e9e\" \/>\n\t<meta name=\"twitter:data1\" content=\"1 minute\" \/>\n<script type=\"application\/ld+json\" class=\"yoast-schema-graph\">{\"@context\":\"https:\/\/schema.org\",\"@graph\":[{\"@type\":\"WebPage\",\"@id\":\"https:\/\/la-perla.net\/fr\/produit\/bons-de-10-seances-gymnase\/\",\"url\":\"https:\/\/la-perla.net\/fr\/produit\/bons-de-10-seances-gymnase\/\",\"name\":\"Abonnements de 10 s\u00e9ances Gymnase \u00e0 La Perla | D\u00e9couvrez les r\u00e9ductions\",\"isPartOf\":{\"@id\":\"https:\/\/la-perla.net\/#website\"},\"primaryImageOfPage\":{\"@id\":\"https:\/\/la-perla.net\/fr\/produit\/bons-de-10-seances-gymnase\/#primaryimage\"},\"image\":{\"@id\":\"https:\/\/la-perla.net\/fr\/produit\/bons-de-10-seances-gymnase\/#primaryimage\"},\"thumbnailUrl\":\"https:\/\/la-perla.net\/wp-content\/uploads\/2017\/09\/05_Bono-10.jpg\",\"datePublished\":\"2017-09-08T07:21:36+00:00\",\"dateModified\":\"2024-06-06T11:57:22+00:00\",\"description\":\"Avec le bon de 10 s\u00e9ances, vous avez acc\u00e8s aux 6 zones d'entra\u00eenement et \u00e0 tous les cours guid\u00e9s. Ils peuvent \u00eatre utilis\u00e9s par plusieurs personnes...\",\"breadcrumb\":{\"@id\":\"https:\/\/la-perla.net\/fr\/produit\/bons-de-10-seances-gymnase\/#breadcrumb\"},\"inLanguage\":\"fr-FR\",\"potentialAction\":[{\"@type\":\"ReadAction\",\"target\":[\"https:\/\/la-perla.net\/fr\/produit\/bons-de-10-seances-gymnase\/\"]}]},{\"@type\":\"ImageObject\",\"inLanguage\":\"fr-FR\",\"@id\":\"https:\/\/la-perla.net\/fr\/produit\/bons-de-10-seances-gymnase\/#primaryimage\",\"url\":\"https:\/\/la-perla.net\/wp-content\/uploads\/2017\/09\/05_Bono-10.jpg\",\"contentUrl\":\"https:\/\/la-perla.net\/wp-content\/uploads\/2017\/09\/05_Bono-10.jpg\",\"width\":600,\"height\":424},{\"@type\":\"BreadcrumbList\",\"@id\":\"https:\/\/la-perla.net\/fr\/produit\/bons-de-10-seances-gymnase\/#breadcrumb\",\"itemListElement\":[{\"@type\":\"ListItem\",\"position\":1,\"name\":\"Portada\",\"item\":\"https:\/\/la-perla.net\/fr\/\"},{\"@type\":\"ListItem\",\"position\":2,\"name\":\"Boutique\",\"item\":\"https:\/\/la-perla.net\/fr\/boutique\/\"},{\"@type\":\"ListItem\",\"position\":3,\"name\":\"Abonnements de 10 s\u00e9ances Gymnase Tous les jours\"}]},{\"@type\":\"WebSite\",\"@id\":\"https:\/\/la-perla.net\/#website\",\"url\":\"https:\/\/la-perla.net\/\",\"name\":\"Talasoterapia La Perla \u2022 San Sebasti\u00e1n - Donostia\",\"description\":\"Talasoterapia en Guipuzcoa - Centro de salud, belleza y deporte\",\"publisher\":{\"@id\":\"https:\/\/la-perla.net\/#organization\"},\"potentialAction\":[{\"@type\":\"SearchAction\",\"target\":{\"@type\":\"EntryPoint\",\"urlTemplate\":\"https:\/\/la-perla.net\/?s={search_term_string}\"},\"query-input\":{\"@type\":\"PropertyValueSpecification\",\"valueRequired\":true,\"valueName\":\"search_term_string\"}}],\"inLanguage\":\"fr-FR\"},{\"@type\":\"Organization\",\"@id\":\"https:\/\/la-perla.net\/#organization\",\"name\":\"La Perla\",\"url\":\"https:\/\/la-perla.net\/\",\"logo\":{\"@type\":\"ImageObject\",\"inLanguage\":\"fr-FR\",\"@id\":\"https:\/\/la-perla.net\/#\/schema\/logo\/image\/\",\"url\":\"https:\/\/la-perla.net\/wp-content\/uploads\/2020\/09\/talasoterapia-la-perla.png\",\"contentUrl\":\"https:\/\/la-perla.net\/wp-content\/uploads\/2020\/09\/talasoterapia-la-perla.png\",\"width\":191,\"height\":51,\"caption\":\"La Perla\"},\"image\":{\"@id\":\"https:\/\/la-perla.net\/#\/schema\/logo\/image\/\"},\"sameAs\":[\"https:\/\/www.facebook.com\/laperladonosti\/\",\"https:\/\/x.com\/LaPerlaDonosti\",\"https:\/\/www.instagram.com\/laperladonosti\/?hl=es\",\"https:\/\/www.youtube.com\/channel\/UChQhp12N7Lg6ZrOcmAJAy4g\"]}]}<\/script>\n<!-- \/ Yoast SEO plugin. -->","yoast_head_json":{"title":"Abonnements de 10 s\u00e9ances Gymnase \u00e0 La Perla | D\u00e9couvrez les r\u00e9ductions","description":"Avec le bon de 10 s\u00e9ances, vous avez acc\u00e8s aux 6 zones d'entra\u00eenement et \u00e0 tous les cours guid\u00e9s. Ils peuvent \u00eatre utilis\u00e9s par plusieurs personnes...","robots":{"index":"index","follow":"follow","max-snippet":"max-snippet:-1","max-image-preview":"max-image-preview:large","max-video-preview":"max-video-preview:-1"},"canonical":"https:\/\/la-perla.net\/fr\/produit\/bons-de-10-seances-gymnase\/","og_locale":"fr_FR","og_type":"article","og_title":"Abonnements de 10 s\u00e9ances Gymnase \u00e0 La Perla | D\u00e9couvrez les r\u00e9ductions","og_description":"Avec le bon de 10 s\u00e9ances, vous avez acc\u00e8s aux 6 zones d'entra\u00eenement et \u00e0 tous les cours guid\u00e9s. Ils peuvent \u00eatre utilis\u00e9s par plusieurs personnes...","og_url":"https:\/\/la-perla.net\/fr\/produit\/bons-de-10-seances-gymnase\/","og_site_name":"Talasoterapia La Perla \u2022 San Sebasti\u00e1n - Donostia","article_publisher":"https:\/\/www.facebook.com\/laperladonosti\/","article_modified_time":"2024-06-06T11:57:22+00:00","og_image":[{"width":600,"height":424,"url":"https:\/\/la-perla.net\/wp-content\/uploads\/2017\/09\/05_Bono-10.jpg","type":"image\/jpeg"}],"twitter_card":"summary_large_image","twitter_site":"@LaPerlaDonosti","twitter_misc":{"Dur\u00e9e de lecture estim\u00e9e":"1 minute"},"schema":{"@context":"https:\/\/schema.org","@graph":[{"@type":"WebPage","@id":"https:\/\/la-perla.net\/fr\/produit\/bons-de-10-seances-gymnase\/","url":"https:\/\/la-perla.net\/fr\/produit\/bons-de-10-seances-gymnase\/","name":"Abonnements de 10 s\u00e9ances Gymnase \u00e0 La Perla | D\u00e9couvrez les r\u00e9ductions","isPartOf":{"@id":"https:\/\/la-perla.net\/#website"},"primaryImageOfPage":{"@id":"https:\/\/la-perla.net\/fr\/produit\/bons-de-10-seances-gymnase\/#primaryimage"},"image":{"@id":"https:\/\/la-perla.net\/fr\/produit\/bons-de-10-seances-gymnase\/#primaryimage"},"thumbnailUrl":"https:\/\/la-perla.net\/wp-content\/uploads\/2017\/09\/05_Bono-10.jpg","datePublished":"2017-09-08T07:21:36+00:00","dateModified":"2024-06-06T11:57:22+00:00","description":"Avec le bon de 10 s\u00e9ances, vous avez acc\u00e8s aux 6 zones d'entra\u00eenement et \u00e0 tous les cours guid\u00e9s. Ils peuvent \u00eatre utilis\u00e9s par plusieurs personnes...","breadcrumb":{"@id":"https:\/\/la-perla.net\/fr\/produit\/bons-de-10-seances-gymnase\/#breadcrumb"},"inLanguage":"fr-FR","potentialAction":[{"@type":"ReadAction","target":["https:\/\/la-perla.net\/fr\/produit\/bons-de-10-seances-gymnase\/"]}]},{"@type":"ImageObject","inLanguage":"fr-FR","@id":"https:\/\/la-perla.net\/fr\/produit\/bons-de-10-seances-gymnase\/#primaryimage","url":"https:\/\/la-perla.net\/wp-content\/uploads\/2017\/09\/05_Bono-10.jpg","contentUrl":"https:\/\/la-perla.net\/wp-content\/uploads\/2017\/09\/05_Bono-10.jpg","width":600,"height":424},{"@type":"BreadcrumbList","@id":"https:\/\/la-perla.net\/fr\/produit\/bons-de-10-seances-gymnase\/#breadcrumb","itemListElement":[{"@type":"ListItem","position":1,"name":"Portada","item":"https:\/\/la-perla.net\/fr\/"},{"@type":"ListItem","position":2,"name":"Boutique","item":"https:\/\/la-perla.net\/fr\/boutique\/"},{"@type":"ListItem","position":3,"name":"Abonnements de 10 s\u00e9ances Gymnase Tous les jours"}]},{"@type":"WebSite","@id":"https:\/\/la-perla.net\/#website","url":"https:\/\/la-perla.net\/","name":"Talasoterapia La Perla \u2022 San Sebasti\u00e1n - Donostia","description":"Talasoterapia en Guipuzcoa - Centro de salud, belleza y deporte","publisher":{"@id":"https:\/\/la-perla.net\/#organization"},"potentialAction":[{"@type":"SearchAction","target":{"@type":"EntryPoint","urlTemplate":"https:\/\/la-perla.net\/?s={search_term_string}"},"query-input":{"@type":"PropertyValueSpecification","valueRequired":true,"valueName":"search_term_string"}}],"inLanguage":"fr-FR"},{"@type":"Organization","@id":"https:\/\/la-perla.net\/#organization","name":"La Perla","url":"https:\/\/la-perla.net\/","logo":{"@type":"ImageObject","inLanguage":"fr-FR","@id":"https:\/\/la-perla.net\/#\/schema\/logo\/image\/","url":"https:\/\/la-perla.net\/wp-content\/uploads\/2020\/09\/talasoterapia-la-perla.png","contentUrl":"https:\/\/la-perla.net\/wp-content\/uploads\/2020\/09\/talasoterapia-la-perla.png","width":191,"height":51,"caption":"La Perla"},"image":{"@id":"https:\/\/la-perla.net\/#\/schema\/logo\/image\/"},"sameAs":["https:\/\/www.facebook.com\/laperladonosti\/","https:\/\/x.com\/LaPerlaDonosti","https:\/\/www.instagram.com\/laperladonosti\/?hl=es","https:\/\/www.youtube.com\/channel\/UChQhp12N7Lg6ZrOcmAJAy4g"]}]}},"_links":{"self":[{"href":"https:\/\/la-perla.net\/fr\/wp-json\/wp\/v2\/product\/55333"}],"collection":[{"href":"https:\/\/la-perla.net\/fr\/wp-json\/wp\/v2\/product"}],"about":[{"href":"https:\/\/la-perla.net\/fr\/wp-json\/wp\/v2\/types\/product"}],"wp:featuredmedia":[{"embeddable":true,"href":"https:\/\/la-perla.net\/fr\/wp-json\/wp\/v2\/media\/86903"}],"wp:attachment":[{"href":"https:\/\/la-perla.net\/fr\/wp-json\/wp\/v2\/media?parent=55333"}],"wp:term":[{"taxonomy":"product_brand","embeddable":true,"href":"https:\/\/la-perla.net\/fr\/wp-json\/wp\/v2\/product_brand?post=55333"},{"taxonomy":"product_cat","embeddable":true,"href":"https:\/\/la-perla.net\/fr\/wp-json\/wp\/v2\/product_cat?post=55333"},{"taxonomy":"product_tag","embeddable":true,"href":"https:\/\/la-perla.net\/fr\/wp-json\/wp\/v2\/product_tag?post=55333"}],"curies":[{"name":"wp","href":"https:\/\/api.w.org\/{rel}","templated":true}]}}