{"id":55336,"date":"2017-09-08T09:05:11","date_gmt":"2017-09-08T07:05:11","guid":{"rendered":"https:\/\/laperla21.wpengine.com\/la-perla-salud-estetica\/entrees-au-gymnase-a-la-journee\/"},"modified":"2024-06-06T13:57:25","modified_gmt":"2024-06-06T11:57:25","slug":"entrees-de-jour-gymnase","status":"publish","type":"product","link":"https:\/\/la-perla.net\/fr\/produit\/entrees-de-jour-gymnase\/","title":{"rendered":"Entr\u00e9es de jour Gymnase Tous les jours"},"content":{"rendered":"<p>Entr\u00e9es de jour de 2, 3 ou 5 heures pour le Gymnase. L\u2019entr\u00e9e de 5 heures permet d\u2019utiliser le Circuit de Remise en Forme de Thalassoth\u00e9rapie.<\/p>\n<p class=\"p1\"><span class=\"s1\">Le<\/span> <span class=\"s1\">Gymnase dispose d\u2019un acc\u00e8s direct \u00e0 la plage, la possibilit\u00e9 d\u2019avoir des entra\u00eenements en ext\u00e9rieur ainsi que<\/span><span class=\"s2\">des entraineurs dipl\u00f4m\u00e9s avec leur propre m\u00e9thode de travail, de planification et de suivi.<\/span><\/p>\n<p class=\"p1\"><span class=\"s2\"> L\u2019\u00e9tablissement dispose de 6 zones d\u2019entra\u00eenement \u00e9quip\u00e9es de poids libres, machines cardiovasculaires TechnoGym et 15 cours dirig\u00e9s (chor\u00e9graphie, tonification, haute intensit\u00e9, \u00e9tirements\u2026).<\/span><\/p>\n<p>&nbsp;<\/p>\n","protected":false},"excerpt":{"rendered":"<p style=\"text-align: left;\">Gymnase situ\u00e9 dans un environnement unique associant le sport \u00e0 l\u2019eau de mer et \u00e0 la relaxation. \u00c9tablissement avec 6 zones d\u2019entra\u00eenement \u00e9quip\u00e9es de poids libres, machines cardiovasculaires TechnoGym et cours dirig\u00e9s. L\u2019entr\u00e9e de 5 heures permet d\u2019utiliser le Circuit de Remise en Forme de Thalassoth\u00e9rapie.<\/p>\n","protected":false},"featured_media":86899,"template":"","meta":{"_genesis_hide_title":false,"_genesis_hide_breadcrumbs":false,"_genesis_hide_singular_image":false,"_genesis_hide_footer_widgets":false,"_genesis_custom_body_class":"","_genesis_custom_post_class":"","_genesis_layout":""},"product_brand":[],"product_cat":[899],"product_tag":[],"class_list":{"0":"post-55336","1":"product","2":"type-product","3":"status-publish","4":"has-post-thumbnail","6":"product_cat-entrees-et-bons","7":"entry","9":"first","10":"instock","11":"shipping-taxable","12":"purchasable","13":"product-type-variable"},"yoast_head":"<!-- This site is optimized with the Yoast SEO plugin v25.6 - https:\/\/yoast.com\/wordpress\/plugins\/seo\/ -->\n<title>Entr\u00e9es pour le Gymnase La Perla \u00e0 Saint S\u00e9bastien - Donostia<\/title>\n<meta name=\"description\" content=\"Vous disposez de entr\u00e9es de jour de 2\/3 et 5 heures au gymnase La Perla \u00e0 San Sebastian - Donostia. Avec le ticket de 5h, vous pouvez acc\u00e9der au circuit...\" \/>\n<meta name=\"robots\" content=\"index, follow, max-snippet:-1, max-image-preview:large, max-video-preview:-1\" \/>\n<link rel=\"canonical\" href=\"https:\/\/la-perla.net\/fr\/produit\/entrees-de-jour-gymnase\/\" \/>\n<meta property=\"og:locale\" content=\"fr_FR\" \/>\n<meta property=\"og:type\" content=\"article\" \/>\n<meta property=\"og:title\" content=\"Entr\u00e9es pour le Gymnase La Perla \u00e0 Saint S\u00e9bastien - Donostia\" \/>\n<meta property=\"og:description\" content=\"Vous disposez de entr\u00e9es de jour de 2\/3 et 5 heures au gymnase La Perla \u00e0 San Sebastian - Donostia. Avec le ticket de 5h, vous pouvez acc\u00e9der au circuit...\" \/>\n<meta property=\"og:url\" content=\"https:\/\/la-perla.net\/fr\/produit\/entrees-de-jour-gymnase\/\" \/>\n<meta property=\"og:site_name\" content=\"Talasoterapia La Perla \u2022 San Sebasti\u00e1n - Donostia\" \/>\n<meta property=\"article:publisher\" content=\"https:\/\/www.facebook.com\/laperladonosti\/\" \/>\n<meta property=\"article:modified_time\" content=\"2024-06-06T11:57:25+00:00\" \/>\n<meta property=\"og:image\" content=\"https:\/\/la-perla.net\/wp-content\/uploads\/2017\/09\/05_Entrada-dia.jpg\" \/>\n\t<meta property=\"og:image:width\" content=\"600\" \/>\n\t<meta property=\"og:image:height\" content=\"424\" \/>\n\t<meta property=\"og:image:type\" content=\"image\/jpeg\" \/>\n<meta name=\"twitter:card\" content=\"summary_large_image\" \/>\n<meta name=\"twitter:site\" content=\"@LaPerlaDonosti\" \/>\n<script type=\"application\/ld+json\" class=\"yoast-schema-graph\">{\"@context\":\"https:\/\/schema.org\",\"@graph\":[{\"@type\":\"WebPage\",\"@id\":\"https:\/\/la-perla.net\/fr\/produit\/entrees-de-jour-gymnase\/\",\"url\":\"https:\/\/la-perla.net\/fr\/produit\/entrees-de-jour-gymnase\/\",\"name\":\"Entr\u00e9es pour le Gymnase La Perla \u00e0 Saint S\u00e9bastien - Donostia\",\"isPartOf\":{\"@id\":\"https:\/\/la-perla.net\/#website\"},\"primaryImageOfPage\":{\"@id\":\"https:\/\/la-perla.net\/fr\/produit\/entrees-de-jour-gymnase\/#primaryimage\"},\"image\":{\"@id\":\"https:\/\/la-perla.net\/fr\/produit\/entrees-de-jour-gymnase\/#primaryimage\"},\"thumbnailUrl\":\"https:\/\/la-perla.net\/wp-content\/uploads\/2017\/09\/05_Entrada-dia.jpg\",\"datePublished\":\"2017-09-08T07:05:11+00:00\",\"dateModified\":\"2024-06-06T11:57:25+00:00\",\"description\":\"Vous disposez de entr\u00e9es de jour de 2\/3 et 5 heures au gymnase La Perla \u00e0 San Sebastian - Donostia. Avec le ticket de 5h, vous pouvez acc\u00e9der au circuit...\",\"breadcrumb\":{\"@id\":\"https:\/\/la-perla.net\/fr\/produit\/entrees-de-jour-gymnase\/#breadcrumb\"},\"inLanguage\":\"fr-FR\",\"potentialAction\":[{\"@type\":\"ReadAction\",\"target\":[\"https:\/\/la-perla.net\/fr\/produit\/entrees-de-jour-gymnase\/\"]}]},{\"@type\":\"ImageObject\",\"inLanguage\":\"fr-FR\",\"@id\":\"https:\/\/la-perla.net\/fr\/produit\/entrees-de-jour-gymnase\/#primaryimage\",\"url\":\"https:\/\/la-perla.net\/wp-content\/uploads\/2017\/09\/05_Entrada-dia.jpg\",\"contentUrl\":\"https:\/\/la-perla.net\/wp-content\/uploads\/2017\/09\/05_Entrada-dia.jpg\",\"width\":600,\"height\":424},{\"@type\":\"BreadcrumbList\",\"@id\":\"https:\/\/la-perla.net\/fr\/produit\/entrees-de-jour-gymnase\/#breadcrumb\",\"itemListElement\":[{\"@type\":\"ListItem\",\"position\":1,\"name\":\"Portada\",\"item\":\"https:\/\/la-perla.net\/fr\/\"},{\"@type\":\"ListItem\",\"position\":2,\"name\":\"Boutique\",\"item\":\"https:\/\/la-perla.net\/fr\/boutique\/\"},{\"@type\":\"ListItem\",\"position\":3,\"name\":\"Entr\u00e9es de jour Gymnase Tous les jours\"}]},{\"@type\":\"WebSite\",\"@id\":\"https:\/\/la-perla.net\/#website\",\"url\":\"https:\/\/la-perla.net\/\",\"name\":\"Talasoterapia La Perla \u2022 San Sebasti\u00e1n - Donostia\",\"description\":\"Talasoterapia en Guipuzcoa - Centro de salud, belleza y deporte\",\"publisher\":{\"@id\":\"https:\/\/la-perla.net\/#organization\"},\"potentialAction\":[{\"@type\":\"SearchAction\",\"target\":{\"@type\":\"EntryPoint\",\"urlTemplate\":\"https:\/\/la-perla.net\/?s={search_term_string}\"},\"query-input\":{\"@type\":\"PropertyValueSpecification\",\"valueRequired\":true,\"valueName\":\"search_term_string\"}}],\"inLanguage\":\"fr-FR\"},{\"@type\":\"Organization\",\"@id\":\"https:\/\/la-perla.net\/#organization\",\"name\":\"La Perla\",\"url\":\"https:\/\/la-perla.net\/\",\"logo\":{\"@type\":\"ImageObject\",\"inLanguage\":\"fr-FR\",\"@id\":\"https:\/\/la-perla.net\/#\/schema\/logo\/image\/\",\"url\":\"https:\/\/la-perla.net\/wp-content\/uploads\/2020\/09\/talasoterapia-la-perla.png\",\"contentUrl\":\"https:\/\/la-perla.net\/wp-content\/uploads\/2020\/09\/talasoterapia-la-perla.png\",\"width\":191,\"height\":51,\"caption\":\"La Perla\"},\"image\":{\"@id\":\"https:\/\/la-perla.net\/#\/schema\/logo\/image\/\"},\"sameAs\":[\"https:\/\/www.facebook.com\/laperladonosti\/\",\"https:\/\/x.com\/LaPerlaDonosti\",\"https:\/\/www.instagram.com\/laperladonosti\/?hl=es\",\"https:\/\/www.youtube.com\/channel\/UChQhp12N7Lg6ZrOcmAJAy4g\"]}]}<\/script>\n<!-- \/ Yoast SEO plugin. -->","yoast_head_json":{"title":"Entr\u00e9es pour le Gymnase La Perla \u00e0 Saint S\u00e9bastien - Donostia","description":"Vous disposez de entr\u00e9es de jour de 2\/3 et 5 heures au gymnase La Perla \u00e0 San Sebastian - Donostia. Avec le ticket de 5h, vous pouvez acc\u00e9der au circuit...","robots":{"index":"index","follow":"follow","max-snippet":"max-snippet:-1","max-image-preview":"max-image-preview:large","max-video-preview":"max-video-preview:-1"},"canonical":"https:\/\/la-perla.net\/fr\/produit\/entrees-de-jour-gymnase\/","og_locale":"fr_FR","og_type":"article","og_title":"Entr\u00e9es pour le Gymnase La Perla \u00e0 Saint S\u00e9bastien - Donostia","og_description":"Vous disposez de entr\u00e9es de jour de 2\/3 et 5 heures au gymnase La Perla \u00e0 San Sebastian - Donostia. Avec le ticket de 5h, vous pouvez acc\u00e9der au circuit...","og_url":"https:\/\/la-perla.net\/fr\/produit\/entrees-de-jour-gymnase\/","og_site_name":"Talasoterapia La Perla \u2022 San Sebasti\u00e1n - Donostia","article_publisher":"https:\/\/www.facebook.com\/laperladonosti\/","article_modified_time":"2024-06-06T11:57:25+00:00","og_image":[{"width":600,"height":424,"url":"https:\/\/la-perla.net\/wp-content\/uploads\/2017\/09\/05_Entrada-dia.jpg","type":"image\/jpeg"}],"twitter_card":"summary_large_image","twitter_site":"@LaPerlaDonosti","schema":{"@context":"https:\/\/schema.org","@graph":[{"@type":"WebPage","@id":"https:\/\/la-perla.net\/fr\/produit\/entrees-de-jour-gymnase\/","url":"https:\/\/la-perla.net\/fr\/produit\/entrees-de-jour-gymnase\/","name":"Entr\u00e9es pour le Gymnase La Perla \u00e0 Saint S\u00e9bastien - Donostia","isPartOf":{"@id":"https:\/\/la-perla.net\/#website"},"primaryImageOfPage":{"@id":"https:\/\/la-perla.net\/fr\/produit\/entrees-de-jour-gymnase\/#primaryimage"},"image":{"@id":"https:\/\/la-perla.net\/fr\/produit\/entrees-de-jour-gymnase\/#primaryimage"},"thumbnailUrl":"https:\/\/la-perla.net\/wp-content\/uploads\/2017\/09\/05_Entrada-dia.jpg","datePublished":"2017-09-08T07:05:11+00:00","dateModified":"2024-06-06T11:57:25+00:00","description":"Vous disposez de entr\u00e9es de jour de 2\/3 et 5 heures au gymnase La Perla \u00e0 San Sebastian - Donostia. Avec le ticket de 5h, vous pouvez acc\u00e9der au circuit...","breadcrumb":{"@id":"https:\/\/la-perla.net\/fr\/produit\/entrees-de-jour-gymnase\/#breadcrumb"},"inLanguage":"fr-FR","potentialAction":[{"@type":"ReadAction","target":["https:\/\/la-perla.net\/fr\/produit\/entrees-de-jour-gymnase\/"]}]},{"@type":"ImageObject","inLanguage":"fr-FR","@id":"https:\/\/la-perla.net\/fr\/produit\/entrees-de-jour-gymnase\/#primaryimage","url":"https:\/\/la-perla.net\/wp-content\/uploads\/2017\/09\/05_Entrada-dia.jpg","contentUrl":"https:\/\/la-perla.net\/wp-content\/uploads\/2017\/09\/05_Entrada-dia.jpg","width":600,"height":424},{"@type":"BreadcrumbList","@id":"https:\/\/la-perla.net\/fr\/produit\/entrees-de-jour-gymnase\/#breadcrumb","itemListElement":[{"@type":"ListItem","position":1,"name":"Portada","item":"https:\/\/la-perla.net\/fr\/"},{"@type":"ListItem","position":2,"name":"Boutique","item":"https:\/\/la-perla.net\/fr\/boutique\/"},{"@type":"ListItem","position":3,"name":"Entr\u00e9es de jour Gymnase Tous les jours"}]},{"@type":"WebSite","@id":"https:\/\/la-perla.net\/#website","url":"https:\/\/la-perla.net\/","name":"Talasoterapia La Perla \u2022 San Sebasti\u00e1n - Donostia","description":"Talasoterapia en Guipuzcoa - Centro de salud, belleza y deporte","publisher":{"@id":"https:\/\/la-perla.net\/#organization"},"potentialAction":[{"@type":"SearchAction","target":{"@type":"EntryPoint","urlTemplate":"https:\/\/la-perla.net\/?s={search_term_string}"},"query-input":{"@type":"PropertyValueSpecification","valueRequired":true,"valueName":"search_term_string"}}],"inLanguage":"fr-FR"},{"@type":"Organization","@id":"https:\/\/la-perla.net\/#organization","name":"La Perla","url":"https:\/\/la-perla.net\/","logo":{"@type":"ImageObject","inLanguage":"fr-FR","@id":"https:\/\/la-perla.net\/#\/schema\/logo\/image\/","url":"https:\/\/la-perla.net\/wp-content\/uploads\/2020\/09\/talasoterapia-la-perla.png","contentUrl":"https:\/\/la-perla.net\/wp-content\/uploads\/2020\/09\/talasoterapia-la-perla.png","width":191,"height":51,"caption":"La Perla"},"image":{"@id":"https:\/\/la-perla.net\/#\/schema\/logo\/image\/"},"sameAs":["https:\/\/www.facebook.com\/laperladonosti\/","https:\/\/x.com\/LaPerlaDonosti","https:\/\/www.instagram.com\/laperladonosti\/?hl=es","https:\/\/www.youtube.com\/channel\/UChQhp12N7Lg6ZrOcmAJAy4g"]}]}},"_links":{"self":[{"href":"https:\/\/la-perla.net\/fr\/wp-json\/wp\/v2\/product\/55336"}],"collection":[{"href":"https:\/\/la-perla.net\/fr\/wp-json\/wp\/v2\/product"}],"about":[{"href":"https:\/\/la-perla.net\/fr\/wp-json\/wp\/v2\/types\/product"}],"wp:featuredmedia":[{"embeddable":true,"href":"https:\/\/la-perla.net\/fr\/wp-json\/wp\/v2\/media\/86899"}],"wp:attachment":[{"href":"https:\/\/la-perla.net\/fr\/wp-json\/wp\/v2\/media?parent=55336"}],"wp:term":[{"taxonomy":"product_brand","embeddable":true,"href":"https:\/\/la-perla.net\/fr\/wp-json\/wp\/v2\/product_brand?post=55336"},{"taxonomy":"product_cat","embeddable":true,"href":"https:\/\/la-perla.net\/fr\/wp-json\/wp\/v2\/product_cat?post=55336"},{"taxonomy":"product_tag","embeddable":true,"href":"https:\/\/la-perla.net\/fr\/wp-json\/wp\/v2\/product_tag?post=55336"}],"curies":[{"name":"wp","href":"https:\/\/api.w.org\/{rel}","templated":true}]}}