{"id":55339,"date":"2017-09-08T08:26:36","date_gmt":"2017-09-08T06:26:36","guid":{"rendered":"https:\/\/laperla21.wpengine.com\/la-perla-salud-estetica\/plan-reducteur-intensif-1-mois\/"},"modified":"2025-12-30T14:01:12","modified_gmt":"2025-12-30T13:01:12","slug":"plan-intensif-reducteur-1-mois","status":"publish","type":"product","link":"https:\/\/la-perla.net\/fr\/produit\/plan-intensif-reducteur-1-mois\/","title":{"rendered":"Plan Intensif R\u00e9ducteur, 1 mois"},"content":{"rendered":"<p>Objectifs:<\/p>\n<p>Perdez du poids, tonifiez vos muscles, sculptez votre silhouette, adoptez une routine sportive et des habitudes saines.<\/p>\n<p>Comprend:<\/p>\n<ul>\n<li>Cr\u00e9ation et conception d&rsquo;un programme personnalis\u00e9 combinant plusieurs soins apr\u00e8s une consultation esth\u00e9tique et di\u00e9t\u00e9tique.<\/li>\n<li>Plan di\u00e9t\u00e9tique et nutritionnel mensuel avec bilans hebdomadaires.<\/li>\n<li>Programme sportif mensuel personnalis\u00e9 au sein de la salle de sport La Perla<\/li>\n<li>Soin hebdomadaire anticellulite ou raffermissant personnalis\u00e9 selon un diagnostic pr\u00e9alable.<\/li>\n<\/ul>\n<p>Dur\u00e9e : 1 mois.<\/p>\n","protected":false},"excerpt":{"rendered":"<p style=\"text-align: left;\">Programme intensif associant :<\/p>\n<p style=\"text-align: left;\">&#8211; R\u00e9gime pendant 1 mois avec des contr\u00f4les hebdomadaires<br \/>\n&#8211; Membre gym pendant 1 mois<br \/>\n&#8211; 1 Soin r\u00e9ducteur-anticellulite hebdomadaire<\/p>\n<p style=\"text-align: left;\">Dur\u00e9e : 1 mois<\/p>\n","protected":false},"featured_media":87137,"template":"","meta":{"_genesis_hide_title":false,"_genesis_hide_breadcrumbs":false,"_genesis_hide_singular_image":false,"_genesis_hide_footer_widgets":false,"_genesis_custom_body_class":"","_genesis_custom_post_class":"","_genesis_layout":""},"product_brand":[],"product_cat":[931],"product_tag":[],"class_list":{"0":"post-55339","1":"product","2":"type-product","3":"status-publish","4":"has-post-thumbnail","6":"product_cat-programmes-personnalises","7":"entry","9":"first","10":"instock","11":"shipping-taxable","12":"purchasable","13":"product-type-simple"},"yoast_head":"<!-- This site is optimized with the Yoast SEO plugin v25.6 - https:\/\/yoast.com\/wordpress\/plugins\/seo\/ -->\n<title>Plan Intensif R\u00e9ducteur 1 Mois \u2022 Thalassoth\u00e9rapie La Perla<\/title>\n<meta name=\"description\" content=\"La Perla pr\u00e9sente son plan d&#039;amincissement intensif d&#039;un mois ; R\u00e9gime et Gym pendant un mois plus un traitement amincissant-anticellulite hebdomadaire.\" \/>\n<meta name=\"robots\" content=\"index, follow, max-snippet:-1, max-image-preview:large, max-video-preview:-1\" \/>\n<link rel=\"canonical\" href=\"https:\/\/la-perla.net\/fr\/produit\/plan-intensif-reducteur-1-mois\/\" \/>\n<meta property=\"og:locale\" content=\"fr_FR\" \/>\n<meta property=\"og:type\" content=\"article\" \/>\n<meta property=\"og:title\" content=\"Plan Intensif R\u00e9ducteur 1 Mois \u2022 Thalassoth\u00e9rapie La Perla\" \/>\n<meta property=\"og:description\" content=\"La Perla pr\u00e9sente son plan d&#039;amincissement intensif d&#039;un mois ; R\u00e9gime et Gym pendant un mois plus un traitement amincissant-anticellulite hebdomadaire.\" \/>\n<meta property=\"og:url\" content=\"https:\/\/la-perla.net\/fr\/produit\/plan-intensif-reducteur-1-mois\/\" \/>\n<meta property=\"og:site_name\" content=\"Talasoterapia La Perla \u2022 San Sebasti\u00e1n - Donostia\" \/>\n<meta property=\"article:publisher\" content=\"https:\/\/www.facebook.com\/laperladonosti\/\" \/>\n<meta property=\"article:modified_time\" content=\"2025-12-30T13:01:12+00:00\" \/>\n<meta property=\"og:image\" content=\"https:\/\/la-perla.net\/wp-content\/uploads\/2017\/09\/01_Plan-intensivo-reductor-1-mes.jpg\" \/>\n\t<meta property=\"og:image:width\" content=\"600\" \/>\n\t<meta property=\"og:image:height\" content=\"424\" \/>\n\t<meta property=\"og:image:type\" content=\"image\/jpeg\" \/>\n<meta name=\"twitter:card\" content=\"summary_large_image\" \/>\n<meta name=\"twitter:site\" content=\"@LaPerlaDonosti\" \/>\n<script type=\"application\/ld+json\" class=\"yoast-schema-graph\">{\"@context\":\"https:\/\/schema.org\",\"@graph\":[{\"@type\":\"WebPage\",\"@id\":\"https:\/\/la-perla.net\/fr\/produit\/plan-intensif-reducteur-1-mois\/\",\"url\":\"https:\/\/la-perla.net\/fr\/produit\/plan-intensif-reducteur-1-mois\/\",\"name\":\"Plan Intensif R\u00e9ducteur 1 Mois \u2022 Thalassoth\u00e9rapie La Perla\",\"isPartOf\":{\"@id\":\"https:\/\/la-perla.net\/#website\"},\"primaryImageOfPage\":{\"@id\":\"https:\/\/la-perla.net\/fr\/produit\/plan-intensif-reducteur-1-mois\/#primaryimage\"},\"image\":{\"@id\":\"https:\/\/la-perla.net\/fr\/produit\/plan-intensif-reducteur-1-mois\/#primaryimage\"},\"thumbnailUrl\":\"https:\/\/la-perla.net\/wp-content\/uploads\/2017\/09\/01_Plan-intensivo-reductor-1-mes.jpg\",\"datePublished\":\"2017-09-08T06:26:36+00:00\",\"dateModified\":\"2025-12-30T13:01:12+00:00\",\"description\":\"La Perla pr\u00e9sente son plan d'amincissement intensif d'un mois ; R\u00e9gime et Gym pendant un mois plus un traitement amincissant-anticellulite hebdomadaire.\",\"breadcrumb\":{\"@id\":\"https:\/\/la-perla.net\/fr\/produit\/plan-intensif-reducteur-1-mois\/#breadcrumb\"},\"inLanguage\":\"fr-FR\",\"potentialAction\":[{\"@type\":\"ReadAction\",\"target\":[\"https:\/\/la-perla.net\/fr\/produit\/plan-intensif-reducteur-1-mois\/\"]}]},{\"@type\":\"ImageObject\",\"inLanguage\":\"fr-FR\",\"@id\":\"https:\/\/la-perla.net\/fr\/produit\/plan-intensif-reducteur-1-mois\/#primaryimage\",\"url\":\"https:\/\/la-perla.net\/wp-content\/uploads\/2017\/09\/01_Plan-intensivo-reductor-1-mes.jpg\",\"contentUrl\":\"https:\/\/la-perla.net\/wp-content\/uploads\/2017\/09\/01_Plan-intensivo-reductor-1-mes.jpg\",\"width\":600,\"height\":424,\"caption\":\"Plan Intensif R\u00e9ducteur\"},{\"@type\":\"BreadcrumbList\",\"@id\":\"https:\/\/la-perla.net\/fr\/produit\/plan-intensif-reducteur-1-mois\/#breadcrumb\",\"itemListElement\":[{\"@type\":\"ListItem\",\"position\":1,\"name\":\"Portada\",\"item\":\"https:\/\/la-perla.net\/fr\/\"},{\"@type\":\"ListItem\",\"position\":2,\"name\":\"Boutique\",\"item\":\"https:\/\/la-perla.net\/fr\/boutique\/\"},{\"@type\":\"ListItem\",\"position\":3,\"name\":\"Plan Intensif R\u00e9ducteur, 1 mois\"}]},{\"@type\":\"WebSite\",\"@id\":\"https:\/\/la-perla.net\/#website\",\"url\":\"https:\/\/la-perla.net\/\",\"name\":\"Talasoterapia La Perla \u2022 San Sebasti\u00e1n - Donostia\",\"description\":\"Talasoterapia en Guipuzcoa - Centro de salud, belleza y deporte\",\"publisher\":{\"@id\":\"https:\/\/la-perla.net\/#organization\"},\"potentialAction\":[{\"@type\":\"SearchAction\",\"target\":{\"@type\":\"EntryPoint\",\"urlTemplate\":\"https:\/\/la-perla.net\/?s={search_term_string}\"},\"query-input\":{\"@type\":\"PropertyValueSpecification\",\"valueRequired\":true,\"valueName\":\"search_term_string\"}}],\"inLanguage\":\"fr-FR\"},{\"@type\":\"Organization\",\"@id\":\"https:\/\/la-perla.net\/#organization\",\"name\":\"La Perla\",\"url\":\"https:\/\/la-perla.net\/\",\"logo\":{\"@type\":\"ImageObject\",\"inLanguage\":\"fr-FR\",\"@id\":\"https:\/\/la-perla.net\/#\/schema\/logo\/image\/\",\"url\":\"https:\/\/la-perla.net\/wp-content\/uploads\/2020\/09\/talasoterapia-la-perla.png\",\"contentUrl\":\"https:\/\/la-perla.net\/wp-content\/uploads\/2020\/09\/talasoterapia-la-perla.png\",\"width\":191,\"height\":51,\"caption\":\"La Perla\"},\"image\":{\"@id\":\"https:\/\/la-perla.net\/#\/schema\/logo\/image\/\"},\"sameAs\":[\"https:\/\/www.facebook.com\/laperladonosti\/\",\"https:\/\/x.com\/LaPerlaDonosti\",\"https:\/\/www.instagram.com\/laperladonosti\/?hl=es\",\"https:\/\/www.youtube.com\/channel\/UChQhp12N7Lg6ZrOcmAJAy4g\"]}]}<\/script>\n<!-- \/ Yoast SEO plugin. -->","yoast_head_json":{"title":"Plan Intensif R\u00e9ducteur 1 Mois \u2022 Thalassoth\u00e9rapie La Perla","description":"La Perla pr\u00e9sente son plan d'amincissement intensif d'un mois ; R\u00e9gime et Gym pendant un mois plus un traitement amincissant-anticellulite hebdomadaire.","robots":{"index":"index","follow":"follow","max-snippet":"max-snippet:-1","max-image-preview":"max-image-preview:large","max-video-preview":"max-video-preview:-1"},"canonical":"https:\/\/la-perla.net\/fr\/produit\/plan-intensif-reducteur-1-mois\/","og_locale":"fr_FR","og_type":"article","og_title":"Plan Intensif R\u00e9ducteur 1 Mois \u2022 Thalassoth\u00e9rapie La Perla","og_description":"La Perla pr\u00e9sente son plan d'amincissement intensif d'un mois ; R\u00e9gime et Gym pendant un mois plus un traitement amincissant-anticellulite hebdomadaire.","og_url":"https:\/\/la-perla.net\/fr\/produit\/plan-intensif-reducteur-1-mois\/","og_site_name":"Talasoterapia La Perla \u2022 San Sebasti\u00e1n - Donostia","article_publisher":"https:\/\/www.facebook.com\/laperladonosti\/","article_modified_time":"2025-12-30T13:01:12+00:00","og_image":[{"width":600,"height":424,"url":"https:\/\/la-perla.net\/wp-content\/uploads\/2017\/09\/01_Plan-intensivo-reductor-1-mes.jpg","type":"image\/jpeg"}],"twitter_card":"summary_large_image","twitter_site":"@LaPerlaDonosti","schema":{"@context":"https:\/\/schema.org","@graph":[{"@type":"WebPage","@id":"https:\/\/la-perla.net\/fr\/produit\/plan-intensif-reducteur-1-mois\/","url":"https:\/\/la-perla.net\/fr\/produit\/plan-intensif-reducteur-1-mois\/","name":"Plan Intensif R\u00e9ducteur 1 Mois \u2022 Thalassoth\u00e9rapie La Perla","isPartOf":{"@id":"https:\/\/la-perla.net\/#website"},"primaryImageOfPage":{"@id":"https:\/\/la-perla.net\/fr\/produit\/plan-intensif-reducteur-1-mois\/#primaryimage"},"image":{"@id":"https:\/\/la-perla.net\/fr\/produit\/plan-intensif-reducteur-1-mois\/#primaryimage"},"thumbnailUrl":"https:\/\/la-perla.net\/wp-content\/uploads\/2017\/09\/01_Plan-intensivo-reductor-1-mes.jpg","datePublished":"2017-09-08T06:26:36+00:00","dateModified":"2025-12-30T13:01:12+00:00","description":"La Perla pr\u00e9sente son plan d'amincissement intensif d'un mois ; R\u00e9gime et Gym pendant un mois plus un traitement amincissant-anticellulite hebdomadaire.","breadcrumb":{"@id":"https:\/\/la-perla.net\/fr\/produit\/plan-intensif-reducteur-1-mois\/#breadcrumb"},"inLanguage":"fr-FR","potentialAction":[{"@type":"ReadAction","target":["https:\/\/la-perla.net\/fr\/produit\/plan-intensif-reducteur-1-mois\/"]}]},{"@type":"ImageObject","inLanguage":"fr-FR","@id":"https:\/\/la-perla.net\/fr\/produit\/plan-intensif-reducteur-1-mois\/#primaryimage","url":"https:\/\/la-perla.net\/wp-content\/uploads\/2017\/09\/01_Plan-intensivo-reductor-1-mes.jpg","contentUrl":"https:\/\/la-perla.net\/wp-content\/uploads\/2017\/09\/01_Plan-intensivo-reductor-1-mes.jpg","width":600,"height":424,"caption":"Plan Intensif R\u00e9ducteur"},{"@type":"BreadcrumbList","@id":"https:\/\/la-perla.net\/fr\/produit\/plan-intensif-reducteur-1-mois\/#breadcrumb","itemListElement":[{"@type":"ListItem","position":1,"name":"Portada","item":"https:\/\/la-perla.net\/fr\/"},{"@type":"ListItem","position":2,"name":"Boutique","item":"https:\/\/la-perla.net\/fr\/boutique\/"},{"@type":"ListItem","position":3,"name":"Plan Intensif R\u00e9ducteur, 1 mois"}]},{"@type":"WebSite","@id":"https:\/\/la-perla.net\/#website","url":"https:\/\/la-perla.net\/","name":"Talasoterapia La Perla \u2022 San Sebasti\u00e1n - Donostia","description":"Talasoterapia en Guipuzcoa - Centro de salud, belleza y deporte","publisher":{"@id":"https:\/\/la-perla.net\/#organization"},"potentialAction":[{"@type":"SearchAction","target":{"@type":"EntryPoint","urlTemplate":"https:\/\/la-perla.net\/?s={search_term_string}"},"query-input":{"@type":"PropertyValueSpecification","valueRequired":true,"valueName":"search_term_string"}}],"inLanguage":"fr-FR"},{"@type":"Organization","@id":"https:\/\/la-perla.net\/#organization","name":"La Perla","url":"https:\/\/la-perla.net\/","logo":{"@type":"ImageObject","inLanguage":"fr-FR","@id":"https:\/\/la-perla.net\/#\/schema\/logo\/image\/","url":"https:\/\/la-perla.net\/wp-content\/uploads\/2020\/09\/talasoterapia-la-perla.png","contentUrl":"https:\/\/la-perla.net\/wp-content\/uploads\/2020\/09\/talasoterapia-la-perla.png","width":191,"height":51,"caption":"La Perla"},"image":{"@id":"https:\/\/la-perla.net\/#\/schema\/logo\/image\/"},"sameAs":["https:\/\/www.facebook.com\/laperladonosti\/","https:\/\/x.com\/LaPerlaDonosti","https:\/\/www.instagram.com\/laperladonosti\/?hl=es","https:\/\/www.youtube.com\/channel\/UChQhp12N7Lg6ZrOcmAJAy4g"]}]}},"_links":{"self":[{"href":"https:\/\/la-perla.net\/fr\/wp-json\/wp\/v2\/product\/55339"}],"collection":[{"href":"https:\/\/la-perla.net\/fr\/wp-json\/wp\/v2\/product"}],"about":[{"href":"https:\/\/la-perla.net\/fr\/wp-json\/wp\/v2\/types\/product"}],"wp:featuredmedia":[{"embeddable":true,"href":"https:\/\/la-perla.net\/fr\/wp-json\/wp\/v2\/media\/87137"}],"wp:attachment":[{"href":"https:\/\/la-perla.net\/fr\/wp-json\/wp\/v2\/media?parent=55339"}],"wp:term":[{"taxonomy":"product_brand","embeddable":true,"href":"https:\/\/la-perla.net\/fr\/wp-json\/wp\/v2\/product_brand?post=55339"},{"taxonomy":"product_cat","embeddable":true,"href":"https:\/\/la-perla.net\/fr\/wp-json\/wp\/v2\/product_cat?post=55339"},{"taxonomy":"product_tag","embeddable":true,"href":"https:\/\/la-perla.net\/fr\/wp-json\/wp\/v2\/product_tag?post=55339"}],"curies":[{"name":"wp","href":"https:\/\/api.w.org\/{rel}","templated":true}]}}