{"id":55361,"date":"2017-09-07T09:05:01","date_gmt":"2017-09-07T07:05:01","guid":{"rendered":"https:\/\/laperla21.wpengine.com\/la-perla-salud-estetica\/consultations-de-physiotherapie\/"},"modified":"2025-02-27T15:31:37","modified_gmt":"2025-02-27T14:31:37","slug":"consultation-de-suivi-kinesitherapie","status":"publish","type":"product","link":"https:\/\/la-perla.net\/fr\/produit\/consultation-de-suivi-kinesitherapie\/","title":{"rendered":"Kin\u00e9sith\u00e9rapie"},"content":{"rendered":"<p class=\"p1\"><span class=\"s1\">Traitement indiqu\u00e9 par un kin\u00e9sith\u00e9rapeute dipl\u00f4m\u00e9 qui effectue \u00e9galement un suivi et des analyses.<\/span><\/p>\n<p class=\"p1\"><span class=\"s1\">Dur\u00e9e : traitements de 25 ou 50 minutes. <\/span><\/p>\n","protected":false},"excerpt":{"rendered":"<p class=\"p1\"><span class=\"s1\">S\u00e9ances de kin\u00e9sith\u00e9rapie pour traiter diff\u00e9rentes pathologies.<\/span><\/p>\n","protected":false},"featured_media":87009,"template":"","meta":{"_genesis_hide_title":false,"_genesis_hide_breadcrumbs":false,"_genesis_hide_singular_image":false,"_genesis_hide_footer_widgets":false,"_genesis_custom_body_class":"","_genesis_custom_post_class":"","_genesis_layout":""},"product_brand":[],"product_cat":[912],"product_tag":[],"class_list":{"0":"post-55361","1":"product","2":"type-product","3":"status-publish","4":"has-post-thumbnail","6":"product_cat-physiotherapie-et-reeducation","7":"entry","9":"first","10":"instock","11":"shipping-taxable","12":"purchasable","13":"product-type-variable"},"yoast_head":"<!-- This site is optimized with the Yoast SEO plugin v25.6 - https:\/\/yoast.com\/wordpress\/plugins\/seo\/ -->\n<title>Consultations de physioth\u00e9rapie \u00e0 Donostia - Saint S\u00e9bastien | La Perla<\/title>\n<meta name=\"description\" content=\"Consultations de physioth\u00e9rapie avec traitement indiqu\u00e9 par un physioth\u00e9rapeute qualifi\u00e9 avec le suivi et l&#039;analyse correspondants afin que le patient puisse...\" \/>\n<meta name=\"robots\" content=\"index, follow, max-snippet:-1, max-image-preview:large, max-video-preview:-1\" \/>\n<link rel=\"canonical\" href=\"https:\/\/la-perla.net\/fr\/produit\/consultation-de-suivi-kinesitherapie\/\" \/>\n<meta property=\"og:locale\" content=\"fr_FR\" \/>\n<meta property=\"og:type\" content=\"article\" \/>\n<meta property=\"og:title\" content=\"Consultations de physioth\u00e9rapie \u00e0 Donostia - Saint S\u00e9bastien | La Perla\" \/>\n<meta property=\"og:description\" content=\"Consultations de physioth\u00e9rapie avec traitement indiqu\u00e9 par un physioth\u00e9rapeute qualifi\u00e9 avec le suivi et l&#039;analyse correspondants afin que le patient puisse...\" \/>\n<meta property=\"og:url\" content=\"https:\/\/la-perla.net\/fr\/produit\/consultation-de-suivi-kinesitherapie\/\" \/>\n<meta property=\"og:site_name\" content=\"Talasoterapia La Perla \u2022 San Sebasti\u00e1n - Donostia\" \/>\n<meta property=\"article:publisher\" content=\"https:\/\/www.facebook.com\/laperladonosti\/\" \/>\n<meta property=\"article:modified_time\" content=\"2025-02-27T14:31:37+00:00\" \/>\n<meta property=\"og:image\" content=\"https:\/\/la-perla.net\/wp-content\/uploads\/2012\/02\/01_Terapeutico-1.jpg\" \/>\n\t<meta property=\"og:image:width\" content=\"600\" \/>\n\t<meta property=\"og:image:height\" content=\"424\" \/>\n\t<meta property=\"og:image:type\" content=\"image\/jpeg\" \/>\n<meta name=\"twitter:card\" content=\"summary_large_image\" \/>\n<meta name=\"twitter:site\" content=\"@LaPerlaDonosti\" \/>\n<script type=\"application\/ld+json\" class=\"yoast-schema-graph\">{\"@context\":\"https:\/\/schema.org\",\"@graph\":[{\"@type\":\"WebPage\",\"@id\":\"https:\/\/la-perla.net\/fr\/produit\/consultation-de-suivi-kinesitherapie\/\",\"url\":\"https:\/\/la-perla.net\/fr\/produit\/consultation-de-suivi-kinesitherapie\/\",\"name\":\"Consultations de physioth\u00e9rapie \u00e0 Donostia - Saint S\u00e9bastien | La Perla\",\"isPartOf\":{\"@id\":\"https:\/\/la-perla.net\/#website\"},\"primaryImageOfPage\":{\"@id\":\"https:\/\/la-perla.net\/fr\/produit\/consultation-de-suivi-kinesitherapie\/#primaryimage\"},\"image\":{\"@id\":\"https:\/\/la-perla.net\/fr\/produit\/consultation-de-suivi-kinesitherapie\/#primaryimage\"},\"thumbnailUrl\":\"https:\/\/la-perla.net\/wp-content\/uploads\/2012\/02\/01_Terapeutico-1.jpg\",\"datePublished\":\"2017-09-07T07:05:01+00:00\",\"dateModified\":\"2025-02-27T14:31:37+00:00\",\"description\":\"Consultations de physioth\u00e9rapie avec traitement indiqu\u00e9 par un physioth\u00e9rapeute qualifi\u00e9 avec le suivi et l'analyse correspondants afin que le patient puisse...\",\"breadcrumb\":{\"@id\":\"https:\/\/la-perla.net\/fr\/produit\/consultation-de-suivi-kinesitherapie\/#breadcrumb\"},\"inLanguage\":\"fr-FR\",\"potentialAction\":[{\"@type\":\"ReadAction\",\"target\":[\"https:\/\/la-perla.net\/fr\/produit\/consultation-de-suivi-kinesitherapie\/\"]}]},{\"@type\":\"ImageObject\",\"inLanguage\":\"fr-FR\",\"@id\":\"https:\/\/la-perla.net\/fr\/produit\/consultation-de-suivi-kinesitherapie\/#primaryimage\",\"url\":\"https:\/\/la-perla.net\/wp-content\/uploads\/2012\/02\/01_Terapeutico-1.jpg\",\"contentUrl\":\"https:\/\/la-perla.net\/wp-content\/uploads\/2012\/02\/01_Terapeutico-1.jpg\",\"width\":600,\"height\":424,\"caption\":\"Massage Th\u00e9rapeutique\"},{\"@type\":\"BreadcrumbList\",\"@id\":\"https:\/\/la-perla.net\/fr\/produit\/consultation-de-suivi-kinesitherapie\/#breadcrumb\",\"itemListElement\":[{\"@type\":\"ListItem\",\"position\":1,\"name\":\"Portada\",\"item\":\"https:\/\/la-perla.net\/fr\/\"},{\"@type\":\"ListItem\",\"position\":2,\"name\":\"Boutique\",\"item\":\"https:\/\/la-perla.net\/fr\/boutique\/\"},{\"@type\":\"ListItem\",\"position\":3,\"name\":\"Kin\u00e9sith\u00e9rapie\"}]},{\"@type\":\"WebSite\",\"@id\":\"https:\/\/la-perla.net\/#website\",\"url\":\"https:\/\/la-perla.net\/\",\"name\":\"Talasoterapia La Perla \u2022 San Sebasti\u00e1n - Donostia\",\"description\":\"Talasoterapia en Guipuzcoa - Centro de salud, belleza y deporte\",\"publisher\":{\"@id\":\"https:\/\/la-perla.net\/#organization\"},\"potentialAction\":[{\"@type\":\"SearchAction\",\"target\":{\"@type\":\"EntryPoint\",\"urlTemplate\":\"https:\/\/la-perla.net\/?s={search_term_string}\"},\"query-input\":{\"@type\":\"PropertyValueSpecification\",\"valueRequired\":true,\"valueName\":\"search_term_string\"}}],\"inLanguage\":\"fr-FR\"},{\"@type\":\"Organization\",\"@id\":\"https:\/\/la-perla.net\/#organization\",\"name\":\"La Perla\",\"url\":\"https:\/\/la-perla.net\/\",\"logo\":{\"@type\":\"ImageObject\",\"inLanguage\":\"fr-FR\",\"@id\":\"https:\/\/la-perla.net\/#\/schema\/logo\/image\/\",\"url\":\"https:\/\/la-perla.net\/wp-content\/uploads\/2020\/09\/talasoterapia-la-perla.png\",\"contentUrl\":\"https:\/\/la-perla.net\/wp-content\/uploads\/2020\/09\/talasoterapia-la-perla.png\",\"width\":191,\"height\":51,\"caption\":\"La Perla\"},\"image\":{\"@id\":\"https:\/\/la-perla.net\/#\/schema\/logo\/image\/\"},\"sameAs\":[\"https:\/\/www.facebook.com\/laperladonosti\/\",\"https:\/\/x.com\/LaPerlaDonosti\",\"https:\/\/www.instagram.com\/laperladonosti\/?hl=es\",\"https:\/\/www.youtube.com\/channel\/UChQhp12N7Lg6ZrOcmAJAy4g\"]}]}<\/script>\n<!-- \/ Yoast SEO plugin. -->","yoast_head_json":{"title":"Consultations de physioth\u00e9rapie \u00e0 Donostia - Saint S\u00e9bastien | La Perla","description":"Consultations de physioth\u00e9rapie avec traitement indiqu\u00e9 par un physioth\u00e9rapeute qualifi\u00e9 avec le suivi et l'analyse correspondants afin que le patient puisse...","robots":{"index":"index","follow":"follow","max-snippet":"max-snippet:-1","max-image-preview":"max-image-preview:large","max-video-preview":"max-video-preview:-1"},"canonical":"https:\/\/la-perla.net\/fr\/produit\/consultation-de-suivi-kinesitherapie\/","og_locale":"fr_FR","og_type":"article","og_title":"Consultations de physioth\u00e9rapie \u00e0 Donostia - Saint S\u00e9bastien | La Perla","og_description":"Consultations de physioth\u00e9rapie avec traitement indiqu\u00e9 par un physioth\u00e9rapeute qualifi\u00e9 avec le suivi et l'analyse correspondants afin que le patient puisse...","og_url":"https:\/\/la-perla.net\/fr\/produit\/consultation-de-suivi-kinesitherapie\/","og_site_name":"Talasoterapia La Perla \u2022 San Sebasti\u00e1n - Donostia","article_publisher":"https:\/\/www.facebook.com\/laperladonosti\/","article_modified_time":"2025-02-27T14:31:37+00:00","og_image":[{"width":600,"height":424,"url":"https:\/\/la-perla.net\/wp-content\/uploads\/2012\/02\/01_Terapeutico-1.jpg","type":"image\/jpeg"}],"twitter_card":"summary_large_image","twitter_site":"@LaPerlaDonosti","schema":{"@context":"https:\/\/schema.org","@graph":[{"@type":"WebPage","@id":"https:\/\/la-perla.net\/fr\/produit\/consultation-de-suivi-kinesitherapie\/","url":"https:\/\/la-perla.net\/fr\/produit\/consultation-de-suivi-kinesitherapie\/","name":"Consultations de physioth\u00e9rapie \u00e0 Donostia - Saint S\u00e9bastien | La Perla","isPartOf":{"@id":"https:\/\/la-perla.net\/#website"},"primaryImageOfPage":{"@id":"https:\/\/la-perla.net\/fr\/produit\/consultation-de-suivi-kinesitherapie\/#primaryimage"},"image":{"@id":"https:\/\/la-perla.net\/fr\/produit\/consultation-de-suivi-kinesitherapie\/#primaryimage"},"thumbnailUrl":"https:\/\/la-perla.net\/wp-content\/uploads\/2012\/02\/01_Terapeutico-1.jpg","datePublished":"2017-09-07T07:05:01+00:00","dateModified":"2025-02-27T14:31:37+00:00","description":"Consultations de physioth\u00e9rapie avec traitement indiqu\u00e9 par un physioth\u00e9rapeute qualifi\u00e9 avec le suivi et l'analyse correspondants afin que le patient puisse...","breadcrumb":{"@id":"https:\/\/la-perla.net\/fr\/produit\/consultation-de-suivi-kinesitherapie\/#breadcrumb"},"inLanguage":"fr-FR","potentialAction":[{"@type":"ReadAction","target":["https:\/\/la-perla.net\/fr\/produit\/consultation-de-suivi-kinesitherapie\/"]}]},{"@type":"ImageObject","inLanguage":"fr-FR","@id":"https:\/\/la-perla.net\/fr\/produit\/consultation-de-suivi-kinesitherapie\/#primaryimage","url":"https:\/\/la-perla.net\/wp-content\/uploads\/2012\/02\/01_Terapeutico-1.jpg","contentUrl":"https:\/\/la-perla.net\/wp-content\/uploads\/2012\/02\/01_Terapeutico-1.jpg","width":600,"height":424,"caption":"Massage Th\u00e9rapeutique"},{"@type":"BreadcrumbList","@id":"https:\/\/la-perla.net\/fr\/produit\/consultation-de-suivi-kinesitherapie\/#breadcrumb","itemListElement":[{"@type":"ListItem","position":1,"name":"Portada","item":"https:\/\/la-perla.net\/fr\/"},{"@type":"ListItem","position":2,"name":"Boutique","item":"https:\/\/la-perla.net\/fr\/boutique\/"},{"@type":"ListItem","position":3,"name":"Kin\u00e9sith\u00e9rapie"}]},{"@type":"WebSite","@id":"https:\/\/la-perla.net\/#website","url":"https:\/\/la-perla.net\/","name":"Talasoterapia La Perla \u2022 San Sebasti\u00e1n - Donostia","description":"Talasoterapia en Guipuzcoa - Centro de salud, belleza y deporte","publisher":{"@id":"https:\/\/la-perla.net\/#organization"},"potentialAction":[{"@type":"SearchAction","target":{"@type":"EntryPoint","urlTemplate":"https:\/\/la-perla.net\/?s={search_term_string}"},"query-input":{"@type":"PropertyValueSpecification","valueRequired":true,"valueName":"search_term_string"}}],"inLanguage":"fr-FR"},{"@type":"Organization","@id":"https:\/\/la-perla.net\/#organization","name":"La Perla","url":"https:\/\/la-perla.net\/","logo":{"@type":"ImageObject","inLanguage":"fr-FR","@id":"https:\/\/la-perla.net\/#\/schema\/logo\/image\/","url":"https:\/\/la-perla.net\/wp-content\/uploads\/2020\/09\/talasoterapia-la-perla.png","contentUrl":"https:\/\/la-perla.net\/wp-content\/uploads\/2020\/09\/talasoterapia-la-perla.png","width":191,"height":51,"caption":"La Perla"},"image":{"@id":"https:\/\/la-perla.net\/#\/schema\/logo\/image\/"},"sameAs":["https:\/\/www.facebook.com\/laperladonosti\/","https:\/\/x.com\/LaPerlaDonosti","https:\/\/www.instagram.com\/laperladonosti\/?hl=es","https:\/\/www.youtube.com\/channel\/UChQhp12N7Lg6ZrOcmAJAy4g"]}]}},"_links":{"self":[{"href":"https:\/\/la-perla.net\/fr\/wp-json\/wp\/v2\/product\/55361"}],"collection":[{"href":"https:\/\/la-perla.net\/fr\/wp-json\/wp\/v2\/product"}],"about":[{"href":"https:\/\/la-perla.net\/fr\/wp-json\/wp\/v2\/types\/product"}],"wp:featuredmedia":[{"embeddable":true,"href":"https:\/\/la-perla.net\/fr\/wp-json\/wp\/v2\/media\/87009"}],"wp:attachment":[{"href":"https:\/\/la-perla.net\/fr\/wp-json\/wp\/v2\/media?parent=55361"}],"wp:term":[{"taxonomy":"product_brand","embeddable":true,"href":"https:\/\/la-perla.net\/fr\/wp-json\/wp\/v2\/product_brand?post=55361"},{"taxonomy":"product_cat","embeddable":true,"href":"https:\/\/la-perla.net\/fr\/wp-json\/wp\/v2\/product_cat?post=55361"},{"taxonomy":"product_tag","embeddable":true,"href":"https:\/\/la-perla.net\/fr\/wp-json\/wp\/v2\/product_tag?post=55361"}],"curies":[{"name":"wp","href":"https:\/\/api.w.org\/{rel}","templated":true}]}}