{"id":55380,"date":"2016-12-05T17:51:25","date_gmt":"2016-12-05T16:51:25","guid":{"rendered":"https:\/\/laperla21.wpengine.com\/la-perla-salud-estetica\/membre-thalasso-journee-complete-abonnement-mensuel\/"},"modified":"2024-10-10T16:10:06","modified_gmt":"2024-10-10T14:10:06","slug":"membre-thalasso-mensuel","status":"publish","type":"product","link":"https:\/\/la-perla.net\/fr\/produit\/membre-thalasso-mensuel\/","title":{"rendered":"Membre Thalasso du Lundi au Dimanche Mensuel"},"content":{"rendered":"<p>Membre du Circuit Thalasso Remise en Forme tous les jours de 8h00 \u00e0 21h30.<\/p>\n<p>\u00c9tablissement avec vue et acc\u00e8s direct \u00e0 la plage de la Concha.<\/p>\n<p class=\"p1\"><span class=\"s1\">Le Circuit Thalasso comprend :<\/span><\/p>\n<p><span class=\"s1\">&#8211; Piscine d\u2019hydroth\u00e9rapie<br \/>\n<\/span>&#8211; Piscine de relaxation<br \/>\n&#8211; Jacuzzi panoramique<br \/>\n&#8211; Piscine active (cours d\u2019aquagym et espace fitness)<br \/>\n&#8211; Labyrinthe de sensations<br \/>\n&#8211; Lits d\u2019eau<br \/>\n&#8211; Bain de vapeur marine<br \/>\n&#8211; Fontaine de glace<br \/>\n&#8211; Sauna sec<br \/>\n&#8211; Salle de relaxation<br \/>\n&#8211; Piscine et douches froides d\u2019eau de mer<br \/>\n&#8211; Lits de massage de repos<br \/>\n&#8211; Espace de repos<\/p>\n<p><span class=\"s1\">\u00c9tablissement avec vue et acc\u00e8s direct \u00e0 la plage.<\/span><\/p>\n","protected":false},"excerpt":{"rendered":"<p>Membre du Circuit Thalasso Remise en Forme tous les jours de 8h00 \u00e0 21h30. Le meilleur centre de thalassoth\u00e9rapie d\u2019Europe, un espace qui associe les bienfaits de l\u2019eau de mer \u00e0 la remise en forme.<\/p>\n","protected":false},"featured_media":86838,"template":"","meta":{"_genesis_hide_title":false,"_genesis_hide_breadcrumbs":false,"_genesis_hide_singular_image":false,"_genesis_hide_footer_widgets":false,"_genesis_custom_body_class":"","_genesis_custom_post_class":"","_genesis_layout":""},"product_brand":[],"product_cat":[992],"product_tag":[],"class_list":{"0":"post-55380","1":"product","2":"type-product","3":"status-publish","4":"has-post-thumbnail","6":"product_cat-tarifs-membres-circuit-spa","7":"product_shipping_class-bonos-y-vales-fr","8":"entry","10":"first","11":"instock","12":"shipping-taxable","13":"purchasable","14":"product-type-simple"},"yoast_head":"<!-- This site is optimized with the Yoast SEO plugin v25.6 - https:\/\/yoast.com\/wordpress\/plugins\/seo\/ -->\n<title>Membre Thalasso Mise en forme | Acc\u00e8s direct \u00e0 La Concha<\/title>\n<meta name=\"description\" content=\"Devenez membre de la thalassoth\u00e9rapie La Perla \u00e0 Saint-S\u00e9bastien - Donostia et acc\u00e9dez \u00e0 tout moment de la journ\u00e9e de 8h30 \u00e0 21h00, 7 jours sur 7.\" \/>\n<meta name=\"robots\" content=\"index, follow, max-snippet:-1, max-image-preview:large, max-video-preview:-1\" \/>\n<link rel=\"canonical\" href=\"https:\/\/la-perla.net\/fr\/produit\/membre-thalasso-mensuel\/\" \/>\n<meta property=\"og:locale\" content=\"fr_FR\" \/>\n<meta property=\"og:type\" content=\"article\" \/>\n<meta property=\"og:title\" content=\"Membre Thalasso Mise en forme | Acc\u00e8s direct \u00e0 La Concha\" \/>\n<meta property=\"og:description\" content=\"Devenez membre de la thalassoth\u00e9rapie La Perla \u00e0 Saint-S\u00e9bastien - Donostia et acc\u00e9dez \u00e0 tout moment de la journ\u00e9e de 8h30 \u00e0 21h00, 7 jours sur 7.\" \/>\n<meta property=\"og:url\" content=\"https:\/\/la-perla.net\/fr\/produit\/membre-thalasso-mensuel\/\" \/>\n<meta property=\"og:site_name\" content=\"Talasoterapia La Perla \u2022 San Sebasti\u00e1n - Donostia\" \/>\n<meta property=\"article:publisher\" content=\"https:\/\/www.facebook.com\/laperladonosti\/\" \/>\n<meta property=\"article:modified_time\" content=\"2024-10-10T14:10:06+00:00\" \/>\n<meta property=\"og:image\" content=\"https:\/\/la-perla.net\/wp-content\/uploads\/2017\/08\/03_Entrada-bono.jpg\" \/>\n\t<meta property=\"og:image:width\" content=\"400\" \/>\n\t<meta property=\"og:image:height\" content=\"267\" \/>\n\t<meta property=\"og:image:type\" content=\"image\/jpeg\" \/>\n<meta name=\"twitter:card\" content=\"summary_large_image\" \/>\n<meta name=\"twitter:site\" content=\"@LaPerlaDonosti\" \/>\n<meta name=\"twitter:label1\" content=\"Dur\u00e9e de lecture estim\u00e9e\" \/>\n\t<meta name=\"twitter:data1\" content=\"1 minute\" \/>\n<script type=\"application\/ld+json\" class=\"yoast-schema-graph\">{\"@context\":\"https:\/\/schema.org\",\"@graph\":[{\"@type\":\"WebPage\",\"@id\":\"https:\/\/la-perla.net\/fr\/produit\/membre-thalasso-mensuel\/\",\"url\":\"https:\/\/la-perla.net\/fr\/produit\/membre-thalasso-mensuel\/\",\"name\":\"Membre Thalasso Mise en forme | Acc\u00e8s direct \u00e0 La Concha\",\"isPartOf\":{\"@id\":\"https:\/\/la-perla.net\/#website\"},\"primaryImageOfPage\":{\"@id\":\"https:\/\/la-perla.net\/fr\/produit\/membre-thalasso-mensuel\/#primaryimage\"},\"image\":{\"@id\":\"https:\/\/la-perla.net\/fr\/produit\/membre-thalasso-mensuel\/#primaryimage\"},\"thumbnailUrl\":\"https:\/\/la-perla.net\/wp-content\/uploads\/2017\/08\/03_Entrada-bono.jpg\",\"datePublished\":\"2016-12-05T16:51:25+00:00\",\"dateModified\":\"2024-10-10T14:10:06+00:00\",\"description\":\"Devenez membre de la thalassoth\u00e9rapie La Perla \u00e0 Saint-S\u00e9bastien - Donostia et acc\u00e9dez \u00e0 tout moment de la journ\u00e9e de 8h30 \u00e0 21h00, 7 jours sur 7.\",\"breadcrumb\":{\"@id\":\"https:\/\/la-perla.net\/fr\/produit\/membre-thalasso-mensuel\/#breadcrumb\"},\"inLanguage\":\"fr-FR\",\"potentialAction\":[{\"@type\":\"ReadAction\",\"target\":[\"https:\/\/la-perla.net\/fr\/produit\/membre-thalasso-mensuel\/\"]}]},{\"@type\":\"ImageObject\",\"inLanguage\":\"fr-FR\",\"@id\":\"https:\/\/la-perla.net\/fr\/produit\/membre-thalasso-mensuel\/#primaryimage\",\"url\":\"https:\/\/la-perla.net\/wp-content\/uploads\/2017\/08\/03_Entrada-bono.jpg\",\"contentUrl\":\"https:\/\/la-perla.net\/wp-content\/uploads\/2017\/08\/03_Entrada-bono.jpg\",\"width\":400,\"height\":267},{\"@type\":\"BreadcrumbList\",\"@id\":\"https:\/\/la-perla.net\/fr\/produit\/membre-thalasso-mensuel\/#breadcrumb\",\"itemListElement\":[{\"@type\":\"ListItem\",\"position\":1,\"name\":\"Portada\",\"item\":\"https:\/\/la-perla.net\/fr\/\"},{\"@type\":\"ListItem\",\"position\":2,\"name\":\"Boutique\",\"item\":\"https:\/\/la-perla.net\/fr\/boutique\/\"},{\"@type\":\"ListItem\",\"position\":3,\"name\":\"Membre Thalasso du Lundi au Dimanche Mensuel\"}]},{\"@type\":\"WebSite\",\"@id\":\"https:\/\/la-perla.net\/#website\",\"url\":\"https:\/\/la-perla.net\/\",\"name\":\"Talasoterapia La Perla \u2022 San Sebasti\u00e1n - Donostia\",\"description\":\"Talasoterapia en Guipuzcoa - Centro de salud, belleza y deporte\",\"publisher\":{\"@id\":\"https:\/\/la-perla.net\/#organization\"},\"potentialAction\":[{\"@type\":\"SearchAction\",\"target\":{\"@type\":\"EntryPoint\",\"urlTemplate\":\"https:\/\/la-perla.net\/?s={search_term_string}\"},\"query-input\":{\"@type\":\"PropertyValueSpecification\",\"valueRequired\":true,\"valueName\":\"search_term_string\"}}],\"inLanguage\":\"fr-FR\"},{\"@type\":\"Organization\",\"@id\":\"https:\/\/la-perla.net\/#organization\",\"name\":\"La Perla\",\"url\":\"https:\/\/la-perla.net\/\",\"logo\":{\"@type\":\"ImageObject\",\"inLanguage\":\"fr-FR\",\"@id\":\"https:\/\/la-perla.net\/#\/schema\/logo\/image\/\",\"url\":\"https:\/\/la-perla.net\/wp-content\/uploads\/2020\/09\/talasoterapia-la-perla.png\",\"contentUrl\":\"https:\/\/la-perla.net\/wp-content\/uploads\/2020\/09\/talasoterapia-la-perla.png\",\"width\":191,\"height\":51,\"caption\":\"La Perla\"},\"image\":{\"@id\":\"https:\/\/la-perla.net\/#\/schema\/logo\/image\/\"},\"sameAs\":[\"https:\/\/www.facebook.com\/laperladonosti\/\",\"https:\/\/x.com\/LaPerlaDonosti\",\"https:\/\/www.instagram.com\/laperladonosti\/?hl=es\",\"https:\/\/www.youtube.com\/channel\/UChQhp12N7Lg6ZrOcmAJAy4g\"]}]}<\/script>\n<!-- \/ Yoast SEO plugin. -->","yoast_head_json":{"title":"Membre Thalasso Mise en forme | Acc\u00e8s direct \u00e0 La Concha","description":"Devenez membre de la thalassoth\u00e9rapie La Perla \u00e0 Saint-S\u00e9bastien - Donostia et acc\u00e9dez \u00e0 tout moment de la journ\u00e9e de 8h30 \u00e0 21h00, 7 jours sur 7.","robots":{"index":"index","follow":"follow","max-snippet":"max-snippet:-1","max-image-preview":"max-image-preview:large","max-video-preview":"max-video-preview:-1"},"canonical":"https:\/\/la-perla.net\/fr\/produit\/membre-thalasso-mensuel\/","og_locale":"fr_FR","og_type":"article","og_title":"Membre Thalasso Mise en forme | Acc\u00e8s direct \u00e0 La Concha","og_description":"Devenez membre de la thalassoth\u00e9rapie La Perla \u00e0 Saint-S\u00e9bastien - Donostia et acc\u00e9dez \u00e0 tout moment de la journ\u00e9e de 8h30 \u00e0 21h00, 7 jours sur 7.","og_url":"https:\/\/la-perla.net\/fr\/produit\/membre-thalasso-mensuel\/","og_site_name":"Talasoterapia La Perla \u2022 San Sebasti\u00e1n - Donostia","article_publisher":"https:\/\/www.facebook.com\/laperladonosti\/","article_modified_time":"2024-10-10T14:10:06+00:00","og_image":[{"width":400,"height":267,"url":"https:\/\/la-perla.net\/wp-content\/uploads\/2017\/08\/03_Entrada-bono.jpg","type":"image\/jpeg"}],"twitter_card":"summary_large_image","twitter_site":"@LaPerlaDonosti","twitter_misc":{"Dur\u00e9e de lecture estim\u00e9e":"1 minute"},"schema":{"@context":"https:\/\/schema.org","@graph":[{"@type":"WebPage","@id":"https:\/\/la-perla.net\/fr\/produit\/membre-thalasso-mensuel\/","url":"https:\/\/la-perla.net\/fr\/produit\/membre-thalasso-mensuel\/","name":"Membre Thalasso Mise en forme | Acc\u00e8s direct \u00e0 La Concha","isPartOf":{"@id":"https:\/\/la-perla.net\/#website"},"primaryImageOfPage":{"@id":"https:\/\/la-perla.net\/fr\/produit\/membre-thalasso-mensuel\/#primaryimage"},"image":{"@id":"https:\/\/la-perla.net\/fr\/produit\/membre-thalasso-mensuel\/#primaryimage"},"thumbnailUrl":"https:\/\/la-perla.net\/wp-content\/uploads\/2017\/08\/03_Entrada-bono.jpg","datePublished":"2016-12-05T16:51:25+00:00","dateModified":"2024-10-10T14:10:06+00:00","description":"Devenez membre de la thalassoth\u00e9rapie La Perla \u00e0 Saint-S\u00e9bastien - Donostia et acc\u00e9dez \u00e0 tout moment de la journ\u00e9e de 8h30 \u00e0 21h00, 7 jours sur 7.","breadcrumb":{"@id":"https:\/\/la-perla.net\/fr\/produit\/membre-thalasso-mensuel\/#breadcrumb"},"inLanguage":"fr-FR","potentialAction":[{"@type":"ReadAction","target":["https:\/\/la-perla.net\/fr\/produit\/membre-thalasso-mensuel\/"]}]},{"@type":"ImageObject","inLanguage":"fr-FR","@id":"https:\/\/la-perla.net\/fr\/produit\/membre-thalasso-mensuel\/#primaryimage","url":"https:\/\/la-perla.net\/wp-content\/uploads\/2017\/08\/03_Entrada-bono.jpg","contentUrl":"https:\/\/la-perla.net\/wp-content\/uploads\/2017\/08\/03_Entrada-bono.jpg","width":400,"height":267},{"@type":"BreadcrumbList","@id":"https:\/\/la-perla.net\/fr\/produit\/membre-thalasso-mensuel\/#breadcrumb","itemListElement":[{"@type":"ListItem","position":1,"name":"Portada","item":"https:\/\/la-perla.net\/fr\/"},{"@type":"ListItem","position":2,"name":"Boutique","item":"https:\/\/la-perla.net\/fr\/boutique\/"},{"@type":"ListItem","position":3,"name":"Membre Thalasso du Lundi au Dimanche Mensuel"}]},{"@type":"WebSite","@id":"https:\/\/la-perla.net\/#website","url":"https:\/\/la-perla.net\/","name":"Talasoterapia La Perla \u2022 San Sebasti\u00e1n - Donostia","description":"Talasoterapia en Guipuzcoa - Centro de salud, belleza y deporte","publisher":{"@id":"https:\/\/la-perla.net\/#organization"},"potentialAction":[{"@type":"SearchAction","target":{"@type":"EntryPoint","urlTemplate":"https:\/\/la-perla.net\/?s={search_term_string}"},"query-input":{"@type":"PropertyValueSpecification","valueRequired":true,"valueName":"search_term_string"}}],"inLanguage":"fr-FR"},{"@type":"Organization","@id":"https:\/\/la-perla.net\/#organization","name":"La Perla","url":"https:\/\/la-perla.net\/","logo":{"@type":"ImageObject","inLanguage":"fr-FR","@id":"https:\/\/la-perla.net\/#\/schema\/logo\/image\/","url":"https:\/\/la-perla.net\/wp-content\/uploads\/2020\/09\/talasoterapia-la-perla.png","contentUrl":"https:\/\/la-perla.net\/wp-content\/uploads\/2020\/09\/talasoterapia-la-perla.png","width":191,"height":51,"caption":"La Perla"},"image":{"@id":"https:\/\/la-perla.net\/#\/schema\/logo\/image\/"},"sameAs":["https:\/\/www.facebook.com\/laperladonosti\/","https:\/\/x.com\/LaPerlaDonosti","https:\/\/www.instagram.com\/laperladonosti\/?hl=es","https:\/\/www.youtube.com\/channel\/UChQhp12N7Lg6ZrOcmAJAy4g"]}]}},"_links":{"self":[{"href":"https:\/\/la-perla.net\/fr\/wp-json\/wp\/v2\/product\/55380"}],"collection":[{"href":"https:\/\/la-perla.net\/fr\/wp-json\/wp\/v2\/product"}],"about":[{"href":"https:\/\/la-perla.net\/fr\/wp-json\/wp\/v2\/types\/product"}],"wp:featuredmedia":[{"embeddable":true,"href":"https:\/\/la-perla.net\/fr\/wp-json\/wp\/v2\/media\/86838"}],"wp:attachment":[{"href":"https:\/\/la-perla.net\/fr\/wp-json\/wp\/v2\/media?parent=55380"}],"wp:term":[{"taxonomy":"product_brand","embeddable":true,"href":"https:\/\/la-perla.net\/fr\/wp-json\/wp\/v2\/product_brand?post=55380"},{"taxonomy":"product_cat","embeddable":true,"href":"https:\/\/la-perla.net\/fr\/wp-json\/wp\/v2\/product_cat?post=55380"},{"taxonomy":"product_tag","embeddable":true,"href":"https:\/\/la-perla.net\/fr\/wp-json\/wp\/v2\/product_tag?post=55380"}],"curies":[{"name":"wp","href":"https:\/\/api.w.org\/{rel}","templated":true}]}}