{"id":55393,"date":"2016-12-05T17:30:47","date_gmt":"2016-12-05T16:30:47","guid":{"rendered":"https:\/\/laperla21.wpengine.com\/la-perla-salud-estetica\/entrainement-personnel-avec-une-combinaison-delectrostimulation\/"},"modified":"2024-06-06T13:45:16","modified_gmt":"2024-06-06T11:45:16","slug":"entrainement-personnel-avec-une-combinaison-delectrostimulation","status":"publish","type":"product","link":"https:\/\/la-perla.net\/fr\/produit\/entrainement-personnel-avec-une-combinaison-delectrostimulation\/","title":{"rendered":"Entra\u00eenement personnel avec une combinaison d\u2019\u00e9lectrostimulation."},"content":{"rendered":"<p>S\u00e9ance d\u2019utilisation d\u2019un syst\u00e8me d\u2019\u00e9lectrostimulation musculaire dirig\u00e9e par un entra\u00eeneur personnel. Pour d\u00e9velopper votre tonus, votre force et votre r\u00e9sistance musculaire. Id\u00e9al en alternance avec un entra\u00eenement conventionnel.<\/p>\n<p>Dur\u00e9e: 30 mn.<\/p>\n<p>S\u00e9ance individuelle\u00a0\/ Bon pour 5 s\u00e9ances\u00a0\/ bon pour 10 s\u00e9ances<\/p>\n<p>*Consulter nos tarifs membres et les options compl\u00e9mentaires.<\/p>\n<p>*Validit\u00e9: tous nos bons et nos entr\u00e9es sont valables 3\u00a0ans.<\/p>\n","protected":false},"excerpt":{"rendered":"<p>Vous pourrez utiliser une combinaison d\u2019\u00e9lectrostimulation pour une s\u00e9ance avec un entra\u00eeneur personnel afin de renforcer vos muscles.<\/p>\n","protected":false},"featured_media":54047,"template":"","meta":{"_genesis_hide_title":false,"_genesis_hide_breadcrumbs":false,"_genesis_hide_singular_image":false,"_genesis_hide_footer_widgets":false,"_genesis_custom_body_class":"","_genesis_custom_post_class":"","_genesis_layout":""},"product_brand":[],"product_cat":[1003],"product_tag":[],"class_list":{"0":"post-55393","1":"product","2":"type-product","3":"status-publish","4":"has-post-thumbnail","6":"product_cat-non-categorise","7":"entry","9":"first","10":"instock","11":"shipping-taxable","12":"product-type-variable"},"yoast_head":"<!-- This site is optimized with the Yoast SEO plugin v25.6 - https:\/\/yoast.com\/wordpress\/plugins\/seo\/ -->\n<title>Formations Personnalis\u00e9es \u2022 La Perla Thalassoth\u00e9rapie<\/title>\n<meta name=\"description\" content=\"B\u00e9n\u00e9ficiez d&#039;un traitement personnalis\u00e9 accompagn\u00e9 d&#039;un syst\u00e8me d&#039;\u00e9lectrostimulation musculaire, venez d\u00e9couvrir nos offres !\" \/>\n<meta name=\"robots\" content=\"index, follow, max-snippet:-1, max-image-preview:large, max-video-preview:-1\" \/>\n<link rel=\"canonical\" href=\"https:\/\/la-perla.net\/fr\/produit\/entrainement-personnel-avec-une-combinaison-delectrostimulation\/\" \/>\n<meta property=\"og:locale\" content=\"fr_FR\" \/>\n<meta property=\"og:type\" content=\"article\" \/>\n<meta property=\"og:title\" content=\"Formations Personnalis\u00e9es \u2022 La Perla Thalassoth\u00e9rapie\" \/>\n<meta property=\"og:description\" content=\"B\u00e9n\u00e9ficiez d&#039;un traitement personnalis\u00e9 accompagn\u00e9 d&#039;un syst\u00e8me d&#039;\u00e9lectrostimulation musculaire, venez d\u00e9couvrir nos offres !\" \/>\n<meta property=\"og:url\" content=\"https:\/\/la-perla.net\/fr\/produit\/entrainement-personnel-avec-une-combinaison-delectrostimulation\/\" \/>\n<meta property=\"og:site_name\" content=\"Talasoterapia La Perla \u2022 San Sebasti\u00e1n - Donostia\" \/>\n<meta property=\"article:publisher\" content=\"https:\/\/www.facebook.com\/laperladonosti\/\" \/>\n<meta property=\"article:modified_time\" content=\"2024-06-06T11:45:16+00:00\" \/>\n<meta property=\"og:image\" content=\"https:\/\/la-perla.net\/wp-content\/uploads\/2019\/11\/entrana-personal-electroestimulacion-1.jpg\" \/>\n\t<meta property=\"og:image:width\" content=\"600\" \/>\n\t<meta property=\"og:image:height\" content=\"400\" \/>\n\t<meta property=\"og:image:type\" content=\"image\/jpeg\" \/>\n<meta name=\"twitter:card\" content=\"summary_large_image\" \/>\n<meta name=\"twitter:site\" content=\"@LaPerlaDonosti\" \/>\n<meta name=\"twitter:label1\" content=\"Dur\u00e9e de lecture estim\u00e9e\" \/>\n\t<meta name=\"twitter:data1\" content=\"1 minute\" \/>\n<script type=\"application\/ld+json\" class=\"yoast-schema-graph\">{\"@context\":\"https:\/\/schema.org\",\"@graph\":[{\"@type\":\"WebPage\",\"@id\":\"https:\/\/la-perla.net\/fr\/produit\/entrainement-personnel-avec-une-combinaison-delectrostimulation\/\",\"url\":\"https:\/\/la-perla.net\/fr\/produit\/entrainement-personnel-avec-une-combinaison-delectrostimulation\/\",\"name\":\"Formations Personnalis\u00e9es \u2022 La Perla Thalassoth\u00e9rapie\",\"isPartOf\":{\"@id\":\"https:\/\/la-perla.net\/#website\"},\"primaryImageOfPage\":{\"@id\":\"https:\/\/la-perla.net\/fr\/produit\/entrainement-personnel-avec-une-combinaison-delectrostimulation\/#primaryimage\"},\"image\":{\"@id\":\"https:\/\/la-perla.net\/fr\/produit\/entrainement-personnel-avec-une-combinaison-delectrostimulation\/#primaryimage\"},\"thumbnailUrl\":\"https:\/\/la-perla.net\/wp-content\/uploads\/2019\/11\/entrana-personal-electroestimulacion-1.jpg\",\"datePublished\":\"2016-12-05T16:30:47+00:00\",\"dateModified\":\"2024-06-06T11:45:16+00:00\",\"description\":\"B\u00e9n\u00e9ficiez d'un traitement personnalis\u00e9 accompagn\u00e9 d'un syst\u00e8me d'\u00e9lectrostimulation musculaire, venez d\u00e9couvrir nos offres !\",\"breadcrumb\":{\"@id\":\"https:\/\/la-perla.net\/fr\/produit\/entrainement-personnel-avec-une-combinaison-delectrostimulation\/#breadcrumb\"},\"inLanguage\":\"fr-FR\",\"potentialAction\":[{\"@type\":\"ReadAction\",\"target\":[\"https:\/\/la-perla.net\/fr\/produit\/entrainement-personnel-avec-une-combinaison-delectrostimulation\/\"]}]},{\"@type\":\"ImageObject\",\"inLanguage\":\"fr-FR\",\"@id\":\"https:\/\/la-perla.net\/fr\/produit\/entrainement-personnel-avec-une-combinaison-delectrostimulation\/#primaryimage\",\"url\":\"https:\/\/la-perla.net\/wp-content\/uploads\/2019\/11\/entrana-personal-electroestimulacion-1.jpg\",\"contentUrl\":\"https:\/\/la-perla.net\/wp-content\/uploads\/2019\/11\/entrana-personal-electroestimulacion-1.jpg\",\"width\":600,\"height\":400,\"caption\":\"Formations Personnalis\u00e9es\"},{\"@type\":\"BreadcrumbList\",\"@id\":\"https:\/\/la-perla.net\/fr\/produit\/entrainement-personnel-avec-une-combinaison-delectrostimulation\/#breadcrumb\",\"itemListElement\":[{\"@type\":\"ListItem\",\"position\":1,\"name\":\"Portada\",\"item\":\"https:\/\/la-perla.net\/fr\/\"},{\"@type\":\"ListItem\",\"position\":2,\"name\":\"Boutique\",\"item\":\"https:\/\/la-perla.net\/fr\/boutique\/\"},{\"@type\":\"ListItem\",\"position\":3,\"name\":\"Entra\u00eenement personnel avec une combinaison d\u2019\u00e9lectrostimulation.\"}]},{\"@type\":\"WebSite\",\"@id\":\"https:\/\/la-perla.net\/#website\",\"url\":\"https:\/\/la-perla.net\/\",\"name\":\"Talasoterapia La Perla \u2022 San Sebasti\u00e1n - Donostia\",\"description\":\"Talasoterapia en Guipuzcoa - Centro de salud, belleza y deporte\",\"publisher\":{\"@id\":\"https:\/\/la-perla.net\/#organization\"},\"potentialAction\":[{\"@type\":\"SearchAction\",\"target\":{\"@type\":\"EntryPoint\",\"urlTemplate\":\"https:\/\/la-perla.net\/?s={search_term_string}\"},\"query-input\":{\"@type\":\"PropertyValueSpecification\",\"valueRequired\":true,\"valueName\":\"search_term_string\"}}],\"inLanguage\":\"fr-FR\"},{\"@type\":\"Organization\",\"@id\":\"https:\/\/la-perla.net\/#organization\",\"name\":\"La Perla\",\"url\":\"https:\/\/la-perla.net\/\",\"logo\":{\"@type\":\"ImageObject\",\"inLanguage\":\"fr-FR\",\"@id\":\"https:\/\/la-perla.net\/#\/schema\/logo\/image\/\",\"url\":\"https:\/\/la-perla.net\/wp-content\/uploads\/2020\/09\/talasoterapia-la-perla.png\",\"contentUrl\":\"https:\/\/la-perla.net\/wp-content\/uploads\/2020\/09\/talasoterapia-la-perla.png\",\"width\":191,\"height\":51,\"caption\":\"La Perla\"},\"image\":{\"@id\":\"https:\/\/la-perla.net\/#\/schema\/logo\/image\/\"},\"sameAs\":[\"https:\/\/www.facebook.com\/laperladonosti\/\",\"https:\/\/x.com\/LaPerlaDonosti\",\"https:\/\/www.instagram.com\/laperladonosti\/?hl=es\",\"https:\/\/www.youtube.com\/channel\/UChQhp12N7Lg6ZrOcmAJAy4g\"]}]}<\/script>\n<!-- \/ Yoast SEO plugin. -->","yoast_head_json":{"title":"Formations Personnalis\u00e9es \u2022 La Perla Thalassoth\u00e9rapie","description":"B\u00e9n\u00e9ficiez d'un traitement personnalis\u00e9 accompagn\u00e9 d'un syst\u00e8me d'\u00e9lectrostimulation musculaire, venez d\u00e9couvrir nos offres !","robots":{"index":"index","follow":"follow","max-snippet":"max-snippet:-1","max-image-preview":"max-image-preview:large","max-video-preview":"max-video-preview:-1"},"canonical":"https:\/\/la-perla.net\/fr\/produit\/entrainement-personnel-avec-une-combinaison-delectrostimulation\/","og_locale":"fr_FR","og_type":"article","og_title":"Formations Personnalis\u00e9es \u2022 La Perla Thalassoth\u00e9rapie","og_description":"B\u00e9n\u00e9ficiez d'un traitement personnalis\u00e9 accompagn\u00e9 d'un syst\u00e8me d'\u00e9lectrostimulation musculaire, venez d\u00e9couvrir nos offres !","og_url":"https:\/\/la-perla.net\/fr\/produit\/entrainement-personnel-avec-une-combinaison-delectrostimulation\/","og_site_name":"Talasoterapia La Perla \u2022 San Sebasti\u00e1n - Donostia","article_publisher":"https:\/\/www.facebook.com\/laperladonosti\/","article_modified_time":"2024-06-06T11:45:16+00:00","og_image":[{"width":600,"height":400,"url":"https:\/\/la-perla.net\/wp-content\/uploads\/2019\/11\/entrana-personal-electroestimulacion-1.jpg","type":"image\/jpeg"}],"twitter_card":"summary_large_image","twitter_site":"@LaPerlaDonosti","twitter_misc":{"Dur\u00e9e de lecture estim\u00e9e":"1 minute"},"schema":{"@context":"https:\/\/schema.org","@graph":[{"@type":"WebPage","@id":"https:\/\/la-perla.net\/fr\/produit\/entrainement-personnel-avec-une-combinaison-delectrostimulation\/","url":"https:\/\/la-perla.net\/fr\/produit\/entrainement-personnel-avec-une-combinaison-delectrostimulation\/","name":"Formations Personnalis\u00e9es \u2022 La Perla Thalassoth\u00e9rapie","isPartOf":{"@id":"https:\/\/la-perla.net\/#website"},"primaryImageOfPage":{"@id":"https:\/\/la-perla.net\/fr\/produit\/entrainement-personnel-avec-une-combinaison-delectrostimulation\/#primaryimage"},"image":{"@id":"https:\/\/la-perla.net\/fr\/produit\/entrainement-personnel-avec-une-combinaison-delectrostimulation\/#primaryimage"},"thumbnailUrl":"https:\/\/la-perla.net\/wp-content\/uploads\/2019\/11\/entrana-personal-electroestimulacion-1.jpg","datePublished":"2016-12-05T16:30:47+00:00","dateModified":"2024-06-06T11:45:16+00:00","description":"B\u00e9n\u00e9ficiez d'un traitement personnalis\u00e9 accompagn\u00e9 d'un syst\u00e8me d'\u00e9lectrostimulation musculaire, venez d\u00e9couvrir nos offres !","breadcrumb":{"@id":"https:\/\/la-perla.net\/fr\/produit\/entrainement-personnel-avec-une-combinaison-delectrostimulation\/#breadcrumb"},"inLanguage":"fr-FR","potentialAction":[{"@type":"ReadAction","target":["https:\/\/la-perla.net\/fr\/produit\/entrainement-personnel-avec-une-combinaison-delectrostimulation\/"]}]},{"@type":"ImageObject","inLanguage":"fr-FR","@id":"https:\/\/la-perla.net\/fr\/produit\/entrainement-personnel-avec-une-combinaison-delectrostimulation\/#primaryimage","url":"https:\/\/la-perla.net\/wp-content\/uploads\/2019\/11\/entrana-personal-electroestimulacion-1.jpg","contentUrl":"https:\/\/la-perla.net\/wp-content\/uploads\/2019\/11\/entrana-personal-electroestimulacion-1.jpg","width":600,"height":400,"caption":"Formations Personnalis\u00e9es"},{"@type":"BreadcrumbList","@id":"https:\/\/la-perla.net\/fr\/produit\/entrainement-personnel-avec-une-combinaison-delectrostimulation\/#breadcrumb","itemListElement":[{"@type":"ListItem","position":1,"name":"Portada","item":"https:\/\/la-perla.net\/fr\/"},{"@type":"ListItem","position":2,"name":"Boutique","item":"https:\/\/la-perla.net\/fr\/boutique\/"},{"@type":"ListItem","position":3,"name":"Entra\u00eenement personnel avec une combinaison d\u2019\u00e9lectrostimulation."}]},{"@type":"WebSite","@id":"https:\/\/la-perla.net\/#website","url":"https:\/\/la-perla.net\/","name":"Talasoterapia La Perla \u2022 San Sebasti\u00e1n - Donostia","description":"Talasoterapia en Guipuzcoa - Centro de salud, belleza y deporte","publisher":{"@id":"https:\/\/la-perla.net\/#organization"},"potentialAction":[{"@type":"SearchAction","target":{"@type":"EntryPoint","urlTemplate":"https:\/\/la-perla.net\/?s={search_term_string}"},"query-input":{"@type":"PropertyValueSpecification","valueRequired":true,"valueName":"search_term_string"}}],"inLanguage":"fr-FR"},{"@type":"Organization","@id":"https:\/\/la-perla.net\/#organization","name":"La Perla","url":"https:\/\/la-perla.net\/","logo":{"@type":"ImageObject","inLanguage":"fr-FR","@id":"https:\/\/la-perla.net\/#\/schema\/logo\/image\/","url":"https:\/\/la-perla.net\/wp-content\/uploads\/2020\/09\/talasoterapia-la-perla.png","contentUrl":"https:\/\/la-perla.net\/wp-content\/uploads\/2020\/09\/talasoterapia-la-perla.png","width":191,"height":51,"caption":"La Perla"},"image":{"@id":"https:\/\/la-perla.net\/#\/schema\/logo\/image\/"},"sameAs":["https:\/\/www.facebook.com\/laperladonosti\/","https:\/\/x.com\/LaPerlaDonosti","https:\/\/www.instagram.com\/laperladonosti\/?hl=es","https:\/\/www.youtube.com\/channel\/UChQhp12N7Lg6ZrOcmAJAy4g"]}]}},"_links":{"self":[{"href":"https:\/\/la-perla.net\/fr\/wp-json\/wp\/v2\/product\/55393"}],"collection":[{"href":"https:\/\/la-perla.net\/fr\/wp-json\/wp\/v2\/product"}],"about":[{"href":"https:\/\/la-perla.net\/fr\/wp-json\/wp\/v2\/types\/product"}],"wp:featuredmedia":[{"embeddable":true,"href":"https:\/\/la-perla.net\/fr\/wp-json\/wp\/v2\/media\/54047"}],"wp:attachment":[{"href":"https:\/\/la-perla.net\/fr\/wp-json\/wp\/v2\/media?parent=55393"}],"wp:term":[{"taxonomy":"product_brand","embeddable":true,"href":"https:\/\/la-perla.net\/fr\/wp-json\/wp\/v2\/product_brand?post=55393"},{"taxonomy":"product_cat","embeddable":true,"href":"https:\/\/la-perla.net\/fr\/wp-json\/wp\/v2\/product_cat?post=55393"},{"taxonomy":"product_tag","embeddable":true,"href":"https:\/\/la-perla.net\/fr\/wp-json\/wp\/v2\/product_tag?post=55393"}],"curies":[{"name":"wp","href":"https:\/\/api.w.org\/{rel}","templated":true}]}}