{"id":55405,"date":"2016-12-05T17:28:49","date_gmt":"2016-12-05T16:28:49","guid":{"rendered":"https:\/\/laperla21.wpengine.com\/la-perla-salud-estetica\/seance-dentrainement-personnel\/"},"modified":"2024-11-19T15:26:23","modified_gmt":"2024-11-19T14:26:23","slug":"seance-entrainement-personnel","status":"publish","type":"product","link":"https:\/\/la-perla.net\/fr\/produit\/seance-entrainement-personnel\/","title":{"rendered":"Entra\u00eenement personnel"},"content":{"rendered":"<p>Entra\u00eenement individuel adapt\u00e9 \u00e0 vos objectifs et dirig\u00e9 par un entra\u00eeneur personnel. Votre \u00e9tat physique est pr\u00e9alablement \u00e9valu\u00e9 afin de vous conseiller le programme qui convient le mieux \u00e0 vos besoins.<\/p>\n","protected":false},"excerpt":{"rendered":"<p>Faites confiance \u00e0 notre entra\u00eeneur personnel et s\u00e9lectionnez le programme qui convient le mieux \u00e0 votre \u00e9tat physique et \u00e0 vos besoins.<\/p>\n","protected":false},"featured_media":86886,"template":"","meta":{"_genesis_hide_title":false,"_genesis_hide_breadcrumbs":false,"_genesis_hide_singular_image":false,"_genesis_hide_footer_widgets":false,"_genesis_custom_body_class":"","_genesis_custom_post_class":"","_genesis_layout":""},"product_brand":[],"product_cat":[899],"product_tag":[],"class_list":{"0":"post-55405","1":"product","2":"type-product","3":"status-publish","4":"has-post-thumbnail","6":"product_cat-entrees-et-bons","7":"product_shipping_class-bonos-y-vales-fr","8":"entry","10":"first","11":"instock","12":"shipping-taxable","13":"purchasable","14":"product-type-variable","15":"has-default-attributes"},"yoast_head":"<!-- This site is optimized with the Yoast SEO plugin v25.6 - https:\/\/yoast.com\/wordpress\/plugins\/seo\/ -->\n<title>Entra\u00eeneur personnel \u00e0 Donostia - Saint-S\u00e9bastien- Thalassoth\u00e9rapie La Perla<\/title>\n<meta name=\"description\" content=\"Vous avez des s\u00e9ances d&#039;une heure avec un entra\u00eeneur personnel \u00e0 Donostia qui vous aidera \u00e0 atteindre vos objectifs.\" \/>\n<meta name=\"robots\" content=\"index, follow, max-snippet:-1, max-image-preview:large, max-video-preview:-1\" \/>\n<link rel=\"canonical\" href=\"https:\/\/la-perla.net\/produit\/sesion-entrenador-personal\/\" \/>\n<meta property=\"og:locale\" content=\"fr_FR\" \/>\n<meta property=\"og:type\" content=\"article\" \/>\n<meta property=\"og:title\" content=\"Entra\u00eeneur personnel \u00e0 Donostia - Saint-S\u00e9bastien- Thalassoth\u00e9rapie La Perla\" \/>\n<meta property=\"og:description\" content=\"Vous avez des s\u00e9ances d&#039;une heure avec un entra\u00eeneur personnel \u00e0 Donostia qui vous aidera \u00e0 atteindre vos objectifs.\" \/>\n<meta property=\"og:url\" content=\"https:\/\/la-perla.net\/produit\/sesion-entrenador-personal\/\" \/>\n<meta property=\"og:site_name\" content=\"Talasoterapia La Perla \u2022 San Sebasti\u00e1n - Donostia\" \/>\n<meta property=\"article:publisher\" content=\"https:\/\/www.facebook.com\/laperladonosti\/\" \/>\n<meta property=\"article:modified_time\" content=\"2024-11-19T14:26:23+00:00\" \/>\n<meta property=\"og:image\" content=\"https:\/\/la-perla.net\/wp-content\/uploads\/2016\/12\/02_Entrenamiento-Personal_2.jpg\" \/>\n\t<meta property=\"og:image:width\" content=\"600\" \/>\n\t<meta property=\"og:image:height\" content=\"424\" \/>\n\t<meta property=\"og:image:type\" content=\"image\/jpeg\" \/>\n<meta name=\"twitter:card\" content=\"summary_large_image\" \/>\n<meta name=\"twitter:site\" content=\"@LaPerlaDonosti\" \/>\n<meta name=\"twitter:label1\" content=\"Dur\u00e9e de lecture estim\u00e9e\" \/>\n\t<meta name=\"twitter:data1\" content=\"1 minute\" \/>\n<script type=\"application\/ld+json\" class=\"yoast-schema-graph\">{\"@context\":\"https:\/\/schema.org\",\"@graph\":[{\"@type\":\"WebPage\",\"@id\":\"https:\/\/la-perla.net\/produit\/sesion-entrenador-personal\/\",\"url\":\"https:\/\/la-perla.net\/produit\/sesion-entrenador-personal\/\",\"name\":\"Entra\u00eeneur personnel \u00e0 Donostia - Saint-S\u00e9bastien- Thalassoth\u00e9rapie La Perla\",\"isPartOf\":{\"@id\":\"https:\/\/la-perla.net\/#website\"},\"primaryImageOfPage\":{\"@id\":\"https:\/\/la-perla.net\/produit\/sesion-entrenador-personal\/#primaryimage\"},\"image\":{\"@id\":\"https:\/\/la-perla.net\/produit\/sesion-entrenador-personal\/#primaryimage\"},\"thumbnailUrl\":\"https:\/\/la-perla.net\/wp-content\/uploads\/2016\/12\/02_Entrenamiento-Personal_2.jpg\",\"datePublished\":\"2016-12-05T16:28:49+00:00\",\"dateModified\":\"2024-11-19T14:26:23+00:00\",\"description\":\"Vous avez des s\u00e9ances d'une heure avec un entra\u00eeneur personnel \u00e0 Donostia qui vous aidera \u00e0 atteindre vos objectifs.\",\"breadcrumb\":{\"@id\":\"https:\/\/la-perla.net\/produit\/sesion-entrenador-personal\/#breadcrumb\"},\"inLanguage\":\"fr-FR\",\"potentialAction\":[{\"@type\":\"ReadAction\",\"target\":[\"https:\/\/la-perla.net\/produit\/sesion-entrenador-personal\/\"]}]},{\"@type\":\"ImageObject\",\"inLanguage\":\"fr-FR\",\"@id\":\"https:\/\/la-perla.net\/produit\/sesion-entrenador-personal\/#primaryimage\",\"url\":\"https:\/\/la-perla.net\/wp-content\/uploads\/2016\/12\/02_Entrenamiento-Personal_2.jpg\",\"contentUrl\":\"https:\/\/la-perla.net\/wp-content\/uploads\/2016\/12\/02_Entrenamiento-Personal_2.jpg\",\"width\":600,\"height\":424},{\"@type\":\"BreadcrumbList\",\"@id\":\"https:\/\/la-perla.net\/produit\/sesion-entrenador-personal\/#breadcrumb\",\"itemListElement\":[{\"@type\":\"ListItem\",\"position\":1,\"name\":\"Portada\",\"item\":\"https:\/\/la-perla.net\/fr\/\"},{\"@type\":\"ListItem\",\"position\":2,\"name\":\"Boutique\",\"item\":\"https:\/\/la-perla.net\/fr\/boutique\/\"},{\"@type\":\"ListItem\",\"position\":3,\"name\":\"Entra\u00eenement personnel\"}]},{\"@type\":\"WebSite\",\"@id\":\"https:\/\/la-perla.net\/#website\",\"url\":\"https:\/\/la-perla.net\/\",\"name\":\"Talasoterapia La Perla \u2022 San Sebasti\u00e1n - Donostia\",\"description\":\"Talasoterapia en Guipuzcoa - Centro de salud, belleza y deporte\",\"publisher\":{\"@id\":\"https:\/\/la-perla.net\/#organization\"},\"potentialAction\":[{\"@type\":\"SearchAction\",\"target\":{\"@type\":\"EntryPoint\",\"urlTemplate\":\"https:\/\/la-perla.net\/?s={search_term_string}\"},\"query-input\":{\"@type\":\"PropertyValueSpecification\",\"valueRequired\":true,\"valueName\":\"search_term_string\"}}],\"inLanguage\":\"fr-FR\"},{\"@type\":\"Organization\",\"@id\":\"https:\/\/la-perla.net\/#organization\",\"name\":\"La Perla\",\"url\":\"https:\/\/la-perla.net\/\",\"logo\":{\"@type\":\"ImageObject\",\"inLanguage\":\"fr-FR\",\"@id\":\"https:\/\/la-perla.net\/#\/schema\/logo\/image\/\",\"url\":\"https:\/\/la-perla.net\/wp-content\/uploads\/2020\/09\/talasoterapia-la-perla.png\",\"contentUrl\":\"https:\/\/la-perla.net\/wp-content\/uploads\/2020\/09\/talasoterapia-la-perla.png\",\"width\":191,\"height\":51,\"caption\":\"La Perla\"},\"image\":{\"@id\":\"https:\/\/la-perla.net\/#\/schema\/logo\/image\/\"},\"sameAs\":[\"https:\/\/www.facebook.com\/laperladonosti\/\",\"https:\/\/x.com\/LaPerlaDonosti\",\"https:\/\/www.instagram.com\/laperladonosti\/?hl=es\",\"https:\/\/www.youtube.com\/channel\/UChQhp12N7Lg6ZrOcmAJAy4g\"]}]}<\/script>\n<!-- \/ Yoast SEO plugin. -->","yoast_head_json":{"title":"Entra\u00eeneur personnel \u00e0 Donostia - Saint-S\u00e9bastien- Thalassoth\u00e9rapie La Perla","description":"Vous avez des s\u00e9ances d'une heure avec un entra\u00eeneur personnel \u00e0 Donostia qui vous aidera \u00e0 atteindre vos objectifs.","robots":{"index":"index","follow":"follow","max-snippet":"max-snippet:-1","max-image-preview":"max-image-preview:large","max-video-preview":"max-video-preview:-1"},"canonical":"https:\/\/la-perla.net\/produit\/sesion-entrenador-personal\/","og_locale":"fr_FR","og_type":"article","og_title":"Entra\u00eeneur personnel \u00e0 Donostia - Saint-S\u00e9bastien- Thalassoth\u00e9rapie La Perla","og_description":"Vous avez des s\u00e9ances d'une heure avec un entra\u00eeneur personnel \u00e0 Donostia qui vous aidera \u00e0 atteindre vos objectifs.","og_url":"https:\/\/la-perla.net\/produit\/sesion-entrenador-personal\/","og_site_name":"Talasoterapia La Perla \u2022 San Sebasti\u00e1n - Donostia","article_publisher":"https:\/\/www.facebook.com\/laperladonosti\/","article_modified_time":"2024-11-19T14:26:23+00:00","og_image":[{"width":600,"height":424,"url":"https:\/\/la-perla.net\/wp-content\/uploads\/2016\/12\/02_Entrenamiento-Personal_2.jpg","type":"image\/jpeg"}],"twitter_card":"summary_large_image","twitter_site":"@LaPerlaDonosti","twitter_misc":{"Dur\u00e9e de lecture estim\u00e9e":"1 minute"},"schema":{"@context":"https:\/\/schema.org","@graph":[{"@type":"WebPage","@id":"https:\/\/la-perla.net\/produit\/sesion-entrenador-personal\/","url":"https:\/\/la-perla.net\/produit\/sesion-entrenador-personal\/","name":"Entra\u00eeneur personnel \u00e0 Donostia - Saint-S\u00e9bastien- Thalassoth\u00e9rapie La Perla","isPartOf":{"@id":"https:\/\/la-perla.net\/#website"},"primaryImageOfPage":{"@id":"https:\/\/la-perla.net\/produit\/sesion-entrenador-personal\/#primaryimage"},"image":{"@id":"https:\/\/la-perla.net\/produit\/sesion-entrenador-personal\/#primaryimage"},"thumbnailUrl":"https:\/\/la-perla.net\/wp-content\/uploads\/2016\/12\/02_Entrenamiento-Personal_2.jpg","datePublished":"2016-12-05T16:28:49+00:00","dateModified":"2024-11-19T14:26:23+00:00","description":"Vous avez des s\u00e9ances d'une heure avec un entra\u00eeneur personnel \u00e0 Donostia qui vous aidera \u00e0 atteindre vos objectifs.","breadcrumb":{"@id":"https:\/\/la-perla.net\/produit\/sesion-entrenador-personal\/#breadcrumb"},"inLanguage":"fr-FR","potentialAction":[{"@type":"ReadAction","target":["https:\/\/la-perla.net\/produit\/sesion-entrenador-personal\/"]}]},{"@type":"ImageObject","inLanguage":"fr-FR","@id":"https:\/\/la-perla.net\/produit\/sesion-entrenador-personal\/#primaryimage","url":"https:\/\/la-perla.net\/wp-content\/uploads\/2016\/12\/02_Entrenamiento-Personal_2.jpg","contentUrl":"https:\/\/la-perla.net\/wp-content\/uploads\/2016\/12\/02_Entrenamiento-Personal_2.jpg","width":600,"height":424},{"@type":"BreadcrumbList","@id":"https:\/\/la-perla.net\/produit\/sesion-entrenador-personal\/#breadcrumb","itemListElement":[{"@type":"ListItem","position":1,"name":"Portada","item":"https:\/\/la-perla.net\/fr\/"},{"@type":"ListItem","position":2,"name":"Boutique","item":"https:\/\/la-perla.net\/fr\/boutique\/"},{"@type":"ListItem","position":3,"name":"Entra\u00eenement personnel"}]},{"@type":"WebSite","@id":"https:\/\/la-perla.net\/#website","url":"https:\/\/la-perla.net\/","name":"Talasoterapia La Perla \u2022 San Sebasti\u00e1n - Donostia","description":"Talasoterapia en Guipuzcoa - Centro de salud, belleza y deporte","publisher":{"@id":"https:\/\/la-perla.net\/#organization"},"potentialAction":[{"@type":"SearchAction","target":{"@type":"EntryPoint","urlTemplate":"https:\/\/la-perla.net\/?s={search_term_string}"},"query-input":{"@type":"PropertyValueSpecification","valueRequired":true,"valueName":"search_term_string"}}],"inLanguage":"fr-FR"},{"@type":"Organization","@id":"https:\/\/la-perla.net\/#organization","name":"La Perla","url":"https:\/\/la-perla.net\/","logo":{"@type":"ImageObject","inLanguage":"fr-FR","@id":"https:\/\/la-perla.net\/#\/schema\/logo\/image\/","url":"https:\/\/la-perla.net\/wp-content\/uploads\/2020\/09\/talasoterapia-la-perla.png","contentUrl":"https:\/\/la-perla.net\/wp-content\/uploads\/2020\/09\/talasoterapia-la-perla.png","width":191,"height":51,"caption":"La Perla"},"image":{"@id":"https:\/\/la-perla.net\/#\/schema\/logo\/image\/"},"sameAs":["https:\/\/www.facebook.com\/laperladonosti\/","https:\/\/x.com\/LaPerlaDonosti","https:\/\/www.instagram.com\/laperladonosti\/?hl=es","https:\/\/www.youtube.com\/channel\/UChQhp12N7Lg6ZrOcmAJAy4g"]}]}},"_links":{"self":[{"href":"https:\/\/la-perla.net\/fr\/wp-json\/wp\/v2\/product\/55405"}],"collection":[{"href":"https:\/\/la-perla.net\/fr\/wp-json\/wp\/v2\/product"}],"about":[{"href":"https:\/\/la-perla.net\/fr\/wp-json\/wp\/v2\/types\/product"}],"wp:featuredmedia":[{"embeddable":true,"href":"https:\/\/la-perla.net\/fr\/wp-json\/wp\/v2\/media\/86886"}],"wp:attachment":[{"href":"https:\/\/la-perla.net\/fr\/wp-json\/wp\/v2\/media?parent=55405"}],"wp:term":[{"taxonomy":"product_brand","embeddable":true,"href":"https:\/\/la-perla.net\/fr\/wp-json\/wp\/v2\/product_brand?post=55405"},{"taxonomy":"product_cat","embeddable":true,"href":"https:\/\/la-perla.net\/fr\/wp-json\/wp\/v2\/product_cat?post=55405"},{"taxonomy":"product_tag","embeddable":true,"href":"https:\/\/la-perla.net\/fr\/wp-json\/wp\/v2\/product_tag?post=55405"}],"curies":[{"name":"wp","href":"https:\/\/api.w.org\/{rel}","templated":true}]}}