{"id":55440,"date":"2016-01-28T12:16:32","date_gmt":"2016-01-28T11:16:32","guid":{"rendered":"https:\/\/laperla21.wpengine.com\/la-perla-salud-estetica\/drainage-lymphatique-la-perla\/"},"modified":"2024-06-06T13:58:43","modified_gmt":"2024-06-06T11:58:43","slug":"drainage-lymphatique-la-perla","status":"publish","type":"product","link":"https:\/\/la-perla.net\/fr\/produit\/drainage-lymphatique-la-perla\/","title":{"rendered":"Drainage lymphatique \u00ab\u00a0La Perla\u00a0\u00bb"},"content":{"rendered":"<p>Massage qui augmente le pouvoir relaxant du bain \u00e0 l\u2019eau de mer avec les effets du drainage lymphatique manuel, afin de vous offrir un r\u00e9sultat plus efficace.<\/p>\n<p>Indiqu\u00e9 pour traiter des \u0153d\u00e8mes, inflammations, cellulite et s\u00e9quelles d\u2019interventions chirurgicales.<\/p>\n<p>Dur\u00e9e : 55 minutes.<\/p>\n","protected":false},"excerpt":{"rendered":"<p>Bain drainant avec de l\u2019eau de mer + Drainage lymphatique 40 min.<\/p>\n<p>&nbsp;<\/p>\n","protected":false},"featured_media":61289,"template":"","meta":{"_genesis_hide_title":false,"_genesis_hide_breadcrumbs":false,"_genesis_hide_singular_image":false,"_genesis_hide_footer_widgets":false,"_genesis_custom_body_class":"","_genesis_custom_post_class":"","_genesis_layout":""},"product_brand":[],"product_cat":[926],"product_tag":[],"class_list":{"0":"post-55440","1":"product","2":"type-product","3":"status-publish","4":"has-post-thumbnail","6":"product_cat-massages-sante","7":"product_shipping_class-bonos-y-vales-fr","8":"entry","10":"first","11":"instock","12":"shipping-taxable","13":"purchasable","14":"product-type-simple"},"yoast_head":"<!-- This site is optimized with the Yoast SEO plugin v25.6 - https:\/\/yoast.com\/wordpress\/plugins\/seo\/ -->\n<title>Drainage lymphatique &quot;La Perla&quot; \u2022 Thalassoth\u00e9rapie La Perla<\/title>\n<meta name=\"description\" content=\"Massage qui renforce le pouvoir relaxant du bain d&#039;eau de mer avec les effets du drainage lymphatique manuel, obtenant ainsi des r\u00e9sultats plus efficaces.\" \/>\n<meta name=\"robots\" content=\"index, follow, max-snippet:-1, max-image-preview:large, max-video-preview:-1\" \/>\n<link rel=\"canonical\" href=\"https:\/\/la-perla.net\/fr\/produit\/drainage-lymphatique-la-perla\/\" \/>\n<meta property=\"og:locale\" content=\"fr_FR\" \/>\n<meta property=\"og:type\" content=\"article\" \/>\n<meta property=\"og:title\" content=\"Drainage lymphatique &quot;La Perla&quot; \u2022 Thalassoth\u00e9rapie La Perla\" \/>\n<meta property=\"og:description\" content=\"Massage qui renforce le pouvoir relaxant du bain d&#039;eau de mer avec les effets du drainage lymphatique manuel, obtenant ainsi des r\u00e9sultats plus efficaces.\" \/>\n<meta property=\"og:url\" content=\"https:\/\/la-perla.net\/fr\/produit\/drainage-lymphatique-la-perla\/\" \/>\n<meta property=\"og:site_name\" content=\"Talasoterapia La Perla \u2022 San Sebasti\u00e1n - Donostia\" \/>\n<meta property=\"article:publisher\" content=\"https:\/\/www.facebook.com\/laperladonosti\/\" \/>\n<meta property=\"article:modified_time\" content=\"2024-06-06T11:58:43+00:00\" \/>\n<meta property=\"og:image\" content=\"https:\/\/la-perla.net\/wp-content\/uploads\/2016\/01\/drenaje-La-Perla.jpg\" \/>\n\t<meta property=\"og:image:width\" content=\"842\" \/>\n\t<meta property=\"og:image:height\" content=\"595\" \/>\n\t<meta property=\"og:image:type\" content=\"image\/jpeg\" \/>\n<meta name=\"twitter:card\" content=\"summary_large_image\" \/>\n<meta name=\"twitter:site\" content=\"@LaPerlaDonosti\" \/>\n<script type=\"application\/ld+json\" class=\"yoast-schema-graph\">{\"@context\":\"https:\/\/schema.org\",\"@graph\":[{\"@type\":\"WebPage\",\"@id\":\"https:\/\/la-perla.net\/fr\/produit\/drainage-lymphatique-la-perla\/\",\"url\":\"https:\/\/la-perla.net\/fr\/produit\/drainage-lymphatique-la-perla\/\",\"name\":\"Drainage lymphatique \\\"La Perla\\\" \u2022 Thalassoth\u00e9rapie La Perla\",\"isPartOf\":{\"@id\":\"https:\/\/la-perla.net\/#website\"},\"primaryImageOfPage\":{\"@id\":\"https:\/\/la-perla.net\/fr\/produit\/drainage-lymphatique-la-perla\/#primaryimage\"},\"image\":{\"@id\":\"https:\/\/la-perla.net\/fr\/produit\/drainage-lymphatique-la-perla\/#primaryimage\"},\"thumbnailUrl\":\"https:\/\/la-perla.net\/wp-content\/uploads\/2016\/01\/drenaje-La-Perla.jpg\",\"datePublished\":\"2016-01-28T11:16:32+00:00\",\"dateModified\":\"2024-06-06T11:58:43+00:00\",\"description\":\"Massage qui renforce le pouvoir relaxant du bain d'eau de mer avec les effets du drainage lymphatique manuel, obtenant ainsi des r\u00e9sultats plus efficaces.\",\"breadcrumb\":{\"@id\":\"https:\/\/la-perla.net\/fr\/produit\/drainage-lymphatique-la-perla\/#breadcrumb\"},\"inLanguage\":\"fr-FR\",\"potentialAction\":[{\"@type\":\"ReadAction\",\"target\":[\"https:\/\/la-perla.net\/fr\/produit\/drainage-lymphatique-la-perla\/\"]}]},{\"@type\":\"ImageObject\",\"inLanguage\":\"fr-FR\",\"@id\":\"https:\/\/la-perla.net\/fr\/produit\/drainage-lymphatique-la-perla\/#primaryimage\",\"url\":\"https:\/\/la-perla.net\/wp-content\/uploads\/2016\/01\/drenaje-La-Perla.jpg\",\"contentUrl\":\"https:\/\/la-perla.net\/wp-content\/uploads\/2016\/01\/drenaje-La-Perla.jpg\",\"width\":842,\"height\":595,\"caption\":\"Drainage lymphatique\"},{\"@type\":\"BreadcrumbList\",\"@id\":\"https:\/\/la-perla.net\/fr\/produit\/drainage-lymphatique-la-perla\/#breadcrumb\",\"itemListElement\":[{\"@type\":\"ListItem\",\"position\":1,\"name\":\"Portada\",\"item\":\"https:\/\/la-perla.net\/fr\/\"},{\"@type\":\"ListItem\",\"position\":2,\"name\":\"Boutique\",\"item\":\"https:\/\/la-perla.net\/fr\/boutique\/\"},{\"@type\":\"ListItem\",\"position\":3,\"name\":\"Drainage lymphatique &#8220;La Perla&#8221;\"}]},{\"@type\":\"WebSite\",\"@id\":\"https:\/\/la-perla.net\/#website\",\"url\":\"https:\/\/la-perla.net\/\",\"name\":\"Talasoterapia La Perla \u2022 San Sebasti\u00e1n - Donostia\",\"description\":\"Talasoterapia en Guipuzcoa - Centro de salud, belleza y deporte\",\"publisher\":{\"@id\":\"https:\/\/la-perla.net\/#organization\"},\"potentialAction\":[{\"@type\":\"SearchAction\",\"target\":{\"@type\":\"EntryPoint\",\"urlTemplate\":\"https:\/\/la-perla.net\/?s={search_term_string}\"},\"query-input\":{\"@type\":\"PropertyValueSpecification\",\"valueRequired\":true,\"valueName\":\"search_term_string\"}}],\"inLanguage\":\"fr-FR\"},{\"@type\":\"Organization\",\"@id\":\"https:\/\/la-perla.net\/#organization\",\"name\":\"La Perla\",\"url\":\"https:\/\/la-perla.net\/\",\"logo\":{\"@type\":\"ImageObject\",\"inLanguage\":\"fr-FR\",\"@id\":\"https:\/\/la-perla.net\/#\/schema\/logo\/image\/\",\"url\":\"https:\/\/la-perla.net\/wp-content\/uploads\/2020\/09\/talasoterapia-la-perla.png\",\"contentUrl\":\"https:\/\/la-perla.net\/wp-content\/uploads\/2020\/09\/talasoterapia-la-perla.png\",\"width\":191,\"height\":51,\"caption\":\"La Perla\"},\"image\":{\"@id\":\"https:\/\/la-perla.net\/#\/schema\/logo\/image\/\"},\"sameAs\":[\"https:\/\/www.facebook.com\/laperladonosti\/\",\"https:\/\/x.com\/LaPerlaDonosti\",\"https:\/\/www.instagram.com\/laperladonosti\/?hl=es\",\"https:\/\/www.youtube.com\/channel\/UChQhp12N7Lg6ZrOcmAJAy4g\"]}]}<\/script>\n<!-- \/ Yoast SEO plugin. -->","yoast_head_json":{"title":"Drainage lymphatique \"La Perla\" \u2022 Thalassoth\u00e9rapie La Perla","description":"Massage qui renforce le pouvoir relaxant du bain d'eau de mer avec les effets du drainage lymphatique manuel, obtenant ainsi des r\u00e9sultats plus efficaces.","robots":{"index":"index","follow":"follow","max-snippet":"max-snippet:-1","max-image-preview":"max-image-preview:large","max-video-preview":"max-video-preview:-1"},"canonical":"https:\/\/la-perla.net\/fr\/produit\/drainage-lymphatique-la-perla\/","og_locale":"fr_FR","og_type":"article","og_title":"Drainage lymphatique \"La Perla\" \u2022 Thalassoth\u00e9rapie La Perla","og_description":"Massage qui renforce le pouvoir relaxant du bain d'eau de mer avec les effets du drainage lymphatique manuel, obtenant ainsi des r\u00e9sultats plus efficaces.","og_url":"https:\/\/la-perla.net\/fr\/produit\/drainage-lymphatique-la-perla\/","og_site_name":"Talasoterapia La Perla \u2022 San Sebasti\u00e1n - Donostia","article_publisher":"https:\/\/www.facebook.com\/laperladonosti\/","article_modified_time":"2024-06-06T11:58:43+00:00","og_image":[{"width":842,"height":595,"url":"https:\/\/la-perla.net\/wp-content\/uploads\/2016\/01\/drenaje-La-Perla.jpg","type":"image\/jpeg"}],"twitter_card":"summary_large_image","twitter_site":"@LaPerlaDonosti","schema":{"@context":"https:\/\/schema.org","@graph":[{"@type":"WebPage","@id":"https:\/\/la-perla.net\/fr\/produit\/drainage-lymphatique-la-perla\/","url":"https:\/\/la-perla.net\/fr\/produit\/drainage-lymphatique-la-perla\/","name":"Drainage lymphatique \"La Perla\" \u2022 Thalassoth\u00e9rapie La Perla","isPartOf":{"@id":"https:\/\/la-perla.net\/#website"},"primaryImageOfPage":{"@id":"https:\/\/la-perla.net\/fr\/produit\/drainage-lymphatique-la-perla\/#primaryimage"},"image":{"@id":"https:\/\/la-perla.net\/fr\/produit\/drainage-lymphatique-la-perla\/#primaryimage"},"thumbnailUrl":"https:\/\/la-perla.net\/wp-content\/uploads\/2016\/01\/drenaje-La-Perla.jpg","datePublished":"2016-01-28T11:16:32+00:00","dateModified":"2024-06-06T11:58:43+00:00","description":"Massage qui renforce le pouvoir relaxant du bain d'eau de mer avec les effets du drainage lymphatique manuel, obtenant ainsi des r\u00e9sultats plus efficaces.","breadcrumb":{"@id":"https:\/\/la-perla.net\/fr\/produit\/drainage-lymphatique-la-perla\/#breadcrumb"},"inLanguage":"fr-FR","potentialAction":[{"@type":"ReadAction","target":["https:\/\/la-perla.net\/fr\/produit\/drainage-lymphatique-la-perla\/"]}]},{"@type":"ImageObject","inLanguage":"fr-FR","@id":"https:\/\/la-perla.net\/fr\/produit\/drainage-lymphatique-la-perla\/#primaryimage","url":"https:\/\/la-perla.net\/wp-content\/uploads\/2016\/01\/drenaje-La-Perla.jpg","contentUrl":"https:\/\/la-perla.net\/wp-content\/uploads\/2016\/01\/drenaje-La-Perla.jpg","width":842,"height":595,"caption":"Drainage lymphatique"},{"@type":"BreadcrumbList","@id":"https:\/\/la-perla.net\/fr\/produit\/drainage-lymphatique-la-perla\/#breadcrumb","itemListElement":[{"@type":"ListItem","position":1,"name":"Portada","item":"https:\/\/la-perla.net\/fr\/"},{"@type":"ListItem","position":2,"name":"Boutique","item":"https:\/\/la-perla.net\/fr\/boutique\/"},{"@type":"ListItem","position":3,"name":"Drainage lymphatique &#8220;La Perla&#8221;"}]},{"@type":"WebSite","@id":"https:\/\/la-perla.net\/#website","url":"https:\/\/la-perla.net\/","name":"Talasoterapia La Perla \u2022 San Sebasti\u00e1n - Donostia","description":"Talasoterapia en Guipuzcoa - Centro de salud, belleza y deporte","publisher":{"@id":"https:\/\/la-perla.net\/#organization"},"potentialAction":[{"@type":"SearchAction","target":{"@type":"EntryPoint","urlTemplate":"https:\/\/la-perla.net\/?s={search_term_string}"},"query-input":{"@type":"PropertyValueSpecification","valueRequired":true,"valueName":"search_term_string"}}],"inLanguage":"fr-FR"},{"@type":"Organization","@id":"https:\/\/la-perla.net\/#organization","name":"La Perla","url":"https:\/\/la-perla.net\/","logo":{"@type":"ImageObject","inLanguage":"fr-FR","@id":"https:\/\/la-perla.net\/#\/schema\/logo\/image\/","url":"https:\/\/la-perla.net\/wp-content\/uploads\/2020\/09\/talasoterapia-la-perla.png","contentUrl":"https:\/\/la-perla.net\/wp-content\/uploads\/2020\/09\/talasoterapia-la-perla.png","width":191,"height":51,"caption":"La Perla"},"image":{"@id":"https:\/\/la-perla.net\/#\/schema\/logo\/image\/"},"sameAs":["https:\/\/www.facebook.com\/laperladonosti\/","https:\/\/x.com\/LaPerlaDonosti","https:\/\/www.instagram.com\/laperladonosti\/?hl=es","https:\/\/www.youtube.com\/channel\/UChQhp12N7Lg6ZrOcmAJAy4g"]}]}},"_links":{"self":[{"href":"https:\/\/la-perla.net\/fr\/wp-json\/wp\/v2\/product\/55440"}],"collection":[{"href":"https:\/\/la-perla.net\/fr\/wp-json\/wp\/v2\/product"}],"about":[{"href":"https:\/\/la-perla.net\/fr\/wp-json\/wp\/v2\/types\/product"}],"wp:featuredmedia":[{"embeddable":true,"href":"https:\/\/la-perla.net\/fr\/wp-json\/wp\/v2\/media\/61289"}],"wp:attachment":[{"href":"https:\/\/la-perla.net\/fr\/wp-json\/wp\/v2\/media?parent=55440"}],"wp:term":[{"taxonomy":"product_brand","embeddable":true,"href":"https:\/\/la-perla.net\/fr\/wp-json\/wp\/v2\/product_brand?post=55440"},{"taxonomy":"product_cat","embeddable":true,"href":"https:\/\/la-perla.net\/fr\/wp-json\/wp\/v2\/product_cat?post=55440"},{"taxonomy":"product_tag","embeddable":true,"href":"https:\/\/la-perla.net\/fr\/wp-json\/wp\/v2\/product_tag?post=55440"}],"curies":[{"name":"wp","href":"https:\/\/api.w.org\/{rel}","templated":true}]}}