{"id":55443,"date":"2016-01-28T12:14:22","date_gmt":"2016-01-28T11:14:22","guid":{"rendered":"https:\/\/laperla21.wpengine.com\/la-perla-salud-estetica\/chiromassage-la-perla\/"},"modified":"2024-06-06T13:58:45","modified_gmt":"2024-06-06T11:58:45","slug":"massage-therapeutique-la-perla","status":"publish","type":"product","link":"https:\/\/la-perla.net\/fr\/produit\/massage-therapeutique-la-perla\/","title":{"rendered":"Massage th\u00e9rapeutique La Perla"},"content":{"rendered":"<p>Massage profond qui aide \u00e0 traiter et soulager des probl\u00e8mes comme le mal de dos, les l\u00e9sions musculaires, tendineuses et lombaires ou la sciatique. Ce massage est compl\u00e9t\u00e9 par un jet th\u00e9rapeutique avec de l\u2019eau de mer pour rel\u00e2cher les muscles.<\/p>\n<p>Dur\u00e9e : 55 minutes.<\/p>\n","protected":false},"excerpt":{"rendered":"<p>Jet Th\u00e9rapeutique + Massage Th\u00e9rapeutique 40 min.<\/p>\n","protected":false},"featured_media":87014,"template":"","meta":{"_genesis_hide_title":false,"_genesis_hide_breadcrumbs":false,"_genesis_hide_singular_image":false,"_genesis_hide_footer_widgets":false,"_genesis_custom_body_class":"","_genesis_custom_post_class":"","_genesis_layout":""},"product_brand":[],"product_cat":[926],"product_tag":[],"class_list":{"0":"post-55443","1":"product","2":"type-product","3":"status-publish","4":"has-post-thumbnail","6":"product_cat-massages-sante","7":"product_shipping_class-bonos-y-vales-fr","8":"entry","10":"first","11":"instock","12":"shipping-taxable","13":"purchasable","14":"product-type-simple"},"yoast_head":"<!-- This site is optimized with the Yoast SEO plugin v25.6 - https:\/\/yoast.com\/wordpress\/plugins\/seo\/ -->\n<title>Massage Th\u00e9rapeutique La Perla \u2022 Thalassoth\u00e9rapie La Perla<\/title>\n<meta name=\"description\" content=\"Massage profond pour traiter et soulager des probl\u00e8mes tels que les maux de dos, les blessures musculaires et tendineuses, les douleurs lombaires ou la sciatique.\" \/>\n<meta name=\"robots\" content=\"index, follow, max-snippet:-1, max-image-preview:large, max-video-preview:-1\" \/>\n<link rel=\"canonical\" href=\"https:\/\/la-perla.net\/fr\/produit\/massage-therapeutique-la-perla\/\" \/>\n<meta property=\"og:locale\" content=\"fr_FR\" \/>\n<meta property=\"og:type\" content=\"article\" \/>\n<meta property=\"og:title\" content=\"Massage Th\u00e9rapeutique La Perla \u2022 Thalassoth\u00e9rapie La Perla\" \/>\n<meta property=\"og:description\" content=\"Massage profond pour traiter et soulager des probl\u00e8mes tels que les maux de dos, les blessures musculaires et tendineuses, les douleurs lombaires ou la sciatique.\" \/>\n<meta property=\"og:url\" content=\"https:\/\/la-perla.net\/fr\/produit\/massage-therapeutique-la-perla\/\" \/>\n<meta property=\"og:site_name\" content=\"Talasoterapia La Perla \u2022 San Sebasti\u00e1n - Donostia\" \/>\n<meta property=\"article:publisher\" content=\"https:\/\/www.facebook.com\/laperladonosti\/\" \/>\n<meta property=\"article:modified_time\" content=\"2024-06-06T11:58:45+00:00\" \/>\n<meta property=\"og:image\" content=\"https:\/\/la-perla.net\/wp-content\/uploads\/2016\/01\/02_Terapeutico-La-Perla.jpg\" \/>\n\t<meta property=\"og:image:width\" content=\"600\" \/>\n\t<meta property=\"og:image:height\" content=\"424\" \/>\n\t<meta property=\"og:image:type\" content=\"image\/jpeg\" \/>\n<meta name=\"twitter:card\" content=\"summary_large_image\" \/>\n<meta name=\"twitter:site\" content=\"@LaPerlaDonosti\" \/>\n<script type=\"application\/ld+json\" class=\"yoast-schema-graph\">{\"@context\":\"https:\/\/schema.org\",\"@graph\":[{\"@type\":\"WebPage\",\"@id\":\"https:\/\/la-perla.net\/fr\/produit\/massage-therapeutique-la-perla\/\",\"url\":\"https:\/\/la-perla.net\/fr\/produit\/massage-therapeutique-la-perla\/\",\"name\":\"Massage Th\u00e9rapeutique La Perla \u2022 Thalassoth\u00e9rapie La Perla\",\"isPartOf\":{\"@id\":\"https:\/\/la-perla.net\/#website\"},\"primaryImageOfPage\":{\"@id\":\"https:\/\/la-perla.net\/fr\/produit\/massage-therapeutique-la-perla\/#primaryimage\"},\"image\":{\"@id\":\"https:\/\/la-perla.net\/fr\/produit\/massage-therapeutique-la-perla\/#primaryimage\"},\"thumbnailUrl\":\"https:\/\/la-perla.net\/wp-content\/uploads\/2016\/01\/02_Terapeutico-La-Perla.jpg\",\"datePublished\":\"2016-01-28T11:14:22+00:00\",\"dateModified\":\"2024-06-06T11:58:45+00:00\",\"description\":\"Massage profond pour traiter et soulager des probl\u00e8mes tels que les maux de dos, les blessures musculaires et tendineuses, les douleurs lombaires ou la sciatique.\",\"breadcrumb\":{\"@id\":\"https:\/\/la-perla.net\/fr\/produit\/massage-therapeutique-la-perla\/#breadcrumb\"},\"inLanguage\":\"fr-FR\",\"potentialAction\":[{\"@type\":\"ReadAction\",\"target\":[\"https:\/\/la-perla.net\/fr\/produit\/massage-therapeutique-la-perla\/\"]}]},{\"@type\":\"ImageObject\",\"inLanguage\":\"fr-FR\",\"@id\":\"https:\/\/la-perla.net\/fr\/produit\/massage-therapeutique-la-perla\/#primaryimage\",\"url\":\"https:\/\/la-perla.net\/wp-content\/uploads\/2016\/01\/02_Terapeutico-La-Perla.jpg\",\"contentUrl\":\"https:\/\/la-perla.net\/wp-content\/uploads\/2016\/01\/02_Terapeutico-La-Perla.jpg\",\"width\":600,\"height\":424,\"caption\":\"Massage th\u00e9rapeutique\"},{\"@type\":\"BreadcrumbList\",\"@id\":\"https:\/\/la-perla.net\/fr\/produit\/massage-therapeutique-la-perla\/#breadcrumb\",\"itemListElement\":[{\"@type\":\"ListItem\",\"position\":1,\"name\":\"Portada\",\"item\":\"https:\/\/la-perla.net\/fr\/\"},{\"@type\":\"ListItem\",\"position\":2,\"name\":\"Boutique\",\"item\":\"https:\/\/la-perla.net\/fr\/boutique\/\"},{\"@type\":\"ListItem\",\"position\":3,\"name\":\"Massage th\u00e9rapeutique La Perla\"}]},{\"@type\":\"WebSite\",\"@id\":\"https:\/\/la-perla.net\/#website\",\"url\":\"https:\/\/la-perla.net\/\",\"name\":\"Talasoterapia La Perla \u2022 San Sebasti\u00e1n - Donostia\",\"description\":\"Talasoterapia en Guipuzcoa - Centro de salud, belleza y deporte\",\"publisher\":{\"@id\":\"https:\/\/la-perla.net\/#organization\"},\"potentialAction\":[{\"@type\":\"SearchAction\",\"target\":{\"@type\":\"EntryPoint\",\"urlTemplate\":\"https:\/\/la-perla.net\/?s={search_term_string}\"},\"query-input\":{\"@type\":\"PropertyValueSpecification\",\"valueRequired\":true,\"valueName\":\"search_term_string\"}}],\"inLanguage\":\"fr-FR\"},{\"@type\":\"Organization\",\"@id\":\"https:\/\/la-perla.net\/#organization\",\"name\":\"La Perla\",\"url\":\"https:\/\/la-perla.net\/\",\"logo\":{\"@type\":\"ImageObject\",\"inLanguage\":\"fr-FR\",\"@id\":\"https:\/\/la-perla.net\/#\/schema\/logo\/image\/\",\"url\":\"https:\/\/la-perla.net\/wp-content\/uploads\/2020\/09\/talasoterapia-la-perla.png\",\"contentUrl\":\"https:\/\/la-perla.net\/wp-content\/uploads\/2020\/09\/talasoterapia-la-perla.png\",\"width\":191,\"height\":51,\"caption\":\"La Perla\"},\"image\":{\"@id\":\"https:\/\/la-perla.net\/#\/schema\/logo\/image\/\"},\"sameAs\":[\"https:\/\/www.facebook.com\/laperladonosti\/\",\"https:\/\/x.com\/LaPerlaDonosti\",\"https:\/\/www.instagram.com\/laperladonosti\/?hl=es\",\"https:\/\/www.youtube.com\/channel\/UChQhp12N7Lg6ZrOcmAJAy4g\"]}]}<\/script>\n<!-- \/ Yoast SEO plugin. -->","yoast_head_json":{"title":"Massage Th\u00e9rapeutique La Perla \u2022 Thalassoth\u00e9rapie La Perla","description":"Massage profond pour traiter et soulager des probl\u00e8mes tels que les maux de dos, les blessures musculaires et tendineuses, les douleurs lombaires ou la sciatique.","robots":{"index":"index","follow":"follow","max-snippet":"max-snippet:-1","max-image-preview":"max-image-preview:large","max-video-preview":"max-video-preview:-1"},"canonical":"https:\/\/la-perla.net\/fr\/produit\/massage-therapeutique-la-perla\/","og_locale":"fr_FR","og_type":"article","og_title":"Massage Th\u00e9rapeutique La Perla \u2022 Thalassoth\u00e9rapie La Perla","og_description":"Massage profond pour traiter et soulager des probl\u00e8mes tels que les maux de dos, les blessures musculaires et tendineuses, les douleurs lombaires ou la sciatique.","og_url":"https:\/\/la-perla.net\/fr\/produit\/massage-therapeutique-la-perla\/","og_site_name":"Talasoterapia La Perla \u2022 San Sebasti\u00e1n - Donostia","article_publisher":"https:\/\/www.facebook.com\/laperladonosti\/","article_modified_time":"2024-06-06T11:58:45+00:00","og_image":[{"width":600,"height":424,"url":"https:\/\/la-perla.net\/wp-content\/uploads\/2016\/01\/02_Terapeutico-La-Perla.jpg","type":"image\/jpeg"}],"twitter_card":"summary_large_image","twitter_site":"@LaPerlaDonosti","schema":{"@context":"https:\/\/schema.org","@graph":[{"@type":"WebPage","@id":"https:\/\/la-perla.net\/fr\/produit\/massage-therapeutique-la-perla\/","url":"https:\/\/la-perla.net\/fr\/produit\/massage-therapeutique-la-perla\/","name":"Massage Th\u00e9rapeutique La Perla \u2022 Thalassoth\u00e9rapie La Perla","isPartOf":{"@id":"https:\/\/la-perla.net\/#website"},"primaryImageOfPage":{"@id":"https:\/\/la-perla.net\/fr\/produit\/massage-therapeutique-la-perla\/#primaryimage"},"image":{"@id":"https:\/\/la-perla.net\/fr\/produit\/massage-therapeutique-la-perla\/#primaryimage"},"thumbnailUrl":"https:\/\/la-perla.net\/wp-content\/uploads\/2016\/01\/02_Terapeutico-La-Perla.jpg","datePublished":"2016-01-28T11:14:22+00:00","dateModified":"2024-06-06T11:58:45+00:00","description":"Massage profond pour traiter et soulager des probl\u00e8mes tels que les maux de dos, les blessures musculaires et tendineuses, les douleurs lombaires ou la sciatique.","breadcrumb":{"@id":"https:\/\/la-perla.net\/fr\/produit\/massage-therapeutique-la-perla\/#breadcrumb"},"inLanguage":"fr-FR","potentialAction":[{"@type":"ReadAction","target":["https:\/\/la-perla.net\/fr\/produit\/massage-therapeutique-la-perla\/"]}]},{"@type":"ImageObject","inLanguage":"fr-FR","@id":"https:\/\/la-perla.net\/fr\/produit\/massage-therapeutique-la-perla\/#primaryimage","url":"https:\/\/la-perla.net\/wp-content\/uploads\/2016\/01\/02_Terapeutico-La-Perla.jpg","contentUrl":"https:\/\/la-perla.net\/wp-content\/uploads\/2016\/01\/02_Terapeutico-La-Perla.jpg","width":600,"height":424,"caption":"Massage th\u00e9rapeutique"},{"@type":"BreadcrumbList","@id":"https:\/\/la-perla.net\/fr\/produit\/massage-therapeutique-la-perla\/#breadcrumb","itemListElement":[{"@type":"ListItem","position":1,"name":"Portada","item":"https:\/\/la-perla.net\/fr\/"},{"@type":"ListItem","position":2,"name":"Boutique","item":"https:\/\/la-perla.net\/fr\/boutique\/"},{"@type":"ListItem","position":3,"name":"Massage th\u00e9rapeutique La Perla"}]},{"@type":"WebSite","@id":"https:\/\/la-perla.net\/#website","url":"https:\/\/la-perla.net\/","name":"Talasoterapia La Perla \u2022 San Sebasti\u00e1n - Donostia","description":"Talasoterapia en Guipuzcoa - Centro de salud, belleza y deporte","publisher":{"@id":"https:\/\/la-perla.net\/#organization"},"potentialAction":[{"@type":"SearchAction","target":{"@type":"EntryPoint","urlTemplate":"https:\/\/la-perla.net\/?s={search_term_string}"},"query-input":{"@type":"PropertyValueSpecification","valueRequired":true,"valueName":"search_term_string"}}],"inLanguage":"fr-FR"},{"@type":"Organization","@id":"https:\/\/la-perla.net\/#organization","name":"La Perla","url":"https:\/\/la-perla.net\/","logo":{"@type":"ImageObject","inLanguage":"fr-FR","@id":"https:\/\/la-perla.net\/#\/schema\/logo\/image\/","url":"https:\/\/la-perla.net\/wp-content\/uploads\/2020\/09\/talasoterapia-la-perla.png","contentUrl":"https:\/\/la-perla.net\/wp-content\/uploads\/2020\/09\/talasoterapia-la-perla.png","width":191,"height":51,"caption":"La Perla"},"image":{"@id":"https:\/\/la-perla.net\/#\/schema\/logo\/image\/"},"sameAs":["https:\/\/www.facebook.com\/laperladonosti\/","https:\/\/x.com\/LaPerlaDonosti","https:\/\/www.instagram.com\/laperladonosti\/?hl=es","https:\/\/www.youtube.com\/channel\/UChQhp12N7Lg6ZrOcmAJAy4g"]}]}},"_links":{"self":[{"href":"https:\/\/la-perla.net\/fr\/wp-json\/wp\/v2\/product\/55443"}],"collection":[{"href":"https:\/\/la-perla.net\/fr\/wp-json\/wp\/v2\/product"}],"about":[{"href":"https:\/\/la-perla.net\/fr\/wp-json\/wp\/v2\/types\/product"}],"wp:featuredmedia":[{"embeddable":true,"href":"https:\/\/la-perla.net\/fr\/wp-json\/wp\/v2\/media\/87014"}],"wp:attachment":[{"href":"https:\/\/la-perla.net\/fr\/wp-json\/wp\/v2\/media?parent=55443"}],"wp:term":[{"taxonomy":"product_brand","embeddable":true,"href":"https:\/\/la-perla.net\/fr\/wp-json\/wp\/v2\/product_brand?post=55443"},{"taxonomy":"product_cat","embeddable":true,"href":"https:\/\/la-perla.net\/fr\/wp-json\/wp\/v2\/product_cat?post=55443"},{"taxonomy":"product_tag","embeddable":true,"href":"https:\/\/la-perla.net\/fr\/wp-json\/wp\/v2\/product_tag?post=55443"}],"curies":[{"name":"wp","href":"https:\/\/api.w.org\/{rel}","templated":true}]}}